{"id":1000,"date":"2017-02-08T08:11:50","date_gmt":"2017-02-08T08:11:50","guid":{"rendered":"http:\/\/43.242.212.212\/~atulco\/?page_id=1000"},"modified":"2020-04-23T17:10:07","modified_gmt":"2020-04-23T11:40:07","slug":"investorsstakeholders-information","status":"publish","type":"page","link":"https:\/\/www.atul.co.in\/portuguese\/investors\/stakeholders-information","title":{"rendered":"Informa\u00e7\u00e3o para Acionistas"},"content":{"rendered":"<div class=\"breadcrumb\"><a href=\"?page_id=845\">Investidores<\/a> <span>&rsaquo;<\/span> Informa\u00e7\u00e3o para Acionistas<\/div>\n<div class='content-column one_third'><a class=\"stake-icon1\" href=\"?page_id=1036\">&nbsp;<\/a><\/div><div class='content-column one_third'><a class=\"stake-icon2\" href=\"?page_id=1410\">&nbsp;<\/a><\/div><div class='content-column one_third last_column'><a class=\"stake-icon3\" href=\"?page_id=1411\">&nbsp;<\/a><\/div><div class='clear_column'><\/div><div class='content-column one_third'><a class=\"stake-icon4\" href=\"?page_id=1049\">&nbsp;<\/a><\/div><div class='content-column one_third'><a class=\"stake-icon5\" href=\"?page_id=1042\">&nbsp;<\/a><\/div><div class='content-column one_third last_column'><a class=\"stake-icon6\" href=\"?page_id=1412\">&nbsp;<\/a><\/div><div class='clear_column'><\/div><div class='content-column one_third'><a class=\"stake-icon7\" href=\"?page_id=1048\">&nbsp;<\/a><\/div><div class='content-column one_third'><a class=\"stake-icon8\" href=\"?page_id=1046\">&nbsp;<\/a><\/div><div class='content-column one_third last_column'><a class=\"stake-icon9\" href=\"https:\/\/www.atul.co.in\/portuguese\/pdf\/investors\/information-for-stakeholders\/memorandum\/MOA_AOA.pdf\" target=\"_blank\" rel=\"noopener noreferrer\">&nbsp;<\/a><\/div><div class='clear_column'><\/div><div class='content-column one_third'><a class=\"stake-icon10\" href=\"?page_id=1449\">&nbsp;<\/a><\/div><div class='content-column one_third'><a class=\"stake-icon11\" href=\"?page_id=1450\">&nbsp;<\/a><\/div><div class='content-column one_third last_column'><a class=\"stake-icon12\" href=\"?page_id=1437\">&nbsp;<\/a><\/div><div class='clear_column'><\/div>\n","protected":false},"excerpt":{"rendered":"<p>Investidores &rsaquo; Informa\u00e7\u00e3o para Acionistas<\/p>\n","protected":false},"author":1,"featured_media":5748,"parent":845,"menu_order":0,"comment_status":"closed","ping_status":"closed","template":"page-withoutfilter.php","meta":{"_acf_changed":false,"footnotes":"","_links_to":"","_links_to_target":""},"class_list":["post-1000","page","type-page","status-publish","has-post-thumbnail","hentry"],"acf":[],"yoast_head":"<!-- This site is optimized with the Yoast SEO plugin v26.8 - https:\/\/yoast.com\/product\/yoast-seo-wordpress\/ -->\n<title>Informa\u00e7\u00e3o para Acionistas | Atul Ltd<\/title>\n<meta name=\"robots\" content=\"index, follow, max-snippet:-1, max-image-preview:large, max-video-preview:-1\" \/>\n<link rel=\"canonical\" href=\"https:\/\/www.atul.co.in\/portuguese\/investors\/stakeholders-information\/\" \/>\n<meta property=\"og:locale\" content=\"en_US\" \/>\n<meta property=\"og:type\" content=\"article\" \/>\n<meta property=\"og:title\" content=\"Informa\u00e7\u00e3o para Acionistas | Atul Ltd\" \/>\n<meta property=\"og:description\" content=\"Investidores &rsaquo; Informa\u00e7\u00e3o para Acionistas\" \/>\n<meta property=\"og:url\" content=\"https:\/\/www.atul.co.in\/portuguese\/investors\/stakeholders-information\/\" \/>\n<meta property=\"og:site_name\" content=\"Atul Ltd\" \/>\n<meta property=\"article:modified_time\" content=\"2020-04-23T11:40:07+00:00\" \/>\n<meta property=\"og:image\" content=\"https:\/\/www.atul.co.in\/portuguese\/wp-content\/uploads\/2017\/02\/aromatics-banner.jpg\" \/>\n\t<meta property=\"og:image:width\" content=\"1250\" \/>\n\t<meta property=\"og:image:height\" content=\"335\" \/>\n\t<meta property=\"og:image:type\" content=\"image\/jpeg\" \/>\n<meta name=\"twitter:card\" content=\"summary_large_image\" \/>\n<script type=\"application\/ld+json\" class=\"yoast-schema-graph\">{\"@context\":\"https:\/\/schema.org\",\"@graph\":[{\"@type\":\"WebPage\",\"@id\":\"https:\/\/www.atul.co.in\/portuguese\/investors\/stakeholders-information\/\",\"url\":\"https:\/\/www.atul.co.in\/portuguese\/investors\/stakeholders-information\/\",\"name\":\"Informa\u00e7\u00e3o para Acionistas | Atul Ltd\",\"isPartOf\":{\"@id\":\"http:\/\/13.127.36.189\/portuguese\/#website\"},\"primaryImageOfPage\":{\"@id\":\"https:\/\/www.atul.co.in\/portuguese\/investors\/stakeholders-information\/#primaryimage\"},\"image\":{\"@id\":\"https:\/\/www.atul.co.in\/portuguese\/investors\/stakeholders-information\/#primaryimage\"},\"thumbnailUrl\":\"https:\/\/www.atul.co.in\/portuguese\/wp-content\/uploads\/2017\/02\/aromatics-banner.jpg\",\"datePublished\":\"2017-02-08T08:11:50+00:00\",\"dateModified\":\"2020-04-23T11:40:07+00:00\",\"breadcrumb\":{\"@id\":\"https:\/\/www.atul.co.in\/portuguese\/investors\/stakeholders-information\/#breadcrumb\"},\"inLanguage\":\"en-US\",\"potentialAction\":[{\"@type\":\"ReadAction\",\"target\":[\"https:\/\/www.atul.co.in\/portuguese\/investors\/stakeholders-information\/\"]}]},{\"@type\":\"ImageObject\",\"inLanguage\":\"en-US\",\"@id\":\"https:\/\/www.atul.co.in\/portuguese\/investors\/stakeholders-information\/#primaryimage\",\"url\":\"https:\/\/www.atul.co.in\/portuguese\/wp-content\/uploads\/2017\/02\/aromatics-banner.jpg\",\"contentUrl\":\"https:\/\/www.atul.co.in\/portuguese\/wp-content\/uploads\/2017\/02\/aromatics-banner.jpg\",\"width\":1250,\"height\":335},{\"@type\":\"BreadcrumbList\",\"@id\":\"https:\/\/www.atul.co.in\/portuguese\/investors\/stakeholders-information\/#breadcrumb\",\"itemListElement\":[{\"@type\":\"ListItem\",\"position\":1,\"name\":\"Home\",\"item\":\"https:\/\/www.atul.co.in\/portuguese\/\"},{\"@type\":\"ListItem\",\"position\":2,\"name\":\"Investidores\",\"item\":\"https:\/\/www.atul.co.in\/portuguese\/investors\/\"},{\"@type\":\"ListItem\",\"position\":3,\"name\":\"Informa\u00e7\u00e3o para Acionistas\"}]},{\"@type\":\"WebSite\",\"@id\":\"http:\/\/13.127.36.189\/portuguese\/#website\",\"url\":\"http:\/\/13.127.36.189\/portuguese\/\",\"name\":\"Atul Ltd\",\"description\":\"\",\"potentialAction\":[{\"@type\":\"SearchAction\",\"target\":{\"@type\":\"EntryPoint\",\"urlTemplate\":\"http:\/\/13.127.36.189\/portuguese\/?s={search_term_string}\"},\"query-input\":{\"@type\":\"PropertyValueSpecification\",\"valueRequired\":true,\"valueName\":\"search_term_string\"}}],\"inLanguage\":\"en-US\"}]}<\/script>\n<!-- \/ Yoast SEO plugin. -->","yoast_head_json":{"title":"Informa\u00e7\u00e3o para Acionistas | Atul Ltd","robots":{"index":"index","follow":"follow","max-snippet":"max-snippet:-1","max-image-preview":"max-image-preview:large","max-video-preview":"max-video-preview:-1"},"canonical":"https:\/\/www.atul.co.in\/portuguese\/investors\/stakeholders-information\/","og_locale":"en_US","og_type":"article","og_title":"Informa\u00e7\u00e3o para Acionistas | Atul Ltd","og_description":"Investidores &rsaquo; Informa\u00e7\u00e3o para Acionistas","og_url":"https:\/\/www.atul.co.in\/portuguese\/investors\/stakeholders-information\/","og_site_name":"Atul Ltd","article_modified_time":"2020-04-23T11:40:07+00:00","og_image":[{"width":1250,"height":335,"url":"https:\/\/www.atul.co.in\/portuguese\/wp-content\/uploads\/2017\/02\/aromatics-banner.jpg","type":"image\/jpeg"}],"twitter_card":"summary_large_image","schema":{"@context":"https:\/\/schema.org","@graph":[{"@type":"WebPage","@id":"https:\/\/www.atul.co.in\/portuguese\/investors\/stakeholders-information\/","url":"https:\/\/www.atul.co.in\/portuguese\/investors\/stakeholders-information\/","name":"Informa\u00e7\u00e3o para Acionistas | Atul Ltd","isPartOf":{"@id":"http:\/\/13.127.36.189\/portuguese\/#website"},"primaryImageOfPage":{"@id":"https:\/\/www.atul.co.in\/portuguese\/investors\/stakeholders-information\/#primaryimage"},"image":{"@id":"https:\/\/www.atul.co.in\/portuguese\/investors\/stakeholders-information\/#primaryimage"},"thumbnailUrl":"https:\/\/www.atul.co.in\/portuguese\/wp-content\/uploads\/2017\/02\/aromatics-banner.jpg","datePublished":"2017-02-08T08:11:50+00:00","dateModified":"2020-04-23T11:40:07+00:00","breadcrumb":{"@id":"https:\/\/www.atul.co.in\/portuguese\/investors\/stakeholders-information\/#breadcrumb"},"inLanguage":"en-US","potentialAction":[{"@type":"ReadAction","target":["https:\/\/www.atul.co.in\/portuguese\/investors\/stakeholders-information\/"]}]},{"@type":"ImageObject","inLanguage":"en-US","@id":"https:\/\/www.atul.co.in\/portuguese\/investors\/stakeholders-information\/#primaryimage","url":"https:\/\/www.atul.co.in\/portuguese\/wp-content\/uploads\/2017\/02\/aromatics-banner.jpg","contentUrl":"https:\/\/www.atul.co.in\/portuguese\/wp-content\/uploads\/2017\/02\/aromatics-banner.jpg","width":1250,"height":335},{"@type":"BreadcrumbList","@id":"https:\/\/www.atul.co.in\/portuguese\/investors\/stakeholders-information\/#breadcrumb","itemListElement":[{"@type":"ListItem","position":1,"name":"Home","item":"https:\/\/www.atul.co.in\/portuguese\/"},{"@type":"ListItem","position":2,"name":"Investidores","item":"https:\/\/www.atul.co.in\/portuguese\/investors\/"},{"@type":"ListItem","position":3,"name":"Informa\u00e7\u00e3o para Acionistas"}]},{"@type":"WebSite","@id":"http:\/\/13.127.36.189\/portuguese\/#website","url":"http:\/\/13.127.36.189\/portuguese\/","name":"Atul Ltd","description":"","potentialAction":[{"@type":"SearchAction","target":{"@type":"EntryPoint","urlTemplate":"http:\/\/13.127.36.189\/portuguese\/?s={search_term_string}"},"query-input":{"@type":"PropertyValueSpecification","valueRequired":true,"valueName":"search_term_string"}}],"inLanguage":"en-US"}]}},"_links":{"self":[{"href":"https:\/\/www.atul.co.in\/portuguese\/wp-json\/wp\/v2\/pages\/1000","targetHints":{"allow":["GET"]}}],"collection":[{"href":"https:\/\/www.atul.co.in\/portuguese\/wp-json\/wp\/v2\/pages"}],"about":[{"href":"https:\/\/www.atul.co.in\/portuguese\/wp-json\/wp\/v2\/types\/page"}],"author":[{"embeddable":true,"href":"https:\/\/www.atul.co.in\/portuguese\/wp-json\/wp\/v2\/users\/1"}],"replies":[{"embeddable":true,"href":"https:\/\/www.atul.co.in\/portuguese\/wp-json\/wp\/v2\/comments?post=1000"}],"version-history":[{"count":0,"href":"https:\/\/www.atul.co.in\/portuguese\/wp-json\/wp\/v2\/pages\/1000\/revisions"}],"up":[{"embeddable":true,"href":"https:\/\/www.atul.co.in\/portuguese\/wp-json\/wp\/v2\/pages\/845"}],"wp:featuredmedia":[{"embeddable":true,"href":"https:\/\/www.atul.co.in\/portuguese\/wp-json\/wp\/v2\/media\/5748"}],"wp:attachment":[{"href":"https:\/\/www.atul.co.in\/portuguese\/wp-json\/wp\/v2\/media?parent=1000"}],"curies":[{"name":"wp","href":"https:\/\/api.w.org\/{rel}","templated":true}]}}