{"id":1003,"date":"2017-02-14T07:01:53","date_gmt":"2017-02-14T07:01:53","guid":{"rendered":"http:\/\/43.242.212.212\/~atulco\/?page_id=1003"},"modified":"2020-04-20T09:30:26","modified_gmt":"2020-04-20T04:00:26","slug":"legal","status":"publish","type":"page","link":"https:\/\/www.atul.co.in\/portuguese\/legal\/","title":{"rendered":"Jur\u00eddico"},"content":{"rendered":"<p><b>O website www.atul.co.in \u00e9 propriedade da Atul Ltd: <\/b><\/p>\n<div style=\"line-height:20px;\">Atul Ltd<br \/>\nAtul 396 020, Gujarat<br \/>\nIndia<\/p>\n<div class=\"phone\" align=\"left\"><img decoding=\"async\" src=\"https:\/\/www.atul.co.in\/portuguese\/wp-content\/uploads\/2017\/08\/call-answer.svg\" alt=\"\" class=\"alignnone size-full wp-image-4974\" width=\"14\"\/>(+91 2632) 230000 | 3261 <\/div>\n<div class=\"email\" align=\"left\"><img decoding=\"async\" src=\"https:\/\/www.atul.co.in\/portuguese\/wp-content\/uploads\/2017\/08\/e-mail-envelope-1.svg\" alt=\"\" class=\"alignnone size-full wp-image-4975\" width=\"17\"\/><a href=\"mailto:contact@atul.co.in\">contact@atul.co.in<\/a><\/div>\n<\/div>\n<p><\/p>\n<p><b><\/p>\n<div align=\"justify\" style=\"line-height:20px;\">Se tiver quaisquer quest\u00f5es ou coment\u00e1rios acerca do Website, por favor contacte-nos para o endere\u00e7o abaixo: <\/div>\n<p>  <\/b><\/p>\n<div style=\"line-height:20px;\">Agente de reclama\u00e7\u00f5es<br \/>\nPrajakta Pereira<br \/>\nComunica\u00e7\u00f5es<br \/>\nAtul Ltd<br \/>\nAtul House<br \/>\n310 B, Veer Savarkar Marg, Dadar (Oeste)<br \/>\nMumbai(Bombaim) 400 028, Maharashtra<br \/>\nIndia<\/div>\n<div class=\"email\" align=\"left\"><img decoding=\"async\" src=\"https:\/\/www.atul.co.in\/portuguese\/wp-content\/uploads\/2017\/08\/e-mail-envelope-1.svg\" alt=\"\" class=\"alignnone size-full wp-image-4975\" width=\"17\"\/><a href=\"mailto:contact@atul.co.in\">prajakta_pereira@atul.co.in<\/a><\/div>\n<p><b><\/p>\n<div align=\"justify\" style=\"line-height:20px;\">O Website \u00e9 gerido pela Atul Ltd (a partir de aqui referido como Atul) e todos os seus direitos competem e s\u00e3o reservados \u00e0 Atul.<\/div>\n<p>  <\/b><\/p>\n<p><b>Qualquer utiliza\u00e7\u00e3o n\u00e3o autorizada do conte\u00fado \u00e9 proibida. <\/b><\/p>\n<div align=\"justify\" style=\"line-height:20px;\"> Como condi\u00e7\u00e3o para a sua utiliza\u00e7\u00e3o deste Website, n\u00e3o pode usar o Website para qual\/quaisquer objetivo(s) ilegal(is) ou proibido(s).  N\u00e3o pode usar o Website de qualquer modo que possa prejudicar, incapacitar, sobrecarregar ou restringir qualquer servidor da Atul, ou interferir com a utiliza\u00e7\u00e3o e a frui\u00e7\u00e3o de quaisquer outros servi\u00e7os associados ao Website. N\u00e3o poder\u00e1 tentar obter acesso n\u00e3o-autorizado a qualquer parte do Website, outras contas, sistemas de computadores ou redes conectadas com qualquer servidor da Atul ou a qualquer dos servi\u00e7os associados ao Website, N\u00e3o poder\u00e1 obter ou tentar obter quaisquer Materiais ou informa\u00e7\u00f5es por quaisquer meios que n\u00e3o tenham sido disponibilizados intencionalmente atrav\u00e9s do Website.<\/div>\n<p><\/p>\n<p><b class=\"teal\" style=\"font-size:15px; letter-spacing:1.6px;\">AVISO<\/b><\/p>\n<div align=\"justify\" style=\"line-height:20px;\">O conte\u00fado apresentado neste Website tem um mero car\u00e1cter informativo e n\u00e3o se destina \u00e0 distribui\u00e7\u00e3o ou utiliza\u00e7\u00e3o por parte de qualquer pessoa ou entidade que seja cidad\u00e3o ou residente de ou localizado em qualquer jurisdi\u00e7\u00e3o onde essa distribui\u00e7\u00e3o, publica\u00e7\u00e3o, disponibilidade ou utiliza\u00e7\u00e3o seja contr\u00e1ria \u00e0 lei ou regulamenta\u00e7\u00e3o ou que possa sujeitar a Atul ou os seus afiliados a qualquer registo ou pedido de licenciamento no \u00e2mbito dessa jurisdi\u00e7\u00e3o. N\u00e3o poder\u00e1 usar o Website ou exportar os Materiais violando quaisquer leis ou regulamenta\u00e7\u00e3o de exporta\u00e7\u00e3o aplic\u00e1veis. Se aceder a este Website a partir de um local fora da \u00cdndia, \u00e9 respons\u00e1vel por cumprir todas as leis locais.<\/p>\n<p>Embora haja suficiente cuidado na apresenta\u00e7\u00e3o dos conte\u00fados, os utilizadores dos conte\u00fados devem confrontar os conte\u00fados com dados | informa\u00e7\u00f5es f\u00edsicas. A Atul n\u00e3o presta qualquer garante, garantia ou aval a respeito da exatid\u00e3o ou integralidade dos conte\u00fados e nenhuma reclama\u00e7\u00e3o a esse respeito ser\u00e1 aceite ou avaliada. O Website pode conter inexatid\u00f5es e erros tipogr\u00e1ficos e de escrita. A Atul recusa expressamente qual(is)quer obriga\u00e7\u00e3o(\u00f5es) de atualizar o seu Website ou qualquer dos materiais deste Website. A Atul n\u00e3o garante a exatid\u00e3o ou integralidade dos materiais ou a fiabilidade de qualquer conselho, opini\u00e3o, afirma\u00e7\u00e3o ou outras informa\u00e7\u00f5es apresentadas ou distribu\u00eddas atrav\u00e9s do Website. O leitor reconhece que todo o cr\u00e9dito em quaisquer opini\u00f5es, conselhos, afirma\u00e7\u00f5es, memorandos ou informa\u00e7\u00f5es ser\u00e1 por sua conta e risco. A Atul reserva-se o direito, a seu exclusivo crit\u00e9rio, de corrigir quaisquer erros ou omiss\u00f5es em qualquer parte do Website. A Atul pode fazer quaisquer outras mudan\u00e7as no Website, nos materiais e nos produtos, programas, servi\u00e7os ou pre\u00e7os (se assim o desejar) descritos no Website a qualquer momento, sem avisar. Este Website tem uma finalidade meramente informativa e n\u00e3o deve ser entendido como qualquer tipo de conselho t\u00e9cnico.<\/p>\n<p>Por favor, prossiga apenas se aceitar todas as condi\u00e7\u00f5es acima enumeradas, por sua livre vontade e consentimento.<\/p>\n<p><b class=\"teal\" style=\"font-size:15px; letter-spacing:1.6px;\"><a href=\"https:\/\/www.atul.co.in\/portuguese\/privacy-policy\/\"><b>POL\u00cdTICA DE PRIVACIDADE<\/b><\/a><\/b>\n<\/div>\n","protected":false},"excerpt":{"rendered":"<p>O website www.atul.co.in \u00e9 propriedade da Atul Ltd: Atul Ltd Atul 396 020, Gujarat India (+91 2632) 230000 | 3261 contact@atul.co.in Se tiver quaisquer quest\u00f5es ou coment\u00e1rios acerca do Website, por favor contacte-nos para o endere\u00e7o abaixo: Agente de reclama\u00e7\u00f5es<span class=\"ellipsis\">&hellip;<\/span><\/p>\n<div class=\"read-more\"><a href=\"https:\/\/www.atul.co.in\/portuguese\/legal\/\">Read more &#8250;<\/a><\/div>\n<p><!-- end of .read-more --><\/p>\n","protected":false},"author":1,"featured_media":5718,"parent":0,"menu_order":0,"comment_status":"closed","ping_status":"closed","template":"","meta":{"_acf_changed":false,"footnotes":"","_links_to":"","_links_to_target":""},"class_list":["post-1003","page","type-page","status-publish","has-post-thumbnail","hentry"],"acf":[],"yoast_head":"<!-- This site is optimized with the Yoast SEO plugin v26.8 - https:\/\/yoast.com\/product\/yoast-seo-wordpress\/ -->\n<title>Jur\u00eddico | Atul<\/title>\n<meta name=\"robots\" content=\"index, follow, max-snippet:-1, max-image-preview:large, max-video-preview:-1\" \/>\n<link rel=\"canonical\" href=\"https:\/\/www.atul.co.in\/portuguese\/legal\/\" \/>\n<meta property=\"og:locale\" content=\"en_US\" \/>\n<meta property=\"og:type\" content=\"article\" \/>\n<meta property=\"og:title\" content=\"Jur\u00eddico | Atul\" \/>\n<meta property=\"og:description\" content=\"O website www.atul.co.in \u00e9 propriedade da Atul Ltd: Atul Ltd Atul 396 020, Gujarat India (+91 2632) 230000 | 3261 contact@atul.co.in Se tiver quaisquer quest\u00f5es ou coment\u00e1rios acerca do Website, por favor contacte-nos para o endere\u00e7o abaixo: Agente de reclama\u00e7\u00f5es&hellip;Read more &#8250;\" \/>\n<meta property=\"og:url\" content=\"https:\/\/www.atul.co.in\/portuguese\/legal\/\" \/>\n<meta property=\"og:site_name\" content=\"Atul Ltd\" \/>\n<meta property=\"article:modified_time\" content=\"2020-04-20T04:00:26+00:00\" \/>\n<meta property=\"og:image\" content=\"https:\/\/www.atul.co.in\/portuguese\/wp-content\/uploads\/2017\/02\/legal.jpg\" \/>\n\t<meta property=\"og:image:width\" content=\"1250\" \/>\n\t<meta property=\"og:image:height\" content=\"335\" \/>\n\t<meta property=\"og:image:type\" content=\"image\/jpeg\" \/>\n<meta name=\"twitter:card\" content=\"summary_large_image\" \/>\n<meta name=\"twitter:label1\" content=\"Est. reading time\" \/>\n\t<meta name=\"twitter:data1\" content=\"3 minutes\" \/>\n<script type=\"application\/ld+json\" class=\"yoast-schema-graph\">{\"@context\":\"https:\/\/schema.org\",\"@graph\":[{\"@type\":\"WebPage\",\"@id\":\"https:\/\/www.atul.co.in\/portuguese\/legal\/\",\"url\":\"https:\/\/www.atul.co.in\/portuguese\/legal\/\",\"name\":\"Jur\u00eddico | Atul\",\"isPartOf\":{\"@id\":\"http:\/\/13.127.36.189\/portuguese\/#website\"},\"primaryImageOfPage\":{\"@id\":\"https:\/\/www.atul.co.in\/portuguese\/legal\/#primaryimage\"},\"image\":{\"@id\":\"https:\/\/www.atul.co.in\/portuguese\/legal\/#primaryimage\"},\"thumbnailUrl\":\"https:\/\/www.atul.co.in\/portuguese\/wp-content\/uploads\/2017\/02\/legal.jpg\",\"datePublished\":\"2017-02-14T07:01:53+00:00\",\"dateModified\":\"2020-04-20T04:00:26+00:00\",\"breadcrumb\":{\"@id\":\"https:\/\/www.atul.co.in\/portuguese\/legal\/#breadcrumb\"},\"inLanguage\":\"en-US\",\"potentialAction\":[{\"@type\":\"ReadAction\",\"target\":[\"https:\/\/www.atul.co.in\/portuguese\/legal\/\"]}]},{\"@type\":\"ImageObject\",\"inLanguage\":\"en-US\",\"@id\":\"https:\/\/www.atul.co.in\/portuguese\/legal\/#primaryimage\",\"url\":\"https:\/\/www.atul.co.in\/portuguese\/wp-content\/uploads\/2017\/02\/legal.jpg\",\"contentUrl\":\"https:\/\/www.atul.co.in\/portuguese\/wp-content\/uploads\/2017\/02\/legal.jpg\",\"width\":1250,\"height\":335},{\"@type\":\"BreadcrumbList\",\"@id\":\"https:\/\/www.atul.co.in\/portuguese\/legal\/#breadcrumb\",\"itemListElement\":[{\"@type\":\"ListItem\",\"position\":1,\"name\":\"Home\",\"item\":\"https:\/\/www.atul.co.in\/portuguese\/\"},{\"@type\":\"ListItem\",\"position\":2,\"name\":\"Jur\u00eddico\"}]},{\"@type\":\"WebSite\",\"@id\":\"http:\/\/13.127.36.189\/portuguese\/#website\",\"url\":\"http:\/\/13.127.36.189\/portuguese\/\",\"name\":\"Atul Ltd\",\"description\":\"\",\"potentialAction\":[{\"@type\":\"SearchAction\",\"target\":{\"@type\":\"EntryPoint\",\"urlTemplate\":\"http:\/\/13.127.36.189\/portuguese\/?s={search_term_string}\"},\"query-input\":{\"@type\":\"PropertyValueSpecification\",\"valueRequired\":true,\"valueName\":\"search_term_string\"}}],\"inLanguage\":\"en-US\"}]}<\/script>\n<!-- \/ Yoast SEO plugin. -->","yoast_head_json":{"title":"Jur\u00eddico | Atul","robots":{"index":"index","follow":"follow","max-snippet":"max-snippet:-1","max-image-preview":"max-image-preview:large","max-video-preview":"max-video-preview:-1"},"canonical":"https:\/\/www.atul.co.in\/portuguese\/legal\/","og_locale":"en_US","og_type":"article","og_title":"Jur\u00eddico | Atul","og_description":"O website www.atul.co.in \u00e9 propriedade da Atul Ltd: Atul Ltd Atul 396 020, Gujarat India (+91 2632) 230000 | 3261 contact@atul.co.in Se tiver quaisquer quest\u00f5es ou coment\u00e1rios acerca do Website, por favor contacte-nos para o endere\u00e7o abaixo: Agente de reclama\u00e7\u00f5es&hellip;Read more &#8250;","og_url":"https:\/\/www.atul.co.in\/portuguese\/legal\/","og_site_name":"Atul Ltd","article_modified_time":"2020-04-20T04:00:26+00:00","og_image":[{"width":1250,"height":335,"url":"https:\/\/www.atul.co.in\/portuguese\/wp-content\/uploads\/2017\/02\/legal.jpg","type":"image\/jpeg"}],"twitter_card":"summary_large_image","twitter_misc":{"Est. reading time":"3 minutes"},"schema":{"@context":"https:\/\/schema.org","@graph":[{"@type":"WebPage","@id":"https:\/\/www.atul.co.in\/portuguese\/legal\/","url":"https:\/\/www.atul.co.in\/portuguese\/legal\/","name":"Jur\u00eddico | Atul","isPartOf":{"@id":"http:\/\/13.127.36.189\/portuguese\/#website"},"primaryImageOfPage":{"@id":"https:\/\/www.atul.co.in\/portuguese\/legal\/#primaryimage"},"image":{"@id":"https:\/\/www.atul.co.in\/portuguese\/legal\/#primaryimage"},"thumbnailUrl":"https:\/\/www.atul.co.in\/portuguese\/wp-content\/uploads\/2017\/02\/legal.jpg","datePublished":"2017-02-14T07:01:53+00:00","dateModified":"2020-04-20T04:00:26+00:00","breadcrumb":{"@id":"https:\/\/www.atul.co.in\/portuguese\/legal\/#breadcrumb"},"inLanguage":"en-US","potentialAction":[{"@type":"ReadAction","target":["https:\/\/www.atul.co.in\/portuguese\/legal\/"]}]},{"@type":"ImageObject","inLanguage":"en-US","@id":"https:\/\/www.atul.co.in\/portuguese\/legal\/#primaryimage","url":"https:\/\/www.atul.co.in\/portuguese\/wp-content\/uploads\/2017\/02\/legal.jpg","contentUrl":"https:\/\/www.atul.co.in\/portuguese\/wp-content\/uploads\/2017\/02\/legal.jpg","width":1250,"height":335},{"@type":"BreadcrumbList","@id":"https:\/\/www.atul.co.in\/portuguese\/legal\/#breadcrumb","itemListElement":[{"@type":"ListItem","position":1,"name":"Home","item":"https:\/\/www.atul.co.in\/portuguese\/"},{"@type":"ListItem","position":2,"name":"Jur\u00eddico"}]},{"@type":"WebSite","@id":"http:\/\/13.127.36.189\/portuguese\/#website","url":"http:\/\/13.127.36.189\/portuguese\/","name":"Atul Ltd","description":"","potentialAction":[{"@type":"SearchAction","target":{"@type":"EntryPoint","urlTemplate":"http:\/\/13.127.36.189\/portuguese\/?s={search_term_string}"},"query-input":{"@type":"PropertyValueSpecification","valueRequired":true,"valueName":"search_term_string"}}],"inLanguage":"en-US"}]}},"_links":{"self":[{"href":"https:\/\/www.atul.co.in\/portuguese\/wp-json\/wp\/v2\/pages\/1003","targetHints":{"allow":["GET"]}}],"collection":[{"href":"https:\/\/www.atul.co.in\/portuguese\/wp-json\/wp\/v2\/pages"}],"about":[{"href":"https:\/\/www.atul.co.in\/portuguese\/wp-json\/wp\/v2\/types\/page"}],"author":[{"embeddable":true,"href":"https:\/\/www.atul.co.in\/portuguese\/wp-json\/wp\/v2\/users\/1"}],"replies":[{"embeddable":true,"href":"https:\/\/www.atul.co.in\/portuguese\/wp-json\/wp\/v2\/comments?post=1003"}],"version-history":[{"count":0,"href":"https:\/\/www.atul.co.in\/portuguese\/wp-json\/wp\/v2\/pages\/1003\/revisions"}],"wp:featuredmedia":[{"embeddable":true,"href":"https:\/\/www.atul.co.in\/portuguese\/wp-json\/wp\/v2\/media\/5718"}],"wp:attachment":[{"href":"https:\/\/www.atul.co.in\/portuguese\/wp-json\/wp\/v2\/media?parent=1003"}],"curies":[{"name":"wp","href":"https:\/\/api.w.org\/{rel}","templated":true}]}}