{"id":1008,"date":"2017-02-16T12:50:14","date_gmt":"2017-02-16T12:50:14","guid":{"rendered":"http:\/\/43.242.212.212\/~atulco\/?page_id=1008"},"modified":"2020-04-16T09:50:05","modified_gmt":"2020-04-16T04:20:05","slug":"businesses-2","status":"publish","type":"page","link":"https:\/\/www.atul.co.in\/portuguese\/businesses","title":{"rendered":"Empresas"},"content":{"rendered":"<div class=\"container\">\n<div class=\"text2\">A Atul \u00e9 uma das maiores  empresas qu\u00edmicas integradas da \u00cdndia.<\/div>\n<\/div>\n<div class=\"desktop\">\n<div class=\"space20\"><\/div>\n<\/div>\n<div class=\"desktop\">\n<div class=\"businesswrapper\">\n<div class=\"businessrow3\">\n<div class=\"businessleft\">\n<div class=\"aromatics-main\"><\/div>\n<\/div>\n<div class=\"businessright\">\n<div class=\"businesstext\">\n<h2>Arom\u00e1ticos<\/h2>\n<h3>Arom\u00e1ticos visa ser um neg\u00f3cio de classe mundial, que oferece a seus clientes da ind\u00fastria de cuidados pessoais, dentre outras, produtos e servi\u00e7os de alta qualidade e rent\u00e1veis.<\/h3>\n<div class=\"link\"><a href=\"?page_id=854\">SAIBA MAIS<\/a><\/div>\n<\/div>\n<\/div>\n<div class=\"clear\"><\/div>\n<\/div>\n<div class=\"businessrow4\">\n<div class=\"businessleft\">\n<div class=\"businesstext\">\n<h2>Produtos qu\u00edmicos a granel e intermedi\u00e1rios<\/h2>\n<h3>Produtos Qu\u00edmicos a Granel e Intermedi\u00e1rios visam fornecer produtos qu\u00edmicos a granel e outros neg\u00f3cios da Atul de forma rent\u00e1vel e crescer em grupos de produtos intermedi\u00e1rios.<\/h3>\n<div class=\"link\"><a href=\"?page_id=861\">SAIBA MAIS<\/a><\/div>\n<\/div>\n<\/div>\n<div class=\"businessright\">\n<div class=\"bulk-chemicals-main\"><\/div>\n<\/div>\n<div class=\"clear\"><\/div>\n<\/div>\n<div class=\"businessrow3\">\n<div class=\"businessleft\">\n<div class=\"colors-main\"><\/div>\n<\/div>\n<div class=\"businessright\">\n<div class=\"businesstext\">\n<h2>Cores<\/h2>\n<h3>A Cores visa ser um fornecedor mundial confi\u00e1vel de colorantes necess\u00e1rios \u00e0s diferentes facetas da vida humana. Seus produtos v\u00e3o encontrar aplica\u00e7\u00f5es nas ind\u00fastrias de corantes, eletroeletr\u00f4nicos, alimentos, embalagens, pintura e revestimento, papel, cuidados pessoais, farm\u00e1cia e t\u00eaxtil. <\/h3>\n<div class=\"link\"><a href=\"?page_id=198\">SAIBA MAIS<\/a><\/div>\n<\/div>\n<\/div>\n<div class=\"clear\"><\/div>\n<\/div>\n<div class=\"businessrow4\">\n<div class=\"businessleft\">\n<div class=\"businesstext\">\n<h2>Ativos a granel para prote\u00e7\u00e3o de culturas<\/h2>\n<h3>A Prote\u00e7\u00e3o de Cultivos visa estar no neg\u00f3cio de servir \u00e0s necessidades de plantar alimentos e fibras. Vai nivelar sua compet\u00eancia na ind\u00fastria qu\u00edmica e fornecer solu\u00e7\u00f5es agropecu\u00e1rias para criar exuberantes rendimentos e lutar para fortalecer os relacionamentos entre os agricultores.<\/h3>\n<div class=\"link\"><a href=\"?page_id=867\">SAIBA MAIS<\/a><\/div>\n<\/div>\n<\/div>\n<div class=\"businessright\">\n<div class=\"cp-bulk-main\"><\/div>\n<\/div>\n<div class=\"clear\"><\/div>\n<\/div>\n<div class=\"businessrow3\">\n<div class=\"businessleft\">\n<div class=\"cp-brands-main\"><\/div>\n<\/div>\n<div class=\"businessright\">\n<div class=\"businesstext\">\n<h2>Prote\u00e7\u00e3o de culturas com venda a granel<\/h2>\n<h3>A Prote\u00e7\u00e3o de Cultivos visa estar no neg\u00f3cio de servir \u00e0s necessidades de plantar alimentos e fibras. Vai nivelar sua compet\u00eancia na ind\u00fastria qu\u00edmica e fornecer solu\u00e7\u00f5es agropecu\u00e1rias para criar exuberantes rendimentos e lutar para fortalecer os relacionamentos entre os agricultores.<\/h3>\n<div class=\"link\"><a href=\"?page_id=873\">SAIBA MAIS<\/a><\/div>\n<\/div>\n<\/div>\n<div class=\"clear\"><\/div>\n<\/div>\n<div class=\"businessrow4\">\n<div class=\"businessleft\">\n<div class=\"businesstext\">\n<h2>Floras<\/h2>\n<h3>A Floras visa ser um fornecedor confi\u00e1vel da cultura de tecidos de qualidade criados a partir da planta\u00e7\u00e3o de materiais. Vai promover o cultivo cient\u00edfico de lavouras e contribuir na melhoria da economia e ecologia em regi\u00f5es \u00e1ridas.<\/h3>\n<div class=\"link\"><a href=\"?page_id=879\">SAIBA MAIS<\/a><\/div>\n<\/div>\n<\/div>\n<div class=\"businessright\">\n<div class=\"floras-main\"><\/div>\n<\/div>\n<div class=\"clear\"><\/div>\n<\/div>\n<div class=\"businessrow3\">\n<div class=\"businessleft\">\n<div class=\"pharma-main\"><\/div>\n<\/div>\n<div class=\"businessright\">\n<div class=\"businesstext\">\n<h2>F\u00e1rmacos e intermedi\u00e1rios<\/h2>\n<h3>Os f\u00e1rmacos e intermedi\u00e1rios visam contribuir para o bem-estar do ser humano ao restaurar as necessidades do crescimento da ind\u00fastria farmac\u00eautica. Vai fornecer intermedi\u00e1rios de API e API&#8217;s de forma rent\u00e1vel usando tecnologias inovadoras.<\/h3>\n<div class=\"link\"><a href=\"?page_id=885\">SAIBA MAIS<\/a><\/div>\n<\/div>\n<\/div>\n<div class=\"clear\"><\/div>\n<\/div>\n<div class=\"businessrow4\">\n<div class=\"businessleft\">\n<div class=\"businesstext popm\">\n<h2>Pol\u00edmeros de alto rendimento<\/h2>\n<h3>cura, diluentes reagentes) e solu\u00e7\u00f5es inovadoras para a ind\u00fastria de adesivos, compostos, constru\u00e7\u00e3o, eletroeletr\u00f4nicos, pintura e revestimento em todo o mundo. Os produtos ep\u00f3xi s\u00e3o comercializados sob o nome comercial \u2018Lapox\u00ae\u2019. Uma variedade de produtos de sulfona \u00e9 usada como material de alto rendimento e agente de cura para resinas de ep\u00f3xi na ind\u00fastria aeroespacial e eletroeletr\u00f4nica.<\/h3>\n<div class=\"link\"><a href=\"?page_id=891\">SAIBA MAIS<\/a><\/div>\n<\/div>\n<\/div>\n<div class=\"businessright\">\n<div class=\"polymer-performance-main\"><\/div>\n<\/div>\n<div class=\"clear\"><\/div>\n<\/div>\n<div class=\"businessrow3\">\n<div class=\"businessleft\">\n<div class=\"polymer-retail-main\"><\/div>\n<\/div>\n<div class=\"businessright\">\n<div class=\"businesstext polymer_ratail\">\n<h2>Varejo de pol\u00edmeros<\/h2>\n<h3>A Atul \u00e9 pioneira na fabrica\u00e7\u00e3o de resinas de ep\u00f3xi na \u00cdndia. A empresa \u00e9 uma das maiores fabricantes de resina de ep\u00f3xi e endurecedores no pa\u00eds. Os produtos de ep\u00f3xi s\u00e3o comercializados e vendidos sob o nome comercial Lapox\u00ae\u00a0e a borracha sint\u00e9tica e adesivos a base de PU sob o nome comercial Polygrip\u00ae. Recentemente, lan\u00e7ou uma nova variedade de produtos de manuten\u00e7\u00e3o sob o nome comercial Lacare\u00ae para a ind\u00fastria automobil\u00edstica e aplica\u00e7\u00f5es dom\u00e9sticas.<\/h3>\n<div class=\"link\"><a href=\"?page_id=897\">SAIBA MAIS<\/a><\/div>\n<\/div>\n<\/div>\n<div class=\"clear\"><\/div>\n<\/div>\n<\/div>\n<\/div>\n<div class=\"mobile\">\n<ul class=\"gridlayout1\">\n<li><a href=\"?page_id=854\"><img loading=\"lazy\" decoding=\"async\" class=\"aligncenter size-full wp-image-23\" src=\"https:\/\/www.atul.co.in\/portuguese\/wp-content\/uploads\/home-aromatics.jpg\" alt=\"\" width=\"800\" height=\"385\" srcset=\"https:\/\/www.atul.co.in\/portuguese\/wp-content\/uploads\/home-aromatics.jpg 800w, https:\/\/www.atul.co.in\/portuguese\/wp-content\/uploads\/home-aromatics-768x370.jpg 768w\" sizes=\"auto, (max-width: 800px) 100vw, 800px\" \/>\n<div>\n<h3>Arom\u00e1ticos<\/h3>\n<\/div>\n<p><\/a><\/li>\n<li><a href=\"?page_id=861\"><img loading=\"lazy\" decoding=\"async\" class=\"aligncenter size-full wp-image-24\" src=\"https:\/\/www.atul.co.in\/portuguese\/wp-content\/uploads\/home-bulk.jpg\" alt=\"\" width=\"800\" height=\"385\" srcset=\"https:\/\/www.atul.co.in\/portuguese\/wp-content\/uploads\/home-bulk.jpg 800w, https:\/\/www.atul.co.in\/portuguese\/wp-content\/uploads\/home-bulk-768x370.jpg 768w\" sizes=\"auto, (max-width: 800px) 100vw, 800px\" \/>\n<div>\n<h3>Produtos qu\u00edmicos a granel e intermedi\u00e1rios<\/h3>\n<\/div>\n<p><\/a><\/li>\n<li><a href=\"?page_id=198\"><img loading=\"lazy\" decoding=\"async\" class=\"aligncenter size-full wp-image-25\" src=\"https:\/\/www.atul.co.in\/portuguese\/wp-content\/uploads\/home-colors.jpg\" alt=\"\" width=\"800\" height=\"385\" srcset=\"https:\/\/www.atul.co.in\/portuguese\/wp-content\/uploads\/home-colors.jpg 800w, https:\/\/www.atul.co.in\/portuguese\/wp-content\/uploads\/home-colors-768x370.jpg 768w\" sizes=\"auto, (max-width: 800px) 100vw, 800px\" \/>\n<div>\n<h3>Colors<\/h3>\n<\/div>\n<p><\/a><\/li>\n<li><a href=\"?page_id=867\"><img loading=\"lazy\" decoding=\"async\" class=\"aligncenter size-full wp-image-26\" src=\"https:\/\/www.atul.co.in\/portuguese\/wp-content\/uploads\/home-crop-protection-bulk.jpg\" alt=\"\" width=\"800\" height=\"385\" \/>\n<div>\n<h3>Ativos a granel para prote\u00e7\u00e3o de culturas<\/h3>\n<\/div>\n<p><\/a><\/li>\n<li><a href=\"?page_id=873\"><img loading=\"lazy\" decoding=\"async\" class=\"aligncenter size-full wp-image-27\" src=\"https:\/\/www.atul.co.in\/portuguese\/wp-content\/uploads\/home-floras.jpg\" alt=\"\" width=\"800\" height=\"385\" \/>\n<div>\n<h3>Prote\u00e7\u00e3o de culturas com venda a granel<\/h3>\n<\/div>\n<p><\/a><\/li>\n<li><a href=\"?page_id=879\"><img loading=\"lazy\" decoding=\"async\" class=\"aligncenter size-full wp-image-28\" src=\"https:\/\/www.atul.co.in\/portuguese\/wp-content\/uploads\/home-crop-protection-retail.jpg\" alt=\"\" width=\"800\" height=\"385\" srcset=\"https:\/\/www.atul.co.in\/portuguese\/wp-content\/uploads\/home-crop-protection-retail.jpg 800w, https:\/\/www.atul.co.in\/portuguese\/wp-content\/uploads\/home-crop-protection-retail-768x370.jpg 768w\" sizes=\"auto, (max-width: 800px) 100vw, 800px\" \/>\n<div>\n<h3>Floras<\/h3>\n<\/div>\n<p><\/a><\/li>\n<li><a href=\"?page_id=885\"><img loading=\"lazy\" decoding=\"async\" class=\"aligncenter size-full wp-image-29\" src=\"https:\/\/www.atul.co.in\/portuguese\/wp-content\/uploads\/home-pharma.jpg\" alt=\"\" width=\"800\" height=\"385\" srcset=\"https:\/\/www.atul.co.in\/portuguese\/wp-content\/uploads\/home-pharma.jpg 800w, https:\/\/www.atul.co.in\/portuguese\/wp-content\/uploads\/home-pharma-768x370.jpg 768w\" sizes=\"auto, (max-width: 800px) 100vw, 800px\" \/>\n<div>\n<h3>F\u00e1rmacos e intermedi\u00e1rios<\/h3>\n<\/div>\n<p><\/a><\/li>\n<li><a href=\"?page_id=891\"><img loading=\"lazy\" decoding=\"async\" class=\"aligncenter size-full wp-image-30\" src=\"https:\/\/www.atul.co.in\/portuguese\/wp-content\/uploads\/home-polymers-material.jpg\" alt=\"\" width=\"800\" height=\"385\" srcset=\"https:\/\/www.atul.co.in\/portuguese\/wp-content\/uploads\/home-polymers-material.jpg 800w, https:\/\/www.atul.co.in\/portuguese\/wp-content\/uploads\/home-polymers-material-768x370.jpg 768w\" sizes=\"auto, (max-width: 800px) 100vw, 800px\" \/>\n<div>\n<h3>Pol\u00edmeros de alto rendimento<\/h3>\n<\/div>\n<p><\/a><\/li>\n<li><a href=\"?page_id=897\"><img loading=\"lazy\" decoding=\"async\" class=\"aligncenter size-full wp-image-31\" src=\"https:\/\/www.atul.co.in\/portuguese\/wp-content\/uploads\/home-polymers-retail.jpg\" alt=\"\" width=\"800\" height=\"385\" srcset=\"https:\/\/www.atul.co.in\/portuguese\/wp-content\/uploads\/home-polymers-retail.jpg 800w, https:\/\/www.atul.co.in\/portuguese\/wp-content\/uploads\/home-polymers-retail-768x370.jpg 768w\" sizes=\"auto, (max-width: 800px) 100vw, 800px\" \/>\n<div>\n<h3>Varejo de pol\u00edmeros<\/h3>\n<\/div>\n<p><\/a><\/li>\n<\/ul>\n<\/div>\n","protected":false},"excerpt":{"rendered":"<p>A Atul \u00e9 uma das maiores empresas qu\u00edmicas integradas da \u00cdndia. Arom\u00e1ticos Arom\u00e1ticos visa ser um neg\u00f3cio de classe mundial, que oferece a seus clientes da ind\u00fastria de cuidados pessoais, dentre outras, produtos e servi\u00e7os de alta qualidade e rent\u00e1veis.<span class=\"ellipsis\">&hellip;<\/span><\/p>\n<div class=\"read-more\"><a href=\"https:\/\/www.atul.co.in\/portuguese\/businesses\">Read more &#8250;<\/a><\/div>\n<p><!-- end of .read-more --><\/p>\n","protected":false},"author":1,"featured_media":6540,"parent":0,"menu_order":0,"comment_status":"closed","ping_status":"closed","template":"full-width-page.php","meta":{"_acf_changed":false,"footnotes":"","_links_to":"","_links_to_target":""},"class_list":["post-1008","page","type-page","status-publish","has-post-thumbnail","hentry"],"acf":[],"yoast_head":"<!-- This site is optimized with the Yoast SEO plugin v26.8 - https:\/\/yoast.com\/product\/yoast-seo-wordpress\/ -->\n<title>Empresas | Atul<\/title>\n<meta name=\"robots\" content=\"index, follow, max-snippet:-1, max-image-preview:large, max-video-preview:-1\" \/>\n<link rel=\"canonical\" href=\"http:\/\/13.127.36.189\/portuguese\/businesses\/\" \/>\n<meta property=\"og:locale\" content=\"en_US\" \/>\n<meta property=\"og:type\" content=\"article\" \/>\n<meta property=\"og:title\" content=\"Empresas | Atul\" \/>\n<meta property=\"og:description\" content=\"A Atul \u00e9 uma das maiores empresas qu\u00edmicas integradas da \u00cdndia. Arom\u00e1ticos Arom\u00e1ticos visa ser um neg\u00f3cio de classe mundial, que oferece a seus clientes da ind\u00fastria de cuidados pessoais, dentre outras, produtos e servi\u00e7os de alta qualidade e rent\u00e1veis.&hellip;Read more &#8250;\" \/>\n<meta property=\"og:url\" content=\"http:\/\/13.127.36.189\/portuguese\/businesses\/\" \/>\n<meta property=\"og:site_name\" content=\"Atul Ltd\" \/>\n<meta property=\"article:modified_time\" content=\"2020-04-16T04:20:05+00:00\" \/>\n<meta property=\"og:image\" content=\"http:\/\/13.127.36.189\/portuguese\/wp-content\/uploads\/2020\/01\/Business_banner-new-1-1.png\" \/>\n\t<meta property=\"og:image:width\" content=\"1250\" \/>\n\t<meta property=\"og:image:height\" content=\"335\" \/>\n\t<meta property=\"og:image:type\" content=\"image\/png\" \/>\n<meta name=\"twitter:card\" content=\"summary_large_image\" \/>\n<meta name=\"twitter:label1\" content=\"Est. reading time\" \/>\n\t<meta name=\"twitter:data1\" content=\"3 minutes\" \/>\n<script type=\"application\/ld+json\" class=\"yoast-schema-graph\">{\"@context\":\"https:\/\/schema.org\",\"@graph\":[{\"@type\":\"WebPage\",\"@id\":\"http:\/\/13.127.36.189\/portuguese\/businesses\/\",\"url\":\"http:\/\/13.127.36.189\/portuguese\/businesses\/\",\"name\":\"Empresas | Atul\",\"isPartOf\":{\"@id\":\"http:\/\/13.127.36.189\/portuguese\/#website\"},\"primaryImageOfPage\":{\"@id\":\"http:\/\/13.127.36.189\/portuguese\/businesses\/#primaryimage\"},\"image\":{\"@id\":\"http:\/\/13.127.36.189\/portuguese\/businesses\/#primaryimage\"},\"thumbnailUrl\":\"https:\/\/www.atul.co.in\/portuguese\/wp-content\/uploads\/2020\/01\/Business_banner-new-1-1.png\",\"datePublished\":\"2017-02-16T12:50:14+00:00\",\"dateModified\":\"2020-04-16T04:20:05+00:00\",\"breadcrumb\":{\"@id\":\"http:\/\/13.127.36.189\/portuguese\/businesses\/#breadcrumb\"},\"inLanguage\":\"en-US\",\"potentialAction\":[{\"@type\":\"ReadAction\",\"target\":[\"http:\/\/13.127.36.189\/portuguese\/businesses\/\"]}]},{\"@type\":\"ImageObject\",\"inLanguage\":\"en-US\",\"@id\":\"http:\/\/13.127.36.189\/portuguese\/businesses\/#primaryimage\",\"url\":\"https:\/\/www.atul.co.in\/portuguese\/wp-content\/uploads\/2020\/01\/Business_banner-new-1-1.png\",\"contentUrl\":\"https:\/\/www.atul.co.in\/portuguese\/wp-content\/uploads\/2020\/01\/Business_banner-new-1-1.png\",\"width\":1250,\"height\":335},{\"@type\":\"BreadcrumbList\",\"@id\":\"http:\/\/13.127.36.189\/portuguese\/businesses\/#breadcrumb\",\"itemListElement\":[{\"@type\":\"ListItem\",\"position\":1,\"name\":\"Home\",\"item\":\"https:\/\/www.atul.co.in\/portuguese\/\"},{\"@type\":\"ListItem\",\"position\":2,\"name\":\"Empresas\"}]},{\"@type\":\"WebSite\",\"@id\":\"http:\/\/13.127.36.189\/portuguese\/#website\",\"url\":\"http:\/\/13.127.36.189\/portuguese\/\",\"name\":\"Atul Ltd\",\"description\":\"\",\"potentialAction\":[{\"@type\":\"SearchAction\",\"target\":{\"@type\":\"EntryPoint\",\"urlTemplate\":\"http:\/\/13.127.36.189\/portuguese\/?s={search_term_string}\"},\"query-input\":{\"@type\":\"PropertyValueSpecification\",\"valueRequired\":true,\"valueName\":\"search_term_string\"}}],\"inLanguage\":\"en-US\"}]}<\/script>\n<!-- \/ Yoast SEO plugin. -->","yoast_head_json":{"title":"Empresas | Atul","robots":{"index":"index","follow":"follow","max-snippet":"max-snippet:-1","max-image-preview":"max-image-preview:large","max-video-preview":"max-video-preview:-1"},"canonical":"http:\/\/13.127.36.189\/portuguese\/businesses\/","og_locale":"en_US","og_type":"article","og_title":"Empresas | Atul","og_description":"A Atul \u00e9 uma das maiores empresas qu\u00edmicas integradas da \u00cdndia. Arom\u00e1ticos Arom\u00e1ticos visa ser um neg\u00f3cio de classe mundial, que oferece a seus clientes da ind\u00fastria de cuidados pessoais, dentre outras, produtos e servi\u00e7os de alta qualidade e rent\u00e1veis.&hellip;Read more &#8250;","og_url":"http:\/\/13.127.36.189\/portuguese\/businesses\/","og_site_name":"Atul Ltd","article_modified_time":"2020-04-16T04:20:05+00:00","og_image":[{"width":1250,"height":335,"url":"http:\/\/13.127.36.189\/portuguese\/wp-content\/uploads\/2020\/01\/Business_banner-new-1-1.png","type":"image\/png"}],"twitter_card":"summary_large_image","twitter_misc":{"Est. reading time":"3 minutes"},"schema":{"@context":"https:\/\/schema.org","@graph":[{"@type":"WebPage","@id":"http:\/\/13.127.36.189\/portuguese\/businesses\/","url":"http:\/\/13.127.36.189\/portuguese\/businesses\/","name":"Empresas | Atul","isPartOf":{"@id":"http:\/\/13.127.36.189\/portuguese\/#website"},"primaryImageOfPage":{"@id":"http:\/\/13.127.36.189\/portuguese\/businesses\/#primaryimage"},"image":{"@id":"http:\/\/13.127.36.189\/portuguese\/businesses\/#primaryimage"},"thumbnailUrl":"https:\/\/www.atul.co.in\/portuguese\/wp-content\/uploads\/2020\/01\/Business_banner-new-1-1.png","datePublished":"2017-02-16T12:50:14+00:00","dateModified":"2020-04-16T04:20:05+00:00","breadcrumb":{"@id":"http:\/\/13.127.36.189\/portuguese\/businesses\/#breadcrumb"},"inLanguage":"en-US","potentialAction":[{"@type":"ReadAction","target":["http:\/\/13.127.36.189\/portuguese\/businesses\/"]}]},{"@type":"ImageObject","inLanguage":"en-US","@id":"http:\/\/13.127.36.189\/portuguese\/businesses\/#primaryimage","url":"https:\/\/www.atul.co.in\/portuguese\/wp-content\/uploads\/2020\/01\/Business_banner-new-1-1.png","contentUrl":"https:\/\/www.atul.co.in\/portuguese\/wp-content\/uploads\/2020\/01\/Business_banner-new-1-1.png","width":1250,"height":335},{"@type":"BreadcrumbList","@id":"http:\/\/13.127.36.189\/portuguese\/businesses\/#breadcrumb","itemListElement":[{"@type":"ListItem","position":1,"name":"Home","item":"https:\/\/www.atul.co.in\/portuguese\/"},{"@type":"ListItem","position":2,"name":"Empresas"}]},{"@type":"WebSite","@id":"http:\/\/13.127.36.189\/portuguese\/#website","url":"http:\/\/13.127.36.189\/portuguese\/","name":"Atul Ltd","description":"","potentialAction":[{"@type":"SearchAction","target":{"@type":"EntryPoint","urlTemplate":"http:\/\/13.127.36.189\/portuguese\/?s={search_term_string}"},"query-input":{"@type":"PropertyValueSpecification","valueRequired":true,"valueName":"search_term_string"}}],"inLanguage":"en-US"}]}},"_links":{"self":[{"href":"https:\/\/www.atul.co.in\/portuguese\/wp-json\/wp\/v2\/pages\/1008","targetHints":{"allow":["GET"]}}],"collection":[{"href":"https:\/\/www.atul.co.in\/portuguese\/wp-json\/wp\/v2\/pages"}],"about":[{"href":"https:\/\/www.atul.co.in\/portuguese\/wp-json\/wp\/v2\/types\/page"}],"author":[{"embeddable":true,"href":"https:\/\/www.atul.co.in\/portuguese\/wp-json\/wp\/v2\/users\/1"}],"replies":[{"embeddable":true,"href":"https:\/\/www.atul.co.in\/portuguese\/wp-json\/wp\/v2\/comments?post=1008"}],"version-history":[{"count":0,"href":"https:\/\/www.atul.co.in\/portuguese\/wp-json\/wp\/v2\/pages\/1008\/revisions"}],"wp:featuredmedia":[{"embeddable":true,"href":"https:\/\/www.atul.co.in\/portuguese\/wp-json\/wp\/v2\/media\/6540"}],"wp:attachment":[{"href":"https:\/\/www.atul.co.in\/portuguese\/wp-json\/wp\/v2\/media?parent=1008"}],"curies":[{"name":"wp","href":"https:\/\/api.w.org\/{rel}","templated":true}]}}