{"id":1046,"date":"2017-02-20T09:11:09","date_gmt":"2017-02-20T09:11:09","guid":{"rendered":"http:\/\/43.242.212.212\/~atulco\/?page_id=1046"},"modified":"2020-05-20T18:18:45","modified_gmt":"2020-05-20T12:48:45","slug":"investorspresentations","status":"publish","type":"page","link":"https:\/\/www.atul.co.in\/portuguese\/investors\/presentations","title":{"rendered":"Apresenta\u00e7\u00f5es"},"content":{"rendered":"<div class=\"breadcrumb\"><a href=\"?page_id=845\">Investidores<\/a> <span>&rsaquo;<\/span> <a href=\"?page_id=1000\">Informa\u00e7\u00e3o para Acionistas<\/a> <span>&rsaquo;<\/span> Apresenta\u00e7\u00f5es<\/div>\n<ul class=\"arrow-list\">\n<li><a href=\"https:\/\/www.atul.co.in\/portuguese\/pdf\/investors\/information-for-stakeholders\/presentations\/2019 AGM - presentation.pdf\" target=\"_blank\">Apresenta\u00e7\u00e3o feita aos Acionistas na AGM no dia 31 de julho de 2019<\/a><\/td>\n<\/li>\n<li><a href=\"https:\/\/www.atul.co.in\/portuguese\/pdf\/investors\/information-for-stakeholders\/presentations\/Analyst Meet May 2019.pdf\" target=\"_blank\">Apresenta\u00e7\u00e3o aos Analistas a 3 de maio de 2019 em Mumbai (Bombaim)<\/a><\/td>\n<\/li>\n<li><a href=\"https:\/\/www.atul.co.in\/portuguese\/pdf\/investors\/information-for-stakeholders\/presentations\/PresentationAGM_2018.pdf\" target=\"_blank\">Apresenta\u00e7\u00e3o aos Acionistas na Assembleia Geral Anual de 27 de julho de 2018<\/a><\/td>\n<\/li>\n<li><a href=\"https:\/\/www.atul.co.in\/portuguese\/pdf\/investors\/information-for-stakeholders\/presentations\/Analyst Meet May 2018.pdf\" target=\"_blank\">Apresenta\u00e7\u00e3o aos Analistas a 4 de maio de 2018 em Mumbai (Bombaim)<\/a><\/td>\n<\/li>\n<li><a href=\"https:\/\/www.atul.co.in\/portuguese\/pdf\/investors\/information-for-stakeholders\/presentations\/Presentationtotheanalystsonmay052017atmumbai.pdf\" target=\"_blank\">Apresenta\u00e7\u00e3o aos Analistas a 5 de maio de 2017 em Mumbai (Bombaim)<\/a><\/td>\n<\/li>\n<li><a href=\"https:\/\/www.atul.co.in\/portuguese\/pdf\/investors\/information-for-stakeholders\/presentations\/Gistofinterviewwithcnbc.pdf\" target=\"_blank\">Refer\u00eancia de entrevista com a CNBC<\/a><\/td>\n<\/li>\n<li><a href=\"https:\/\/www.atul.co.in\/portuguese\/pdf\/investors\/information-for-stakeholders\/presentations\/Presentationmadetoshareholdersattheagmonjuly292016.pdf\" target=\"_blank\">Apresenta\u00e7\u00e3o aos Acionistas na Assembleia Geral Anual de 29 de julho de 2016<\/a><\/li>\n<li><a href=\"https:\/\/www.atul.co.in\/portuguese\/pdf\/investors\/information-for-stakeholders\/presentations\/Noticeofinterviewwithcncb.pdf\" target=\"_blank\">Not\u00edcia da entrevista com a CNBC<\/a><\/li>\n<li><a href=\"https:\/\/www.atul.co.in\/portuguese\/pdf\/investors\/information-for-stakeholders\/presentations\/Presentationtotheanalystsonapril292016atmumbai.pdf\" target=\"_blank\">Apresenta\u00e7\u00e3o aos Analistas a 29 de abril de 2016 em Mumbai (Bombaim)<\/a><\/li>\n<li><a href=\"https:\/\/www.atul.co.in\/portuguese\/pdf\/investors\/information-for-stakeholders\/presentations\/Presentationmadetoshareholdersattheagmonaugust042015.pdf\" target=\"_blank\">Apresenta\u00e7\u00e3o aos Acionistas na Assembleia Geral Anual de 4 agosto de 2015<\/a><\/li>\n<li><a href=\"https:\/\/www.atul.co.in\/portuguese\/pdf\/investors\/information-for-stakeholders\/presentations\/Presentationtotheanalystsonapril302015atmumbai.pdf\" target=\"_blank\">Apresenta\u00e7\u00e3o aos Analistas a 30 de abril de 2015 em Mumbai (Bombaim)<\/a><\/li>\n<li><a href=\"https:\/\/www.atul.co.in\/portuguese\/pdf\/investors\/information-for-stakeholders\/presentations\/Presentationtotheanalystsonmay022014atmumbai.pdf\" target=\"_blank\">Apresenta\u00e7\u00e3o aos Analistas a 2 de maio de 2014 em Mumbai (Bombaim)<\/a><\/li>\n<li><a href=\"https:\/\/www.atul.co.in\/portuguese\/pdf\/investors\/information-for-stakeholders\/presentations\/Presentationtotheanalystsonmay072013atmumbai.pdf\" target=\"_blank\">Apresenta\u00e7\u00e3o aos Analistas a 7 de maio de 2013 em Mumbai (Bombaim)<\/a><\/li>\n<li><a href=\"https:\/\/www.atul.co.in\/portuguese\/pdf\/investors\/information-for-stakeholders\/presentations\/Presentationtotheanalystsonmay152012atmumbai.pdf\" target=\"_blank\">Apresenta\u00e7\u00e3o aos Analistas a 15 de maio de 2012 em Mumbai (Bombaim)<\/a><\/li>\n<\/ul>\n<p><\/p>\n","protected":false},"excerpt":{"rendered":"<p>Investidores &rsaquo; Informa\u00e7\u00e3o para Acionistas &rsaquo; Apresenta\u00e7\u00f5es Apresenta\u00e7\u00e3o feita aos Acionistas na AGM no dia 31 de julho de 2019 Apresenta\u00e7\u00e3o aos Analistas a 3 de maio de 2019 em Mumbai (Bombaim) Apresenta\u00e7\u00e3o aos Acionistas na Assembleia Geral Anual de<span class=\"ellipsis\">&hellip;<\/span><\/p>\n<div class=\"read-more\"><a href=\"https:\/\/www.atul.co.in\/portuguese\/investors\/presentations\">Read more &#8250;<\/a><\/div>\n<p><!-- end of .read-more --><\/p>\n","protected":false},"author":1,"featured_media":5748,"parent":845,"menu_order":0,"comment_status":"closed","ping_status":"closed","template":"","meta":{"_acf_changed":false,"footnotes":"","_links_to":"","_links_to_target":""},"class_list":["post-1046","page","type-page","status-publish","has-post-thumbnail","hentry"],"acf":[],"yoast_head":"<!-- This site is optimized with the Yoast SEO plugin v26.8 - https:\/\/yoast.com\/product\/yoast-seo-wordpress\/ -->\n<title>Apresenta\u00e7\u00f5es | Atul<\/title>\n<meta name=\"robots\" content=\"index, follow, max-snippet:-1, max-image-preview:large, max-video-preview:-1\" \/>\n<link rel=\"canonical\" href=\"https:\/\/www.atul.co.in\/portuguese\/investors\/presentations\/\" \/>\n<meta property=\"og:locale\" content=\"en_US\" \/>\n<meta property=\"og:type\" content=\"article\" \/>\n<meta property=\"og:title\" content=\"Apresenta\u00e7\u00f5es | Atul\" \/>\n<meta property=\"og:description\" content=\"Investidores &rsaquo; Informa\u00e7\u00e3o para Acionistas &rsaquo; Apresenta\u00e7\u00f5es Apresenta\u00e7\u00e3o feita aos Acionistas na AGM no dia 31 de julho de 2019 Apresenta\u00e7\u00e3o aos Analistas a 3 de maio de 2019 em Mumbai (Bombaim) Apresenta\u00e7\u00e3o aos Acionistas na Assembleia Geral Anual de&hellip;Read more &#8250;\" \/>\n<meta property=\"og:url\" content=\"https:\/\/www.atul.co.in\/portuguese\/investors\/presentations\/\" \/>\n<meta property=\"og:site_name\" content=\"Atul Ltd\" \/>\n<meta property=\"article:modified_time\" content=\"2020-05-20T12:48:45+00:00\" \/>\n<meta property=\"og:image\" content=\"https:\/\/www.atul.co.in\/portuguese\/wp-content\/uploads\/2017\/02\/aromatics-banner.jpg\" \/>\n\t<meta property=\"og:image:width\" content=\"1250\" \/>\n\t<meta property=\"og:image:height\" content=\"335\" \/>\n\t<meta property=\"og:image:type\" content=\"image\/jpeg\" \/>\n<meta name=\"twitter:card\" content=\"summary_large_image\" \/>\n<meta name=\"twitter:label1\" content=\"Est. reading time\" \/>\n\t<meta name=\"twitter:data1\" content=\"1 minute\" \/>\n<script type=\"application\/ld+json\" class=\"yoast-schema-graph\">{\"@context\":\"https:\/\/schema.org\",\"@graph\":[{\"@type\":\"WebPage\",\"@id\":\"https:\/\/www.atul.co.in\/portuguese\/investors\/presentations\/\",\"url\":\"https:\/\/www.atul.co.in\/portuguese\/investors\/presentations\/\",\"name\":\"Apresenta\u00e7\u00f5es | Atul\",\"isPartOf\":{\"@id\":\"http:\/\/13.127.36.189\/portuguese\/#website\"},\"primaryImageOfPage\":{\"@id\":\"https:\/\/www.atul.co.in\/portuguese\/investors\/presentations\/#primaryimage\"},\"image\":{\"@id\":\"https:\/\/www.atul.co.in\/portuguese\/investors\/presentations\/#primaryimage\"},\"thumbnailUrl\":\"https:\/\/www.atul.co.in\/portuguese\/wp-content\/uploads\/2017\/02\/aromatics-banner.jpg\",\"datePublished\":\"2017-02-20T09:11:09+00:00\",\"dateModified\":\"2020-05-20T12:48:45+00:00\",\"breadcrumb\":{\"@id\":\"https:\/\/www.atul.co.in\/portuguese\/investors\/presentations\/#breadcrumb\"},\"inLanguage\":\"en-US\",\"potentialAction\":[{\"@type\":\"ReadAction\",\"target\":[\"https:\/\/www.atul.co.in\/portuguese\/investors\/presentations\/\"]}]},{\"@type\":\"ImageObject\",\"inLanguage\":\"en-US\",\"@id\":\"https:\/\/www.atul.co.in\/portuguese\/investors\/presentations\/#primaryimage\",\"url\":\"https:\/\/www.atul.co.in\/portuguese\/wp-content\/uploads\/2017\/02\/aromatics-banner.jpg\",\"contentUrl\":\"https:\/\/www.atul.co.in\/portuguese\/wp-content\/uploads\/2017\/02\/aromatics-banner.jpg\",\"width\":1250,\"height\":335},{\"@type\":\"BreadcrumbList\",\"@id\":\"https:\/\/www.atul.co.in\/portuguese\/investors\/presentations\/#breadcrumb\",\"itemListElement\":[{\"@type\":\"ListItem\",\"position\":1,\"name\":\"Home\",\"item\":\"https:\/\/www.atul.co.in\/portuguese\/\"},{\"@type\":\"ListItem\",\"position\":2,\"name\":\"Investidores\",\"item\":\"https:\/\/www.atul.co.in\/portuguese\/investors\/\"},{\"@type\":\"ListItem\",\"position\":3,\"name\":\"Apresenta\u00e7\u00f5es\"}]},{\"@type\":\"WebSite\",\"@id\":\"http:\/\/13.127.36.189\/portuguese\/#website\",\"url\":\"http:\/\/13.127.36.189\/portuguese\/\",\"name\":\"Atul Ltd\",\"description\":\"\",\"potentialAction\":[{\"@type\":\"SearchAction\",\"target\":{\"@type\":\"EntryPoint\",\"urlTemplate\":\"http:\/\/13.127.36.189\/portuguese\/?s={search_term_string}\"},\"query-input\":{\"@type\":\"PropertyValueSpecification\",\"valueRequired\":true,\"valueName\":\"search_term_string\"}}],\"inLanguage\":\"en-US\"}]}<\/script>\n<!-- \/ Yoast SEO plugin. -->","yoast_head_json":{"title":"Apresenta\u00e7\u00f5es | Atul","robots":{"index":"index","follow":"follow","max-snippet":"max-snippet:-1","max-image-preview":"max-image-preview:large","max-video-preview":"max-video-preview:-1"},"canonical":"https:\/\/www.atul.co.in\/portuguese\/investors\/presentations\/","og_locale":"en_US","og_type":"article","og_title":"Apresenta\u00e7\u00f5es | Atul","og_description":"Investidores &rsaquo; Informa\u00e7\u00e3o para Acionistas &rsaquo; Apresenta\u00e7\u00f5es Apresenta\u00e7\u00e3o feita aos Acionistas na AGM no dia 31 de julho de 2019 Apresenta\u00e7\u00e3o aos Analistas a 3 de maio de 2019 em Mumbai (Bombaim) Apresenta\u00e7\u00e3o aos Acionistas na Assembleia Geral Anual de&hellip;Read more &#8250;","og_url":"https:\/\/www.atul.co.in\/portuguese\/investors\/presentations\/","og_site_name":"Atul Ltd","article_modified_time":"2020-05-20T12:48:45+00:00","og_image":[{"width":1250,"height":335,"url":"https:\/\/www.atul.co.in\/portuguese\/wp-content\/uploads\/2017\/02\/aromatics-banner.jpg","type":"image\/jpeg"}],"twitter_card":"summary_large_image","twitter_misc":{"Est. reading time":"1 minute"},"schema":{"@context":"https:\/\/schema.org","@graph":[{"@type":"WebPage","@id":"https:\/\/www.atul.co.in\/portuguese\/investors\/presentations\/","url":"https:\/\/www.atul.co.in\/portuguese\/investors\/presentations\/","name":"Apresenta\u00e7\u00f5es | Atul","isPartOf":{"@id":"http:\/\/13.127.36.189\/portuguese\/#website"},"primaryImageOfPage":{"@id":"https:\/\/www.atul.co.in\/portuguese\/investors\/presentations\/#primaryimage"},"image":{"@id":"https:\/\/www.atul.co.in\/portuguese\/investors\/presentations\/#primaryimage"},"thumbnailUrl":"https:\/\/www.atul.co.in\/portuguese\/wp-content\/uploads\/2017\/02\/aromatics-banner.jpg","datePublished":"2017-02-20T09:11:09+00:00","dateModified":"2020-05-20T12:48:45+00:00","breadcrumb":{"@id":"https:\/\/www.atul.co.in\/portuguese\/investors\/presentations\/#breadcrumb"},"inLanguage":"en-US","potentialAction":[{"@type":"ReadAction","target":["https:\/\/www.atul.co.in\/portuguese\/investors\/presentations\/"]}]},{"@type":"ImageObject","inLanguage":"en-US","@id":"https:\/\/www.atul.co.in\/portuguese\/investors\/presentations\/#primaryimage","url":"https:\/\/www.atul.co.in\/portuguese\/wp-content\/uploads\/2017\/02\/aromatics-banner.jpg","contentUrl":"https:\/\/www.atul.co.in\/portuguese\/wp-content\/uploads\/2017\/02\/aromatics-banner.jpg","width":1250,"height":335},{"@type":"BreadcrumbList","@id":"https:\/\/www.atul.co.in\/portuguese\/investors\/presentations\/#breadcrumb","itemListElement":[{"@type":"ListItem","position":1,"name":"Home","item":"https:\/\/www.atul.co.in\/portuguese\/"},{"@type":"ListItem","position":2,"name":"Investidores","item":"https:\/\/www.atul.co.in\/portuguese\/investors\/"},{"@type":"ListItem","position":3,"name":"Apresenta\u00e7\u00f5es"}]},{"@type":"WebSite","@id":"http:\/\/13.127.36.189\/portuguese\/#website","url":"http:\/\/13.127.36.189\/portuguese\/","name":"Atul Ltd","description":"","potentialAction":[{"@type":"SearchAction","target":{"@type":"EntryPoint","urlTemplate":"http:\/\/13.127.36.189\/portuguese\/?s={search_term_string}"},"query-input":{"@type":"PropertyValueSpecification","valueRequired":true,"valueName":"search_term_string"}}],"inLanguage":"en-US"}]}},"_links":{"self":[{"href":"https:\/\/www.atul.co.in\/portuguese\/wp-json\/wp\/v2\/pages\/1046","targetHints":{"allow":["GET"]}}],"collection":[{"href":"https:\/\/www.atul.co.in\/portuguese\/wp-json\/wp\/v2\/pages"}],"about":[{"href":"https:\/\/www.atul.co.in\/portuguese\/wp-json\/wp\/v2\/types\/page"}],"author":[{"embeddable":true,"href":"https:\/\/www.atul.co.in\/portuguese\/wp-json\/wp\/v2\/users\/1"}],"replies":[{"embeddable":true,"href":"https:\/\/www.atul.co.in\/portuguese\/wp-json\/wp\/v2\/comments?post=1046"}],"version-history":[{"count":0,"href":"https:\/\/www.atul.co.in\/portuguese\/wp-json\/wp\/v2\/pages\/1046\/revisions"}],"up":[{"embeddable":true,"href":"https:\/\/www.atul.co.in\/portuguese\/wp-json\/wp\/v2\/pages\/845"}],"wp:featuredmedia":[{"embeddable":true,"href":"https:\/\/www.atul.co.in\/portuguese\/wp-json\/wp\/v2\/media\/5748"}],"wp:attachment":[{"href":"https:\/\/www.atul.co.in\/portuguese\/wp-json\/wp\/v2\/media?parent=1046"}],"curies":[{"name":"wp","href":"https:\/\/api.w.org\/{rel}","templated":true}]}}