{"id":111,"date":"2017-01-19T13:37:01","date_gmt":"2017-01-19T13:37:01","guid":{"rendered":"http:\/\/43.242.212.212\/~atulco\/?page_id=111"},"modified":"2025-02-08T10:57:20","modified_gmt":"2025-02-08T05:27:20","slug":"aboutpurpose-values","status":"publish","type":"page","link":"https:\/\/www.atul.co.in\/portuguese\/about\/purpose-values\/","title":{"rendered":"Prop\u00f3sito e valores"},"content":{"rendered":"<div class=\"values\">\n<div class=\"container\">\n<div class=\"text1\"> A Atul \u00e9 uma empresa com um legado privilegiado em termos de neg\u00f3cios e de pessoas, e enfatiza seus 5 Valores principais.<br \/>A Empresa acredita que existe uma sinergia \u00fanica entre os objetivos empresariais e os Valores. <\/div>\n<div class=\"sep\"><\/div>\n<div class=\"purpose-values\">\n<div class='content-column one_half'><div class=\"spaceright\">\n<h2>Crescer com prop\u00f3sito<\/h2>\n<p>Estamos comprometidos em aumentar significativamente o valor das nossas partes interessadas:<\/p>\n<ul class=\"bullets1\">\n<li>fomentar um esp\u00edrito de aprendizado e inova\u00e7\u00e3o cont\u00ednuos<\/li>\n<li>ado\u00e7\u00e3o de desenvolvimentos em ci\u00eancia e tecnologia<\/li>\n<li>fornecer produtos e servi\u00e7os de alta qualidade, tornando-se o parceiro preferido<\/li>\n<li>ter pessoas que praticam valores e exemplificam um alto padr\u00e3o de comportamento<\/li>\n<li>buscar o crescimento sustentado e din\u00e2mico e garantir sucesso no longo prazo<\/li>\n<li>cuidar do meio ambiente de forma respons\u00e1vel<\/li>\n<li>melhorar a qualidade de vida das comunidades em que operamos<\/li>\n<\/ul>\n<div class=\"clear\"><\/div>\n<div class=\"space20\"><\/div>\n<\/div><\/div>\n<div class='content-column one_half last_column'><div class=\"spaceleft\">\n<h2>Fundamentado em valores<\/h2>\n<p>n\u00f3s. Por isso, formalizamos os Valores principais e nos comprometemos em institucionaliz\u00e1-los. Procuraremos criar um ambiente em que esses Valores sejam praticados e nutridos de forma consistente e garantir que eles n\u00e3o sejam comprometidos para obter ganhos no curto prazo.<\/p>\n<div class=\"space10\"><\/div>\n<p><!--div class=\"downloadbooklet\"><a href=\"https:\/\/www.atul.co.in\/portuguese\/wp-content\/uploads\/values_at_atul.pdf\" target=\"_blank\" rel=\"noopener\"><center><img loading=\"lazy\" decoding=\"async\" src=\"https:\/\/www.atul.co.in\/portuguese\/wp-content\/uploads\/booklet-2.png\" alt=\"\" width=\"150\" height=\"166\" class=\"aligncenter size-full wp-image-3908\" srcset=\"https:\/\/www.atul.co.in\/portuguese\/wp-content\/uploads\/booklet-2.png 150w, https:\/\/www.atul.co.in\/portuguese\/wp-content\/uploads\/booklet-2-60x66.png 60w\" sizes=\"auto, (max-width: 150px) 100vw, 150px\" \/><\/center><\/a><\/div-->\n<div class=\"space20\"><\/div>\n<\/div><\/div><div class='clear_column'><\/div><\/div>\n<\/div>\n<div class=\"values-slider-wrapper\">\n<div class=\"title\">Valores que nos guiam<\/div>\n<div class=\"values-slider\">\n<div class=\"container\">\n<div class=\"desktop\"><\/div>\n<div class=\"mobile\"><\/div>\n<\/div>\n<\/div>\n<\/div>\n<\/div>\n","protected":false},"excerpt":{"rendered":"<p>A Atul \u00e9 uma empresa com um legado privilegiado em termos de neg\u00f3cios e de pessoas, e enfatiza seus 5 Valores principais.A Empresa acredita que existe uma sinergia \u00fanica entre os objetivos empresariais e os Valores. Valores que nos guiam<\/p>\n","protected":false},"author":1,"featured_media":5743,"parent":47,"menu_order":0,"comment_status":"closed","ping_status":"closed","template":"full-width-page.php","meta":{"_acf_changed":false,"footnotes":"","_links_to":"","_links_to_target":""},"class_list":["post-111","page","type-page","status-publish","has-post-thumbnail","hentry"],"acf":[],"yoast_head":"<!-- This site is optimized with the Yoast SEO plugin v26.8 - https:\/\/yoast.com\/product\/yoast-seo-wordpress\/ -->\n<title>Prop\u00f3sito e valores | Atul<\/title>\n<meta name=\"robots\" content=\"index, follow, max-snippet:-1, max-image-preview:large, max-video-preview:-1\" \/>\n<link rel=\"canonical\" href=\"http:\/\/13.127.36.189\/portuguese\/about\/purpose-values\/\" \/>\n<meta property=\"og:locale\" content=\"en_US\" \/>\n<meta property=\"og:type\" content=\"article\" \/>\n<meta property=\"og:title\" content=\"Prop\u00f3sito e valores | Atul\" \/>\n<meta property=\"og:description\" content=\"A Atul \u00e9 uma empresa com um legado privilegiado em termos de neg\u00f3cios e de pessoas, e enfatiza seus 5 Valores principais.A Empresa acredita que existe uma sinergia \u00fanica entre os objetivos empresariais e os Valores. Valores que nos guiam\" \/>\n<meta property=\"og:url\" content=\"http:\/\/13.127.36.189\/portuguese\/about\/purpose-values\/\" \/>\n<meta property=\"og:site_name\" content=\"Atul Ltd\" \/>\n<meta property=\"article:modified_time\" content=\"2025-02-08T05:27:20+00:00\" \/>\n<meta property=\"og:image\" content=\"http:\/\/13.127.36.189\/portuguese\/wp-content\/uploads\/2017\/01\/purpose-and-values-banner.jpg\" \/>\n\t<meta property=\"og:image:width\" content=\"1250\" \/>\n\t<meta property=\"og:image:height\" content=\"335\" \/>\n\t<meta property=\"og:image:type\" content=\"image\/jpeg\" \/>\n<meta name=\"twitter:card\" content=\"summary_large_image\" \/>\n<meta name=\"twitter:label1\" content=\"Est. reading time\" \/>\n\t<meta name=\"twitter:data1\" content=\"1 minute\" \/>\n<script type=\"application\/ld+json\" class=\"yoast-schema-graph\">{\"@context\":\"https:\/\/schema.org\",\"@graph\":[{\"@type\":\"WebPage\",\"@id\":\"http:\/\/13.127.36.189\/portuguese\/about\/purpose-values\/\",\"url\":\"http:\/\/13.127.36.189\/portuguese\/about\/purpose-values\/\",\"name\":\"Prop\u00f3sito e valores | Atul\",\"isPartOf\":{\"@id\":\"http:\/\/13.127.36.189\/portuguese\/#website\"},\"primaryImageOfPage\":{\"@id\":\"http:\/\/13.127.36.189\/portuguese\/about\/purpose-values\/#primaryimage\"},\"image\":{\"@id\":\"http:\/\/13.127.36.189\/portuguese\/about\/purpose-values\/#primaryimage\"},\"thumbnailUrl\":\"https:\/\/www.atul.co.in\/portuguese\/wp-content\/uploads\/2017\/01\/purpose-and-values-banner.jpg\",\"datePublished\":\"2017-01-19T13:37:01+00:00\",\"dateModified\":\"2025-02-08T05:27:20+00:00\",\"breadcrumb\":{\"@id\":\"http:\/\/13.127.36.189\/portuguese\/about\/purpose-values\/#breadcrumb\"},\"inLanguage\":\"en-US\",\"potentialAction\":[{\"@type\":\"ReadAction\",\"target\":[\"http:\/\/13.127.36.189\/portuguese\/about\/purpose-values\/\"]}]},{\"@type\":\"ImageObject\",\"inLanguage\":\"en-US\",\"@id\":\"http:\/\/13.127.36.189\/portuguese\/about\/purpose-values\/#primaryimage\",\"url\":\"https:\/\/www.atul.co.in\/portuguese\/wp-content\/uploads\/2017\/01\/purpose-and-values-banner.jpg\",\"contentUrl\":\"https:\/\/www.atul.co.in\/portuguese\/wp-content\/uploads\/2017\/01\/purpose-and-values-banner.jpg\",\"width\":1250,\"height\":335},{\"@type\":\"BreadcrumbList\",\"@id\":\"http:\/\/13.127.36.189\/portuguese\/about\/purpose-values\/#breadcrumb\",\"itemListElement\":[{\"@type\":\"ListItem\",\"position\":1,\"name\":\"Home\",\"item\":\"https:\/\/www.atul.co.in\/portuguese\/\"},{\"@type\":\"ListItem\",\"position\":2,\"name\":\"Sobre\",\"item\":\"http:\/\/13.127.36.189\/portuguese\/about\/\"},{\"@type\":\"ListItem\",\"position\":3,\"name\":\"Prop\u00f3sito e valores\"}]},{\"@type\":\"WebSite\",\"@id\":\"http:\/\/13.127.36.189\/portuguese\/#website\",\"url\":\"http:\/\/13.127.36.189\/portuguese\/\",\"name\":\"Atul Ltd\",\"description\":\"\",\"potentialAction\":[{\"@type\":\"SearchAction\",\"target\":{\"@type\":\"EntryPoint\",\"urlTemplate\":\"http:\/\/13.127.36.189\/portuguese\/?s={search_term_string}\"},\"query-input\":{\"@type\":\"PropertyValueSpecification\",\"valueRequired\":true,\"valueName\":\"search_term_string\"}}],\"inLanguage\":\"en-US\"}]}<\/script>\n<!-- \/ Yoast SEO plugin. -->","yoast_head_json":{"title":"Prop\u00f3sito e valores | Atul","robots":{"index":"index","follow":"follow","max-snippet":"max-snippet:-1","max-image-preview":"max-image-preview:large","max-video-preview":"max-video-preview:-1"},"canonical":"http:\/\/13.127.36.189\/portuguese\/about\/purpose-values\/","og_locale":"en_US","og_type":"article","og_title":"Prop\u00f3sito e valores | Atul","og_description":"A Atul \u00e9 uma empresa com um legado privilegiado em termos de neg\u00f3cios e de pessoas, e enfatiza seus 5 Valores principais.A Empresa acredita que existe uma sinergia \u00fanica entre os objetivos empresariais e os Valores. Valores que nos guiam","og_url":"http:\/\/13.127.36.189\/portuguese\/about\/purpose-values\/","og_site_name":"Atul Ltd","article_modified_time":"2025-02-08T05:27:20+00:00","og_image":[{"width":1250,"height":335,"url":"http:\/\/13.127.36.189\/portuguese\/wp-content\/uploads\/2017\/01\/purpose-and-values-banner.jpg","type":"image\/jpeg"}],"twitter_card":"summary_large_image","twitter_misc":{"Est. reading time":"1 minute"},"schema":{"@context":"https:\/\/schema.org","@graph":[{"@type":"WebPage","@id":"http:\/\/13.127.36.189\/portuguese\/about\/purpose-values\/","url":"http:\/\/13.127.36.189\/portuguese\/about\/purpose-values\/","name":"Prop\u00f3sito e valores | Atul","isPartOf":{"@id":"http:\/\/13.127.36.189\/portuguese\/#website"},"primaryImageOfPage":{"@id":"http:\/\/13.127.36.189\/portuguese\/about\/purpose-values\/#primaryimage"},"image":{"@id":"http:\/\/13.127.36.189\/portuguese\/about\/purpose-values\/#primaryimage"},"thumbnailUrl":"https:\/\/www.atul.co.in\/portuguese\/wp-content\/uploads\/2017\/01\/purpose-and-values-banner.jpg","datePublished":"2017-01-19T13:37:01+00:00","dateModified":"2025-02-08T05:27:20+00:00","breadcrumb":{"@id":"http:\/\/13.127.36.189\/portuguese\/about\/purpose-values\/#breadcrumb"},"inLanguage":"en-US","potentialAction":[{"@type":"ReadAction","target":["http:\/\/13.127.36.189\/portuguese\/about\/purpose-values\/"]}]},{"@type":"ImageObject","inLanguage":"en-US","@id":"http:\/\/13.127.36.189\/portuguese\/about\/purpose-values\/#primaryimage","url":"https:\/\/www.atul.co.in\/portuguese\/wp-content\/uploads\/2017\/01\/purpose-and-values-banner.jpg","contentUrl":"https:\/\/www.atul.co.in\/portuguese\/wp-content\/uploads\/2017\/01\/purpose-and-values-banner.jpg","width":1250,"height":335},{"@type":"BreadcrumbList","@id":"http:\/\/13.127.36.189\/portuguese\/about\/purpose-values\/#breadcrumb","itemListElement":[{"@type":"ListItem","position":1,"name":"Home","item":"https:\/\/www.atul.co.in\/portuguese\/"},{"@type":"ListItem","position":2,"name":"Sobre","item":"http:\/\/13.127.36.189\/portuguese\/about\/"},{"@type":"ListItem","position":3,"name":"Prop\u00f3sito e valores"}]},{"@type":"WebSite","@id":"http:\/\/13.127.36.189\/portuguese\/#website","url":"http:\/\/13.127.36.189\/portuguese\/","name":"Atul Ltd","description":"","potentialAction":[{"@type":"SearchAction","target":{"@type":"EntryPoint","urlTemplate":"http:\/\/13.127.36.189\/portuguese\/?s={search_term_string}"},"query-input":{"@type":"PropertyValueSpecification","valueRequired":true,"valueName":"search_term_string"}}],"inLanguage":"en-US"}]}},"_links":{"self":[{"href":"https:\/\/www.atul.co.in\/portuguese\/wp-json\/wp\/v2\/pages\/111","targetHints":{"allow":["GET"]}}],"collection":[{"href":"https:\/\/www.atul.co.in\/portuguese\/wp-json\/wp\/v2\/pages"}],"about":[{"href":"https:\/\/www.atul.co.in\/portuguese\/wp-json\/wp\/v2\/types\/page"}],"author":[{"embeddable":true,"href":"https:\/\/www.atul.co.in\/portuguese\/wp-json\/wp\/v2\/users\/1"}],"replies":[{"embeddable":true,"href":"https:\/\/www.atul.co.in\/portuguese\/wp-json\/wp\/v2\/comments?post=111"}],"version-history":[{"count":0,"href":"https:\/\/www.atul.co.in\/portuguese\/wp-json\/wp\/v2\/pages\/111\/revisions"}],"up":[{"embeddable":true,"href":"https:\/\/www.atul.co.in\/portuguese\/wp-json\/wp\/v2\/pages\/47"}],"wp:featuredmedia":[{"embeddable":true,"href":"https:\/\/www.atul.co.in\/portuguese\/wp-json\/wp\/v2\/media\/5743"}],"wp:attachment":[{"href":"https:\/\/www.atul.co.in\/portuguese\/wp-json\/wp\/v2\/media?parent=111"}],"curies":[{"name":"wp","href":"https:\/\/api.w.org\/{rel}","templated":true}]}}