{"id":1175,"date":"2017-03-09T16:16:42","date_gmt":"2017-03-09T16:16:42","guid":{"rendered":"http:\/\/43.242.212.212\/~atulco\/?page_id=1175"},"modified":"2020-05-20T20:41:19","modified_gmt":"2020-05-20T15:11:19","slug":"bulkchemicalsabout","status":"publish","type":"page","link":"https:\/\/www.atul.co.in\/portuguese\/bulkchemicals\/about","title":{"rendered":"Sobre Produtos qu\u00edmicos a granel e intermedi\u00e1rios"},"content":{"rendered":"<div class=\"container\">\n<div align=\"justify\">\n<div class=\"about-text\">\n<p align=\"justify\">O Neg\u00f3cio de Produtos Qu\u00edmicos a Granel e Intermedi\u00e1rios foi estabelecido em 1960 para atender os requisitos cativos da empresa, especialemente de hidr\u00f3xido de s\u00f3dio, cloro, \u00e1cido sulf\u00farico, oleum e tri\u00f3xido sulf\u00farico. O neg\u00f3cio se distingue por ser o \u00fanico fabricante de resorcinol na \u00cdndia. Tamb\u00e9m fabrica produtos de valor agregado como resinas de formalde\u00eddo de resorcinol, 1-3 ciclohexanodiona e anisol.<\/p>\n<p align=\"justify\">As instala\u00e7\u00f5es de pesquisa e fabrica\u00e7\u00e3o ficam em Atul, Gujarat.<\/p>\n<p align=\"justify\">Com um portf\u00f3lio de 26 produtos, a Produtos Qu\u00edmicos a Granel e Intermedi\u00e1rios atende cerca de 200 clientes em 20 pa\u00edses. Al\u00e9m do consumo cativo, os produtos tamb\u00e9m s\u00e3o usados por clientes da ind\u00fastria de cosm\u00e9ticos, corantes e pneus.<\/p>\n<p align=\"justify\">A empresa possui certifica\u00e7\u00e3o ISO 9001 e ISO 14001. Os principais produtos da empresa s\u00e3o registrados pelo Regulamento REACH.<\/p>\n<p align=\"justify\">A equipe \u00e9 composta por cerca de 220 membros.<\/p>\n<\/div>\n<\/div>\n<\/div>\n","protected":false},"excerpt":{"rendered":"<p>O Neg\u00f3cio de Produtos Qu\u00edmicos a Granel e Intermedi\u00e1rios foi estabelecido em 1960 para atender os requisitos cativos da empresa, especialemente de hidr\u00f3xido de s\u00f3dio, cloro, \u00e1cido sulf\u00farico, oleum e tri\u00f3xido sulf\u00farico. O neg\u00f3cio se distingue por ser o \u00fanico<span class=\"ellipsis\">&hellip;<\/span><\/p>\n<div class=\"read-more\"><a href=\"https:\/\/www.atul.co.in\/portuguese\/bulkchemicals\/about\">Read more &#8250;<\/a><\/div>\n<p><!-- end of .read-more --><\/p>\n","protected":false},"author":1,"featured_media":956,"parent":0,"menu_order":0,"comment_status":"closed","ping_status":"closed","template":"bulk-chemicals-intermediates-microsite-pages.php","meta":{"_acf_changed":false,"footnotes":"","_links_to":"","_links_to_target":""},"class_list":["post-1175","page","type-page","status-publish","has-post-thumbnail","hentry"],"acf":[],"yoast_head":"<!-- This site is optimized with the Yoast SEO plugin v26.8 - https:\/\/yoast.com\/product\/yoast-seo-wordpress\/ -->\n<title>Sobre | Produtos qu\u00edmicos a granel e intermedi\u00e1rios | Atul<\/title>\n<meta name=\"robots\" content=\"index, follow, max-snippet:-1, max-image-preview:large, max-video-preview:-1\" \/>\n<link rel=\"canonical\" href=\"https:\/\/www.atul.co.in\/portuguese\/bulkchemicals\/about\/\" \/>\n<meta property=\"og:locale\" content=\"en_US\" \/>\n<meta property=\"og:type\" content=\"article\" \/>\n<meta property=\"og:title\" content=\"Sobre | Produtos qu\u00edmicos a granel e intermedi\u00e1rios | Atul\" \/>\n<meta property=\"og:description\" content=\"O Neg\u00f3cio de Produtos Qu\u00edmicos a Granel e Intermedi\u00e1rios foi estabelecido em 1960 para atender os requisitos cativos da empresa, especialemente de hidr\u00f3xido de s\u00f3dio, cloro, \u00e1cido sulf\u00farico, oleum e tri\u00f3xido sulf\u00farico. O neg\u00f3cio se distingue por ser o \u00fanico&hellip;Read more &#8250;\" \/>\n<meta property=\"og:url\" content=\"https:\/\/www.atul.co.in\/portuguese\/bulkchemicals\/about\/\" \/>\n<meta property=\"og:site_name\" content=\"Atul Ltd\" \/>\n<meta property=\"article:modified_time\" content=\"2020-05-20T15:11:19+00:00\" \/>\n<meta property=\"og:image\" content=\"https:\/\/www.atul.co.in\/portuguese\/wp-content\/uploads\/bulk-chemicals-and-intermediates-banner.png\" \/>\n\t<meta property=\"og:image:width\" content=\"1246\" \/>\n\t<meta property=\"og:image:height\" content=\"400\" \/>\n\t<meta property=\"og:image:type\" content=\"image\/png\" \/>\n<meta name=\"twitter:card\" content=\"summary_large_image\" \/>\n<meta name=\"twitter:label1\" content=\"Est. reading time\" \/>\n\t<meta name=\"twitter:data1\" content=\"1 minute\" \/>\n<script type=\"application\/ld+json\" class=\"yoast-schema-graph\">{\"@context\":\"https:\/\/schema.org\",\"@graph\":[{\"@type\":\"WebPage\",\"@id\":\"https:\/\/www.atul.co.in\/portuguese\/bulkchemicals\/about\/\",\"url\":\"https:\/\/www.atul.co.in\/portuguese\/bulkchemicals\/about\/\",\"name\":\"Sobre | Produtos qu\u00edmicos a granel e intermedi\u00e1rios | Atul\",\"isPartOf\":{\"@id\":\"http:\/\/13.127.36.189\/portuguese\/#website\"},\"primaryImageOfPage\":{\"@id\":\"https:\/\/www.atul.co.in\/portuguese\/bulkchemicals\/about\/#primaryimage\"},\"image\":{\"@id\":\"https:\/\/www.atul.co.in\/portuguese\/bulkchemicals\/about\/#primaryimage\"},\"thumbnailUrl\":\"https:\/\/www.atul.co.in\/portuguese\/wp-content\/uploads\/bulk-chemicals-and-intermediates-banner.png\",\"datePublished\":\"2017-03-09T16:16:42+00:00\",\"dateModified\":\"2020-05-20T15:11:19+00:00\",\"breadcrumb\":{\"@id\":\"https:\/\/www.atul.co.in\/portuguese\/bulkchemicals\/about\/#breadcrumb\"},\"inLanguage\":\"en-US\",\"potentialAction\":[{\"@type\":\"ReadAction\",\"target\":[\"https:\/\/www.atul.co.in\/portuguese\/bulkchemicals\/about\/\"]}]},{\"@type\":\"ImageObject\",\"inLanguage\":\"en-US\",\"@id\":\"https:\/\/www.atul.co.in\/portuguese\/bulkchemicals\/about\/#primaryimage\",\"url\":\"https:\/\/www.atul.co.in\/portuguese\/wp-content\/uploads\/bulk-chemicals-and-intermediates-banner.png\",\"contentUrl\":\"https:\/\/www.atul.co.in\/portuguese\/wp-content\/uploads\/bulk-chemicals-and-intermediates-banner.png\",\"width\":1246,\"height\":400},{\"@type\":\"BreadcrumbList\",\"@id\":\"https:\/\/www.atul.co.in\/portuguese\/bulkchemicals\/about\/#breadcrumb\",\"itemListElement\":[{\"@type\":\"ListItem\",\"position\":1,\"name\":\"Home\",\"item\":\"https:\/\/www.atul.co.in\/portuguese\/\"},{\"@type\":\"ListItem\",\"position\":2,\"name\":\"Sobre Produtos qu\u00edmicos a granel e intermedi\u00e1rios\"}]},{\"@type\":\"WebSite\",\"@id\":\"http:\/\/13.127.36.189\/portuguese\/#website\",\"url\":\"http:\/\/13.127.36.189\/portuguese\/\",\"name\":\"Atul Ltd\",\"description\":\"\",\"potentialAction\":[{\"@type\":\"SearchAction\",\"target\":{\"@type\":\"EntryPoint\",\"urlTemplate\":\"http:\/\/13.127.36.189\/portuguese\/?s={search_term_string}\"},\"query-input\":{\"@type\":\"PropertyValueSpecification\",\"valueRequired\":true,\"valueName\":\"search_term_string\"}}],\"inLanguage\":\"en-US\"}]}<\/script>\n<!-- \/ Yoast SEO plugin. -->","yoast_head_json":{"title":"Sobre | Produtos qu\u00edmicos a granel e intermedi\u00e1rios | Atul","robots":{"index":"index","follow":"follow","max-snippet":"max-snippet:-1","max-image-preview":"max-image-preview:large","max-video-preview":"max-video-preview:-1"},"canonical":"https:\/\/www.atul.co.in\/portuguese\/bulkchemicals\/about\/","og_locale":"en_US","og_type":"article","og_title":"Sobre | Produtos qu\u00edmicos a granel e intermedi\u00e1rios | Atul","og_description":"O Neg\u00f3cio de Produtos Qu\u00edmicos a Granel e Intermedi\u00e1rios foi estabelecido em 1960 para atender os requisitos cativos da empresa, especialemente de hidr\u00f3xido de s\u00f3dio, cloro, \u00e1cido sulf\u00farico, oleum e tri\u00f3xido sulf\u00farico. O neg\u00f3cio se distingue por ser o \u00fanico&hellip;Read more &#8250;","og_url":"https:\/\/www.atul.co.in\/portuguese\/bulkchemicals\/about\/","og_site_name":"Atul Ltd","article_modified_time":"2020-05-20T15:11:19+00:00","og_image":[{"width":1246,"height":400,"url":"https:\/\/www.atul.co.in\/portuguese\/wp-content\/uploads\/bulk-chemicals-and-intermediates-banner.png","type":"image\/png"}],"twitter_card":"summary_large_image","twitter_misc":{"Est. reading time":"1 minute"},"schema":{"@context":"https:\/\/schema.org","@graph":[{"@type":"WebPage","@id":"https:\/\/www.atul.co.in\/portuguese\/bulkchemicals\/about\/","url":"https:\/\/www.atul.co.in\/portuguese\/bulkchemicals\/about\/","name":"Sobre | Produtos qu\u00edmicos a granel e intermedi\u00e1rios | Atul","isPartOf":{"@id":"http:\/\/13.127.36.189\/portuguese\/#website"},"primaryImageOfPage":{"@id":"https:\/\/www.atul.co.in\/portuguese\/bulkchemicals\/about\/#primaryimage"},"image":{"@id":"https:\/\/www.atul.co.in\/portuguese\/bulkchemicals\/about\/#primaryimage"},"thumbnailUrl":"https:\/\/www.atul.co.in\/portuguese\/wp-content\/uploads\/bulk-chemicals-and-intermediates-banner.png","datePublished":"2017-03-09T16:16:42+00:00","dateModified":"2020-05-20T15:11:19+00:00","breadcrumb":{"@id":"https:\/\/www.atul.co.in\/portuguese\/bulkchemicals\/about\/#breadcrumb"},"inLanguage":"en-US","potentialAction":[{"@type":"ReadAction","target":["https:\/\/www.atul.co.in\/portuguese\/bulkchemicals\/about\/"]}]},{"@type":"ImageObject","inLanguage":"en-US","@id":"https:\/\/www.atul.co.in\/portuguese\/bulkchemicals\/about\/#primaryimage","url":"https:\/\/www.atul.co.in\/portuguese\/wp-content\/uploads\/bulk-chemicals-and-intermediates-banner.png","contentUrl":"https:\/\/www.atul.co.in\/portuguese\/wp-content\/uploads\/bulk-chemicals-and-intermediates-banner.png","width":1246,"height":400},{"@type":"BreadcrumbList","@id":"https:\/\/www.atul.co.in\/portuguese\/bulkchemicals\/about\/#breadcrumb","itemListElement":[{"@type":"ListItem","position":1,"name":"Home","item":"https:\/\/www.atul.co.in\/portuguese\/"},{"@type":"ListItem","position":2,"name":"Sobre Produtos qu\u00edmicos a granel e intermedi\u00e1rios"}]},{"@type":"WebSite","@id":"http:\/\/13.127.36.189\/portuguese\/#website","url":"http:\/\/13.127.36.189\/portuguese\/","name":"Atul Ltd","description":"","potentialAction":[{"@type":"SearchAction","target":{"@type":"EntryPoint","urlTemplate":"http:\/\/13.127.36.189\/portuguese\/?s={search_term_string}"},"query-input":{"@type":"PropertyValueSpecification","valueRequired":true,"valueName":"search_term_string"}}],"inLanguage":"en-US"}]}},"_links":{"self":[{"href":"https:\/\/www.atul.co.in\/portuguese\/wp-json\/wp\/v2\/pages\/1175","targetHints":{"allow":["GET"]}}],"collection":[{"href":"https:\/\/www.atul.co.in\/portuguese\/wp-json\/wp\/v2\/pages"}],"about":[{"href":"https:\/\/www.atul.co.in\/portuguese\/wp-json\/wp\/v2\/types\/page"}],"author":[{"embeddable":true,"href":"https:\/\/www.atul.co.in\/portuguese\/wp-json\/wp\/v2\/users\/1"}],"replies":[{"embeddable":true,"href":"https:\/\/www.atul.co.in\/portuguese\/wp-json\/wp\/v2\/comments?post=1175"}],"version-history":[{"count":0,"href":"https:\/\/www.atul.co.in\/portuguese\/wp-json\/wp\/v2\/pages\/1175\/revisions"}],"wp:featuredmedia":[{"embeddable":true,"href":"https:\/\/www.atul.co.in\/portuguese\/wp-json\/wp\/v2\/media\/956"}],"wp:attachment":[{"href":"https:\/\/www.atul.co.in\/portuguese\/wp-json\/wp\/v2\/media?parent=1175"}],"curies":[{"name":"wp","href":"https:\/\/api.w.org\/{rel}","templated":true}]}}