{"id":1410,"date":"2017-04-07T11:10:19","date_gmt":"2017-04-07T11:10:19","guid":{"rendered":"http:\/\/43.242.212.212\/~atulco\/?page_id=1410"},"modified":"2020-05-20T18:15:03","modified_gmt":"2020-05-20T12:45:03","slug":"investorsfinancial-statements","status":"publish","type":"page","link":"https:\/\/www.atul.co.in\/portuguese\/investors\/financial-statements","title":{"rendered":"Demonstra\u00e7\u00f5es Financeiras"},"content":{"rendered":"<div class=\"breadcrumb\"><a href=\"?page_id=845\">Investidores<\/a> <span>&rsaquo;<\/span> <a href=\"?page_id=1000\">Informa\u00e7\u00e3o para Acionistas<\/a> <span>&rsaquo;<\/span> Demonstra\u00e7\u00f5es Financeiras<\/div>\n<ul class=\"arrow-list\">\n<li><a href=\"https:\/\/www.atul.co.in\/portuguese\/pdf\/investors\/information-for-stakeholders\/financial-statements\/Aaranyak Urmi Ltd.pdf\" target=\"_blank\">Aaranyak Urmi Ltd<\/a><\/li>\n<li><a href=\"https:\/\/www.atul.co.in\/portuguese\/pdf\/investors\/information-for-stakeholders\/financial-statements\/Aasthan Dates Ltd.pdf\" target=\"_blank\"> Aasthan Dates Ltd<\/a><\/li>\n<li><a href=\"https:\/\/www.atul.co.in\/portuguese\/pdf\/investors\/information-for-stakeholders\/financial-statements\/Amal - Annual Report 2019_v9 09-7-2019 Final for web.pdf\" target=\"_blank\"> Amal Ltd<\/a><\/li>\n<li><a href=\"https:\/\/www.atul.co.in\/portuguese\/pdf\/investors\/information-for-stakeholders\/financial-statements\/Anaven LLP.pdf\" target=\"_blank\">Anaven LLP<\/a><\/li>\n<li><a href=\"https:\/\/www.atul.co.in\/portuguese\/pdf\/investors\/information-for-stakeholders\/financial-statements\/Anchor Adhesives Pvt Ltd.pdf\" target=\"_blank\"> Anchor Adhesives Pvt Ltd<\/a><\/li>\n<li><a href=\"https:\/\/www.atul.co.in\/portuguese\/pdf\/investors\/information-for-stakeholders\/financial-statements\/Atul Aarogya Ltd.pdf\" target=\"_blank\"> Atul Aarogya Ltd<\/a><\/li>\n<li><a href=\"https:\/\/www.atul.co.in\/portuguese\/pdf\/investors\/information-for-stakeholders\/financial-statements\/Atul Ayurveda Ltd.pdf\" target=\"_blank\"> Atul Ayurveda Ltd<\/a><\/li>\n<li><a href=\"https:\/\/www.atul.co.in\/portuguese\/pdf\/investors\/information-for-stakeholders\/financial-statements\/ABL Annual Report 2019.pdf\" target=\"_blank\"> Atul Bioscience Ltd<\/a><\/li>\n<li><a href=\"https:\/\/www.atul.co.in\/portuguese\/pdf\/investors\/information-for-stakeholders\/financial-statements\/Atul Bio Space Ltd.pdf\" target=\"_blank\"> Atul Bio Space Ltd<\/a><\/li>\n<li><a href=\"https:\/\/www.atul.co.in\/portuguese\/pdf\/investors\/information-for-stakeholders\/financial-statements\/Atul Brasil Quimicos Ltda.pdf\" target=\"_blank\">Atul Brasil Quimicos Ltda<\/a><\/li>\n<li><a href=\"https:\/\/www.atul.co.in\/portuguese\/pdf\/investors\/information-for-stakeholders\/financial-statements\/Atul China Ltd.pdf\" target=\"_blank\"> Atul China Ltd<\/a><\/li>\n<li><a href=\"https:\/\/www.atul.co.in\/portuguese\/pdf\/investors\/information-for-stakeholders\/financial-statements\/Atul Clean Energy Ltd.pdf\" target=\"_blank\"> Atul Clean Energy Ltd<\/a><\/li>\n<li><a href=\"https:\/\/www.atul.co.in\/portuguese\/pdf\/investors\/information-for-stakeholders\/financial-statements\/Atul Crop Care Ltd.pdf\" target=\"_blank\"> Atul Crop Care Ltd<\/a><\/li>\n<li><a href=\"https:\/\/www.atul.co.in\/portuguese\/pdf\/investors\/information-for-stakeholders\/financial-statements\/Atul Deutschland GmbH.pdf\" target=\"_blank\">Atul Deutschland GmbH<\/a><\/li>\n<li><a href=\"https:\/\/www.atul.co.in\/portuguese\/pdf\/investors\/information-for-stakeholders\/financial-statements\/Atul Elkay Polymers Ltd.pdf\" target=\"_blank\"> Atul Elkay Polymers Ltd<\/a><\/li>\n<li><a href=\"https:\/\/www.atul.co.in\/portuguese\/pdf\/investors\/information-for-stakeholders\/financial-statements\/Atul Entertainment Ltd.pdf\" target=\"_blank\"> Atul Entertainment Ltd<\/a><\/li>\n<li><a href=\"https:\/\/www.atul.co.in\/portuguese\/pdf\/investors\/information-for-stakeholders\/financial-statements\/Atul Europe Ltd.pdf\" target=\"_blank\"> Atul Europe Ltd<\/a><\/li>\n<li><a href=\"https:\/\/www.atul.co.in\/portuguese\/pdf\/investors\/information-for-stakeholders\/financial-statements\/Atul Fin Resources Ltd.pdf\" target=\"_blank\"> Atul Fin Resources Ltd<\/a><\/li>\n<li><a href=\"https:\/\/www.atul.co.in\/portuguese\/pdf\/investors\/information-for-stakeholders\/financial-statements\/Atul Finserv Ltd.pdf\" target=\"_blank\"> Atul Finserv Ltd<\/a><\/li>\n<li><a href=\"https:\/\/www.atul.co.in\/portuguese\/pdf\/investors\/information-for-stakeholders\/financial-statements\/Atul Hospitality Ltd.pdf\" target=\"_blank\"> Atul Hospitality Ltd<\/a><\/li>\n<li><a href=\"https:\/\/www.atul.co.in\/portuguese\/pdf\/investors\/information-for-stakeholders\/financial-statements\/Atul Infotech Pvt Ltd.pdf\" target=\"_blank\"> Atul Infotech Pvt Ltd<\/a><\/li>\n<li><a href=\"https:\/\/www.atul.co.in\/portuguese\/pdf\/investors\/information-for-stakeholders\/financial-statements\/Atul Middle East FZ-LLC.pdf\" target=\"_blank\">Atul Middle East FZ LLC<\/a><\/li>\n<li><a href=\"https:\/\/www.atul.co.in\/portuguese\/pdf\/investors\/information-for-stakeholders\/financial-statements\/Atul Nivesh Ltd.pdf\" target=\"_blank\"> Atul Nivesh Ltd<\/a><\/li>\n<li><a href=\"https:\/\/www.atul.co.in\/portuguese\/pdf\/investors\/information-for-stakeholders\/financial-statements\/ARDP_2019.pdf\" target=\"_blank\"> Atul Rajasthan Date Palms Ltd<\/a><\/li>\n<li><a href=\"https:\/\/www.atul.co.in\/portuguese\/pdf\/investors\/information-for-stakeholders\/financial-statements\/Atul Retail (Brands) Ltd.pdf\" target=\"_blank\"> Atul (Retail) Brands Ltd<\/a><\/li>\n<li><a href=\"https:\/\/www.atul.co.in\/portuguese\/pdf\/investors\/information-for-stakeholders\/financial-statements\/Atul Seeds Ltd.pdf\" target=\"_blank\"> Atul Seeds Ltd<\/a><\/li>\n<li><a href=\"https:\/\/www.atul.co.in\/portuguese\/pdf\/investors\/information-for-stakeholders\/financial-statements\/Atul USA Inc.pdf\" target=\"_blank\"> Atul USA Ltd<\/a><\/li>\n<li><a href=\"https:\/\/www.atul.co.in\/portuguese\/pdf\/investors\/information-for-stakeholders\/financial-statements\/Biyaban Agri Ltd.pdf\" target=\"_blank\"> Biyaban Agri Ltd<\/a><\/li>\n<li><a href=\"https:\/\/www.atul.co.in\/portuguese\/pdf\/investors\/information-for-stakeholders\/financial-statements\/DPD Ltd.pdf\" target=\"_blank\"> DPD Ltd<\/a><\/li>\n<li><a href=\"https:\/\/www.atul.co.in\/portuguese\/pdf\/investors\/information-for-stakeholders\/financial-statements\/Jayati Infrastructure Ltd.pdf\" target=\"_blank\"> Jayati Infrastructure Ltd<\/a><\/li>\n<li><a href=\"https:\/\/www.atul.co.in\/portuguese\/pdf\/investors\/information-for-stakeholders\/financial-statements\/Lapox Polymers Ltd.pdf\" target=\"_blank\"> Lapox Polymers Ltd<\/a><\/li>\n<li><a href=\"https:\/\/www.atul.co.in\/portuguese\/pdf\/investors\/information-for-stakeholders\/financial-statements\/Osia Dairy Ltd.pdf\" target=\"_blank\"> Osia Dairy Ltd<\/a><\/li>\n<li><a href=\"https:\/\/www.atul.co.in\/portuguese\/pdf\/investors\/information-for-stakeholders\/financial-statements\/Osia Infrastructure Ltd.pdf\" target=\"_blank\"> Osia Infrastructure Ltd<\/a><\/li>\n<li><a href=\"https:\/\/www.atul.co.in\/portuguese\/pdf\/investors\/information-for-stakeholders\/financial-statements\/Raja Dates Ltd.pdf\" target=\"_blank\"> Raja Dates Ltd<\/a><\/li>\n<li><a href=\"https:\/\/www.atul.co.in\/portuguese\/pdf\/investors\/information-for-stakeholders\/financial-statements\/RACL AR 2018-19 final file.pdf\" target=\"_blank\"> Rudolf Atul Chemicals Ltd<\/a><\/li>\n<\/ul>\n<p><\/p>\n","protected":false},"excerpt":{"rendered":"<p>Investidores &rsaquo; Informa\u00e7\u00e3o para Acionistas &rsaquo; Demonstra\u00e7\u00f5es Financeiras Aaranyak Urmi Ltd Aasthan Dates Ltd Amal Ltd Anaven LLP Anchor Adhesives Pvt Ltd Atul Aarogya Ltd Atul Ayurveda Ltd Atul Bioscience Ltd Atul Bio Space Ltd Atul Brasil Quimicos Ltda Atul<span class=\"ellipsis\">&hellip;<\/span><\/p>\n<div class=\"read-more\"><a href=\"https:\/\/www.atul.co.in\/portuguese\/investors\/financial-statements\">Read more &#8250;<\/a><\/div>\n<p><!-- end of .read-more --><\/p>\n","protected":false},"author":1,"featured_media":5748,"parent":1000,"menu_order":0,"comment_status":"closed","ping_status":"closed","template":"","meta":{"_acf_changed":false,"footnotes":"","_links_to":"","_links_to_target":""},"class_list":["post-1410","page","type-page","status-publish","has-post-thumbnail","hentry"],"acf":[],"yoast_head":"<!-- This site is optimized with the Yoast SEO plugin v26.8 - https:\/\/yoast.com\/product\/yoast-seo-wordpress\/ -->\n<title>Demonstra\u00e7\u00f5es Financeiras | Atul<\/title>\n<meta name=\"robots\" content=\"index, follow, max-snippet:-1, max-image-preview:large, max-video-preview:-1\" \/>\n<link rel=\"canonical\" href=\"https:\/\/www.atul.co.in\/portuguese\/investors\/financial-statements\/\" \/>\n<meta property=\"og:locale\" content=\"en_US\" \/>\n<meta property=\"og:type\" content=\"article\" \/>\n<meta property=\"og:title\" content=\"Demonstra\u00e7\u00f5es Financeiras | Atul\" \/>\n<meta property=\"og:description\" content=\"Investidores &rsaquo; Informa\u00e7\u00e3o para Acionistas &rsaquo; Demonstra\u00e7\u00f5es Financeiras Aaranyak Urmi Ltd Aasthan Dates Ltd Amal Ltd Anaven LLP Anchor Adhesives Pvt Ltd Atul Aarogya Ltd Atul Ayurveda Ltd Atul Bioscience Ltd Atul Bio Space Ltd Atul Brasil Quimicos Ltda Atul&hellip;Read more &#8250;\" \/>\n<meta property=\"og:url\" content=\"https:\/\/www.atul.co.in\/portuguese\/investors\/financial-statements\/\" \/>\n<meta property=\"og:site_name\" content=\"Atul Ltd\" \/>\n<meta property=\"article:modified_time\" content=\"2020-05-20T12:45:03+00:00\" \/>\n<meta property=\"og:image\" content=\"https:\/\/www.atul.co.in\/portuguese\/wp-content\/uploads\/2017\/02\/aromatics-banner.jpg\" \/>\n\t<meta property=\"og:image:width\" content=\"1250\" \/>\n\t<meta property=\"og:image:height\" content=\"335\" \/>\n\t<meta property=\"og:image:type\" content=\"image\/jpeg\" \/>\n<meta name=\"twitter:card\" content=\"summary_large_image\" \/>\n<meta name=\"twitter:label1\" content=\"Est. reading time\" \/>\n\t<meta name=\"twitter:data1\" content=\"1 minute\" \/>\n<script type=\"application\/ld+json\" class=\"yoast-schema-graph\">{\"@context\":\"https:\/\/schema.org\",\"@graph\":[{\"@type\":\"WebPage\",\"@id\":\"https:\/\/www.atul.co.in\/portuguese\/investors\/financial-statements\/\",\"url\":\"https:\/\/www.atul.co.in\/portuguese\/investors\/financial-statements\/\",\"name\":\"Demonstra\u00e7\u00f5es Financeiras | Atul\",\"isPartOf\":{\"@id\":\"http:\/\/13.127.36.189\/portuguese\/#website\"},\"primaryImageOfPage\":{\"@id\":\"https:\/\/www.atul.co.in\/portuguese\/investors\/financial-statements\/#primaryimage\"},\"image\":{\"@id\":\"https:\/\/www.atul.co.in\/portuguese\/investors\/financial-statements\/#primaryimage\"},\"thumbnailUrl\":\"https:\/\/www.atul.co.in\/portuguese\/wp-content\/uploads\/2017\/02\/aromatics-banner.jpg\",\"datePublished\":\"2017-04-07T11:10:19+00:00\",\"dateModified\":\"2020-05-20T12:45:03+00:00\",\"breadcrumb\":{\"@id\":\"https:\/\/www.atul.co.in\/portuguese\/investors\/financial-statements\/#breadcrumb\"},\"inLanguage\":\"en-US\",\"potentialAction\":[{\"@type\":\"ReadAction\",\"target\":[\"https:\/\/www.atul.co.in\/portuguese\/investors\/financial-statements\/\"]}]},{\"@type\":\"ImageObject\",\"inLanguage\":\"en-US\",\"@id\":\"https:\/\/www.atul.co.in\/portuguese\/investors\/financial-statements\/#primaryimage\",\"url\":\"https:\/\/www.atul.co.in\/portuguese\/wp-content\/uploads\/2017\/02\/aromatics-banner.jpg\",\"contentUrl\":\"https:\/\/www.atul.co.in\/portuguese\/wp-content\/uploads\/2017\/02\/aromatics-banner.jpg\",\"width\":1250,\"height\":335},{\"@type\":\"BreadcrumbList\",\"@id\":\"https:\/\/www.atul.co.in\/portuguese\/investors\/financial-statements\/#breadcrumb\",\"itemListElement\":[{\"@type\":\"ListItem\",\"position\":1,\"name\":\"Home\",\"item\":\"https:\/\/www.atul.co.in\/portuguese\/\"},{\"@type\":\"ListItem\",\"position\":2,\"name\":\"Investidores\",\"item\":\"https:\/\/www.atul.co.in\/portuguese\/investors\/\"},{\"@type\":\"ListItem\",\"position\":3,\"name\":\"Informa\u00e7\u00e3o para Acionistas\",\"item\":\"https:\/\/www.atul.co.in\/portuguese\/investors\/stakeholders-information\/\"},{\"@type\":\"ListItem\",\"position\":4,\"name\":\"Demonstra\u00e7\u00f5es Financeiras\"}]},{\"@type\":\"WebSite\",\"@id\":\"http:\/\/13.127.36.189\/portuguese\/#website\",\"url\":\"http:\/\/13.127.36.189\/portuguese\/\",\"name\":\"Atul Ltd\",\"description\":\"\",\"potentialAction\":[{\"@type\":\"SearchAction\",\"target\":{\"@type\":\"EntryPoint\",\"urlTemplate\":\"http:\/\/13.127.36.189\/portuguese\/?s={search_term_string}\"},\"query-input\":{\"@type\":\"PropertyValueSpecification\",\"valueRequired\":true,\"valueName\":\"search_term_string\"}}],\"inLanguage\":\"en-US\"}]}<\/script>\n<!-- \/ Yoast SEO plugin. -->","yoast_head_json":{"title":"Demonstra\u00e7\u00f5es Financeiras | Atul","robots":{"index":"index","follow":"follow","max-snippet":"max-snippet:-1","max-image-preview":"max-image-preview:large","max-video-preview":"max-video-preview:-1"},"canonical":"https:\/\/www.atul.co.in\/portuguese\/investors\/financial-statements\/","og_locale":"en_US","og_type":"article","og_title":"Demonstra\u00e7\u00f5es Financeiras | Atul","og_description":"Investidores &rsaquo; Informa\u00e7\u00e3o para Acionistas &rsaquo; Demonstra\u00e7\u00f5es Financeiras Aaranyak Urmi Ltd Aasthan Dates Ltd Amal Ltd Anaven LLP Anchor Adhesives Pvt Ltd Atul Aarogya Ltd Atul Ayurveda Ltd Atul Bioscience Ltd Atul Bio Space Ltd Atul Brasil Quimicos Ltda Atul&hellip;Read more &#8250;","og_url":"https:\/\/www.atul.co.in\/portuguese\/investors\/financial-statements\/","og_site_name":"Atul Ltd","article_modified_time":"2020-05-20T12:45:03+00:00","og_image":[{"width":1250,"height":335,"url":"https:\/\/www.atul.co.in\/portuguese\/wp-content\/uploads\/2017\/02\/aromatics-banner.jpg","type":"image\/jpeg"}],"twitter_card":"summary_large_image","twitter_misc":{"Est. reading time":"1 minute"},"schema":{"@context":"https:\/\/schema.org","@graph":[{"@type":"WebPage","@id":"https:\/\/www.atul.co.in\/portuguese\/investors\/financial-statements\/","url":"https:\/\/www.atul.co.in\/portuguese\/investors\/financial-statements\/","name":"Demonstra\u00e7\u00f5es Financeiras | Atul","isPartOf":{"@id":"http:\/\/13.127.36.189\/portuguese\/#website"},"primaryImageOfPage":{"@id":"https:\/\/www.atul.co.in\/portuguese\/investors\/financial-statements\/#primaryimage"},"image":{"@id":"https:\/\/www.atul.co.in\/portuguese\/investors\/financial-statements\/#primaryimage"},"thumbnailUrl":"https:\/\/www.atul.co.in\/portuguese\/wp-content\/uploads\/2017\/02\/aromatics-banner.jpg","datePublished":"2017-04-07T11:10:19+00:00","dateModified":"2020-05-20T12:45:03+00:00","breadcrumb":{"@id":"https:\/\/www.atul.co.in\/portuguese\/investors\/financial-statements\/#breadcrumb"},"inLanguage":"en-US","potentialAction":[{"@type":"ReadAction","target":["https:\/\/www.atul.co.in\/portuguese\/investors\/financial-statements\/"]}]},{"@type":"ImageObject","inLanguage":"en-US","@id":"https:\/\/www.atul.co.in\/portuguese\/investors\/financial-statements\/#primaryimage","url":"https:\/\/www.atul.co.in\/portuguese\/wp-content\/uploads\/2017\/02\/aromatics-banner.jpg","contentUrl":"https:\/\/www.atul.co.in\/portuguese\/wp-content\/uploads\/2017\/02\/aromatics-banner.jpg","width":1250,"height":335},{"@type":"BreadcrumbList","@id":"https:\/\/www.atul.co.in\/portuguese\/investors\/financial-statements\/#breadcrumb","itemListElement":[{"@type":"ListItem","position":1,"name":"Home","item":"https:\/\/www.atul.co.in\/portuguese\/"},{"@type":"ListItem","position":2,"name":"Investidores","item":"https:\/\/www.atul.co.in\/portuguese\/investors\/"},{"@type":"ListItem","position":3,"name":"Informa\u00e7\u00e3o para Acionistas","item":"https:\/\/www.atul.co.in\/portuguese\/investors\/stakeholders-information\/"},{"@type":"ListItem","position":4,"name":"Demonstra\u00e7\u00f5es Financeiras"}]},{"@type":"WebSite","@id":"http:\/\/13.127.36.189\/portuguese\/#website","url":"http:\/\/13.127.36.189\/portuguese\/","name":"Atul Ltd","description":"","potentialAction":[{"@type":"SearchAction","target":{"@type":"EntryPoint","urlTemplate":"http:\/\/13.127.36.189\/portuguese\/?s={search_term_string}"},"query-input":{"@type":"PropertyValueSpecification","valueRequired":true,"valueName":"search_term_string"}}],"inLanguage":"en-US"}]}},"_links":{"self":[{"href":"https:\/\/www.atul.co.in\/portuguese\/wp-json\/wp\/v2\/pages\/1410","targetHints":{"allow":["GET"]}}],"collection":[{"href":"https:\/\/www.atul.co.in\/portuguese\/wp-json\/wp\/v2\/pages"}],"about":[{"href":"https:\/\/www.atul.co.in\/portuguese\/wp-json\/wp\/v2\/types\/page"}],"author":[{"embeddable":true,"href":"https:\/\/www.atul.co.in\/portuguese\/wp-json\/wp\/v2\/users\/1"}],"replies":[{"embeddable":true,"href":"https:\/\/www.atul.co.in\/portuguese\/wp-json\/wp\/v2\/comments?post=1410"}],"version-history":[{"count":0,"href":"https:\/\/www.atul.co.in\/portuguese\/wp-json\/wp\/v2\/pages\/1410\/revisions"}],"up":[{"embeddable":true,"href":"https:\/\/www.atul.co.in\/portuguese\/wp-json\/wp\/v2\/pages\/1000"}],"wp:featuredmedia":[{"embeddable":true,"href":"https:\/\/www.atul.co.in\/portuguese\/wp-json\/wp\/v2\/media\/5748"}],"wp:attachment":[{"href":"https:\/\/www.atul.co.in\/portuguese\/wp-json\/wp\/v2\/media?parent=1410"}],"curies":[{"name":"wp","href":"https:\/\/api.w.org\/{rel}","templated":true}]}}