{"id":1437,"date":"2017-04-10T15:11:07","date_gmt":"2017-04-10T15:11:07","guid":{"rendered":"http:\/\/43.242.212.212\/~atulco\/?page_id=1437"},"modified":"2026-01-28T15:13:17","modified_gmt":"2026-01-28T09:43:17","slug":"investorscontact","status":"publish","type":"page","link":"https:\/\/www.atul.co.in\/portuguese\/investors\/contact","title":{"rendered":"Entre em contato conosco"},"content":{"rendered":"<div class=\"breadcrumb\"><a href=\"?page_id=845\">Investidores<\/a> <span>&rsaquo;<\/span> Contactos<\/div>\n<div class='content-column one_third'><div class=\"right30\">\n<p><b>Detalhes sobre o Respons\u00e1vel pela Conformidade<\/b><\/p>\n<p><b>Lalit Patni<\/b><br \/>\nSecret\u00e1rio da Empresa e Superintendente de Conformidade<br \/>\n<img decoding=\"async\" src=\"https:\/\/www.atul.co.in\/portuguese\/wp-content\/uploads\/2017\/08\/e-mail-envelope-1.svg\" width=\"17\"\/> <a href=\"mailto:shareholders@atul.co.in\"> shareholders@atul.co.in<\/a><br \/>\n<img decoding=\"async\" src=\"https:\/\/www.atul.co.in\/portuguese\/wp-content\/uploads\/2017\/08\/call-answer.svg\" width=\"14\"\/> (+91 2632) 233261 | 233262<\/p>\n<p>Pede-se aos Acionistas que encaminhem todas as quest\u00f5es, intima\u00e7\u00f5es, queixas, etc. sobre a\u00e7\u00f5es f\u00edsicas e desmaterializadas para: <\/p>\n<p>Link Intime India Pvt Ltd<br \/>\n506 \u2013 508, Amarnath Business Centre \u2013 I<br \/>\nUmashankar Joshi Marg, Off C G Road<br \/>\nAhmedabad 380 006, Gujarat<br \/>\nIndia<br \/>\n<img decoding=\"async\" src=\"https:\/\/www.atul.co.in\/portuguese\/wp-content\/uploads\/2017\/08\/e-mail-envelope-1.svg\" alt=\"\" width=\"17\"\/><a href=\"mailto:ahmedabad@linkintime.co.in\"> ahmedabad@linkintime.co.in<\/a><br \/>\n<img decoding=\"async\" src=\"https:\/\/www.atul.co.in\/portuguese\/wp-content\/uploads\/2017\/08\/call-answer.svg\" width=\"14\"\/> (+91 79) 26465179 | 86 | 87\n<\/div><\/div><div class='content-column two_third last_column'><div><div id=\"quform-cc1199\" class=\"quform quform-4 quform-theme-light quform-support-page-caching\"><form id=\"quform-form-cc1199\" class=\"quform-form quform-form-4\" action=\"\/portuguese\/wp-json\/wp\/v2\/pages\/1437#quform-cc1199\" method=\"post\" enctype=\"multipart\/form-data\" novalidate=\"novalidate\" data-options=\"{&quot;id&quot;:4,&quot;uniqueId&quot;:&quot;cc1199&quot;,&quot;theme&quot;:&quot;light&quot;,&quot;ajax&quot;:true,&quot;logic&quot;:{&quot;logic&quot;:[],&quot;dependents&quot;:[],&quot;elementIds&quot;:[],&quot;dependentElementIds&quot;:[],&quot;animate&quot;:true},&quot;currentPageId&quot;:16,&quot;errorsIcon&quot;:&quot;&quot;,&quot;updateFancybox&quot;:true,&quot;hasPages&quot;:false,&quot;pages&quot;:[16],&quot;pageProgressType&quot;:&quot;numbers&quot;,&quot;tooltipsEnabled&quot;:true,&quot;tooltipClasses&quot;:&quot;qtip-plain qtip-shadow&quot;,&quot;tooltipMy&quot;:&quot;left center&quot;,&quot;tooltipAt&quot;:&quot;right center&quot;,&quot;isRtl&quot;:false,&quot;scrollOffset&quot;:-50,&quot;scrollSpeed&quot;:800}\"><button class=\"quform-default-submit\" name=\"quform_submit\" type=\"submit\" value=\"submit\" aria-hidden=\"true\" tabindex=\"-1\"><\/button><div class=\"quform-form-inner quform-form-inner-4\"><input type=\"hidden\" name=\"quform_form_id\" value=\"4\" \/><input type=\"hidden\" name=\"quform_form_uid\" value=\"cc1199\" \/><input type=\"hidden\" name=\"quform_count\" value=\"1\" \/><input type=\"hidden\" name=\"form_url\" value=\"https:\/\/www.atul.co.in\/portuguese\/wp-json\/wp\/v2\/pages\/1437\" \/><input type=\"hidden\" name=\"referring_url\" value=\"\" \/><input type=\"hidden\" name=\"post_id\" value=\"\" \/><input type=\"hidden\" name=\"post_title\" value=\"\" \/><input type=\"hidden\" name=\"quform_current_page_id\" value=\"16\" \/><input type=\"hidden\" name=\"quform_loaded\" value=\"1778729090|929b74d2b10ca2a19e5e86baa3fd13e1\" \/><input type=\"hidden\" name=\"quform_csrf_token\" value=\"J8MJPsP7ggVPw9tpf8MU2kBxVQfWDbaPTQKOTCdE\" \/><div class=\"quform-elements quform-elements-4 quform-cf quform-responsive-elements-phone-landscape\"><div class=\"quform-element quform-element-page quform-page-16 quform-page-4_16 quform-cf quform-group-style-plain quform-first-page quform-last-page quform-current-page\"><div class=\"quform-child-elements\"><div class=\"quform-element quform-element-group quform-element-4_9 quform-cf quform-group-style-plain\"><div class=\"quform-spacer\"><div class=\"quform-child-elements\"><div class=\"quform-element quform-element-row quform-element-row-4_17 quform-2-columns quform-element-row-size-fixed quform-responsive-columns-phone-landscape\"><div class=\"quform-element quform-element-column quform-element-4_18\"><div class=\"quform-element quform-element-text quform-element-4_15 quform-cf quform-element-required\"><div class=\"quform-spacer\"><div class=\"quform-label quform-label-4_15\"><label class=\"quform-label-text\" for=\"quform_4_15_cc1199\">Nome pr\u00f3prio<span class=\"quform-required\">*<\/span><\/label><\/div><div class=\"quform-inner quform-inner-text quform-inner-4_15\"><div class=\"quform-input quform-input-text quform-input-4_15 quform-cf\"><input type=\"text\" id=\"quform_4_15_cc1199\" name=\"quform_4_15\" class=\"quform-field quform-field-text quform-field-4_15\" \/><\/div><\/div><\/div><\/div><div class=\"quform-element quform-element-email quform-element-4_2 quform-cf quform-element-required\"><div class=\"quform-spacer\"><div class=\"quform-label quform-label-4_2\"><label class=\"quform-label-text\" for=\"quform_4_2_cc1199\">E-mail<span class=\"quform-required\">*<\/span><\/label><\/div><div class=\"quform-inner quform-inner-email quform-inner-4_2\"><div class=\"quform-input quform-input-email quform-input-4_2 quform-cf\"><input type=\"email\" id=\"quform_4_2_cc1199\" name=\"quform_4_2\" class=\"quform-field quform-field-email quform-field-4_2\" \/><\/div><\/div><\/div><\/div><div class=\"quform-element quform-element-text quform-element-4_3 quform-cf quform-element-optional\"><div class=\"quform-spacer\"><div class=\"quform-label quform-label-4_3\"><label class=\"quform-label-text\" for=\"quform_4_3_cc1199\">Telefone<\/label><\/div><div class=\"quform-inner quform-inner-text quform-inner-4_3\"><div class=\"quform-input quform-input-text quform-input-4_3 quform-cf\"><input type=\"text\" id=\"quform_4_3_cc1199\" name=\"quform_4_3\" class=\"quform-field quform-field-text quform-field-4_3\" \/><\/div><\/div><\/div><\/div><\/div><div class=\"quform-element quform-element-column quform-element-4_19\"><div class=\"quform-element quform-element-text quform-element-4_7 quform-cf quform-element-required\"><div class=\"quform-spacer\"><div class=\"quform-label quform-label-4_7\"><label class=\"quform-label-text\" for=\"quform_4_7_cc1199\">Apelido<span class=\"quform-required\">*<\/span><\/label><\/div><div class=\"quform-inner quform-inner-text quform-inner-4_7\"><div class=\"quform-input quform-input-text quform-input-4_7 quform-cf\"><input type=\"text\" id=\"quform_4_7_cc1199\" name=\"quform_4_7\" class=\"quform-field quform-field-text quform-field-4_7\" \/><\/div><\/div><\/div><\/div><div class=\"quform-element quform-element-text quform-element-4_1 quform-cf quform-element-required\"><div class=\"quform-spacer\"><div class=\"quform-label quform-label-4_1\"><label class=\"quform-label-text\" for=\"quform_4_1_cc1199\">Localiza\u00e7\u00e3o<span class=\"quform-required\">*<\/span><\/label><\/div><div class=\"quform-inner quform-inner-text quform-inner-4_1\"><div class=\"quform-input quform-input-text quform-input-4_1 quform-cf\"><input type=\"text\" id=\"quform_4_1_cc1199\" name=\"quform_4_1\" class=\"quform-field quform-field-text quform-field-4_1\" \/><\/div><\/div><\/div><\/div><div class=\"quform-element quform-element-text quform-element-4_8 quform-cf quform-element-optional\"><div class=\"quform-spacer\"><div class=\"quform-label quform-label-4_8\"><label class=\"quform-label-text\" for=\"quform_4_8_cc1199\">Telefone m\u00f3vel<\/label><\/div><div class=\"quform-inner quform-inner-text quform-inner-4_8\"><div class=\"quform-input quform-input-text quform-input-4_8 quform-cf\"><input type=\"text\" id=\"quform_4_8_cc1199\" name=\"quform_4_8\" class=\"quform-field quform-field-text quform-field-4_8\" \/><\/div><\/div><\/div><\/div><\/div><\/div><\/div><\/div><\/div><div class=\"quform-element quform-element-textarea quform-element-4_4 quform-cf quform-element-required\"><div class=\"quform-spacer\"><div class=\"quform-label quform-label-4_4\"><label class=\"quform-label-text\" for=\"quform_4_4_cc1199\">Quest\u00f5es<span class=\"quform-required\">*<\/span><\/label><\/div><div class=\"quform-inner quform-inner-textarea quform-inner-4_4\"><div class=\"quform-input quform-input-textarea quform-input-4_4 quform-cf\"><textarea id=\"quform_4_4_cc1199\" name=\"quform_4_4\" class=\"quform-field quform-field-textarea quform-field-4_4\"><\/textarea><\/div><\/div><\/div><\/div><div class=\"quform-element quform-element-group quform-element-4_12 quform-cf quform-group-style-plain\"><div class=\"quform-spacer\"><div class=\"quform-child-elements\"><div class=\"quform-element quform-element-row quform-element-row-4_20 quform-2-columns quform-element-row-size-fixed quform-responsive-columns-phone-landscape\"><div class=\"quform-element quform-element-column quform-element-4_21\"><div class=\"quform-element quform-element-captcha quform-element-4_5 quform-cf quform-element-required\"><div class=\"quform-spacer\"><div class=\"quform-label quform-label-4_5\"><label class=\"quform-label-text\" for=\"quform_4_5_cc1199\">Digite os caracteres abaixo<span class=\"quform-required\">*<\/span><\/label><\/div><div class=\"quform-inner quform-inner-captcha quform-inner-4_5\"><div class=\"quform-input quform-input-captcha quform-input-4_5 quform-cf\"><input type=\"text\" id=\"quform_4_5_cc1199\" name=\"quform_4_5\" class=\"quform-field quform-field-captcha quform-field-4_5\" \/><\/div><div class=\"quform-captcha quform-cf\"><div class=\"quform-captcha-image quform-captcha-image-4_5\"><img loading=\"lazy\" decoding=\"async\" class=\"quform-captcha-image-img\" src=\"data:image\/png;base64,iVBORw0KGgoAAAANSUhEUgAAAOYAAABQBAMAAAD\/1xTgAAAAG1BMVEX\/\/\/8iIiJ0dHQ9PT3j4+OQkJBZWVnHx8esrKz1uQ+0AAAACXBIWXMAAA7EAAAOxAGVKw4bAAADcUlEQVRoge2Yy1faQBSHRwwkyw6R6JLgqe3SHOtjGXwUl6ZHapcGK3ZZCqewBG2VP7uZx525iKWMJnHR\/BaaQ2bmm3vnPpIQUqhQoUKFCmWqTUqpG+aKLFOm+iswL3Nl2py5nSuT3F7N2GkdD4fD0XQ6fciU2kRMYTbXhyyZK4hZ0UwvL+aKZtKMmXW47iHm90xo9lbgfgsfMfe63W6jEVM6VuNONwO3c0\/3U0A6ATNnHzMngEoO9gx+PEzvhK1YLDWZZQqXOvqQnRSjqq+PTjEjSkOxIV0oovSYVrCISSh9Iy50yr6cyVKxNrB+stXU0fkqRXzYyGpy\/13Y8ueYrQHbUWjC7Mke1p9ntoYDYn\/R49YJN3eGeZu4yTu3g3UTpi\/Lm4WZMXXJCYutvTH8BCHm0yqafSfcvWnkcEtlfTTL\/CFWcwE6kbcnmFl6VrlylK8miIniCgg9mTU9zOSuEIPD5ZlJs95YyIT8TGKoGnLTNvBkeiOzzYCZhO3aPFPQulfIUFYSqqybtvTqie019j9+AXOMmbVkldNAF3leE7z3uOTHMq6aKTBZYHFHko\/auY50+K6aawGqlIadgYrXWN0n9idBVX2lDI63zZglkeqPmBH9Kq+aEGN9ZvhoC4eLnmsct7V5Zkk5sCJtseTR2bHuNKvKB4ER08b5qZjEQnuqynGXAJJVnz1ZyMvYiElUYPqIeacSH2qGYpb1Aa+oRuebMXG9Baaja29Z+1agKk8xIzNmktceG99HTJZvcrUSxCa8QkVP+daQWRL98x73z+RoYbVViDHWsy5CPq5O1D1psm\/4eBij2koPYNsQnBPIBzQIlq+oWm3KPMJMF5bg\/hZPLtzLlh5Tg5mqJjAnmD0G+xgaSuPW9Ia4x9EbjOoEqvzoJrysbOFdj\/\/lvzShVzvK9GT9mkDe6JmB3EDZmEnszzt05\/qYVVNxPvwN+Ho64gV2HdbfPrmibucXmhjJu02K68kzhd0tF+t785YcCfvsIA1mWSMXvZ0w13sP05imweR9k0u00b\/Jn3PHS3QY8JV2FyLxc9\/ZwoHLyfrd6LQH\/xoVCWCQDnM5Wdy7B708mYk7tjoXrFHU82MK\/R9Me5qc6m77PEckvDW7OTJVkmbzVedJVV6BCR9UMv1K91i3jUbjbbs9zpNZqFChQoUK5a4\/3d2qBSltacgAAAAASUVORK5CYII=\" alt=\"CAPTCHA image\" data-element-id=\"5\" width=\"115\" height=\"40\" \/><\/div><\/div><\/div><\/div><\/div><\/div><div class=\"quform-element quform-element-column quform-element-4_22\"><\/div><\/div><\/div><\/div><\/div><div class=\"quform-element quform-element-html quform-element-4_14 quform-cf\"><div class=\"quform-spacer\"><span class=\"teal\">*<\/span><div class=\"iphorm-error last-child\">campos obrigat\u00f3rios <\/div> <\/div><\/div><div class=\"quform-element quform-element-submit quform-element-4_23 quform-cf quform-button-style-theme\"><div class=\"quform-button-submit quform-button-submit-default quform-button-submit-4_23\"><button name=\"quform_submit\" type=\"submit\" class=\"quform-submit\" value=\"submit\"><span class=\"quform-button-text quform-button-submit-text\">ENVIAR<\/span><\/button><\/div><div class=\"quform-loading quform-loading-position-left quform-loading-type-spinner-1\"><div class=\"quform-loading-inner\"><div class=\"quform-loading-spinner\"><div class=\"quform-loading-spinner-inner\"><\/div><\/div><\/div><\/div><\/div><div class=\"quform-element quform-element-textarea quform-element-4_288259 quform-sr-only quform-cf\" style=\"clip: rect(1px, 1px, 1px, 1px); clip-path: inset(50%); position: absolute !important; height: 1px; width: 1px; overflow: hidden;\"><div class=\"quform-spacer\"><div class=\"quform-label quform-label-4_288259\"><label class=\"quform-label-text\" for=\"quform_4_288259_cc1199\">Company Name<span class=\"quform-required\">*<\/span><\/label><\/div><div class=\"quform-inner quform-inner-4_288259\"><textarea id=\"quform_4_288259_cc1199\" name=\"quform_4_288259\" class=\"quform-field quform-field-textarea quform-field-4_288259\" tabindex=\"-1\" autocomplete=\"new-password\"><\/textarea><\/div><\/div><\/div><\/div><\/div><\/div><\/div><\/form><\/div><\/div><\/div><div class='clear_column'><\/div>\n","protected":false},"excerpt":{"rendered":"<p>Investidores &rsaquo; Contactos<\/p>\n","protected":false},"author":1,"featured_media":5606,"parent":845,"menu_order":0,"comment_status":"closed","ping_status":"closed","template":"page-withoutfilter.php","meta":{"_acf_changed":false,"footnotes":"","_links_to":"","_links_to_target":""},"class_list":["post-1437","page","type-page","status-publish","has-post-thumbnail","hentry"],"acf":[],"yoast_head":"<!-- This site is optimized with the Yoast SEO plugin v26.8 - https:\/\/yoast.com\/product\/yoast-seo-wordpress\/ -->\n<title>Investidores | Contactos | Atul<\/title>\n<meta name=\"robots\" content=\"index, follow, max-snippet:-1, max-image-preview:large, max-video-preview:-1\" \/>\n<link rel=\"canonical\" href=\"https:\/\/www.atul.co.in\/portuguese\/investors\/contact\/\" \/>\n<meta property=\"og:locale\" content=\"en_US\" \/>\n<meta property=\"og:type\" content=\"article\" \/>\n<meta property=\"og:title\" content=\"Investidores | Contactos | Atul\" \/>\n<meta property=\"og:description\" content=\"Investidores &rsaquo; Contactos\" \/>\n<meta property=\"og:url\" content=\"https:\/\/www.atul.co.in\/portuguese\/investors\/contact\/\" \/>\n<meta property=\"og:site_name\" content=\"Atul Ltd\" \/>\n<meta property=\"article:modified_time\" content=\"2026-01-28T09:43:17+00:00\" \/>\n<meta property=\"og:image\" content=\"http:\/\/www.atul.co.in\/portuguese\/wp-content\/uploads\/2017\/04\/investors-contact-banner-1.jpg\" \/>\n\t<meta property=\"og:image:width\" content=\"1250\" \/>\n\t<meta property=\"og:image:height\" content=\"335\" \/>\n\t<meta property=\"og:image:type\" content=\"image\/jpeg\" \/>\n<meta name=\"twitter:card\" content=\"summary_large_image\" \/>\n<script type=\"application\/ld+json\" class=\"yoast-schema-graph\">{\"@context\":\"https:\/\/schema.org\",\"@graph\":[{\"@type\":\"WebPage\",\"@id\":\"https:\/\/www.atul.co.in\/portuguese\/investors\/contact\/\",\"url\":\"https:\/\/www.atul.co.in\/portuguese\/investors\/contact\/\",\"name\":\"Investidores | Contactos | Atul\",\"isPartOf\":{\"@id\":\"http:\/\/13.127.36.189\/portuguese\/#website\"},\"primaryImageOfPage\":{\"@id\":\"https:\/\/www.atul.co.in\/portuguese\/investors\/contact\/#primaryimage\"},\"image\":{\"@id\":\"https:\/\/www.atul.co.in\/portuguese\/investors\/contact\/#primaryimage\"},\"thumbnailUrl\":\"https:\/\/www.atul.co.in\/portuguese\/wp-content\/uploads\/2017\/04\/investors-contact-banner-1.jpg\",\"datePublished\":\"2017-04-10T15:11:07+00:00\",\"dateModified\":\"2026-01-28T09:43:17+00:00\",\"breadcrumb\":{\"@id\":\"https:\/\/www.atul.co.in\/portuguese\/investors\/contact\/#breadcrumb\"},\"inLanguage\":\"en-US\",\"potentialAction\":[{\"@type\":\"ReadAction\",\"target\":[\"https:\/\/www.atul.co.in\/portuguese\/investors\/contact\/\"]}]},{\"@type\":\"ImageObject\",\"inLanguage\":\"en-US\",\"@id\":\"https:\/\/www.atul.co.in\/portuguese\/investors\/contact\/#primaryimage\",\"url\":\"https:\/\/www.atul.co.in\/portuguese\/wp-content\/uploads\/2017\/04\/investors-contact-banner-1.jpg\",\"contentUrl\":\"https:\/\/www.atul.co.in\/portuguese\/wp-content\/uploads\/2017\/04\/investors-contact-banner-1.jpg\",\"width\":1250,\"height\":335},{\"@type\":\"BreadcrumbList\",\"@id\":\"https:\/\/www.atul.co.in\/portuguese\/investors\/contact\/#breadcrumb\",\"itemListElement\":[{\"@type\":\"ListItem\",\"position\":1,\"name\":\"Home\",\"item\":\"https:\/\/www.atul.co.in\/portuguese\/\"},{\"@type\":\"ListItem\",\"position\":2,\"name\":\"Investidores\",\"item\":\"https:\/\/www.atul.co.in\/portuguese\/investors\/\"},{\"@type\":\"ListItem\",\"position\":3,\"name\":\"Entre em contato conosco\"}]},{\"@type\":\"WebSite\",\"@id\":\"http:\/\/13.127.36.189\/portuguese\/#website\",\"url\":\"http:\/\/13.127.36.189\/portuguese\/\",\"name\":\"Atul Ltd\",\"description\":\"\",\"potentialAction\":[{\"@type\":\"SearchAction\",\"target\":{\"@type\":\"EntryPoint\",\"urlTemplate\":\"http:\/\/13.127.36.189\/portuguese\/?s={search_term_string}\"},\"query-input\":{\"@type\":\"PropertyValueSpecification\",\"valueRequired\":true,\"valueName\":\"search_term_string\"}}],\"inLanguage\":\"en-US\"}]}<\/script>\n<!-- \/ Yoast SEO plugin. -->","yoast_head_json":{"title":"Investidores | Contactos | Atul","robots":{"index":"index","follow":"follow","max-snippet":"max-snippet:-1","max-image-preview":"max-image-preview:large","max-video-preview":"max-video-preview:-1"},"canonical":"https:\/\/www.atul.co.in\/portuguese\/investors\/contact\/","og_locale":"en_US","og_type":"article","og_title":"Investidores | Contactos | Atul","og_description":"Investidores &rsaquo; Contactos","og_url":"https:\/\/www.atul.co.in\/portuguese\/investors\/contact\/","og_site_name":"Atul Ltd","article_modified_time":"2026-01-28T09:43:17+00:00","og_image":[{"width":1250,"height":335,"url":"http:\/\/www.atul.co.in\/portuguese\/wp-content\/uploads\/2017\/04\/investors-contact-banner-1.jpg","type":"image\/jpeg"}],"twitter_card":"summary_large_image","schema":{"@context":"https:\/\/schema.org","@graph":[{"@type":"WebPage","@id":"https:\/\/www.atul.co.in\/portuguese\/investors\/contact\/","url":"https:\/\/www.atul.co.in\/portuguese\/investors\/contact\/","name":"Investidores | Contactos | Atul","isPartOf":{"@id":"http:\/\/13.127.36.189\/portuguese\/#website"},"primaryImageOfPage":{"@id":"https:\/\/www.atul.co.in\/portuguese\/investors\/contact\/#primaryimage"},"image":{"@id":"https:\/\/www.atul.co.in\/portuguese\/investors\/contact\/#primaryimage"},"thumbnailUrl":"https:\/\/www.atul.co.in\/portuguese\/wp-content\/uploads\/2017\/04\/investors-contact-banner-1.jpg","datePublished":"2017-04-10T15:11:07+00:00","dateModified":"2026-01-28T09:43:17+00:00","breadcrumb":{"@id":"https:\/\/www.atul.co.in\/portuguese\/investors\/contact\/#breadcrumb"},"inLanguage":"en-US","potentialAction":[{"@type":"ReadAction","target":["https:\/\/www.atul.co.in\/portuguese\/investors\/contact\/"]}]},{"@type":"ImageObject","inLanguage":"en-US","@id":"https:\/\/www.atul.co.in\/portuguese\/investors\/contact\/#primaryimage","url":"https:\/\/www.atul.co.in\/portuguese\/wp-content\/uploads\/2017\/04\/investors-contact-banner-1.jpg","contentUrl":"https:\/\/www.atul.co.in\/portuguese\/wp-content\/uploads\/2017\/04\/investors-contact-banner-1.jpg","width":1250,"height":335},{"@type":"BreadcrumbList","@id":"https:\/\/www.atul.co.in\/portuguese\/investors\/contact\/#breadcrumb","itemListElement":[{"@type":"ListItem","position":1,"name":"Home","item":"https:\/\/www.atul.co.in\/portuguese\/"},{"@type":"ListItem","position":2,"name":"Investidores","item":"https:\/\/www.atul.co.in\/portuguese\/investors\/"},{"@type":"ListItem","position":3,"name":"Entre em contato conosco"}]},{"@type":"WebSite","@id":"http:\/\/13.127.36.189\/portuguese\/#website","url":"http:\/\/13.127.36.189\/portuguese\/","name":"Atul Ltd","description":"","potentialAction":[{"@type":"SearchAction","target":{"@type":"EntryPoint","urlTemplate":"http:\/\/13.127.36.189\/portuguese\/?s={search_term_string}"},"query-input":{"@type":"PropertyValueSpecification","valueRequired":true,"valueName":"search_term_string"}}],"inLanguage":"en-US"}]}},"_links":{"self":[{"href":"https:\/\/www.atul.co.in\/portuguese\/wp-json\/wp\/v2\/pages\/1437","targetHints":{"allow":["GET"]}}],"collection":[{"href":"https:\/\/www.atul.co.in\/portuguese\/wp-json\/wp\/v2\/pages"}],"about":[{"href":"https:\/\/www.atul.co.in\/portuguese\/wp-json\/wp\/v2\/types\/page"}],"author":[{"embeddable":true,"href":"https:\/\/www.atul.co.in\/portuguese\/wp-json\/wp\/v2\/users\/1"}],"replies":[{"embeddable":true,"href":"https:\/\/www.atul.co.in\/portuguese\/wp-json\/wp\/v2\/comments?post=1437"}],"version-history":[{"count":0,"href":"https:\/\/www.atul.co.in\/portuguese\/wp-json\/wp\/v2\/pages\/1437\/revisions"}],"up":[{"embeddable":true,"href":"https:\/\/www.atul.co.in\/portuguese\/wp-json\/wp\/v2\/pages\/845"}],"wp:featuredmedia":[{"embeddable":true,"href":"https:\/\/www.atul.co.in\/portuguese\/wp-json\/wp\/v2\/media\/5606"}],"wp:attachment":[{"href":"https:\/\/www.atul.co.in\/portuguese\/wp-json\/wp\/v2\/media?parent=1437"}],"curies":[{"name":"wp","href":"https:\/\/api.w.org\/{rel}","templated":true}]}}