{"id":1450,"date":"2017-04-14T10:27:53","date_gmt":"2017-04-14T10:27:53","guid":{"rendered":"http:\/\/43.242.212.212\/~atulco\/?page_id=1450"},"modified":"2020-05-20T18:19:18","modified_gmt":"2020-05-20T12:49:18","slug":"investorsunclaimed-dividends","status":"publish","type":"page","link":"https:\/\/www.atul.co.in\/portuguese\/investors\/unclaimed-dividends","title":{"rendered":"Dividendos n\u00e3o reclamados"},"content":{"rendered":"<div class=\"breadcrumb\"><a href=\"?page_id=845\">Investidores<\/a> <span>&rsaquo;<\/span> <a href=\"?page_id=1000\"> Informa\u00e7\u00e3o para Acionistas<\/a> <span>&rsaquo;<\/span>Dividendos n\u00e3o reclamados<\/div>\n<ul class=\"arrow-list\">\n<li><a href=\"https:\/\/www.atul.co.in\/portuguese\/pdf\/investors\/information-for-stakeholders\/unclaimed-dividends\/Notice_to_shareholders.pdf\" target=\"_blank\">   Aviso aos Acionistas<\/a><\/li>\n<li><a>Detalhes sobre os Acionistas<\/a><\/li>\n<li><a href=\"https:\/\/www.atul.co.in\/portuguese\/pdf\/investors\/information-for-stakeholders\/unclaimed-dividends\/Details of Shareholders in IEPF-2 as on July 31, 2019.pdf\" target=\"_blank\">Detalhes sobre os Acionistas no IEFP-2 a 27 de julho de 2019<\/a><\/li>\n<\/ul>\n<p>\n<b>Detalhes do Agente Nodal<\/b><\/p>\n<p><b>Agente Nodal<\/b><\/p>\n<p><b>Lalit Patni<\/b><br \/>\nSecret\u00e1rio da Empresa e Superintendente de Conformidade<br \/>\nJur\u00eddico e Secretariado, East Site<br \/>\nAtul 396 020, Gujarat<br \/>\nIndia<br \/>\n<img decoding=\"async\" src=\"https:\/\/www.atul.co.in\/portuguese\/wp-content\/uploads\/2017\/08\/e-mail-envelope-1.svg\" width=\"17\"\/> <a href=\"mailto:lalit_patni@atul.co.in\" class=\"contact_emails_first\">lalit_patni@atul.co.in<\/a><br \/>\n<img decoding=\"async\" src=\"https:\/\/www.atul.co.in\/portuguese\/wp-content\/uploads\/2017\/08\/call-answer.svg\" width=\"14\"\/> (+91 2632) 230000 <\/p>\n<p><b>Oficial Adjunto Nodal<\/b><\/p>\n<p><b>Sharad Bhavsar<\/b><br \/>\nDirector Geral<br \/>\nAtul House<br \/>\nG I Patel Marg<br \/>\nAhmedabad 380 014<br \/>\nGujarat<br \/>\nIndia<br \/>\n<img decoding=\"async\" src=\"https:\/\/www.atul.co.in\/portuguese\/wp-content\/uploads\/2017\/08\/e-mail-envelope-1.svg\" width=\"17\"\/> <a href=\"mailto:sharad_bhavsar@atul.co.in\" class=\"contact_emails_first\">sharad_bhavsar@atul.co.in<\/a><br \/>\n<img decoding=\"async\" src=\"https:\/\/www.atul.co.in\/portuguese\/wp-content\/uploads\/2017\/08\/call-answer.svg\" width=\"14\"\/> (+91 79) 26461294 | 26463706<br \/>\n<img decoding=\"async\" src=\"https:\/\/www.atul.co.in\/portuguese\/wp-content\/uploads\/2019\/11\/fax-svg.png\" width=\"14\"\/> (+ 91 79) 26404111<\/p>\n","protected":false},"excerpt":{"rendered":"<p>Investidores &rsaquo; Informa\u00e7\u00e3o para Acionistas &rsaquo;Dividendos n\u00e3o reclamados Aviso aos Acionistas Detalhes sobre os Acionistas Detalhes sobre os Acionistas no IEFP-2 a 27 de julho de 2019 Detalhes do Agente Nodal Agente Nodal Lalit Patni Secret\u00e1rio da Empresa e Superintendente<span class=\"ellipsis\">&hellip;<\/span><\/p>\n<div class=\"read-more\"><a href=\"https:\/\/www.atul.co.in\/portuguese\/investors\/unclaimed-dividends\">Read more &#8250;<\/a><\/div>\n<p><!-- end of .read-more --><\/p>\n","protected":false},"author":1,"featured_media":5748,"parent":1000,"menu_order":0,"comment_status":"closed","ping_status":"closed","template":"","meta":{"_acf_changed":false,"footnotes":"","_links_to":"","_links_to_target":""},"class_list":["post-1450","page","type-page","status-publish","has-post-thumbnail","hentry"],"acf":[],"yoast_head":"<!-- This site is optimized with the Yoast SEO plugin v26.8 - https:\/\/yoast.com\/product\/yoast-seo-wordpress\/ -->\n<title>Dividendos n\u00e3o reclamados | Atul<\/title>\n<meta name=\"robots\" content=\"index, follow, max-snippet:-1, max-image-preview:large, max-video-preview:-1\" \/>\n<link rel=\"canonical\" href=\"https:\/\/www.atul.co.in\/portuguese\/investors\/unclaimed-dividends\/\" \/>\n<meta property=\"og:locale\" content=\"en_US\" \/>\n<meta property=\"og:type\" content=\"article\" \/>\n<meta property=\"og:title\" content=\"Dividendos n\u00e3o reclamados | Atul\" \/>\n<meta property=\"og:description\" content=\"Investidores &rsaquo; Informa\u00e7\u00e3o para Acionistas &rsaquo;Dividendos n\u00e3o reclamados Aviso aos Acionistas Detalhes sobre os Acionistas Detalhes sobre os Acionistas no IEFP-2 a 27 de julho de 2019 Detalhes do Agente Nodal Agente Nodal Lalit Patni Secret\u00e1rio da Empresa e Superintendente&hellip;Read more &#8250;\" \/>\n<meta property=\"og:url\" content=\"https:\/\/www.atul.co.in\/portuguese\/investors\/unclaimed-dividends\/\" \/>\n<meta property=\"og:site_name\" content=\"Atul Ltd\" \/>\n<meta property=\"article:modified_time\" content=\"2020-05-20T12:49:18+00:00\" \/>\n<meta property=\"og:image\" content=\"https:\/\/www.atul.co.in\/portuguese\/wp-content\/uploads\/2017\/02\/aromatics-banner.jpg\" \/>\n\t<meta property=\"og:image:width\" content=\"1250\" \/>\n\t<meta property=\"og:image:height\" content=\"335\" \/>\n\t<meta property=\"og:image:type\" content=\"image\/jpeg\" \/>\n<meta name=\"twitter:card\" content=\"summary_large_image\" \/>\n<script type=\"application\/ld+json\" class=\"yoast-schema-graph\">{\"@context\":\"https:\/\/schema.org\",\"@graph\":[{\"@type\":\"WebPage\",\"@id\":\"https:\/\/www.atul.co.in\/portuguese\/investors\/unclaimed-dividends\/\",\"url\":\"https:\/\/www.atul.co.in\/portuguese\/investors\/unclaimed-dividends\/\",\"name\":\"Dividendos n\u00e3o reclamados | Atul\",\"isPartOf\":{\"@id\":\"http:\/\/13.127.36.189\/portuguese\/#website\"},\"primaryImageOfPage\":{\"@id\":\"https:\/\/www.atul.co.in\/portuguese\/investors\/unclaimed-dividends\/#primaryimage\"},\"image\":{\"@id\":\"https:\/\/www.atul.co.in\/portuguese\/investors\/unclaimed-dividends\/#primaryimage\"},\"thumbnailUrl\":\"https:\/\/www.atul.co.in\/portuguese\/wp-content\/uploads\/2017\/02\/aromatics-banner.jpg\",\"datePublished\":\"2017-04-14T10:27:53+00:00\",\"dateModified\":\"2020-05-20T12:49:18+00:00\",\"breadcrumb\":{\"@id\":\"https:\/\/www.atul.co.in\/portuguese\/investors\/unclaimed-dividends\/#breadcrumb\"},\"inLanguage\":\"en-US\",\"potentialAction\":[{\"@type\":\"ReadAction\",\"target\":[\"https:\/\/www.atul.co.in\/portuguese\/investors\/unclaimed-dividends\/\"]}]},{\"@type\":\"ImageObject\",\"inLanguage\":\"en-US\",\"@id\":\"https:\/\/www.atul.co.in\/portuguese\/investors\/unclaimed-dividends\/#primaryimage\",\"url\":\"https:\/\/www.atul.co.in\/portuguese\/wp-content\/uploads\/2017\/02\/aromatics-banner.jpg\",\"contentUrl\":\"https:\/\/www.atul.co.in\/portuguese\/wp-content\/uploads\/2017\/02\/aromatics-banner.jpg\",\"width\":1250,\"height\":335},{\"@type\":\"BreadcrumbList\",\"@id\":\"https:\/\/www.atul.co.in\/portuguese\/investors\/unclaimed-dividends\/#breadcrumb\",\"itemListElement\":[{\"@type\":\"ListItem\",\"position\":1,\"name\":\"Home\",\"item\":\"https:\/\/www.atul.co.in\/portuguese\/\"},{\"@type\":\"ListItem\",\"position\":2,\"name\":\"Investidores\",\"item\":\"https:\/\/www.atul.co.in\/portuguese\/investors\/\"},{\"@type\":\"ListItem\",\"position\":3,\"name\":\"Informa\u00e7\u00e3o para Acionistas\",\"item\":\"https:\/\/www.atul.co.in\/portuguese\/investors\/stakeholders-information\/\"},{\"@type\":\"ListItem\",\"position\":4,\"name\":\"Dividendos n\u00e3o reclamados\"}]},{\"@type\":\"WebSite\",\"@id\":\"http:\/\/13.127.36.189\/portuguese\/#website\",\"url\":\"http:\/\/13.127.36.189\/portuguese\/\",\"name\":\"Atul Ltd\",\"description\":\"\",\"potentialAction\":[{\"@type\":\"SearchAction\",\"target\":{\"@type\":\"EntryPoint\",\"urlTemplate\":\"http:\/\/13.127.36.189\/portuguese\/?s={search_term_string}\"},\"query-input\":{\"@type\":\"PropertyValueSpecification\",\"valueRequired\":true,\"valueName\":\"search_term_string\"}}],\"inLanguage\":\"en-US\"}]}<\/script>\n<!-- \/ Yoast SEO plugin. -->","yoast_head_json":{"title":"Dividendos n\u00e3o reclamados | Atul","robots":{"index":"index","follow":"follow","max-snippet":"max-snippet:-1","max-image-preview":"max-image-preview:large","max-video-preview":"max-video-preview:-1"},"canonical":"https:\/\/www.atul.co.in\/portuguese\/investors\/unclaimed-dividends\/","og_locale":"en_US","og_type":"article","og_title":"Dividendos n\u00e3o reclamados | Atul","og_description":"Investidores &rsaquo; Informa\u00e7\u00e3o para Acionistas &rsaquo;Dividendos n\u00e3o reclamados Aviso aos Acionistas Detalhes sobre os Acionistas Detalhes sobre os Acionistas no IEFP-2 a 27 de julho de 2019 Detalhes do Agente Nodal Agente Nodal Lalit Patni Secret\u00e1rio da Empresa e Superintendente&hellip;Read more &#8250;","og_url":"https:\/\/www.atul.co.in\/portuguese\/investors\/unclaimed-dividends\/","og_site_name":"Atul Ltd","article_modified_time":"2020-05-20T12:49:18+00:00","og_image":[{"width":1250,"height":335,"url":"https:\/\/www.atul.co.in\/portuguese\/wp-content\/uploads\/2017\/02\/aromatics-banner.jpg","type":"image\/jpeg"}],"twitter_card":"summary_large_image","schema":{"@context":"https:\/\/schema.org","@graph":[{"@type":"WebPage","@id":"https:\/\/www.atul.co.in\/portuguese\/investors\/unclaimed-dividends\/","url":"https:\/\/www.atul.co.in\/portuguese\/investors\/unclaimed-dividends\/","name":"Dividendos n\u00e3o reclamados | Atul","isPartOf":{"@id":"http:\/\/13.127.36.189\/portuguese\/#website"},"primaryImageOfPage":{"@id":"https:\/\/www.atul.co.in\/portuguese\/investors\/unclaimed-dividends\/#primaryimage"},"image":{"@id":"https:\/\/www.atul.co.in\/portuguese\/investors\/unclaimed-dividends\/#primaryimage"},"thumbnailUrl":"https:\/\/www.atul.co.in\/portuguese\/wp-content\/uploads\/2017\/02\/aromatics-banner.jpg","datePublished":"2017-04-14T10:27:53+00:00","dateModified":"2020-05-20T12:49:18+00:00","breadcrumb":{"@id":"https:\/\/www.atul.co.in\/portuguese\/investors\/unclaimed-dividends\/#breadcrumb"},"inLanguage":"en-US","potentialAction":[{"@type":"ReadAction","target":["https:\/\/www.atul.co.in\/portuguese\/investors\/unclaimed-dividends\/"]}]},{"@type":"ImageObject","inLanguage":"en-US","@id":"https:\/\/www.atul.co.in\/portuguese\/investors\/unclaimed-dividends\/#primaryimage","url":"https:\/\/www.atul.co.in\/portuguese\/wp-content\/uploads\/2017\/02\/aromatics-banner.jpg","contentUrl":"https:\/\/www.atul.co.in\/portuguese\/wp-content\/uploads\/2017\/02\/aromatics-banner.jpg","width":1250,"height":335},{"@type":"BreadcrumbList","@id":"https:\/\/www.atul.co.in\/portuguese\/investors\/unclaimed-dividends\/#breadcrumb","itemListElement":[{"@type":"ListItem","position":1,"name":"Home","item":"https:\/\/www.atul.co.in\/portuguese\/"},{"@type":"ListItem","position":2,"name":"Investidores","item":"https:\/\/www.atul.co.in\/portuguese\/investors\/"},{"@type":"ListItem","position":3,"name":"Informa\u00e7\u00e3o para Acionistas","item":"https:\/\/www.atul.co.in\/portuguese\/investors\/stakeholders-information\/"},{"@type":"ListItem","position":4,"name":"Dividendos n\u00e3o reclamados"}]},{"@type":"WebSite","@id":"http:\/\/13.127.36.189\/portuguese\/#website","url":"http:\/\/13.127.36.189\/portuguese\/","name":"Atul Ltd","description":"","potentialAction":[{"@type":"SearchAction","target":{"@type":"EntryPoint","urlTemplate":"http:\/\/13.127.36.189\/portuguese\/?s={search_term_string}"},"query-input":{"@type":"PropertyValueSpecification","valueRequired":true,"valueName":"search_term_string"}}],"inLanguage":"en-US"}]}},"_links":{"self":[{"href":"https:\/\/www.atul.co.in\/portuguese\/wp-json\/wp\/v2\/pages\/1450","targetHints":{"allow":["GET"]}}],"collection":[{"href":"https:\/\/www.atul.co.in\/portuguese\/wp-json\/wp\/v2\/pages"}],"about":[{"href":"https:\/\/www.atul.co.in\/portuguese\/wp-json\/wp\/v2\/types\/page"}],"author":[{"embeddable":true,"href":"https:\/\/www.atul.co.in\/portuguese\/wp-json\/wp\/v2\/users\/1"}],"replies":[{"embeddable":true,"href":"https:\/\/www.atul.co.in\/portuguese\/wp-json\/wp\/v2\/comments?post=1450"}],"version-history":[{"count":0,"href":"https:\/\/www.atul.co.in\/portuguese\/wp-json\/wp\/v2\/pages\/1450\/revisions"}],"up":[{"embeddable":true,"href":"https:\/\/www.atul.co.in\/portuguese\/wp-json\/wp\/v2\/pages\/1000"}],"wp:featuredmedia":[{"embeddable":true,"href":"https:\/\/www.atul.co.in\/portuguese\/wp-json\/wp\/v2\/media\/5748"}],"wp:attachment":[{"href":"https:\/\/www.atul.co.in\/portuguese\/wp-json\/wp\/v2\/media?parent=1450"}],"curies":[{"name":"wp","href":"https:\/\/api.w.org\/{rel}","templated":true}]}}