{"id":1469,"date":"2017-04-15T08:45:56","date_gmt":"2017-04-15T08:45:56","guid":{"rendered":"http:\/\/43.242.212.212\/~atulco\/?page_id=1469"},"modified":"2020-03-19T16:09:30","modified_gmt":"2020-03-19T10:39:30","slug":"careersdevelopment","status":"publish","type":"page","link":"https:\/\/www.atul.co.in\/portuguese\/careers\/development\/","title":{"rendered":"Aprendizado e Desenvolvimento"},"content":{"rendered":"<div class=\"container\">\n<div class=\"breadcrumb\"><a href=\"?page_id=1546\">Carreiras<\/a> <span>&rsaquo;<\/span> Aprendizado e Desenvolvimento<\/div>\n<p align=\"justify\">\n<center><\/p>\n<p class=\"highlight\">A capacidade de uma organiza\u00e7\u00e3o de aprender e traduzir rapidamente este aprendizado em a\u00e7\u00e3o \u00e9 uma importante vantagem competitiva.<\/p>\n<blockquote>\n<p class=\"author\">Jack Welch<\/span><\/p>\n<\/blockquote>\n<div class=\"sepblockquote\">&nbsp;<\/div>\n<p><\/center><\/p>\n<div class=\"about-text\">Em uma era de constante transforma\u00e7\u00e3o de neg\u00f3cios e uma guinada na an\u00e1lise de pessoas, lutamos para criar uma organiza\u00e7\u00e3o que constr\u00f3i l\u00edderes do amanh\u00e3.<\/p>\n<p>comportamentais. Nosso esfor\u00e7o e apoiar cada um dos membros da nossa equipe para que desenvolvam todo o seu potencial e que fa\u00e7am o m\u00e1ximo do seu talento. Aprendizado e desenvolvimento s\u00e3o responsabilidades conjuntas da organiza\u00e7\u00e3o e do individuo; nossa equipe \u00e9 estimulada a identificar e comunicar suas necessidades de treinamento e desenvolvimento para que conduzam programas e eventos que satisfa\u00e7am tais necessidades.<\/p>\n<p>\u00c0 equipe s\u00e3o dadas v\u00e1rias oportunidades para desenvolver compet\u00eancias comportamentais e funcionais. Programas tutorias e de lideran\u00e7a, coment\u00e1rios 360\u00ba, rota\u00e7\u00e3o de fun\u00e7\u00e3o e planejamento de sucess\u00e3o formam uma parte essencial da fun\u00e7\u00e3o de aprendizado e desenvolvimento.<\/p>\n<\/div>\n<\/div>\n","protected":false},"excerpt":{"rendered":"<p>Carreiras &rsaquo; Aprendizado e Desenvolvimento A capacidade de uma organiza\u00e7\u00e3o de aprender e traduzir rapidamente este aprendizado em a\u00e7\u00e3o \u00e9 uma importante vantagem competitiva. Jack Welch &nbsp; Em uma era de constante transforma\u00e7\u00e3o de neg\u00f3cios e uma guinada na an\u00e1lise<span class=\"ellipsis\">&hellip;<\/span><\/p>\n<div class=\"read-more\"><a href=\"https:\/\/www.atul.co.in\/portuguese\/careers\/development\/\">Read more &#8250;<\/a><\/div>\n<p><!-- end of .read-more --><\/p>\n","protected":false},"author":1,"featured_media":5583,"parent":0,"menu_order":0,"comment_status":"closed","ping_status":"closed","template":"careers-landing-page.php","meta":{"_acf_changed":false,"footnotes":"","_links_to":"","_links_to_target":""},"class_list":["post-1469","page","type-page","status-publish","has-post-thumbnail","hentry"],"acf":[],"yoast_head":"<!-- This site is optimized with the Yoast SEO plugin v26.8 - https:\/\/yoast.com\/product\/yoast-seo-wordpress\/ -->\n<title>Carreiras e Atul | Desenvolvimento<\/title>\n<meta name=\"robots\" content=\"index, follow, max-snippet:-1, max-image-preview:large, max-video-preview:-1\" \/>\n<link rel=\"canonical\" href=\"https:\/\/www.atul.co.in\/portuguese\/careers\/development\/\" \/>\n<meta property=\"og:locale\" content=\"en_US\" \/>\n<meta property=\"og:type\" content=\"article\" \/>\n<meta property=\"og:title\" content=\"Carreiras e Atul | Desenvolvimento\" \/>\n<meta property=\"og:description\" content=\"Carreiras &rsaquo; Aprendizado e Desenvolvimento A capacidade de uma organiza\u00e7\u00e3o de aprender e traduzir rapidamente este aprendizado em a\u00e7\u00e3o \u00e9 uma importante vantagem competitiva. Jack Welch &nbsp; Em uma era de constante transforma\u00e7\u00e3o de neg\u00f3cios e uma guinada na an\u00e1lise&hellip;Read more &#8250;\" \/>\n<meta property=\"og:url\" content=\"https:\/\/www.atul.co.in\/portuguese\/careers\/development\/\" \/>\n<meta property=\"og:site_name\" content=\"Atul Ltd\" \/>\n<meta property=\"article:modified_time\" content=\"2020-03-19T10:39:30+00:00\" \/>\n<meta property=\"og:image\" content=\"https:\/\/www.atul.co.in\/portuguese\/wp-content\/uploads\/2017\/04\/careers-banner-2.jpg\" \/>\n\t<meta property=\"og:image:width\" content=\"1250\" \/>\n\t<meta property=\"og:image:height\" content=\"335\" \/>\n\t<meta property=\"og:image:type\" content=\"image\/jpeg\" \/>\n<meta name=\"twitter:card\" content=\"summary_large_image\" \/>\n<meta name=\"twitter:label1\" content=\"Est. reading time\" \/>\n\t<meta name=\"twitter:data1\" content=\"1 minute\" \/>\n<script type=\"application\/ld+json\" class=\"yoast-schema-graph\">{\"@context\":\"https:\/\/schema.org\",\"@graph\":[{\"@type\":\"WebPage\",\"@id\":\"https:\/\/www.atul.co.in\/portuguese\/careers\/development\/\",\"url\":\"https:\/\/www.atul.co.in\/portuguese\/careers\/development\/\",\"name\":\"Carreiras e Atul | Desenvolvimento\",\"isPartOf\":{\"@id\":\"http:\/\/13.127.36.189\/portuguese\/#website\"},\"primaryImageOfPage\":{\"@id\":\"https:\/\/www.atul.co.in\/portuguese\/careers\/development\/#primaryimage\"},\"image\":{\"@id\":\"https:\/\/www.atul.co.in\/portuguese\/careers\/development\/#primaryimage\"},\"thumbnailUrl\":\"https:\/\/www.atul.co.in\/portuguese\/wp-content\/uploads\/2017\/04\/careers-banner-2.jpg\",\"datePublished\":\"2017-04-15T08:45:56+00:00\",\"dateModified\":\"2020-03-19T10:39:30+00:00\",\"breadcrumb\":{\"@id\":\"https:\/\/www.atul.co.in\/portuguese\/careers\/development\/#breadcrumb\"},\"inLanguage\":\"en-US\",\"potentialAction\":[{\"@type\":\"ReadAction\",\"target\":[\"https:\/\/www.atul.co.in\/portuguese\/careers\/development\/\"]}]},{\"@type\":\"ImageObject\",\"inLanguage\":\"en-US\",\"@id\":\"https:\/\/www.atul.co.in\/portuguese\/careers\/development\/#primaryimage\",\"url\":\"https:\/\/www.atul.co.in\/portuguese\/wp-content\/uploads\/2017\/04\/careers-banner-2.jpg\",\"contentUrl\":\"https:\/\/www.atul.co.in\/portuguese\/wp-content\/uploads\/2017\/04\/careers-banner-2.jpg\",\"width\":1250,\"height\":335},{\"@type\":\"BreadcrumbList\",\"@id\":\"https:\/\/www.atul.co.in\/portuguese\/careers\/development\/#breadcrumb\",\"itemListElement\":[{\"@type\":\"ListItem\",\"position\":1,\"name\":\"Home\",\"item\":\"https:\/\/www.atul.co.in\/portuguese\/\"},{\"@type\":\"ListItem\",\"position\":2,\"name\":\"Aprendizado e Desenvolvimento\"}]},{\"@type\":\"WebSite\",\"@id\":\"http:\/\/13.127.36.189\/portuguese\/#website\",\"url\":\"http:\/\/13.127.36.189\/portuguese\/\",\"name\":\"Atul Ltd\",\"description\":\"\",\"potentialAction\":[{\"@type\":\"SearchAction\",\"target\":{\"@type\":\"EntryPoint\",\"urlTemplate\":\"http:\/\/13.127.36.189\/portuguese\/?s={search_term_string}\"},\"query-input\":{\"@type\":\"PropertyValueSpecification\",\"valueRequired\":true,\"valueName\":\"search_term_string\"}}],\"inLanguage\":\"en-US\"}]}<\/script>\n<!-- \/ Yoast SEO plugin. -->","yoast_head_json":{"title":"Carreiras e Atul | Desenvolvimento","robots":{"index":"index","follow":"follow","max-snippet":"max-snippet:-1","max-image-preview":"max-image-preview:large","max-video-preview":"max-video-preview:-1"},"canonical":"https:\/\/www.atul.co.in\/portuguese\/careers\/development\/","og_locale":"en_US","og_type":"article","og_title":"Carreiras e Atul | Desenvolvimento","og_description":"Carreiras &rsaquo; Aprendizado e Desenvolvimento A capacidade de uma organiza\u00e7\u00e3o de aprender e traduzir rapidamente este aprendizado em a\u00e7\u00e3o \u00e9 uma importante vantagem competitiva. Jack Welch &nbsp; Em uma era de constante transforma\u00e7\u00e3o de neg\u00f3cios e uma guinada na an\u00e1lise&hellip;Read more &#8250;","og_url":"https:\/\/www.atul.co.in\/portuguese\/careers\/development\/","og_site_name":"Atul Ltd","article_modified_time":"2020-03-19T10:39:30+00:00","og_image":[{"width":1250,"height":335,"url":"https:\/\/www.atul.co.in\/portuguese\/wp-content\/uploads\/2017\/04\/careers-banner-2.jpg","type":"image\/jpeg"}],"twitter_card":"summary_large_image","twitter_misc":{"Est. reading time":"1 minute"},"schema":{"@context":"https:\/\/schema.org","@graph":[{"@type":"WebPage","@id":"https:\/\/www.atul.co.in\/portuguese\/careers\/development\/","url":"https:\/\/www.atul.co.in\/portuguese\/careers\/development\/","name":"Carreiras e Atul | Desenvolvimento","isPartOf":{"@id":"http:\/\/13.127.36.189\/portuguese\/#website"},"primaryImageOfPage":{"@id":"https:\/\/www.atul.co.in\/portuguese\/careers\/development\/#primaryimage"},"image":{"@id":"https:\/\/www.atul.co.in\/portuguese\/careers\/development\/#primaryimage"},"thumbnailUrl":"https:\/\/www.atul.co.in\/portuguese\/wp-content\/uploads\/2017\/04\/careers-banner-2.jpg","datePublished":"2017-04-15T08:45:56+00:00","dateModified":"2020-03-19T10:39:30+00:00","breadcrumb":{"@id":"https:\/\/www.atul.co.in\/portuguese\/careers\/development\/#breadcrumb"},"inLanguage":"en-US","potentialAction":[{"@type":"ReadAction","target":["https:\/\/www.atul.co.in\/portuguese\/careers\/development\/"]}]},{"@type":"ImageObject","inLanguage":"en-US","@id":"https:\/\/www.atul.co.in\/portuguese\/careers\/development\/#primaryimage","url":"https:\/\/www.atul.co.in\/portuguese\/wp-content\/uploads\/2017\/04\/careers-banner-2.jpg","contentUrl":"https:\/\/www.atul.co.in\/portuguese\/wp-content\/uploads\/2017\/04\/careers-banner-2.jpg","width":1250,"height":335},{"@type":"BreadcrumbList","@id":"https:\/\/www.atul.co.in\/portuguese\/careers\/development\/#breadcrumb","itemListElement":[{"@type":"ListItem","position":1,"name":"Home","item":"https:\/\/www.atul.co.in\/portuguese\/"},{"@type":"ListItem","position":2,"name":"Aprendizado e Desenvolvimento"}]},{"@type":"WebSite","@id":"http:\/\/13.127.36.189\/portuguese\/#website","url":"http:\/\/13.127.36.189\/portuguese\/","name":"Atul Ltd","description":"","potentialAction":[{"@type":"SearchAction","target":{"@type":"EntryPoint","urlTemplate":"http:\/\/13.127.36.189\/portuguese\/?s={search_term_string}"},"query-input":{"@type":"PropertyValueSpecification","valueRequired":true,"valueName":"search_term_string"}}],"inLanguage":"en-US"}]}},"_links":{"self":[{"href":"https:\/\/www.atul.co.in\/portuguese\/wp-json\/wp\/v2\/pages\/1469","targetHints":{"allow":["GET"]}}],"collection":[{"href":"https:\/\/www.atul.co.in\/portuguese\/wp-json\/wp\/v2\/pages"}],"about":[{"href":"https:\/\/www.atul.co.in\/portuguese\/wp-json\/wp\/v2\/types\/page"}],"author":[{"embeddable":true,"href":"https:\/\/www.atul.co.in\/portuguese\/wp-json\/wp\/v2\/users\/1"}],"replies":[{"embeddable":true,"href":"https:\/\/www.atul.co.in\/portuguese\/wp-json\/wp\/v2\/comments?post=1469"}],"version-history":[{"count":0,"href":"https:\/\/www.atul.co.in\/portuguese\/wp-json\/wp\/v2\/pages\/1469\/revisions"}],"wp:featuredmedia":[{"embeddable":true,"href":"https:\/\/www.atul.co.in\/portuguese\/wp-json\/wp\/v2\/media\/5583"}],"wp:attachment":[{"href":"https:\/\/www.atul.co.in\/portuguese\/wp-json\/wp\/v2\/media?parent=1469"}],"curies":[{"name":"wp","href":"https:\/\/api.w.org\/{rel}","templated":true}]}}