{"id":1472,"date":"2017-04-15T08:53:59","date_gmt":"2017-04-15T08:53:59","guid":{"rendered":"http:\/\/43.242.212.212\/~atulco\/?page_id=1472"},"modified":"2020-03-19T16:04:03","modified_gmt":"2020-03-19T10:34:03","slug":"careersemployee-care","status":"publish","type":"page","link":"https:\/\/www.atul.co.in\/portuguese\/careers\/employee-care","title":{"rendered":"Cuidados com os funcion\u00e1rios"},"content":{"rendered":"<div class=\"container\">\n<div class=\"breadcrumb\"><a href=\"?page_id=1546\">Careers<\/a> <span>&rsaquo;<\/span> Cuidados com os funcion\u00e1rios<\/div>\n<p align=\"justify\"><center><\/p>\n<p class=\"highlight\">Quando as pessoas s\u00e3o investidas financeiramente, elas querem retorno. Quando as pessoas s\u00e3o investidas emocionalmente, elas querem contribuir.<\/p>\n<p class=\"highlight\">\n<blockquote>\n<p class=\"author\">Simon Sinek<\/p><\/blockquote>\n<div class=\"sepblockquote\">&nbsp;<\/div>\n<p><\/center><\/p>\n<p><\/p>\n<div class=\"about-text\">\nAs pessoas s\u00e3o nosso recurso mais valioso. Acreditamos que as pessoas que s\u00e3o bem cuidadas, trabalham com um maior sentimento de pertence, compromisso e entusiasmo.<\/p>\n<p>atrav\u00e9s de uma vida saud\u00e1vel, um equil\u00edbrio vida-trabalho e bem-estar geral da nossa equipe; buscamos fornecer a nossa equipe um ambiente de trabalho desafiador e motivador onde todos os membros recebem a oportunidade de se desenvolver e melhorar suas habilidades e objetivos pessoais e profissionais. Para que nossa equipe esteja bem informada toda hora, temos pol\u00edticas transparentes que s\u00e3o documentadas e comunicadas a novos membros que se juntam a n\u00f3s.<\/p>\n<p>\u00c0 nossa primeira vista na Atul, os membros da equipe podem fazer parte de:<br \/>\n<center><div class='content-column one_half'><img loading=\"lazy\" decoding=\"async\" src=\"https:\/\/www.atul.co.in\/portuguese\/wp-content\/uploads\/2017\/08\/weight.png\" alt=\"\" width=\"60\" height=\"60\" class=\"aligncenter size-full wp-image-4817\" srcset=\"https:\/\/www.atul.co.in\/portuguese\/wp-content\/uploads\/2017\/08\/weight.png 64w, https:\/\/www.atul.co.in\/portuguese\/wp-content\/uploads\/2017\/08\/weight-60x60.png 60w\" sizes=\"auto, (max-width: 60px) 100vw, 60px\" \/><\/p>\n<h6 style=\"letter-spacing:2px; color:#8da79d; margin: 0 0 5px 0;\">ATUL CLUB<\/h6>\n<div>oferece oportunidade de sa\u00fade e bem-estar<\/div>\n<p><\/div><div class='content-column one_half last_column'><img loading=\"lazy\" decoding=\"async\" src=\"https:\/\/www.atul.co.in\/portuguese\/wp-content\/uploads\/2017\/08\/cricket.png\" alt=\"\" width=\"60\" height=\"60\" class=\"aligncenter size-full wp-image-4816\" srcset=\"https:\/\/www.atul.co.in\/portuguese\/wp-content\/uploads\/2017\/08\/cricket.png 64w, https:\/\/www.atul.co.in\/portuguese\/wp-content\/uploads\/2017\/08\/cricket-60x60.png 60w\" sizes=\"auto, (max-width: 60px) 100vw, 60px\" \/><\/p>\n<h6 style=\"letter-spacing:2px; color:#8da79d; margin: 0 0 5px 0;\">ULHAS<\/h6>\n<div>promove esportes<\/div><\/div><div class='clear_column'><\/div>\n<div class=\"space20\"><\/div>\n<div class='content-column one_half'><img loading=\"lazy\" decoding=\"async\" src=\"https:\/\/www.atul.co.in\/portuguese\/wp-content\/uploads\/2017\/08\/chilli.png\" alt=\"\" width=\"60\" height=\"60\" class=\"aligncenter size-full wp-image-4815\" srcset=\"https:\/\/www.atul.co.in\/portuguese\/wp-content\/uploads\/2017\/08\/chilli.png 64w, https:\/\/www.atul.co.in\/portuguese\/wp-content\/uploads\/2017\/08\/chilli-60x60.png 60w\" sizes=\"auto, (max-width: 60px) 100vw, 60px\" \/><\/p>\n<h6 style=\"letter-spacing:2px; color:#8da79d; margin: 0 0 5px 0;\">URMI<\/h6>\n<div>empoderamento feminino<\/div><\/div><div class='content-column one_half last_column'><img loading=\"lazy\" decoding=\"async\" src=\"https:\/\/www.atul.co.in\/portuguese\/wp-content\/uploads\/2017\/08\/candle.png\" alt=\"\" width=\"60\" height=\"60\" class=\"aligncenter size-full wp-image-4814\" srcset=\"https:\/\/www.atul.co.in\/portuguese\/wp-content\/uploads\/2017\/08\/candle.png 64w, https:\/\/www.atul.co.in\/portuguese\/wp-content\/uploads\/2017\/08\/candle-60x60.png 60w\" sizes=\"auto, (max-width: 60px) 100vw, 60px\" \/><\/p>\n<h6 style=\"letter-spacing:2px; color:#8da79d; margin: 0 0 5px 0;\">UTKARSH<\/h6>\n<div>estimula interesses culturais<\/div><\/div><div class='clear_column'><\/div><\/center><\/p>\n<div class=\"space15\"><\/div>\n<p>Neste local, temos mais de 1.000 casas em col\u00f4nias residenciais para nossa equipe e seus familiares. Instala\u00e7\u00f5es m\u00e9dicas tamb\u00e9m est\u00e3o dispon\u00edveis no campus. Temos um calend\u00e1rio bem planejado de eventos para todo o ano, inclusive comemora\u00e7\u00f5es festivas, feiras, maratonas, atividades da esta\u00e7\u00e3o e muito mas!<\/p>\n<p>oferecendo-lhes v\u00e1rias oportunidades de se conectarem entre si, encontrar inspira\u00e7\u00e3o, estimular seus talentos e desenvolver suas habilidades de lideran\u00e7a.\n<\/p><\/div>\n<div class=\"space25\"><\/div>\n<div class=\"space25\"><\/div>\n","protected":false},"excerpt":{"rendered":"<p>Careers &rsaquo; Cuidados com os funcion\u00e1rios Quando as pessoas s\u00e3o investidas financeiramente, elas querem retorno. Quando as pessoas s\u00e3o investidas emocionalmente, elas querem contribuir. Simon Sinek &nbsp; As pessoas s\u00e3o nosso recurso mais valioso. Acreditamos que as pessoas que s\u00e3o<span class=\"ellipsis\">&hellip;<\/span><\/p>\n<div class=\"read-more\"><a href=\"https:\/\/www.atul.co.in\/portuguese\/careers\/employee-care\">Read more &#8250;<\/a><\/div>\n<p><!-- end of .read-more --><\/p>\n","protected":false},"author":1,"featured_media":5583,"parent":0,"menu_order":0,"comment_status":"closed","ping_status":"closed","template":"careers-landing-page.php","meta":{"_acf_changed":false,"footnotes":"","_links_to":"","_links_to_target":""},"class_list":["post-1472","page","type-page","status-publish","has-post-thumbnail","hentry"],"acf":[],"yoast_head":"<!-- This site is optimized with the Yoast SEO plugin v26.8 - https:\/\/yoast.com\/product\/yoast-seo-wordpress\/ -->\n<title>Carreiras e Atul | Cuidados com os funcion\u00e1rios<\/title>\n<meta name=\"robots\" content=\"index, follow, max-snippet:-1, max-image-preview:large, max-video-preview:-1\" \/>\n<link rel=\"canonical\" href=\"https:\/\/www.atul.co.in\/portuguese\/careers\/employee-care\/\" \/>\n<meta property=\"og:locale\" content=\"en_US\" \/>\n<meta property=\"og:type\" content=\"article\" \/>\n<meta property=\"og:title\" content=\"Carreiras e Atul | Cuidados com os funcion\u00e1rios\" \/>\n<meta property=\"og:description\" content=\"Careers &rsaquo; Cuidados com os funcion\u00e1rios Quando as pessoas s\u00e3o investidas financeiramente, elas querem retorno. Quando as pessoas s\u00e3o investidas emocionalmente, elas querem contribuir. Simon Sinek &nbsp; As pessoas s\u00e3o nosso recurso mais valioso. Acreditamos que as pessoas que s\u00e3o&hellip;Read more &#8250;\" \/>\n<meta property=\"og:url\" content=\"https:\/\/www.atul.co.in\/portuguese\/careers\/employee-care\/\" \/>\n<meta property=\"og:site_name\" content=\"Atul Ltd\" \/>\n<meta property=\"article:modified_time\" content=\"2020-03-19T10:34:03+00:00\" \/>\n<meta property=\"og:image\" content=\"https:\/\/www.atul.co.in\/portuguese\/wp-content\/uploads\/2017\/04\/careers-banner-2.jpg\" \/>\n\t<meta property=\"og:image:width\" content=\"1250\" \/>\n\t<meta property=\"og:image:height\" content=\"335\" \/>\n\t<meta property=\"og:image:type\" content=\"image\/jpeg\" \/>\n<meta name=\"twitter:card\" content=\"summary_large_image\" \/>\n<meta name=\"twitter:label1\" content=\"Est. reading time\" \/>\n\t<meta name=\"twitter:data1\" content=\"1 minute\" \/>\n<script type=\"application\/ld+json\" class=\"yoast-schema-graph\">{\"@context\":\"https:\/\/schema.org\",\"@graph\":[{\"@type\":\"WebPage\",\"@id\":\"https:\/\/www.atul.co.in\/portuguese\/careers\/employee-care\/\",\"url\":\"https:\/\/www.atul.co.in\/portuguese\/careers\/employee-care\/\",\"name\":\"Carreiras e Atul | Cuidados com os funcion\u00e1rios\",\"isPartOf\":{\"@id\":\"http:\/\/13.127.36.189\/portuguese\/#website\"},\"primaryImageOfPage\":{\"@id\":\"https:\/\/www.atul.co.in\/portuguese\/careers\/employee-care\/#primaryimage\"},\"image\":{\"@id\":\"https:\/\/www.atul.co.in\/portuguese\/careers\/employee-care\/#primaryimage\"},\"thumbnailUrl\":\"https:\/\/www.atul.co.in\/portuguese\/wp-content\/uploads\/2017\/04\/careers-banner-2.jpg\",\"datePublished\":\"2017-04-15T08:53:59+00:00\",\"dateModified\":\"2020-03-19T10:34:03+00:00\",\"breadcrumb\":{\"@id\":\"https:\/\/www.atul.co.in\/portuguese\/careers\/employee-care\/#breadcrumb\"},\"inLanguage\":\"en-US\",\"potentialAction\":[{\"@type\":\"ReadAction\",\"target\":[\"https:\/\/www.atul.co.in\/portuguese\/careers\/employee-care\/\"]}]},{\"@type\":\"ImageObject\",\"inLanguage\":\"en-US\",\"@id\":\"https:\/\/www.atul.co.in\/portuguese\/careers\/employee-care\/#primaryimage\",\"url\":\"https:\/\/www.atul.co.in\/portuguese\/wp-content\/uploads\/2017\/04\/careers-banner-2.jpg\",\"contentUrl\":\"https:\/\/www.atul.co.in\/portuguese\/wp-content\/uploads\/2017\/04\/careers-banner-2.jpg\",\"width\":1250,\"height\":335},{\"@type\":\"BreadcrumbList\",\"@id\":\"https:\/\/www.atul.co.in\/portuguese\/careers\/employee-care\/#breadcrumb\",\"itemListElement\":[{\"@type\":\"ListItem\",\"position\":1,\"name\":\"Home\",\"item\":\"https:\/\/www.atul.co.in\/portuguese\/\"},{\"@type\":\"ListItem\",\"position\":2,\"name\":\"Cuidados com os funcion\u00e1rios\"}]},{\"@type\":\"WebSite\",\"@id\":\"http:\/\/13.127.36.189\/portuguese\/#website\",\"url\":\"http:\/\/13.127.36.189\/portuguese\/\",\"name\":\"Atul Ltd\",\"description\":\"\",\"potentialAction\":[{\"@type\":\"SearchAction\",\"target\":{\"@type\":\"EntryPoint\",\"urlTemplate\":\"http:\/\/13.127.36.189\/portuguese\/?s={search_term_string}\"},\"query-input\":{\"@type\":\"PropertyValueSpecification\",\"valueRequired\":true,\"valueName\":\"search_term_string\"}}],\"inLanguage\":\"en-US\"}]}<\/script>\n<!-- \/ Yoast SEO plugin. -->","yoast_head_json":{"title":"Carreiras e Atul | Cuidados com os funcion\u00e1rios","robots":{"index":"index","follow":"follow","max-snippet":"max-snippet:-1","max-image-preview":"max-image-preview:large","max-video-preview":"max-video-preview:-1"},"canonical":"https:\/\/www.atul.co.in\/portuguese\/careers\/employee-care\/","og_locale":"en_US","og_type":"article","og_title":"Carreiras e Atul | Cuidados com os funcion\u00e1rios","og_description":"Careers &rsaquo; Cuidados com os funcion\u00e1rios Quando as pessoas s\u00e3o investidas financeiramente, elas querem retorno. Quando as pessoas s\u00e3o investidas emocionalmente, elas querem contribuir. Simon Sinek &nbsp; As pessoas s\u00e3o nosso recurso mais valioso. Acreditamos que as pessoas que s\u00e3o&hellip;Read more &#8250;","og_url":"https:\/\/www.atul.co.in\/portuguese\/careers\/employee-care\/","og_site_name":"Atul Ltd","article_modified_time":"2020-03-19T10:34:03+00:00","og_image":[{"width":1250,"height":335,"url":"https:\/\/www.atul.co.in\/portuguese\/wp-content\/uploads\/2017\/04\/careers-banner-2.jpg","type":"image\/jpeg"}],"twitter_card":"summary_large_image","twitter_misc":{"Est. reading time":"1 minute"},"schema":{"@context":"https:\/\/schema.org","@graph":[{"@type":"WebPage","@id":"https:\/\/www.atul.co.in\/portuguese\/careers\/employee-care\/","url":"https:\/\/www.atul.co.in\/portuguese\/careers\/employee-care\/","name":"Carreiras e Atul | Cuidados com os funcion\u00e1rios","isPartOf":{"@id":"http:\/\/13.127.36.189\/portuguese\/#website"},"primaryImageOfPage":{"@id":"https:\/\/www.atul.co.in\/portuguese\/careers\/employee-care\/#primaryimage"},"image":{"@id":"https:\/\/www.atul.co.in\/portuguese\/careers\/employee-care\/#primaryimage"},"thumbnailUrl":"https:\/\/www.atul.co.in\/portuguese\/wp-content\/uploads\/2017\/04\/careers-banner-2.jpg","datePublished":"2017-04-15T08:53:59+00:00","dateModified":"2020-03-19T10:34:03+00:00","breadcrumb":{"@id":"https:\/\/www.atul.co.in\/portuguese\/careers\/employee-care\/#breadcrumb"},"inLanguage":"en-US","potentialAction":[{"@type":"ReadAction","target":["https:\/\/www.atul.co.in\/portuguese\/careers\/employee-care\/"]}]},{"@type":"ImageObject","inLanguage":"en-US","@id":"https:\/\/www.atul.co.in\/portuguese\/careers\/employee-care\/#primaryimage","url":"https:\/\/www.atul.co.in\/portuguese\/wp-content\/uploads\/2017\/04\/careers-banner-2.jpg","contentUrl":"https:\/\/www.atul.co.in\/portuguese\/wp-content\/uploads\/2017\/04\/careers-banner-2.jpg","width":1250,"height":335},{"@type":"BreadcrumbList","@id":"https:\/\/www.atul.co.in\/portuguese\/careers\/employee-care\/#breadcrumb","itemListElement":[{"@type":"ListItem","position":1,"name":"Home","item":"https:\/\/www.atul.co.in\/portuguese\/"},{"@type":"ListItem","position":2,"name":"Cuidados com os funcion\u00e1rios"}]},{"@type":"WebSite","@id":"http:\/\/13.127.36.189\/portuguese\/#website","url":"http:\/\/13.127.36.189\/portuguese\/","name":"Atul Ltd","description":"","potentialAction":[{"@type":"SearchAction","target":{"@type":"EntryPoint","urlTemplate":"http:\/\/13.127.36.189\/portuguese\/?s={search_term_string}"},"query-input":{"@type":"PropertyValueSpecification","valueRequired":true,"valueName":"search_term_string"}}],"inLanguage":"en-US"}]}},"_links":{"self":[{"href":"https:\/\/www.atul.co.in\/portuguese\/wp-json\/wp\/v2\/pages\/1472","targetHints":{"allow":["GET"]}}],"collection":[{"href":"https:\/\/www.atul.co.in\/portuguese\/wp-json\/wp\/v2\/pages"}],"about":[{"href":"https:\/\/www.atul.co.in\/portuguese\/wp-json\/wp\/v2\/types\/page"}],"author":[{"embeddable":true,"href":"https:\/\/www.atul.co.in\/portuguese\/wp-json\/wp\/v2\/users\/1"}],"replies":[{"embeddable":true,"href":"https:\/\/www.atul.co.in\/portuguese\/wp-json\/wp\/v2\/comments?post=1472"}],"version-history":[{"count":0,"href":"https:\/\/www.atul.co.in\/portuguese\/wp-json\/wp\/v2\/pages\/1472\/revisions"}],"wp:featuredmedia":[{"embeddable":true,"href":"https:\/\/www.atul.co.in\/portuguese\/wp-json\/wp\/v2\/media\/5583"}],"wp:attachment":[{"href":"https:\/\/www.atul.co.in\/portuguese\/wp-json\/wp\/v2\/media?parent=1472"}],"curies":[{"name":"wp","href":"https:\/\/api.w.org\/{rel}","templated":true}]}}