{"id":1473,"date":"2017-04-15T09:19:53","date_gmt":"2017-04-15T09:19:53","guid":{"rendered":"http:\/\/43.242.212.212\/~atulco\/?page_id=1473"},"modified":"2020-03-19T15:47:57","modified_gmt":"2020-03-19T10:17:57","slug":"careersfaq","status":"publish","type":"page","link":"https:\/\/www.atul.co.in\/portuguese\/careers\/faq\/","title":{"rendered":"Perguntas Frequentes (FAQ)"},"content":{"rendered":"<div class=\"container\">\n<div class=\"breadcrumb\"><a href=\"?page_id=1546\">Carreiras<\/a> <span>&rsaquo;<\/span> FAQ<\/div>\n<p><center><\/p>\n<div class=\"text2\">\n<blockquote><p><em>Vamos guia-lo pelos passos mais importantes antes de voc\u00ea se candidatar a uma vaga na Atul.<\/em><\/p><\/blockquote>\n<\/h4>\n<div class=\"space10\"><\/div>\n<div class=\"sepblockquote\">&nbsp;<\/div>\n<p><\/center><\/div>\n<p><\/b><\/b><\/p>\n<div class=\"container\">\n<b style=\"color:#8da79d;\">Como posso saber sobre as vagas na Atul?<\/b><br \/>\nAs vagas abertas s\u00e3o listadas no nosso site. Para saber mais sobres essas oportunidades, mande um e-mail para <a href=\"mailto:careers@atul.co.in\">careers@atul.co.in<\/a><\/p>\n<div class=\"space15\"><\/div>\n<p><b style=\"color:#8da79d;\">Como posso me candidatar a um cargo na Atul?<\/b><br \/>\nEnvie o seu curr\u00edculo para <a href=\"mailto:careers@atul.co.in\">careers@atul.co.in<\/a><\/p>\n<div class=\"space15\"><\/div>\n<p><b style=\"color:#8da79d;\">E se eu n\u00e3o encontrar a oportunidade certa imediatamente?<\/b><br \/>\nNeste caso, vamos manter seu curr\u00edculo no nosso banco de dados; podemos consider\u00e1-lo para outras vagas se seu perfil atender nossos requisitos.<\/p>\n<div class=\"space15\"><\/div>\n<p><b style=\"color:#8da79d;\">Como vou saber se fui selecionado para uma entrevista?<\/b><br \/>\ndo cargo, sua candidatura ser\u00e1 revista e considerada. Se voc\u00ea for selecionado, nossa equipe de recrutamento entrar\u00e1 em contato com voc\u00ea.<\/p>\n<div class=\"space15\"><\/div>\n<p><b style=\"color:#8da79d;\">E se eu tiver interesse em v\u00e1ris cargos? Posso me candidatar a mais de uma vaga?<\/b><br \/>\nSim, voc\u00ea pode se candidatar a mais de uma vaga. Sua candidatura ser\u00e1 considerada para cada cargo ao qual voc\u00ea se candidatar, baseado na sua experi\u00eancia e qualifica\u00e7\u00e3o.<\/p>\n<div class=\"space15\"><\/div>\n<p><b style=\"color:#8da79d;\">Como minha candidatura \u00e9 avaliada?<\/b><br \/>\nN\u00f3s avaliamos sua candidatura com base nas suas credenciais acad\u00eamicas, experi\u00eancia de trabalho relevante, atitude, aptid\u00e3o e habilidades de comunica\u00e7\u00e3o.<\/p>\n<div class=\"space15\"><\/div>\n<p><b style=\"color:#8da79d;\">Quando posso esperar um contato da Atul?<\/b><br \/>\nSe voc\u00ea for pr\u00e9-selecionado, entraremos em contato em at\u00e9 15 dias ap\u00f3s sua candidatura. Alguns cargos podem demorar mais. Favor observar que recebemos muitas candidaturas e, portanto, n\u00e3o \u00e9 poss\u00edvel responder individualmente.<\/p>\n<div class=\"space15\"><\/div>\n<p><b style=\"color:#8da79d;\">Quanto tempo leva o processo de recrutamento?<\/b><br \/>\nNormalmente, o processo de recrutamento leva de 4 a 6 semanas.<\/p>\n<div class=\"space15\"><\/div>\n<p><b style=\"color:#8da79d;\">Como \u00e9 o processo de recrutamento na Atul?<\/b><br \/>\nO processo de recrutamento da Atul para candidatos com experi\u00eancia \u00e9 o seguinte:<br \/>\n1. Entrevista preliminar com o Recursos Humanos<br \/>\n2. Teste Psicom\u00e9trico | Aptid\u00e3o<br \/>\n3. Entrevista com a respectiva fun\u00e7\u00e3o empresarial<br \/>\n4. Entrevista final com o Recursos Humanos<\/p>\n<div class=\"space15\"><\/div>\n<p><b style=\"color:#8da79d;\">Como fico sabendo se minha candidatura foi recebida?<\/b><br \/>\nUm reconhecimento gerado pelo sistema ser\u00e1 enviado ao endere\u00e7o de e-mail que voc\u00ea forneceu. Ele vai chegar a voc\u00ea em alguns minutos ap\u00f3s o envio de sua candidatura.<\/p>\n<div class=\"space15\"><\/div>\n<p><b style=\"color:#8da79d;\">Ao anexar documentos \u00e0 candidatura, qual deve ser seu tamanho e formato?<\/b><br \/>\nO tamanho m\u00e1ximo de cada documento \u00e9 2 MB e em formato Word ou PDF de prefer\u00eancia. Certifique-se de n\u00e3o carregar arquivos PDF protegidos por senha.<\/p>\n<div class=\"space15\"><\/div>\n<p><b style=\"color:#8da79d;\">A empresa vai reembolsar despesas de viagem para a Atul?<\/b><br \/>\nSuas despesas de viagem ser\u00e3o reembolsadas conforme a pol\u00edtica de reembolso de viagem de candidatos. Os detalhes lhe ser\u00e3o comunicados em sua carta-convite para entrevista.<\/p>\n<div class=\"space15\"><\/div>\n<p><b style=\"color:#8da79d;\">Como pego o reembolso das minhas despesas de viagem? <\/b><br \/>\nO valor total de suas despesas de viagem ser\u00e1 creditados em sua conta banc\u00e1ria. Favor preencher o formul\u00e1rio de reembolso de viagem (anexado a sua carta-convite para entrevista), envie seus tickets de viagem e uma c\u00f3pia o cheque cancelado.<\/p>\n<div class=\"space15\"><\/div>\n","protected":false},"excerpt":{"rendered":"<p>Carreiras &rsaquo; FAQ Vamos guia-lo pelos passos mais importantes antes de voc\u00ea se candidatar a uma vaga na Atul. &nbsp; Como posso saber sobre as vagas na Atul? As vagas abertas s\u00e3o listadas no nosso site. Para saber mais sobres<span class=\"ellipsis\">&hellip;<\/span><\/p>\n<div class=\"read-more\"><a href=\"https:\/\/www.atul.co.in\/portuguese\/careers\/faq\/\">Read more &#8250;<\/a><\/div>\n<p><!-- end of .read-more --><\/p>\n","protected":false},"author":1,"featured_media":5601,"parent":0,"menu_order":0,"comment_status":"closed","ping_status":"closed","template":"careers-landing-page.php","meta":{"_acf_changed":false,"footnotes":"","_links_to":"","_links_to_target":""},"class_list":["post-1473","page","type-page","status-publish","has-post-thumbnail","hentry"],"acf":[],"yoast_head":"<!-- This site is optimized with the Yoast SEO plugin v26.8 - https:\/\/yoast.com\/product\/yoast-seo-wordpress\/ -->\n<title>Perguntas Frequentes (FAQ) | Atul<\/title>\n<meta name=\"robots\" content=\"index, follow, max-snippet:-1, max-image-preview:large, max-video-preview:-1\" \/>\n<link rel=\"canonical\" href=\"https:\/\/www.atul.co.in\/portuguese\/careers\/faq\/\" \/>\n<meta property=\"og:locale\" content=\"en_US\" \/>\n<meta property=\"og:type\" content=\"article\" \/>\n<meta property=\"og:title\" content=\"Perguntas Frequentes (FAQ) | Atul\" \/>\n<meta property=\"og:description\" content=\"Carreiras &rsaquo; FAQ Vamos guia-lo pelos passos mais importantes antes de voc\u00ea se candidatar a uma vaga na Atul. &nbsp; Como posso saber sobre as vagas na Atul? As vagas abertas s\u00e3o listadas no nosso site. Para saber mais sobres&hellip;Read more &#8250;\" \/>\n<meta property=\"og:url\" content=\"https:\/\/www.atul.co.in\/portuguese\/careers\/faq\/\" \/>\n<meta property=\"og:site_name\" content=\"Atul Ltd\" \/>\n<meta property=\"article:modified_time\" content=\"2020-03-19T10:17:57+00:00\" \/>\n<meta property=\"og:image\" content=\"https:\/\/www.atul.co.in\/portuguese\/wp-content\/uploads\/2017\/04\/faq-banner.jpg\" \/>\n\t<meta property=\"og:image:width\" content=\"1250\" \/>\n\t<meta property=\"og:image:height\" content=\"335\" \/>\n\t<meta property=\"og:image:type\" content=\"image\/jpeg\" \/>\n<meta name=\"twitter:card\" content=\"summary_large_image\" \/>\n<meta name=\"twitter:label1\" content=\"Est. reading time\" \/>\n\t<meta name=\"twitter:data1\" content=\"2 minutes\" \/>\n<script type=\"application\/ld+json\" class=\"yoast-schema-graph\">{\"@context\":\"https:\/\/schema.org\",\"@graph\":[{\"@type\":\"WebPage\",\"@id\":\"https:\/\/www.atul.co.in\/portuguese\/careers\/faq\/\",\"url\":\"https:\/\/www.atul.co.in\/portuguese\/careers\/faq\/\",\"name\":\"Perguntas Frequentes (FAQ) | Atul\",\"isPartOf\":{\"@id\":\"http:\/\/13.127.36.189\/portuguese\/#website\"},\"primaryImageOfPage\":{\"@id\":\"https:\/\/www.atul.co.in\/portuguese\/careers\/faq\/#primaryimage\"},\"image\":{\"@id\":\"https:\/\/www.atul.co.in\/portuguese\/careers\/faq\/#primaryimage\"},\"thumbnailUrl\":\"https:\/\/www.atul.co.in\/portuguese\/wp-content\/uploads\/2017\/04\/faq-banner.jpg\",\"datePublished\":\"2017-04-15T09:19:53+00:00\",\"dateModified\":\"2020-03-19T10:17:57+00:00\",\"breadcrumb\":{\"@id\":\"https:\/\/www.atul.co.in\/portuguese\/careers\/faq\/#breadcrumb\"},\"inLanguage\":\"en-US\",\"potentialAction\":[{\"@type\":\"ReadAction\",\"target\":[\"https:\/\/www.atul.co.in\/portuguese\/careers\/faq\/\"]}]},{\"@type\":\"ImageObject\",\"inLanguage\":\"en-US\",\"@id\":\"https:\/\/www.atul.co.in\/portuguese\/careers\/faq\/#primaryimage\",\"url\":\"https:\/\/www.atul.co.in\/portuguese\/wp-content\/uploads\/2017\/04\/faq-banner.jpg\",\"contentUrl\":\"https:\/\/www.atul.co.in\/portuguese\/wp-content\/uploads\/2017\/04\/faq-banner.jpg\",\"width\":1250,\"height\":335},{\"@type\":\"BreadcrumbList\",\"@id\":\"https:\/\/www.atul.co.in\/portuguese\/careers\/faq\/#breadcrumb\",\"itemListElement\":[{\"@type\":\"ListItem\",\"position\":1,\"name\":\"Home\",\"item\":\"https:\/\/www.atul.co.in\/portuguese\/\"},{\"@type\":\"ListItem\",\"position\":2,\"name\":\"Perguntas Frequentes (FAQ)\"}]},{\"@type\":\"WebSite\",\"@id\":\"http:\/\/13.127.36.189\/portuguese\/#website\",\"url\":\"http:\/\/13.127.36.189\/portuguese\/\",\"name\":\"Atul Ltd\",\"description\":\"\",\"potentialAction\":[{\"@type\":\"SearchAction\",\"target\":{\"@type\":\"EntryPoint\",\"urlTemplate\":\"http:\/\/13.127.36.189\/portuguese\/?s={search_term_string}\"},\"query-input\":{\"@type\":\"PropertyValueSpecification\",\"valueRequired\":true,\"valueName\":\"search_term_string\"}}],\"inLanguage\":\"en-US\"}]}<\/script>\n<!-- \/ Yoast SEO plugin. -->","yoast_head_json":{"title":"Perguntas Frequentes (FAQ) | Atul","robots":{"index":"index","follow":"follow","max-snippet":"max-snippet:-1","max-image-preview":"max-image-preview:large","max-video-preview":"max-video-preview:-1"},"canonical":"https:\/\/www.atul.co.in\/portuguese\/careers\/faq\/","og_locale":"en_US","og_type":"article","og_title":"Perguntas Frequentes (FAQ) | Atul","og_description":"Carreiras &rsaquo; FAQ Vamos guia-lo pelos passos mais importantes antes de voc\u00ea se candidatar a uma vaga na Atul. &nbsp; Como posso saber sobre as vagas na Atul? As vagas abertas s\u00e3o listadas no nosso site. Para saber mais sobres&hellip;Read more &#8250;","og_url":"https:\/\/www.atul.co.in\/portuguese\/careers\/faq\/","og_site_name":"Atul Ltd","article_modified_time":"2020-03-19T10:17:57+00:00","og_image":[{"width":1250,"height":335,"url":"https:\/\/www.atul.co.in\/portuguese\/wp-content\/uploads\/2017\/04\/faq-banner.jpg","type":"image\/jpeg"}],"twitter_card":"summary_large_image","twitter_misc":{"Est. reading time":"2 minutes"},"schema":{"@context":"https:\/\/schema.org","@graph":[{"@type":"WebPage","@id":"https:\/\/www.atul.co.in\/portuguese\/careers\/faq\/","url":"https:\/\/www.atul.co.in\/portuguese\/careers\/faq\/","name":"Perguntas Frequentes (FAQ) | Atul","isPartOf":{"@id":"http:\/\/13.127.36.189\/portuguese\/#website"},"primaryImageOfPage":{"@id":"https:\/\/www.atul.co.in\/portuguese\/careers\/faq\/#primaryimage"},"image":{"@id":"https:\/\/www.atul.co.in\/portuguese\/careers\/faq\/#primaryimage"},"thumbnailUrl":"https:\/\/www.atul.co.in\/portuguese\/wp-content\/uploads\/2017\/04\/faq-banner.jpg","datePublished":"2017-04-15T09:19:53+00:00","dateModified":"2020-03-19T10:17:57+00:00","breadcrumb":{"@id":"https:\/\/www.atul.co.in\/portuguese\/careers\/faq\/#breadcrumb"},"inLanguage":"en-US","potentialAction":[{"@type":"ReadAction","target":["https:\/\/www.atul.co.in\/portuguese\/careers\/faq\/"]}]},{"@type":"ImageObject","inLanguage":"en-US","@id":"https:\/\/www.atul.co.in\/portuguese\/careers\/faq\/#primaryimage","url":"https:\/\/www.atul.co.in\/portuguese\/wp-content\/uploads\/2017\/04\/faq-banner.jpg","contentUrl":"https:\/\/www.atul.co.in\/portuguese\/wp-content\/uploads\/2017\/04\/faq-banner.jpg","width":1250,"height":335},{"@type":"BreadcrumbList","@id":"https:\/\/www.atul.co.in\/portuguese\/careers\/faq\/#breadcrumb","itemListElement":[{"@type":"ListItem","position":1,"name":"Home","item":"https:\/\/www.atul.co.in\/portuguese\/"},{"@type":"ListItem","position":2,"name":"Perguntas Frequentes (FAQ)"}]},{"@type":"WebSite","@id":"http:\/\/13.127.36.189\/portuguese\/#website","url":"http:\/\/13.127.36.189\/portuguese\/","name":"Atul Ltd","description":"","potentialAction":[{"@type":"SearchAction","target":{"@type":"EntryPoint","urlTemplate":"http:\/\/13.127.36.189\/portuguese\/?s={search_term_string}"},"query-input":{"@type":"PropertyValueSpecification","valueRequired":true,"valueName":"search_term_string"}}],"inLanguage":"en-US"}]}},"_links":{"self":[{"href":"https:\/\/www.atul.co.in\/portuguese\/wp-json\/wp\/v2\/pages\/1473","targetHints":{"allow":["GET"]}}],"collection":[{"href":"https:\/\/www.atul.co.in\/portuguese\/wp-json\/wp\/v2\/pages"}],"about":[{"href":"https:\/\/www.atul.co.in\/portuguese\/wp-json\/wp\/v2\/types\/page"}],"author":[{"embeddable":true,"href":"https:\/\/www.atul.co.in\/portuguese\/wp-json\/wp\/v2\/users\/1"}],"replies":[{"embeddable":true,"href":"https:\/\/www.atul.co.in\/portuguese\/wp-json\/wp\/v2\/comments?post=1473"}],"version-history":[{"count":0,"href":"https:\/\/www.atul.co.in\/portuguese\/wp-json\/wp\/v2\/pages\/1473\/revisions"}],"wp:featuredmedia":[{"embeddable":true,"href":"https:\/\/www.atul.co.in\/portuguese\/wp-json\/wp\/v2\/media\/5601"}],"wp:attachment":[{"href":"https:\/\/www.atul.co.in\/portuguese\/wp-json\/wp\/v2\/media?parent=1473"}],"curies":[{"name":"wp","href":"https:\/\/api.w.org\/{rel}","templated":true}]}}