{"id":1474,"date":"2017-04-15T09:25:53","date_gmt":"2017-04-15T09:25:53","guid":{"rendered":"http:\/\/43.242.212.212\/~atulco\/?page_id=1474"},"modified":"2020-03-19T15:30:43","modified_gmt":"2020-03-19T10:00:43","slug":"careersphilosophy","status":"publish","type":"page","link":"https:\/\/www.atul.co.in\/portuguese\/careers\/philosophy","title":{"rendered":"Filosofia"},"content":{"rendered":"<div class=\"container\">\n<div class=\"breadcrumb\"><a href=\"?page_id=1546\">Carreiras<\/a> <span>&rsaquo;<\/span> Filosofia<\/div>\n<p><center><\/p>\n<p class=\"highlight\">A Ger\u00eancia \u00e9, antes de tudo, uma pr\u00e1tica onde arte, ci\u00eancia e of\u00edcio se encontram.<\/p>\n<p><\/center><center><\/p>\n<blockquote>\n<p class=\"author\">Henry Mintzberg<\/p>\n<\/blockquote>\n<div class=\"sepblockquote\">&nbsp;<\/div>\n<p><\/center><\/p>\n<div class=\"about-text\">gratificante onde cada membro cumpre o prop\u00f3sito da empresa e \u00e9 resoluto aos seis valores. Acreditamos em investir nas pessoas e em ter uma cultura transparente onde o crescimento de cada membro seja integro ao crescimento geral da organiza\u00e7\u00e3o. N\u00f3s encorajamos nossa equiper a dar o seu melhor no trabalho, enquanto enfatizamos um elemento intr\u00ednseco do equil\u00edbrio da vida profissional que, por sua vez, fomenta uma maior efici\u00eancia no tabalho.<\/p>\n<p>N\u00f3s recrutamos pessoas com grandes pensamentos e esfor\u00e7os para criar uma cultura que abra\u00e7a a diversidade, o crescimento inclusivo e a excel\u00eancia. N\u00f3s vemos cada membro da equipe como um patrim\u00f4nio e focamos na identifica\u00e7\u00e3o e desenvolvimento do seu talento atrav\u00e9s de uma variedade de iniciativas de aprendizado e desenvolvimento. Enquanto buscamos consistentemente melhorar nosso ambiente de trabalho, damos a mesma import\u00e2ncia \u00e0 vida al\u00e9m do trabalho. De iniciativas de sa\u00fade e bem-estar a feiras de divers\u00f5es, shows de talentos, noites culturais, comemora\u00e7\u00f5es festivas, etc., n\u00f3s nos esfor\u00e7amos para construir uma fam\u00edlia na organiza\u00e7\u00e3o.<\/p>\n","protected":false},"excerpt":{"rendered":"<p>Carreiras &rsaquo; Filosofia A Ger\u00eancia \u00e9, antes de tudo, uma pr\u00e1tica onde arte, ci\u00eancia e of\u00edcio se encontram. Henry Mintzberg &nbsp; gratificante onde cada membro cumpre o prop\u00f3sito da empresa e \u00e9 resoluto aos seis valores. Acreditamos em investir nas<span class=\"ellipsis\">&hellip;<\/span><\/p>\n<div class=\"read-more\"><a href=\"https:\/\/www.atul.co.in\/portuguese\/careers\/philosophy\">Read more &#8250;<\/a><\/div>\n<p><!-- end of .read-more --><\/p>\n","protected":false},"author":1,"featured_media":5600,"parent":0,"menu_order":0,"comment_status":"closed","ping_status":"closed","template":"careers-landing-page.php","meta":{"_acf_changed":false,"footnotes":"","_links_to":"","_links_to_target":""},"class_list":["post-1474","page","type-page","status-publish","has-post-thumbnail","hentry"],"acf":[],"yoast_head":"<!-- This site is optimized with the Yoast SEO plugin v26.8 - https:\/\/yoast.com\/product\/yoast-seo-wordpress\/ -->\n<title>Carreiras e Atul | Filosofia<\/title>\n<meta name=\"robots\" content=\"index, follow, max-snippet:-1, max-image-preview:large, max-video-preview:-1\" \/>\n<link rel=\"canonical\" href=\"https:\/\/www.atul.co.in\/portuguese\/careers\/philosophy\/\" \/>\n<meta property=\"og:locale\" content=\"en_US\" \/>\n<meta property=\"og:type\" content=\"article\" \/>\n<meta property=\"og:title\" content=\"Carreiras e Atul | Filosofia\" \/>\n<meta property=\"og:description\" content=\"Carreiras &rsaquo; Filosofia A Ger\u00eancia \u00e9, antes de tudo, uma pr\u00e1tica onde arte, ci\u00eancia e of\u00edcio se encontram. Henry Mintzberg &nbsp; gratificante onde cada membro cumpre o prop\u00f3sito da empresa e \u00e9 resoluto aos seis valores. Acreditamos em investir nas&hellip;Read more &#8250;\" \/>\n<meta property=\"og:url\" content=\"https:\/\/www.atul.co.in\/portuguese\/careers\/philosophy\/\" \/>\n<meta property=\"og:site_name\" content=\"Atul Ltd\" \/>\n<meta property=\"article:modified_time\" content=\"2020-03-19T10:00:43+00:00\" \/>\n<meta property=\"og:image\" content=\"https:\/\/www.atul.co.in\/portuguese\/wp-content\/uploads\/2017\/04\/philosophy-banner-1.jpg\" \/>\n\t<meta property=\"og:image:width\" content=\"1250\" \/>\n\t<meta property=\"og:image:height\" content=\"335\" \/>\n\t<meta property=\"og:image:type\" content=\"image\/jpeg\" \/>\n<meta name=\"twitter:card\" content=\"summary_large_image\" \/>\n<meta name=\"twitter:label1\" content=\"Est. reading time\" \/>\n\t<meta name=\"twitter:data1\" content=\"1 minute\" \/>\n<script type=\"application\/ld+json\" class=\"yoast-schema-graph\">{\"@context\":\"https:\/\/schema.org\",\"@graph\":[{\"@type\":\"WebPage\",\"@id\":\"https:\/\/www.atul.co.in\/portuguese\/careers\/philosophy\/\",\"url\":\"https:\/\/www.atul.co.in\/portuguese\/careers\/philosophy\/\",\"name\":\"Carreiras e Atul | Filosofia\",\"isPartOf\":{\"@id\":\"http:\/\/13.127.36.189\/portuguese\/#website\"},\"primaryImageOfPage\":{\"@id\":\"https:\/\/www.atul.co.in\/portuguese\/careers\/philosophy\/#primaryimage\"},\"image\":{\"@id\":\"https:\/\/www.atul.co.in\/portuguese\/careers\/philosophy\/#primaryimage\"},\"thumbnailUrl\":\"https:\/\/www.atul.co.in\/portuguese\/wp-content\/uploads\/2017\/04\/philosophy-banner-1.jpg\",\"datePublished\":\"2017-04-15T09:25:53+00:00\",\"dateModified\":\"2020-03-19T10:00:43+00:00\",\"breadcrumb\":{\"@id\":\"https:\/\/www.atul.co.in\/portuguese\/careers\/philosophy\/#breadcrumb\"},\"inLanguage\":\"en-US\",\"potentialAction\":[{\"@type\":\"ReadAction\",\"target\":[\"https:\/\/www.atul.co.in\/portuguese\/careers\/philosophy\/\"]}]},{\"@type\":\"ImageObject\",\"inLanguage\":\"en-US\",\"@id\":\"https:\/\/www.atul.co.in\/portuguese\/careers\/philosophy\/#primaryimage\",\"url\":\"https:\/\/www.atul.co.in\/portuguese\/wp-content\/uploads\/2017\/04\/philosophy-banner-1.jpg\",\"contentUrl\":\"https:\/\/www.atul.co.in\/portuguese\/wp-content\/uploads\/2017\/04\/philosophy-banner-1.jpg\",\"width\":1250,\"height\":335},{\"@type\":\"BreadcrumbList\",\"@id\":\"https:\/\/www.atul.co.in\/portuguese\/careers\/philosophy\/#breadcrumb\",\"itemListElement\":[{\"@type\":\"ListItem\",\"position\":1,\"name\":\"Home\",\"item\":\"https:\/\/www.atul.co.in\/portuguese\/\"},{\"@type\":\"ListItem\",\"position\":2,\"name\":\"Filosofia\"}]},{\"@type\":\"WebSite\",\"@id\":\"http:\/\/13.127.36.189\/portuguese\/#website\",\"url\":\"http:\/\/13.127.36.189\/portuguese\/\",\"name\":\"Atul Ltd\",\"description\":\"\",\"potentialAction\":[{\"@type\":\"SearchAction\",\"target\":{\"@type\":\"EntryPoint\",\"urlTemplate\":\"http:\/\/13.127.36.189\/portuguese\/?s={search_term_string}\"},\"query-input\":{\"@type\":\"PropertyValueSpecification\",\"valueRequired\":true,\"valueName\":\"search_term_string\"}}],\"inLanguage\":\"en-US\"}]}<\/script>\n<!-- \/ Yoast SEO plugin. -->","yoast_head_json":{"title":"Carreiras e Atul | Filosofia","robots":{"index":"index","follow":"follow","max-snippet":"max-snippet:-1","max-image-preview":"max-image-preview:large","max-video-preview":"max-video-preview:-1"},"canonical":"https:\/\/www.atul.co.in\/portuguese\/careers\/philosophy\/","og_locale":"en_US","og_type":"article","og_title":"Carreiras e Atul | Filosofia","og_description":"Carreiras &rsaquo; Filosofia A Ger\u00eancia \u00e9, antes de tudo, uma pr\u00e1tica onde arte, ci\u00eancia e of\u00edcio se encontram. Henry Mintzberg &nbsp; gratificante onde cada membro cumpre o prop\u00f3sito da empresa e \u00e9 resoluto aos seis valores. Acreditamos em investir nas&hellip;Read more &#8250;","og_url":"https:\/\/www.atul.co.in\/portuguese\/careers\/philosophy\/","og_site_name":"Atul Ltd","article_modified_time":"2020-03-19T10:00:43+00:00","og_image":[{"width":1250,"height":335,"url":"https:\/\/www.atul.co.in\/portuguese\/wp-content\/uploads\/2017\/04\/philosophy-banner-1.jpg","type":"image\/jpeg"}],"twitter_card":"summary_large_image","twitter_misc":{"Est. reading time":"1 minute"},"schema":{"@context":"https:\/\/schema.org","@graph":[{"@type":"WebPage","@id":"https:\/\/www.atul.co.in\/portuguese\/careers\/philosophy\/","url":"https:\/\/www.atul.co.in\/portuguese\/careers\/philosophy\/","name":"Carreiras e Atul | Filosofia","isPartOf":{"@id":"http:\/\/13.127.36.189\/portuguese\/#website"},"primaryImageOfPage":{"@id":"https:\/\/www.atul.co.in\/portuguese\/careers\/philosophy\/#primaryimage"},"image":{"@id":"https:\/\/www.atul.co.in\/portuguese\/careers\/philosophy\/#primaryimage"},"thumbnailUrl":"https:\/\/www.atul.co.in\/portuguese\/wp-content\/uploads\/2017\/04\/philosophy-banner-1.jpg","datePublished":"2017-04-15T09:25:53+00:00","dateModified":"2020-03-19T10:00:43+00:00","breadcrumb":{"@id":"https:\/\/www.atul.co.in\/portuguese\/careers\/philosophy\/#breadcrumb"},"inLanguage":"en-US","potentialAction":[{"@type":"ReadAction","target":["https:\/\/www.atul.co.in\/portuguese\/careers\/philosophy\/"]}]},{"@type":"ImageObject","inLanguage":"en-US","@id":"https:\/\/www.atul.co.in\/portuguese\/careers\/philosophy\/#primaryimage","url":"https:\/\/www.atul.co.in\/portuguese\/wp-content\/uploads\/2017\/04\/philosophy-banner-1.jpg","contentUrl":"https:\/\/www.atul.co.in\/portuguese\/wp-content\/uploads\/2017\/04\/philosophy-banner-1.jpg","width":1250,"height":335},{"@type":"BreadcrumbList","@id":"https:\/\/www.atul.co.in\/portuguese\/careers\/philosophy\/#breadcrumb","itemListElement":[{"@type":"ListItem","position":1,"name":"Home","item":"https:\/\/www.atul.co.in\/portuguese\/"},{"@type":"ListItem","position":2,"name":"Filosofia"}]},{"@type":"WebSite","@id":"http:\/\/13.127.36.189\/portuguese\/#website","url":"http:\/\/13.127.36.189\/portuguese\/","name":"Atul Ltd","description":"","potentialAction":[{"@type":"SearchAction","target":{"@type":"EntryPoint","urlTemplate":"http:\/\/13.127.36.189\/portuguese\/?s={search_term_string}"},"query-input":{"@type":"PropertyValueSpecification","valueRequired":true,"valueName":"search_term_string"}}],"inLanguage":"en-US"}]}},"_links":{"self":[{"href":"https:\/\/www.atul.co.in\/portuguese\/wp-json\/wp\/v2\/pages\/1474","targetHints":{"allow":["GET"]}}],"collection":[{"href":"https:\/\/www.atul.co.in\/portuguese\/wp-json\/wp\/v2\/pages"}],"about":[{"href":"https:\/\/www.atul.co.in\/portuguese\/wp-json\/wp\/v2\/types\/page"}],"author":[{"embeddable":true,"href":"https:\/\/www.atul.co.in\/portuguese\/wp-json\/wp\/v2\/users\/1"}],"replies":[{"embeddable":true,"href":"https:\/\/www.atul.co.in\/portuguese\/wp-json\/wp\/v2\/comments?post=1474"}],"version-history":[{"count":0,"href":"https:\/\/www.atul.co.in\/portuguese\/wp-json\/wp\/v2\/pages\/1474\/revisions"}],"wp:featuredmedia":[{"embeddable":true,"href":"https:\/\/www.atul.co.in\/portuguese\/wp-json\/wp\/v2\/media\/5600"}],"wp:attachment":[{"href":"https:\/\/www.atul.co.in\/portuguese\/wp-json\/wp\/v2\/media?parent=1474"}],"curies":[{"name":"wp","href":"https:\/\/api.w.org\/{rel}","templated":true}]}}