{"id":1546,"date":"2017-04-26T08:04:54","date_gmt":"2017-04-26T08:04:54","guid":{"rendered":"http:\/\/43.242.212.212\/~atulco\/?page_id=1546"},"modified":"2020-03-19T17:22:07","modified_gmt":"2020-03-19T11:52:07","slug":"careers","status":"publish","type":"page","link":"https:\/\/www.atul.co.in\/portuguese\/careers","title":{"rendered":"Carreiras"},"content":{"rendered":"<div class=\"container\">\n<blockquote><p>Todos os nossos sonhos podem se tornar realidade se tivermos a coragem de persegui-los.<\/p>\n<p><span class=\"author\">WALT DISNEY<\/span><\/p><\/blockquote>\n<div class=\"sepblockquote\">&nbsp;<\/div>\n<\/div>\n<p><!--\n\n<div class=\"we-are-hiring\">\n\n\n<div class=\"container\">\n\n\n<div class=\"title\">Walk-in interviews<\/div>\n\n\n\n\n<div class=\"link\"><a href=\"https:\/\/www.atul.co.in\/portuguese\/walk-in-interviews\/\">Explore<\/a><\/div>\n\n\n\n\n<div class=\"clear\">&nbsp;<\/div>\n\n\n<\/div>\n\n\n<\/div>\n\n--><\/p>\n<div class=\"philisophy\">\n<div class=\"container\">\n<div class=\"title\">Filosofia<\/div>\n<div class=\"text\">N\u00f3s colocamos pessoas antes de lucros e valores antes de n\u00fameros<\/div>\n<div class=\"link\"><a href=\"https:\/\/www.atul.co.in\/portuguese\/careers\/philosophy\">Explorar<\/a><\/div>\n<div class=\"clear\">&nbsp;<\/div>\n<\/div>\n<\/div>\n<div class=\"opportunities\">\n<div class=\"container\">\n<div class=\"title\">Oportunidades<\/div>\n<div class=\"text\">Explore oportunidades conosco e junte-se \u00e0 equipe<\/div>\n<div class=\"link\"><a href=\"https:\/\/career.atul.co.in\/psc\/career\/EMPLOYEE\/HRMS\/c\/HRS_HRAM_FL.HRS_CG_SEARCH_FL.GBL?FOCUS=Applicant&#038;FOCUS=Applicant\" target=\"_blank\">Explorar<\/a><\/div>\n<p><!--div class=\"link\"><a href=\"https:\/\/www.atul.co.in\/portuguese\/opportunities\/\">Explore<\/a><\/div-->\n<div class=\"clear\">&nbsp;<\/div>\n<\/div>\n<\/div>\n<div class=\"life-with-atul-careers\">\n<div class=\"container\">\n<div class=\"title\">A vida na Atul<\/div>\n<div class=\"text\">N\u00f3s criamos um ambiente de trabalho positivo e produtivo para nossa equipe, oferendo v\u00e1rias oportunidades para se superar<\/div>\n<div class=\"link\"><a href=\"https:\/\/www.atul.co.in\/portuguese\/lifewithatul\">Explorar<\/a><\/div>\n<div class=\"clear\">&nbsp;<\/div>\n<\/div>\n<\/div>\n<p><!--div class=\"emp-testimonials\">\n\n\n<div class=\"container\">\n\n\n<div class=\"title\">Testimonials<\/div>\n\n\n\n\n<div class=\"text\">We nurture our team to grow while being firmly rooted in our core values<\/div>\n\n\n\n\n<div class=\"link\"><a href=\"?page_id=993\">Explore<\/a><\/div>\n\n\n\n\n<div class=\"clear\">&nbsp;<\/div>\n\n\n<\/div>\n\n\n<\/div-->\n<div class=\"faqs\">\n<div class=\"container\">\n<div class=\"title\">Perguntas Frequentes (FAQ)<\/div>\n<div class=\"text\">Leia as respostas das perguntas mais frequentes<\/div>\n<div class=\"link\"><a href=\"https:\/\/www.atul.co.in\/portuguese\/careers\/faq\/\">Explorar<\/a><\/div>\n<div class=\"clear\">&nbsp;<\/div>\n<\/div>\n<\/div>\n<div class=\"careerslinks\">\n<div class=\"container\">\n<div class=\"space25\"><\/div>\n<div class='content-column one_third'><a href=\"?page_id=1472\"> <img loading=\"lazy\" decoding=\"async\" src=\"https:\/\/www.atul.co.in\/portuguese\/wp-content\/uploads\/2020\/03\/employee-care-2-new-6-1.png\" onmouseover=\"this.src='https:\/\/www.atul.co.in\/portuguese\/wp-content\/uploads\/2020\/03\/employee-care-2-new-6-2.png'\" onmouseout=\"this.src='https:\/\/www.atul.co.in\/portuguese\/wp-content\/uploads\/2020\/03\/employee-care-2-new-6-1.png'\"  width=\"150\" height=\"104\" class=\"aligncenter size-full wp-image-4602\"\/><\/a><br \/><\/div><div class='content-column one_third'><a href=\"?page_id=1469\"> <img loading=\"lazy\" decoding=\"async\" src=\"https:\/\/www.atul.co.in\/portuguese\/wp-content\/uploads\/2020\/03\/thinking-1-3-1.png\" onmouseover=\"this.src='https:\/\/www.atul.co.in\/portuguese\/wp-content\/uploads\/2020\/03\/thinking-1-3-2.png'\" onmouseout=\"this.src='https:\/\/www.atul.co.in\/portuguese\/wp-content\/uploads\/2020\/03\/thinking-1-3-1.png'\"  width=\"150\" height=\"104\" class=\"aligncenter size-full wp-image-4602\"\/><\/a><br \/><\/div><div class='content-column one_third last_column'><a href=\"?page_id=1471\"> <img loading=\"lazy\" decoding=\"async\" src=\"https:\/\/www.atul.co.in\/portuguese\/wp-content\/uploads\/2020\/03\/recognition-2-new-1-3-1.png\" onmouseover=\"this.src='https:\/\/www.atul.co.in\/portuguese\/wp-content\/uploads\/2020\/03\/recognition-2-new-1-3-2.png'\" onmouseout=\"this.src='https:\/\/www.atul.co.in\/portuguese\/wp-content\/uploads\/2020\/03\/recognition-2-new-1-3-1.png'\"  width=\"150\" height=\"104\" class=\"aligncenter size-full wp-image-4602\"\/><\/a><br \/><\/div><div class='clear_column'><\/div>\n<\/div>\n<\/div>\n","protected":false},"excerpt":{"rendered":"<p>Todos os nossos sonhos podem se tornar realidade se tivermos a coragem de persegui-los. WALT DISNEY &nbsp; Filosofia N\u00f3s colocamos pessoas antes de lucros e valores antes de n\u00fameros Explorar &nbsp; Oportunidades Explore oportunidades conosco e junte-se \u00e0 equipe Explorar<span class=\"ellipsis\">&hellip;<\/span><\/p>\n<div class=\"read-more\"><a href=\"https:\/\/www.atul.co.in\/portuguese\/careers\">Read more &#8250;<\/a><\/div>\n<p><!-- end of .read-more --><\/p>\n","protected":false},"author":1,"featured_media":6326,"parent":0,"menu_order":0,"comment_status":"closed","ping_status":"closed","template":"careers-landing-page.php","meta":{"_acf_changed":false,"footnotes":"","_links_to":"","_links_to_target":""},"class_list":["post-1546","page","type-page","status-publish","has-post-thumbnail","hentry"],"acf":[],"yoast_head":"<!-- This site is optimized with the Yoast SEO plugin v26.8 - https:\/\/yoast.com\/product\/yoast-seo-wordpress\/ -->\n<title>Carreiras | Atul<\/title>\n<meta name=\"robots\" content=\"index, follow, max-snippet:-1, max-image-preview:large, max-video-preview:-1\" \/>\n<link rel=\"canonical\" href=\"https:\/\/www.atul.co.in\/portuguese\/careers\/\" \/>\n<meta property=\"og:locale\" content=\"en_US\" \/>\n<meta property=\"og:type\" content=\"article\" \/>\n<meta property=\"og:title\" content=\"Carreiras | Atul\" \/>\n<meta property=\"og:description\" content=\"Todos os nossos sonhos podem se tornar realidade se tivermos a coragem de persegui-los. WALT DISNEY &nbsp; Filosofia N\u00f3s colocamos pessoas antes de lucros e valores antes de n\u00fameros Explorar &nbsp; Oportunidades Explore oportunidades conosco e junte-se \u00e0 equipe Explorar&hellip;Read more &#8250;\" \/>\n<meta property=\"og:url\" content=\"https:\/\/www.atul.co.in\/portuguese\/careers\/\" \/>\n<meta property=\"og:site_name\" content=\"Atul Ltd\" \/>\n<meta property=\"article:modified_time\" content=\"2020-03-19T11:52:07+00:00\" \/>\n<meta property=\"og:image\" content=\"https:\/\/www.atul.co.in\/portuguese\/wp-content\/uploads\/2019\/02\/career_banner.png\" \/>\n\t<meta property=\"og:image:width\" content=\"1349\" \/>\n\t<meta property=\"og:image:height\" content=\"362\" \/>\n\t<meta property=\"og:image:type\" content=\"image\/png\" \/>\n<meta name=\"twitter:card\" content=\"summary_large_image\" \/>\n<script type=\"application\/ld+json\" class=\"yoast-schema-graph\">{\"@context\":\"https:\/\/schema.org\",\"@graph\":[{\"@type\":\"WebPage\",\"@id\":\"https:\/\/www.atul.co.in\/portuguese\/careers\/\",\"url\":\"https:\/\/www.atul.co.in\/portuguese\/careers\/\",\"name\":\"Carreiras | Atul\",\"isPartOf\":{\"@id\":\"http:\/\/13.127.36.189\/portuguese\/#website\"},\"primaryImageOfPage\":{\"@id\":\"https:\/\/www.atul.co.in\/portuguese\/careers\/#primaryimage\"},\"image\":{\"@id\":\"https:\/\/www.atul.co.in\/portuguese\/careers\/#primaryimage\"},\"thumbnailUrl\":\"https:\/\/www.atul.co.in\/portuguese\/wp-content\/uploads\/2019\/02\/career_banner.png\",\"datePublished\":\"2017-04-26T08:04:54+00:00\",\"dateModified\":\"2020-03-19T11:52:07+00:00\",\"breadcrumb\":{\"@id\":\"https:\/\/www.atul.co.in\/portuguese\/careers\/#breadcrumb\"},\"inLanguage\":\"en-US\",\"potentialAction\":[{\"@type\":\"ReadAction\",\"target\":[\"https:\/\/www.atul.co.in\/portuguese\/careers\/\"]}]},{\"@type\":\"ImageObject\",\"inLanguage\":\"en-US\",\"@id\":\"https:\/\/www.atul.co.in\/portuguese\/careers\/#primaryimage\",\"url\":\"https:\/\/www.atul.co.in\/portuguese\/wp-content\/uploads\/2019\/02\/career_banner.png\",\"contentUrl\":\"https:\/\/www.atul.co.in\/portuguese\/wp-content\/uploads\/2019\/02\/career_banner.png\",\"width\":1349,\"height\":362},{\"@type\":\"BreadcrumbList\",\"@id\":\"https:\/\/www.atul.co.in\/portuguese\/careers\/#breadcrumb\",\"itemListElement\":[{\"@type\":\"ListItem\",\"position\":1,\"name\":\"Home\",\"item\":\"https:\/\/www.atul.co.in\/portuguese\/\"},{\"@type\":\"ListItem\",\"position\":2,\"name\":\"Carreiras\"}]},{\"@type\":\"WebSite\",\"@id\":\"http:\/\/13.127.36.189\/portuguese\/#website\",\"url\":\"http:\/\/13.127.36.189\/portuguese\/\",\"name\":\"Atul Ltd\",\"description\":\"\",\"potentialAction\":[{\"@type\":\"SearchAction\",\"target\":{\"@type\":\"EntryPoint\",\"urlTemplate\":\"http:\/\/13.127.36.189\/portuguese\/?s={search_term_string}\"},\"query-input\":{\"@type\":\"PropertyValueSpecification\",\"valueRequired\":true,\"valueName\":\"search_term_string\"}}],\"inLanguage\":\"en-US\"}]}<\/script>\n<!-- \/ Yoast SEO plugin. -->","yoast_head_json":{"title":"Carreiras | Atul","robots":{"index":"index","follow":"follow","max-snippet":"max-snippet:-1","max-image-preview":"max-image-preview:large","max-video-preview":"max-video-preview:-1"},"canonical":"https:\/\/www.atul.co.in\/portuguese\/careers\/","og_locale":"en_US","og_type":"article","og_title":"Carreiras | Atul","og_description":"Todos os nossos sonhos podem se tornar realidade se tivermos a coragem de persegui-los. WALT DISNEY &nbsp; Filosofia N\u00f3s colocamos pessoas antes de lucros e valores antes de n\u00fameros Explorar &nbsp; Oportunidades Explore oportunidades conosco e junte-se \u00e0 equipe Explorar&hellip;Read more &#8250;","og_url":"https:\/\/www.atul.co.in\/portuguese\/careers\/","og_site_name":"Atul Ltd","article_modified_time":"2020-03-19T11:52:07+00:00","og_image":[{"width":1349,"height":362,"url":"https:\/\/www.atul.co.in\/portuguese\/wp-content\/uploads\/2019\/02\/career_banner.png","type":"image\/png"}],"twitter_card":"summary_large_image","schema":{"@context":"https:\/\/schema.org","@graph":[{"@type":"WebPage","@id":"https:\/\/www.atul.co.in\/portuguese\/careers\/","url":"https:\/\/www.atul.co.in\/portuguese\/careers\/","name":"Carreiras | Atul","isPartOf":{"@id":"http:\/\/13.127.36.189\/portuguese\/#website"},"primaryImageOfPage":{"@id":"https:\/\/www.atul.co.in\/portuguese\/careers\/#primaryimage"},"image":{"@id":"https:\/\/www.atul.co.in\/portuguese\/careers\/#primaryimage"},"thumbnailUrl":"https:\/\/www.atul.co.in\/portuguese\/wp-content\/uploads\/2019\/02\/career_banner.png","datePublished":"2017-04-26T08:04:54+00:00","dateModified":"2020-03-19T11:52:07+00:00","breadcrumb":{"@id":"https:\/\/www.atul.co.in\/portuguese\/careers\/#breadcrumb"},"inLanguage":"en-US","potentialAction":[{"@type":"ReadAction","target":["https:\/\/www.atul.co.in\/portuguese\/careers\/"]}]},{"@type":"ImageObject","inLanguage":"en-US","@id":"https:\/\/www.atul.co.in\/portuguese\/careers\/#primaryimage","url":"https:\/\/www.atul.co.in\/portuguese\/wp-content\/uploads\/2019\/02\/career_banner.png","contentUrl":"https:\/\/www.atul.co.in\/portuguese\/wp-content\/uploads\/2019\/02\/career_banner.png","width":1349,"height":362},{"@type":"BreadcrumbList","@id":"https:\/\/www.atul.co.in\/portuguese\/careers\/#breadcrumb","itemListElement":[{"@type":"ListItem","position":1,"name":"Home","item":"https:\/\/www.atul.co.in\/portuguese\/"},{"@type":"ListItem","position":2,"name":"Carreiras"}]},{"@type":"WebSite","@id":"http:\/\/13.127.36.189\/portuguese\/#website","url":"http:\/\/13.127.36.189\/portuguese\/","name":"Atul Ltd","description":"","potentialAction":[{"@type":"SearchAction","target":{"@type":"EntryPoint","urlTemplate":"http:\/\/13.127.36.189\/portuguese\/?s={search_term_string}"},"query-input":{"@type":"PropertyValueSpecification","valueRequired":true,"valueName":"search_term_string"}}],"inLanguage":"en-US"}]}},"_links":{"self":[{"href":"https:\/\/www.atul.co.in\/portuguese\/wp-json\/wp\/v2\/pages\/1546","targetHints":{"allow":["GET"]}}],"collection":[{"href":"https:\/\/www.atul.co.in\/portuguese\/wp-json\/wp\/v2\/pages"}],"about":[{"href":"https:\/\/www.atul.co.in\/portuguese\/wp-json\/wp\/v2\/types\/page"}],"author":[{"embeddable":true,"href":"https:\/\/www.atul.co.in\/portuguese\/wp-json\/wp\/v2\/users\/1"}],"replies":[{"embeddable":true,"href":"https:\/\/www.atul.co.in\/portuguese\/wp-json\/wp\/v2\/comments?post=1546"}],"version-history":[{"count":0,"href":"https:\/\/www.atul.co.in\/portuguese\/wp-json\/wp\/v2\/pages\/1546\/revisions"}],"wp:featuredmedia":[{"embeddable":true,"href":"https:\/\/www.atul.co.in\/portuguese\/wp-json\/wp\/v2\/media\/6326"}],"wp:attachment":[{"href":"https:\/\/www.atul.co.in\/portuguese\/wp-json\/wp\/v2\/media?parent=1546"}],"curies":[{"name":"wp","href":"https:\/\/api.w.org\/{rel}","templated":true}]}}