{"id":1568,"date":"2017-05-04T11:41:49","date_gmt":"2017-05-04T11:41:49","guid":{"rendered":"http:\/\/43.242.212.212\/~atulco\/?page_id=1568"},"modified":"2020-05-20T20:45:41","modified_gmt":"2020-05-20T15:15:41","slug":"colorsabout","status":"publish","type":"page","link":"https:\/\/www.atul.co.in\/portuguese\/colors\/about","title":{"rendered":"About Colors"},"content":{"rendered":"<div class=\"container\">\n<div class=\"about-text\">\n<p align=\"justify\">Colors, a primeira empresa da Atul, foi criada em 1952 para ir ao encontro das necessidades dos corantes t\u00eaxteis, ent\u00e3o totalmente importados para a \u00cdndia. A Empresa oferece uma vasta gama de corantes t\u00eaxteis e para papel e pigmentos de elevada performance. Foi reconhecida por fabricar v\u00e1rios corantes e pigmentos pela primeira vez na \u00cdndia.<\/p>\n<p align=\"justify\">A Rudolf Atul Chemicals Ltd., uma joint-venture controlada em partes iguais (50-50) entre a Rudolf GmbH e a Atul, disponibiliza uma vasta gama de qu\u00edmicos para t\u00eaxteis aos seus clientes da \u00cdndia.<\/p>\n<p align=\"justify\">As instala\u00e7\u00f5es de investiga\u00e7\u00e3o e fabrica\u00e7\u00e3o est\u00e3o situadas em Atul, Gujarate. A Empresa tem uma pequena unidade em Tarapur, Maharashtra, dedicada \u00e0 estandardiza\u00e7\u00e3o de Corantes de Cuba e corantes Dispersos. Um laborat\u00f3rio espec\u00edfico de Servi\u00e7os T\u00e9cnicos em Atul centra-se no desenvolvimento aplicado e simula as fun\u00e7\u00f5es executadas pelos clientes, como a tintagem Cont\u00ednua, a tintagem Semicont\u00ednua, o tingimento por Exaust\u00e3o e a Impress\u00e3o.<\/p>\n<p align=\"justify\">Com um portef\u00f3lio de 540 produtos, a Colors serve cerca de 700 clientes em 40 pa\u00edses. Estes produtos s\u00e3o maioritariamente usados por clientes das ind\u00fastrias T\u00eaxtil, de Tinta e Revestimentos e do Papel.<\/p>\n<p align=\"justify\">A empresa possui certifica\u00e7\u00e3o ISO 9001 e ISO 14001. \u00c9 membro de uma Associa\u00e7\u00e3o Ecol\u00f3gica e Toxicol\u00f3gica de Corantes e Pigmentos (a ETAD) e os seus produtos s\u00e3o feitos de acordo com a Norma Global de T\u00eaxteis Org\u00e2nicos (GOTS).<\/p>\n<p align=\"justify\">A equipa \u00e9 composta por cerca de 815 membros.<\/p>\n<\/div>\n<\/div>\n<div><\/div>\n","protected":false},"excerpt":{"rendered":"<p>Colors, a primeira empresa da Atul, foi criada em 1952 para ir ao encontro das necessidades dos corantes t\u00eaxteis, ent\u00e3o totalmente importados para a \u00cdndia. A Empresa oferece uma vasta gama de corantes t\u00eaxteis e para papel e pigmentos de<span class=\"ellipsis\">&hellip;<\/span><\/p>\n<div class=\"read-more\"><a href=\"https:\/\/www.atul.co.in\/portuguese\/colors\/about\">Read more &#8250;<\/a><\/div>\n<p><!-- end of .read-more --><\/p>\n","protected":false},"author":1,"featured_media":957,"parent":850,"menu_order":0,"comment_status":"closed","ping_status":"closed","template":"colors-microsite-pages.php","meta":{"_acf_changed":false,"footnotes":"","_links_to":"","_links_to_target":""},"class_list":["post-1568","page","type-page","status-publish","has-post-thumbnail","hentry"],"acf":[],"yoast_head":"<!-- This site is optimized with the Yoast SEO plugin v26.8 - https:\/\/yoast.com\/product\/yoast-seo-wordpress\/ -->\n<title>Sobre | Cores | Atul<\/title>\n<meta name=\"robots\" content=\"index, follow, max-snippet:-1, max-image-preview:large, max-video-preview:-1\" \/>\n<link rel=\"canonical\" href=\"https:\/\/www.atul.co.in\/portuguese\/colors\/about\/\" \/>\n<meta property=\"og:locale\" content=\"en_US\" \/>\n<meta property=\"og:type\" content=\"article\" \/>\n<meta property=\"og:title\" content=\"Sobre | Cores | Atul\" \/>\n<meta property=\"og:description\" content=\"Colors, a primeira empresa da Atul, foi criada em 1952 para ir ao encontro das necessidades dos corantes t\u00eaxteis, ent\u00e3o totalmente importados para a \u00cdndia. A Empresa oferece uma vasta gama de corantes t\u00eaxteis e para papel e pigmentos de&hellip;Read more &#8250;\" \/>\n<meta property=\"og:url\" content=\"https:\/\/www.atul.co.in\/portuguese\/colors\/about\/\" \/>\n<meta property=\"og:site_name\" content=\"Atul Ltd\" \/>\n<meta property=\"article:modified_time\" content=\"2020-05-20T15:15:41+00:00\" \/>\n<meta property=\"og:image\" content=\"https:\/\/www.atul.co.in\/portuguese\/wp-content\/uploads\/colors-banner.png\" \/>\n\t<meta property=\"og:image:width\" content=\"1246\" \/>\n\t<meta property=\"og:image:height\" content=\"400\" \/>\n\t<meta property=\"og:image:type\" content=\"image\/png\" \/>\n<meta name=\"twitter:card\" content=\"summary_large_image\" \/>\n<meta name=\"twitter:label1\" content=\"Est. reading time\" \/>\n\t<meta name=\"twitter:data1\" content=\"1 minute\" \/>\n<script type=\"application\/ld+json\" class=\"yoast-schema-graph\">{\"@context\":\"https:\/\/schema.org\",\"@graph\":[{\"@type\":\"WebPage\",\"@id\":\"https:\/\/www.atul.co.in\/portuguese\/colors\/about\/\",\"url\":\"https:\/\/www.atul.co.in\/portuguese\/colors\/about\/\",\"name\":\"Sobre | Cores | Atul\",\"isPartOf\":{\"@id\":\"http:\/\/13.127.36.189\/portuguese\/#website\"},\"primaryImageOfPage\":{\"@id\":\"https:\/\/www.atul.co.in\/portuguese\/colors\/about\/#primaryimage\"},\"image\":{\"@id\":\"https:\/\/www.atul.co.in\/portuguese\/colors\/about\/#primaryimage\"},\"thumbnailUrl\":\"https:\/\/www.atul.co.in\/portuguese\/wp-content\/uploads\/colors-banner.png\",\"datePublished\":\"2017-05-04T11:41:49+00:00\",\"dateModified\":\"2020-05-20T15:15:41+00:00\",\"breadcrumb\":{\"@id\":\"https:\/\/www.atul.co.in\/portuguese\/colors\/about\/#breadcrumb\"},\"inLanguage\":\"en-US\",\"potentialAction\":[{\"@type\":\"ReadAction\",\"target\":[\"https:\/\/www.atul.co.in\/portuguese\/colors\/about\/\"]}]},{\"@type\":\"ImageObject\",\"inLanguage\":\"en-US\",\"@id\":\"https:\/\/www.atul.co.in\/portuguese\/colors\/about\/#primaryimage\",\"url\":\"https:\/\/www.atul.co.in\/portuguese\/wp-content\/uploads\/colors-banner.png\",\"contentUrl\":\"https:\/\/www.atul.co.in\/portuguese\/wp-content\/uploads\/colors-banner.png\",\"width\":1246,\"height\":400},{\"@type\":\"BreadcrumbList\",\"@id\":\"https:\/\/www.atul.co.in\/portuguese\/colors\/about\/#breadcrumb\",\"itemListElement\":[{\"@type\":\"ListItem\",\"position\":1,\"name\":\"Home\",\"item\":\"https:\/\/www.atul.co.in\/portuguese\/\"},{\"@type\":\"ListItem\",\"position\":2,\"name\":\"Colors\",\"item\":\"\/\"},{\"@type\":\"ListItem\",\"position\":3,\"name\":\"About Colors\"}]},{\"@type\":\"WebSite\",\"@id\":\"http:\/\/13.127.36.189\/portuguese\/#website\",\"url\":\"http:\/\/13.127.36.189\/portuguese\/\",\"name\":\"Atul Ltd\",\"description\":\"\",\"potentialAction\":[{\"@type\":\"SearchAction\",\"target\":{\"@type\":\"EntryPoint\",\"urlTemplate\":\"http:\/\/13.127.36.189\/portuguese\/?s={search_term_string}\"},\"query-input\":{\"@type\":\"PropertyValueSpecification\",\"valueRequired\":true,\"valueName\":\"search_term_string\"}}],\"inLanguage\":\"en-US\"}]}<\/script>\n<!-- \/ Yoast SEO plugin. -->","yoast_head_json":{"title":"Sobre | Cores | Atul","robots":{"index":"index","follow":"follow","max-snippet":"max-snippet:-1","max-image-preview":"max-image-preview:large","max-video-preview":"max-video-preview:-1"},"canonical":"https:\/\/www.atul.co.in\/portuguese\/colors\/about\/","og_locale":"en_US","og_type":"article","og_title":"Sobre | Cores | Atul","og_description":"Colors, a primeira empresa da Atul, foi criada em 1952 para ir ao encontro das necessidades dos corantes t\u00eaxteis, ent\u00e3o totalmente importados para a \u00cdndia. A Empresa oferece uma vasta gama de corantes t\u00eaxteis e para papel e pigmentos de&hellip;Read more &#8250;","og_url":"https:\/\/www.atul.co.in\/portuguese\/colors\/about\/","og_site_name":"Atul Ltd","article_modified_time":"2020-05-20T15:15:41+00:00","og_image":[{"width":1246,"height":400,"url":"https:\/\/www.atul.co.in\/portuguese\/wp-content\/uploads\/colors-banner.png","type":"image\/png"}],"twitter_card":"summary_large_image","twitter_misc":{"Est. reading time":"1 minute"},"schema":{"@context":"https:\/\/schema.org","@graph":[{"@type":"WebPage","@id":"https:\/\/www.atul.co.in\/portuguese\/colors\/about\/","url":"https:\/\/www.atul.co.in\/portuguese\/colors\/about\/","name":"Sobre | Cores | Atul","isPartOf":{"@id":"http:\/\/13.127.36.189\/portuguese\/#website"},"primaryImageOfPage":{"@id":"https:\/\/www.atul.co.in\/portuguese\/colors\/about\/#primaryimage"},"image":{"@id":"https:\/\/www.atul.co.in\/portuguese\/colors\/about\/#primaryimage"},"thumbnailUrl":"https:\/\/www.atul.co.in\/portuguese\/wp-content\/uploads\/colors-banner.png","datePublished":"2017-05-04T11:41:49+00:00","dateModified":"2020-05-20T15:15:41+00:00","breadcrumb":{"@id":"https:\/\/www.atul.co.in\/portuguese\/colors\/about\/#breadcrumb"},"inLanguage":"en-US","potentialAction":[{"@type":"ReadAction","target":["https:\/\/www.atul.co.in\/portuguese\/colors\/about\/"]}]},{"@type":"ImageObject","inLanguage":"en-US","@id":"https:\/\/www.atul.co.in\/portuguese\/colors\/about\/#primaryimage","url":"https:\/\/www.atul.co.in\/portuguese\/wp-content\/uploads\/colors-banner.png","contentUrl":"https:\/\/www.atul.co.in\/portuguese\/wp-content\/uploads\/colors-banner.png","width":1246,"height":400},{"@type":"BreadcrumbList","@id":"https:\/\/www.atul.co.in\/portuguese\/colors\/about\/#breadcrumb","itemListElement":[{"@type":"ListItem","position":1,"name":"Home","item":"https:\/\/www.atul.co.in\/portuguese\/"},{"@type":"ListItem","position":2,"name":"Colors","item":"\/"},{"@type":"ListItem","position":3,"name":"About Colors"}]},{"@type":"WebSite","@id":"http:\/\/13.127.36.189\/portuguese\/#website","url":"http:\/\/13.127.36.189\/portuguese\/","name":"Atul Ltd","description":"","potentialAction":[{"@type":"SearchAction","target":{"@type":"EntryPoint","urlTemplate":"http:\/\/13.127.36.189\/portuguese\/?s={search_term_string}"},"query-input":{"@type":"PropertyValueSpecification","valueRequired":true,"valueName":"search_term_string"}}],"inLanguage":"en-US"}]}},"_links":{"self":[{"href":"https:\/\/www.atul.co.in\/portuguese\/wp-json\/wp\/v2\/pages\/1568","targetHints":{"allow":["GET"]}}],"collection":[{"href":"https:\/\/www.atul.co.in\/portuguese\/wp-json\/wp\/v2\/pages"}],"about":[{"href":"https:\/\/www.atul.co.in\/portuguese\/wp-json\/wp\/v2\/types\/page"}],"author":[{"embeddable":true,"href":"https:\/\/www.atul.co.in\/portuguese\/wp-json\/wp\/v2\/users\/1"}],"replies":[{"embeddable":true,"href":"https:\/\/www.atul.co.in\/portuguese\/wp-json\/wp\/v2\/comments?post=1568"}],"version-history":[{"count":0,"href":"https:\/\/www.atul.co.in\/portuguese\/wp-json\/wp\/v2\/pages\/1568\/revisions"}],"up":[{"embeddable":true,"href":"https:\/\/www.atul.co.in\/portuguese\/wp-json\/wp\/v2\/pages\/850"}],"wp:featuredmedia":[{"embeddable":true,"href":"https:\/\/www.atul.co.in\/portuguese\/wp-json\/wp\/v2\/media\/957"}],"wp:attachment":[{"href":"https:\/\/www.atul.co.in\/portuguese\/wp-json\/wp\/v2\/media?parent=1568"}],"curies":[{"name":"wp","href":"https:\/\/api.w.org\/{rel}","templated":true}]}}