{"id":1570,"date":"2017-05-04T11:48:59","date_gmt":"2017-05-04T11:48:59","guid":{"rendered":"http:\/\/43.242.212.212\/~atulco\/?page_id=1570"},"modified":"2020-05-22T11:39:14","modified_gmt":"2020-05-22T06:09:14","slug":"cropcareabout","status":"publish","type":"page","link":"https:\/\/www.atul.co.in\/portuguese\/cropcare\/about","title":{"rendered":"About Crop Protection Bulk Actives"},"content":{"rendered":"<div class=\"container\">\n<p  align=\"justify\">\n<div class=\"about-text\">\n<p  align=\"justify\">A Empresa para a Prote\u00e7\u00e3o de Culturas foi criada em 1967 para ir ao encontro dos requisitos da Ind\u00fastria Agr\u00edcola na \u00cdndia. A Empresa tem uma variada gama que inclui herbicidas Fenoxi, herbicidas com Ureia, herbicidas Sulfonilureia, herbicidas FOP e Neonicotin\u00f3ides.<\/p>\n<p  align=\"justify\">As instala\u00e7\u00f5es de investiga\u00e7\u00e3o e fabrica\u00e7\u00e3o est\u00e3o situadas em Atul, Gujarate. A Empresa disp\u00f5e de instala\u00e7\u00f5es de fabrico por contrato para diversos produtos intermedi\u00e1rios e finais.<\/p>\n<p  align=\"justify\">Com um vasto portef\u00f3lio de 45 produtos abrangendo todas as principais categorias de herbicidas, inseticidas e fungicidas, a Crop Protection Bulk Actives serve 210 clientes em 62 pa\u00edses. A Empresa tem per\u00edcia t\u00e9cnica para ir ao encontro dos requisitos legais e de registo espec\u00edficos dos pa\u00edses.<\/p>\n<p align=\"justify\">A empresa possui certifica\u00e7\u00e3o ISO 9001 e ISO 14001.<\/p>\n<p  align=\"justify\">A equipa \u00e9 composta por cerca de 270 membros.<\/p>\n<\/div>\n<\/div>\n","protected":false},"excerpt":{"rendered":"<p>A Empresa para a Prote\u00e7\u00e3o de Culturas foi criada em 1967 para ir ao encontro dos requisitos da Ind\u00fastria Agr\u00edcola na \u00cdndia. A Empresa tem uma variada gama que inclui herbicidas Fenoxi, herbicidas com Ureia, herbicidas Sulfonilureia, herbicidas FOP e<span class=\"ellipsis\">&hellip;<\/span><\/p>\n<div class=\"read-more\"><a href=\"https:\/\/www.atul.co.in\/portuguese\/cropcare\/about\">Read more &#8250;<\/a><\/div>\n<p><!-- end of .read-more --><\/p>\n","protected":false},"author":1,"featured_media":959,"parent":866,"menu_order":0,"comment_status":"closed","ping_status":"closed","template":"crop-protection-bulk-actives-microsite-pages.php","meta":{"_acf_changed":false,"footnotes":"","_links_to":"","_links_to_target":""},"class_list":["post-1570","page","type-page","status-publish","has-post-thumbnail","hentry"],"acf":[],"yoast_head":"<!-- This site is optimized with the Yoast SEO plugin v26.8 - https:\/\/yoast.com\/product\/yoast-seo-wordpress\/ -->\n<title>Sobre | Ativos a granel para prote\u00e7\u00e3o de culturas | Atul<\/title>\n<meta name=\"robots\" content=\"index, follow, max-snippet:-1, max-image-preview:large, max-video-preview:-1\" \/>\n<link rel=\"canonical\" href=\"https:\/\/www.atul.co.in\/portuguese\/cropcare\/about\/\" \/>\n<meta property=\"og:locale\" content=\"en_US\" \/>\n<meta property=\"og:type\" content=\"article\" \/>\n<meta property=\"og:title\" content=\"Sobre | Ativos a granel para prote\u00e7\u00e3o de culturas | Atul\" \/>\n<meta property=\"og:description\" content=\"A Empresa para a Prote\u00e7\u00e3o de Culturas foi criada em 1967 para ir ao encontro dos requisitos da Ind\u00fastria Agr\u00edcola na \u00cdndia. A Empresa tem uma variada gama que inclui herbicidas Fenoxi, herbicidas com Ureia, herbicidas Sulfonilureia, herbicidas FOP e&hellip;Read more &#8250;\" \/>\n<meta property=\"og:url\" content=\"https:\/\/www.atul.co.in\/portuguese\/cropcare\/about\/\" \/>\n<meta property=\"og:site_name\" content=\"Atul Ltd\" \/>\n<meta property=\"article:modified_time\" content=\"2020-05-22T06:09:14+00:00\" \/>\n<meta property=\"og:image\" content=\"https:\/\/www.atul.co.in\/portuguese\/wp-content\/uploads\/crop-protection-bulk-actives-banner.png\" \/>\n\t<meta property=\"og:image:width\" content=\"1246\" \/>\n\t<meta property=\"og:image:height\" content=\"400\" \/>\n\t<meta property=\"og:image:type\" content=\"image\/png\" \/>\n<meta name=\"twitter:card\" content=\"summary_large_image\" \/>\n<meta name=\"twitter:label1\" content=\"Est. reading time\" \/>\n\t<meta name=\"twitter:data1\" content=\"1 minute\" \/>\n<script type=\"application\/ld+json\" class=\"yoast-schema-graph\">{\"@context\":\"https:\/\/schema.org\",\"@graph\":[{\"@type\":\"WebPage\",\"@id\":\"https:\/\/www.atul.co.in\/portuguese\/cropcare\/about\/\",\"url\":\"https:\/\/www.atul.co.in\/portuguese\/cropcare\/about\/\",\"name\":\"Sobre | Ativos a granel para prote\u00e7\u00e3o de culturas | Atul\",\"isPartOf\":{\"@id\":\"http:\/\/13.127.36.189\/portuguese\/#website\"},\"primaryImageOfPage\":{\"@id\":\"https:\/\/www.atul.co.in\/portuguese\/cropcare\/about\/#primaryimage\"},\"image\":{\"@id\":\"https:\/\/www.atul.co.in\/portuguese\/cropcare\/about\/#primaryimage\"},\"thumbnailUrl\":\"https:\/\/www.atul.co.in\/portuguese\/wp-content\/uploads\/crop-protection-bulk-actives-banner.png\",\"datePublished\":\"2017-05-04T11:48:59+00:00\",\"dateModified\":\"2020-05-22T06:09:14+00:00\",\"breadcrumb\":{\"@id\":\"https:\/\/www.atul.co.in\/portuguese\/cropcare\/about\/#breadcrumb\"},\"inLanguage\":\"en-US\",\"potentialAction\":[{\"@type\":\"ReadAction\",\"target\":[\"https:\/\/www.atul.co.in\/portuguese\/cropcare\/about\/\"]}]},{\"@type\":\"ImageObject\",\"inLanguage\":\"en-US\",\"@id\":\"https:\/\/www.atul.co.in\/portuguese\/cropcare\/about\/#primaryimage\",\"url\":\"https:\/\/www.atul.co.in\/portuguese\/wp-content\/uploads\/crop-protection-bulk-actives-banner.png\",\"contentUrl\":\"https:\/\/www.atul.co.in\/portuguese\/wp-content\/uploads\/crop-protection-bulk-actives-banner.png\",\"width\":1246,\"height\":400},{\"@type\":\"BreadcrumbList\",\"@id\":\"https:\/\/www.atul.co.in\/portuguese\/cropcare\/about\/#breadcrumb\",\"itemListElement\":[{\"@type\":\"ListItem\",\"position\":1,\"name\":\"Home\",\"item\":\"https:\/\/www.atul.co.in\/portuguese\/\"},{\"@type\":\"ListItem\",\"position\":2,\"name\":\"Crop Protection Bulk Actives\",\"item\":\"\/\"},{\"@type\":\"ListItem\",\"position\":3,\"name\":\"About Crop Protection Bulk Actives\"}]},{\"@type\":\"WebSite\",\"@id\":\"http:\/\/13.127.36.189\/portuguese\/#website\",\"url\":\"http:\/\/13.127.36.189\/portuguese\/\",\"name\":\"Atul Ltd\",\"description\":\"\",\"potentialAction\":[{\"@type\":\"SearchAction\",\"target\":{\"@type\":\"EntryPoint\",\"urlTemplate\":\"http:\/\/13.127.36.189\/portuguese\/?s={search_term_string}\"},\"query-input\":{\"@type\":\"PropertyValueSpecification\",\"valueRequired\":true,\"valueName\":\"search_term_string\"}}],\"inLanguage\":\"en-US\"}]}<\/script>\n<!-- \/ Yoast SEO plugin. -->","yoast_head_json":{"title":"Sobre | Ativos a granel para prote\u00e7\u00e3o de culturas | Atul","robots":{"index":"index","follow":"follow","max-snippet":"max-snippet:-1","max-image-preview":"max-image-preview:large","max-video-preview":"max-video-preview:-1"},"canonical":"https:\/\/www.atul.co.in\/portuguese\/cropcare\/about\/","og_locale":"en_US","og_type":"article","og_title":"Sobre | Ativos a granel para prote\u00e7\u00e3o de culturas | Atul","og_description":"A Empresa para a Prote\u00e7\u00e3o de Culturas foi criada em 1967 para ir ao encontro dos requisitos da Ind\u00fastria Agr\u00edcola na \u00cdndia. A Empresa tem uma variada gama que inclui herbicidas Fenoxi, herbicidas com Ureia, herbicidas Sulfonilureia, herbicidas FOP e&hellip;Read more &#8250;","og_url":"https:\/\/www.atul.co.in\/portuguese\/cropcare\/about\/","og_site_name":"Atul Ltd","article_modified_time":"2020-05-22T06:09:14+00:00","og_image":[{"width":1246,"height":400,"url":"https:\/\/www.atul.co.in\/portuguese\/wp-content\/uploads\/crop-protection-bulk-actives-banner.png","type":"image\/png"}],"twitter_card":"summary_large_image","twitter_misc":{"Est. reading time":"1 minute"},"schema":{"@context":"https:\/\/schema.org","@graph":[{"@type":"WebPage","@id":"https:\/\/www.atul.co.in\/portuguese\/cropcare\/about\/","url":"https:\/\/www.atul.co.in\/portuguese\/cropcare\/about\/","name":"Sobre | Ativos a granel para prote\u00e7\u00e3o de culturas | Atul","isPartOf":{"@id":"http:\/\/13.127.36.189\/portuguese\/#website"},"primaryImageOfPage":{"@id":"https:\/\/www.atul.co.in\/portuguese\/cropcare\/about\/#primaryimage"},"image":{"@id":"https:\/\/www.atul.co.in\/portuguese\/cropcare\/about\/#primaryimage"},"thumbnailUrl":"https:\/\/www.atul.co.in\/portuguese\/wp-content\/uploads\/crop-protection-bulk-actives-banner.png","datePublished":"2017-05-04T11:48:59+00:00","dateModified":"2020-05-22T06:09:14+00:00","breadcrumb":{"@id":"https:\/\/www.atul.co.in\/portuguese\/cropcare\/about\/#breadcrumb"},"inLanguage":"en-US","potentialAction":[{"@type":"ReadAction","target":["https:\/\/www.atul.co.in\/portuguese\/cropcare\/about\/"]}]},{"@type":"ImageObject","inLanguage":"en-US","@id":"https:\/\/www.atul.co.in\/portuguese\/cropcare\/about\/#primaryimage","url":"https:\/\/www.atul.co.in\/portuguese\/wp-content\/uploads\/crop-protection-bulk-actives-banner.png","contentUrl":"https:\/\/www.atul.co.in\/portuguese\/wp-content\/uploads\/crop-protection-bulk-actives-banner.png","width":1246,"height":400},{"@type":"BreadcrumbList","@id":"https:\/\/www.atul.co.in\/portuguese\/cropcare\/about\/#breadcrumb","itemListElement":[{"@type":"ListItem","position":1,"name":"Home","item":"https:\/\/www.atul.co.in\/portuguese\/"},{"@type":"ListItem","position":2,"name":"Crop Protection Bulk Actives","item":"\/"},{"@type":"ListItem","position":3,"name":"About Crop Protection Bulk Actives"}]},{"@type":"WebSite","@id":"http:\/\/13.127.36.189\/portuguese\/#website","url":"http:\/\/13.127.36.189\/portuguese\/","name":"Atul Ltd","description":"","potentialAction":[{"@type":"SearchAction","target":{"@type":"EntryPoint","urlTemplate":"http:\/\/13.127.36.189\/portuguese\/?s={search_term_string}"},"query-input":{"@type":"PropertyValueSpecification","valueRequired":true,"valueName":"search_term_string"}}],"inLanguage":"en-US"}]}},"_links":{"self":[{"href":"https:\/\/www.atul.co.in\/portuguese\/wp-json\/wp\/v2\/pages\/1570","targetHints":{"allow":["GET"]}}],"collection":[{"href":"https:\/\/www.atul.co.in\/portuguese\/wp-json\/wp\/v2\/pages"}],"about":[{"href":"https:\/\/www.atul.co.in\/portuguese\/wp-json\/wp\/v2\/types\/page"}],"author":[{"embeddable":true,"href":"https:\/\/www.atul.co.in\/portuguese\/wp-json\/wp\/v2\/users\/1"}],"replies":[{"embeddable":true,"href":"https:\/\/www.atul.co.in\/portuguese\/wp-json\/wp\/v2\/comments?post=1570"}],"version-history":[{"count":0,"href":"https:\/\/www.atul.co.in\/portuguese\/wp-json\/wp\/v2\/pages\/1570\/revisions"}],"up":[{"embeddable":true,"href":"https:\/\/www.atul.co.in\/portuguese\/wp-json\/wp\/v2\/pages\/866"}],"wp:featuredmedia":[{"embeddable":true,"href":"https:\/\/www.atul.co.in\/portuguese\/wp-json\/wp\/v2\/media\/959"}],"wp:attachment":[{"href":"https:\/\/www.atul.co.in\/portuguese\/wp-json\/wp\/v2\/media?parent=1570"}],"curies":[{"name":"wp","href":"https:\/\/api.w.org\/{rel}","templated":true}]}}