{"id":1575,"date":"2017-05-04T12:02:39","date_gmt":"2017-05-04T12:02:39","guid":{"rendered":"http:\/\/43.242.212.212\/~atulco\/?page_id=1575"},"modified":"2020-04-02T15:35:37","modified_gmt":"2020-04-02T10:05:37","slug":"florasabout","status":"publish","type":"page","link":"https:\/\/www.atul.co.in\/portuguese\/floras\/about","title":{"rendered":"About  Floras"},"content":{"rendered":"<div class=\"container\">\n<div class=\"about-text\">\n<p align=\"justify\">A Empresa Floras foi criada em 2002, numa tentativa de implementar iniciativas ecol\u00f3gicas. A Empresa disponibiliza para a ind\u00fastria t\u00eaxtil tamareiras, bananeiras, uma gama de produtos derivados da t\u00e2mara como salgadinhos, doces e compotas, \u00f3leos essenciais destilados e supercr\u00edticos e frutos da palmeira-de-dend\u00e9m. Foi distinguida como a \u00fanica produtora de tamareiras destinadas \u00e0 ind\u00fastria t\u00eaxtil na \u00cdndia.<\/p>\n<p align=\"justify\">Com um portef\u00f3lio de 33 produtos de categorial mundial, a Flora serve cerca de 100 clientes em 4 pa\u00edses.\u00a0<\/p>\n<p align=\"justify\">As instala\u00e7\u00f5es de investiga\u00e7\u00e3o est\u00e3o localizadas em Atul. As instala\u00e7\u00f5es de produ\u00e7\u00e3o est\u00e3o localizadas em Atul e Panoli, no Gujarate e em Jodhpur, no Rajast\u00e3o.<\/p>\n<p align=\"justify\">A equipa \u00e9 composta por cerca de 20 membros.<\/p>\n<p><span class=\"teal\">Atul Rajasthan Date Palms Ltd (ARDP)<\/span><\/p>\n<p>A ARDP \u00e9 promovida pela Atul em coopera\u00e7\u00e3o com a Rajhastan Horticulture Development Society (Governo do Rajast\u00e3o), com base no modelo de Pareceria P\u00fablico-Privada. A Empresa dedica-se \u00e0 produ\u00e7\u00e3o e comercializa\u00e7\u00e3o de tamareiras para a ind\u00fastria t\u00eaxtil, com o objetivo de implementar a ecologia e a economia das regi\u00f5es \u00e1ridas da \u00cdndia.<\/p>\n<p>Com a cria\u00e7\u00e3o da ARDP, nota-se que a \u00cdndia, que \u00e9 o maior importador de t\u00e2maras do mundo, vir\u00e1 a tornar-se autossuficiente e tamb\u00e9m um exportador de tamareiras de categoria mundial.<\/p>\n<p>Por favor, visite o link abaixo para mais informa\u00e7\u00f5es:<br \/>\n<a href=\"http:\/\/www.ardp.co.in\/index.html\" target=\"_blank\">www.ardp.co.in<\/a><\/p>\n<\/div>\n<\/div>\n","protected":false},"excerpt":{"rendered":"<p>A Empresa Floras foi criada em 2002, numa tentativa de implementar iniciativas ecol\u00f3gicas. A Empresa disponibiliza para a ind\u00fastria t\u00eaxtil tamareiras, bananeiras, uma gama de produtos derivados da t\u00e2mara como salgadinhos, doces e compotas, \u00f3leos essenciais destilados e supercr\u00edticos e<span class=\"ellipsis\">&hellip;<\/span><\/p>\n<div class=\"read-more\"><a href=\"https:\/\/www.atul.co.in\/portuguese\/floras\/about\">Read more &#8250;<\/a><\/div>\n<p><!-- end of .read-more --><\/p>\n","protected":false},"author":1,"featured_media":960,"parent":878,"menu_order":0,"comment_status":"closed","ping_status":"closed","template":"floras-microsite-pages.php","meta":{"_acf_changed":false,"footnotes":"","_links_to":"","_links_to_target":""},"class_list":["post-1575","page","type-page","status-publish","has-post-thumbnail","hentry"],"acf":[],"yoast_head":"<!-- This site is optimized with the Yoast SEO plugin v26.8 - https:\/\/yoast.com\/product\/yoast-seo-wordpress\/ -->\n<title>Sobre | Floras | Atul<\/title>\n<meta name=\"robots\" content=\"index, follow, max-snippet:-1, max-image-preview:large, max-video-preview:-1\" \/>\n<link rel=\"canonical\" href=\"https:\/\/www.atul.co.in\/portuguese\/floras\/about\/\" \/>\n<meta property=\"og:locale\" content=\"en_US\" \/>\n<meta property=\"og:type\" content=\"article\" \/>\n<meta property=\"og:title\" content=\"Sobre | Floras | Atul\" \/>\n<meta property=\"og:description\" content=\"A Empresa Floras foi criada em 2002, numa tentativa de implementar iniciativas ecol\u00f3gicas. A Empresa disponibiliza para a ind\u00fastria t\u00eaxtil tamareiras, bananeiras, uma gama de produtos derivados da t\u00e2mara como salgadinhos, doces e compotas, \u00f3leos essenciais destilados e supercr\u00edticos e&hellip;Read more &#8250;\" \/>\n<meta property=\"og:url\" content=\"https:\/\/www.atul.co.in\/portuguese\/floras\/about\/\" \/>\n<meta property=\"og:site_name\" content=\"Atul Ltd\" \/>\n<meta property=\"article:modified_time\" content=\"2020-04-02T10:05:37+00:00\" \/>\n<meta property=\"og:image\" content=\"https:\/\/www.atul.co.in\/portuguese\/wp-content\/uploads\/floras-banner.png\" \/>\n\t<meta property=\"og:image:width\" content=\"1246\" \/>\n\t<meta property=\"og:image:height\" content=\"400\" \/>\n\t<meta property=\"og:image:type\" content=\"image\/png\" \/>\n<meta name=\"twitter:card\" content=\"summary_large_image\" \/>\n<meta name=\"twitter:label1\" content=\"Est. reading time\" \/>\n\t<meta name=\"twitter:data1\" content=\"1 minute\" \/>\n<script type=\"application\/ld+json\" class=\"yoast-schema-graph\">{\"@context\":\"https:\/\/schema.org\",\"@graph\":[{\"@type\":\"WebPage\",\"@id\":\"https:\/\/www.atul.co.in\/portuguese\/floras\/about\/\",\"url\":\"https:\/\/www.atul.co.in\/portuguese\/floras\/about\/\",\"name\":\"Sobre | Floras | Atul\",\"isPartOf\":{\"@id\":\"http:\/\/13.127.36.189\/portuguese\/#website\"},\"primaryImageOfPage\":{\"@id\":\"https:\/\/www.atul.co.in\/portuguese\/floras\/about\/#primaryimage\"},\"image\":{\"@id\":\"https:\/\/www.atul.co.in\/portuguese\/floras\/about\/#primaryimage\"},\"thumbnailUrl\":\"https:\/\/www.atul.co.in\/portuguese\/wp-content\/uploads\/floras-banner.png\",\"datePublished\":\"2017-05-04T12:02:39+00:00\",\"dateModified\":\"2020-04-02T10:05:37+00:00\",\"breadcrumb\":{\"@id\":\"https:\/\/www.atul.co.in\/portuguese\/floras\/about\/#breadcrumb\"},\"inLanguage\":\"en-US\",\"potentialAction\":[{\"@type\":\"ReadAction\",\"target\":[\"https:\/\/www.atul.co.in\/portuguese\/floras\/about\/\"]}]},{\"@type\":\"ImageObject\",\"inLanguage\":\"en-US\",\"@id\":\"https:\/\/www.atul.co.in\/portuguese\/floras\/about\/#primaryimage\",\"url\":\"https:\/\/www.atul.co.in\/portuguese\/wp-content\/uploads\/floras-banner.png\",\"contentUrl\":\"https:\/\/www.atul.co.in\/portuguese\/wp-content\/uploads\/floras-banner.png\",\"width\":1246,\"height\":400},{\"@type\":\"BreadcrumbList\",\"@id\":\"https:\/\/www.atul.co.in\/portuguese\/floras\/about\/#breadcrumb\",\"itemListElement\":[{\"@type\":\"ListItem\",\"position\":1,\"name\":\"Home\",\"item\":\"https:\/\/www.atul.co.in\/portuguese\/\"},{\"@type\":\"ListItem\",\"position\":2,\"name\":\"Floras\",\"item\":\"\/\"},{\"@type\":\"ListItem\",\"position\":3,\"name\":\"About Floras\"}]},{\"@type\":\"WebSite\",\"@id\":\"http:\/\/13.127.36.189\/portuguese\/#website\",\"url\":\"http:\/\/13.127.36.189\/portuguese\/\",\"name\":\"Atul Ltd\",\"description\":\"\",\"potentialAction\":[{\"@type\":\"SearchAction\",\"target\":{\"@type\":\"EntryPoint\",\"urlTemplate\":\"http:\/\/13.127.36.189\/portuguese\/?s={search_term_string}\"},\"query-input\":{\"@type\":\"PropertyValueSpecification\",\"valueRequired\":true,\"valueName\":\"search_term_string\"}}],\"inLanguage\":\"en-US\"}]}<\/script>\n<!-- \/ Yoast SEO plugin. -->","yoast_head_json":{"title":"Sobre | Floras | Atul","robots":{"index":"index","follow":"follow","max-snippet":"max-snippet:-1","max-image-preview":"max-image-preview:large","max-video-preview":"max-video-preview:-1"},"canonical":"https:\/\/www.atul.co.in\/portuguese\/floras\/about\/","og_locale":"en_US","og_type":"article","og_title":"Sobre | Floras | Atul","og_description":"A Empresa Floras foi criada em 2002, numa tentativa de implementar iniciativas ecol\u00f3gicas. A Empresa disponibiliza para a ind\u00fastria t\u00eaxtil tamareiras, bananeiras, uma gama de produtos derivados da t\u00e2mara como salgadinhos, doces e compotas, \u00f3leos essenciais destilados e supercr\u00edticos e&hellip;Read more &#8250;","og_url":"https:\/\/www.atul.co.in\/portuguese\/floras\/about\/","og_site_name":"Atul Ltd","article_modified_time":"2020-04-02T10:05:37+00:00","og_image":[{"width":1246,"height":400,"url":"https:\/\/www.atul.co.in\/portuguese\/wp-content\/uploads\/floras-banner.png","type":"image\/png"}],"twitter_card":"summary_large_image","twitter_misc":{"Est. reading time":"1 minute"},"schema":{"@context":"https:\/\/schema.org","@graph":[{"@type":"WebPage","@id":"https:\/\/www.atul.co.in\/portuguese\/floras\/about\/","url":"https:\/\/www.atul.co.in\/portuguese\/floras\/about\/","name":"Sobre | Floras | Atul","isPartOf":{"@id":"http:\/\/13.127.36.189\/portuguese\/#website"},"primaryImageOfPage":{"@id":"https:\/\/www.atul.co.in\/portuguese\/floras\/about\/#primaryimage"},"image":{"@id":"https:\/\/www.atul.co.in\/portuguese\/floras\/about\/#primaryimage"},"thumbnailUrl":"https:\/\/www.atul.co.in\/portuguese\/wp-content\/uploads\/floras-banner.png","datePublished":"2017-05-04T12:02:39+00:00","dateModified":"2020-04-02T10:05:37+00:00","breadcrumb":{"@id":"https:\/\/www.atul.co.in\/portuguese\/floras\/about\/#breadcrumb"},"inLanguage":"en-US","potentialAction":[{"@type":"ReadAction","target":["https:\/\/www.atul.co.in\/portuguese\/floras\/about\/"]}]},{"@type":"ImageObject","inLanguage":"en-US","@id":"https:\/\/www.atul.co.in\/portuguese\/floras\/about\/#primaryimage","url":"https:\/\/www.atul.co.in\/portuguese\/wp-content\/uploads\/floras-banner.png","contentUrl":"https:\/\/www.atul.co.in\/portuguese\/wp-content\/uploads\/floras-banner.png","width":1246,"height":400},{"@type":"BreadcrumbList","@id":"https:\/\/www.atul.co.in\/portuguese\/floras\/about\/#breadcrumb","itemListElement":[{"@type":"ListItem","position":1,"name":"Home","item":"https:\/\/www.atul.co.in\/portuguese\/"},{"@type":"ListItem","position":2,"name":"Floras","item":"\/"},{"@type":"ListItem","position":3,"name":"About Floras"}]},{"@type":"WebSite","@id":"http:\/\/13.127.36.189\/portuguese\/#website","url":"http:\/\/13.127.36.189\/portuguese\/","name":"Atul Ltd","description":"","potentialAction":[{"@type":"SearchAction","target":{"@type":"EntryPoint","urlTemplate":"http:\/\/13.127.36.189\/portuguese\/?s={search_term_string}"},"query-input":{"@type":"PropertyValueSpecification","valueRequired":true,"valueName":"search_term_string"}}],"inLanguage":"en-US"}]}},"_links":{"self":[{"href":"https:\/\/www.atul.co.in\/portuguese\/wp-json\/wp\/v2\/pages\/1575","targetHints":{"allow":["GET"]}}],"collection":[{"href":"https:\/\/www.atul.co.in\/portuguese\/wp-json\/wp\/v2\/pages"}],"about":[{"href":"https:\/\/www.atul.co.in\/portuguese\/wp-json\/wp\/v2\/types\/page"}],"author":[{"embeddable":true,"href":"https:\/\/www.atul.co.in\/portuguese\/wp-json\/wp\/v2\/users\/1"}],"replies":[{"embeddable":true,"href":"https:\/\/www.atul.co.in\/portuguese\/wp-json\/wp\/v2\/comments?post=1575"}],"version-history":[{"count":0,"href":"https:\/\/www.atul.co.in\/portuguese\/wp-json\/wp\/v2\/pages\/1575\/revisions"}],"up":[{"embeddable":true,"href":"https:\/\/www.atul.co.in\/portuguese\/wp-json\/wp\/v2\/pages\/878"}],"wp:featuredmedia":[{"embeddable":true,"href":"https:\/\/www.atul.co.in\/portuguese\/wp-json\/wp\/v2\/media\/960"}],"wp:attachment":[{"href":"https:\/\/www.atul.co.in\/portuguese\/wp-json\/wp\/v2\/media?parent=1575"}],"curies":[{"name":"wp","href":"https:\/\/api.w.org\/{rel}","templated":true}]}}