{"id":1579,"date":"2017-05-04T12:14:08","date_gmt":"2017-05-04T12:14:08","guid":{"rendered":"http:\/\/43.242.212.212\/~atulco\/?page_id=1579"},"modified":"2020-05-22T11:33:36","modified_gmt":"2020-05-22T06:03:36","slug":"polymersabout","status":"publish","type":"page","link":"https:\/\/www.atul.co.in\/portuguese\/polymers\/about","title":{"rendered":"About Polymers Performance Materials"},"content":{"rendered":"<div class=\"container\">\n<div class=\"about-text\">\n<p align=\"justify\">A empresa de pol\u00edmeros da Atul foi fundada em 1999 pela fus\u00e3o da Cibatul com a Atul; a Cibatul era uma joint venture 50-50 entre a Ciba Geigy e a Atul, criada em 1960 para fabricar sistemas ep\u00f3xi. A Empresa fabrica uma variedade de resinas ep\u00f3xi, agentes de cura, diluentes reativos, adesivos \u00e0 base de borracha de cloropreno e poliuretano. Ela possui a distin\u00e7\u00e3o de ter fabricado resinas ep\u00f3xi e agentes de cura pela primeira vez na \u00cdndia.<\/p>\n<p align=\"justify\">As instala\u00e7\u00f5es de investiga\u00e7\u00e3o e fabrica\u00e7\u00e3o est\u00e3o situadas em Atul, Gujarate.<\/p>\n<p align=\"justify\">Com um portf\u00f3lio de 450 produtos de classe mundial, a Polymers atende 1.180 clientes em 21 pa\u00edses. Esses produtos s\u00e3o utilizados principalmente por clientes pertencentes \u00e0s ind\u00fastrias de adesivos, comp\u00f3sitos, constru\u00e7\u00e3o, el\u00e9trica e eletr\u00f4nica, e tintas e revestimentos.<\/p>\n<p align=\"justify\">A Empresa possui as certifica\u00e7\u00f5es ISO 9001 e ISO 14001, assim como a certifica\u00e7\u00e3o GL.<\/p>\n<p align=\"justify\">A equipe \u00e9 composta por cerca de 470 pessoas.<\/p>\n<\/div>\n<\/div>\n","protected":false},"excerpt":{"rendered":"<p>A empresa de pol\u00edmeros da Atul foi fundada em 1999 pela fus\u00e3o da Cibatul com a Atul; a Cibatul era uma joint venture 50-50 entre a Ciba Geigy e a Atul, criada em 1960 para fabricar sistemas ep\u00f3xi. A Empresa<span class=\"ellipsis\">&hellip;<\/span><\/p>\n<div class=\"read-more\"><a href=\"https:\/\/www.atul.co.in\/portuguese\/polymers\/about\">Read more &#8250;<\/a><\/div>\n<p><!-- end of .read-more --><\/p>\n","protected":false},"author":1,"featured_media":962,"parent":890,"menu_order":0,"comment_status":"closed","ping_status":"closed","template":"polymers-performance-materials-microsite-pages.php","meta":{"_acf_changed":false,"footnotes":"","_links_to":"","_links_to_target":""},"class_list":["post-1579","page","type-page","status-publish","has-post-thumbnail","hentry"],"acf":[],"yoast_head":"<!-- This site is optimized with the Yoast SEO plugin v26.8 - https:\/\/yoast.com\/product\/yoast-seo-wordpress\/ -->\n<title>Sobre | Pol\u00edmeros de alto rendimento | Atul<\/title>\n<meta name=\"robots\" content=\"index, follow, max-snippet:-1, max-image-preview:large, max-video-preview:-1\" \/>\n<link rel=\"canonical\" href=\"https:\/\/www.atul.co.in\/portuguese\/polymers\/about\/\" \/>\n<meta property=\"og:locale\" content=\"en_US\" \/>\n<meta property=\"og:type\" content=\"article\" \/>\n<meta property=\"og:title\" content=\"Sobre | Pol\u00edmeros de alto rendimento | Atul\" \/>\n<meta property=\"og:description\" content=\"A empresa de pol\u00edmeros da Atul foi fundada em 1999 pela fus\u00e3o da Cibatul com a Atul; a Cibatul era uma joint venture 50-50 entre a Ciba Geigy e a Atul, criada em 1960 para fabricar sistemas ep\u00f3xi. A Empresa&hellip;Read more &#8250;\" \/>\n<meta property=\"og:url\" content=\"https:\/\/www.atul.co.in\/portuguese\/polymers\/about\/\" \/>\n<meta property=\"og:site_name\" content=\"Atul Ltd\" \/>\n<meta property=\"article:modified_time\" content=\"2020-05-22T06:03:36+00:00\" \/>\n<meta property=\"og:image\" content=\"https:\/\/www.atul.co.in\/portuguese\/wp-content\/uploads\/polymers-performance-materials.png\" \/>\n\t<meta property=\"og:image:width\" content=\"1246\" \/>\n\t<meta property=\"og:image:height\" content=\"400\" \/>\n\t<meta property=\"og:image:type\" content=\"image\/png\" \/>\n<meta name=\"twitter:card\" content=\"summary_large_image\" \/>\n<meta name=\"twitter:label1\" content=\"Est. reading time\" \/>\n\t<meta name=\"twitter:data1\" content=\"1 minute\" \/>\n<script type=\"application\/ld+json\" class=\"yoast-schema-graph\">{\"@context\":\"https:\/\/schema.org\",\"@graph\":[{\"@type\":\"WebPage\",\"@id\":\"https:\/\/www.atul.co.in\/portuguese\/polymers\/about\/\",\"url\":\"https:\/\/www.atul.co.in\/portuguese\/polymers\/about\/\",\"name\":\"Sobre | Pol\u00edmeros de alto rendimento | Atul\",\"isPartOf\":{\"@id\":\"http:\/\/13.127.36.189\/portuguese\/#website\"},\"primaryImageOfPage\":{\"@id\":\"https:\/\/www.atul.co.in\/portuguese\/polymers\/about\/#primaryimage\"},\"image\":{\"@id\":\"https:\/\/www.atul.co.in\/portuguese\/polymers\/about\/#primaryimage\"},\"thumbnailUrl\":\"https:\/\/www.atul.co.in\/portuguese\/wp-content\/uploads\/polymers-performance-materials.png\",\"datePublished\":\"2017-05-04T12:14:08+00:00\",\"dateModified\":\"2020-05-22T06:03:36+00:00\",\"breadcrumb\":{\"@id\":\"https:\/\/www.atul.co.in\/portuguese\/polymers\/about\/#breadcrumb\"},\"inLanguage\":\"en-US\",\"potentialAction\":[{\"@type\":\"ReadAction\",\"target\":[\"https:\/\/www.atul.co.in\/portuguese\/polymers\/about\/\"]}]},{\"@type\":\"ImageObject\",\"inLanguage\":\"en-US\",\"@id\":\"https:\/\/www.atul.co.in\/portuguese\/polymers\/about\/#primaryimage\",\"url\":\"https:\/\/www.atul.co.in\/portuguese\/wp-content\/uploads\/polymers-performance-materials.png\",\"contentUrl\":\"https:\/\/www.atul.co.in\/portuguese\/wp-content\/uploads\/polymers-performance-materials.png\",\"width\":1246,\"height\":400},{\"@type\":\"BreadcrumbList\",\"@id\":\"https:\/\/www.atul.co.in\/portuguese\/polymers\/about\/#breadcrumb\",\"itemListElement\":[{\"@type\":\"ListItem\",\"position\":1,\"name\":\"Home\",\"item\":\"https:\/\/www.atul.co.in\/portuguese\/\"},{\"@type\":\"ListItem\",\"position\":2,\"name\":\"Polymers Performance Materials\",\"item\":\"\/\"},{\"@type\":\"ListItem\",\"position\":3,\"name\":\"About Polymers Performance Materials\"}]},{\"@type\":\"WebSite\",\"@id\":\"http:\/\/13.127.36.189\/portuguese\/#website\",\"url\":\"http:\/\/13.127.36.189\/portuguese\/\",\"name\":\"Atul Ltd\",\"description\":\"\",\"potentialAction\":[{\"@type\":\"SearchAction\",\"target\":{\"@type\":\"EntryPoint\",\"urlTemplate\":\"http:\/\/13.127.36.189\/portuguese\/?s={search_term_string}\"},\"query-input\":{\"@type\":\"PropertyValueSpecification\",\"valueRequired\":true,\"valueName\":\"search_term_string\"}}],\"inLanguage\":\"en-US\"}]}<\/script>\n<!-- \/ Yoast SEO plugin. -->","yoast_head_json":{"title":"Sobre | Pol\u00edmeros de alto rendimento | Atul","robots":{"index":"index","follow":"follow","max-snippet":"max-snippet:-1","max-image-preview":"max-image-preview:large","max-video-preview":"max-video-preview:-1"},"canonical":"https:\/\/www.atul.co.in\/portuguese\/polymers\/about\/","og_locale":"en_US","og_type":"article","og_title":"Sobre | Pol\u00edmeros de alto rendimento | Atul","og_description":"A empresa de pol\u00edmeros da Atul foi fundada em 1999 pela fus\u00e3o da Cibatul com a Atul; a Cibatul era uma joint venture 50-50 entre a Ciba Geigy e a Atul, criada em 1960 para fabricar sistemas ep\u00f3xi. A Empresa&hellip;Read more &#8250;","og_url":"https:\/\/www.atul.co.in\/portuguese\/polymers\/about\/","og_site_name":"Atul Ltd","article_modified_time":"2020-05-22T06:03:36+00:00","og_image":[{"width":1246,"height":400,"url":"https:\/\/www.atul.co.in\/portuguese\/wp-content\/uploads\/polymers-performance-materials.png","type":"image\/png"}],"twitter_card":"summary_large_image","twitter_misc":{"Est. reading time":"1 minute"},"schema":{"@context":"https:\/\/schema.org","@graph":[{"@type":"WebPage","@id":"https:\/\/www.atul.co.in\/portuguese\/polymers\/about\/","url":"https:\/\/www.atul.co.in\/portuguese\/polymers\/about\/","name":"Sobre | Pol\u00edmeros de alto rendimento | Atul","isPartOf":{"@id":"http:\/\/13.127.36.189\/portuguese\/#website"},"primaryImageOfPage":{"@id":"https:\/\/www.atul.co.in\/portuguese\/polymers\/about\/#primaryimage"},"image":{"@id":"https:\/\/www.atul.co.in\/portuguese\/polymers\/about\/#primaryimage"},"thumbnailUrl":"https:\/\/www.atul.co.in\/portuguese\/wp-content\/uploads\/polymers-performance-materials.png","datePublished":"2017-05-04T12:14:08+00:00","dateModified":"2020-05-22T06:03:36+00:00","breadcrumb":{"@id":"https:\/\/www.atul.co.in\/portuguese\/polymers\/about\/#breadcrumb"},"inLanguage":"en-US","potentialAction":[{"@type":"ReadAction","target":["https:\/\/www.atul.co.in\/portuguese\/polymers\/about\/"]}]},{"@type":"ImageObject","inLanguage":"en-US","@id":"https:\/\/www.atul.co.in\/portuguese\/polymers\/about\/#primaryimage","url":"https:\/\/www.atul.co.in\/portuguese\/wp-content\/uploads\/polymers-performance-materials.png","contentUrl":"https:\/\/www.atul.co.in\/portuguese\/wp-content\/uploads\/polymers-performance-materials.png","width":1246,"height":400},{"@type":"BreadcrumbList","@id":"https:\/\/www.atul.co.in\/portuguese\/polymers\/about\/#breadcrumb","itemListElement":[{"@type":"ListItem","position":1,"name":"Home","item":"https:\/\/www.atul.co.in\/portuguese\/"},{"@type":"ListItem","position":2,"name":"Polymers Performance Materials","item":"\/"},{"@type":"ListItem","position":3,"name":"About Polymers Performance Materials"}]},{"@type":"WebSite","@id":"http:\/\/13.127.36.189\/portuguese\/#website","url":"http:\/\/13.127.36.189\/portuguese\/","name":"Atul Ltd","description":"","potentialAction":[{"@type":"SearchAction","target":{"@type":"EntryPoint","urlTemplate":"http:\/\/13.127.36.189\/portuguese\/?s={search_term_string}"},"query-input":{"@type":"PropertyValueSpecification","valueRequired":true,"valueName":"search_term_string"}}],"inLanguage":"en-US"}]}},"_links":{"self":[{"href":"https:\/\/www.atul.co.in\/portuguese\/wp-json\/wp\/v2\/pages\/1579","targetHints":{"allow":["GET"]}}],"collection":[{"href":"https:\/\/www.atul.co.in\/portuguese\/wp-json\/wp\/v2\/pages"}],"about":[{"href":"https:\/\/www.atul.co.in\/portuguese\/wp-json\/wp\/v2\/types\/page"}],"author":[{"embeddable":true,"href":"https:\/\/www.atul.co.in\/portuguese\/wp-json\/wp\/v2\/users\/1"}],"replies":[{"embeddable":true,"href":"https:\/\/www.atul.co.in\/portuguese\/wp-json\/wp\/v2\/comments?post=1579"}],"version-history":[{"count":0,"href":"https:\/\/www.atul.co.in\/portuguese\/wp-json\/wp\/v2\/pages\/1579\/revisions"}],"up":[{"embeddable":true,"href":"https:\/\/www.atul.co.in\/portuguese\/wp-json\/wp\/v2\/pages\/890"}],"wp:featuredmedia":[{"embeddable":true,"href":"https:\/\/www.atul.co.in\/portuguese\/wp-json\/wp\/v2\/media\/962"}],"wp:attachment":[{"href":"https:\/\/www.atul.co.in\/portuguese\/wp-json\/wp\/v2\/media?parent=1579"}],"curies":[{"name":"wp","href":"https:\/\/api.w.org\/{rel}","templated":true}]}}