{"id":1581,"date":"2017-05-04T12:21:19","date_gmt":"2017-05-04T12:21:19","guid":{"rendered":"http:\/\/43.242.212.212\/~atulco\/?page_id=1581"},"modified":"2020-04-02T16:42:31","modified_gmt":"2020-04-02T11:12:31","slug":"polymers-retailabout","status":"publish","type":"page","link":"https:\/\/www.atul.co.in\/portuguese\/polymers-retail\/about","title":{"rendered":"About Polymers Retail"},"content":{"rendered":"<div class=\"container\">\n<div class=\"about-text\">\n<p align=\"justify\">A empresa de varejo de pol\u00edmeros foi estabelecida em 2008; \u00e9 o segmento de varejo dos neg\u00f3cios de pol\u00edmeros. A empresa comercializa e vende seus produtos sob a marca Lapox\u00ae. A marca tem presen\u00e7a pan-indiana e est\u00e1 dispon\u00edvel na maioria dos pontos de venda &#8211; ferragens, ferramentas de pintura e energia, sanit\u00e1rios e azulejos.<\/p>\n<p>A marca Lacare\u00ae foi lan\u00e7ada em 2017 com uma variedade de novos produtos de manuten\u00e7\u00e3o para aplica\u00e7\u00f5es automotivas, industriais e dom\u00e9sticas.<\/p>\n<p align=\"justify\">As instala\u00e7\u00f5es de investiga\u00e7\u00e3o e fabrica\u00e7\u00e3o est\u00e3o situadas em Atul, Gujarate.<\/p>\n<p align=\"justify\">Com um portf\u00f3lio de 50 produtos, a Polymers Retail atende a mais de 15.000 varejistas atrav\u00e9s de mais de 500 distribuidores em toda a \u00cdndia. Esses produtos s\u00e3o usados principalmente pelos clientes para aplicarem em autom\u00f3veis, fabrica\u00e7\u00e3o de pulseiras, produtos qu\u00edmicos para constru\u00e7\u00e3o, artesanato, artigos esportivos e processamento de pedras.<\/p>\n<p align=\"justify\">A empresa possui certifica\u00e7\u00e3o ISO 9001 e ISO 14001.<\/p>\n<p align=\"justify\">A equipe \u00e9 composta por cerca de 194 pessoas.<\/p>\n<\/div>\n<\/div>\n","protected":false},"excerpt":{"rendered":"<p>A empresa de varejo de pol\u00edmeros foi estabelecida em 2008; \u00e9 o segmento de varejo dos neg\u00f3cios de pol\u00edmeros. A empresa comercializa e vende seus produtos sob a marca Lapox\u00ae. A marca tem presen\u00e7a pan-indiana e est\u00e1 dispon\u00edvel na maioria<span class=\"ellipsis\">&hellip;<\/span><\/p>\n<div class=\"read-more\"><a href=\"https:\/\/www.atul.co.in\/portuguese\/polymers-retail\/about\">Read more &#8250;<\/a><\/div>\n<p><!-- end of .read-more --><\/p>\n","protected":false},"author":1,"featured_media":963,"parent":896,"menu_order":0,"comment_status":"closed","ping_status":"closed","template":"polymers-retail-microsite-pages.php","meta":{"_acf_changed":false,"footnotes":"","_links_to":"","_links_to_target":""},"class_list":["post-1581","page","type-page","status-publish","has-post-thumbnail","hentry"],"acf":[],"yoast_head":"<!-- This site is optimized with the Yoast SEO plugin v26.8 - https:\/\/yoast.com\/product\/yoast-seo-wordpress\/ -->\n<title>Sobre | Varejo de pol\u00edmeros | Atul<\/title>\n<meta name=\"robots\" content=\"index, follow, max-snippet:-1, max-image-preview:large, max-video-preview:-1\" \/>\n<link rel=\"canonical\" href=\"https:\/\/www.atul.co.in\/portuguese\/polymers-retail\/about\/\" \/>\n<meta property=\"og:locale\" content=\"en_US\" \/>\n<meta property=\"og:type\" content=\"article\" \/>\n<meta property=\"og:title\" content=\"Sobre | Varejo de pol\u00edmeros | Atul\" \/>\n<meta property=\"og:description\" content=\"A empresa de varejo de pol\u00edmeros foi estabelecida em 2008; \u00e9 o segmento de varejo dos neg\u00f3cios de pol\u00edmeros. A empresa comercializa e vende seus produtos sob a marca Lapox\u00ae. A marca tem presen\u00e7a pan-indiana e est\u00e1 dispon\u00edvel na maioria&hellip;Read more &#8250;\" \/>\n<meta property=\"og:url\" content=\"https:\/\/www.atul.co.in\/portuguese\/polymers-retail\/about\/\" \/>\n<meta property=\"og:site_name\" content=\"Atul Ltd\" \/>\n<meta property=\"article:modified_time\" content=\"2020-04-02T11:12:31+00:00\" \/>\n<meta property=\"og:image\" content=\"https:\/\/www.atul.co.in\/portuguese\/wp-content\/uploads\/polymers-retail-banner.png\" \/>\n\t<meta property=\"og:image:width\" content=\"1246\" \/>\n\t<meta property=\"og:image:height\" content=\"400\" \/>\n\t<meta property=\"og:image:type\" content=\"image\/png\" \/>\n<meta name=\"twitter:card\" content=\"summary_large_image\" \/>\n<meta name=\"twitter:label1\" content=\"Est. reading time\" \/>\n\t<meta name=\"twitter:data1\" content=\"1 minute\" \/>\n<script type=\"application\/ld+json\" class=\"yoast-schema-graph\">{\"@context\":\"https:\/\/schema.org\",\"@graph\":[{\"@type\":\"WebPage\",\"@id\":\"https:\/\/www.atul.co.in\/portuguese\/polymers-retail\/about\/\",\"url\":\"https:\/\/www.atul.co.in\/portuguese\/polymers-retail\/about\/\",\"name\":\"Sobre | Varejo de pol\u00edmeros | Atul\",\"isPartOf\":{\"@id\":\"http:\/\/13.127.36.189\/portuguese\/#website\"},\"primaryImageOfPage\":{\"@id\":\"https:\/\/www.atul.co.in\/portuguese\/polymers-retail\/about\/#primaryimage\"},\"image\":{\"@id\":\"https:\/\/www.atul.co.in\/portuguese\/polymers-retail\/about\/#primaryimage\"},\"thumbnailUrl\":\"https:\/\/www.atul.co.in\/portuguese\/wp-content\/uploads\/polymers-retail-banner.png\",\"datePublished\":\"2017-05-04T12:21:19+00:00\",\"dateModified\":\"2020-04-02T11:12:31+00:00\",\"breadcrumb\":{\"@id\":\"https:\/\/www.atul.co.in\/portuguese\/polymers-retail\/about\/#breadcrumb\"},\"inLanguage\":\"en-US\",\"potentialAction\":[{\"@type\":\"ReadAction\",\"target\":[\"https:\/\/www.atul.co.in\/portuguese\/polymers-retail\/about\/\"]}]},{\"@type\":\"ImageObject\",\"inLanguage\":\"en-US\",\"@id\":\"https:\/\/www.atul.co.in\/portuguese\/polymers-retail\/about\/#primaryimage\",\"url\":\"https:\/\/www.atul.co.in\/portuguese\/wp-content\/uploads\/polymers-retail-banner.png\",\"contentUrl\":\"https:\/\/www.atul.co.in\/portuguese\/wp-content\/uploads\/polymers-retail-banner.png\",\"width\":1246,\"height\":400},{\"@type\":\"BreadcrumbList\",\"@id\":\"https:\/\/www.atul.co.in\/portuguese\/polymers-retail\/about\/#breadcrumb\",\"itemListElement\":[{\"@type\":\"ListItem\",\"position\":1,\"name\":\"Home\",\"item\":\"https:\/\/www.atul.co.in\/portuguese\/\"},{\"@type\":\"ListItem\",\"position\":2,\"name\":\"Polymers Retail\",\"item\":\"\/\"},{\"@type\":\"ListItem\",\"position\":3,\"name\":\"About Polymers Retail\"}]},{\"@type\":\"WebSite\",\"@id\":\"http:\/\/13.127.36.189\/portuguese\/#website\",\"url\":\"http:\/\/13.127.36.189\/portuguese\/\",\"name\":\"Atul Ltd\",\"description\":\"\",\"potentialAction\":[{\"@type\":\"SearchAction\",\"target\":{\"@type\":\"EntryPoint\",\"urlTemplate\":\"http:\/\/13.127.36.189\/portuguese\/?s={search_term_string}\"},\"query-input\":{\"@type\":\"PropertyValueSpecification\",\"valueRequired\":true,\"valueName\":\"search_term_string\"}}],\"inLanguage\":\"en-US\"}]}<\/script>\n<!-- \/ Yoast SEO plugin. -->","yoast_head_json":{"title":"Sobre | Varejo de pol\u00edmeros | Atul","robots":{"index":"index","follow":"follow","max-snippet":"max-snippet:-1","max-image-preview":"max-image-preview:large","max-video-preview":"max-video-preview:-1"},"canonical":"https:\/\/www.atul.co.in\/portuguese\/polymers-retail\/about\/","og_locale":"en_US","og_type":"article","og_title":"Sobre | Varejo de pol\u00edmeros | Atul","og_description":"A empresa de varejo de pol\u00edmeros foi estabelecida em 2008; \u00e9 o segmento de varejo dos neg\u00f3cios de pol\u00edmeros. A empresa comercializa e vende seus produtos sob a marca Lapox\u00ae. A marca tem presen\u00e7a pan-indiana e est\u00e1 dispon\u00edvel na maioria&hellip;Read more &#8250;","og_url":"https:\/\/www.atul.co.in\/portuguese\/polymers-retail\/about\/","og_site_name":"Atul Ltd","article_modified_time":"2020-04-02T11:12:31+00:00","og_image":[{"width":1246,"height":400,"url":"https:\/\/www.atul.co.in\/portuguese\/wp-content\/uploads\/polymers-retail-banner.png","type":"image\/png"}],"twitter_card":"summary_large_image","twitter_misc":{"Est. reading time":"1 minute"},"schema":{"@context":"https:\/\/schema.org","@graph":[{"@type":"WebPage","@id":"https:\/\/www.atul.co.in\/portuguese\/polymers-retail\/about\/","url":"https:\/\/www.atul.co.in\/portuguese\/polymers-retail\/about\/","name":"Sobre | Varejo de pol\u00edmeros | Atul","isPartOf":{"@id":"http:\/\/13.127.36.189\/portuguese\/#website"},"primaryImageOfPage":{"@id":"https:\/\/www.atul.co.in\/portuguese\/polymers-retail\/about\/#primaryimage"},"image":{"@id":"https:\/\/www.atul.co.in\/portuguese\/polymers-retail\/about\/#primaryimage"},"thumbnailUrl":"https:\/\/www.atul.co.in\/portuguese\/wp-content\/uploads\/polymers-retail-banner.png","datePublished":"2017-05-04T12:21:19+00:00","dateModified":"2020-04-02T11:12:31+00:00","breadcrumb":{"@id":"https:\/\/www.atul.co.in\/portuguese\/polymers-retail\/about\/#breadcrumb"},"inLanguage":"en-US","potentialAction":[{"@type":"ReadAction","target":["https:\/\/www.atul.co.in\/portuguese\/polymers-retail\/about\/"]}]},{"@type":"ImageObject","inLanguage":"en-US","@id":"https:\/\/www.atul.co.in\/portuguese\/polymers-retail\/about\/#primaryimage","url":"https:\/\/www.atul.co.in\/portuguese\/wp-content\/uploads\/polymers-retail-banner.png","contentUrl":"https:\/\/www.atul.co.in\/portuguese\/wp-content\/uploads\/polymers-retail-banner.png","width":1246,"height":400},{"@type":"BreadcrumbList","@id":"https:\/\/www.atul.co.in\/portuguese\/polymers-retail\/about\/#breadcrumb","itemListElement":[{"@type":"ListItem","position":1,"name":"Home","item":"https:\/\/www.atul.co.in\/portuguese\/"},{"@type":"ListItem","position":2,"name":"Polymers Retail","item":"\/"},{"@type":"ListItem","position":3,"name":"About Polymers Retail"}]},{"@type":"WebSite","@id":"http:\/\/13.127.36.189\/portuguese\/#website","url":"http:\/\/13.127.36.189\/portuguese\/","name":"Atul Ltd","description":"","potentialAction":[{"@type":"SearchAction","target":{"@type":"EntryPoint","urlTemplate":"http:\/\/13.127.36.189\/portuguese\/?s={search_term_string}"},"query-input":{"@type":"PropertyValueSpecification","valueRequired":true,"valueName":"search_term_string"}}],"inLanguage":"en-US"}]}},"_links":{"self":[{"href":"https:\/\/www.atul.co.in\/portuguese\/wp-json\/wp\/v2\/pages\/1581","targetHints":{"allow":["GET"]}}],"collection":[{"href":"https:\/\/www.atul.co.in\/portuguese\/wp-json\/wp\/v2\/pages"}],"about":[{"href":"https:\/\/www.atul.co.in\/portuguese\/wp-json\/wp\/v2\/types\/page"}],"author":[{"embeddable":true,"href":"https:\/\/www.atul.co.in\/portuguese\/wp-json\/wp\/v2\/users\/1"}],"replies":[{"embeddable":true,"href":"https:\/\/www.atul.co.in\/portuguese\/wp-json\/wp\/v2\/comments?post=1581"}],"version-history":[{"count":0,"href":"https:\/\/www.atul.co.in\/portuguese\/wp-json\/wp\/v2\/pages\/1581\/revisions"}],"up":[{"embeddable":true,"href":"https:\/\/www.atul.co.in\/portuguese\/wp-json\/wp\/v2\/pages\/896"}],"wp:featuredmedia":[{"embeddable":true,"href":"https:\/\/www.atul.co.in\/portuguese\/wp-json\/wp\/v2\/media\/963"}],"wp:attachment":[{"href":"https:\/\/www.atul.co.in\/portuguese\/wp-json\/wp\/v2\/media?parent=1581"}],"curies":[{"name":"wp","href":"https:\/\/api.w.org\/{rel}","templated":true}]}}