{"id":175,"date":"2017-01-23T08:51:58","date_gmt":"2017-01-23T08:51:58","guid":{"rendered":"http:\/\/43.242.212.212\/~atulco\/?page_id=175"},"modified":"2020-03-19T13:40:09","modified_gmt":"2020-03-19T08:10:09","slug":"sustainabilityatulfoundation","status":"publish","type":"page","link":"https:\/\/www.atul.co.in\/portuguese\/sustainability\/atulfoundation","title":{"rendered":"FUNDA\u00c7\u00c3O ATUL"},"content":{"rendered":"<div class=\"container\">\n<center><\/p>\n<div class=\"desktop\"><\/div>\n<div class=\"media-investor\">\n<div class=\"media-investor-box1\"><a href=\"https:\/\/www.atul.co.in\/portuguese\/sustainability\/atulfoundation\/programs\"><img loading=\"lazy\" decoding=\"async\" src=\"https:\/\/www.atul.co.in\/portuguese\/wp-content\/uploads\/2017\/08\/notes-1.png\" alt=\"\" width=\"128\" height=\"128\" class=\"aligncenter size-full wp-image-4791\" srcset=\"https:\/\/www.atul.co.in\/portuguese\/wp-content\/uploads\/2017\/08\/notes-1.png 128w, https:\/\/www.atul.co.in\/portuguese\/wp-content\/uploads\/2017\/08\/notes-1-60x60.png 60w\" sizes=\"auto, (max-width: 128px) 100vw, 128px\" \/><\/p>\n<div class=\"space10\"><\/div>\n<h6 style=\"letter-spacing: 2px;\">PROGRAMAS<\/h6>\n<p><\/a><\/p>\n<div class=\"space25\"><\/div>\n<\/div>\n<div class=\"media-investor-box2\"><a href=\"https:\/\/www.atul.co.in\/portuguese\/sustainability\/atulfoundation\/institutions\/\"><img loading=\"lazy\" decoding=\"async\" src=\"https:\/\/www.atul.co.in\/portuguese\/wp-content\/uploads\/2017\/08\/office-1.png\" alt=\"\" width=\"128\" height=\"128\" class=\"aligncenter size-full wp-image-4792\" srcset=\"https:\/\/www.atul.co.in\/portuguese\/wp-content\/uploads\/2017\/08\/office-1.png 128w, https:\/\/www.atul.co.in\/portuguese\/wp-content\/uploads\/2017\/08\/office-1-60x60.png 60w\" sizes=\"auto, (max-width: 128px) 100vw, 128px\" \/><\/p>\n<div class=\"space10\"><\/div>\n<h6 style=\"letter-spacing: 2px;\">INSTITUI\u00c7\u00d5ES<\/h6>\n<p><\/a><\/p>\n<div class=\"space25\"><\/div>\n<\/div>\n<div class=\"media-investor-box3\"><a href=\"https:\/\/www.atul.co.in\/portuguese\/sustainability\/atulfoundation\/atul-foundation-annual-reports\/\"><img loading=\"lazy\" decoding=\"async\" src=\"https:\/\/www.atul.co.in\/portuguese\/wp-content\/uploads\/2017\/09\/open-book.png\" alt=\"\" width=\"128\" height=\"128\" class=\"size-full wp-image-5282\" srcset=\"https:\/\/www.atul.co.in\/portuguese\/wp-content\/uploads\/2017\/09\/open-book.png 128w, https:\/\/www.atul.co.in\/portuguese\/wp-content\/uploads\/2017\/09\/open-book-60x60.png 60w\" sizes=\"auto, (max-width: 128px) 100vw, 128px\" \/><\/p>\n<div class=\"space10\"><\/div>\n<h6 style=\"letter-spacing: 2px;\">RELAT\u00d3RIOS ANUAIS<\/h6>\n<p><\/a><\/p>\n<div class=\"space25\"><\/div>\n<\/div>\n<\/div>\n<\/div>\n<p><\/center>\n<\/div>\n","protected":false},"excerpt":{"rendered":"<p>PROGRAMAS INSTITUI\u00c7\u00d5ES RELAT\u00d3RIOS ANUAIS<\/p>\n","protected":false},"author":1,"featured_media":5586,"parent":0,"menu_order":0,"comment_status":"closed","ping_status":"closed","template":"","meta":{"_acf_changed":false,"footnotes":"","_links_to":"","_links_to_target":""},"class_list":["post-175","page","type-page","status-publish","has-post-thumbnail","hentry"],"acf":[],"yoast_head":"<!-- This site is optimized with the Yoast SEO plugin v26.8 - https:\/\/yoast.com\/product\/yoast-seo-wordpress\/ -->\n<title>FUNDA\u00c7\u00c3O ATUL | Sustainability<\/title>\n<meta name=\"robots\" content=\"index, follow, max-snippet:-1, max-image-preview:large, max-video-preview:-1\" \/>\n<link rel=\"canonical\" href=\"https:\/\/www.atul.co.in\/portuguese\/sustainability\/atulfoundation\/\" \/>\n<meta property=\"og:locale\" content=\"en_US\" \/>\n<meta property=\"og:type\" content=\"article\" \/>\n<meta property=\"og:title\" content=\"FUNDA\u00c7\u00c3O ATUL | Sustainability\" \/>\n<meta property=\"og:description\" content=\"PROGRAMAS INSTITUI\u00c7\u00d5ES RELAT\u00d3RIOS ANUAIS\" \/>\n<meta property=\"og:url\" content=\"https:\/\/www.atul.co.in\/portuguese\/sustainability\/atulfoundation\/\" \/>\n<meta property=\"og:site_name\" content=\"Atul Ltd\" \/>\n<meta property=\"article:modified_time\" content=\"2020-03-19T08:10:09+00:00\" \/>\n<meta property=\"og:image\" content=\"https:\/\/www.atul.co.in\/portuguese\/wp-content\/uploads\/2017\/01\/atul-foundation-3.jpg\" \/>\n\t<meta property=\"og:image:width\" content=\"1250\" \/>\n\t<meta property=\"og:image:height\" content=\"335\" \/>\n\t<meta property=\"og:image:type\" content=\"image\/jpeg\" \/>\n<meta name=\"twitter:card\" content=\"summary_large_image\" \/>\n<script type=\"application\/ld+json\" class=\"yoast-schema-graph\">{\"@context\":\"https:\/\/schema.org\",\"@graph\":[{\"@type\":\"WebPage\",\"@id\":\"https:\/\/www.atul.co.in\/portuguese\/sustainability\/atulfoundation\/\",\"url\":\"https:\/\/www.atul.co.in\/portuguese\/sustainability\/atulfoundation\/\",\"name\":\"FUNDA\u00c7\u00c3O ATUL | Sustainability\",\"isPartOf\":{\"@id\":\"http:\/\/13.127.36.189\/portuguese\/#website\"},\"primaryImageOfPage\":{\"@id\":\"https:\/\/www.atul.co.in\/portuguese\/sustainability\/atulfoundation\/#primaryimage\"},\"image\":{\"@id\":\"https:\/\/www.atul.co.in\/portuguese\/sustainability\/atulfoundation\/#primaryimage\"},\"thumbnailUrl\":\"https:\/\/www.atul.co.in\/portuguese\/wp-content\/uploads\/2017\/01\/atul-foundation-3.jpg\",\"datePublished\":\"2017-01-23T08:51:58+00:00\",\"dateModified\":\"2020-03-19T08:10:09+00:00\",\"breadcrumb\":{\"@id\":\"https:\/\/www.atul.co.in\/portuguese\/sustainability\/atulfoundation\/#breadcrumb\"},\"inLanguage\":\"en-US\",\"potentialAction\":[{\"@type\":\"ReadAction\",\"target\":[\"https:\/\/www.atul.co.in\/portuguese\/sustainability\/atulfoundation\/\"]}]},{\"@type\":\"ImageObject\",\"inLanguage\":\"en-US\",\"@id\":\"https:\/\/www.atul.co.in\/portuguese\/sustainability\/atulfoundation\/#primaryimage\",\"url\":\"https:\/\/www.atul.co.in\/portuguese\/wp-content\/uploads\/2017\/01\/atul-foundation-3.jpg\",\"contentUrl\":\"https:\/\/www.atul.co.in\/portuguese\/wp-content\/uploads\/2017\/01\/atul-foundation-3.jpg\",\"width\":1250,\"height\":335},{\"@type\":\"BreadcrumbList\",\"@id\":\"https:\/\/www.atul.co.in\/portuguese\/sustainability\/atulfoundation\/#breadcrumb\",\"itemListElement\":[{\"@type\":\"ListItem\",\"position\":1,\"name\":\"Home\",\"item\":\"https:\/\/www.atul.co.in\/portuguese\/\"},{\"@type\":\"ListItem\",\"position\":2,\"name\":\"FUNDA\u00c7\u00c3O ATUL\"}]},{\"@type\":\"WebSite\",\"@id\":\"http:\/\/13.127.36.189\/portuguese\/#website\",\"url\":\"http:\/\/13.127.36.189\/portuguese\/\",\"name\":\"Atul Ltd\",\"description\":\"\",\"potentialAction\":[{\"@type\":\"SearchAction\",\"target\":{\"@type\":\"EntryPoint\",\"urlTemplate\":\"http:\/\/13.127.36.189\/portuguese\/?s={search_term_string}\"},\"query-input\":{\"@type\":\"PropertyValueSpecification\",\"valueRequired\":true,\"valueName\":\"search_term_string\"}}],\"inLanguage\":\"en-US\"}]}<\/script>\n<!-- \/ Yoast SEO plugin. -->","yoast_head_json":{"title":"FUNDA\u00c7\u00c3O ATUL | Sustainability","robots":{"index":"index","follow":"follow","max-snippet":"max-snippet:-1","max-image-preview":"max-image-preview:large","max-video-preview":"max-video-preview:-1"},"canonical":"https:\/\/www.atul.co.in\/portuguese\/sustainability\/atulfoundation\/","og_locale":"en_US","og_type":"article","og_title":"FUNDA\u00c7\u00c3O ATUL | Sustainability","og_description":"PROGRAMAS INSTITUI\u00c7\u00d5ES RELAT\u00d3RIOS ANUAIS","og_url":"https:\/\/www.atul.co.in\/portuguese\/sustainability\/atulfoundation\/","og_site_name":"Atul Ltd","article_modified_time":"2020-03-19T08:10:09+00:00","og_image":[{"width":1250,"height":335,"url":"https:\/\/www.atul.co.in\/portuguese\/wp-content\/uploads\/2017\/01\/atul-foundation-3.jpg","type":"image\/jpeg"}],"twitter_card":"summary_large_image","schema":{"@context":"https:\/\/schema.org","@graph":[{"@type":"WebPage","@id":"https:\/\/www.atul.co.in\/portuguese\/sustainability\/atulfoundation\/","url":"https:\/\/www.atul.co.in\/portuguese\/sustainability\/atulfoundation\/","name":"FUNDA\u00c7\u00c3O ATUL | Sustainability","isPartOf":{"@id":"http:\/\/13.127.36.189\/portuguese\/#website"},"primaryImageOfPage":{"@id":"https:\/\/www.atul.co.in\/portuguese\/sustainability\/atulfoundation\/#primaryimage"},"image":{"@id":"https:\/\/www.atul.co.in\/portuguese\/sustainability\/atulfoundation\/#primaryimage"},"thumbnailUrl":"https:\/\/www.atul.co.in\/portuguese\/wp-content\/uploads\/2017\/01\/atul-foundation-3.jpg","datePublished":"2017-01-23T08:51:58+00:00","dateModified":"2020-03-19T08:10:09+00:00","breadcrumb":{"@id":"https:\/\/www.atul.co.in\/portuguese\/sustainability\/atulfoundation\/#breadcrumb"},"inLanguage":"en-US","potentialAction":[{"@type":"ReadAction","target":["https:\/\/www.atul.co.in\/portuguese\/sustainability\/atulfoundation\/"]}]},{"@type":"ImageObject","inLanguage":"en-US","@id":"https:\/\/www.atul.co.in\/portuguese\/sustainability\/atulfoundation\/#primaryimage","url":"https:\/\/www.atul.co.in\/portuguese\/wp-content\/uploads\/2017\/01\/atul-foundation-3.jpg","contentUrl":"https:\/\/www.atul.co.in\/portuguese\/wp-content\/uploads\/2017\/01\/atul-foundation-3.jpg","width":1250,"height":335},{"@type":"BreadcrumbList","@id":"https:\/\/www.atul.co.in\/portuguese\/sustainability\/atulfoundation\/#breadcrumb","itemListElement":[{"@type":"ListItem","position":1,"name":"Home","item":"https:\/\/www.atul.co.in\/portuguese\/"},{"@type":"ListItem","position":2,"name":"FUNDA\u00c7\u00c3O ATUL"}]},{"@type":"WebSite","@id":"http:\/\/13.127.36.189\/portuguese\/#website","url":"http:\/\/13.127.36.189\/portuguese\/","name":"Atul Ltd","description":"","potentialAction":[{"@type":"SearchAction","target":{"@type":"EntryPoint","urlTemplate":"http:\/\/13.127.36.189\/portuguese\/?s={search_term_string}"},"query-input":{"@type":"PropertyValueSpecification","valueRequired":true,"valueName":"search_term_string"}}],"inLanguage":"en-US"}]}},"_links":{"self":[{"href":"https:\/\/www.atul.co.in\/portuguese\/wp-json\/wp\/v2\/pages\/175","targetHints":{"allow":["GET"]}}],"collection":[{"href":"https:\/\/www.atul.co.in\/portuguese\/wp-json\/wp\/v2\/pages"}],"about":[{"href":"https:\/\/www.atul.co.in\/portuguese\/wp-json\/wp\/v2\/types\/page"}],"author":[{"embeddable":true,"href":"https:\/\/www.atul.co.in\/portuguese\/wp-json\/wp\/v2\/users\/1"}],"replies":[{"embeddable":true,"href":"https:\/\/www.atul.co.in\/portuguese\/wp-json\/wp\/v2\/comments?post=175"}],"version-history":[{"count":0,"href":"https:\/\/www.atul.co.in\/portuguese\/wp-json\/wp\/v2\/pages\/175\/revisions"}],"wp:featuredmedia":[{"embeddable":true,"href":"https:\/\/www.atul.co.in\/portuguese\/wp-json\/wp\/v2\/media\/5586"}],"wp:attachment":[{"href":"https:\/\/www.atul.co.in\/portuguese\/wp-json\/wp\/v2\/media?parent=175"}],"curies":[{"name":"wp","href":"https:\/\/api.w.org\/{rel}","templated":true}]}}