{"id":178,"date":"2017-01-23T08:53:04","date_gmt":"2017-01-23T08:53:04","guid":{"rendered":"http:\/\/43.242.212.212\/~atulco\/?page_id=178"},"modified":"2020-03-19T13:23:49","modified_gmt":"2020-03-19T07:53:49","slug":"sustainabilityenvironmental-sustainability","status":"publish","type":"page","link":"https:\/\/www.atul.co.in\/portuguese\/sustainability\/environmental-sustainability","title":{"rendered":"Sustentabilidade ambiental"},"content":{"rendered":"<div class=\"about-text\">A sustentabilidade ambiental diz respeito ao impacto de uma empresa nos sistemas naturais vivos e n\u00e3o vivos, incluindo terra, ar, \u00e1gua e ecossistemas. Tamb\u00e9m abrange o impacto relacionado a insumos (como energia e \u00e1gua) e produtos (como emiss\u00f5es, efluentes e res\u00edduos). Al\u00e9m disso, abrange o impacto na biodiversidade, transporte, impacto relacionado a produtos e servi\u00e7os, conformidade ambiental e custos.<\/p>\n<p>A Atul se empenha para cobrir os seguintes aspectos da sustentabilidade ambiental:<\/p>\n<ul class=\"arrow-list\">\n<li>Materiais<\/li>\n<li>Energia<\/li>\n<li>\u00c1gua<\/li>\n<li>Biodiversidade<\/li>\n<li>Emiss\u00f5es, efluentes e res\u00edduos<\/li>\n<li>Produtos e servi\u00e7os<\/li>\n<li>Conformidade\n<ul>\n<li><a href=\"https:\/\/www.atul.co.in\/portuguese\/pdf\/Atul EC compliance report-July 23, 2019.pdf\" target=\"_blank\">Relat\u00f3rio de conformidade da Atul CE &#8211; 17 de julho de 2017<\/a><\/li>\n<li><a href=\"https:\/\/www.atul.co.in\/portuguese\/pdf\/Fly Ash Stock Report.pdf\" target=\"_blank\">Relat\u00f3rio da A\u00e7\u00e3o Fly Ash<\/a><\/li>\n<li><a href=\"https:\/\/www.atul.co.in\/portuguese\/pdf\/Atul environmental clearance for expansion 2019.pdf\" target=\"_blank\">Autoriza\u00e7\u00e3o ambiental da Atul para a expans\u00e3o 2019<\/a><\/li>\n<li><a href=\"https:\/\/www.atul.co.in\/portuguese\/pdf\/Atul EC Compliance Report - December 31, 2018.pdf\" target=\"_blank\">Relat\u00f3rio de conformidade da Atul CE \u2013 31 de dezembro de 2018<\/a><\/li>\n<li><a href=\"https:\/\/www.atul.co.in\/portuguese\/pdf\/Atul_EC_compliance_report _June 30-2018.pdf\" target=\"_blank\">Relat\u00f3rio de conformidade da Atul CE \u2013 30 de junho de 2018<\/a><\/li>\n<li><a href=\"https:\/\/www.atul.co.in\/portuguese\/wp-content\/uploads\/Atul EC compliance report - November 30, 2017.pdf\" target=\"_blank\">Relat\u00f3rio de conformidade da Atul CE \u2013 30 de novembro de 2017<\/a><\/li>\n<li><a href=\"https:\/\/www.atul.co.in\/portuguese\/wp-content\/uploads\/Atul EC compliance report-July 2017.pdf\" target=\"_blank\">Relat\u00f3rio de conformidade da Atul CE \u2013 17 de julho de 2017<\/a><\/li>\n<li><a href=\"https:\/\/www.atul.co.in\/portuguese\/wp-content\/uploads\/Atul EC compliance report-January 2017.pdf\" target=\"_blank\">Relat\u00f3rio de conformidade da Atul CE \u2013 27 de janeiro de 2017<\/a><\/li>\n<li><a href=\"https:\/\/www.atul.co.in\/portuguese\/wp-content\/uploads\/2017\/08\/Atul-Environmental-Clearance-for-expansion-2004.pdf\" target=\"_blank\">Autoriza\u00e7\u00e3o ambiental da Atul para a expans\u00e3o 2004<\/a><\/li>\n<li><a href=\"https:\/\/www.atul.co.in\/portuguese\/wp-content\/uploads\/2017\/08\/Atul-Environmental-Clearance-for-22-MW-power-plant-2016.pdf\" target=\"_blank\">Autoriza\u00e7\u00e3o ambiental da Atul para uma usina de 22 MW em 2016<\/a><\/li>\n<li><a href=\"https:\/\/www.atul.co.in\/portuguese\/wp-content\/uploads\/2017\/08\/Atul-Environmental-Clearance-for-expansion-2009.pdf\" target=\"_blank\">Autoriza\u00e7\u00e3o ambiental da Atul para a expans\u00e3o 2009<\/a><\/li>\n<li><a href=\"https:\/\/www.atul.co.in\/portuguese\/wp-content\/uploads\/2017\/01\/Atul-CRZ-permission-for-4-Km-Effluent-discharge-line-1998.pdf\" target=\"_blank\">Permiss\u00e3o Atul CRZ para a linha de descarga de efluentes de 4 km em 1998<\/a><\/li>\n<\/ul>\n<\/li>\n<li>Transporte<\/li>\n<li>Avalia\u00e7\u00e3o ambiental do fornecedor<\/li>\n<li>Mecanismos de queixas ambientais<\/li>\n<\/ul>\n","protected":false},"excerpt":{"rendered":"<p>A sustentabilidade ambiental diz respeito ao impacto de uma empresa nos sistemas naturais vivos e n\u00e3o vivos, incluindo terra, ar, \u00e1gua e ecossistemas. Tamb\u00e9m abrange o impacto relacionado a insumos (como energia e \u00e1gua) e produtos (como emiss\u00f5es, efluentes e<span class=\"ellipsis\">&hellip;<\/span><\/p>\n<div class=\"read-more\"><a href=\"https:\/\/www.atul.co.in\/portuguese\/sustainability\/environmental-sustainability\">Read more &#8250;<\/a><\/div>\n<p><!-- end of .read-more --><\/p>\n","protected":false},"author":1,"featured_media":5592,"parent":0,"menu_order":0,"comment_status":"closed","ping_status":"closed","template":"","meta":{"_acf_changed":false,"footnotes":"","_links_to":"","_links_to_target":""},"class_list":["post-178","page","type-page","status-publish","has-post-thumbnail","hentry"],"acf":[],"yoast_head":"<!-- This site is optimized with the Yoast SEO plugin v26.8 - https:\/\/yoast.com\/product\/yoast-seo-wordpress\/ -->\n<title>Sustentabilidade ambiental | Atul<\/title>\n<meta name=\"robots\" content=\"index, follow, max-snippet:-1, max-image-preview:large, max-video-preview:-1\" \/>\n<link rel=\"canonical\" href=\"https:\/\/www.atul.co.in\/portuguese\/sustainability\/environmental-sustainability\/\" \/>\n<meta property=\"og:locale\" content=\"en_US\" \/>\n<meta property=\"og:type\" content=\"article\" \/>\n<meta property=\"og:title\" content=\"Sustentabilidade ambiental | Atul\" \/>\n<meta property=\"og:description\" content=\"A sustentabilidade ambiental diz respeito ao impacto de uma empresa nos sistemas naturais vivos e n\u00e3o vivos, incluindo terra, ar, \u00e1gua e ecossistemas. Tamb\u00e9m abrange o impacto relacionado a insumos (como energia e \u00e1gua) e produtos (como emiss\u00f5es, efluentes e&hellip;Read more &#8250;\" \/>\n<meta property=\"og:url\" content=\"https:\/\/www.atul.co.in\/portuguese\/sustainability\/environmental-sustainability\/\" \/>\n<meta property=\"og:site_name\" content=\"Atul Ltd\" \/>\n<meta property=\"article:modified_time\" content=\"2020-03-19T07:53:49+00:00\" \/>\n<meta property=\"og:image\" content=\"https:\/\/www.atul.co.in\/portuguese\/wp-content\/uploads\/2017\/01\/sustainability-environmental-dimension.jpg\" \/>\n\t<meta property=\"og:image:width\" content=\"1250\" \/>\n\t<meta property=\"og:image:height\" content=\"335\" \/>\n\t<meta property=\"og:image:type\" content=\"image\/jpeg\" \/>\n<meta name=\"twitter:card\" content=\"summary_large_image\" \/>\n<meta name=\"twitter:label1\" content=\"Est. reading time\" \/>\n\t<meta name=\"twitter:data1\" content=\"1 minute\" \/>\n<script type=\"application\/ld+json\" class=\"yoast-schema-graph\">{\"@context\":\"https:\/\/schema.org\",\"@graph\":[{\"@type\":\"WebPage\",\"@id\":\"https:\/\/www.atul.co.in\/portuguese\/sustainability\/environmental-sustainability\/\",\"url\":\"https:\/\/www.atul.co.in\/portuguese\/sustainability\/environmental-sustainability\/\",\"name\":\"Sustentabilidade ambiental | Atul\",\"isPartOf\":{\"@id\":\"http:\/\/13.127.36.189\/portuguese\/#website\"},\"primaryImageOfPage\":{\"@id\":\"https:\/\/www.atul.co.in\/portuguese\/sustainability\/environmental-sustainability\/#primaryimage\"},\"image\":{\"@id\":\"https:\/\/www.atul.co.in\/portuguese\/sustainability\/environmental-sustainability\/#primaryimage\"},\"thumbnailUrl\":\"https:\/\/www.atul.co.in\/portuguese\/wp-content\/uploads\/2017\/01\/sustainability-environmental-dimension.jpg\",\"datePublished\":\"2017-01-23T08:53:04+00:00\",\"dateModified\":\"2020-03-19T07:53:49+00:00\",\"breadcrumb\":{\"@id\":\"https:\/\/www.atul.co.in\/portuguese\/sustainability\/environmental-sustainability\/#breadcrumb\"},\"inLanguage\":\"en-US\",\"potentialAction\":[{\"@type\":\"ReadAction\",\"target\":[\"https:\/\/www.atul.co.in\/portuguese\/sustainability\/environmental-sustainability\/\"]}]},{\"@type\":\"ImageObject\",\"inLanguage\":\"en-US\",\"@id\":\"https:\/\/www.atul.co.in\/portuguese\/sustainability\/environmental-sustainability\/#primaryimage\",\"url\":\"https:\/\/www.atul.co.in\/portuguese\/wp-content\/uploads\/2017\/01\/sustainability-environmental-dimension.jpg\",\"contentUrl\":\"https:\/\/www.atul.co.in\/portuguese\/wp-content\/uploads\/2017\/01\/sustainability-environmental-dimension.jpg\",\"width\":1250,\"height\":335},{\"@type\":\"BreadcrumbList\",\"@id\":\"https:\/\/www.atul.co.in\/portuguese\/sustainability\/environmental-sustainability\/#breadcrumb\",\"itemListElement\":[{\"@type\":\"ListItem\",\"position\":1,\"name\":\"Home\",\"item\":\"https:\/\/www.atul.co.in\/portuguese\/\"},{\"@type\":\"ListItem\",\"position\":2,\"name\":\"Sustentabilidade ambiental\"}]},{\"@type\":\"WebSite\",\"@id\":\"http:\/\/13.127.36.189\/portuguese\/#website\",\"url\":\"http:\/\/13.127.36.189\/portuguese\/\",\"name\":\"Atul Ltd\",\"description\":\"\",\"potentialAction\":[{\"@type\":\"SearchAction\",\"target\":{\"@type\":\"EntryPoint\",\"urlTemplate\":\"http:\/\/13.127.36.189\/portuguese\/?s={search_term_string}\"},\"query-input\":{\"@type\":\"PropertyValueSpecification\",\"valueRequired\":true,\"valueName\":\"search_term_string\"}}],\"inLanguage\":\"en-US\"}]}<\/script>\n<!-- \/ Yoast SEO plugin. -->","yoast_head_json":{"title":"Sustentabilidade ambiental | Atul","robots":{"index":"index","follow":"follow","max-snippet":"max-snippet:-1","max-image-preview":"max-image-preview:large","max-video-preview":"max-video-preview:-1"},"canonical":"https:\/\/www.atul.co.in\/portuguese\/sustainability\/environmental-sustainability\/","og_locale":"en_US","og_type":"article","og_title":"Sustentabilidade ambiental | Atul","og_description":"A sustentabilidade ambiental diz respeito ao impacto de uma empresa nos sistemas naturais vivos e n\u00e3o vivos, incluindo terra, ar, \u00e1gua e ecossistemas. Tamb\u00e9m abrange o impacto relacionado a insumos (como energia e \u00e1gua) e produtos (como emiss\u00f5es, efluentes e&hellip;Read more &#8250;","og_url":"https:\/\/www.atul.co.in\/portuguese\/sustainability\/environmental-sustainability\/","og_site_name":"Atul Ltd","article_modified_time":"2020-03-19T07:53:49+00:00","og_image":[{"width":1250,"height":335,"url":"https:\/\/www.atul.co.in\/portuguese\/wp-content\/uploads\/2017\/01\/sustainability-environmental-dimension.jpg","type":"image\/jpeg"}],"twitter_card":"summary_large_image","twitter_misc":{"Est. reading time":"1 minute"},"schema":{"@context":"https:\/\/schema.org","@graph":[{"@type":"WebPage","@id":"https:\/\/www.atul.co.in\/portuguese\/sustainability\/environmental-sustainability\/","url":"https:\/\/www.atul.co.in\/portuguese\/sustainability\/environmental-sustainability\/","name":"Sustentabilidade ambiental | Atul","isPartOf":{"@id":"http:\/\/13.127.36.189\/portuguese\/#website"},"primaryImageOfPage":{"@id":"https:\/\/www.atul.co.in\/portuguese\/sustainability\/environmental-sustainability\/#primaryimage"},"image":{"@id":"https:\/\/www.atul.co.in\/portuguese\/sustainability\/environmental-sustainability\/#primaryimage"},"thumbnailUrl":"https:\/\/www.atul.co.in\/portuguese\/wp-content\/uploads\/2017\/01\/sustainability-environmental-dimension.jpg","datePublished":"2017-01-23T08:53:04+00:00","dateModified":"2020-03-19T07:53:49+00:00","breadcrumb":{"@id":"https:\/\/www.atul.co.in\/portuguese\/sustainability\/environmental-sustainability\/#breadcrumb"},"inLanguage":"en-US","potentialAction":[{"@type":"ReadAction","target":["https:\/\/www.atul.co.in\/portuguese\/sustainability\/environmental-sustainability\/"]}]},{"@type":"ImageObject","inLanguage":"en-US","@id":"https:\/\/www.atul.co.in\/portuguese\/sustainability\/environmental-sustainability\/#primaryimage","url":"https:\/\/www.atul.co.in\/portuguese\/wp-content\/uploads\/2017\/01\/sustainability-environmental-dimension.jpg","contentUrl":"https:\/\/www.atul.co.in\/portuguese\/wp-content\/uploads\/2017\/01\/sustainability-environmental-dimension.jpg","width":1250,"height":335},{"@type":"BreadcrumbList","@id":"https:\/\/www.atul.co.in\/portuguese\/sustainability\/environmental-sustainability\/#breadcrumb","itemListElement":[{"@type":"ListItem","position":1,"name":"Home","item":"https:\/\/www.atul.co.in\/portuguese\/"},{"@type":"ListItem","position":2,"name":"Sustentabilidade ambiental"}]},{"@type":"WebSite","@id":"http:\/\/13.127.36.189\/portuguese\/#website","url":"http:\/\/13.127.36.189\/portuguese\/","name":"Atul Ltd","description":"","potentialAction":[{"@type":"SearchAction","target":{"@type":"EntryPoint","urlTemplate":"http:\/\/13.127.36.189\/portuguese\/?s={search_term_string}"},"query-input":{"@type":"PropertyValueSpecification","valueRequired":true,"valueName":"search_term_string"}}],"inLanguage":"en-US"}]}},"_links":{"self":[{"href":"https:\/\/www.atul.co.in\/portuguese\/wp-json\/wp\/v2\/pages\/178","targetHints":{"allow":["GET"]}}],"collection":[{"href":"https:\/\/www.atul.co.in\/portuguese\/wp-json\/wp\/v2\/pages"}],"about":[{"href":"https:\/\/www.atul.co.in\/portuguese\/wp-json\/wp\/v2\/types\/page"}],"author":[{"embeddable":true,"href":"https:\/\/www.atul.co.in\/portuguese\/wp-json\/wp\/v2\/users\/1"}],"replies":[{"embeddable":true,"href":"https:\/\/www.atul.co.in\/portuguese\/wp-json\/wp\/v2\/comments?post=178"}],"version-history":[{"count":0,"href":"https:\/\/www.atul.co.in\/portuguese\/wp-json\/wp\/v2\/pages\/178\/revisions"}],"wp:featuredmedia":[{"embeddable":true,"href":"https:\/\/www.atul.co.in\/portuguese\/wp-json\/wp\/v2\/media\/5592"}],"wp:attachment":[{"href":"https:\/\/www.atul.co.in\/portuguese\/wp-json\/wp\/v2\/media?parent=178"}],"curies":[{"name":"wp","href":"https:\/\/api.w.org\/{rel}","templated":true}]}}