{"id":179,"date":"2017-01-23T08:53:21","date_gmt":"2017-01-23T08:53:21","guid":{"rendered":"http:\/\/43.242.212.212\/~atulco\/?page_id=179"},"modified":"2020-03-19T13:35:30","modified_gmt":"2020-03-19T08:05:30","slug":"sustainabilitysocial-sustainability","status":"publish","type":"page","link":"https:\/\/www.atul.co.in\/portuguese\/sustainability\/social-sustainability","title":{"rendered":"Sustentabilidade social"},"content":{"rendered":"<p class=\"text2\">A sustentabilidade social diz respeito ao impacto de uma empresa nos sistemas sociais em que opera.<\/p>\n<p class=\"text2\">A Atul se empenha em cobrir os seguintes aspectos da sustentabilidade social:<\/p>\n<div class='content-column one_fourth'><center><img loading=\"lazy\" decoding=\"async\" src=\"https:\/\/www.atul.co.in\/portuguese\/wp-content\/uploads\/labour-practice.png\" alt=\"\" width=\"75\" height=\"110\" class=\"aligncenter size-full wp-image-3905\" \/><\/p>\n<h4 class=\"teal\">Pr\u00e1tica de trabalho<\/h4>\n<p><\/center><\/p>\n<div class=\"arrow-list-space-s\">\n<ul class=\"arrow-list-s\">\n<li >Emprego<\/li>\n<li >Rela\u00e7\u00f5es de gest\u00e3o do trabalho<\/li>\n<li >Sa\u00fade e seguran\u00e7a ocupacional<\/li>\n<li >Forma\u00e7\u00e3o e educa\u00e7\u00e3o<\/li>\n<li >Diversidade e igualdade de oportunidades<\/li>\n<li >Igualdade de remunera\u00e7\u00e3o entre homens e mulheres<\/li>\n<li >Avalia\u00e7\u00e3o de fornecedores quanto a pr\u00e1ticas trabalhistas<\/li>\n<li >Mecanismos de queixas e pr\u00e1ticas trabalhistas<\/li>\n<\/ul>\n<\/div><\/div><div class='content-column one_fourth'><center><img loading=\"lazy\" decoding=\"async\" src=\"https:\/\/www.atul.co.in\/portuguese\/wp-content\/uploads\/2017\/01\/human-rights-2.png\" alt=\"\" width=\"75\" height=\"110\" class=\"aligncenter size-full wp-image-4706\" \/><\/p>\n<h4 class=\"teal\">Direitos humanos<\/h4>\n<p><\/center><\/p>\n<div class=\"arrow-list-space-s\">\n<ul class=\"arrow-list-s\">\n<li >N\u00e3o discrimina\u00e7\u00e3o<\/li>\n<li >Liberdade de associa\u00e7\u00e3o e negocia\u00e7\u00e3o coletiva<\/li>\n<li >Trabalho infantil<\/li>\n<li >Pr\u00e1ticas de seguran\u00e7a<\/li>\n<li >Direitos ind\u00edgenas<\/li>\n<li >Avalia\u00e7\u00e3o<\/li>\n<li >Avalia\u00e7\u00e3o de direitos humanos do fornecedor<\/li>\n<li >Mecanismos de queixas quanto aos direitos humanos<\/li>\n<\/ul>\n<\/div><\/div><div class='content-column one_fourth'><center><img loading=\"lazy\" decoding=\"async\" src=\"https:\/\/www.atul.co.in\/portuguese\/wp-content\/uploads\/2017\/08\/sociaty-new.png\" alt=\"\" width=\"75\" height=\"110\" class=\"aligncenter size-full wp-image-4728\" \/><\/p>\n<h4 class=\"teal\">Sociedade<\/h4>\n<p><\/center><\/p>\n<div class=\"arrow-list-space-s\">\n<ul class=\"arrow-list-s\">\n<li >Comunidades e sociedade locais<\/li>\n<li >Comportamento anticoncorrencial<\/li>\n<li >Conformidade<\/li>\n<li >Mecanismos de queixas quanto aos impactos na sociedade<\/li>\n<\/ul>\n<\/div><\/div><div class='content-column one_fourth last_column'><center><img loading=\"lazy\" decoding=\"async\" src=\"https:\/\/www.atul.co.in\/portuguese\/wp-content\/uploads\/2017\/08\/product-1.png\" alt=\"\" width=\"75\" height=\"110\" class=\"aligncenter size-full wp-image-4639\" \/><\/p>\n<h4 class=\"teal\">Responsabilidade produto<\/h4>\n<p><\/center><\/p>\n<div class=\"arrow-list-space-s\">\n<ul class=\"arrow-list-s\">\n<li >Sa\u00fade e seguran\u00e7a do cliente<\/li>\n<li >Rotulagem de produtos e servi\u00e7os<\/li>\n<li >Comunica\u00e7\u00f5es de marketing<\/li>\n<li >Privacidade do cliente<\/li>\n<li >Conformidade<\/li>\n<\/ul>\n<\/div><\/div><div class='clear_column'><\/div>\n","protected":false},"excerpt":{"rendered":"<p>A sustentabilidade social diz respeito ao impacto de uma empresa nos sistemas sociais em que opera. A Atul se empenha em cobrir os seguintes aspectos da sustentabilidade social:<\/p>\n","protected":false},"author":1,"featured_media":5593,"parent":0,"menu_order":0,"comment_status":"closed","ping_status":"closed","template":"","meta":{"_acf_changed":false,"footnotes":"","_links_to":"","_links_to_target":""},"class_list":["post-179","page","type-page","status-publish","has-post-thumbnail","hentry"],"acf":[],"yoast_head":"<!-- This site is optimized with the Yoast SEO plugin v26.8 - https:\/\/yoast.com\/product\/yoast-seo-wordpress\/ -->\n<title>Sustentabilidade social | Atul<\/title>\n<meta name=\"robots\" content=\"index, follow, max-snippet:-1, max-image-preview:large, max-video-preview:-1\" \/>\n<link rel=\"canonical\" href=\"https:\/\/www.atul.co.in\/portuguese\/sustainability\/social-sustainability\/\" \/>\n<meta property=\"og:locale\" content=\"en_US\" \/>\n<meta property=\"og:type\" content=\"article\" \/>\n<meta property=\"og:title\" content=\"Sustentabilidade social | Atul\" \/>\n<meta property=\"og:description\" content=\"A sustentabilidade social diz respeito ao impacto de uma empresa nos sistemas sociais em que opera. A Atul se empenha em cobrir os seguintes aspectos da sustentabilidade social:\" \/>\n<meta property=\"og:url\" content=\"https:\/\/www.atul.co.in\/portuguese\/sustainability\/social-sustainability\/\" \/>\n<meta property=\"og:site_name\" content=\"Atul Ltd\" \/>\n<meta property=\"article:modified_time\" content=\"2020-03-19T08:05:30+00:00\" \/>\n<meta property=\"og:image\" content=\"https:\/\/www.atul.co.in\/portuguese\/wp-content\/uploads\/2017\/01\/sustainability-social-dimension.jpg\" \/>\n\t<meta property=\"og:image:width\" content=\"1250\" \/>\n\t<meta property=\"og:image:height\" content=\"335\" \/>\n\t<meta property=\"og:image:type\" content=\"image\/jpeg\" \/>\n<meta name=\"twitter:card\" content=\"summary_large_image\" \/>\n<meta name=\"twitter:label1\" content=\"Est. reading time\" \/>\n\t<meta name=\"twitter:data1\" content=\"1 minute\" \/>\n<script type=\"application\/ld+json\" class=\"yoast-schema-graph\">{\"@context\":\"https:\/\/schema.org\",\"@graph\":[{\"@type\":\"WebPage\",\"@id\":\"https:\/\/www.atul.co.in\/portuguese\/sustainability\/social-sustainability\/\",\"url\":\"https:\/\/www.atul.co.in\/portuguese\/sustainability\/social-sustainability\/\",\"name\":\"Sustentabilidade social | Atul\",\"isPartOf\":{\"@id\":\"http:\/\/13.127.36.189\/portuguese\/#website\"},\"primaryImageOfPage\":{\"@id\":\"https:\/\/www.atul.co.in\/portuguese\/sustainability\/social-sustainability\/#primaryimage\"},\"image\":{\"@id\":\"https:\/\/www.atul.co.in\/portuguese\/sustainability\/social-sustainability\/#primaryimage\"},\"thumbnailUrl\":\"https:\/\/www.atul.co.in\/portuguese\/wp-content\/uploads\/2017\/01\/sustainability-social-dimension.jpg\",\"datePublished\":\"2017-01-23T08:53:21+00:00\",\"dateModified\":\"2020-03-19T08:05:30+00:00\",\"breadcrumb\":{\"@id\":\"https:\/\/www.atul.co.in\/portuguese\/sustainability\/social-sustainability\/#breadcrumb\"},\"inLanguage\":\"en-US\",\"potentialAction\":[{\"@type\":\"ReadAction\",\"target\":[\"https:\/\/www.atul.co.in\/portuguese\/sustainability\/social-sustainability\/\"]}]},{\"@type\":\"ImageObject\",\"inLanguage\":\"en-US\",\"@id\":\"https:\/\/www.atul.co.in\/portuguese\/sustainability\/social-sustainability\/#primaryimage\",\"url\":\"https:\/\/www.atul.co.in\/portuguese\/wp-content\/uploads\/2017\/01\/sustainability-social-dimension.jpg\",\"contentUrl\":\"https:\/\/www.atul.co.in\/portuguese\/wp-content\/uploads\/2017\/01\/sustainability-social-dimension.jpg\",\"width\":1250,\"height\":335},{\"@type\":\"BreadcrumbList\",\"@id\":\"https:\/\/www.atul.co.in\/portuguese\/sustainability\/social-sustainability\/#breadcrumb\",\"itemListElement\":[{\"@type\":\"ListItem\",\"position\":1,\"name\":\"Home\",\"item\":\"https:\/\/www.atul.co.in\/portuguese\/\"},{\"@type\":\"ListItem\",\"position\":2,\"name\":\"Sustentabilidade social\"}]},{\"@type\":\"WebSite\",\"@id\":\"http:\/\/13.127.36.189\/portuguese\/#website\",\"url\":\"http:\/\/13.127.36.189\/portuguese\/\",\"name\":\"Atul Ltd\",\"description\":\"\",\"potentialAction\":[{\"@type\":\"SearchAction\",\"target\":{\"@type\":\"EntryPoint\",\"urlTemplate\":\"http:\/\/13.127.36.189\/portuguese\/?s={search_term_string}\"},\"query-input\":{\"@type\":\"PropertyValueSpecification\",\"valueRequired\":true,\"valueName\":\"search_term_string\"}}],\"inLanguage\":\"en-US\"}]}<\/script>\n<!-- \/ Yoast SEO plugin. -->","yoast_head_json":{"title":"Sustentabilidade social | Atul","robots":{"index":"index","follow":"follow","max-snippet":"max-snippet:-1","max-image-preview":"max-image-preview:large","max-video-preview":"max-video-preview:-1"},"canonical":"https:\/\/www.atul.co.in\/portuguese\/sustainability\/social-sustainability\/","og_locale":"en_US","og_type":"article","og_title":"Sustentabilidade social | Atul","og_description":"A sustentabilidade social diz respeito ao impacto de uma empresa nos sistemas sociais em que opera. A Atul se empenha em cobrir os seguintes aspectos da sustentabilidade social:","og_url":"https:\/\/www.atul.co.in\/portuguese\/sustainability\/social-sustainability\/","og_site_name":"Atul Ltd","article_modified_time":"2020-03-19T08:05:30+00:00","og_image":[{"width":1250,"height":335,"url":"https:\/\/www.atul.co.in\/portuguese\/wp-content\/uploads\/2017\/01\/sustainability-social-dimension.jpg","type":"image\/jpeg"}],"twitter_card":"summary_large_image","twitter_misc":{"Est. reading time":"1 minute"},"schema":{"@context":"https:\/\/schema.org","@graph":[{"@type":"WebPage","@id":"https:\/\/www.atul.co.in\/portuguese\/sustainability\/social-sustainability\/","url":"https:\/\/www.atul.co.in\/portuguese\/sustainability\/social-sustainability\/","name":"Sustentabilidade social | Atul","isPartOf":{"@id":"http:\/\/13.127.36.189\/portuguese\/#website"},"primaryImageOfPage":{"@id":"https:\/\/www.atul.co.in\/portuguese\/sustainability\/social-sustainability\/#primaryimage"},"image":{"@id":"https:\/\/www.atul.co.in\/portuguese\/sustainability\/social-sustainability\/#primaryimage"},"thumbnailUrl":"https:\/\/www.atul.co.in\/portuguese\/wp-content\/uploads\/2017\/01\/sustainability-social-dimension.jpg","datePublished":"2017-01-23T08:53:21+00:00","dateModified":"2020-03-19T08:05:30+00:00","breadcrumb":{"@id":"https:\/\/www.atul.co.in\/portuguese\/sustainability\/social-sustainability\/#breadcrumb"},"inLanguage":"en-US","potentialAction":[{"@type":"ReadAction","target":["https:\/\/www.atul.co.in\/portuguese\/sustainability\/social-sustainability\/"]}]},{"@type":"ImageObject","inLanguage":"en-US","@id":"https:\/\/www.atul.co.in\/portuguese\/sustainability\/social-sustainability\/#primaryimage","url":"https:\/\/www.atul.co.in\/portuguese\/wp-content\/uploads\/2017\/01\/sustainability-social-dimension.jpg","contentUrl":"https:\/\/www.atul.co.in\/portuguese\/wp-content\/uploads\/2017\/01\/sustainability-social-dimension.jpg","width":1250,"height":335},{"@type":"BreadcrumbList","@id":"https:\/\/www.atul.co.in\/portuguese\/sustainability\/social-sustainability\/#breadcrumb","itemListElement":[{"@type":"ListItem","position":1,"name":"Home","item":"https:\/\/www.atul.co.in\/portuguese\/"},{"@type":"ListItem","position":2,"name":"Sustentabilidade social"}]},{"@type":"WebSite","@id":"http:\/\/13.127.36.189\/portuguese\/#website","url":"http:\/\/13.127.36.189\/portuguese\/","name":"Atul Ltd","description":"","potentialAction":[{"@type":"SearchAction","target":{"@type":"EntryPoint","urlTemplate":"http:\/\/13.127.36.189\/portuguese\/?s={search_term_string}"},"query-input":{"@type":"PropertyValueSpecification","valueRequired":true,"valueName":"search_term_string"}}],"inLanguage":"en-US"}]}},"_links":{"self":[{"href":"https:\/\/www.atul.co.in\/portuguese\/wp-json\/wp\/v2\/pages\/179","targetHints":{"allow":["GET"]}}],"collection":[{"href":"https:\/\/www.atul.co.in\/portuguese\/wp-json\/wp\/v2\/pages"}],"about":[{"href":"https:\/\/www.atul.co.in\/portuguese\/wp-json\/wp\/v2\/types\/page"}],"author":[{"embeddable":true,"href":"https:\/\/www.atul.co.in\/portuguese\/wp-json\/wp\/v2\/users\/1"}],"replies":[{"embeddable":true,"href":"https:\/\/www.atul.co.in\/portuguese\/wp-json\/wp\/v2\/comments?post=179"}],"version-history":[{"count":0,"href":"https:\/\/www.atul.co.in\/portuguese\/wp-json\/wp\/v2\/pages\/179\/revisions"}],"wp:featuredmedia":[{"embeddable":true,"href":"https:\/\/www.atul.co.in\/portuguese\/wp-json\/wp\/v2\/media\/5593"}],"wp:attachment":[{"href":"https:\/\/www.atul.co.in\/portuguese\/wp-json\/wp\/v2\/media?parent=179"}],"curies":[{"name":"wp","href":"https:\/\/api.w.org\/{rel}","templated":true}]}}