{"id":198,"date":"2017-01-25T08:00:07","date_gmt":"2017-01-25T08:00:07","guid":{"rendered":"http:\/\/43.242.212.212\/~atulco\/?page_id=198"},"modified":"2020-04-16T09:52:19","modified_gmt":"2020-04-16T04:22:19","slug":"colors","status":"publish","type":"page","link":"https:\/\/www.atul.co.in\/portuguese\/colors\/","title":{"rendered":"About"},"content":{"rendered":"<div class=\"container\">\n<div class=\"text1\"><center>O maior fabricante indiano de Corantes de Cuba e corantes Pretos Sulfurosos<\/center><\/div>\n<\/div>\n<div class=\"space20\"><\/div>\n<div class=\"landingimage\"><img loading=\"lazy\" decoding=\"async\" src=\"https:\/\/www.atul.co.in\/portuguese\/wp-content\/uploads\/colors-industry-app-1.jpg\" alt=\"\" width=\"1400\" height=\"531\" class=\"aligncenter size-full wp-image-3405\" srcset=\"https:\/\/www.atul.co.in\/portuguese\/wp-content\/uploads\/colors-industry-app-1.jpg 1400w, https:\/\/www.atul.co.in\/portuguese\/wp-content\/uploads\/colors-industry-app-1-768x291.jpg 768w, https:\/\/www.atul.co.in\/portuguese\/wp-content\/uploads\/colors-industry-app-1-60x23.jpg 60w\" sizes=\"auto, (max-width: 1400px) 100vw, 1400px\" \/><\/div>\n<div class=\"colors-highlights\">\n<div class=\"container\">\n<div class=\"title\">Esfor\u00e7os pioneiros<\/div>\n<div class=\"text\">\nUm dos maiores fabricantes globais de Corantes de Cuba<\/p>\n<p>Maior fabricantes de corantes pretos Sulfurosos da \u00cdndia<\/p>\n<p>\u00c9 Membro da ETAD<\/p>\n<p>Oferece uma vasta gama de corantes Reativos, Dispersos, \u00c1cidos e Diretos\n<\/p><\/div>\n<div class=\"clear\"><\/div>\n<\/div>\n<\/div>\n<div class=\"colors-industry\">\n<div class=\"container\">\n<div class=\"title\">Ind\u00fastrias abrangidas<\/div>\n<div class=\"text\">Serve v\u00e1rios setores, como os T\u00eaxteis, Peles, Papel, Pl\u00e1stico, Tintas e Coberturas e Alimenta\u00e7\u00e3o<\/div>\n<div class=\"link\"><a href=\"https:\/\/www.atul.co.in\/portuguese\/colors\/industries\/\">EXPLORAR<\/a><\/div>\n<div class=\"clear\"><\/div>\n<\/div>\n<\/div>\n<div class=\"colors-products\">\n<div class=\"container\">\n<div class=\"title\">Produtos<\/div>\n<div class=\"text\">Oferece uma vasta gama de corantes e pigmentos para m\u00faltiplas aplica\u00e7\u00f5es<\/div>\n<div class=\"link\"><a href=\"https:\/\/www.atul.co.in\/portuguese\/colors\/products\/\">EXPLORAR<\/a><\/div>\n<div class=\"clear\"><\/div>\n<\/div>\n<\/div>\n<p><!--div class=\"updates\">\n\n\n<div class=\"container\">\n\n\n<div class=\"title\"><a href=\"https:\/\/www.atul.co.in\/portuguese\/w4pl\/colors-updates-list\/\">Updates<\/a><\/div>\n\n\n[postlist id=4389]\n\n<\/div>\n\n\n<\/div-->\n<!--eof updates--><\/p>\n","protected":false},"excerpt":{"rendered":"<p>O maior fabricante indiano de Corantes de Cuba e corantes Pretos Sulfurosos Esfor\u00e7os pioneiros Um dos maiores fabricantes globais de Corantes de Cuba Maior fabricantes de corantes pretos Sulfurosos da \u00cdndia \u00c9 Membro da ETAD Oferece uma vasta gama de<span class=\"ellipsis\">&hellip;<\/span><\/p>\n<div class=\"read-more\"><a href=\"https:\/\/www.atul.co.in\/portuguese\/colors\/\">Read more &#8250;<\/a><\/div>\n<p><!-- end of .read-more --><\/p>\n","protected":false},"author":1,"featured_media":0,"parent":850,"menu_order":0,"comment_status":"closed","ping_status":"closed","template":"colors-microsite-pages.php","meta":{"_acf_changed":false,"footnotes":"","_links_to":"","_links_to_target":""},"class_list":["post-198","page","type-page","status-publish","hentry"],"acf":[],"yoast_head":"<!-- This site is optimized with the Yoast SEO plugin v26.8 - https:\/\/yoast.com\/product\/yoast-seo-wordpress\/ -->\n<title>Cores | Atul<\/title>\n<meta name=\"robots\" content=\"index, follow, max-snippet:-1, max-image-preview:large, max-video-preview:-1\" \/>\n<link rel=\"canonical\" href=\"http:\/\/13.127.36.189\/portuguese\/colors\/\" \/>\n<meta property=\"og:locale\" content=\"en_US\" \/>\n<meta property=\"og:type\" content=\"article\" \/>\n<meta property=\"og:title\" content=\"Cores | Atul\" \/>\n<meta property=\"og:description\" content=\"O maior fabricante indiano de Corantes de Cuba e corantes Pretos Sulfurosos Esfor\u00e7os pioneiros Um dos maiores fabricantes globais de Corantes de Cuba Maior fabricantes de corantes pretos Sulfurosos da \u00cdndia \u00c9 Membro da ETAD Oferece uma vasta gama de&hellip;Read more &#8250;\" \/>\n<meta property=\"og:url\" content=\"http:\/\/13.127.36.189\/portuguese\/colors\/\" \/>\n<meta property=\"og:site_name\" content=\"Atul Ltd\" \/>\n<meta property=\"article:modified_time\" content=\"2020-04-16T04:22:19+00:00\" \/>\n<meta property=\"og:image\" content=\"https:\/\/www.atul.co.in\/portuguese\/wp-content\/uploads\/colors-industry-app-1.jpg\" \/>\n<meta name=\"twitter:card\" content=\"summary_large_image\" \/>\n<script type=\"application\/ld+json\" class=\"yoast-schema-graph\">{\"@context\":\"https:\/\/schema.org\",\"@graph\":[{\"@type\":\"WebPage\",\"@id\":\"http:\/\/13.127.36.189\/portuguese\/colors\/\",\"url\":\"http:\/\/13.127.36.189\/portuguese\/colors\/\",\"name\":\"Cores | Atul\",\"isPartOf\":{\"@id\":\"http:\/\/13.127.36.189\/portuguese\/#website\"},\"primaryImageOfPage\":{\"@id\":\"http:\/\/13.127.36.189\/portuguese\/colors\/#primaryimage\"},\"image\":{\"@id\":\"http:\/\/13.127.36.189\/portuguese\/colors\/#primaryimage\"},\"thumbnailUrl\":\"https:\/\/www.atul.co.in\/portuguese\/wp-content\/uploads\/colors-industry-app-1.jpg\",\"datePublished\":\"2017-01-25T08:00:07+00:00\",\"dateModified\":\"2020-04-16T04:22:19+00:00\",\"breadcrumb\":{\"@id\":\"http:\/\/13.127.36.189\/portuguese\/colors\/#breadcrumb\"},\"inLanguage\":\"en-US\",\"potentialAction\":[{\"@type\":\"ReadAction\",\"target\":[\"http:\/\/13.127.36.189\/portuguese\/colors\/\"]}]},{\"@type\":\"ImageObject\",\"inLanguage\":\"en-US\",\"@id\":\"http:\/\/13.127.36.189\/portuguese\/colors\/#primaryimage\",\"url\":\"https:\/\/www.atul.co.in\/portuguese\/wp-content\/uploads\/colors-industry-app-1.jpg\",\"contentUrl\":\"https:\/\/www.atul.co.in\/portuguese\/wp-content\/uploads\/colors-industry-app-1.jpg\"},{\"@type\":\"BreadcrumbList\",\"@id\":\"http:\/\/13.127.36.189\/portuguese\/colors\/#breadcrumb\",\"itemListElement\":[{\"@type\":\"ListItem\",\"position\":1,\"name\":\"Home\",\"item\":\"https:\/\/www.atul.co.in\/portuguese\/\"},{\"@type\":\"ListItem\",\"position\":2,\"name\":\"Colors\",\"item\":\"\/\"},{\"@type\":\"ListItem\",\"position\":3,\"name\":\"About\"}]},{\"@type\":\"WebSite\",\"@id\":\"http:\/\/13.127.36.189\/portuguese\/#website\",\"url\":\"http:\/\/13.127.36.189\/portuguese\/\",\"name\":\"Atul Ltd\",\"description\":\"\",\"potentialAction\":[{\"@type\":\"SearchAction\",\"target\":{\"@type\":\"EntryPoint\",\"urlTemplate\":\"http:\/\/13.127.36.189\/portuguese\/?s={search_term_string}\"},\"query-input\":{\"@type\":\"PropertyValueSpecification\",\"valueRequired\":true,\"valueName\":\"search_term_string\"}}],\"inLanguage\":\"en-US\"}]}<\/script>\n<!-- \/ Yoast SEO plugin. -->","yoast_head_json":{"title":"Cores | Atul","robots":{"index":"index","follow":"follow","max-snippet":"max-snippet:-1","max-image-preview":"max-image-preview:large","max-video-preview":"max-video-preview:-1"},"canonical":"http:\/\/13.127.36.189\/portuguese\/colors\/","og_locale":"en_US","og_type":"article","og_title":"Cores | Atul","og_description":"O maior fabricante indiano de Corantes de Cuba e corantes Pretos Sulfurosos Esfor\u00e7os pioneiros Um dos maiores fabricantes globais de Corantes de Cuba Maior fabricantes de corantes pretos Sulfurosos da \u00cdndia \u00c9 Membro da ETAD Oferece uma vasta gama de&hellip;Read more &#8250;","og_url":"http:\/\/13.127.36.189\/portuguese\/colors\/","og_site_name":"Atul Ltd","article_modified_time":"2020-04-16T04:22:19+00:00","og_image":[{"url":"https:\/\/www.atul.co.in\/portuguese\/wp-content\/uploads\/colors-industry-app-1.jpg","type":"","width":"","height":""}],"twitter_card":"summary_large_image","schema":{"@context":"https:\/\/schema.org","@graph":[{"@type":"WebPage","@id":"http:\/\/13.127.36.189\/portuguese\/colors\/","url":"http:\/\/13.127.36.189\/portuguese\/colors\/","name":"Cores | Atul","isPartOf":{"@id":"http:\/\/13.127.36.189\/portuguese\/#website"},"primaryImageOfPage":{"@id":"http:\/\/13.127.36.189\/portuguese\/colors\/#primaryimage"},"image":{"@id":"http:\/\/13.127.36.189\/portuguese\/colors\/#primaryimage"},"thumbnailUrl":"https:\/\/www.atul.co.in\/portuguese\/wp-content\/uploads\/colors-industry-app-1.jpg","datePublished":"2017-01-25T08:00:07+00:00","dateModified":"2020-04-16T04:22:19+00:00","breadcrumb":{"@id":"http:\/\/13.127.36.189\/portuguese\/colors\/#breadcrumb"},"inLanguage":"en-US","potentialAction":[{"@type":"ReadAction","target":["http:\/\/13.127.36.189\/portuguese\/colors\/"]}]},{"@type":"ImageObject","inLanguage":"en-US","@id":"http:\/\/13.127.36.189\/portuguese\/colors\/#primaryimage","url":"https:\/\/www.atul.co.in\/portuguese\/wp-content\/uploads\/colors-industry-app-1.jpg","contentUrl":"https:\/\/www.atul.co.in\/portuguese\/wp-content\/uploads\/colors-industry-app-1.jpg"},{"@type":"BreadcrumbList","@id":"http:\/\/13.127.36.189\/portuguese\/colors\/#breadcrumb","itemListElement":[{"@type":"ListItem","position":1,"name":"Home","item":"https:\/\/www.atul.co.in\/portuguese\/"},{"@type":"ListItem","position":2,"name":"Colors","item":"\/"},{"@type":"ListItem","position":3,"name":"About"}]},{"@type":"WebSite","@id":"http:\/\/13.127.36.189\/portuguese\/#website","url":"http:\/\/13.127.36.189\/portuguese\/","name":"Atul Ltd","description":"","potentialAction":[{"@type":"SearchAction","target":{"@type":"EntryPoint","urlTemplate":"http:\/\/13.127.36.189\/portuguese\/?s={search_term_string}"},"query-input":{"@type":"PropertyValueSpecification","valueRequired":true,"valueName":"search_term_string"}}],"inLanguage":"en-US"}]}},"_links":{"self":[{"href":"https:\/\/www.atul.co.in\/portuguese\/wp-json\/wp\/v2\/pages\/198","targetHints":{"allow":["GET"]}}],"collection":[{"href":"https:\/\/www.atul.co.in\/portuguese\/wp-json\/wp\/v2\/pages"}],"about":[{"href":"https:\/\/www.atul.co.in\/portuguese\/wp-json\/wp\/v2\/types\/page"}],"author":[{"embeddable":true,"href":"https:\/\/www.atul.co.in\/portuguese\/wp-json\/wp\/v2\/users\/1"}],"replies":[{"embeddable":true,"href":"https:\/\/www.atul.co.in\/portuguese\/wp-json\/wp\/v2\/comments?post=198"}],"version-history":[{"count":0,"href":"https:\/\/www.atul.co.in\/portuguese\/wp-json\/wp\/v2\/pages\/198\/revisions"}],"up":[{"embeddable":true,"href":"https:\/\/www.atul.co.in\/portuguese\/wp-json\/wp\/v2\/pages\/850"}],"wp:attachment":[{"href":"https:\/\/www.atul.co.in\/portuguese\/wp-json\/wp\/v2\/media?parent=198"}],"curies":[{"name":"wp","href":"https:\/\/api.w.org\/{rel}","templated":true}]}}