{"id":202,"date":"2017-01-25T08:20:06","date_gmt":"2017-01-25T08:20:06","guid":{"rendered":"http:\/\/43.242.212.212\/~atulco\/?page_id=202"},"modified":"2020-05-20T20:46:03","modified_gmt":"2020-05-20T15:16:03","slug":"colorsindustries","status":"publish","type":"page","link":"https:\/\/www.atul.co.in\/portuguese\/colors\/industries\/","title":{"rendered":"Ind\u00fastrias"},"content":{"rendered":"<div class=\"container\">\n<div class=\"text2\">Servindo clientes em mais de 30 pa\u00edses com um portef\u00f3lio de produtos diversificado<\/div>\n<div class=\"space20\"><\/div>\n<ul class=\"gridlayout2\">\n<li><a href=\"https:\/\/www.atul.co.in\/portuguese\/businesses\/colors\/product-search\/?_sfm_colors_product_industry=Textile\"><img loading=\"lazy\" decoding=\"async\" src=\"https:\/\/www.atul.co.in\/portuguese\/wp-content\/uploads\/2017\/08\/textile.jpg\" alt=\"\" width=\"412\" height=\"354\" class=\"aligncenter size-full wp-image-847\" \/>\n<div>\n<h3>T\u00eaxtil<\/h3>\n<\/div>\n<p><\/a><\/li>\n<li><a href=\"https:\/\/www.atul.co.in\/portuguese\/businesses\/colors\/product-search\/?_sfm_colors_product_industry=Paint%20and%20Coatings\"><img loading=\"lazy\" decoding=\"async\" src=\"https:\/\/www.atul.co.in\/portuguese\/wp-content\/uploads\/2017\/08\/paint-1.jpg\" alt=\"\" width=\"412\" height=\"354\" class=\"aligncenter size-full wp-image-847\" \/>\n<div>\n<h3>Tintas e Revestimentos<\/h3>\n<\/div>\n<p><\/a><\/li>\n<li><a href=\"https:\/\/www.atul.co.in\/portuguese\/businesses\/colors\/product-search\/?_sfm_colors_product_industry=Plastics\"><img loading=\"lazy\" decoding=\"async\" src=\"https:\/\/www.atul.co.in\/portuguese\/wp-content\/uploads\/2017\/08\/plastics.jpg\" alt=\"\" width=\"412\" height=\"354\" class=\"aligncenter size-full wp-image-847\" \/>\n<div>\n<h3>Pl\u00e1sticos<\/h3>\n<\/div>\n<p><\/a><\/li>\n<li><a href=\"https:\/\/www.atul.co.in\/portuguese\/businesses\/colors\/product-search\/?_sfm_colors_product_industry=Inks\"><img loading=\"lazy\" decoding=\"async\" src=\"https:\/\/www.atul.co.in\/portuguese\/wp-content\/uploads\/2017\/08\/inks.jpg\" alt=\"\" width=\"412\" height=\"354\" class=\"aligncenter size-full wp-image-847\" \/>\n<div>\n<h3>Tintas de Impress\u00e3o<\/h3>\n<\/div>\n<p><\/a><\/li>\n<li><a href=\"https:\/\/www.atul.co.in\/portuguese\/businesses\/colors\/product-search\/?_sfm_colors_product_industry=Packaging\"><img loading=\"lazy\" decoding=\"async\" src=\"https:\/\/www.atul.co.in\/portuguese\/wp-content\/uploads\/2017\/08\/packaging.jpg\" alt=\"\" width=\"412\" height=\"354\" class=\"aligncenter size-full wp-image-847\" \/>\n<div>\n<h3>Embalagens<\/h3>\n<\/div>\n<p><\/a><\/li>\n<li><a href=\"https:\/\/www.atul.co.in\/portuguese\/businesses\/colors\/product-search\/?_sfm_colors_product_industry=Fuel%20Additives\"><img loading=\"lazy\" decoding=\"async\" src=\"https:\/\/www.atul.co.in\/portuguese\/wp-content\/uploads\/2017\/08\/fuel.jpg\" alt=\"\" width=\"412\" height=\"354\" class=\"aligncenter size-full wp-image-847\" \/>\n<div>\n<h3>Aditivos de Combust\u00edvel<\/h3>\n<\/div>\n<p><\/a><\/li>\n<li><a href=\"https:\/\/www.atul.co.in\/portuguese\/businesses\/colors\/product-search\/?_sfm_colors_product_industry=Paper\"><img loading=\"lazy\" decoding=\"async\" src=\"https:\/\/www.atul.co.in\/portuguese\/wp-content\/uploads\/2017\/08\/paper-2.jpg\" alt=\"\" width=\"412\" height=\"354\" class=\"aligncenter size-full wp-image-847\" \/>\n<div>\n<h3>Papel<\/h3>\n<\/div>\n<p><\/a><\/li>\n<li><a href=\"https:\/\/www.atul.co.in\/portuguese\/businesses\/colors\/product-search\/?_sfm_colors_product_industry=Food\"><img loading=\"lazy\" decoding=\"async\" src=\"https:\/\/www.atul.co.in\/portuguese\/wp-content\/uploads\/2017\/08\/food.jpg\" alt=\"\" width=\"412\" height=\"354\" class=\"aligncenter size-full wp-image-847\" \/>\n<div>\n<h3>Alimentos<\/h3>\n<\/div>\n<p><\/a><\/li>\n<li><a href=\"https:\/\/www.atul.co.in\/portuguese\/businesses\/colors\/product-search\/?_sfm_colors_product_industry=Leather\"><img loading=\"lazy\" decoding=\"async\" src=\"https:\/\/www.atul.co.in\/portuguese\/wp-content\/uploads\/2017\/08\/leather.jpg\" alt=\"\" width=\"412\" height=\"354\" class=\"aligncenter size-full wp-image-847\" \/>\n<div>\n<h3>Peles<\/h3>\n<\/div>\n<p><\/a><\/li>\n<li><a href=\"https:\/\/www.atul.co.in\/portuguese\/businesses\/colors\/product-search\/?_sfm_colors_product_industry=Dyestuff\"><img loading=\"lazy\" decoding=\"async\" src=\"https:\/\/www.atul.co.in\/portuguese\/wp-content\/uploads\/2017\/08\/dyestuff-1.jpg\" alt=\"\" width=\"412\" height=\"354\" class=\"aligncenter size-full wp-image-847\" \/>\n<div>\n<h3>Corantes<\/h3>\n<\/div>\n<p><\/a><\/li>\n<li><a href=\"https:\/\/www.atul.co.in\/portuguese\/businesses\/colors\/product-search\/?_sfm_colors_product_industry=Construction\"><img loading=\"lazy\" decoding=\"async\" src=\"https:\/\/www.atul.co.in\/portuguese\/wp-content\/uploads\/2017\/08\/construction.jpg\" alt=\"\" width=\"412\" height=\"354\" class=\"aligncenter size-full wp-image-847\" \/>\n<div>\n<h3>Construction<\/h3>\n<\/div>\n<p><\/a><\/li>\n<\/ul>\n<\/div>\n<div class=\"clearfix\">&nbsp;<\/div>\n<\/div>\n<div class=\"clear\"><\/div>\n<div class=\"space20\"><\/div>\n","protected":false},"excerpt":{"rendered":"<p>Servindo clientes em mais de 30 pa\u00edses com um portef\u00f3lio de produtos diversificado T\u00eaxtil Tintas e Revestimentos Pl\u00e1sticos Tintas de Impress\u00e3o Embalagens Aditivos de Combust\u00edvel Papel Alimentos Peles Corantes Construction &nbsp;<\/p>\n","protected":false},"author":1,"featured_media":0,"parent":850,"menu_order":0,"comment_status":"closed","ping_status":"closed","template":"colors-microsite-pages.php","meta":{"_acf_changed":false,"footnotes":"","_links_to":"","_links_to_target":""},"class_list":["post-202","page","type-page","status-publish","hentry"],"acf":[],"yoast_head":"<!-- This site is optimized with the Yoast SEO plugin v26.8 - https:\/\/yoast.com\/product\/yoast-seo-wordpress\/ -->\n<title>Ind\u00fastrias abrangidas | Cores | Atul<\/title>\n<meta name=\"robots\" content=\"index, follow, max-snippet:-1, max-image-preview:large, max-video-preview:-1\" \/>\n<link rel=\"canonical\" href=\"https:\/\/www.atul.co.in\/portuguese\/colors\/industries\/\" \/>\n<meta property=\"og:locale\" content=\"en_US\" \/>\n<meta property=\"og:type\" content=\"article\" \/>\n<meta property=\"og:title\" content=\"Ind\u00fastrias abrangidas | Cores | Atul\" \/>\n<meta property=\"og:description\" content=\"Servindo clientes em mais de 30 pa\u00edses com um portef\u00f3lio de produtos diversificado T\u00eaxtil Tintas e Revestimentos Pl\u00e1sticos Tintas de Impress\u00e3o Embalagens Aditivos de Combust\u00edvel Papel Alimentos Peles Corantes Construction &nbsp;\" \/>\n<meta property=\"og:url\" content=\"https:\/\/www.atul.co.in\/portuguese\/colors\/industries\/\" \/>\n<meta property=\"og:site_name\" content=\"Atul Ltd\" \/>\n<meta property=\"article:modified_time\" content=\"2020-05-20T15:16:03+00:00\" \/>\n<meta property=\"og:image\" content=\"https:\/\/www.atul.co.in\/portuguese\/wp-content\/uploads\/2017\/08\/textile.jpg\" \/>\n<meta name=\"twitter:card\" content=\"summary_large_image\" \/>\n<script type=\"application\/ld+json\" class=\"yoast-schema-graph\">{\"@context\":\"https:\/\/schema.org\",\"@graph\":[{\"@type\":\"WebPage\",\"@id\":\"https:\/\/www.atul.co.in\/portuguese\/colors\/industries\/\",\"url\":\"https:\/\/www.atul.co.in\/portuguese\/colors\/industries\/\",\"name\":\"Ind\u00fastrias abrangidas | Cores | Atul\",\"isPartOf\":{\"@id\":\"http:\/\/13.127.36.189\/portuguese\/#website\"},\"primaryImageOfPage\":{\"@id\":\"https:\/\/www.atul.co.in\/portuguese\/colors\/industries\/#primaryimage\"},\"image\":{\"@id\":\"https:\/\/www.atul.co.in\/portuguese\/colors\/industries\/#primaryimage\"},\"thumbnailUrl\":\"https:\/\/www.atul.co.in\/portuguese\/wp-content\/uploads\/2017\/08\/textile.jpg\",\"datePublished\":\"2017-01-25T08:20:06+00:00\",\"dateModified\":\"2020-05-20T15:16:03+00:00\",\"breadcrumb\":{\"@id\":\"https:\/\/www.atul.co.in\/portuguese\/colors\/industries\/#breadcrumb\"},\"inLanguage\":\"en-US\",\"potentialAction\":[{\"@type\":\"ReadAction\",\"target\":[\"https:\/\/www.atul.co.in\/portuguese\/colors\/industries\/\"]}]},{\"@type\":\"ImageObject\",\"inLanguage\":\"en-US\",\"@id\":\"https:\/\/www.atul.co.in\/portuguese\/colors\/industries\/#primaryimage\",\"url\":\"https:\/\/www.atul.co.in\/portuguese\/wp-content\/uploads\/2017\/08\/textile.jpg\",\"contentUrl\":\"https:\/\/www.atul.co.in\/portuguese\/wp-content\/uploads\/2017\/08\/textile.jpg\"},{\"@type\":\"BreadcrumbList\",\"@id\":\"https:\/\/www.atul.co.in\/portuguese\/colors\/industries\/#breadcrumb\",\"itemListElement\":[{\"@type\":\"ListItem\",\"position\":1,\"name\":\"Home\",\"item\":\"https:\/\/www.atul.co.in\/portuguese\/\"},{\"@type\":\"ListItem\",\"position\":2,\"name\":\"Colors\",\"item\":\"\/\"},{\"@type\":\"ListItem\",\"position\":3,\"name\":\"Ind\u00fastrias\"}]},{\"@type\":\"WebSite\",\"@id\":\"http:\/\/13.127.36.189\/portuguese\/#website\",\"url\":\"http:\/\/13.127.36.189\/portuguese\/\",\"name\":\"Atul Ltd\",\"description\":\"\",\"potentialAction\":[{\"@type\":\"SearchAction\",\"target\":{\"@type\":\"EntryPoint\",\"urlTemplate\":\"http:\/\/13.127.36.189\/portuguese\/?s={search_term_string}\"},\"query-input\":{\"@type\":\"PropertyValueSpecification\",\"valueRequired\":true,\"valueName\":\"search_term_string\"}}],\"inLanguage\":\"en-US\"}]}<\/script>\n<!-- \/ Yoast SEO plugin. -->","yoast_head_json":{"title":"Ind\u00fastrias abrangidas | Cores | Atul","robots":{"index":"index","follow":"follow","max-snippet":"max-snippet:-1","max-image-preview":"max-image-preview:large","max-video-preview":"max-video-preview:-1"},"canonical":"https:\/\/www.atul.co.in\/portuguese\/colors\/industries\/","og_locale":"en_US","og_type":"article","og_title":"Ind\u00fastrias abrangidas | Cores | Atul","og_description":"Servindo clientes em mais de 30 pa\u00edses com um portef\u00f3lio de produtos diversificado T\u00eaxtil Tintas e Revestimentos Pl\u00e1sticos Tintas de Impress\u00e3o Embalagens Aditivos de Combust\u00edvel Papel Alimentos Peles Corantes Construction &nbsp;","og_url":"https:\/\/www.atul.co.in\/portuguese\/colors\/industries\/","og_site_name":"Atul Ltd","article_modified_time":"2020-05-20T15:16:03+00:00","og_image":[{"url":"https:\/\/www.atul.co.in\/portuguese\/wp-content\/uploads\/2017\/08\/textile.jpg","type":"","width":"","height":""}],"twitter_card":"summary_large_image","schema":{"@context":"https:\/\/schema.org","@graph":[{"@type":"WebPage","@id":"https:\/\/www.atul.co.in\/portuguese\/colors\/industries\/","url":"https:\/\/www.atul.co.in\/portuguese\/colors\/industries\/","name":"Ind\u00fastrias abrangidas | Cores | Atul","isPartOf":{"@id":"http:\/\/13.127.36.189\/portuguese\/#website"},"primaryImageOfPage":{"@id":"https:\/\/www.atul.co.in\/portuguese\/colors\/industries\/#primaryimage"},"image":{"@id":"https:\/\/www.atul.co.in\/portuguese\/colors\/industries\/#primaryimage"},"thumbnailUrl":"https:\/\/www.atul.co.in\/portuguese\/wp-content\/uploads\/2017\/08\/textile.jpg","datePublished":"2017-01-25T08:20:06+00:00","dateModified":"2020-05-20T15:16:03+00:00","breadcrumb":{"@id":"https:\/\/www.atul.co.in\/portuguese\/colors\/industries\/#breadcrumb"},"inLanguage":"en-US","potentialAction":[{"@type":"ReadAction","target":["https:\/\/www.atul.co.in\/portuguese\/colors\/industries\/"]}]},{"@type":"ImageObject","inLanguage":"en-US","@id":"https:\/\/www.atul.co.in\/portuguese\/colors\/industries\/#primaryimage","url":"https:\/\/www.atul.co.in\/portuguese\/wp-content\/uploads\/2017\/08\/textile.jpg","contentUrl":"https:\/\/www.atul.co.in\/portuguese\/wp-content\/uploads\/2017\/08\/textile.jpg"},{"@type":"BreadcrumbList","@id":"https:\/\/www.atul.co.in\/portuguese\/colors\/industries\/#breadcrumb","itemListElement":[{"@type":"ListItem","position":1,"name":"Home","item":"https:\/\/www.atul.co.in\/portuguese\/"},{"@type":"ListItem","position":2,"name":"Colors","item":"\/"},{"@type":"ListItem","position":3,"name":"Ind\u00fastrias"}]},{"@type":"WebSite","@id":"http:\/\/13.127.36.189\/portuguese\/#website","url":"http:\/\/13.127.36.189\/portuguese\/","name":"Atul Ltd","description":"","potentialAction":[{"@type":"SearchAction","target":{"@type":"EntryPoint","urlTemplate":"http:\/\/13.127.36.189\/portuguese\/?s={search_term_string}"},"query-input":{"@type":"PropertyValueSpecification","valueRequired":true,"valueName":"search_term_string"}}],"inLanguage":"en-US"}]}},"_links":{"self":[{"href":"https:\/\/www.atul.co.in\/portuguese\/wp-json\/wp\/v2\/pages\/202","targetHints":{"allow":["GET"]}}],"collection":[{"href":"https:\/\/www.atul.co.in\/portuguese\/wp-json\/wp\/v2\/pages"}],"about":[{"href":"https:\/\/www.atul.co.in\/portuguese\/wp-json\/wp\/v2\/types\/page"}],"author":[{"embeddable":true,"href":"https:\/\/www.atul.co.in\/portuguese\/wp-json\/wp\/v2\/users\/1"}],"replies":[{"embeddable":true,"href":"https:\/\/www.atul.co.in\/portuguese\/wp-json\/wp\/v2\/comments?post=202"}],"version-history":[{"count":0,"href":"https:\/\/www.atul.co.in\/portuguese\/wp-json\/wp\/v2\/pages\/202\/revisions"}],"up":[{"embeddable":true,"href":"https:\/\/www.atul.co.in\/portuguese\/wp-json\/wp\/v2\/pages\/850"}],"wp:attachment":[{"href":"https:\/\/www.atul.co.in\/portuguese\/wp-json\/wp\/v2\/media?parent=202"}],"curies":[{"name":"wp","href":"https:\/\/api.w.org\/{rel}","templated":true}]}}