{"id":3749,"date":"2017-06-22T14:35:18","date_gmt":"2017-06-22T14:35:18","guid":{"rendered":"http:\/\/43.242.212.212\/~atulco\/?page_id=3749"},"modified":"2020-03-19T10:47:22","modified_gmt":"2020-03-19T05:17:22","slug":"sustainabilityatulfoundationinstitutions","status":"publish","type":"page","link":"https:\/\/www.atul.co.in\/portuguese\/sustainability\/atulfoundation\/institutions","title":{"rendered":"INSTITUI\u00c7\u00d5ES"},"content":{"rendered":"<div class=\"breadcrumb\"><a href=\"?page_id=175\">Funda\u00e7\u00e3o Atul<\/a> <span>&rsaquo;<\/span>Institui\u00e7\u00f5es<\/div>\n<div class=\"directors\">\n<div class=\"text2\">No momento, a Funda\u00e7\u00e3o Atul est\u00e1 servindo a sociedade atrav\u00e9s das seguintes institui\u00e7\u00f5es:<\/div>\n<div class='content-column one_fourth'><a class=\"fancybox-inline\" href=\"#Institution1\"><img loading=\"lazy\" decoding=\"async\" class=\"aligncenter size-full wp-image-74\" src=\"https:\/\/www.atul.co.in\/portuguese\/wp-content\/uploads\/instutions\/Kalyani-Shala.jpg\" alt=\"\" width=\"226\" height=\"254\" \/>Kalyani Shala<\/a><\/div>\n<div class='content-column one_fourth'><a class=\"fancybox-inline\" href=\"#Institution2\"><img loading=\"lazy\" decoding=\"async\" class=\"aligncenter size-full wp-image-75\" src=\"https:\/\/www.atul.co.in\/portuguese\/wp-content\/uploads\/instutions\/Urmi-Stree-Sanstha.jpg\" alt=\"\" width=\"226\" height=\"254\" \/>Urmi Stree Sanstha<\/a><\/div>\n<div class='content-column one_fourth'><a class=\"fancybox-inline\" href=\"#Institution3\"><img loading=\"lazy\" decoding=\"async\" class=\"aligncenter size-full wp-image-76\" src=\"https:\/\/www.atul.co.in\/portuguese\/wp-content\/uploads\/instutions\/Ulhas.jpg\" alt=\"\" width=\"226\" height=\"254\" \/>Ulhas<\/a><\/div>\n<div class='content-column one_fourth last_column'><a class=\"fancybox-inline\" href=\"#Institution4\"><img loading=\"lazy\" decoding=\"async\" class=\"aligncenter size-full wp-image-77\" src=\"https:\/\/www.atul.co.in\/portuguese\/wp-content\/uploads\/Utkarsh.jpg\" alt=\"\" width=\"226\" height=\"254\" \/>Utkarsha<\/a><\/div><div class='clear_column'><\/div>\n<div class=\"space20\"><\/div>\n<p><\/p>\n<div class='content-column one_fourth'><a class=\"fancybox-inline\" href=\"#Institution5\"><img loading=\"lazy\" decoding=\"async\" class=\"aligncenter size-full wp-image-74\" src=\"https:\/\/www.atul.co.in\/portuguese\/wp-content\/uploads\/instutions\/Atul-Vidyalaya.jpg\" alt=\"\" width=\"226\" height=\"254\" \/>Atul Vidyalaya<\/a><\/div>\n<div class='content-column one_fourth'><a class=\"fancybox-inline\" href=\"#Institution6\"><img loading=\"lazy\" decoding=\"async\" class=\"aligncenter size-full wp-image-75\" src=\"https:\/\/www.atul.co.in\/portuguese\/wp-content\/uploads\/instutions\/Atul-Club.jpg\" alt=\"\" width=\"226\" height=\"254\" \/>Atul Club<\/a><\/div>\n<div class='content-column one_fourth'><a class=\"fancybox-inline\" href=\"#Institution7\"><img loading=\"lazy\" decoding=\"async\" class=\"aligncenter size-full wp-image-76\" src=\"https:\/\/www.atul.co.in\/portuguese\/wp-content\/uploads\/instutions\/Atul-Vidyamandir.jpg\" alt=\"\" width=\"226\" height=\"254\" \/>Atul Vidyamandir<\/a><\/div>\n<div class='content-column one_fourth last_column'><a class=\"fancybox-inline\" href=\"#Institution8\"><img loading=\"lazy\" decoding=\"async\" class=\"aligncenter size-full wp-image-77\" src=\"https:\/\/www.atul.co.in\/portuguese\/wp-content\/uploads\/instutions\/AIVE.jpg\" alt=\"\" width=\"226\" height=\"254\" \/>Atul Institute of Vocational Excellence<\/a><\/div><div class='clear_column'><\/div>\n<div class=\"space20\"><\/div>\n<p><\/p>\n<div class='content-column one_fourth'><a class=\"fancybox-inline\" href=\"#Institution9\"><img decoding=\"async\" src=\"https:\/\/www.atul.co.in\/portuguese\/wp-content\/uploads\/ITI-Khergam.jpg\" alt=\"\"width=\"226\" height=\"254\" class=\"aligncenter size-full wp-image-3895\" srcset=\"https:\/\/www.atul.co.in\/portuguese\/wp-content\/uploads\/ITI-Khergam.jpg 412w, https:\/\/www.atul.co.in\/portuguese\/wp-content\/uploads\/ITI-Khergam-60x52.jpg 60w\" sizes=\"(max-width: 412px) 100vw, 412px\" \/>Industrial Training Institutes<br \/> (Khergam and Sagbara)<\/a><\/div>\n<div class='content-column one_fourth'><\/div>\n<div class='content-column one_fourth'><\/div>\n<div class='content-column one_fourth last_column'><\/div><div class='clear_column'><\/div>\n<\/p>\n<\/div>\n<p> <!--eof nondirectors-->\n<\/div>\n<p> <!--eof directors--><\/p>\n<div style=\"display: none;\">\n<div id=\"Institution1\">\n<div class=\"popupcontent\">\n<div class=\"\">\n<h2>Kalyani Shala<\/h2>\n<p><strong>Fundada em:<\/strong> 1953<br \/> <br \/>\n<strong>Gerenciada por:<\/strong> Atul Kelavni Mandal<br \/> <br \/>\n<strong>Sobre:<\/strong> Kalyani Shala \u00e9 uma escola particular assistida que fornece educa\u00e7\u00e3o de qualidade e acess\u00edvel a crian\u00e7as pertencentes a Atul e aldeias vizinhas. As aulas s\u00e3o oferecidas do Jardim de Inf\u00e2ncia ao 12\u00ba ano, sendo que o meio de ensino \u00e9 em guzarate. Atualmente, a escola possui 1.747 alunos.\n<\/div>\n<div class=\"clear\"><\/div>\n<\/div>\n<\/div>\n<\/div>\n<div style=\"display: none;\">\n<div id=\"Institution2\">\n<div class=\"popupcontent\">\n<div class=\"\">\n<h2>Urmi Stree Sanstha<\/h2>\n<p><strong>Fundada em:<\/strong> 1953<br \/> <br \/>\n<strong>Gerenciada por:<\/strong> Aaranyak Urmi Ltd<br \/> <br \/>\n<strong>Sobre:<\/strong> Desde a sua cria\u00e7\u00e3o em 1953, Urmi se esfor\u00e7a para criar uma comunidade de mulheres e envolv\u00ea-las em atividades importantes para ajud\u00e1-las a se tornarem autossuficientes, superar disparidades e discrimina\u00e7\u00e3o com base em castas, credos e religi\u00e3o, promover intera\u00e7\u00f5es saud\u00e1veis e discuss\u00f5es significativas.\n<\/div>\n<div class=\"clear\"><\/div>\n<\/div>\n<\/div>\n<\/div>\n<div style=\"display: none;\">\n<div id=\"Institution3\">\n<div class=\"popupcontent\">\n<div class=\"\">\n<h2>Ulhas<\/h2>\n<p><strong>Fundada em:<\/strong> 1961 <br \/> <br \/>\n<strong>Gerenciada por:<\/strong> Funda\u00e7\u00e3o Atul<br \/> <br \/>\n<strong>Sobre:<\/strong> Ulhas \u00e9 uma organiza\u00e7\u00e3o criada para promover a sa\u00fade e o bem-estar dos moradores de Atul e aldeias vizinhas. Organiza torneios de cr\u00edquete, competi\u00e7\u00f5es de v\u00f4lei e maratonas entre as vilas.\n<\/div>\n<div class=\"clear\"><\/div>\n<\/div>\n<\/div>\n<\/div>\n<div style=\"display: none;\">\n<div id=\"Institution4\">\n<div class=\"popupcontent\">\n<div class=\"\">\n<h2>Utkarsha<\/h2>\n<p><strong>Fundada em:<\/strong> 1965<br \/> <br \/>\n<strong>Gerenciada por:<\/strong> Fundo  Funda\u00e7\u00e3o Atul<br \/> <br \/>\n<strong>Sobre:<\/strong> Utkarsha \u00e9 uma organiza\u00e7\u00e3o criada como uma plataforma para promover programas sociais e culturais aos moradores de Atul e aldeias vizinhas. Organiza competi\u00e7\u00f5es de m\u00fasica e dan\u00e7a, feiras anuais de divers\u00e3o e eventos culturais.\n<\/div>\n<div class=\"clear\"><\/div>\n<\/div>\n<\/div>\n<\/div>\n<div style=\"display: none;\">\n<div id=\"Institution5\">\n<div class=\"popupcontent\">\n<div class=\"\">\n<h2>Atul Vidyalaya<\/h2>\n<p><strong>Fundada em:<\/strong> 1991<br \/> <br \/>\n<strong>Gerenciada por:<\/strong> Fundo Atul Vidyalaya<br \/> <br \/>\n<strong>Sobre:<\/strong> Atul Vidyalaya \u00e9 uma escola particular sem assist\u00eancia que oferece educa\u00e7\u00e3o de qualidade a crian\u00e7as pertencentes a Atul e cidades | aldeias vizinhas. As aulas s\u00e3o oferecidas do jardim de inf\u00e2ncia ao 12\u00ba e o modo de ensino \u00e9 em ingl\u00eas. Atualmente, a escola possui 1.134 alunos.\n<\/div>\n<div class=\"clear\"><\/div>\n<\/div>\n<\/div>\n<\/div>\n<div style=\"display: none;\">\n<div id=\"Institution6\">\n<div class=\"popupcontent\">\n<div class=\"\">\n<h2>Atul Club<\/h2>\n<p><strong>Fundada em:<\/strong> 1995 <br \/> <br \/>\n<strong>Gerenciada por:<\/strong> Fundo Atul Club<br \/> <br \/>\n<strong>Sobre:<\/strong> O Atul Club \u00e9 uma organiza\u00e7\u00e3o que fornece instala\u00e7\u00f5es esportivas e recreativas de qualidade aos moradores de Atul e cidades | aldeias vizinhas. O clube est\u00e1 equipado com instala\u00e7\u00f5es de badminton, nata\u00e7\u00e3o, t\u00eanis de mesa, bilhar e squash.\n<\/div>\n<div class=\"clear\"><\/div>\n<\/div>\n<\/div>\n<\/div>\n<div style=\"display: none;\">\n<div id=\"Institution7\">\n<div class=\"popupcontent\">\n<div class=\"\">\n<h2>Atul Vidyamandir<\/h2>\n<p><strong>Fundada em:<\/strong> 2009<br \/> <br \/>\n<strong>Gerenciada por:<\/strong> Fundo Atul Vidyalaya<br \/> <br \/>\n<strong>Sobre:<\/strong> Atul Vidyamandir \u00e9 uma escola residencial no molde Eklavya adotada sob o modelo de parceria p\u00fablico-privada com o governo de Gujarat. As aulas s\u00e3o oferecidos do 6\u00ba ao 10\u00ba ano e o modo de ensino \u00e9 em guzarate. A escola atende apenas meninos e meninas tribais e tamb\u00e9m fornece instala\u00e7\u00f5es residenciais. Atualmente, a escola possui 301 alunos.\n<\/div>\n<div class=\"clear\"><\/div>\n<\/div>\n<\/div>\n<\/div>\n<div style=\"display: none;\">\n<div id=\"Institution8\">\n<div class=\"popupcontent\">\n<div class=\"\">\n<h2>Instituto Atul de Excel\u00eancia Profissional<\/h2>\n<p><strong>Fundada em:<\/strong> 2011<br \/> <br \/>\n<strong>Gerenciada por:<\/strong> Fundo de Desenvolvimento Rural de Atul<br \/> <br \/>\n<strong>Sobre:<\/strong> O Instituto Atul de Excel\u00eancia Profissional \u00e9 um centro de forma\u00e7\u00e3o profissional operando sob o modelo de parceria p\u00fablico-privada com o governo de Gujarat. O instituto capacita meninos e meninas tribais em v\u00e1rias voca\u00e7\u00f5es e tamb\u00e9m lhes oferece oportunidades de emprego. Empenha-se em capacitar 7.600 alunos tribais ao longo de um per\u00edodo de 7 anos.\n<\/div>\n<div class=\"clear\"><\/div>\n<\/div>\n<\/div>\n<\/div>\n<div style=\"display: none;\">\n<div id=\"Institution9\">\n<div class=\"popupcontent\">\n<div class=\"\">\n<h2>Institutos de forma\u00e7\u00e3o industrial (Khergam, Sagbara, Ankleshwar and Bilimora)<\/h2>\n<p><strong>Fundada em:<\/strong> 2011 and 2017<br \/> <br \/>\n<strong>Gerenciada por:<\/strong> Atul Ltd<br \/> <br \/>\n<strong>Sobre:<\/strong> Os dois institutos de educa\u00e7\u00e3o industrial (IEIs) operam no modelo de parceria p\u00fablico-privada com o governo de Gujarat. Os IEIs oferecem cursos de forma\u00e7\u00e3o com dura\u00e7\u00e3o de 1 ou 2 anos em uma variedade de voca\u00e7\u00f5es, sendo os alunos tribais o principal p\u00fablico-alvo.\n<\/div>\n<div class=\"clear\"><\/div>\n<\/div>\n<\/div>\n<\/div>\n","protected":false},"excerpt":{"rendered":"<p>Funda\u00e7\u00e3o Atul &rsaquo;Institui\u00e7\u00f5es No momento, a Funda\u00e7\u00e3o Atul est\u00e1 servindo a sociedade atrav\u00e9s das seguintes institui\u00e7\u00f5es: Kalyani Shala Fundada em: 1953 Gerenciada por: Atul Kelavni Mandal Sobre: Kalyani Shala \u00e9 uma escola particular assistida que fornece educa\u00e7\u00e3o de qualidade e<span class=\"ellipsis\">&hellip;<\/span><\/p>\n<div class=\"read-more\"><a href=\"https:\/\/www.atul.co.in\/portuguese\/sustainability\/atulfoundation\/institutions\">Read more &#8250;<\/a><\/div>\n<p><!-- end of .read-more --><\/p>\n","protected":false},"author":1,"featured_media":5586,"parent":0,"menu_order":0,"comment_status":"closed","ping_status":"closed","template":"","meta":{"_acf_changed":false,"footnotes":"","_links_to":"","_links_to_target":""},"class_list":["post-3749","page","type-page","status-publish","has-post-thumbnail","hentry"],"acf":[],"yoast_head":"<!-- This site is optimized with the Yoast SEO plugin v26.8 - https:\/\/yoast.com\/product\/yoast-seo-wordpress\/ -->\n<title>INSTITUI\u00c7\u00d5ES | Funda\u00e7\u00e3o Atul<\/title>\n<meta name=\"robots\" content=\"index, follow, max-snippet:-1, max-image-preview:large, max-video-preview:-1\" \/>\n<link rel=\"canonical\" href=\"https:\/\/www.atul.co.in\/portuguese\/sustainability\/atulfoundation\/institutions\/\" \/>\n<meta property=\"og:locale\" content=\"en_US\" \/>\n<meta property=\"og:type\" content=\"article\" \/>\n<meta property=\"og:title\" content=\"INSTITUI\u00c7\u00d5ES | Funda\u00e7\u00e3o Atul\" \/>\n<meta property=\"og:description\" content=\"Funda\u00e7\u00e3o Atul &rsaquo;Institui\u00e7\u00f5es No momento, a Funda\u00e7\u00e3o Atul est\u00e1 servindo a sociedade atrav\u00e9s das seguintes institui\u00e7\u00f5es: Kalyani Shala Fundada em: 1953 Gerenciada por: Atul Kelavni Mandal Sobre: Kalyani Shala \u00e9 uma escola particular assistida que fornece educa\u00e7\u00e3o de qualidade e&hellip;Read more &#8250;\" \/>\n<meta property=\"og:url\" content=\"https:\/\/www.atul.co.in\/portuguese\/sustainability\/atulfoundation\/institutions\/\" \/>\n<meta property=\"og:site_name\" content=\"Atul Ltd\" \/>\n<meta property=\"article:modified_time\" content=\"2020-03-19T05:17:22+00:00\" \/>\n<meta property=\"og:image\" content=\"https:\/\/www.atul.co.in\/portuguese\/wp-content\/uploads\/2017\/01\/atul-foundation-3.jpg\" \/>\n\t<meta property=\"og:image:width\" content=\"1250\" \/>\n\t<meta property=\"og:image:height\" content=\"335\" \/>\n\t<meta property=\"og:image:type\" content=\"image\/jpeg\" \/>\n<meta name=\"twitter:card\" content=\"summary_large_image\" \/>\n<meta name=\"twitter:label1\" content=\"Est. reading time\" \/>\n\t<meta name=\"twitter:data1\" content=\"3 minutes\" \/>\n<script type=\"application\/ld+json\" class=\"yoast-schema-graph\">{\"@context\":\"https:\/\/schema.org\",\"@graph\":[{\"@type\":\"WebPage\",\"@id\":\"https:\/\/www.atul.co.in\/portuguese\/sustainability\/atulfoundation\/institutions\/\",\"url\":\"https:\/\/www.atul.co.in\/portuguese\/sustainability\/atulfoundation\/institutions\/\",\"name\":\"INSTITUI\u00c7\u00d5ES | Funda\u00e7\u00e3o Atul\",\"isPartOf\":{\"@id\":\"http:\/\/13.127.36.189\/portuguese\/#website\"},\"primaryImageOfPage\":{\"@id\":\"https:\/\/www.atul.co.in\/portuguese\/sustainability\/atulfoundation\/institutions\/#primaryimage\"},\"image\":{\"@id\":\"https:\/\/www.atul.co.in\/portuguese\/sustainability\/atulfoundation\/institutions\/#primaryimage\"},\"thumbnailUrl\":\"https:\/\/www.atul.co.in\/portuguese\/wp-content\/uploads\/2017\/01\/atul-foundation-3.jpg\",\"datePublished\":\"2017-06-22T14:35:18+00:00\",\"dateModified\":\"2020-03-19T05:17:22+00:00\",\"breadcrumb\":{\"@id\":\"https:\/\/www.atul.co.in\/portuguese\/sustainability\/atulfoundation\/institutions\/#breadcrumb\"},\"inLanguage\":\"en-US\",\"potentialAction\":[{\"@type\":\"ReadAction\",\"target\":[\"https:\/\/www.atul.co.in\/portuguese\/sustainability\/atulfoundation\/institutions\/\"]}]},{\"@type\":\"ImageObject\",\"inLanguage\":\"en-US\",\"@id\":\"https:\/\/www.atul.co.in\/portuguese\/sustainability\/atulfoundation\/institutions\/#primaryimage\",\"url\":\"https:\/\/www.atul.co.in\/portuguese\/wp-content\/uploads\/2017\/01\/atul-foundation-3.jpg\",\"contentUrl\":\"https:\/\/www.atul.co.in\/portuguese\/wp-content\/uploads\/2017\/01\/atul-foundation-3.jpg\",\"width\":1250,\"height\":335},{\"@type\":\"BreadcrumbList\",\"@id\":\"https:\/\/www.atul.co.in\/portuguese\/sustainability\/atulfoundation\/institutions\/#breadcrumb\",\"itemListElement\":[{\"@type\":\"ListItem\",\"position\":1,\"name\":\"Home\",\"item\":\"https:\/\/www.atul.co.in\/portuguese\/\"},{\"@type\":\"ListItem\",\"position\":2,\"name\":\"INSTITUI\u00c7\u00d5ES\"}]},{\"@type\":\"WebSite\",\"@id\":\"http:\/\/13.127.36.189\/portuguese\/#website\",\"url\":\"http:\/\/13.127.36.189\/portuguese\/\",\"name\":\"Atul Ltd\",\"description\":\"\",\"potentialAction\":[{\"@type\":\"SearchAction\",\"target\":{\"@type\":\"EntryPoint\",\"urlTemplate\":\"http:\/\/13.127.36.189\/portuguese\/?s={search_term_string}\"},\"query-input\":{\"@type\":\"PropertyValueSpecification\",\"valueRequired\":true,\"valueName\":\"search_term_string\"}}],\"inLanguage\":\"en-US\"}]}<\/script>\n<!-- \/ Yoast SEO plugin. -->","yoast_head_json":{"title":"INSTITUI\u00c7\u00d5ES | Funda\u00e7\u00e3o Atul","robots":{"index":"index","follow":"follow","max-snippet":"max-snippet:-1","max-image-preview":"max-image-preview:large","max-video-preview":"max-video-preview:-1"},"canonical":"https:\/\/www.atul.co.in\/portuguese\/sustainability\/atulfoundation\/institutions\/","og_locale":"en_US","og_type":"article","og_title":"INSTITUI\u00c7\u00d5ES | Funda\u00e7\u00e3o Atul","og_description":"Funda\u00e7\u00e3o Atul &rsaquo;Institui\u00e7\u00f5es No momento, a Funda\u00e7\u00e3o Atul est\u00e1 servindo a sociedade atrav\u00e9s das seguintes institui\u00e7\u00f5es: Kalyani Shala Fundada em: 1953 Gerenciada por: Atul Kelavni Mandal Sobre: Kalyani Shala \u00e9 uma escola particular assistida que fornece educa\u00e7\u00e3o de qualidade e&hellip;Read more &#8250;","og_url":"https:\/\/www.atul.co.in\/portuguese\/sustainability\/atulfoundation\/institutions\/","og_site_name":"Atul Ltd","article_modified_time":"2020-03-19T05:17:22+00:00","og_image":[{"width":1250,"height":335,"url":"https:\/\/www.atul.co.in\/portuguese\/wp-content\/uploads\/2017\/01\/atul-foundation-3.jpg","type":"image\/jpeg"}],"twitter_card":"summary_large_image","twitter_misc":{"Est. reading time":"3 minutes"},"schema":{"@context":"https:\/\/schema.org","@graph":[{"@type":"WebPage","@id":"https:\/\/www.atul.co.in\/portuguese\/sustainability\/atulfoundation\/institutions\/","url":"https:\/\/www.atul.co.in\/portuguese\/sustainability\/atulfoundation\/institutions\/","name":"INSTITUI\u00c7\u00d5ES | Funda\u00e7\u00e3o Atul","isPartOf":{"@id":"http:\/\/13.127.36.189\/portuguese\/#website"},"primaryImageOfPage":{"@id":"https:\/\/www.atul.co.in\/portuguese\/sustainability\/atulfoundation\/institutions\/#primaryimage"},"image":{"@id":"https:\/\/www.atul.co.in\/portuguese\/sustainability\/atulfoundation\/institutions\/#primaryimage"},"thumbnailUrl":"https:\/\/www.atul.co.in\/portuguese\/wp-content\/uploads\/2017\/01\/atul-foundation-3.jpg","datePublished":"2017-06-22T14:35:18+00:00","dateModified":"2020-03-19T05:17:22+00:00","breadcrumb":{"@id":"https:\/\/www.atul.co.in\/portuguese\/sustainability\/atulfoundation\/institutions\/#breadcrumb"},"inLanguage":"en-US","potentialAction":[{"@type":"ReadAction","target":["https:\/\/www.atul.co.in\/portuguese\/sustainability\/atulfoundation\/institutions\/"]}]},{"@type":"ImageObject","inLanguage":"en-US","@id":"https:\/\/www.atul.co.in\/portuguese\/sustainability\/atulfoundation\/institutions\/#primaryimage","url":"https:\/\/www.atul.co.in\/portuguese\/wp-content\/uploads\/2017\/01\/atul-foundation-3.jpg","contentUrl":"https:\/\/www.atul.co.in\/portuguese\/wp-content\/uploads\/2017\/01\/atul-foundation-3.jpg","width":1250,"height":335},{"@type":"BreadcrumbList","@id":"https:\/\/www.atul.co.in\/portuguese\/sustainability\/atulfoundation\/institutions\/#breadcrumb","itemListElement":[{"@type":"ListItem","position":1,"name":"Home","item":"https:\/\/www.atul.co.in\/portuguese\/"},{"@type":"ListItem","position":2,"name":"INSTITUI\u00c7\u00d5ES"}]},{"@type":"WebSite","@id":"http:\/\/13.127.36.189\/portuguese\/#website","url":"http:\/\/13.127.36.189\/portuguese\/","name":"Atul Ltd","description":"","potentialAction":[{"@type":"SearchAction","target":{"@type":"EntryPoint","urlTemplate":"http:\/\/13.127.36.189\/portuguese\/?s={search_term_string}"},"query-input":{"@type":"PropertyValueSpecification","valueRequired":true,"valueName":"search_term_string"}}],"inLanguage":"en-US"}]}},"_links":{"self":[{"href":"https:\/\/www.atul.co.in\/portuguese\/wp-json\/wp\/v2\/pages\/3749","targetHints":{"allow":["GET"]}}],"collection":[{"href":"https:\/\/www.atul.co.in\/portuguese\/wp-json\/wp\/v2\/pages"}],"about":[{"href":"https:\/\/www.atul.co.in\/portuguese\/wp-json\/wp\/v2\/types\/page"}],"author":[{"embeddable":true,"href":"https:\/\/www.atul.co.in\/portuguese\/wp-json\/wp\/v2\/users\/1"}],"replies":[{"embeddable":true,"href":"https:\/\/www.atul.co.in\/portuguese\/wp-json\/wp\/v2\/comments?post=3749"}],"version-history":[{"count":0,"href":"https:\/\/www.atul.co.in\/portuguese\/wp-json\/wp\/v2\/pages\/3749\/revisions"}],"wp:featuredmedia":[{"embeddable":true,"href":"https:\/\/www.atul.co.in\/portuguese\/wp-json\/wp\/v2\/media\/5586"}],"wp:attachment":[{"href":"https:\/\/www.atul.co.in\/portuguese\/wp-json\/wp\/v2\/media?parent=3749"}],"curies":[{"name":"wp","href":"https:\/\/api.w.org\/{rel}","templated":true}]}}