{"id":3751,"date":"2017-06-22T14:36:30","date_gmt":"2017-06-22T14:36:30","guid":{"rendered":"http:\/\/43.242.212.212\/~atulco\/?page_id=3751"},"modified":"2020-04-14T14:03:35","modified_gmt":"2020-04-14T08:33:35","slug":"sustainabilityatulfoundationprograms","status":"publish","type":"page","link":"https:\/\/www.atul.co.in\/portuguese\/sustainability\/atulfoundation\/programs","title":{"rendered":"PROGRAMAS"},"content":{"rendered":"<div class=\"breadcrumb\"><a href=\"?page_id=175\">Funda\u00e7\u00e3o Atul<\/a> <span>&rsaquo;<\/span>Programas<\/div>\n<p align=\"center\">\n<div class=\"about-text\"><a href=\"https:\/\/www.atulfoundation.org\/\" target=\"_blank\" rel=\"noopener noreferrer\"><strong>Funda\u00e7\u00e3o Atul<\/strong><\/a> atividades relacionadas ao servi\u00e7o da sociedade sob o mesmo guarda-chuva. A Funda\u00e7\u00e3o realiza projetos | atividades, amplamente abrangidas por seis programas: Educa\u00e7\u00e3o, empoderamento, sa\u00fade, assist\u00eancia, conserva\u00e7\u00e3o e infraestrutura. Embora hoje esses programas estejam focados na \u00cdndia, a Atul se esfor\u00e7ar\u00e1 para estabelecer essas organiza\u00e7\u00f5es nos pa\u00edses em que atua para servir a sociedade nesses pa\u00edses. Em \u00faltima an\u00e1lise, o que vem da sociedade deve voltar a ela muitas vezes.<\/div>\n<\/p>\n<div class=\"space25\"><\/div>\n<div class=\"space25\"><\/div>\n<div class=\"container\"><center><div class='content-column one_half'><img loading=\"lazy\" decoding=\"async\" src=\"https:\/\/www.atul.co.in\/portuguese\/wp-content\/uploads\/2017\/08\/open-book1.png\" alt=\"\" width=\"64\" height=\"64\" class=\"aligncenter size-full wp-image-4807\" srcset=\"https:\/\/www.atul.co.in\/portuguese\/wp-content\/uploads\/2017\/08\/open-book1.png 64w, https:\/\/www.atul.co.in\/portuguese\/wp-content\/uploads\/2017\/08\/open-book1-60x60.png 60w\" sizes=\"auto, (max-width: 64px) 100vw, 64px\" \/><\/p>\n<h5 style=\"letter-spacing:2px; color:#8da79d;\">EDUCA\u00c7\u00c3O<\/h5>\n<div class=\"arrow-list-space\">\n<ul class=\"arrow-list\" style=\"margin:0 25px 0 0;\">\n<li>Em Kalyani Shala, proporcionou a 1.561 alunos<\/li>\n<li>Proporcionou educa\u00e7\u00e3o por 63\u00a0Atul Adhyapikas\u00a0em 62 escolas prim\u00e1rias<\/li>\n<li>Apoiou 30 filhos de trabalhadores das salinas para se prepararem para o exame do Comit\u00e9 Cient\u00edfico Diretor<\/li>\n<li>Facilitou o ensino com a ajuda de cinco &#8216;tablets&#8217; com aplica\u00e7\u00f5es especialmente desenvolvidas a 120 crian\u00e7as de uma escola prim\u00e1ria numa aldeia rural<\/li>\n<li>Proporcionou melhores instala\u00e7\u00f5es para a educa\u00e7\u00e3o de 240 crian\u00e7as<\/li>\n<li>Preservou manuscritos<\/li>\n<li>Promo\u00e7\u00e3o e documenta\u00e7\u00e3o do conhecimento e cultura tradicionais<\/li>\n<li>Proporcionou bolsas a quatro estudantes<\/li>\n<li>Promoveu atividades de investiga\u00e7\u00e3o entre estudantes do ICT<\/li>\n<li>Ajudou 3 322 estudantes de 30 escolas prim\u00e1rias com material de estudo<\/li>\n<li>Proporcionou alimenta\u00e7\u00e3o nutritiva a 92 estudantes de um ashram shala<\/li>\n<li>Criou uma biblioteca escolar, beneficiando 236 estudantes<\/li>\n<li>Proporcionou tr\u00eas computadores e um professor de inform\u00e1tica a 236 alunos de uma escola<\/li>\n<li>Partilhou aprendizagem inform\u00e1tica com 270 estudantes<\/li>\n<\/ul>\n<\/div>\n<p><\/div><div class='content-column one_half last_column'><img loading=\"lazy\" decoding=\"async\" src=\"https:\/\/www.atul.co.in\/portuguese\/wp-content\/uploads\/2017\/08\/candle2.png\" alt=\"\" width=\"64\" height=\"64\" class=\"aligncenter size-full wp-image-4808\" srcset=\"https:\/\/www.atul.co.in\/portuguese\/wp-content\/uploads\/2017\/08\/candle2.png 64w, https:\/\/www.atul.co.in\/portuguese\/wp-content\/uploads\/2017\/08\/candle2-60x60.png 60w\" sizes=\"auto, (max-width: 64px) 100vw, 64px\" \/><\/p>\n<h5 style=\"letter-spacing:2px; color:#8da79d;\">EMPODERAMENTO<\/h5>\n<div class=\"arrow-list-space\">\n<ul class=\"arrow-list\" style=\"margin:0 25px 0 0;\">\n<li>Formou 794 estudantes para usarem a m\u00e1quina de costura industrial<\/li>\n<li>Treinou 177 estudantes como operadores de inser\u00e7\u00e3o de dados e gestores de conta<\/li>\n<li>Formou 152 estudantes como eletricistas<\/li>\n<li>Formou 90 estudantes para repararem telem\u00f3veis<\/li>\n<li>Formou 63 estudantes para repararem computadores<\/li>\n<li>Formou 62 estudantes como auxiliares domicili\u00e1rios<\/li>\n<li>Formou 54 estudantes como t\u00e9cnicos de refrigera\u00e7\u00e3o e ar condicionado <\/li>\n<li>Formou 47 estudantes como auxiliares de processamento fabril<\/li>\n<li>Formou 33 estudantes como soldadores<\/li>\n<li>Formou 13 estudantes em servi\u00e7os de limpeza<\/li>\n<li>Formou 12 estudantes como operadores de escavadoras<\/li>\n<li>Formou 180 estudantes em compet\u00eancias inform\u00e1ticas b\u00e1sicas e 79 estudantes em ingl\u00eas<\/li>\n<li>Capacitou 300 cegos atrav\u00e9s da forma\u00e7\u00e3o em compet\u00eancias vitais<\/li>\n<li>Formou 130 mulheres em vestu\u00e1rio artesanal e feitura de bonecos, beleza e cabeleireiro e produ\u00e7\u00e3o de especiarias<\/li>\n<li>Proporcionou forma\u00e7\u00e3o e emprego a 393 jovens de Atul, muito acima das imposi\u00e7\u00f5es legais ao abrigo da Lei dos Aprendizes<\/li>\n<\/ul>\n<\/div><\/div><div class='clear_column'><\/div>\n<div class=\"desktop space25\"><\/div>\n<div class='content-column one_half'><img loading=\"lazy\" decoding=\"async\" src=\"https:\/\/www.atul.co.in\/portuguese\/wp-content\/uploads\/2017\/08\/cross1.png\" alt=\"\" width=\"64\" height=\"64\" class=\"aligncenter size-full wp-image-4810\" srcset=\"https:\/\/www.atul.co.in\/portuguese\/wp-content\/uploads\/2017\/08\/cross1.png 64w, https:\/\/www.atul.co.in\/portuguese\/wp-content\/uploads\/2017\/08\/cross1-60x60.png 60w\" sizes=\"auto, (max-width: 64px) 100vw, 64px\" \/><\/p>\n<h5 style=\"letter-spacing:2px; color:#8da79d;\">SA\u00daDE<\/h5>\n<div class=\"arrow-list-space\">\n<ul class=\"arrow-list\" style=\"margin:0 25px 0 0;\">\n<li>Construiu banheiros dom\u00e9sticos individuais para 1.500 fam\u00edlias<\/li>\n<li>Recolheu 2 208 unidades de sangue atrav\u00e9s de 27 campos de colheita de sangue<\/li>\n<li>Organised 11 eye camps benefitting 4,151 patients of whom 3,319 were provided with spectacles, 397 were diagnosed with cataract and 171 of them were operated<\/li>\n<li>Forneceu membros artificiais a 140 pessoas com defici\u00eancia f\u00edsica<\/li>\n<li>Realizou campanhas de sensibiliza\u00e7\u00e3o entre 1 421 estudantes a respeito da anemia, dos quais 681 estudantes an\u00e9micos receberam comprimidos de \u00c1cido F\u00f3lico<\/li>\n<li>Instalou instala\u00e7\u00f5es de \u00e1gua pot\u00e1vel para 6000 estudantes e 1000 pacientes<\/li>\n<li>Facilitou o acesso a instala\u00e7\u00e3o de an\u00e1lise de sangue de baixo custo para alde\u00f5es<\/li>\n<li>Forneceu 200 unidades de sangue a pacientes desfavorecidos, carentes e necessitados<\/li>\n<li>Forneceu equipamento desportivo a 2,285 estudantes<\/li>\n<li>Proporcionou melhores infraestruturas e equipamento de desporto \u00e0s escolas e \u00e0 comunidade em Atul e arredores<\/li>\n<\/ul>\n<\/div><\/div><div class='content-column one_half last_column'><img loading=\"lazy\" decoding=\"async\" src=\"https:\/\/www.atul.co.in\/portuguese\/wp-content\/uploads\/2017\/08\/care1.png\" alt=\"\" width=\"64\" height=\"64\" class=\"aligncenter size-full wp-image-4811\" srcset=\"https:\/\/www.atul.co.in\/portuguese\/wp-content\/uploads\/2017\/08\/care1.png 64w, https:\/\/www.atul.co.in\/portuguese\/wp-content\/uploads\/2017\/08\/care1-60x60.png 60w\" sizes=\"auto, (max-width: 64px) 100vw, 64px\" \/><\/p>\n<h5 style=\"letter-spacing:2px; color:#8da79d;\">ASSIST\u00caNCIA<\/h5>\n<div class=\"arrow-list-space\">\n<ul class=\"arrow-list\" style=\"margin:0 25px 0 0;\">\n<li>Apoiou 72 agricultores com kits agr\u00edcolas gratuitos e fertilizadores por tarifas subsidiadas<\/li>\n<li>Apoiou cinco pacientes com ajuda financeira para o tratamento de doen\u00e7as graves<\/li>\n<li>Forneceu 648 unidades de sangue a 59 doentes de talassemia<\/li>\n<li>Apoiou 20 pacientes de cancro com tratamento m\u00e9dico avan\u00e7ado<\/li>\n<li>Forneceu &#8216;relief kits&#8217; a 500 fam\u00edlias<\/li>\n<\/ul>\n<\/div><\/div><div class='clear_column'><\/div>\n<div class=\"desktop space25\"><\/div>\n<div class='content-column one_half'><img loading=\"lazy\" decoding=\"async\" src=\"https:\/\/www.atul.co.in\/portuguese\/wp-content\/uploads\/2017\/08\/building.png\" alt=\"\" width=\"64\" height=\"64\" class=\"aligncenter size-full wp-image-4809\" srcset=\"https:\/\/www.atul.co.in\/portuguese\/wp-content\/uploads\/2017\/08\/building.png 64w, https:\/\/www.atul.co.in\/portuguese\/wp-content\/uploads\/2017\/08\/building-60x60.png 60w\" sizes=\"auto, (max-width: 64px) 100vw, 64px\" \/><\/p>\n<h5 style=\"letter-spacing:2px; color:#8da79d;\">INFRAESTRUTURA<\/h5>\n<div class=\"arrow-list-space\">\n<ul class=\"arrow-list\" style=\"margin:0 25px 0 0;\">\n<li>Proporcionou apoio para construir uma institui\u00e7\u00e3o<\/li>\n<li>Renovou estradas, beneficiando 4.800 habitantes<\/li>\n<li>Instalou ilumina\u00e7\u00e3o p\u00fablica, beneficiando 5,180 alde\u00f5es<\/li>\n<li>Construiu uma estrada pavimentada, beneficiando 5,131 alde\u00f5es<\/li>\n<li>Participou num esquema da Sujlam Suflam de reenchimento de um lago, beneficiando 17,430 alde\u00f5es<\/li>\n<li>Construiu telhados em salas de aula, beneficiando 412 estudantes<\/li>\n<li>Construiu cisternas, beneficiando 462 estudantes<\/li>\n<li>Erigiu um alpendre, beneficiando 125 estudantes <\/li>\n<li>Renovou uma creche rural, beneficiando 111 crian\u00e7as<\/li>\n<li>Construiu casas de banho, beneficiando 839 estudantes<\/li>\n<li>Construiu instala\u00e7\u00f5es que beneficiaram 900 alde\u00f5es<\/li>\n<\/ul>\n<\/div><\/div><div class='content-column one_half last_column'><img loading=\"lazy\" decoding=\"async\" src=\"https:\/\/www.atul.co.in\/portuguese\/wp-content\/uploads\/2017\/08\/sprout1.png\" alt=\"\" width=\"64\" height=\"64\" class=\"aligncenter size-full wp-image-4806\" srcset=\"https:\/\/www.atul.co.in\/portuguese\/wp-content\/uploads\/2017\/08\/sprout1.png 64w, https:\/\/www.atul.co.in\/portuguese\/wp-content\/uploads\/2017\/08\/sprout1-60x60.png 60w\" sizes=\"auto, (max-width: 64px) 100vw, 64px\" \/><\/p>\n<h5 style=\"letter-spacing:2px; color:#8da79d;\">CONSERVA\u00c7\u00c3O<\/h5>\n<div class=\"arrow-list-space\">\n<ul class=\"arrow-list\" style=\"margin:0 25px 0 0;\">\n<li>Plantou 4,020 \u00e1rvores<\/li>\n<li>Plantou 480 \u00e1rvores aut\u00f3ctones<\/li>\n<li>Permitiu um menor consumo de madeira<\/li>\n<p> \t<!--\n\n<li>Planted <span class=\"number\">53,000<\/span> trees<\/li>\n\n-->\n<\/ul>\n<\/div><\/div><div class='clear_column'><\/div><\/center><\/p>\n<div class=\"space25\"><\/div>\n<div class=\"space25\"><\/div>\n<\/div>\n","protected":false},"excerpt":{"rendered":"<p>Funda\u00e7\u00e3o Atul &rsaquo;Programas Funda\u00e7\u00e3o Atul atividades relacionadas ao servi\u00e7o da sociedade sob o mesmo guarda-chuva. A Funda\u00e7\u00e3o realiza projetos | atividades, amplamente abrangidas por seis programas: Educa\u00e7\u00e3o, empoderamento, sa\u00fade, assist\u00eancia, conserva\u00e7\u00e3o e infraestrutura. Embora hoje esses programas estejam focados na<span class=\"ellipsis\">&hellip;<\/span><\/p>\n<div class=\"read-more\"><a href=\"https:\/\/www.atul.co.in\/portuguese\/sustainability\/atulfoundation\/programs\">Read more &#8250;<\/a><\/div>\n<p><!-- end of .read-more --><\/p>\n","protected":false},"author":1,"featured_media":5586,"parent":0,"menu_order":0,"comment_status":"closed","ping_status":"closed","template":"","meta":{"_acf_changed":false,"footnotes":"","_links_to":"","_links_to_target":""},"class_list":["post-3751","page","type-page","status-publish","has-post-thumbnail","hentry"],"acf":[],"yoast_head":"<!-- This site is optimized with the Yoast SEO plugin v26.8 - https:\/\/yoast.com\/product\/yoast-seo-wordpress\/ -->\n<title>PROGRAMAS | FUNDA\u00c7\u00c3O ATUL<\/title>\n<meta name=\"robots\" content=\"index, follow, max-snippet:-1, max-image-preview:large, max-video-preview:-1\" \/>\n<link rel=\"canonical\" href=\"https:\/\/www.atul.co.in\/portuguese\/sustainability\/atulfoundation\/programs\/\" \/>\n<meta property=\"og:locale\" content=\"en_US\" \/>\n<meta property=\"og:type\" content=\"article\" \/>\n<meta property=\"og:title\" content=\"PROGRAMAS | FUNDA\u00c7\u00c3O ATUL\" \/>\n<meta property=\"og:description\" content=\"Funda\u00e7\u00e3o Atul &rsaquo;Programas Funda\u00e7\u00e3o Atul atividades relacionadas ao servi\u00e7o da sociedade sob o mesmo guarda-chuva. A Funda\u00e7\u00e3o realiza projetos | atividades, amplamente abrangidas por seis programas: Educa\u00e7\u00e3o, empoderamento, sa\u00fade, assist\u00eancia, conserva\u00e7\u00e3o e infraestrutura. Embora hoje esses programas estejam focados na&hellip;Read more &#8250;\" \/>\n<meta property=\"og:url\" content=\"https:\/\/www.atul.co.in\/portuguese\/sustainability\/atulfoundation\/programs\/\" \/>\n<meta property=\"og:site_name\" content=\"Atul Ltd\" \/>\n<meta property=\"article:modified_time\" content=\"2020-04-14T08:33:35+00:00\" \/>\n<meta property=\"og:image\" content=\"https:\/\/www.atul.co.in\/portuguese\/wp-content\/uploads\/2017\/01\/atul-foundation-3.jpg\" \/>\n\t<meta property=\"og:image:width\" content=\"1250\" \/>\n\t<meta property=\"og:image:height\" content=\"335\" \/>\n\t<meta property=\"og:image:type\" content=\"image\/jpeg\" \/>\n<meta name=\"twitter:card\" content=\"summary_large_image\" \/>\n<meta name=\"twitter:label1\" content=\"Est. reading time\" \/>\n\t<meta name=\"twitter:data1\" content=\"3 minutes\" \/>\n<script type=\"application\/ld+json\" class=\"yoast-schema-graph\">{\"@context\":\"https:\/\/schema.org\",\"@graph\":[{\"@type\":\"WebPage\",\"@id\":\"https:\/\/www.atul.co.in\/portuguese\/sustainability\/atulfoundation\/programs\/\",\"url\":\"https:\/\/www.atul.co.in\/portuguese\/sustainability\/atulfoundation\/programs\/\",\"name\":\"PROGRAMAS | FUNDA\u00c7\u00c3O ATUL\",\"isPartOf\":{\"@id\":\"http:\/\/13.127.36.189\/portuguese\/#website\"},\"primaryImageOfPage\":{\"@id\":\"https:\/\/www.atul.co.in\/portuguese\/sustainability\/atulfoundation\/programs\/#primaryimage\"},\"image\":{\"@id\":\"https:\/\/www.atul.co.in\/portuguese\/sustainability\/atulfoundation\/programs\/#primaryimage\"},\"thumbnailUrl\":\"https:\/\/www.atul.co.in\/portuguese\/wp-content\/uploads\/2017\/01\/atul-foundation-3.jpg\",\"datePublished\":\"2017-06-22T14:36:30+00:00\",\"dateModified\":\"2020-04-14T08:33:35+00:00\",\"breadcrumb\":{\"@id\":\"https:\/\/www.atul.co.in\/portuguese\/sustainability\/atulfoundation\/programs\/#breadcrumb\"},\"inLanguage\":\"en-US\",\"potentialAction\":[{\"@type\":\"ReadAction\",\"target\":[\"https:\/\/www.atul.co.in\/portuguese\/sustainability\/atulfoundation\/programs\/\"]}]},{\"@type\":\"ImageObject\",\"inLanguage\":\"en-US\",\"@id\":\"https:\/\/www.atul.co.in\/portuguese\/sustainability\/atulfoundation\/programs\/#primaryimage\",\"url\":\"https:\/\/www.atul.co.in\/portuguese\/wp-content\/uploads\/2017\/01\/atul-foundation-3.jpg\",\"contentUrl\":\"https:\/\/www.atul.co.in\/portuguese\/wp-content\/uploads\/2017\/01\/atul-foundation-3.jpg\",\"width\":1250,\"height\":335},{\"@type\":\"BreadcrumbList\",\"@id\":\"https:\/\/www.atul.co.in\/portuguese\/sustainability\/atulfoundation\/programs\/#breadcrumb\",\"itemListElement\":[{\"@type\":\"ListItem\",\"position\":1,\"name\":\"Home\",\"item\":\"https:\/\/www.atul.co.in\/portuguese\/\"},{\"@type\":\"ListItem\",\"position\":2,\"name\":\"PROGRAMAS\"}]},{\"@type\":\"WebSite\",\"@id\":\"http:\/\/13.127.36.189\/portuguese\/#website\",\"url\":\"http:\/\/13.127.36.189\/portuguese\/\",\"name\":\"Atul Ltd\",\"description\":\"\",\"potentialAction\":[{\"@type\":\"SearchAction\",\"target\":{\"@type\":\"EntryPoint\",\"urlTemplate\":\"http:\/\/13.127.36.189\/portuguese\/?s={search_term_string}\"},\"query-input\":{\"@type\":\"PropertyValueSpecification\",\"valueRequired\":true,\"valueName\":\"search_term_string\"}}],\"inLanguage\":\"en-US\"}]}<\/script>\n<!-- \/ Yoast SEO plugin. -->","yoast_head_json":{"title":"PROGRAMAS | FUNDA\u00c7\u00c3O ATUL","robots":{"index":"index","follow":"follow","max-snippet":"max-snippet:-1","max-image-preview":"max-image-preview:large","max-video-preview":"max-video-preview:-1"},"canonical":"https:\/\/www.atul.co.in\/portuguese\/sustainability\/atulfoundation\/programs\/","og_locale":"en_US","og_type":"article","og_title":"PROGRAMAS | FUNDA\u00c7\u00c3O ATUL","og_description":"Funda\u00e7\u00e3o Atul &rsaquo;Programas Funda\u00e7\u00e3o Atul atividades relacionadas ao servi\u00e7o da sociedade sob o mesmo guarda-chuva. A Funda\u00e7\u00e3o realiza projetos | atividades, amplamente abrangidas por seis programas: Educa\u00e7\u00e3o, empoderamento, sa\u00fade, assist\u00eancia, conserva\u00e7\u00e3o e infraestrutura. Embora hoje esses programas estejam focados na&hellip;Read more &#8250;","og_url":"https:\/\/www.atul.co.in\/portuguese\/sustainability\/atulfoundation\/programs\/","og_site_name":"Atul Ltd","article_modified_time":"2020-04-14T08:33:35+00:00","og_image":[{"width":1250,"height":335,"url":"https:\/\/www.atul.co.in\/portuguese\/wp-content\/uploads\/2017\/01\/atul-foundation-3.jpg","type":"image\/jpeg"}],"twitter_card":"summary_large_image","twitter_misc":{"Est. reading time":"3 minutes"},"schema":{"@context":"https:\/\/schema.org","@graph":[{"@type":"WebPage","@id":"https:\/\/www.atul.co.in\/portuguese\/sustainability\/atulfoundation\/programs\/","url":"https:\/\/www.atul.co.in\/portuguese\/sustainability\/atulfoundation\/programs\/","name":"PROGRAMAS | FUNDA\u00c7\u00c3O ATUL","isPartOf":{"@id":"http:\/\/13.127.36.189\/portuguese\/#website"},"primaryImageOfPage":{"@id":"https:\/\/www.atul.co.in\/portuguese\/sustainability\/atulfoundation\/programs\/#primaryimage"},"image":{"@id":"https:\/\/www.atul.co.in\/portuguese\/sustainability\/atulfoundation\/programs\/#primaryimage"},"thumbnailUrl":"https:\/\/www.atul.co.in\/portuguese\/wp-content\/uploads\/2017\/01\/atul-foundation-3.jpg","datePublished":"2017-06-22T14:36:30+00:00","dateModified":"2020-04-14T08:33:35+00:00","breadcrumb":{"@id":"https:\/\/www.atul.co.in\/portuguese\/sustainability\/atulfoundation\/programs\/#breadcrumb"},"inLanguage":"en-US","potentialAction":[{"@type":"ReadAction","target":["https:\/\/www.atul.co.in\/portuguese\/sustainability\/atulfoundation\/programs\/"]}]},{"@type":"ImageObject","inLanguage":"en-US","@id":"https:\/\/www.atul.co.in\/portuguese\/sustainability\/atulfoundation\/programs\/#primaryimage","url":"https:\/\/www.atul.co.in\/portuguese\/wp-content\/uploads\/2017\/01\/atul-foundation-3.jpg","contentUrl":"https:\/\/www.atul.co.in\/portuguese\/wp-content\/uploads\/2017\/01\/atul-foundation-3.jpg","width":1250,"height":335},{"@type":"BreadcrumbList","@id":"https:\/\/www.atul.co.in\/portuguese\/sustainability\/atulfoundation\/programs\/#breadcrumb","itemListElement":[{"@type":"ListItem","position":1,"name":"Home","item":"https:\/\/www.atul.co.in\/portuguese\/"},{"@type":"ListItem","position":2,"name":"PROGRAMAS"}]},{"@type":"WebSite","@id":"http:\/\/13.127.36.189\/portuguese\/#website","url":"http:\/\/13.127.36.189\/portuguese\/","name":"Atul Ltd","description":"","potentialAction":[{"@type":"SearchAction","target":{"@type":"EntryPoint","urlTemplate":"http:\/\/13.127.36.189\/portuguese\/?s={search_term_string}"},"query-input":{"@type":"PropertyValueSpecification","valueRequired":true,"valueName":"search_term_string"}}],"inLanguage":"en-US"}]}},"_links":{"self":[{"href":"https:\/\/www.atul.co.in\/portuguese\/wp-json\/wp\/v2\/pages\/3751","targetHints":{"allow":["GET"]}}],"collection":[{"href":"https:\/\/www.atul.co.in\/portuguese\/wp-json\/wp\/v2\/pages"}],"about":[{"href":"https:\/\/www.atul.co.in\/portuguese\/wp-json\/wp\/v2\/types\/page"}],"author":[{"embeddable":true,"href":"https:\/\/www.atul.co.in\/portuguese\/wp-json\/wp\/v2\/users\/1"}],"replies":[{"embeddable":true,"href":"https:\/\/www.atul.co.in\/portuguese\/wp-json\/wp\/v2\/comments?post=3751"}],"version-history":[{"count":0,"href":"https:\/\/www.atul.co.in\/portuguese\/wp-json\/wp\/v2\/pages\/3751\/revisions"}],"wp:featuredmedia":[{"embeddable":true,"href":"https:\/\/www.atul.co.in\/portuguese\/wp-json\/wp\/v2\/media\/5586"}],"wp:attachment":[{"href":"https:\/\/www.atul.co.in\/portuguese\/wp-json\/wp\/v2\/media?parent=3751"}],"curies":[{"name":"wp","href":"https:\/\/api.w.org\/{rel}","templated":true}]}}