{"id":3779,"date":"2017-06-23T13:38:46","date_gmt":"2017-06-23T13:38:46","guid":{"rendered":"http:\/\/43.242.212.212\/~atulco\/?page_id=3779"},"modified":"2020-04-02T14:25:36","modified_gmt":"2020-04-02T08:55:36","slug":"pharmaquality","status":"publish","type":"page","link":"https:\/\/www.atul.co.in\/portuguese\/pharma\/quality","title":{"rendered":"QEHS"},"content":{"rendered":"<div class=\"container\">\n<div class=\"about-text\">\nA empresa de produtos farmac\u00eauticos e intermedi\u00e1rios atuam com o objetivo de aumentar significativamente o valor das suas partes interessadas, fornecendo produtos e servi\u00e7os de alta qualidade, entre outros, tornando-se a parceira preferida. Em busca desse objetivo, a pol\u00edtica da qualidade \u00e9:<\/p>\n<ul class=\"arrow-list\">\n<li>entender as necessidades dos clientes e fornecer produtos e servi\u00e7os que atendam \u00e0s suas expectativas<\/li>\n<li>manter todas as instala\u00e7\u00f5es de fabrica\u00e7\u00e3o com altos padr\u00f5es e implementar as melhores pr\u00e1ticas em todas as opera\u00e7\u00f5es<\/li>\n<li>atualizar as habilidades da equipe atrav\u00e9s de sess\u00f5es regulares de capacita\u00e7\u00e3o<\/li>\n<\/ul>\n<p>A empresa est\u00e1 comprometida com a preserva\u00e7\u00e3o do meio ambiente e a prote\u00e7\u00e3o da sa\u00fade e seguran\u00e7a da equipe. A pol\u00edtica de meio ambiente, sa\u00fade e seguran\u00e7a \u00e9:<\/p>\n<ul class=\"arrow-list\">\n<li>cumprir as leis aplic\u00e1veis e tomar medidas adicionais para operar em um bom sistema de gerenciamento ambiental<\/li>\n<li>conservar energia, mat\u00e9rias-primas e outros recursos naturais com processos eficientes<\/li>\n<li>minimizar as emiss\u00f5es s\u00f3lidas, l\u00edquidas e gasosas com um sistema eficaz de gerenciamento de res\u00edduos<\/li>\n<li>selecionar tecnologias eficientes e amig\u00e1veis ao meio ambiente em novos desenvolvimentos e expans\u00f5es das instala\u00e7\u00f5es existentes<\/li>\n<li>reduzir incidentes e danos ao meio ambiente, pessoas e propriedades<\/li>\n<\/ul>\n<\/div>\n<div class=\"space20\"><\/div>\n","protected":false},"excerpt":{"rendered":"<p>A empresa de produtos farmac\u00eauticos e intermedi\u00e1rios atuam com o objetivo de aumentar significativamente o valor das suas partes interessadas, fornecendo produtos e servi\u00e7os de alta qualidade, entre outros, tornando-se a parceira preferida. Em busca desse objetivo, a pol\u00edtica da<span class=\"ellipsis\">&hellip;<\/span><\/p>\n<div class=\"read-more\"><a href=\"https:\/\/www.atul.co.in\/portuguese\/pharma\/quality\">Read more &#8250;<\/a><\/div>\n<p><!-- end of .read-more --><\/p>\n","protected":false},"author":1,"featured_media":3780,"parent":884,"menu_order":0,"comment_status":"closed","ping_status":"closed","template":"pharmaceuticals-intermediates-microsite-pages.php","meta":{"_acf_changed":false,"footnotes":"","_links_to":"","_links_to_target":""},"class_list":["post-3779","page","type-page","status-publish","has-post-thumbnail","hentry"],"acf":[],"yoast_head":"<!-- This site is optimized with the Yoast SEO plugin v26.8 - https:\/\/yoast.com\/product\/yoast-seo-wordpress\/ -->\n<title>Qualidade | F\u00e1rmacos | Atul<\/title>\n<meta name=\"robots\" content=\"index, follow, max-snippet:-1, max-image-preview:large, max-video-preview:-1\" \/>\n<link rel=\"canonical\" href=\"https:\/\/www.atul.co.in\/portuguese\/pharma\/quality\/\" \/>\n<meta property=\"og:locale\" content=\"en_US\" \/>\n<meta property=\"og:type\" content=\"article\" \/>\n<meta property=\"og:title\" content=\"Qualidade | F\u00e1rmacos | Atul\" \/>\n<meta property=\"og:description\" content=\"A empresa de produtos farmac\u00eauticos e intermedi\u00e1rios atuam com o objetivo de aumentar significativamente o valor das suas partes interessadas, fornecendo produtos e servi\u00e7os de alta qualidade, entre outros, tornando-se a parceira preferida. Em busca desse objetivo, a pol\u00edtica da&hellip;Read more &#8250;\" \/>\n<meta property=\"og:url\" content=\"https:\/\/www.atul.co.in\/portuguese\/pharma\/quality\/\" \/>\n<meta property=\"og:site_name\" content=\"Atul Ltd\" \/>\n<meta property=\"article:modified_time\" content=\"2020-04-02T08:55:36+00:00\" \/>\n<meta property=\"og:image\" content=\"https:\/\/www.atul.co.in\/portuguese\/wp-content\/uploads\/pharmaceuticals-intermediates-banner-2.jpg\" \/>\n\t<meta property=\"og:image:width\" content=\"1246\" \/>\n\t<meta property=\"og:image:height\" content=\"400\" \/>\n\t<meta property=\"og:image:type\" content=\"image\/jpeg\" \/>\n<meta name=\"twitter:card\" content=\"summary_large_image\" \/>\n<meta name=\"twitter:label1\" content=\"Est. reading time\" \/>\n\t<meta name=\"twitter:data1\" content=\"1 minute\" \/>\n<script type=\"application\/ld+json\" class=\"yoast-schema-graph\">{\"@context\":\"https:\/\/schema.org\",\"@graph\":[{\"@type\":\"WebPage\",\"@id\":\"https:\/\/www.atul.co.in\/portuguese\/pharma\/quality\/\",\"url\":\"https:\/\/www.atul.co.in\/portuguese\/pharma\/quality\/\",\"name\":\"Qualidade | F\u00e1rmacos | Atul\",\"isPartOf\":{\"@id\":\"http:\/\/13.127.36.189\/portuguese\/#website\"},\"primaryImageOfPage\":{\"@id\":\"https:\/\/www.atul.co.in\/portuguese\/pharma\/quality\/#primaryimage\"},\"image\":{\"@id\":\"https:\/\/www.atul.co.in\/portuguese\/pharma\/quality\/#primaryimage\"},\"thumbnailUrl\":\"https:\/\/www.atul.co.in\/portuguese\/wp-content\/uploads\/pharmaceuticals-intermediates-banner-2.jpg\",\"datePublished\":\"2017-06-23T13:38:46+00:00\",\"dateModified\":\"2020-04-02T08:55:36+00:00\",\"breadcrumb\":{\"@id\":\"https:\/\/www.atul.co.in\/portuguese\/pharma\/quality\/#breadcrumb\"},\"inLanguage\":\"en-US\",\"potentialAction\":[{\"@type\":\"ReadAction\",\"target\":[\"https:\/\/www.atul.co.in\/portuguese\/pharma\/quality\/\"]}]},{\"@type\":\"ImageObject\",\"inLanguage\":\"en-US\",\"@id\":\"https:\/\/www.atul.co.in\/portuguese\/pharma\/quality\/#primaryimage\",\"url\":\"https:\/\/www.atul.co.in\/portuguese\/wp-content\/uploads\/pharmaceuticals-intermediates-banner-2.jpg\",\"contentUrl\":\"https:\/\/www.atul.co.in\/portuguese\/wp-content\/uploads\/pharmaceuticals-intermediates-banner-2.jpg\",\"width\":1246,\"height\":400},{\"@type\":\"BreadcrumbList\",\"@id\":\"https:\/\/www.atul.co.in\/portuguese\/pharma\/quality\/#breadcrumb\",\"itemListElement\":[{\"@type\":\"ListItem\",\"position\":1,\"name\":\"Home\",\"item\":\"https:\/\/www.atul.co.in\/portuguese\/\"},{\"@type\":\"ListItem\",\"position\":2,\"name\":\"Pharmaceuticals and Intermediates\",\"item\":\"\/\"},{\"@type\":\"ListItem\",\"position\":3,\"name\":\"QEHS\"}]},{\"@type\":\"WebSite\",\"@id\":\"http:\/\/13.127.36.189\/portuguese\/#website\",\"url\":\"http:\/\/13.127.36.189\/portuguese\/\",\"name\":\"Atul Ltd\",\"description\":\"\",\"potentialAction\":[{\"@type\":\"SearchAction\",\"target\":{\"@type\":\"EntryPoint\",\"urlTemplate\":\"http:\/\/13.127.36.189\/portuguese\/?s={search_term_string}\"},\"query-input\":{\"@type\":\"PropertyValueSpecification\",\"valueRequired\":true,\"valueName\":\"search_term_string\"}}],\"inLanguage\":\"en-US\"}]}<\/script>\n<!-- \/ Yoast SEO plugin. -->","yoast_head_json":{"title":"Qualidade | F\u00e1rmacos | Atul","robots":{"index":"index","follow":"follow","max-snippet":"max-snippet:-1","max-image-preview":"max-image-preview:large","max-video-preview":"max-video-preview:-1"},"canonical":"https:\/\/www.atul.co.in\/portuguese\/pharma\/quality\/","og_locale":"en_US","og_type":"article","og_title":"Qualidade | F\u00e1rmacos | Atul","og_description":"A empresa de produtos farmac\u00eauticos e intermedi\u00e1rios atuam com o objetivo de aumentar significativamente o valor das suas partes interessadas, fornecendo produtos e servi\u00e7os de alta qualidade, entre outros, tornando-se a parceira preferida. Em busca desse objetivo, a pol\u00edtica da&hellip;Read more &#8250;","og_url":"https:\/\/www.atul.co.in\/portuguese\/pharma\/quality\/","og_site_name":"Atul Ltd","article_modified_time":"2020-04-02T08:55:36+00:00","og_image":[{"width":1246,"height":400,"url":"https:\/\/www.atul.co.in\/portuguese\/wp-content\/uploads\/pharmaceuticals-intermediates-banner-2.jpg","type":"image\/jpeg"}],"twitter_card":"summary_large_image","twitter_misc":{"Est. reading time":"1 minute"},"schema":{"@context":"https:\/\/schema.org","@graph":[{"@type":"WebPage","@id":"https:\/\/www.atul.co.in\/portuguese\/pharma\/quality\/","url":"https:\/\/www.atul.co.in\/portuguese\/pharma\/quality\/","name":"Qualidade | F\u00e1rmacos | Atul","isPartOf":{"@id":"http:\/\/13.127.36.189\/portuguese\/#website"},"primaryImageOfPage":{"@id":"https:\/\/www.atul.co.in\/portuguese\/pharma\/quality\/#primaryimage"},"image":{"@id":"https:\/\/www.atul.co.in\/portuguese\/pharma\/quality\/#primaryimage"},"thumbnailUrl":"https:\/\/www.atul.co.in\/portuguese\/wp-content\/uploads\/pharmaceuticals-intermediates-banner-2.jpg","datePublished":"2017-06-23T13:38:46+00:00","dateModified":"2020-04-02T08:55:36+00:00","breadcrumb":{"@id":"https:\/\/www.atul.co.in\/portuguese\/pharma\/quality\/#breadcrumb"},"inLanguage":"en-US","potentialAction":[{"@type":"ReadAction","target":["https:\/\/www.atul.co.in\/portuguese\/pharma\/quality\/"]}]},{"@type":"ImageObject","inLanguage":"en-US","@id":"https:\/\/www.atul.co.in\/portuguese\/pharma\/quality\/#primaryimage","url":"https:\/\/www.atul.co.in\/portuguese\/wp-content\/uploads\/pharmaceuticals-intermediates-banner-2.jpg","contentUrl":"https:\/\/www.atul.co.in\/portuguese\/wp-content\/uploads\/pharmaceuticals-intermediates-banner-2.jpg","width":1246,"height":400},{"@type":"BreadcrumbList","@id":"https:\/\/www.atul.co.in\/portuguese\/pharma\/quality\/#breadcrumb","itemListElement":[{"@type":"ListItem","position":1,"name":"Home","item":"https:\/\/www.atul.co.in\/portuguese\/"},{"@type":"ListItem","position":2,"name":"Pharmaceuticals and Intermediates","item":"\/"},{"@type":"ListItem","position":3,"name":"QEHS"}]},{"@type":"WebSite","@id":"http:\/\/13.127.36.189\/portuguese\/#website","url":"http:\/\/13.127.36.189\/portuguese\/","name":"Atul Ltd","description":"","potentialAction":[{"@type":"SearchAction","target":{"@type":"EntryPoint","urlTemplate":"http:\/\/13.127.36.189\/portuguese\/?s={search_term_string}"},"query-input":{"@type":"PropertyValueSpecification","valueRequired":true,"valueName":"search_term_string"}}],"inLanguage":"en-US"}]}},"_links":{"self":[{"href":"https:\/\/www.atul.co.in\/portuguese\/wp-json\/wp\/v2\/pages\/3779","targetHints":{"allow":["GET"]}}],"collection":[{"href":"https:\/\/www.atul.co.in\/portuguese\/wp-json\/wp\/v2\/pages"}],"about":[{"href":"https:\/\/www.atul.co.in\/portuguese\/wp-json\/wp\/v2\/types\/page"}],"author":[{"embeddable":true,"href":"https:\/\/www.atul.co.in\/portuguese\/wp-json\/wp\/v2\/users\/1"}],"replies":[{"embeddable":true,"href":"https:\/\/www.atul.co.in\/portuguese\/wp-json\/wp\/v2\/comments?post=3779"}],"version-history":[{"count":0,"href":"https:\/\/www.atul.co.in\/portuguese\/wp-json\/wp\/v2\/pages\/3779\/revisions"}],"up":[{"embeddable":true,"href":"https:\/\/www.atul.co.in\/portuguese\/wp-json\/wp\/v2\/pages\/884"}],"wp:featuredmedia":[{"embeddable":true,"href":"https:\/\/www.atul.co.in\/portuguese\/wp-json\/wp\/v2\/media\/3780"}],"wp:attachment":[{"href":"https:\/\/www.atul.co.in\/portuguese\/wp-json\/wp\/v2\/media?parent=3779"}],"curies":[{"name":"wp","href":"https:\/\/api.w.org\/{rel}","templated":true}]}}