{"id":47,"date":"2017-01-18T15:31:24","date_gmt":"2017-01-18T15:31:24","guid":{"rendered":"http:\/\/localhost\/ethinos\/atul\/?page_id=47"},"modified":"2020-03-17T17:08:09","modified_gmt":"2020-03-17T11:38:09","slug":"about","status":"publish","type":"page","link":"https:\/\/www.atul.co.in\/portuguese\/about\/","title":{"rendered":"Sobre"},"content":{"rendered":"<div class=\"container\">\n<div class=\"about-text\">\n<p>A Atul \u00e9 uma empresa qu\u00edmica integrada, orientada por melhorias, que atende a cerca de 6.000 clientes de 31 ind\u00fastrias em todo o mundo. A empresa estabeleceu subsidi\u00e1rias nos Estados Unidos (1994), Reino Unido (1996), China (2004), Brasil (2012) e Emirados \u00c1rabes Unidos (2015) para atender seus clientes e melhorar a amplitude e profundidade de seus neg\u00f3cios.<\/p>\n<p class=\"highlight\"><span class=\"teal\">Com intensidade em ci\u00eancia e tecnologia, a Atul gerencia quase todas as unidades de processamento e opera\u00e7\u00e3o para fabricar cerca de 1.350 produtos e formula\u00e7\u00f5es, e possui instala\u00e7\u00f5es e processos de ponta para garantir a seguran\u00e7a e o tratamento de poluentes gases, l\u00edquidos e s\u00f3lidos. The Company is ISO 14001 certified.<span><\/p>\n<p><a href=\"https:\/\/www.atul.co.in\/portuguese\/pdf\/ISO-14001.pdf\" target=\"_blank\" rel=\"noopener noreferrer\"><img loading=\"lazy\" decoding=\"async\" src=\"https:\/\/www.atul.co.in\/portuguese\/wp-content\/uploads\/2020\/03\/certificate-pdf-portugese.png\" data-src=\"https:\/\/www.atul.co.in\/portuguese\/wp-content\/uploads\/2020\/03\/certificate-pdf-portugese.png\" onmouseover=\"this.src='https:\/\/www.atul.co.in\/portuguese\/wp-content\/uploads\/2020\/03\/certificate-pdf-portugese_hover.png'\" onmouseout=\"this.src='https:\/\/www.atul.co.in\/portuguese\/wp-content\/uploads\/2020\/03\/certificate-pdf-portugese.png'\" width=\"101\" height=\"64\" class=\"alignnone size-full\"><\/a><\/p>\n<p>A Atul estabeleceu empresas de joint-venture com empresas multinacionais mundialmente renomadas como a American Cyanamid Company (agora parte da BASF AG e Pfizer Inc) em 1947, Imperial Chemical Industries plc (agora parte da Akzo Nobel e Astra Zeneca plc) em 1955 e Ciba-Geigy Ltd (agora parte da BASF AG e Huntsman Corporation) em 1960.<\/p>\n<p>A Atul foi fundada em 15 de setembro de 1947 &#8211; extamente um m\u00eas ap\u00f3s a independ\u00eancia da \u00cdndia &#8211; por Kasturbhai Lalbhai, um construtor de institui\u00e7\u00f5es por excel\u00eancia e um lend\u00e1rio indiano de seus tempos. A empresa foi um manifesto de seus sonhos de gerar empregos em larga escala, criar riqueza na \u00cdndia rural e tornar o pa\u00eds auto-suficiente em seus requisitos de produtos qu\u00edmicos.<\/p>\n<\/div>\n<div class=\"media-investor\">\n<div class=\"space40\"><\/div>\n<div class=\"media-investor-box1\"><a href=\"?page_id=60\" class=\"heritage-icon\">&nbsp;<\/a><\/div>\n<div class=\"media-investor-box2\"><a href=\"?page_id=111\" class=\"values-icon\">&nbsp;<\/a><\/div>\n<div class=\"media-investor-box3\"><a href=\"?page_id=70\" class=\"bod-icon\">&nbsp;<\/a><\/div>\n<div class=\"clear\"><\/div>\n<div class=\"desktop\">\n<div class=\"space40\"><\/div>\n<\/div>\n<div class=\"media-investor-box4\"><a href=\"?page_id=87\" class=\"rc-icon\">&nbsp;<\/a><\/div>\n<div class=\"media-investor-box5\"><a href=\"?page_id=115\" class=\"recog-icon\">&nbsp;<\/a><\/div>\n<\/div>\n<div class=\"clear\"><\/div>\n<p><!----><\/p>\n<p><!--[one_third]<a href=\"?page_id=60\" class=\"heritage-icon\">&nbsp;<\/a>[\/one_third][one_third]<a href=\"?page_id=111\" class=\"values-icon\">&nbsp;<\/a>[\/one_third][one_third_last]<a href=\"?page_id=70\" class=\"bod-icon\">&nbsp;<\/a>[\/one_third_last]\n\n\n\n<div align=\"center\">[one_half]<a href=\"?page_id=87\" class=\"rc-icon\">&nbsp;<\/a>[\/one_half][one_half_last]<a href=\"?page_id=115\" class=\"recog-icon\">&nbsp;<\/a>[\/one_half_last]<\/div>\n\n--><\/p>\n<div class=\"timeline-wrapper\" id=\"milestone\"><div class=\"supercrsl supercarousel5099 \" data-carouseloptions=\"{&quot;source&quot;:&quot;Content&quot;,&quot;respDesktop&quot;:&quot;visible&quot;,&quot;desktopVisible&quot;:&quot;1&quot;,&quot;desktopWidth&quot;:&quot;200&quot;,&quot;desktopHeight&quot;:&quot;200&quot;,&quot;respLaptop&quot;:&quot;visible&quot;,&quot;laptopVisible&quot;:&quot;1&quot;,&quot;laptopWidth&quot;:&quot;200&quot;,&quot;laptopHeight&quot;:&quot;200&quot;,&quot;respTablet&quot;:&quot;visible&quot;,&quot;tabletVisible&quot;:&quot;1&quot;,&quot;tabletWidth&quot;:&quot;200&quot;,&quot;tabletHeight&quot;:&quot;200&quot;,&quot;respMobile&quot;:&quot;visible&quot;,&quot;mobileVisible&quot;:&quot;1&quot;,&quot;mobileWidth&quot;:&quot;200&quot;,&quot;mobileHeight&quot;:&quot;200&quot;,&quot;direction&quot;:&quot;left&quot;,&quot;effect&quot;:&quot;focus&quot;,&quot;easing&quot;:&quot;swing&quot;,&quot;easingTime&quot;:&quot;1500&quot;,&quot;step&quot;:&quot;1&quot;,&quot;auto&quot;:&quot;1&quot;,&quot;pauseTime&quot;:&quot;10000&quot;,&quot;pauseOver&quot;:&quot;1&quot;,&quot;autoscroll&quot;:&quot;0&quot;,&quot;scrollspeed&quot;:&quot;1&quot;,&quot;autoHeight&quot;:&quot;0&quot;,&quot;slideGap&quot;:&quot;1&quot;,&quot;nextPrev&quot;:&quot;1&quot;,&quot;arrowStyle&quot;:&quot;style2-black&quot;,&quot;arrowsOut&quot;:&quot;1&quot;,&quot;circular&quot;:&quot;1&quot;,&quot;mouseWheel&quot;:&quot;0&quot;,&quot;swipe&quot;:&quot;0&quot;,&quot;keys&quot;:&quot;0&quot;,&quot;paging&quot;:&quot;0&quot;,&quot;wrapper_class&quot;:&quot;&quot;,&quot;randomize&quot;:&quot;0&quot;,&quot;superhidden&quot;:&quot;0&quot;,&quot;customrespmin&quot;:[],&quot;customrespmax&quot;:[],&quot;customrespby&quot;:[],&quot;customrespvisible&quot;:[],&quot;customrespwidth&quot;:[],&quot;customrespheight&quot;:[],&quot;carouselid&quot;:5099}\">\n    <div class=\"supercarousel focuscarousel\">\n                    <div>\n                <div class=\"super_content superelement0\"><div class=\"milestones-wrapper\">\r\n<h2>Milestones: 1947-1951<\/h2>\r\n<div class=\"milestones-left\">\r\n\r\n<p>Incorporada pelo Sr. Kasturbhai Lalbhai como a primeira empresa do setor privado da \u00cdndia independente a ser inaugurada por seu primeiro Primeiro Ministro<\/p>\r\n\r\n<\/div>\r\n<div class=\"milestones-right\">\r\n\r\n<p>Estabeleceu uma joint venture (JV) com a American Cyanamid Company dos EUA, Cyanamid India Ltd, para produzir produtos qu\u00edmicos e farmac\u00eauticos para a prote\u00e7\u00e3o de culturas<\/p>\r\n\r\n<\/div>\r\n<div class=\"clear\"><\/div>\r\n<\/div><\/div>            <\/div>\n                        <div>\n                <div class=\"super_content superelement0\"><div class=\"milestones-wrapper\">\r\n<h2>Marcos: 1952-1971<\/h2>\r\n<div class=\"milestones-left\">\r\n\r\n<p>Inaugurada pelo primeiro-ministro Jawaharlal Nehru em 17 de mar\u00e7o de 1952<\/p>\r\n\r\n<p>Come\u00e7ou a fabricar corantes (incluindo corantes de cuba) pela primeira vez na \u00cdndia<\/p>\r\n\r\n<p>Estabeleceu a Kalyani Shala, uma escola para crian\u00e7as que moram nos arredores de Atul, com o gujarati como meio de instru\u00e7\u00e3o<\/p>\r\n\r\n<p>Estabeleceu uma joint venture com a Imperial Chemical Industries plc (50%) para fabricar corantes<\/p>\r\n\r\n<\/div>\r\n<div class=\"milestones-right\">\r\n\r\n<p>Estabeleceu uma joint venture com a Ciba Geigy Ltd (35%) para fabricar resinas ep\u00f3xi e agentes de cura<\/p>\r\n\r\n<p>Estabeleceu uma joint venture com a American Cyanamid (65%) para fabricar produtos qu\u00edmicos para cuidar das lavouras<\/p>\r\n\r\n<p>Come\u00e7ou a fabricar fosg\u00eanio pela primeira vez na \u00cdndia<\/p>\r\n\r\n<p>Realizou 2 partidas de cricket do Ranji Trophy em campos de cricket em Atul<\/p>\r\n\r\n<\/div>\r\n<div class=\"clear\"><\/div>\r\n<\/div><\/div>            <\/div>\n                        <div>\n                <div class=\"super_content superelement0\"><div class=\"milestones-wrapper\">\r\n<h2>Marcos: 1972-1991<\/h2>\r\n<div class=\"milestones-left\">\r\n\r\n<p>Come\u00e7ou a fabricar carbamato e \u00e1cido 2,4-D pela primeira vez na \u00cdndia<\/p>\r\n\r\n<p>Estabeleceu o Fundo de Desenvolvimento Rural de Atul para tomar iniciativas relativas a servir a sociedade<\/p>\r\n\r\n<p>Construiu uma planta central de tratamento de efluentes<\/p>\r\n\r\n<p>Adquiriu a Gujarat Aromatics Ltd<\/p>\r\n\r\n<\/div>\r\n<div class=\"milestones-right\">\r\n\r\n<p>Come\u00e7ou a fabricar para cresol pela primeira vez na \u00cdndia<\/p>\r\n\r\n<p>Estabeleceu a Atul Vidyalaya, uma escola ICSE para crian\u00e7as que moram em Atul, com o ingl\u00eas como meio de instru\u00e7\u00e3o<\/p>\r\n\r\n<p>Modernizou uma planta de ep\u00f3xi e expandiu uma unidade de fabrica\u00e7\u00e3o de corantes de cuba<\/p>\r\n\r\n\r\n<\/div>\r\n<div class=\"clear\"><\/div>\r\n<\/div><\/div>            <\/div>\n                        <div>\n                <div class=\"super_content superelement0\"><div class=\"milestones-wrapper\">\r\n<h2>Marcos: 1992-2011<\/h2>\r\n<div class=\"milestones-left\">\r\n\r\n<p>Formou a Atul USA Inc, Atul Europe Ltd e Atul China Ltd<\/p>\r\n\r\n<p>Merged Atic Industries Ltd e Cibatul Ltd<\/p>\r\n\r\n<p>Adquiriu 88% das a\u00e7\u00f5es da DPD Ltd (Reino Unido) para conduzir pesquisas sobre a cultura de tecidos em palmas para importar esta tecnologia<\/p>\r\n\r\n<p>Estabeleceu a Atul Vidyamandir, uma escola residente para crian\u00e7as tribais<\/p>\r\n\r\n<\/div>\r\n<div class=\"milestones-right\">\r\n\r\n<p>Estabeleceu uma empresa subsidi\u00e1ria, a Atul Bioscience Ltd, para fabricar Ingredientes F\u00e1rmacos Ativos (IFA's) e seus intermedi\u00e1rios<\/p>\r\n\r\n<p>Merged Cibatul after the JV partner Ciba-Geigy exited<\/p>\r\n\r\n<p>Estabeleceu uma joint venture com a Rudolf GmbH (Alemanha) para fabricar produtos qu\u00edmicos t\u00eaxteis<\/p>\r\n\r\n<p>Inaugurou o primeiro escrit\u00f3rio da Atul em Mumbai no Dadar em mar\u00e7o de 2007<\/p>\r\n\r\n<\/div>\r\n<div class=\"clear\"><\/div>\r\n<\/div><\/div>            <\/div>\n                        <div>\n                <div class=\"super_content superelement0\"><div class=\"milestones-wrapper\">\r\n<h2>Marcos: 2012-2013<\/h2>\r\n<div class=\"milestones-left\">\r\n\r\n<p>Estabeleceu uma instala\u00e7\u00e3o para cultura de tecidos de palmas em Jodhpur (Rajasthan), a primeira do tipo na \u00cdndia<\/p>\r\n\r\n<p>Expandiu a\u00a0unidade de fabrica\u00e7\u00e3o de para cresol \u2013 a maior do mundo<\/p>\r\n\r\n<p>Estabeleceu uma instala\u00e7\u00e3o de pesquisa de 22.000 p\u00e9s quadrados para a empresa de IFA's e seus intermedi\u00e1rios<\/p>\r\n\r\n<\/div>\r\n<div class=\"milestones-right\">\r\n\r\n<p>Inaugurou o Centro de Aprendizado em Atul em janeiro de 2012<\/p>\r\n\r\n<p>Inaugurou o Centro de Inspira\u00e7\u00e3o em Atul em mar\u00e7o de 2012<\/p>\r\n\r\n<\/div>\r\n<div class=\"clear\"><\/div>\r\n<\/div><\/div>            <\/div>\n                        <div>\n                <div class=\"super_content superelement0\"><div class=\"milestones-wrapper\">\r\n<h2>Marcos: 2013-2014<\/h2>\r\n<div class=\"milestones-left\">\r\n\r\n<p>Automatizou o processamento da folha de pagamento de 5 subsidi\u00e1rias | empresas associadas<\/p>\r\n\r\n<p>Diminuiu o efluente (l\u00edquido) em 41 produtos em 79% em m\u00e9dia<\/p>\r\n\r\n<p>Converteu o site de Ankleshwar em uma instala\u00e7\u00e3o livre de descarga de efluentes l\u00edquido<\/p>\r\n\r\n<\/div>\r\n<div class=\"milestones-right\">\r\n\r\n<p>Desenvolveu 67 novos produtos e formula\u00e7\u00f5es de P&D<\/p>\r\n\r\n<p>Desenvolveu um aplicativo m\u00f3vel para enviar requisi\u00e7\u00f5es e receber cota\u00e7\u00f5es<\/p>\r\n\r\n<\/div>\r\n<div class=\"clear\"><\/div>\r\n<\/div><\/div>            <\/div>\n                        <div>\n                <div class=\"super_content superelement0\"><div class=\"milestones-wrapper\">\r\n<h2>Marcos: 2014-2015<\/h2>\r\n<div class=\"milestones-left\">\r\n\r\n<p>Implementou a  \u2018Atul mobSales\u2019 \u2013 uma solu\u00e7\u00e3o m\u00f3vel integrada de c\u00f3digo aberto para venda de marcas<\/p>\r\n\r\n<p>Implementou a \u2018Atul i-Quote\u2019 \u2013 um portal do vendedor de c\u00f3digo aberto para garantir uma melhor conex\u00e3o com os vendedores<\/p>\r\n\r\n<p>Implementou a \u2018Saral' \u2013 um sistema de recursos humanos de c\u00f3digo aberto auto-suficiente <\/p>\r\n\r\n<\/div>\r\n<div class=\"milestones-right\">\r\n\r\n<p>Estabeleceu e encomendou um centro de sa\u00fade ocupacional bem equipado em Ankleshwar<\/p>\r\n\r\n<p>Atingiu uma descarga zero de efluentes l\u00edquidos em um produto principal<\/p>\r\n\r\n<\/div>\r\n<div class=\"clear\"><\/div>\r\n<\/div><\/div>            <\/div>\n                        <div>\n                <div class=\"super_content superelement0\"><div class=\"milestones-wrapper\">\r\n<h2>Marcos: 2015-2016<\/h2>\r\n<div class=\"milestones-left\">\r\n\r\n<p>Atingiu uma descarga zero de efluentes l\u00edquidos na fabrica\u00e7\u00e3o de um produto principal<\/p>\r\n\r\n<p>Construiu um reservat\u00f3rio de 6.500 kL para coleta de pagua de chuva<\/p>\r\n\r\n<p>Substituiu uma planta de cloro | c\u00e1ustico baseada em merc\u00fario por uma planta amiga do meio-ambiente com base em membranas<\/p>\r\n\r\n<\/div>\r\n<div class=\"milestones-right\">\r\n\r\n<p>Introduziu 65 produtos e 19 formula\u00e7\u00f5es<\/p>\r\n\r\n<p>Recebeu a aprova\u00e7\u00e3o da USFDA para a planta de fabrica\u00e7\u00e3o de dapsona<\/p>\r\n\r\n<p>Inaugurou uma nova sede social em Ahmedabad em janeiro de 2015<p>\r\n\r\n<p>Inaugurou uma segunda sede em Mumbai, em Goregaon, em setembro de 2015<p>\r\n\r\n<\/div>\r\n<div class=\"clear\"><\/div>\r\n<\/div><\/div>            <\/div>\n                        <div>\n                <div class=\"super_content superelement0\"><div class=\"milestones-wrapper\">\r\n<h2>Marcos: 2016-2017<\/h2>\r\n<div class=\"milestones-left\">\r\n\r\n<p>Visita do Sr. Vijay Rupani, ministro-chefe honr\u00e1vel de Gujarat, ao Instituto de Excel\u00eancia Vocacional de Atul<\/p>\r\n\r\n<p>Construiu 2.000 banheiros dom\u00e9sticos em 15 vilas atrav\u00e9s da Funda\u00e7\u00e3o Atul<\/p>\r\n\r\n<\/div>\r\n<div class=\"milestones-right\">\r\n\r\n<p>Visita da Sra. Arundhati Bhattacharya, presidente do Banco Estadual da \u00cdndia a Atul Vidyalaya<\/p>\r\n\r\n<p>Estabeleceu uma joint venture com AkzoNobel (chamada de ANAVEN LLP) para fabricar MCA na \u00cdndia<\/p>\r\n\r\n<p>Inaugurou um escrit\u00f3rio em Thane em mar\u00e7o de 2017<\/p>\r\n\r\n<\/div>\r\n<div class=\"clear\"><\/div>\r\n<\/div><\/div>            <\/div>\n                <\/div>\n    <div class=\"clear\"><\/div>\n            <a class=\"superprev super_style2-black\" href=\"#\"><span>prev<\/span><\/a>\n        <a class=\"supernext super_style2-black\" href=\"#\"><span>next<\/span><\/a>\n            <div class=\"pagination\"><\/div>\n<\/div><\/div>\n<\/div>\n<\/div>\n<div class=\"space55\"><\/div>\n","protected":false},"excerpt":{"rendered":"<p>A Atul \u00e9 uma empresa qu\u00edmica integrada, orientada por melhorias, que atende a cerca de 6.000 clientes de 31 ind\u00fastrias em todo o mundo. A empresa estabeleceu subsidi\u00e1rias nos Estados Unidos (1994), Reino Unido (1996), China (2004), Brasil (2012) e<span class=\"ellipsis\">&hellip;<\/span><\/p>\n<div class=\"read-more\"><a href=\"https:\/\/www.atul.co.in\/portuguese\/about\/\">Read more &#8250;<\/a><\/div>\n<p><!-- end of .read-more --><\/p>\n","protected":false},"author":1,"featured_media":6513,"parent":0,"menu_order":0,"comment_status":"closed","ping_status":"closed","template":"full-width-page.php","meta":{"_acf_changed":false,"footnotes":"","_links_to":"","_links_to_target":""},"class_list":["post-47","page","type-page","status-publish","has-post-thumbnail","hentry"],"acf":[],"yoast_head":"<!-- This site is optimized with the Yoast SEO plugin v26.8 - https:\/\/yoast.com\/product\/yoast-seo-wordpress\/ -->\n<title>Sobre | Atul<\/title>\n<meta name=\"robots\" content=\"index, follow, max-snippet:-1, max-image-preview:large, max-video-preview:-1\" \/>\n<link rel=\"canonical\" href=\"http:\/\/13.127.36.189\/portuguese\/about\/\" \/>\n<meta property=\"og:locale\" content=\"en_US\" \/>\n<meta property=\"og:type\" content=\"article\" \/>\n<meta property=\"og:title\" content=\"Sobre | Atul\" \/>\n<meta property=\"og:description\" content=\"A Atul \u00e9 uma empresa qu\u00edmica integrada, orientada por melhorias, que atende a cerca de 6.000 clientes de 31 ind\u00fastrias em todo o mundo. A empresa estabeleceu subsidi\u00e1rias nos Estados Unidos (1994), Reino Unido (1996), China (2004), Brasil (2012) e&hellip;Read more &#8250;\" \/>\n<meta property=\"og:url\" content=\"http:\/\/13.127.36.189\/portuguese\/about\/\" \/>\n<meta property=\"og:site_name\" content=\"Atul Ltd\" \/>\n<meta property=\"article:modified_time\" content=\"2020-03-17T11:38:09+00:00\" \/>\n<meta property=\"og:image\" content=\"http:\/\/13.127.36.189\/portuguese\/wp-content\/uploads\/2017\/01\/New-Project-89.png\" \/>\n\t<meta property=\"og:image:width\" content=\"1349\" \/>\n\t<meta property=\"og:image:height\" content=\"362\" \/>\n\t<meta property=\"og:image:type\" content=\"image\/png\" \/>\n<meta name=\"twitter:card\" content=\"summary_large_image\" \/>\n<meta name=\"twitter:label1\" content=\"Est. reading time\" \/>\n\t<meta name=\"twitter:data1\" content=\"1 minute\" \/>\n<script type=\"application\/ld+json\" class=\"yoast-schema-graph\">{\"@context\":\"https:\/\/schema.org\",\"@graph\":[{\"@type\":\"WebPage\",\"@id\":\"http:\/\/13.127.36.189\/portuguese\/about\/\",\"url\":\"http:\/\/13.127.36.189\/portuguese\/about\/\",\"name\":\"Sobre | Atul\",\"isPartOf\":{\"@id\":\"http:\/\/13.127.36.189\/portuguese\/#website\"},\"primaryImageOfPage\":{\"@id\":\"http:\/\/13.127.36.189\/portuguese\/about\/#primaryimage\"},\"image\":{\"@id\":\"http:\/\/13.127.36.189\/portuguese\/about\/#primaryimage\"},\"thumbnailUrl\":\"https:\/\/www.atul.co.in\/portuguese\/wp-content\/uploads\/2017\/01\/New-Project-89.png\",\"datePublished\":\"2017-01-18T15:31:24+00:00\",\"dateModified\":\"2020-03-17T11:38:09+00:00\",\"breadcrumb\":{\"@id\":\"http:\/\/13.127.36.189\/portuguese\/about\/#breadcrumb\"},\"inLanguage\":\"en-US\",\"potentialAction\":[{\"@type\":\"ReadAction\",\"target\":[\"http:\/\/13.127.36.189\/portuguese\/about\/\"]}]},{\"@type\":\"ImageObject\",\"inLanguage\":\"en-US\",\"@id\":\"http:\/\/13.127.36.189\/portuguese\/about\/#primaryimage\",\"url\":\"https:\/\/www.atul.co.in\/portuguese\/wp-content\/uploads\/2017\/01\/New-Project-89.png\",\"contentUrl\":\"https:\/\/www.atul.co.in\/portuguese\/wp-content\/uploads\/2017\/01\/New-Project-89.png\",\"width\":1349,\"height\":362},{\"@type\":\"BreadcrumbList\",\"@id\":\"http:\/\/13.127.36.189\/portuguese\/about\/#breadcrumb\",\"itemListElement\":[{\"@type\":\"ListItem\",\"position\":1,\"name\":\"Home\",\"item\":\"https:\/\/www.atul.co.in\/portuguese\/\"},{\"@type\":\"ListItem\",\"position\":2,\"name\":\"Sobre\"}]},{\"@type\":\"WebSite\",\"@id\":\"http:\/\/13.127.36.189\/portuguese\/#website\",\"url\":\"http:\/\/13.127.36.189\/portuguese\/\",\"name\":\"Atul Ltd\",\"description\":\"\",\"potentialAction\":[{\"@type\":\"SearchAction\",\"target\":{\"@type\":\"EntryPoint\",\"urlTemplate\":\"http:\/\/13.127.36.189\/portuguese\/?s={search_term_string}\"},\"query-input\":{\"@type\":\"PropertyValueSpecification\",\"valueRequired\":true,\"valueName\":\"search_term_string\"}}],\"inLanguage\":\"en-US\"}]}<\/script>\n<!-- \/ Yoast SEO plugin. -->","yoast_head_json":{"title":"Sobre | Atul","robots":{"index":"index","follow":"follow","max-snippet":"max-snippet:-1","max-image-preview":"max-image-preview:large","max-video-preview":"max-video-preview:-1"},"canonical":"http:\/\/13.127.36.189\/portuguese\/about\/","og_locale":"en_US","og_type":"article","og_title":"Sobre | Atul","og_description":"A Atul \u00e9 uma empresa qu\u00edmica integrada, orientada por melhorias, que atende a cerca de 6.000 clientes de 31 ind\u00fastrias em todo o mundo. A empresa estabeleceu subsidi\u00e1rias nos Estados Unidos (1994), Reino Unido (1996), China (2004), Brasil (2012) e&hellip;Read more &#8250;","og_url":"http:\/\/13.127.36.189\/portuguese\/about\/","og_site_name":"Atul Ltd","article_modified_time":"2020-03-17T11:38:09+00:00","og_image":[{"width":1349,"height":362,"url":"http:\/\/13.127.36.189\/portuguese\/wp-content\/uploads\/2017\/01\/New-Project-89.png","type":"image\/png"}],"twitter_card":"summary_large_image","twitter_misc":{"Est. reading time":"1 minute"},"schema":{"@context":"https:\/\/schema.org","@graph":[{"@type":"WebPage","@id":"http:\/\/13.127.36.189\/portuguese\/about\/","url":"http:\/\/13.127.36.189\/portuguese\/about\/","name":"Sobre | Atul","isPartOf":{"@id":"http:\/\/13.127.36.189\/portuguese\/#website"},"primaryImageOfPage":{"@id":"http:\/\/13.127.36.189\/portuguese\/about\/#primaryimage"},"image":{"@id":"http:\/\/13.127.36.189\/portuguese\/about\/#primaryimage"},"thumbnailUrl":"https:\/\/www.atul.co.in\/portuguese\/wp-content\/uploads\/2017\/01\/New-Project-89.png","datePublished":"2017-01-18T15:31:24+00:00","dateModified":"2020-03-17T11:38:09+00:00","breadcrumb":{"@id":"http:\/\/13.127.36.189\/portuguese\/about\/#breadcrumb"},"inLanguage":"en-US","potentialAction":[{"@type":"ReadAction","target":["http:\/\/13.127.36.189\/portuguese\/about\/"]}]},{"@type":"ImageObject","inLanguage":"en-US","@id":"http:\/\/13.127.36.189\/portuguese\/about\/#primaryimage","url":"https:\/\/www.atul.co.in\/portuguese\/wp-content\/uploads\/2017\/01\/New-Project-89.png","contentUrl":"https:\/\/www.atul.co.in\/portuguese\/wp-content\/uploads\/2017\/01\/New-Project-89.png","width":1349,"height":362},{"@type":"BreadcrumbList","@id":"http:\/\/13.127.36.189\/portuguese\/about\/#breadcrumb","itemListElement":[{"@type":"ListItem","position":1,"name":"Home","item":"https:\/\/www.atul.co.in\/portuguese\/"},{"@type":"ListItem","position":2,"name":"Sobre"}]},{"@type":"WebSite","@id":"http:\/\/13.127.36.189\/portuguese\/#website","url":"http:\/\/13.127.36.189\/portuguese\/","name":"Atul Ltd","description":"","potentialAction":[{"@type":"SearchAction","target":{"@type":"EntryPoint","urlTemplate":"http:\/\/13.127.36.189\/portuguese\/?s={search_term_string}"},"query-input":{"@type":"PropertyValueSpecification","valueRequired":true,"valueName":"search_term_string"}}],"inLanguage":"en-US"}]}},"_links":{"self":[{"href":"https:\/\/www.atul.co.in\/portuguese\/wp-json\/wp\/v2\/pages\/47","targetHints":{"allow":["GET"]}}],"collection":[{"href":"https:\/\/www.atul.co.in\/portuguese\/wp-json\/wp\/v2\/pages"}],"about":[{"href":"https:\/\/www.atul.co.in\/portuguese\/wp-json\/wp\/v2\/types\/page"}],"author":[{"embeddable":true,"href":"https:\/\/www.atul.co.in\/portuguese\/wp-json\/wp\/v2\/users\/1"}],"replies":[{"embeddable":true,"href":"https:\/\/www.atul.co.in\/portuguese\/wp-json\/wp\/v2\/comments?post=47"}],"version-history":[{"count":0,"href":"https:\/\/www.atul.co.in\/portuguese\/wp-json\/wp\/v2\/pages\/47\/revisions"}],"wp:featuredmedia":[{"embeddable":true,"href":"https:\/\/www.atul.co.in\/portuguese\/wp-json\/wp\/v2\/media\/6513"}],"wp:attachment":[{"href":"https:\/\/www.atul.co.in\/portuguese\/wp-json\/wp\/v2\/media?parent=47"}],"curies":[{"name":"wp","href":"https:\/\/api.w.org\/{rel}","templated":true}]}}