{"id":60,"date":"2017-01-19T03:43:46","date_gmt":"2017-01-19T03:43:46","guid":{"rendered":"http:\/\/localhost\/ethinos\/atul\/?page_id=60"},"modified":"2024-08-27T09:34:38","modified_gmt":"2024-08-27T04:04:38","slug":"aboutheritage","status":"publish","type":"page","link":"https:\/\/www.atul.co.in\/portuguese\/about\/heritage","title":{"rendered":"Patrim\u00f4nio"},"content":{"rendered":"<div class=\"heritage\">\n<div class=\"text1\">O Lalbhai Group \u00e9 uma das mais antigas casas comerciais da \u00cdndia.<br \/>\nA primeira f\u00e1brica de t\u00eaxteis do Grupo foi criada por Lalbhai Dalpatbhai em 1896.<\/div>\n<div class=\"clear\"><\/div>\n<div class=\"sep\"><\/div>\n<h2>Pais Fundadores<\/h2>\n<div class=\"text2\">A c\u00e9lebre linhagem da fam\u00edlia Lalbhai remonta h\u00e1 18 gera\u00e7\u00f5es. Com origem em Osian (Rajast\u00e3o),<br \/> a fam\u00edlia mudou-se para Ahmedabad (Gujarate) no s\u00e9c. XVII, h\u00e1 cerca de 400 anos.<\/div>\n<div class=\"founding-fathers\">\n<div class='content-column one_third'><a class=\"fancybox-inline\" href=\"#Kasturbhai\"><img loading=\"lazy\" decoding=\"async\" class=\"aligncenter size-medium wp-image-65\" src=\"https:\/\/www.atul.co.in\/portuguese\/wp-content\/uploads\/Kasturbhai-Lalbhai-4.jpg\" alt=\"\" width=\"226\" height=\"254\" \/><\/p>\n<div class=\"foundername\">Kasturbhai Lalbhai<\/div>\n<p><\/a><\/p>\n<div class=\"date\">(19 de dezembro de 1984 &#8211; 20 de janeiro de 1980)<\/div><\/div><div class='content-column one_third'><a class=\"fancybox-inline\" href=\"#Balwantrai\"><img loading=\"lazy\" decoding=\"async\" class=\"aligncenter size-medium wp-image-64\" src=\"https:\/\/www.atul.co.in\/portuguese\/wp-content\/uploads\/Balwantrai-Mazumdar-1.jpg\" alt=\"\" width=\"226\" height=\"254\" \/><\/p>\n<div class=\"foundername\">Balwantrai Mazumdar<\/div>\n<p><\/a><\/p>\n<div class=\"date\">(22 de setembro de 1902 &#8211; 20 de maio de 1981)<\/div><\/div>\n<div class='content-column one_third last_column'><a class=\"fancybox-inline\" href=\"#Siddharth\"><img loading=\"lazy\" decoding=\"async\" class=\"aligncenter size-full wp-image-63\" src=\"https:\/\/www.atul.co.in\/portuguese\/wp-content\/uploads\/Siddharth-Kasturbhai-1.jpg\" alt=\"\" width=\"226\" height=\"254\" \/><\/p>\n<div class=\"foundername\">Siddharth Lalbhai<\/div>\n<p><\/a><\/p>\n<div class=\"date\">(3 de maio de 1923 &#8211; 13 de setembro de 1998)<\/div><\/div><div class='clear_column'><\/div>\n<div class=\"clear\"><\/div>\n<div class=\"space30\"><\/div>\n<\/div>\n<\/div>\n<div style=\"display: none;\">\n<div id=\"Kasturbhai\">\n<div class=\"popupcontent\" text-align=\"justify\" >\n<div class=\"directorsimg\" style=pa><img loading=\"lazy\" decoding=\"async\" class=\"aligncenter size-medium wp-image-65\" src=\"https:\/\/www.atul.co.in\/portuguese\/wp-content\/uploads\/Kasturbhai-Lalbhai-4.jpg\" alt=\"\" width=\"226\" height=\"254\" \/><\/div>\n<div class=\"directorstext\">\n<h2>Kasturbhai Lalbhai<\/h2>\n<h3>(19 de dezembro de 1984 &#8211; 20 de janeiro de 1980)<\/h3>\n<p>Criador de institui\u00e7\u00f5es por excel\u00eancia, Kasturbhai Lalbhai prestou um contributo essencial, em especial nas \u00e1reas da ind\u00fastria, educa\u00e7\u00e3o, cultura e religi\u00e3o. Os seus esfor\u00e7os no processo de transforma\u00e7\u00e3o da \u00cdndia colonizada e empobrecida num pa\u00eds de esperan\u00e7as e oportunidades em surgimento. Teve uma vida plena de prop\u00f3sito, com integridade, disciplina, excel\u00eancia, perseveran\u00e7a e simplicidade.<\/p>\n<p>On March <span class=\"number\">A 17 de mar\u00e7o de 2012, a Atul Ltd converteu a sua primeira sede num Centro Inspirador descrevendo a vida e a \u00e9poca do seu Fundador, Kasturbhai Lalbhai. O Centro foi inaugurado por Shrenik Kasturbhai, o filho mais novo de Kasturbhai.<\/p>\n<\/div>\n<\/div>\n<\/div>\n<div style=\"display: none;\">\n<div id=\"Balwantrai\">\n<div class=\"popupcontent\" text-align=\"justify\" >\n<div class=\"directorsimg\" style=pa><img loading=\"lazy\" decoding=\"async\" class=\"aligncenter size-full wp-image-63\" src=\"https:\/\/www.atul.co.in\/portuguese\/wp-content\/uploads\/Balwantrai-Mazumdar-1.jpg\" alt=\"\" width=\"226\" height=\"254\" \/><\/div>\n<div class=\"directorstext\">\n<h2>Balwantrai Mazumdar<\/h2>\n<h3>(22 de setembro de 1902 &#8211; 20 de maio de 1981)<\/h3>\n<p>Formado em Economia, Balwantrai Mazumdar era um confidente fi\u00e1vel de Kasturbhai Lalbhai. Leitor voraz, foi um grande pensador, um ouvinte paciente e um profissional com uma ampla vis\u00e3o.<\/p>\n<p>Foi fundamental para transformar Atul de uma terra \u00e1rida, num dos complexos qu\u00edmicos mais ecol\u00f3gicos do g\u00e9nero em todo o mundo. Permaneceu no Grupo at\u00e9 ao fim da vida, tal como a maioria das pessoas que trabalharam com Kasturbhai. <\/p><\/div>\n<\/div>\n<\/div>\n<div style=\"display: none;\">\n<div id=\"Siddharth\">\n<div class=\"popupcontent\" text-align=\"justify\" >\n<div class=\"directorsimg\" style=pa><img loading=\"lazy\" decoding=\"async\" class=\"aligncenter size-full wp-image-63\" src=\"https:\/\/www.atul.co.in\/portuguese\/wp-content\/uploads\/Siddharth-Kasturbhai-1.jpg\" alt=\"\" width=\"226\" height=\"254\" \/><\/div>\n<div class=\"directorstext\">\n<h2>Siddharth Lalbhai<\/h2>\n<h3>(3 de maio de 1923 &#8211; 13 de setembro de 1998)<\/h3>\n<p>Formado em engenharia qu\u00edmica, Siddharth Lalbhai era o filho mais velho de Kasturbhai. Mudou-se para a Atul desde o in\u00edcio da sua cria\u00e7\u00e3o e desempenhou um papel importante em tornar a Atul num dos primeiros conglomerados qu\u00edmicos, atribuindo igual import\u00e2ncia \u00e0 cria\u00e7\u00e3o de riqueza e ao servi\u00e7o \u00e0 sociedade.<\/p>\n<p>Homem de poucas palavras, acreditava fortemente na gest\u00e3o fiduci\u00e1ria na administra\u00e7\u00e3o, na discri\u00e7\u00e3o, na simplicidade e dedica\u00e7\u00e3o incessante \u00e0s tarefas que tinha em m\u00e3os. Sucedeu a Kasturbhai como segundo Presidente da Atul. <\/p><\/div>\n<\/div>\n<\/div>\n<div><\/div>\n","protected":false},"excerpt":{"rendered":"<p>O Lalbhai Group \u00e9 uma das mais antigas casas comerciais da \u00cdndia. A primeira f\u00e1brica de t\u00eaxteis do Grupo foi criada por Lalbhai Dalpatbhai em 1896. Pais Fundadores A c\u00e9lebre linhagem da fam\u00edlia Lalbhai remonta h\u00e1 18 gera\u00e7\u00f5es. Com origem<span class=\"ellipsis\">&hellip;<\/span><\/p>\n<div class=\"read-more\"><a href=\"https:\/\/www.atul.co.in\/portuguese\/about\/heritage\">Read more &#8250;<\/a><\/div>\n<p><!-- end of .read-more --><\/p>\n","protected":false},"author":1,"featured_media":5746,"parent":47,"menu_order":0,"comment_status":"closed","ping_status":"closed","template":"","meta":{"_acf_changed":false,"footnotes":"","_links_to":"","_links_to_target":""},"class_list":["post-60","page","type-page","status-publish","has-post-thumbnail","hentry"],"acf":[],"yoast_head":"<!-- This site is optimized with the Yoast SEO plugin v26.8 - https:\/\/yoast.com\/product\/yoast-seo-wordpress\/ -->\n<title>Patrim\u00f4nio | Atul<\/title>\n<meta name=\"robots\" content=\"index, follow, max-snippet:-1, max-image-preview:large, max-video-preview:-1\" \/>\n<link rel=\"canonical\" href=\"http:\/\/13.127.36.189\/portuguese\/about\/heritage\/\" \/>\n<meta property=\"og:locale\" content=\"en_US\" \/>\n<meta property=\"og:type\" content=\"article\" \/>\n<meta property=\"og:title\" content=\"Patrim\u00f4nio | Atul\" \/>\n<meta property=\"og:description\" content=\"O Lalbhai Group \u00e9 uma das mais antigas casas comerciais da \u00cdndia. A primeira f\u00e1brica de t\u00eaxteis do Grupo foi criada por Lalbhai Dalpatbhai em 1896. Pais Fundadores A c\u00e9lebre linhagem da fam\u00edlia Lalbhai remonta h\u00e1 18 gera\u00e7\u00f5es. Com origem&hellip;Read more &#8250;\" \/>\n<meta property=\"og:url\" content=\"http:\/\/13.127.36.189\/portuguese\/about\/heritage\/\" \/>\n<meta property=\"og:site_name\" content=\"Atul Ltd\" \/>\n<meta property=\"article:modified_time\" content=\"2024-08-27T04:04:38+00:00\" \/>\n<meta property=\"og:image\" content=\"http:\/\/13.127.36.189\/portuguese\/wp-content\/uploads\/2017\/01\/heritage-banner-2.jpg\" \/>\n\t<meta property=\"og:image:width\" content=\"1250\" \/>\n\t<meta property=\"og:image:height\" content=\"335\" \/>\n\t<meta property=\"og:image:type\" content=\"image\/jpeg\" \/>\n<meta name=\"twitter:card\" content=\"summary_large_image\" \/>\n<meta name=\"twitter:label1\" content=\"Est. reading time\" \/>\n\t<meta name=\"twitter:data1\" content=\"2 minutes\" \/>\n<script type=\"application\/ld+json\" class=\"yoast-schema-graph\">{\"@context\":\"https:\/\/schema.org\",\"@graph\":[{\"@type\":\"WebPage\",\"@id\":\"http:\/\/13.127.36.189\/portuguese\/about\/heritage\/\",\"url\":\"http:\/\/13.127.36.189\/portuguese\/about\/heritage\/\",\"name\":\"Patrim\u00f4nio | Atul\",\"isPartOf\":{\"@id\":\"http:\/\/13.127.36.189\/portuguese\/#website\"},\"primaryImageOfPage\":{\"@id\":\"http:\/\/13.127.36.189\/portuguese\/about\/heritage\/#primaryimage\"},\"image\":{\"@id\":\"http:\/\/13.127.36.189\/portuguese\/about\/heritage\/#primaryimage\"},\"thumbnailUrl\":\"https:\/\/www.atul.co.in\/portuguese\/wp-content\/uploads\/2017\/01\/heritage-banner-2.jpg\",\"datePublished\":\"2017-01-19T03:43:46+00:00\",\"dateModified\":\"2024-08-27T04:04:38+00:00\",\"breadcrumb\":{\"@id\":\"http:\/\/13.127.36.189\/portuguese\/about\/heritage\/#breadcrumb\"},\"inLanguage\":\"en-US\",\"potentialAction\":[{\"@type\":\"ReadAction\",\"target\":[\"http:\/\/13.127.36.189\/portuguese\/about\/heritage\/\"]}]},{\"@type\":\"ImageObject\",\"inLanguage\":\"en-US\",\"@id\":\"http:\/\/13.127.36.189\/portuguese\/about\/heritage\/#primaryimage\",\"url\":\"https:\/\/www.atul.co.in\/portuguese\/wp-content\/uploads\/2017\/01\/heritage-banner-2.jpg\",\"contentUrl\":\"https:\/\/www.atul.co.in\/portuguese\/wp-content\/uploads\/2017\/01\/heritage-banner-2.jpg\",\"width\":1250,\"height\":335},{\"@type\":\"BreadcrumbList\",\"@id\":\"http:\/\/13.127.36.189\/portuguese\/about\/heritage\/#breadcrumb\",\"itemListElement\":[{\"@type\":\"ListItem\",\"position\":1,\"name\":\"Home\",\"item\":\"https:\/\/www.atul.co.in\/portuguese\/\"},{\"@type\":\"ListItem\",\"position\":2,\"name\":\"Sobre\",\"item\":\"http:\/\/13.127.36.189\/portuguese\/about\/\"},{\"@type\":\"ListItem\",\"position\":3,\"name\":\"Patrim\u00f4nio\"}]},{\"@type\":\"WebSite\",\"@id\":\"http:\/\/13.127.36.189\/portuguese\/#website\",\"url\":\"http:\/\/13.127.36.189\/portuguese\/\",\"name\":\"Atul Ltd\",\"description\":\"\",\"potentialAction\":[{\"@type\":\"SearchAction\",\"target\":{\"@type\":\"EntryPoint\",\"urlTemplate\":\"http:\/\/13.127.36.189\/portuguese\/?s={search_term_string}\"},\"query-input\":{\"@type\":\"PropertyValueSpecification\",\"valueRequired\":true,\"valueName\":\"search_term_string\"}}],\"inLanguage\":\"en-US\"}]}<\/script>\n<!-- \/ Yoast SEO plugin. -->","yoast_head_json":{"title":"Patrim\u00f4nio | Atul","robots":{"index":"index","follow":"follow","max-snippet":"max-snippet:-1","max-image-preview":"max-image-preview:large","max-video-preview":"max-video-preview:-1"},"canonical":"http:\/\/13.127.36.189\/portuguese\/about\/heritage\/","og_locale":"en_US","og_type":"article","og_title":"Patrim\u00f4nio | Atul","og_description":"O Lalbhai Group \u00e9 uma das mais antigas casas comerciais da \u00cdndia. A primeira f\u00e1brica de t\u00eaxteis do Grupo foi criada por Lalbhai Dalpatbhai em 1896. Pais Fundadores A c\u00e9lebre linhagem da fam\u00edlia Lalbhai remonta h\u00e1 18 gera\u00e7\u00f5es. Com origem&hellip;Read more &#8250;","og_url":"http:\/\/13.127.36.189\/portuguese\/about\/heritage\/","og_site_name":"Atul Ltd","article_modified_time":"2024-08-27T04:04:38+00:00","og_image":[{"width":1250,"height":335,"url":"http:\/\/13.127.36.189\/portuguese\/wp-content\/uploads\/2017\/01\/heritage-banner-2.jpg","type":"image\/jpeg"}],"twitter_card":"summary_large_image","twitter_misc":{"Est. reading time":"2 minutes"},"schema":{"@context":"https:\/\/schema.org","@graph":[{"@type":"WebPage","@id":"http:\/\/13.127.36.189\/portuguese\/about\/heritage\/","url":"http:\/\/13.127.36.189\/portuguese\/about\/heritage\/","name":"Patrim\u00f4nio | Atul","isPartOf":{"@id":"http:\/\/13.127.36.189\/portuguese\/#website"},"primaryImageOfPage":{"@id":"http:\/\/13.127.36.189\/portuguese\/about\/heritage\/#primaryimage"},"image":{"@id":"http:\/\/13.127.36.189\/portuguese\/about\/heritage\/#primaryimage"},"thumbnailUrl":"https:\/\/www.atul.co.in\/portuguese\/wp-content\/uploads\/2017\/01\/heritage-banner-2.jpg","datePublished":"2017-01-19T03:43:46+00:00","dateModified":"2024-08-27T04:04:38+00:00","breadcrumb":{"@id":"http:\/\/13.127.36.189\/portuguese\/about\/heritage\/#breadcrumb"},"inLanguage":"en-US","potentialAction":[{"@type":"ReadAction","target":["http:\/\/13.127.36.189\/portuguese\/about\/heritage\/"]}]},{"@type":"ImageObject","inLanguage":"en-US","@id":"http:\/\/13.127.36.189\/portuguese\/about\/heritage\/#primaryimage","url":"https:\/\/www.atul.co.in\/portuguese\/wp-content\/uploads\/2017\/01\/heritage-banner-2.jpg","contentUrl":"https:\/\/www.atul.co.in\/portuguese\/wp-content\/uploads\/2017\/01\/heritage-banner-2.jpg","width":1250,"height":335},{"@type":"BreadcrumbList","@id":"http:\/\/13.127.36.189\/portuguese\/about\/heritage\/#breadcrumb","itemListElement":[{"@type":"ListItem","position":1,"name":"Home","item":"https:\/\/www.atul.co.in\/portuguese\/"},{"@type":"ListItem","position":2,"name":"Sobre","item":"http:\/\/13.127.36.189\/portuguese\/about\/"},{"@type":"ListItem","position":3,"name":"Patrim\u00f4nio"}]},{"@type":"WebSite","@id":"http:\/\/13.127.36.189\/portuguese\/#website","url":"http:\/\/13.127.36.189\/portuguese\/","name":"Atul Ltd","description":"","potentialAction":[{"@type":"SearchAction","target":{"@type":"EntryPoint","urlTemplate":"http:\/\/13.127.36.189\/portuguese\/?s={search_term_string}"},"query-input":{"@type":"PropertyValueSpecification","valueRequired":true,"valueName":"search_term_string"}}],"inLanguage":"en-US"}]}},"_links":{"self":[{"href":"https:\/\/www.atul.co.in\/portuguese\/wp-json\/wp\/v2\/pages\/60","targetHints":{"allow":["GET"]}}],"collection":[{"href":"https:\/\/www.atul.co.in\/portuguese\/wp-json\/wp\/v2\/pages"}],"about":[{"href":"https:\/\/www.atul.co.in\/portuguese\/wp-json\/wp\/v2\/types\/page"}],"author":[{"embeddable":true,"href":"https:\/\/www.atul.co.in\/portuguese\/wp-json\/wp\/v2\/users\/1"}],"replies":[{"embeddable":true,"href":"https:\/\/www.atul.co.in\/portuguese\/wp-json\/wp\/v2\/comments?post=60"}],"version-history":[{"count":0,"href":"https:\/\/www.atul.co.in\/portuguese\/wp-json\/wp\/v2\/pages\/60\/revisions"}],"up":[{"embeddable":true,"href":"https:\/\/www.atul.co.in\/portuguese\/wp-json\/wp\/v2\/pages\/47"}],"wp:featuredmedia":[{"embeddable":true,"href":"https:\/\/www.atul.co.in\/portuguese\/wp-json\/wp\/v2\/media\/5746"}],"wp:attachment":[{"href":"https:\/\/www.atul.co.in\/portuguese\/wp-json\/wp\/v2\/media?parent=60"}],"curies":[{"name":"wp","href":"https:\/\/api.w.org\/{rel}","templated":true}]}}