{"id":6517,"date":"2019-11-27T16:55:44","date_gmt":"2019-11-27T11:25:44","guid":{"rendered":"https:\/\/www.atul.co.in\/portuguese\/?page_id=6517"},"modified":"2020-03-18T16:57:38","modified_gmt":"2020-03-18T11:27:38","slug":"aboutrecognition_archive","status":"publish","type":"page","link":"https:\/\/www.atul.co.in\/portuguese\/about\/recognition_archive\/","title":{"rendered":"Reconhecimento"},"content":{"rendered":"<div class=\"recognition\">\n<div class=\"text1\">A Atul est\u00e1 constantemente enfatizando qualidade e seguran\u00e7a, al\u00e9m das iniciativas de neg\u00f3cios,<br \/> sendo que o crescimento inclusivo foi reconhecido com v\u00e1rios pr\u00eamios.<\/div>\n<div class=\"sep\"><\/div>\n<div class=\"recognitionbox\">\n<div class=\"recognitionbox1\"><center><img loading=\"lazy\" decoding=\"async\" src=\"https:\/\/www.atul.co.in\/portuguese\/wp-content\/uploads\/recg3-1.jpg\" alt=\"\" width=\"352\" height=\"245\" class=\"alignleft size-full wp-image-119\" \/> <\/p>\n<div class=\"twoline\">Pr\u00eamio de Melhor Programa de Indu\u00e7\u00e3o pelo Chief Learning Officer Summit de 2016<\/div>\n<p><\/center>\n<\/div>\n<div class=\"recognitionbox2\"><center><img loading=\"lazy\" decoding=\"async\" src=\"https:\/\/www.atul.co.in\/portuguese\/wp-content\/uploads\/recg7-1.jpg\" alt=\"\" width=\"354\" height=\"247\" class=\"alignleft size-full wp-image-123\" \/><\/p>\n<div class=\"twoline\">Pr\u00eamio de Fornecedor Inovador do Ano pela Hindustan Zinc Ltd<\/div>\n<p><\/center>\n<\/div>\n<div class=\"recognitionbox3\">\n<center><img loading=\"lazy\" decoding=\"async\" src=\"https:\/\/www.atul.co.in\/portuguese\/wp-content\/uploads\/Photo-Flame-Awards-Asia-2017-April-28-2017-2.jpg\" alt=\"\" width=\"352\" height=\"245\" class=\"alignleft size-full wp-image-4317\" srcset=\"https:\/\/www.atul.co.in\/portuguese\/wp-content\/uploads\/Photo-Flame-Awards-Asia-2017-April-28-2017-2.jpg 352w, https:\/\/www.atul.co.in\/portuguese\/wp-content\/uploads\/Photo-Flame-Awards-Asia-2017-April-28-2017-2-60x42.jpg 60w\" sizes=\"auto, (max-width: 352px) 100vw, 352px\" \/><\/p>\n<div class=\"threeline\">Certificado de m\u00e9rito pelo projeto esverdear os desertos&#8217; pelo Flame Awards Asia 2016<\/div>\n<p><\/center>\n<\/div>\n<div class=\"clear\"><\/div>\n<div class=\"recognitionbox1\"><center><img loading=\"lazy\" decoding=\"async\" src=\"https:\/\/www.atul.co.in\/portuguese\/wp-content\/uploads\/recg8-1.jpg\" alt=\"\" width=\"352\" height=\"245\" class=\"alignleft size-full wp-image-124\" \/> <\/p>\n<div class=\"twoline\">Pr\u00eamio dos 100 L\u00edderes Globais de RH Mais Talentosos do Congresso Mundial de RH <\/div>\n<p><\/center>\n<\/div>\n<div class=\"recognitionbox2\"><center><img loading=\"lazy\" decoding=\"async\" src=\"https:\/\/www.atul.co.in\/portuguese\/wp-content\/uploads\/recg5-1.jpg\" alt=\"\" width=\"352\" height=\"245\" class=\"alignleft size-full wp-image-121\" \/><\/p>\n<div class=\"twoline\">Finalista no Concurso Jovens Gerentes Not\u00e1veis 2016-17 na Associa\u00e7\u00e3o de Gest\u00e3o de Baroda <\/div>\n<p><\/center>\n<\/div>\n<div class=\"recognitionbox3\"><center><img loading=\"lazy\" decoding=\"async\" src=\"https:\/\/www.atul.co.in\/portuguese\/wp-content\/uploads\/recg6-1.jpg\" alt=\"\" width=\"352\" height=\"245\" class=\"alignleft size-full wp-image-122\" \/><\/p>\n<div class=\"twoline\">Pr\u00eamio Asia One White Swan recebido por Atul Vidyalaya<\/div>\n<p><\/center>\n<\/div>\n<div class=\"clear\"><\/div>\n<div class=\"recognitionbox1\"><center><img loading=\"lazy\" decoding=\"async\" src=\"https:\/\/www.atul.co.in\/portuguese\/wp-content\/uploads\/recg2-1.jpg\" alt=\"\" width=\"352\" height=\"245\" class=\"alignleft size-full wp-image-118\" \/><\/p>\n<div class=\"twoline\">Pr\u00eamio de Lideran\u00e7a em RSC pelo Congresso Mundial de RSC<\/div>\n<p><\/center>\n<\/div>\n<div class=\"recognitionbox2\"><center><img loading=\"lazy\" decoding=\"async\" src=\"https:\/\/www.atul.co.in\/portuguese\/wp-content\/uploads\/recg4-1.jpg\" alt=\"\" width=\"352\" height=\"245\" class=\"alignleft size-full wp-image-120\" \/><\/p>\n<div class=\"threeline\">A excelente doa\u00e7\u00e3o de sangue impulsiona o reconhecimento de parceiros por parte de Valsad Raktdan Kendra<\/div>\n<p><\/center>\n<\/div>\n<div class=\"recognitionbox3\"><center><img loading=\"lazy\" decoding=\"async\" src=\"https:\/\/www.atul.co.in\/portuguese\/wp-content\/uploads\/recg1-1.jpg\" alt=\"\" width=\"352\" height=\"245\" class=\"alignleft size-full wp-image-117\" \/><\/p>\n<div class=\"threeline\">Pr\u00eamio Nacional de Professores pelo Departamento de Educa\u00e7\u00e3o e Alfabetiza\u00e7\u00e3o Escolar<\/div>\n<p><\/center>\n<\/div>\n<\/div>\n<div class=\"clear\"><\/div>\n<\/div>\n<\/div>\n<div style=\"display:none\">\n<div id=\"recognition1\">\n<div class=\"popupcontent\">\n<div class=\"recognitionimg\"><img loading=\"lazy\" decoding=\"async\" src=\"https:\/\/www.atul.co.in\/portuguese\/wp-content\/uploads\/recg1.jpg\" alt=\"\" width=\"352\" height=\"245\" text-align=\"justify\" class=\"alignleft size-full wp-image-117\" \/><\/div>\n<div class=\"recognitiontext\">\n<h2>Shram Ratna Award for controlling heavy leakage of molten DNCB.<\/h2>\n<p>An institution builder par excellence, Kasturbhai Lalbhai made seminal contributions particularly in the fields of industry, education, culture and religion. His pioneering efforts helped in the process of transformation of a colonised and impoverished India to a land of emerging hopes and opportunities. He led a purposeful life imbibed with integrity, discipline, excellence, perseverance and simplicity. <\/p>\n<p>On March 17, 2012, Atul Ltd converted its first office into anInspiring Centerto depict the life and times of its Founder, Kasturbhai Lalbhai. The Center was inaugurated by Shrenik Kasturbhai, the younger son of Kasturbhai.<\/p><\/div>\n<div class=\"clear\"><\/div>\n<\/div>\n<\/div>\n<\/div>\n","protected":false},"excerpt":{"rendered":"<p>A Atul est\u00e1 constantemente enfatizando qualidade e seguran\u00e7a, al\u00e9m das iniciativas de neg\u00f3cios, sendo que o crescimento inclusivo foi reconhecido com v\u00e1rios pr\u00eamios. Pr\u00eamio de Melhor Programa de Indu\u00e7\u00e3o pelo Chief Learning Officer Summit de 2016 Pr\u00eamio de Fornecedor Inovador<span class=\"ellipsis\">&hellip;<\/span><\/p>\n<div class=\"read-more\"><a href=\"https:\/\/www.atul.co.in\/portuguese\/about\/recognition_archive\/\">Read more &#8250;<\/a><\/div>\n<p><!-- end of .read-more --><\/p>\n","protected":false},"author":1,"featured_media":5747,"parent":47,"menu_order":0,"comment_status":"closed","ping_status":"closed","template":"","meta":{"_acf_changed":false,"footnotes":"","_links_to":"","_links_to_target":""},"class_list":["post-6517","page","type-page","status-publish","has-post-thumbnail","hentry"],"acf":[],"yoast_head":"<!-- This site is optimized with the Yoast SEO plugin v26.8 - https:\/\/yoast.com\/product\/yoast-seo-wordpress\/ -->\n<title>Reconhecimento | Atul<\/title>\n<meta name=\"robots\" content=\"index, follow, max-snippet:-1, max-image-preview:large, max-video-preview:-1\" \/>\n<link rel=\"canonical\" href=\"https:\/\/www.atul.co.in\/portuguese\/about\/recognition_archive\/\" \/>\n<meta property=\"og:locale\" content=\"en_US\" \/>\n<meta property=\"og:type\" content=\"article\" \/>\n<meta property=\"og:title\" content=\"Reconhecimento | Atul\" \/>\n<meta property=\"og:description\" content=\"A Atul est\u00e1 constantemente enfatizando qualidade e seguran\u00e7a, al\u00e9m das iniciativas de neg\u00f3cios, sendo que o crescimento inclusivo foi reconhecido com v\u00e1rios pr\u00eamios. Pr\u00eamio de Melhor Programa de Indu\u00e7\u00e3o pelo Chief Learning Officer Summit de 2016 Pr\u00eamio de Fornecedor Inovador&hellip;Read more &#8250;\" \/>\n<meta property=\"og:url\" content=\"https:\/\/www.atul.co.in\/portuguese\/about\/recognition_archive\/\" \/>\n<meta property=\"og:site_name\" content=\"Atul Ltd\" \/>\n<meta property=\"article:modified_time\" content=\"2020-03-18T11:27:38+00:00\" \/>\n<meta property=\"og:image\" content=\"https:\/\/www.atul.co.in\/portuguese\/wp-content\/uploads\/2017\/01\/recognition-banner-2.jpg\" \/>\n\t<meta property=\"og:image:width\" content=\"1250\" \/>\n\t<meta property=\"og:image:height\" content=\"335\" \/>\n\t<meta property=\"og:image:type\" content=\"image\/jpeg\" \/>\n<meta name=\"twitter:card\" content=\"summary_large_image\" \/>\n<meta name=\"twitter:label1\" content=\"Est. reading time\" \/>\n\t<meta name=\"twitter:data1\" content=\"1 minute\" \/>\n<script type=\"application\/ld+json\" class=\"yoast-schema-graph\">{\"@context\":\"https:\/\/schema.org\",\"@graph\":[{\"@type\":\"WebPage\",\"@id\":\"https:\/\/www.atul.co.in\/portuguese\/about\/recognition_archive\/\",\"url\":\"https:\/\/www.atul.co.in\/portuguese\/about\/recognition_archive\/\",\"name\":\"Reconhecimento | Atul\",\"isPartOf\":{\"@id\":\"http:\/\/13.127.36.189\/portuguese\/#website\"},\"primaryImageOfPage\":{\"@id\":\"https:\/\/www.atul.co.in\/portuguese\/about\/recognition_archive\/#primaryimage\"},\"image\":{\"@id\":\"https:\/\/www.atul.co.in\/portuguese\/about\/recognition_archive\/#primaryimage\"},\"thumbnailUrl\":\"https:\/\/www.atul.co.in\/portuguese\/wp-content\/uploads\/2017\/01\/recognition-banner-2.jpg\",\"datePublished\":\"2019-11-27T11:25:44+00:00\",\"dateModified\":\"2020-03-18T11:27:38+00:00\",\"breadcrumb\":{\"@id\":\"https:\/\/www.atul.co.in\/portuguese\/about\/recognition_archive\/#breadcrumb\"},\"inLanguage\":\"en-US\",\"potentialAction\":[{\"@type\":\"ReadAction\",\"target\":[\"https:\/\/www.atul.co.in\/portuguese\/about\/recognition_archive\/\"]}]},{\"@type\":\"ImageObject\",\"inLanguage\":\"en-US\",\"@id\":\"https:\/\/www.atul.co.in\/portuguese\/about\/recognition_archive\/#primaryimage\",\"url\":\"https:\/\/www.atul.co.in\/portuguese\/wp-content\/uploads\/2017\/01\/recognition-banner-2.jpg\",\"contentUrl\":\"https:\/\/www.atul.co.in\/portuguese\/wp-content\/uploads\/2017\/01\/recognition-banner-2.jpg\",\"width\":1250,\"height\":335},{\"@type\":\"BreadcrumbList\",\"@id\":\"https:\/\/www.atul.co.in\/portuguese\/about\/recognition_archive\/#breadcrumb\",\"itemListElement\":[{\"@type\":\"ListItem\",\"position\":1,\"name\":\"Home\",\"item\":\"https:\/\/www.atul.co.in\/portuguese\/\"},{\"@type\":\"ListItem\",\"position\":2,\"name\":\"Sobre\",\"item\":\"http:\/\/13.127.36.189\/portuguese\/about\/\"},{\"@type\":\"ListItem\",\"position\":3,\"name\":\"Reconhecimento\"}]},{\"@type\":\"WebSite\",\"@id\":\"http:\/\/13.127.36.189\/portuguese\/#website\",\"url\":\"http:\/\/13.127.36.189\/portuguese\/\",\"name\":\"Atul Ltd\",\"description\":\"\",\"potentialAction\":[{\"@type\":\"SearchAction\",\"target\":{\"@type\":\"EntryPoint\",\"urlTemplate\":\"http:\/\/13.127.36.189\/portuguese\/?s={search_term_string}\"},\"query-input\":{\"@type\":\"PropertyValueSpecification\",\"valueRequired\":true,\"valueName\":\"search_term_string\"}}],\"inLanguage\":\"en-US\"}]}<\/script>\n<!-- \/ Yoast SEO plugin. -->","yoast_head_json":{"title":"Reconhecimento | Atul","robots":{"index":"index","follow":"follow","max-snippet":"max-snippet:-1","max-image-preview":"max-image-preview:large","max-video-preview":"max-video-preview:-1"},"canonical":"https:\/\/www.atul.co.in\/portuguese\/about\/recognition_archive\/","og_locale":"en_US","og_type":"article","og_title":"Reconhecimento | Atul","og_description":"A Atul est\u00e1 constantemente enfatizando qualidade e seguran\u00e7a, al\u00e9m das iniciativas de neg\u00f3cios, sendo que o crescimento inclusivo foi reconhecido com v\u00e1rios pr\u00eamios. Pr\u00eamio de Melhor Programa de Indu\u00e7\u00e3o pelo Chief Learning Officer Summit de 2016 Pr\u00eamio de Fornecedor Inovador&hellip;Read more &#8250;","og_url":"https:\/\/www.atul.co.in\/portuguese\/about\/recognition_archive\/","og_site_name":"Atul Ltd","article_modified_time":"2020-03-18T11:27:38+00:00","og_image":[{"width":1250,"height":335,"url":"https:\/\/www.atul.co.in\/portuguese\/wp-content\/uploads\/2017\/01\/recognition-banner-2.jpg","type":"image\/jpeg"}],"twitter_card":"summary_large_image","twitter_misc":{"Est. reading time":"1 minute"},"schema":{"@context":"https:\/\/schema.org","@graph":[{"@type":"WebPage","@id":"https:\/\/www.atul.co.in\/portuguese\/about\/recognition_archive\/","url":"https:\/\/www.atul.co.in\/portuguese\/about\/recognition_archive\/","name":"Reconhecimento | Atul","isPartOf":{"@id":"http:\/\/13.127.36.189\/portuguese\/#website"},"primaryImageOfPage":{"@id":"https:\/\/www.atul.co.in\/portuguese\/about\/recognition_archive\/#primaryimage"},"image":{"@id":"https:\/\/www.atul.co.in\/portuguese\/about\/recognition_archive\/#primaryimage"},"thumbnailUrl":"https:\/\/www.atul.co.in\/portuguese\/wp-content\/uploads\/2017\/01\/recognition-banner-2.jpg","datePublished":"2019-11-27T11:25:44+00:00","dateModified":"2020-03-18T11:27:38+00:00","breadcrumb":{"@id":"https:\/\/www.atul.co.in\/portuguese\/about\/recognition_archive\/#breadcrumb"},"inLanguage":"en-US","potentialAction":[{"@type":"ReadAction","target":["https:\/\/www.atul.co.in\/portuguese\/about\/recognition_archive\/"]}]},{"@type":"ImageObject","inLanguage":"en-US","@id":"https:\/\/www.atul.co.in\/portuguese\/about\/recognition_archive\/#primaryimage","url":"https:\/\/www.atul.co.in\/portuguese\/wp-content\/uploads\/2017\/01\/recognition-banner-2.jpg","contentUrl":"https:\/\/www.atul.co.in\/portuguese\/wp-content\/uploads\/2017\/01\/recognition-banner-2.jpg","width":1250,"height":335},{"@type":"BreadcrumbList","@id":"https:\/\/www.atul.co.in\/portuguese\/about\/recognition_archive\/#breadcrumb","itemListElement":[{"@type":"ListItem","position":1,"name":"Home","item":"https:\/\/www.atul.co.in\/portuguese\/"},{"@type":"ListItem","position":2,"name":"Sobre","item":"http:\/\/13.127.36.189\/portuguese\/about\/"},{"@type":"ListItem","position":3,"name":"Reconhecimento"}]},{"@type":"WebSite","@id":"http:\/\/13.127.36.189\/portuguese\/#website","url":"http:\/\/13.127.36.189\/portuguese\/","name":"Atul Ltd","description":"","potentialAction":[{"@type":"SearchAction","target":{"@type":"EntryPoint","urlTemplate":"http:\/\/13.127.36.189\/portuguese\/?s={search_term_string}"},"query-input":{"@type":"PropertyValueSpecification","valueRequired":true,"valueName":"search_term_string"}}],"inLanguage":"en-US"}]}},"_links":{"self":[{"href":"https:\/\/www.atul.co.in\/portuguese\/wp-json\/wp\/v2\/pages\/6517","targetHints":{"allow":["GET"]}}],"collection":[{"href":"https:\/\/www.atul.co.in\/portuguese\/wp-json\/wp\/v2\/pages"}],"about":[{"href":"https:\/\/www.atul.co.in\/portuguese\/wp-json\/wp\/v2\/types\/page"}],"author":[{"embeddable":true,"href":"https:\/\/www.atul.co.in\/portuguese\/wp-json\/wp\/v2\/users\/1"}],"replies":[{"embeddable":true,"href":"https:\/\/www.atul.co.in\/portuguese\/wp-json\/wp\/v2\/comments?post=6517"}],"version-history":[{"count":0,"href":"https:\/\/www.atul.co.in\/portuguese\/wp-json\/wp\/v2\/pages\/6517\/revisions"}],"up":[{"embeddable":true,"href":"https:\/\/www.atul.co.in\/portuguese\/wp-json\/wp\/v2\/pages\/47"}],"wp:featuredmedia":[{"embeddable":true,"href":"https:\/\/www.atul.co.in\/portuguese\/wp-json\/wp\/v2\/media\/5747"}],"wp:attachment":[{"href":"https:\/\/www.atul.co.in\/portuguese\/wp-json\/wp\/v2\/media?parent=6517"}],"curies":[{"name":"wp","href":"https:\/\/api.w.org\/{rel}","templated":true}]}}