{"id":6522,"date":"2019-11-29T11:41:57","date_gmt":"2019-11-29T06:11:57","guid":{"rendered":"https:\/\/www.atul.co.in\/portuguese\/?page_id=6522"},"modified":"2020-04-20T10:01:12","modified_gmt":"2020-04-20T04:31:12","slug":"privacy-policy","status":"publish","type":"page","link":"https:\/\/www.atul.co.in\/portuguese\/privacy-policy\/","title":{"rendered":"Politica de Privacidade"},"content":{"rendered":"<p>A Atul Ltd (doravante denominada Empresa) se compromete em respeitar a privacidade de todas as pessoas, incluindo seus funcion\u00e1rios, parceiros de neg\u00f3cios | associados, fornecedores, revendedores, clientes e todos os outros que compartilham seus dados ou informa\u00e7\u00f5es pessoais sens\u00edveis (informa\u00e7\u00f5es pessoais sigilosas) com a Empresa.<\/p>\n<p>Esta pol\u00edtica de privacidade (Pol\u00edtica) \u00e9 aplic\u00e1vel a funcion\u00e1rios, parceiros de neg\u00f3cios | associados, fornecedores, revendedores, clientes e todos os outros (fornecedores de informa\u00e7\u00f5es) que divulgam informa\u00e7\u00f5es pessoais sigilosas \u00e0 Empresa por exig\u00eancias comerciais legais da Empresa.<\/p>\n<p>A finalidade desta Pol\u00edtica, conforme alterada de tempos em tempos, \u00e9 a de dar aos fornecedores de informa\u00e7\u00e3o um entendimento sobre como a Empresa pretende recolher, receber, possuir, armazenar, transferir, tratar, lidar e utilizar as informa\u00e7\u00f5es pessoais sigilosas fornecidas \u00e0 Empresa.<\/p>\n<p>As informa\u00e7\u00f5es pessoais sigilosas dos provedores de informa\u00e7\u00f5es podem ser solicitadas para serem coletadas, mantidas e transferidas para fins comerciais e oficiais. Talvez essas informa\u00e7\u00f5es pessoais sigilosas precisem ser compartilhadas com outras empresas do grupo ou terceiros, dentro e fora do pa\u00eds, de acordo com os requisitos comerciais legais da Empresa.<\/p>\n<p>A Empresa assegurar\u00e1 a confidencialidade de tais informa\u00e7\u00f5es pessoais sigilosas e queixas, se houver, relacionadas a tais assuntos ser\u00e3o resolvidas pelo respons\u00e1vel pela queixa nomeado pela Empresa para este fim (respons\u00e1vel pela queixa).<\/p>\n<p>Ao executar uma carta de consentimento fornecida pela Empresa, os fornecedores de informa\u00e7\u00e3o consentir\u00e3o na recolha, armazenamento, utiliza\u00e7\u00e3o, divulga\u00e7\u00e3o, processamento e transfer\u00eancia das suas informa\u00e7\u00f5es pessoais sigilosas fornecidas \u00e0 Empresa para os fins mencionados na presente Pol\u00edtica.<\/p>\n<p>Os fornecedores de informa\u00e7\u00e3o possuem a op\u00e7\u00e3o de n\u00e3o fornecer suas informa\u00e7\u00f5es pessoais sigilosas procuradas para serem coletadas se n\u00e3o concordarem com esta Pol\u00edtica. Al\u00e9m disso, os fornecedores de informa\u00e7\u00e3o tamb\u00e9m possuem a op\u00e7\u00e3o de retirar o seu consentimento dado anteriormente, desde que tal retirada de consentimento seja feita por escrito.<\/p>\n<p><b class=\"teal\">Quais informa\u00e7\u00f5es a Empresa pode recolher?<\/b><\/p>\n<p>A Empresa pode recolher os seguintes tipos de informa\u00e7\u00f5es pessoais sigilosos, incluindo mas n\u00e3o se limitando a:<\/p>\n<ul class=\"bullets1 privacy_bullete\">\n<li>nome, detalhes de contato, detalhes do emprego anterior (no caso de empregados, sempre que relevante),<\/li>\n<li>dados financeiros, como conta banc\u00e1ria, cart\u00e3o de cr\u00e9dito, sal\u00e1rio, detalhes do fundo de previd\u00eancia,<\/li>\n<li>senha utilizada nos sistemas, websites | p\u00e1ginas da Web fornecidas pela Empresa,<\/li>\n<li>detalhes da sa\u00fade f\u00edsica, fisiol\u00f3gica e mental,<\/li>\n<li>registros m\u00e9dicos e hist\u00f3rico de<\/li>\n<li>informa\u00e7\u00e3o biom\u00e9trica.<\/li>\n<\/ul>\n<p><b class=\"teal\">Objetivo da coleta:<\/b><\/p>\n<p><b class=\"teal\">A Empresa pode recolher, utilizar, receber, possuir, armazenar, divulgar, processar e transferir as informa\u00e7\u00f5es pessoais sigilosas para v\u00e1rios fins, incluindo, entre outros, os seguintes:<\/b><\/p>\n<ul class=\"bullets1 privacy_bullete\">\n<li>funcionamento dos neg\u00f3cios da empresa<\/li>\n<li>emprego ou engajamento de funcion\u00e1rios, incluindo mas n\u00e3o limitado a, administra\u00e7\u00e3o geral de RH; planejamento e gest\u00e3o da organiza\u00e7\u00e3o<\/li>\n<li>conformidade com o c\u00f3digo de conduta, regulamentos internos e pol\u00edticas da Empresa<\/li>\n<li>fus\u00f5es, aquisi\u00e7\u00f5es, transfer\u00eancias e reorganiza\u00e7\u00e3o de neg\u00f3cios<\/li>\n<li>conformidade com os requisitos legais, judiciais, governamentais e regulamentares | requisitos<\/li>\n<li>administra\u00e7\u00e3o e cumprimento fiscal<\/li>\n<li>cumprimento das leis e regras estrangeiras aplic\u00e1veis dos reguladores estrangeiros relacionados com as opera\u00e7\u00f5es da Empresa e das suas subsidi\u00e1rias e associadas<\/li>\n<li>administra\u00e7\u00e3o e gest\u00e3o de servi\u00e7os de TI<\/li>\n<li>administra\u00e7\u00e3o ou, de outra forma, cumprir obriga\u00e7\u00f5es em rela\u00e7\u00e3o a qualquer acordo que os Provedores de Informa\u00e7\u00e3o tenham com a Empresa e<\/li>\n<li>investiga\u00e7\u00e3o, preven\u00e7\u00e3o ou tomada de medidas relativas a atividades ilegais, suspeita de fraude, viola\u00e7\u00e3o da lei ou de outra forma exigida por Lei<\/li>\n<\/ul>\n<p>Os fornecedores de informa\u00e7\u00e3o consentem que a recolha, utiliza\u00e7\u00e3o, armazenamento, divulga\u00e7\u00e3o, processamento e transfer\u00eancia de qualquer informa\u00e7\u00e3o pessoal sigilosa ou qualquer outra informa\u00e7\u00e3o divulgada ao abrigo desta Pol\u00edtica n\u00e3o causar\u00e1 qualquer perda ou ganho indevido aos fornecedores de informa\u00e7\u00e3o se a mesma for utilizada para os fins legais acima mencionados.<\/p>\n<p><b class=\"teal\">Compartilhamento e transfer\u00eancia de informa\u00e7\u00f5es pessoais sigilosas:<\/b><\/p>\n<p>Talvez a empresa possa precisar compartilhar informa\u00e7\u00f5es pessoais sigilosas com empresas do grupo, parceiros de neg\u00f3cios | associados, vendedores, revendedores, clientes e\/ou terceiros dentro e fora da \u00cdndia para fins legais, conforme mencionado acima.<\/p>\n<p>Os provedores de informa\u00e7\u00f5es autorizam a Empresa a trocar, divulgar, transferir, compartilhar, partilhar com informa\u00e7\u00f5es pessoais sigilosas e\/ou com qualquer informa\u00e7\u00e3o fornecida, dentro ou fora da \u00cdndia, para os fins acima.<\/p>\n<p><b class=\"teal\">Seguran\u00e7a:<\/b><\/p>\n<p>A Empresa adotou pr\u00e1ticas e procedimentos de seguran\u00e7a razo\u00e1veis para assegurar que as informa\u00e7\u00f5es pessoais sigilosas s\u00e3o recolhidas e preservadas de forma segura. Caso os fornecedores de informa\u00e7\u00e3o quiserem saber mais detalhes sobre as pr\u00e1ticas e procedimentos de seguran\u00e7a adotados, podem contatar a pessoa designada para os mesmos.<\/p>\n<p>Embora a Empresa se esforce para tomar todas as medidas razo\u00e1veis e apropriadas para manter as informa\u00e7\u00f5es pessoais sigilosas recolhidas seguras e impedir o seu acesso n\u00e3o autorizado, os fornecedores de informa\u00e7\u00e3o concordam e reconhecem que a Empresa n\u00e3o pode fornecer qualquer garantia absoluta em rela\u00e7\u00e3o \u00e0 seguran\u00e7a das informa\u00e7\u00f5es pessoais sigilosas. A Empresa declina qualquer responsabilidade, na medida m\u00e1xima permitida pelas leis aplic\u00e1veis, em rela\u00e7\u00e3o a qualquer viola\u00e7\u00e3o de seguran\u00e7a ou perda ou divulga\u00e7\u00e3o de informa\u00e7\u00e3o em rela\u00e7\u00e3o \u00e0 informa\u00e7\u00e3o pessoal sigilosa.<\/p>\n<p>Se o provedor de informa\u00e7\u00f5es precisar acessar a atualiza\u00e7\u00e3o ou corre\u00e7\u00e3o das informa\u00e7\u00f5es pessoais sigilosas, ele poder\u00e1 entrar em contato com a pessoa designada.<\/p>\n<p><b class=\"teal\">Reten\u00e7\u00e3o de dados:<\/b><\/p>\n<p>\u00c9 pol\u00edtica da Empresa reter informa\u00e7\u00f5es pessoais sigilosas dos fornecedores de informa\u00e7\u00e3o enquanto a Empresa considerar necess\u00e1rio para os fins aos quais tais informa\u00e7\u00f5es pessoais sigilosas foram coletadas, sujeito a quaisquer requisitos legais para que as informa\u00e7\u00f5es sejam retidas por um per\u00edodo mais longo, se houver.<\/p>\n<p><b class=\"teal\">Altera\u00e7\u00f5es desta Pol\u00edtica de Privacidade:<\/b><\/p>\n<p>A Empresa se reserva o direito de rever e atualizar esta Pol\u00edtica de Privacidade em qualquer momento, sem informar expressamente os provedores de informa\u00e7\u00e3o. Tais revis\u00f5es ser\u00e3o efetivas a partir da data de publica\u00e7\u00e3o da mesma no site | intranet da Empresa, e ser\u00e3o aplic\u00e1veis a todas as informa\u00e7\u00f5es coletadas antes e depois da data de vig\u00eancia. O provedor de informa\u00e7\u00f5es precisa visitar o site | intranet da Empresa periodicamente para rever as pol\u00edticas atuais relacionadas \u00e0s informa\u00e7\u00f5es pessoais sigilosa.<\/p>\n<p>Observa\u00e7\u00e3o: o uso do Website | intranet da Empresa depois de tais revis\u00f5es ser\u00e1 considerado aceit\u00e1vel pelos fornecedores de informa\u00e7\u00e3o de tais revis\u00f5es.<\/p>\n<p><b class=\"teal\">Reclama\u00e7\u00e3o:<\/b><\/p>\n<p>A Empresa nomeou a Sra. Prajakta Pereira como a Diretora de Reclama\u00e7\u00f5es da Empresa. Os fornecedores de informa\u00e7\u00e3o podem abordar a respons\u00e1vel por reclama\u00e7\u00f5es se tiverem alguma reclama\u00e7\u00e3o, quest\u00e3o ou preocupa\u00e7\u00e3o com respeito ao processamento e utiliza\u00e7\u00e3o das suas informa\u00e7\u00f5es pessoais sigilosas. A respons\u00e1vel por reclama\u00e7\u00f5es pode ser contatada pelo e-mail <a href=\"mailto:Prajakta_Pereira@atul.co.in\">Prajakta_Pereira@atul.co.in<\/a><\/p>\n","protected":false},"excerpt":{"rendered":"<p>A Atul Ltd (doravante denominada Empresa) se compromete em respeitar a privacidade de todas as pessoas, incluindo seus funcion\u00e1rios, parceiros de neg\u00f3cios | associados, fornecedores, revendedores, clientes e todos os outros que compartilham seus dados ou informa\u00e7\u00f5es pessoais sens\u00edveis (informa\u00e7\u00f5es<span class=\"ellipsis\">&hellip;<\/span><\/p>\n<div class=\"read-more\"><a href=\"https:\/\/www.atul.co.in\/portuguese\/privacy-policy\/\">Read more &#8250;<\/a><\/div>\n<p><!-- end of .read-more --><\/p>\n","protected":false},"author":1,"featured_media":6523,"parent":0,"menu_order":0,"comment_status":"closed","ping_status":"closed","template":"","meta":{"_acf_changed":false,"footnotes":"","_links_to":"","_links_to_target":""},"class_list":["post-6522","page","type-page","status-publish","has-post-thumbnail","hentry"],"acf":[],"yoast_head":"<!-- This site is optimized with the Yoast SEO plugin v26.8 - https:\/\/yoast.com\/product\/yoast-seo-wordpress\/ -->\n<title>Politica de Privacidade | Atul<\/title>\n<meta name=\"robots\" content=\"index, follow, max-snippet:-1, max-image-preview:large, max-video-preview:-1\" \/>\n<link rel=\"canonical\" href=\"https:\/\/www.atul.co.in\/portuguese\/privacy-policy\/\" \/>\n<meta property=\"og:locale\" content=\"en_US\" \/>\n<meta property=\"og:type\" content=\"article\" \/>\n<meta property=\"og:title\" content=\"Politica de Privacidade | Atul\" \/>\n<meta property=\"og:description\" content=\"A Atul Ltd (doravante denominada Empresa) se compromete em respeitar a privacidade de todas as pessoas, incluindo seus funcion\u00e1rios, parceiros de neg\u00f3cios | associados, fornecedores, revendedores, clientes e todos os outros que compartilham seus dados ou informa\u00e7\u00f5es pessoais sens\u00edveis (informa\u00e7\u00f5es&hellip;Read more &#8250;\" \/>\n<meta property=\"og:url\" content=\"https:\/\/www.atul.co.in\/portuguese\/privacy-policy\/\" \/>\n<meta property=\"og:site_name\" content=\"Atul Ltd\" \/>\n<meta property=\"article:modified_time\" content=\"2020-04-20T04:31:12+00:00\" \/>\n<meta property=\"og:image\" content=\"https:\/\/www.atul.co.in\/portuguese\/wp-content\/uploads\/2019\/11\/legal.jpg\" \/>\n\t<meta property=\"og:image:width\" content=\"1250\" \/>\n\t<meta property=\"og:image:height\" content=\"335\" \/>\n\t<meta property=\"og:image:type\" content=\"image\/jpeg\" \/>\n<meta name=\"twitter:card\" content=\"summary_large_image\" \/>\n<meta name=\"twitter:label1\" content=\"Est. reading time\" \/>\n\t<meta name=\"twitter:data1\" content=\"6 minutes\" \/>\n<script type=\"application\/ld+json\" class=\"yoast-schema-graph\">{\"@context\":\"https:\/\/schema.org\",\"@graph\":[{\"@type\":\"WebPage\",\"@id\":\"https:\/\/www.atul.co.in\/portuguese\/privacy-policy\/\",\"url\":\"https:\/\/www.atul.co.in\/portuguese\/privacy-policy\/\",\"name\":\"Politica de Privacidade | Atul\",\"isPartOf\":{\"@id\":\"http:\/\/13.127.36.189\/portuguese\/#website\"},\"primaryImageOfPage\":{\"@id\":\"https:\/\/www.atul.co.in\/portuguese\/privacy-policy\/#primaryimage\"},\"image\":{\"@id\":\"https:\/\/www.atul.co.in\/portuguese\/privacy-policy\/#primaryimage\"},\"thumbnailUrl\":\"https:\/\/www.atul.co.in\/portuguese\/wp-content\/uploads\/2019\/11\/legal.jpg\",\"datePublished\":\"2019-11-29T06:11:57+00:00\",\"dateModified\":\"2020-04-20T04:31:12+00:00\",\"breadcrumb\":{\"@id\":\"https:\/\/www.atul.co.in\/portuguese\/privacy-policy\/#breadcrumb\"},\"inLanguage\":\"en-US\",\"potentialAction\":[{\"@type\":\"ReadAction\",\"target\":[\"https:\/\/www.atul.co.in\/portuguese\/privacy-policy\/\"]}]},{\"@type\":\"ImageObject\",\"inLanguage\":\"en-US\",\"@id\":\"https:\/\/www.atul.co.in\/portuguese\/privacy-policy\/#primaryimage\",\"url\":\"https:\/\/www.atul.co.in\/portuguese\/wp-content\/uploads\/2019\/11\/legal.jpg\",\"contentUrl\":\"https:\/\/www.atul.co.in\/portuguese\/wp-content\/uploads\/2019\/11\/legal.jpg\",\"width\":1250,\"height\":335},{\"@type\":\"BreadcrumbList\",\"@id\":\"https:\/\/www.atul.co.in\/portuguese\/privacy-policy\/#breadcrumb\",\"itemListElement\":[{\"@type\":\"ListItem\",\"position\":1,\"name\":\"Home\",\"item\":\"https:\/\/www.atul.co.in\/portuguese\/\"},{\"@type\":\"ListItem\",\"position\":2,\"name\":\"Politica de Privacidade\"}]},{\"@type\":\"WebSite\",\"@id\":\"http:\/\/13.127.36.189\/portuguese\/#website\",\"url\":\"http:\/\/13.127.36.189\/portuguese\/\",\"name\":\"Atul Ltd\",\"description\":\"\",\"potentialAction\":[{\"@type\":\"SearchAction\",\"target\":{\"@type\":\"EntryPoint\",\"urlTemplate\":\"http:\/\/13.127.36.189\/portuguese\/?s={search_term_string}\"},\"query-input\":{\"@type\":\"PropertyValueSpecification\",\"valueRequired\":true,\"valueName\":\"search_term_string\"}}],\"inLanguage\":\"en-US\"}]}<\/script>\n<!-- \/ Yoast SEO plugin. -->","yoast_head_json":{"title":"Politica de Privacidade | Atul","robots":{"index":"index","follow":"follow","max-snippet":"max-snippet:-1","max-image-preview":"max-image-preview:large","max-video-preview":"max-video-preview:-1"},"canonical":"https:\/\/www.atul.co.in\/portuguese\/privacy-policy\/","og_locale":"en_US","og_type":"article","og_title":"Politica de Privacidade | Atul","og_description":"A Atul Ltd (doravante denominada Empresa) se compromete em respeitar a privacidade de todas as pessoas, incluindo seus funcion\u00e1rios, parceiros de neg\u00f3cios | associados, fornecedores, revendedores, clientes e todos os outros que compartilham seus dados ou informa\u00e7\u00f5es pessoais sens\u00edveis (informa\u00e7\u00f5es&hellip;Read more &#8250;","og_url":"https:\/\/www.atul.co.in\/portuguese\/privacy-policy\/","og_site_name":"Atul Ltd","article_modified_time":"2020-04-20T04:31:12+00:00","og_image":[{"width":1250,"height":335,"url":"https:\/\/www.atul.co.in\/portuguese\/wp-content\/uploads\/2019\/11\/legal.jpg","type":"image\/jpeg"}],"twitter_card":"summary_large_image","twitter_misc":{"Est. reading time":"6 minutes"},"schema":{"@context":"https:\/\/schema.org","@graph":[{"@type":"WebPage","@id":"https:\/\/www.atul.co.in\/portuguese\/privacy-policy\/","url":"https:\/\/www.atul.co.in\/portuguese\/privacy-policy\/","name":"Politica de Privacidade | Atul","isPartOf":{"@id":"http:\/\/13.127.36.189\/portuguese\/#website"},"primaryImageOfPage":{"@id":"https:\/\/www.atul.co.in\/portuguese\/privacy-policy\/#primaryimage"},"image":{"@id":"https:\/\/www.atul.co.in\/portuguese\/privacy-policy\/#primaryimage"},"thumbnailUrl":"https:\/\/www.atul.co.in\/portuguese\/wp-content\/uploads\/2019\/11\/legal.jpg","datePublished":"2019-11-29T06:11:57+00:00","dateModified":"2020-04-20T04:31:12+00:00","breadcrumb":{"@id":"https:\/\/www.atul.co.in\/portuguese\/privacy-policy\/#breadcrumb"},"inLanguage":"en-US","potentialAction":[{"@type":"ReadAction","target":["https:\/\/www.atul.co.in\/portuguese\/privacy-policy\/"]}]},{"@type":"ImageObject","inLanguage":"en-US","@id":"https:\/\/www.atul.co.in\/portuguese\/privacy-policy\/#primaryimage","url":"https:\/\/www.atul.co.in\/portuguese\/wp-content\/uploads\/2019\/11\/legal.jpg","contentUrl":"https:\/\/www.atul.co.in\/portuguese\/wp-content\/uploads\/2019\/11\/legal.jpg","width":1250,"height":335},{"@type":"BreadcrumbList","@id":"https:\/\/www.atul.co.in\/portuguese\/privacy-policy\/#breadcrumb","itemListElement":[{"@type":"ListItem","position":1,"name":"Home","item":"https:\/\/www.atul.co.in\/portuguese\/"},{"@type":"ListItem","position":2,"name":"Politica de Privacidade"}]},{"@type":"WebSite","@id":"http:\/\/13.127.36.189\/portuguese\/#website","url":"http:\/\/13.127.36.189\/portuguese\/","name":"Atul Ltd","description":"","potentialAction":[{"@type":"SearchAction","target":{"@type":"EntryPoint","urlTemplate":"http:\/\/13.127.36.189\/portuguese\/?s={search_term_string}"},"query-input":{"@type":"PropertyValueSpecification","valueRequired":true,"valueName":"search_term_string"}}],"inLanguage":"en-US"}]}},"_links":{"self":[{"href":"https:\/\/www.atul.co.in\/portuguese\/wp-json\/wp\/v2\/pages\/6522","targetHints":{"allow":["GET"]}}],"collection":[{"href":"https:\/\/www.atul.co.in\/portuguese\/wp-json\/wp\/v2\/pages"}],"about":[{"href":"https:\/\/www.atul.co.in\/portuguese\/wp-json\/wp\/v2\/types\/page"}],"author":[{"embeddable":true,"href":"https:\/\/www.atul.co.in\/portuguese\/wp-json\/wp\/v2\/users\/1"}],"replies":[{"embeddable":true,"href":"https:\/\/www.atul.co.in\/portuguese\/wp-json\/wp\/v2\/comments?post=6522"}],"version-history":[{"count":0,"href":"https:\/\/www.atul.co.in\/portuguese\/wp-json\/wp\/v2\/pages\/6522\/revisions"}],"wp:featuredmedia":[{"embeddable":true,"href":"https:\/\/www.atul.co.in\/portuguese\/wp-json\/wp\/v2\/media\/6523"}],"wp:attachment":[{"href":"https:\/\/www.atul.co.in\/portuguese\/wp-json\/wp\/v2\/media?parent=6522"}],"curies":[{"name":"wp","href":"https:\/\/api.w.org\/{rel}","templated":true}]}}