{"id":827,"date":"2017-01-31T06:10:07","date_gmt":"2017-01-31T06:10:07","guid":{"rendered":"http:\/\/43.242.212.212\/~atulco\/?page_id=827"},"modified":"2020-03-19T10:02:57","modified_gmt":"2020-03-19T04:32:57","slug":"sustainability","status":"publish","type":"page","link":"https:\/\/www.atul.co.in\/portuguese\/sustainability\/","title":{"rendered":"Sustentabilidade"},"content":{"rendered":"<div class=\"container\">\n<div class=\"about-text\">A verdadeira sustentabilidade exige uma perspectiva, bem como uma abordagem multidimensional e multicentrada. Empresas conscientes e evolu\u00eddas perceberam que s\u00e3o respons\u00e1veis e s\u00e3o parte integrante da estrutura econ\u00f4mico-ambiental-social \u2013 elas t\u00eam uma oportunidade e uma obriga\u00e7\u00e3o, n\u00e3o apenas de criar valor aos acionistas, mas tamb\u00e9m de proteger o planeta e beneficiar a sociedade em geral.<\/div>\n<div class=\"sep\"><\/div>\n<p><a href=\"https:\/\/www.atul.co.in\/portuguese\/wp-content\/uploads\/2020\/02\/BRR-2018-19.pdf\" target=\"_blank\"><img loading=\"lazy\" decoding=\"async\" src=\"https:\/\/www.atul.co.in\/portuguese\/wp-content\/uploads\/2020\/03\/BRR-Normal5.jpg\" onmouseover=\"this.src='https:\/\/www.atul.co.in\/portuguese\/wp-content\/uploads\/2020\/03\/BRR-Hover5.jpg'\" onmouseout=\"this.src='https:\/\/www.atul.co.in\/portuguese\/wp-content\/uploads\/2020\/03\/BRR-Normal5.jpg'\" width=\"319\" height=\"120\" class=\"aligncenter size-full\"\/><\/a><\/div>\n<div class=\"atul-foundation\">\n<div class=\"container\">\n<div class=\"title\">FUNDA\u00c7\u00c3O ATUL<\/div>\n<div class=\"text\"><\/div>\n<div class=\"link\"><a href=\"?page_id=175\">EXPLORAR<\/a><\/div>\n<div class=\"clear\"><\/div>\n<\/div>\n<\/div>\n<div class=\"social-dimension\">\n<div class=\"container\">\n<div class=\"title\">Sustentabilidade econ\u00f4mica<\/div>\n<div class=\"text\"> <\/div>\n<div class=\"link\"><a href=\"?page_id=177\">EXPLORAR<\/a><\/div>\n<div class=\"clear\"><\/div>\n<\/div>\n<\/div>\n<div class=\"enconomic-dimension\">\n<div class=\"container\">\n<div class=\"title\">Sustentabilidade ambiental<\/div>\n<div class=\"text\"> <\/div>\n<div class=\"link\"><a href=\"?page_id=178\">EXPLORAR<\/a><\/div>\n<div class=\"clear\"><\/div>\n<\/div>\n<\/div>\n<div class=\"environmental-dimension\">\n<div class=\"container\">\n<div class=\"title\">Sustentabilidade social<\/div>\n<div class=\"text\"><\/div>\n<div class=\"link\"><a href=\"?page_id=179\">EXPLORAR<\/a><\/div>\n<div class=\"clear\"><\/div>\n<\/div>\n<\/div>\n","protected":false},"excerpt":{"rendered":"<p>A verdadeira sustentabilidade exige uma perspectiva, bem como uma abordagem multidimensional e multicentrada. Empresas conscientes e evolu\u00eddas perceberam que s\u00e3o respons\u00e1veis e s\u00e3o parte integrante da estrutura econ\u00f4mico-ambiental-social \u2013 elas t\u00eam uma oportunidade e uma obriga\u00e7\u00e3o, n\u00e3o apenas de criar<span class=\"ellipsis\">&hellip;<\/span><\/p>\n<div class=\"read-more\"><a href=\"https:\/\/www.atul.co.in\/portuguese\/sustainability\/\">Read more &#8250;<\/a><\/div>\n<p><!-- end of .read-more --><\/p>\n","protected":false},"author":1,"featured_media":5585,"parent":0,"menu_order":0,"comment_status":"closed","ping_status":"closed","template":"full-width-page.php","meta":{"_acf_changed":false,"footnotes":"","_links_to":"","_links_to_target":""},"class_list":["post-827","page","type-page","status-publish","has-post-thumbnail","hentry"],"acf":[],"yoast_head":"<!-- This site is optimized with the Yoast SEO plugin v26.8 - https:\/\/yoast.com\/product\/yoast-seo-wordpress\/ -->\n<title>Sustentabilidade | Atul<\/title>\n<meta name=\"robots\" content=\"index, follow, max-snippet:-1, max-image-preview:large, max-video-preview:-1\" \/>\n<link rel=\"canonical\" href=\"https:\/\/www.atul.co.in\/portuguese\/sustainability\/\" \/>\n<meta property=\"og:locale\" content=\"en_US\" \/>\n<meta property=\"og:type\" content=\"article\" \/>\n<meta property=\"og:title\" content=\"Sustentabilidade | Atul\" \/>\n<meta property=\"og:description\" content=\"A verdadeira sustentabilidade exige uma perspectiva, bem como uma abordagem multidimensional e multicentrada. Empresas conscientes e evolu\u00eddas perceberam que s\u00e3o respons\u00e1veis e s\u00e3o parte integrante da estrutura econ\u00f4mico-ambiental-social \u2013 elas t\u00eam uma oportunidade e uma obriga\u00e7\u00e3o, n\u00e3o apenas de criar&hellip;Read more &#8250;\" \/>\n<meta property=\"og:url\" content=\"https:\/\/www.atul.co.in\/portuguese\/sustainability\/\" \/>\n<meta property=\"og:site_name\" content=\"Atul Ltd\" \/>\n<meta property=\"article:modified_time\" content=\"2020-03-19T04:32:57+00:00\" \/>\n<meta property=\"og:image\" content=\"https:\/\/www.atul.co.in\/portuguese\/wp-content\/uploads\/2017\/01\/sustainibility-banner.jpg\" \/>\n\t<meta property=\"og:image:width\" content=\"1250\" \/>\n\t<meta property=\"og:image:height\" content=\"335\" \/>\n\t<meta property=\"og:image:type\" content=\"image\/jpeg\" \/>\n<meta name=\"twitter:card\" content=\"summary_large_image\" \/>\n<script type=\"application\/ld+json\" class=\"yoast-schema-graph\">{\"@context\":\"https:\/\/schema.org\",\"@graph\":[{\"@type\":\"WebPage\",\"@id\":\"https:\/\/www.atul.co.in\/portuguese\/sustainability\/\",\"url\":\"https:\/\/www.atul.co.in\/portuguese\/sustainability\/\",\"name\":\"Sustentabilidade | Atul\",\"isPartOf\":{\"@id\":\"http:\/\/13.127.36.189\/portuguese\/#website\"},\"primaryImageOfPage\":{\"@id\":\"https:\/\/www.atul.co.in\/portuguese\/sustainability\/#primaryimage\"},\"image\":{\"@id\":\"https:\/\/www.atul.co.in\/portuguese\/sustainability\/#primaryimage\"},\"thumbnailUrl\":\"https:\/\/www.atul.co.in\/portuguese\/wp-content\/uploads\/2017\/01\/sustainibility-banner.jpg\",\"datePublished\":\"2017-01-31T06:10:07+00:00\",\"dateModified\":\"2020-03-19T04:32:57+00:00\",\"breadcrumb\":{\"@id\":\"https:\/\/www.atul.co.in\/portuguese\/sustainability\/#breadcrumb\"},\"inLanguage\":\"en-US\",\"potentialAction\":[{\"@type\":\"ReadAction\",\"target\":[\"https:\/\/www.atul.co.in\/portuguese\/sustainability\/\"]}]},{\"@type\":\"ImageObject\",\"inLanguage\":\"en-US\",\"@id\":\"https:\/\/www.atul.co.in\/portuguese\/sustainability\/#primaryimage\",\"url\":\"https:\/\/www.atul.co.in\/portuguese\/wp-content\/uploads\/2017\/01\/sustainibility-banner.jpg\",\"contentUrl\":\"https:\/\/www.atul.co.in\/portuguese\/wp-content\/uploads\/2017\/01\/sustainibility-banner.jpg\",\"width\":1250,\"height\":335},{\"@type\":\"BreadcrumbList\",\"@id\":\"https:\/\/www.atul.co.in\/portuguese\/sustainability\/#breadcrumb\",\"itemListElement\":[{\"@type\":\"ListItem\",\"position\":1,\"name\":\"Home\",\"item\":\"https:\/\/www.atul.co.in\/portuguese\/\"},{\"@type\":\"ListItem\",\"position\":2,\"name\":\"Sustentabilidade\"}]},{\"@type\":\"WebSite\",\"@id\":\"http:\/\/13.127.36.189\/portuguese\/#website\",\"url\":\"http:\/\/13.127.36.189\/portuguese\/\",\"name\":\"Atul Ltd\",\"description\":\"\",\"potentialAction\":[{\"@type\":\"SearchAction\",\"target\":{\"@type\":\"EntryPoint\",\"urlTemplate\":\"http:\/\/13.127.36.189\/portuguese\/?s={search_term_string}\"},\"query-input\":{\"@type\":\"PropertyValueSpecification\",\"valueRequired\":true,\"valueName\":\"search_term_string\"}}],\"inLanguage\":\"en-US\"}]}<\/script>\n<!-- \/ Yoast SEO plugin. -->","yoast_head_json":{"title":"Sustentabilidade | Atul","robots":{"index":"index","follow":"follow","max-snippet":"max-snippet:-1","max-image-preview":"max-image-preview:large","max-video-preview":"max-video-preview:-1"},"canonical":"https:\/\/www.atul.co.in\/portuguese\/sustainability\/","og_locale":"en_US","og_type":"article","og_title":"Sustentabilidade | Atul","og_description":"A verdadeira sustentabilidade exige uma perspectiva, bem como uma abordagem multidimensional e multicentrada. Empresas conscientes e evolu\u00eddas perceberam que s\u00e3o respons\u00e1veis e s\u00e3o parte integrante da estrutura econ\u00f4mico-ambiental-social \u2013 elas t\u00eam uma oportunidade e uma obriga\u00e7\u00e3o, n\u00e3o apenas de criar&hellip;Read more &#8250;","og_url":"https:\/\/www.atul.co.in\/portuguese\/sustainability\/","og_site_name":"Atul Ltd","article_modified_time":"2020-03-19T04:32:57+00:00","og_image":[{"width":1250,"height":335,"url":"https:\/\/www.atul.co.in\/portuguese\/wp-content\/uploads\/2017\/01\/sustainibility-banner.jpg","type":"image\/jpeg"}],"twitter_card":"summary_large_image","schema":{"@context":"https:\/\/schema.org","@graph":[{"@type":"WebPage","@id":"https:\/\/www.atul.co.in\/portuguese\/sustainability\/","url":"https:\/\/www.atul.co.in\/portuguese\/sustainability\/","name":"Sustentabilidade | Atul","isPartOf":{"@id":"http:\/\/13.127.36.189\/portuguese\/#website"},"primaryImageOfPage":{"@id":"https:\/\/www.atul.co.in\/portuguese\/sustainability\/#primaryimage"},"image":{"@id":"https:\/\/www.atul.co.in\/portuguese\/sustainability\/#primaryimage"},"thumbnailUrl":"https:\/\/www.atul.co.in\/portuguese\/wp-content\/uploads\/2017\/01\/sustainibility-banner.jpg","datePublished":"2017-01-31T06:10:07+00:00","dateModified":"2020-03-19T04:32:57+00:00","breadcrumb":{"@id":"https:\/\/www.atul.co.in\/portuguese\/sustainability\/#breadcrumb"},"inLanguage":"en-US","potentialAction":[{"@type":"ReadAction","target":["https:\/\/www.atul.co.in\/portuguese\/sustainability\/"]}]},{"@type":"ImageObject","inLanguage":"en-US","@id":"https:\/\/www.atul.co.in\/portuguese\/sustainability\/#primaryimage","url":"https:\/\/www.atul.co.in\/portuguese\/wp-content\/uploads\/2017\/01\/sustainibility-banner.jpg","contentUrl":"https:\/\/www.atul.co.in\/portuguese\/wp-content\/uploads\/2017\/01\/sustainibility-banner.jpg","width":1250,"height":335},{"@type":"BreadcrumbList","@id":"https:\/\/www.atul.co.in\/portuguese\/sustainability\/#breadcrumb","itemListElement":[{"@type":"ListItem","position":1,"name":"Home","item":"https:\/\/www.atul.co.in\/portuguese\/"},{"@type":"ListItem","position":2,"name":"Sustentabilidade"}]},{"@type":"WebSite","@id":"http:\/\/13.127.36.189\/portuguese\/#website","url":"http:\/\/13.127.36.189\/portuguese\/","name":"Atul Ltd","description":"","potentialAction":[{"@type":"SearchAction","target":{"@type":"EntryPoint","urlTemplate":"http:\/\/13.127.36.189\/portuguese\/?s={search_term_string}"},"query-input":{"@type":"PropertyValueSpecification","valueRequired":true,"valueName":"search_term_string"}}],"inLanguage":"en-US"}]}},"_links":{"self":[{"href":"https:\/\/www.atul.co.in\/portuguese\/wp-json\/wp\/v2\/pages\/827","targetHints":{"allow":["GET"]}}],"collection":[{"href":"https:\/\/www.atul.co.in\/portuguese\/wp-json\/wp\/v2\/pages"}],"about":[{"href":"https:\/\/www.atul.co.in\/portuguese\/wp-json\/wp\/v2\/types\/page"}],"author":[{"embeddable":true,"href":"https:\/\/www.atul.co.in\/portuguese\/wp-json\/wp\/v2\/users\/1"}],"replies":[{"embeddable":true,"href":"https:\/\/www.atul.co.in\/portuguese\/wp-json\/wp\/v2\/comments?post=827"}],"version-history":[{"count":0,"href":"https:\/\/www.atul.co.in\/portuguese\/wp-json\/wp\/v2\/pages\/827\/revisions"}],"wp:featuredmedia":[{"embeddable":true,"href":"https:\/\/www.atul.co.in\/portuguese\/wp-json\/wp\/v2\/media\/5585"}],"wp:attachment":[{"href":"https:\/\/www.atul.co.in\/portuguese\/wp-json\/wp\/v2\/media?parent=827"}],"curies":[{"name":"wp","href":"https:\/\/api.w.org\/{rel}","templated":true}]}}