{"id":857,"date":"2017-02-02T03:31:12","date_gmt":"2017-02-02T03:31:12","guid":{"rendered":"http:\/\/43.242.212.212\/~atulco\/?page_id=857"},"modified":"2020-05-20T20:35:47","modified_gmt":"2020-05-20T15:05:47","slug":"aromaticsproducts","status":"publish","type":"page","link":"https:\/\/www.atul.co.in\/portuguese\/aromatics\/products\/","title":{"rendered":"Products"},"content":{"rendered":"<div class=\"container\">\n<div class=\"text2\">\u00danica instala\u00e7\u00e3o de fabrica\u00e7\u00e3o de <em>para<\/em> cresol livre de descarga l\u00edquida no mundo<\/div>\n<div class=\"space20\"><\/div>\n<\/div>\n","protected":false},"excerpt":{"rendered":"<p>\u00danica instala\u00e7\u00e3o de fabrica\u00e7\u00e3o de para cresol livre de descarga l\u00edquida no mundo<\/p>\n","protected":false},"author":1,"featured_media":0,"parent":853,"menu_order":0,"comment_status":"closed","ping_status":"closed","template":"aromatics-microsite-product-list.php","meta":{"_acf_changed":false,"footnotes":"","_links_to":"","_links_to_target":""},"class_list":["post-857","page","type-page","status-publish","hentry"],"acf":[],"yoast_head":"<!-- This site is optimized with the Yoast SEO plugin v26.8 - https:\/\/yoast.com\/product\/yoast-seo-wordpress\/ -->\n<title>Produtos | Arom\u00e1ticos | Atul<\/title>\n<meta name=\"robots\" content=\"index, follow, max-snippet:-1, max-image-preview:large, max-video-preview:-1\" \/>\n<link rel=\"canonical\" href=\"http:\/\/13.127.36.189\/portuguese\/aromatics\/products\/\" \/>\n<meta property=\"og:locale\" content=\"en_US\" \/>\n<meta property=\"og:type\" content=\"article\" \/>\n<meta property=\"og:title\" content=\"Produtos | Arom\u00e1ticos | Atul\" \/>\n<meta property=\"og:description\" content=\"\u00danica instala\u00e7\u00e3o de fabrica\u00e7\u00e3o de para cresol livre de descarga l\u00edquida no mundo\" \/>\n<meta property=\"og:url\" content=\"http:\/\/13.127.36.189\/portuguese\/aromatics\/products\/\" \/>\n<meta property=\"og:site_name\" content=\"Atul Ltd\" \/>\n<meta property=\"article:modified_time\" content=\"2020-05-20T15:05:47+00:00\" \/>\n<meta name=\"twitter:card\" content=\"summary_large_image\" \/>\n<script type=\"application\/ld+json\" class=\"yoast-schema-graph\">{\"@context\":\"https:\/\/schema.org\",\"@graph\":[{\"@type\":\"WebPage\",\"@id\":\"http:\/\/13.127.36.189\/portuguese\/aromatics\/products\/\",\"url\":\"http:\/\/13.127.36.189\/portuguese\/aromatics\/products\/\",\"name\":\"Produtos | Arom\u00e1ticos | Atul\",\"isPartOf\":{\"@id\":\"http:\/\/13.127.36.189\/portuguese\/#website\"},\"datePublished\":\"2017-02-02T03:31:12+00:00\",\"dateModified\":\"2020-05-20T15:05:47+00:00\",\"breadcrumb\":{\"@id\":\"http:\/\/13.127.36.189\/portuguese\/aromatics\/products\/#breadcrumb\"},\"inLanguage\":\"en-US\",\"potentialAction\":[{\"@type\":\"ReadAction\",\"target\":[\"http:\/\/13.127.36.189\/portuguese\/aromatics\/products\/\"]}]},{\"@type\":\"BreadcrumbList\",\"@id\":\"http:\/\/13.127.36.189\/portuguese\/aromatics\/products\/#breadcrumb\",\"itemListElement\":[{\"@type\":\"ListItem\",\"position\":1,\"name\":\"Home\",\"item\":\"https:\/\/www.atul.co.in\/portuguese\/\"},{\"@type\":\"ListItem\",\"position\":2,\"name\":\"Aromatics\",\"item\":\"\/\"},{\"@type\":\"ListItem\",\"position\":3,\"name\":\"Products\"}]},{\"@type\":\"WebSite\",\"@id\":\"http:\/\/13.127.36.189\/portuguese\/#website\",\"url\":\"http:\/\/13.127.36.189\/portuguese\/\",\"name\":\"Atul Ltd\",\"description\":\"\",\"potentialAction\":[{\"@type\":\"SearchAction\",\"target\":{\"@type\":\"EntryPoint\",\"urlTemplate\":\"http:\/\/13.127.36.189\/portuguese\/?s={search_term_string}\"},\"query-input\":{\"@type\":\"PropertyValueSpecification\",\"valueRequired\":true,\"valueName\":\"search_term_string\"}}],\"inLanguage\":\"en-US\"}]}<\/script>\n<!-- \/ Yoast SEO plugin. -->","yoast_head_json":{"title":"Produtos | Arom\u00e1ticos | Atul","robots":{"index":"index","follow":"follow","max-snippet":"max-snippet:-1","max-image-preview":"max-image-preview:large","max-video-preview":"max-video-preview:-1"},"canonical":"http:\/\/13.127.36.189\/portuguese\/aromatics\/products\/","og_locale":"en_US","og_type":"article","og_title":"Produtos | Arom\u00e1ticos | Atul","og_description":"\u00danica instala\u00e7\u00e3o de fabrica\u00e7\u00e3o de para cresol livre de descarga l\u00edquida no mundo","og_url":"http:\/\/13.127.36.189\/portuguese\/aromatics\/products\/","og_site_name":"Atul Ltd","article_modified_time":"2020-05-20T15:05:47+00:00","twitter_card":"summary_large_image","schema":{"@context":"https:\/\/schema.org","@graph":[{"@type":"WebPage","@id":"http:\/\/13.127.36.189\/portuguese\/aromatics\/products\/","url":"http:\/\/13.127.36.189\/portuguese\/aromatics\/products\/","name":"Produtos | Arom\u00e1ticos | Atul","isPartOf":{"@id":"http:\/\/13.127.36.189\/portuguese\/#website"},"datePublished":"2017-02-02T03:31:12+00:00","dateModified":"2020-05-20T15:05:47+00:00","breadcrumb":{"@id":"http:\/\/13.127.36.189\/portuguese\/aromatics\/products\/#breadcrumb"},"inLanguage":"en-US","potentialAction":[{"@type":"ReadAction","target":["http:\/\/13.127.36.189\/portuguese\/aromatics\/products\/"]}]},{"@type":"BreadcrumbList","@id":"http:\/\/13.127.36.189\/portuguese\/aromatics\/products\/#breadcrumb","itemListElement":[{"@type":"ListItem","position":1,"name":"Home","item":"https:\/\/www.atul.co.in\/portuguese\/"},{"@type":"ListItem","position":2,"name":"Aromatics","item":"\/"},{"@type":"ListItem","position":3,"name":"Products"}]},{"@type":"WebSite","@id":"http:\/\/13.127.36.189\/portuguese\/#website","url":"http:\/\/13.127.36.189\/portuguese\/","name":"Atul Ltd","description":"","potentialAction":[{"@type":"SearchAction","target":{"@type":"EntryPoint","urlTemplate":"http:\/\/13.127.36.189\/portuguese\/?s={search_term_string}"},"query-input":{"@type":"PropertyValueSpecification","valueRequired":true,"valueName":"search_term_string"}}],"inLanguage":"en-US"}]}},"_links":{"self":[{"href":"https:\/\/www.atul.co.in\/portuguese\/wp-json\/wp\/v2\/pages\/857","targetHints":{"allow":["GET"]}}],"collection":[{"href":"https:\/\/www.atul.co.in\/portuguese\/wp-json\/wp\/v2\/pages"}],"about":[{"href":"https:\/\/www.atul.co.in\/portuguese\/wp-json\/wp\/v2\/types\/page"}],"author":[{"embeddable":true,"href":"https:\/\/www.atul.co.in\/portuguese\/wp-json\/wp\/v2\/users\/1"}],"replies":[{"embeddable":true,"href":"https:\/\/www.atul.co.in\/portuguese\/wp-json\/wp\/v2\/comments?post=857"}],"version-history":[{"count":0,"href":"https:\/\/www.atul.co.in\/portuguese\/wp-json\/wp\/v2\/pages\/857\/revisions"}],"up":[{"embeddable":true,"href":"https:\/\/www.atul.co.in\/portuguese\/wp-json\/wp\/v2\/pages\/853"}],"wp:attachment":[{"href":"https:\/\/www.atul.co.in\/portuguese\/wp-json\/wp\/v2\/media?parent=857"}],"curies":[{"name":"wp","href":"https:\/\/api.w.org\/{rel}","templated":true}]}}