{"id":867,"date":"2017-02-02T03:47:09","date_gmt":"2017-02-02T03:47:09","guid":{"rendered":"http:\/\/43.242.212.212\/~atulco\/?page_id=867"},"modified":"2020-05-22T11:38:41","modified_gmt":"2020-05-22T06:08:41","slug":"cropcare","status":"publish","type":"page","link":"https:\/\/www.atul.co.in\/portuguese\/cropcare","title":{"rendered":"About"},"content":{"rendered":"<div class=\"container\">\n<div class=\"text1\">Entre os principais fabricantes de \u00c1cido 2,4-D e seus Derivados<\/div>\n<\/div>\n<div class=\"space20\"><\/div>\n<div class=\"landingimage\"><img loading=\"lazy\" decoding=\"async\" src=\"https:\/\/www.atul.co.in\/portuguese\/wp-content\/uploads\/CP-BA-main-LP.jpg\" alt=\"\" width=\"1418\" height=\"285\" class=\"aligncenter size-full wp-image-4050\" srcset=\"https:\/\/www.atul.co.in\/portuguese\/wp-content\/uploads\/CP-BA-main-LP.jpg 1418w, https:\/\/www.atul.co.in\/portuguese\/wp-content\/uploads\/CP-BA-main-LP-768x154.jpg 768w, https:\/\/www.atul.co.in\/portuguese\/wp-content\/uploads\/CP-BA-main-LP-60x12.jpg 60w\" sizes=\"auto, (max-width: 1418px) 100vw, 1418px\" \/><\/div>\n<div class=\"crop-protection-bulk-actives-highlights\">\n<div class=\"container\">\n<div class=\"space20\"><\/div>\n<div class=\"title\">Esfor\u00e7os pioneiros<\/div>\n<div class=\"text\">Um dos principais fabricantes globais do \u00c1cido 2,4-D e seus derivados<\/p>\n<p>Um dos principais fabricantes de Indoxacarbe na \u00cdndia<\/p>\n<p>Pioneiro na produ\u00e7\u00e3o de 2,4-D, Sulfonilureias, Isoprotiolane, Clodinafop propargyl e Propoxur<\/p>\n<p>Capacidade de fabrico para s\u00edntese assim\u00e9trica<\/p>\n<p>Disp\u00f5e de instala\u00e7\u00f5es de fosgena\u00e7\u00e3o desde 1970\n<\/p><\/div>\n<div class=\"clear\"><\/div>\n<\/div>\n<\/div>\n<div class=\"crop-protection-bulk-actives-industry\">\n<div class=\"container\">\n<div class=\"title\">Ind\u00fastrias abrangidas<\/div>\n<div class=\"text\">Servindo diferentes ind\u00fastrias como a Agricultura e a Defesa<\/div>\n<div class=\"link\"><a href=\"https:\/\/www.atul.co.in\/portuguese\/cropcare\/industries\">EXPLORAR<\/a><\/div>\n<div class=\"clear\"><\/div>\n<\/div>\n<\/div>\n<div class=\"crop-protection-bulk-actives-products\">\n<div class=\"container\">\n<div class=\"title\">Produtos<\/div>\n<div class=\"text\">Disp\u00f5e de uma vasta gama de herbicidas, inseticidas e fungicidas<\/div>\n<div class=\"link\"><a href=\"https:\/\/www.atul.co.in\/portuguese\/cropcare\/products\">EXPLORAR<\/a><\/div>\n<div class=\"clear\"><\/div>\n<\/div>\n<\/div>\n<p><!--\n\n\n<div class=\"updates\">\n\n\n<div class=\"container\">\n\n\n<div class=\"title\"><a href=\"https:\/\/www.atul.co.in\/portuguese\/w4pl\/cp-bulk-updates-list\/\">Updates<\/a><\/div>\n\n\n[postlist id=4390]\n\n<\/div>\n\n\n<\/div>\n\n--><br \/>\n<!--eof updates--><\/p>\n","protected":false},"excerpt":{"rendered":"<p>Entre os principais fabricantes de \u00c1cido 2,4-D e seus Derivados Esfor\u00e7os pioneiros Um dos principais fabricantes globais do \u00c1cido 2,4-D e seus derivados Um dos principais fabricantes de Indoxacarbe na \u00cdndia Pioneiro na produ\u00e7\u00e3o de 2,4-D, Sulfonilureias, Isoprotiolane, Clodinafop propargyl<span class=\"ellipsis\">&hellip;<\/span><\/p>\n<div class=\"read-more\"><a href=\"https:\/\/www.atul.co.in\/portuguese\/cropcare\">Read more &#8250;<\/a><\/div>\n<p><!-- end of .read-more --><\/p>\n","protected":false},"author":1,"featured_media":0,"parent":866,"menu_order":0,"comment_status":"closed","ping_status":"closed","template":"crop-protection-bulk-actives-microsite-pages.php","meta":{"_acf_changed":false,"footnotes":"","_links_to":"","_links_to_target":""},"class_list":["post-867","page","type-page","status-publish","hentry"],"acf":[],"yoast_head":"<!-- This site is optimized with the Yoast SEO plugin v26.8 - https:\/\/yoast.com\/product\/yoast-seo-wordpress\/ -->\n<title>Ativos a granel para prote\u00e7\u00e3o de culturas | Atul<\/title>\n<meta name=\"robots\" content=\"index, follow, max-snippet:-1, max-image-preview:large, max-video-preview:-1\" \/>\n<link rel=\"canonical\" href=\"http:\/\/13.127.36.189\/portuguese\/cropcare\/\" \/>\n<meta property=\"og:locale\" content=\"en_US\" \/>\n<meta property=\"og:type\" content=\"article\" \/>\n<meta property=\"og:title\" content=\"Ativos a granel para prote\u00e7\u00e3o de culturas | Atul\" \/>\n<meta property=\"og:description\" content=\"Entre os principais fabricantes de \u00c1cido 2,4-D e seus Derivados Esfor\u00e7os pioneiros Um dos principais fabricantes globais do \u00c1cido 2,4-D e seus derivados Um dos principais fabricantes de Indoxacarbe na \u00cdndia Pioneiro na produ\u00e7\u00e3o de 2,4-D, Sulfonilureias, Isoprotiolane, Clodinafop propargyl&hellip;Read more &#8250;\" \/>\n<meta property=\"og:url\" content=\"http:\/\/13.127.36.189\/portuguese\/cropcare\/\" \/>\n<meta property=\"og:site_name\" content=\"Atul Ltd\" \/>\n<meta property=\"article:modified_time\" content=\"2020-05-22T06:08:41+00:00\" \/>\n<meta property=\"og:image\" content=\"https:\/\/www.atul.co.in\/portuguese\/wp-content\/uploads\/CP-BA-main-LP.jpg\" \/>\n<meta name=\"twitter:card\" content=\"summary_large_image\" \/>\n<script type=\"application\/ld+json\" class=\"yoast-schema-graph\">{\"@context\":\"https:\/\/schema.org\",\"@graph\":[{\"@type\":\"WebPage\",\"@id\":\"http:\/\/13.127.36.189\/portuguese\/cropcare\/\",\"url\":\"http:\/\/13.127.36.189\/portuguese\/cropcare\/\",\"name\":\"Ativos a granel para prote\u00e7\u00e3o de culturas | Atul\",\"isPartOf\":{\"@id\":\"http:\/\/13.127.36.189\/portuguese\/#website\"},\"primaryImageOfPage\":{\"@id\":\"http:\/\/13.127.36.189\/portuguese\/cropcare\/#primaryimage\"},\"image\":{\"@id\":\"http:\/\/13.127.36.189\/portuguese\/cropcare\/#primaryimage\"},\"thumbnailUrl\":\"https:\/\/www.atul.co.in\/portuguese\/wp-content\/uploads\/CP-BA-main-LP.jpg\",\"datePublished\":\"2017-02-02T03:47:09+00:00\",\"dateModified\":\"2020-05-22T06:08:41+00:00\",\"breadcrumb\":{\"@id\":\"http:\/\/13.127.36.189\/portuguese\/cropcare\/#breadcrumb\"},\"inLanguage\":\"en-US\",\"potentialAction\":[{\"@type\":\"ReadAction\",\"target\":[\"http:\/\/13.127.36.189\/portuguese\/cropcare\/\"]}]},{\"@type\":\"ImageObject\",\"inLanguage\":\"en-US\",\"@id\":\"http:\/\/13.127.36.189\/portuguese\/cropcare\/#primaryimage\",\"url\":\"https:\/\/www.atul.co.in\/portuguese\/wp-content\/uploads\/CP-BA-main-LP.jpg\",\"contentUrl\":\"https:\/\/www.atul.co.in\/portuguese\/wp-content\/uploads\/CP-BA-main-LP.jpg\"},{\"@type\":\"BreadcrumbList\",\"@id\":\"http:\/\/13.127.36.189\/portuguese\/cropcare\/#breadcrumb\",\"itemListElement\":[{\"@type\":\"ListItem\",\"position\":1,\"name\":\"Home\",\"item\":\"https:\/\/www.atul.co.in\/portuguese\/\"},{\"@type\":\"ListItem\",\"position\":2,\"name\":\"Crop Protection Bulk Actives\",\"item\":\"\/\"},{\"@type\":\"ListItem\",\"position\":3,\"name\":\"About\"}]},{\"@type\":\"WebSite\",\"@id\":\"http:\/\/13.127.36.189\/portuguese\/#website\",\"url\":\"http:\/\/13.127.36.189\/portuguese\/\",\"name\":\"Atul Ltd\",\"description\":\"\",\"potentialAction\":[{\"@type\":\"SearchAction\",\"target\":{\"@type\":\"EntryPoint\",\"urlTemplate\":\"http:\/\/13.127.36.189\/portuguese\/?s={search_term_string}\"},\"query-input\":{\"@type\":\"PropertyValueSpecification\",\"valueRequired\":true,\"valueName\":\"search_term_string\"}}],\"inLanguage\":\"en-US\"}]}<\/script>\n<!-- \/ Yoast SEO plugin. -->","yoast_head_json":{"title":"Ativos a granel para prote\u00e7\u00e3o de culturas | Atul","robots":{"index":"index","follow":"follow","max-snippet":"max-snippet:-1","max-image-preview":"max-image-preview:large","max-video-preview":"max-video-preview:-1"},"canonical":"http:\/\/13.127.36.189\/portuguese\/cropcare\/","og_locale":"en_US","og_type":"article","og_title":"Ativos a granel para prote\u00e7\u00e3o de culturas | Atul","og_description":"Entre os principais fabricantes de \u00c1cido 2,4-D e seus Derivados Esfor\u00e7os pioneiros Um dos principais fabricantes globais do \u00c1cido 2,4-D e seus derivados Um dos principais fabricantes de Indoxacarbe na \u00cdndia Pioneiro na produ\u00e7\u00e3o de 2,4-D, Sulfonilureias, Isoprotiolane, Clodinafop propargyl&hellip;Read more &#8250;","og_url":"http:\/\/13.127.36.189\/portuguese\/cropcare\/","og_site_name":"Atul Ltd","article_modified_time":"2020-05-22T06:08:41+00:00","og_image":[{"url":"https:\/\/www.atul.co.in\/portuguese\/wp-content\/uploads\/CP-BA-main-LP.jpg","type":"","width":"","height":""}],"twitter_card":"summary_large_image","schema":{"@context":"https:\/\/schema.org","@graph":[{"@type":"WebPage","@id":"http:\/\/13.127.36.189\/portuguese\/cropcare\/","url":"http:\/\/13.127.36.189\/portuguese\/cropcare\/","name":"Ativos a granel para prote\u00e7\u00e3o de culturas | Atul","isPartOf":{"@id":"http:\/\/13.127.36.189\/portuguese\/#website"},"primaryImageOfPage":{"@id":"http:\/\/13.127.36.189\/portuguese\/cropcare\/#primaryimage"},"image":{"@id":"http:\/\/13.127.36.189\/portuguese\/cropcare\/#primaryimage"},"thumbnailUrl":"https:\/\/www.atul.co.in\/portuguese\/wp-content\/uploads\/CP-BA-main-LP.jpg","datePublished":"2017-02-02T03:47:09+00:00","dateModified":"2020-05-22T06:08:41+00:00","breadcrumb":{"@id":"http:\/\/13.127.36.189\/portuguese\/cropcare\/#breadcrumb"},"inLanguage":"en-US","potentialAction":[{"@type":"ReadAction","target":["http:\/\/13.127.36.189\/portuguese\/cropcare\/"]}]},{"@type":"ImageObject","inLanguage":"en-US","@id":"http:\/\/13.127.36.189\/portuguese\/cropcare\/#primaryimage","url":"https:\/\/www.atul.co.in\/portuguese\/wp-content\/uploads\/CP-BA-main-LP.jpg","contentUrl":"https:\/\/www.atul.co.in\/portuguese\/wp-content\/uploads\/CP-BA-main-LP.jpg"},{"@type":"BreadcrumbList","@id":"http:\/\/13.127.36.189\/portuguese\/cropcare\/#breadcrumb","itemListElement":[{"@type":"ListItem","position":1,"name":"Home","item":"https:\/\/www.atul.co.in\/portuguese\/"},{"@type":"ListItem","position":2,"name":"Crop Protection Bulk Actives","item":"\/"},{"@type":"ListItem","position":3,"name":"About"}]},{"@type":"WebSite","@id":"http:\/\/13.127.36.189\/portuguese\/#website","url":"http:\/\/13.127.36.189\/portuguese\/","name":"Atul Ltd","description":"","potentialAction":[{"@type":"SearchAction","target":{"@type":"EntryPoint","urlTemplate":"http:\/\/13.127.36.189\/portuguese\/?s={search_term_string}"},"query-input":{"@type":"PropertyValueSpecification","valueRequired":true,"valueName":"search_term_string"}}],"inLanguage":"en-US"}]}},"_links":{"self":[{"href":"https:\/\/www.atul.co.in\/portuguese\/wp-json\/wp\/v2\/pages\/867","targetHints":{"allow":["GET"]}}],"collection":[{"href":"https:\/\/www.atul.co.in\/portuguese\/wp-json\/wp\/v2\/pages"}],"about":[{"href":"https:\/\/www.atul.co.in\/portuguese\/wp-json\/wp\/v2\/types\/page"}],"author":[{"embeddable":true,"href":"https:\/\/www.atul.co.in\/portuguese\/wp-json\/wp\/v2\/users\/1"}],"replies":[{"embeddable":true,"href":"https:\/\/www.atul.co.in\/portuguese\/wp-json\/wp\/v2\/comments?post=867"}],"version-history":[{"count":0,"href":"https:\/\/www.atul.co.in\/portuguese\/wp-json\/wp\/v2\/pages\/867\/revisions"}],"up":[{"embeddable":true,"href":"https:\/\/www.atul.co.in\/portuguese\/wp-json\/wp\/v2\/pages\/866"}],"wp:attachment":[{"href":"https:\/\/www.atul.co.in\/portuguese\/wp-json\/wp\/v2\/media?parent=867"}],"curies":[{"name":"wp","href":"https:\/\/api.w.org\/{rel}","templated":true}]}}