{"id":869,"date":"2017-02-02T03:56:03","date_gmt":"2017-02-02T03:56:03","guid":{"rendered":"http:\/\/43.242.212.212\/~atulco\/?page_id=869"},"modified":"2020-05-22T11:39:47","modified_gmt":"2020-05-22T06:09:47","slug":"cropcareproducts","status":"publish","type":"page","link":"https:\/\/www.atul.co.in\/portuguese\/cropcare\/products","title":{"rendered":"Products"},"content":{"rendered":"<div class=\"container\">\n<div class=\"text2\">Uma gama de produtos para a prote\u00e7\u00e3o de culturas para clientes institucionais e retalhistas preocupados com a qualidade<\/div>\n<div class=\"space20\"><\/div>\n<ul class=\"gridlayout2\">\n<li><a href=\"https:\/\/www.atul.co.in\/portuguese\/businesses\/cropcare\/product-search?_sfm_cp_bulk_applications=Fungicides\"><img loading=\"lazy\" decoding=\"async\" src=\"https:\/\/www.atul.co.in\/portuguese\/wp-content\/uploads\/2017\/08\/Fungicide.jpg\" alt=\"\" width=\"412\" height=\"354\" class=\"aligncenter size-full wp-image-847\" \/>\n<div>\n<h3>Fungicidas<\/h3>\n<\/div>\n<p><\/a><\/li>\n<li><a href=\"https:\/\/www.atul.co.in\/portuguese\/businesses\/cropcare\/product-search?_sfm_cp_bulk_applications=Herbicides\"><img loading=\"lazy\" decoding=\"async\" src=\"https:\/\/www.atul.co.in\/portuguese\/wp-content\/uploads\/2017\/08\/Herbicide-2.jpg\" alt=\"\" width=\"412\" height=\"354\" class=\"aligncenter size-full wp-image-5140\" srcset=\"https:\/\/www.atul.co.in\/portuguese\/wp-content\/uploads\/2017\/08\/Herbicide-2.jpg 412w, https:\/\/www.atul.co.in\/portuguese\/wp-content\/uploads\/2017\/08\/Herbicide-2-60x52.jpg 60w\" sizes=\"auto, (max-width: 412px) 100vw, 412px\" \/>\n<div>\n<h3>Herbicidas<\/h3>\n<\/div>\n<p><\/a><\/li>\n<li><a href=\"https:\/\/www.atul.co.in\/portuguese\/businesses\/cropcare\/product-search?_sfm_cp_bulk_applications=Insecticide\"><img loading=\"lazy\" decoding=\"async\" src=\"https:\/\/www.atul.co.in\/portuguese\/wp-content\/uploads\/2017\/08\/Insecticide.jpg\" alt=\"\" width=\"412\" height=\"354\" class=\"aligncenter size-full wp-image-847\" \/>\n<div>\n<h3>Inseticida<\/h3>\n<\/div>\n<p><\/a><\/li>\n<li><a href=\"https:\/\/www.atul.co.in\/portuguese\/businesses\/cropcare\/product-search?_sfm_cp_bulk_applications=Intermediates\"><img loading=\"lazy\" decoding=\"async\" src=\"https:\/\/www.atul.co.in\/portuguese\/wp-content\/uploads\/2017\/08\/Intermediates.jpg\" alt=\"\" width=\"412\" height=\"354\" class=\"aligncenter size-full wp-image-847\" \/>\n<div>\n<h3>Intermedi\u00e1rios<\/h3>\n<\/div>\n<p><\/a><\/li>\n<\/ul>\n<div class=\"clear\"><\/div>\n<div class=\"space40\"><\/div>\n","protected":false},"excerpt":{"rendered":"<p>Uma gama de produtos para a prote\u00e7\u00e3o de culturas para clientes institucionais e retalhistas preocupados com a qualidade Fungicidas Herbicidas Inseticida Intermedi\u00e1rios<\/p>\n","protected":false},"author":1,"featured_media":0,"parent":866,"menu_order":0,"comment_status":"closed","ping_status":"closed","template":"crop-protection-bulk-actives-microsite-pages.php","meta":{"_acf_changed":false,"footnotes":"","_links_to":"","_links_to_target":""},"class_list":["post-869","page","type-page","status-publish","hentry"],"acf":[],"yoast_head":"<!-- This site is optimized with the Yoast SEO plugin v26.8 - https:\/\/yoast.com\/product\/yoast-seo-wordpress\/ -->\n<title>Produtos | Ativos a granel para prote\u00e7\u00e3o de culturas | Atul<\/title>\n<meta name=\"robots\" content=\"index, follow, max-snippet:-1, max-image-preview:large, max-video-preview:-1\" \/>\n<link rel=\"canonical\" href=\"https:\/\/www.atul.co.in\/portuguese\/cropcare\/products\/\" \/>\n<meta property=\"og:locale\" content=\"en_US\" \/>\n<meta property=\"og:type\" content=\"article\" \/>\n<meta property=\"og:title\" content=\"Produtos | Ativos a granel para prote\u00e7\u00e3o de culturas | Atul\" \/>\n<meta property=\"og:description\" content=\"Uma gama de produtos para a prote\u00e7\u00e3o de culturas para clientes institucionais e retalhistas preocupados com a qualidade Fungicidas Herbicidas Inseticida Intermedi\u00e1rios\" \/>\n<meta property=\"og:url\" content=\"https:\/\/www.atul.co.in\/portuguese\/cropcare\/products\/\" \/>\n<meta property=\"og:site_name\" content=\"Atul Ltd\" \/>\n<meta property=\"article:modified_time\" content=\"2020-05-22T06:09:47+00:00\" \/>\n<meta property=\"og:image\" content=\"https:\/\/www.atul.co.in\/portuguese\/wp-content\/uploads\/2017\/08\/Fungicide.jpg\" \/>\n<meta name=\"twitter:card\" content=\"summary_large_image\" \/>\n<script type=\"application\/ld+json\" class=\"yoast-schema-graph\">{\"@context\":\"https:\/\/schema.org\",\"@graph\":[{\"@type\":\"WebPage\",\"@id\":\"https:\/\/www.atul.co.in\/portuguese\/cropcare\/products\/\",\"url\":\"https:\/\/www.atul.co.in\/portuguese\/cropcare\/products\/\",\"name\":\"Produtos | Ativos a granel para prote\u00e7\u00e3o de culturas | Atul\",\"isPartOf\":{\"@id\":\"http:\/\/13.127.36.189\/portuguese\/#website\"},\"primaryImageOfPage\":{\"@id\":\"https:\/\/www.atul.co.in\/portuguese\/cropcare\/products\/#primaryimage\"},\"image\":{\"@id\":\"https:\/\/www.atul.co.in\/portuguese\/cropcare\/products\/#primaryimage\"},\"thumbnailUrl\":\"https:\/\/www.atul.co.in\/portuguese\/wp-content\/uploads\/2017\/08\/Fungicide.jpg\",\"datePublished\":\"2017-02-02T03:56:03+00:00\",\"dateModified\":\"2020-05-22T06:09:47+00:00\",\"breadcrumb\":{\"@id\":\"https:\/\/www.atul.co.in\/portuguese\/cropcare\/products\/#breadcrumb\"},\"inLanguage\":\"en-US\",\"potentialAction\":[{\"@type\":\"ReadAction\",\"target\":[\"https:\/\/www.atul.co.in\/portuguese\/cropcare\/products\/\"]}]},{\"@type\":\"ImageObject\",\"inLanguage\":\"en-US\",\"@id\":\"https:\/\/www.atul.co.in\/portuguese\/cropcare\/products\/#primaryimage\",\"url\":\"https:\/\/www.atul.co.in\/portuguese\/wp-content\/uploads\/2017\/08\/Fungicide.jpg\",\"contentUrl\":\"https:\/\/www.atul.co.in\/portuguese\/wp-content\/uploads\/2017\/08\/Fungicide.jpg\"},{\"@type\":\"BreadcrumbList\",\"@id\":\"https:\/\/www.atul.co.in\/portuguese\/cropcare\/products\/#breadcrumb\",\"itemListElement\":[{\"@type\":\"ListItem\",\"position\":1,\"name\":\"Home\",\"item\":\"https:\/\/www.atul.co.in\/portuguese\/\"},{\"@type\":\"ListItem\",\"position\":2,\"name\":\"Crop Protection Bulk Actives\",\"item\":\"\/\"},{\"@type\":\"ListItem\",\"position\":3,\"name\":\"Products\"}]},{\"@type\":\"WebSite\",\"@id\":\"http:\/\/13.127.36.189\/portuguese\/#website\",\"url\":\"http:\/\/13.127.36.189\/portuguese\/\",\"name\":\"Atul Ltd\",\"description\":\"\",\"potentialAction\":[{\"@type\":\"SearchAction\",\"target\":{\"@type\":\"EntryPoint\",\"urlTemplate\":\"http:\/\/13.127.36.189\/portuguese\/?s={search_term_string}\"},\"query-input\":{\"@type\":\"PropertyValueSpecification\",\"valueRequired\":true,\"valueName\":\"search_term_string\"}}],\"inLanguage\":\"en-US\"}]}<\/script>\n<!-- \/ Yoast SEO plugin. -->","yoast_head_json":{"title":"Produtos | Ativos a granel para prote\u00e7\u00e3o de culturas | Atul","robots":{"index":"index","follow":"follow","max-snippet":"max-snippet:-1","max-image-preview":"max-image-preview:large","max-video-preview":"max-video-preview:-1"},"canonical":"https:\/\/www.atul.co.in\/portuguese\/cropcare\/products\/","og_locale":"en_US","og_type":"article","og_title":"Produtos | Ativos a granel para prote\u00e7\u00e3o de culturas | Atul","og_description":"Uma gama de produtos para a prote\u00e7\u00e3o de culturas para clientes institucionais e retalhistas preocupados com a qualidade Fungicidas Herbicidas Inseticida Intermedi\u00e1rios","og_url":"https:\/\/www.atul.co.in\/portuguese\/cropcare\/products\/","og_site_name":"Atul Ltd","article_modified_time":"2020-05-22T06:09:47+00:00","og_image":[{"url":"https:\/\/www.atul.co.in\/portuguese\/wp-content\/uploads\/2017\/08\/Fungicide.jpg","type":"","width":"","height":""}],"twitter_card":"summary_large_image","schema":{"@context":"https:\/\/schema.org","@graph":[{"@type":"WebPage","@id":"https:\/\/www.atul.co.in\/portuguese\/cropcare\/products\/","url":"https:\/\/www.atul.co.in\/portuguese\/cropcare\/products\/","name":"Produtos | Ativos a granel para prote\u00e7\u00e3o de culturas | Atul","isPartOf":{"@id":"http:\/\/13.127.36.189\/portuguese\/#website"},"primaryImageOfPage":{"@id":"https:\/\/www.atul.co.in\/portuguese\/cropcare\/products\/#primaryimage"},"image":{"@id":"https:\/\/www.atul.co.in\/portuguese\/cropcare\/products\/#primaryimage"},"thumbnailUrl":"https:\/\/www.atul.co.in\/portuguese\/wp-content\/uploads\/2017\/08\/Fungicide.jpg","datePublished":"2017-02-02T03:56:03+00:00","dateModified":"2020-05-22T06:09:47+00:00","breadcrumb":{"@id":"https:\/\/www.atul.co.in\/portuguese\/cropcare\/products\/#breadcrumb"},"inLanguage":"en-US","potentialAction":[{"@type":"ReadAction","target":["https:\/\/www.atul.co.in\/portuguese\/cropcare\/products\/"]}]},{"@type":"ImageObject","inLanguage":"en-US","@id":"https:\/\/www.atul.co.in\/portuguese\/cropcare\/products\/#primaryimage","url":"https:\/\/www.atul.co.in\/portuguese\/wp-content\/uploads\/2017\/08\/Fungicide.jpg","contentUrl":"https:\/\/www.atul.co.in\/portuguese\/wp-content\/uploads\/2017\/08\/Fungicide.jpg"},{"@type":"BreadcrumbList","@id":"https:\/\/www.atul.co.in\/portuguese\/cropcare\/products\/#breadcrumb","itemListElement":[{"@type":"ListItem","position":1,"name":"Home","item":"https:\/\/www.atul.co.in\/portuguese\/"},{"@type":"ListItem","position":2,"name":"Crop Protection Bulk Actives","item":"\/"},{"@type":"ListItem","position":3,"name":"Products"}]},{"@type":"WebSite","@id":"http:\/\/13.127.36.189\/portuguese\/#website","url":"http:\/\/13.127.36.189\/portuguese\/","name":"Atul Ltd","description":"","potentialAction":[{"@type":"SearchAction","target":{"@type":"EntryPoint","urlTemplate":"http:\/\/13.127.36.189\/portuguese\/?s={search_term_string}"},"query-input":{"@type":"PropertyValueSpecification","valueRequired":true,"valueName":"search_term_string"}}],"inLanguage":"en-US"}]}},"_links":{"self":[{"href":"https:\/\/www.atul.co.in\/portuguese\/wp-json\/wp\/v2\/pages\/869","targetHints":{"allow":["GET"]}}],"collection":[{"href":"https:\/\/www.atul.co.in\/portuguese\/wp-json\/wp\/v2\/pages"}],"about":[{"href":"https:\/\/www.atul.co.in\/portuguese\/wp-json\/wp\/v2\/types\/page"}],"author":[{"embeddable":true,"href":"https:\/\/www.atul.co.in\/portuguese\/wp-json\/wp\/v2\/users\/1"}],"replies":[{"embeddable":true,"href":"https:\/\/www.atul.co.in\/portuguese\/wp-json\/wp\/v2\/comments?post=869"}],"version-history":[{"count":0,"href":"https:\/\/www.atul.co.in\/portuguese\/wp-json\/wp\/v2\/pages\/869\/revisions"}],"up":[{"embeddable":true,"href":"https:\/\/www.atul.co.in\/portuguese\/wp-json\/wp\/v2\/pages\/866"}],"wp:attachment":[{"href":"https:\/\/www.atul.co.in\/portuguese\/wp-json\/wp\/v2\/media?parent=869"}],"curies":[{"name":"wp","href":"https:\/\/api.w.org\/{rel}","templated":true}]}}