{"id":873,"date":"2017-02-02T03:58:41","date_gmt":"2017-02-02T03:58:41","guid":{"rendered":"http:\/\/43.242.212.212\/~atulco\/?page_id=873"},"modified":"2020-04-02T11:13:13","modified_gmt":"2020-04-02T05:43:13","slug":"cropcare-retail","status":"publish","type":"page","link":"https:\/\/www.atul.co.in\/portuguese\/cropcare-retail","title":{"rendered":"About"},"content":{"rendered":"<div class=\"container\">\n<div class=\"text1\"><center>Fabricante ind\u00edgena de importantes produtos qu\u00edmicos para prote\u00e7\u00e3o de culturas, como o 2,4-D, a Sulfonilureia, o Clodinafop propargyl e o Indoxacarb<\/center><\/div>\n<\/div>\n<div class=\"space20\"><\/div>\n<div class=\"landingimage\"><img decoding=\"async\" src=\"https:\/\/www.atul.co.in\/portuguese\/wp-content\/uploads\/cp-brand-banner1-1.jpg\" alt=\"\"  class=\"aligncenter size-full wp-image-846\" \/><\/div>\n<div class=\"crop-protection-brands-highlights\">\n<div class=\"container\">\n<div class=\"space25\"><\/div>\n<div class=\"title\">Esfor\u00e7os pioneiros<\/div>\n<div class=\"text\">\nServindo uma rede de 2 milh\u00f5es de agricultores na \u00cdndia atrav\u00e9s de mais de 2 500 distribuidores<\/p>\n<p>Fornecendo solu\u00e7\u00f5es aos agricultores e distribuidores com equipas dedicadas e tecnicamente qualificadas<\/p>\n<p>Oferecendo solu\u00e7\u00f5es de cuidados com as planta\u00e7\u00f5es com produtos de qualidade econ\u00f3micos para aumentar a produ\u00e7\u00e3o<\/p>\n<p>Zura \u00e9 a maior marca de 2,4-D na \u00cdndia<\/p>\n<p>Presente na \u00cdndia com mais de 50 marcas de produtos para cuidar das planta\u00e7\u00f5es\n<\/p><\/div>\n<div class=\"clear\"><\/div>\n<\/div>\n<\/div>\n<div class=\"crop-protection-brands-industry\">\n<div class=\"container\">\n<div class=\"title\">Produtos Vegetais<\/div>\n<div class=\"text\">Servindo uma rede de cerca de 2 milh\u00f5es de agricultores na \u00cdndia atrav\u00e9s de mais de 2 500 distribuidores<\/div>\n<div class=\"link\"><a href=\"https:\/\/www.atul.co.in\/portuguese\/cropcare-retail\/crops\">EXPLORAR<\/a><\/div>\n<div class=\"clear\"><\/div>\n<\/div>\n<\/div>\n<div class=\"crop-protection-brands-products\">\n<div class=\"container\">\n<div class=\"title\">Produtos<\/div>\n<div class=\"text\">Oferecendo solu\u00e7\u00f5es de cultivo atrav\u00e9s de mais de 50 marcas em toda a \u00cdndia<\/div>\n<div class=\"link\"><a href=\"https:\/\/www.atul.co.in\/portuguese\/cropcare-retail\/products\">EXPLORAR<\/a><\/div>\n<div class=\"clear\"><\/div>\n<\/div>\n<\/div>\n<p><!--div class=\"updates\">\n\n\n<div class=\"container\">\n\n\n<div class=\"title\"><a href=\"https:\/\/www.atul.co.in\/portuguese\/w4pl\/cp-brand-updates-list\/\">Updates<\/a><\/div>\n\n\n[postlist id=4391]\n\n<\/div>\n\n\n<\/div->\n<!--eof updates--><\/p>\n","protected":false},"excerpt":{"rendered":"<p>Fabricante ind\u00edgena de importantes produtos qu\u00edmicos para prote\u00e7\u00e3o de culturas, como o 2,4-D, a Sulfonilureia, o Clodinafop propargyl e o Indoxacarb Esfor\u00e7os pioneiros Servindo uma rede de 2 milh\u00f5es de agricultores na \u00cdndia atrav\u00e9s de mais de 2 500 distribuidores<span class=\"ellipsis\">&hellip;<\/span><\/p>\n<div class=\"read-more\"><a href=\"https:\/\/www.atul.co.in\/portuguese\/cropcare-retail\">Read more &#8250;<\/a><\/div>\n<p><!-- end of .read-more --><\/p>\n","protected":false},"author":1,"featured_media":0,"parent":872,"menu_order":0,"comment_status":"closed","ping_status":"closed","template":"crop-protection-brands-microsite-pages.php","meta":{"_acf_changed":false,"footnotes":"","_links_to":"","_links_to_target":""},"class_list":["post-873","page","type-page","status-publish","hentry"],"acf":[],"yoast_head":"<!-- This site is optimized with the Yoast SEO plugin v26.8 - https:\/\/yoast.com\/product\/yoast-seo-wordpress\/ -->\n<title>Prote\u00e7\u00e3o de culturas com venda a granel | Atul<\/title>\n<meta name=\"robots\" content=\"index, follow, max-snippet:-1, max-image-preview:large, max-video-preview:-1\" \/>\n<link rel=\"canonical\" href=\"http:\/\/13.127.36.189\/portuguese\/cropcare-retail\/\" \/>\n<meta property=\"og:locale\" content=\"en_US\" \/>\n<meta property=\"og:type\" content=\"article\" \/>\n<meta property=\"og:title\" content=\"Prote\u00e7\u00e3o de culturas com venda a granel | Atul\" \/>\n<meta property=\"og:description\" content=\"Fabricante ind\u00edgena de importantes produtos qu\u00edmicos para prote\u00e7\u00e3o de culturas, como o 2,4-D, a Sulfonilureia, o Clodinafop propargyl e o Indoxacarb Esfor\u00e7os pioneiros Servindo uma rede de 2 milh\u00f5es de agricultores na \u00cdndia atrav\u00e9s de mais de 2 500 distribuidores&hellip;Read more &#8250;\" \/>\n<meta property=\"og:url\" content=\"http:\/\/13.127.36.189\/portuguese\/cropcare-retail\/\" \/>\n<meta property=\"og:site_name\" content=\"Atul Ltd\" \/>\n<meta property=\"article:modified_time\" content=\"2020-04-02T05:43:13+00:00\" \/>\n<meta property=\"og:image\" content=\"https:\/\/www.atul.co.in\/portuguese\/wp-content\/uploads\/cp-brand-banner1-1.jpg\" \/>\n<meta name=\"twitter:card\" content=\"summary_large_image\" \/>\n<meta name=\"twitter:label1\" content=\"Est. reading time\" \/>\n\t<meta name=\"twitter:data1\" content=\"1 minute\" \/>\n<script type=\"application\/ld+json\" class=\"yoast-schema-graph\">{\"@context\":\"https:\/\/schema.org\",\"@graph\":[{\"@type\":\"WebPage\",\"@id\":\"http:\/\/13.127.36.189\/portuguese\/cropcare-retail\/\",\"url\":\"http:\/\/13.127.36.189\/portuguese\/cropcare-retail\/\",\"name\":\"Prote\u00e7\u00e3o de culturas com venda a granel | Atul\",\"isPartOf\":{\"@id\":\"http:\/\/13.127.36.189\/portuguese\/#website\"},\"primaryImageOfPage\":{\"@id\":\"http:\/\/13.127.36.189\/portuguese\/cropcare-retail\/#primaryimage\"},\"image\":{\"@id\":\"http:\/\/13.127.36.189\/portuguese\/cropcare-retail\/#primaryimage\"},\"thumbnailUrl\":\"https:\/\/www.atul.co.in\/portuguese\/wp-content\/uploads\/cp-brand-banner1-1.jpg\",\"datePublished\":\"2017-02-02T03:58:41+00:00\",\"dateModified\":\"2020-04-02T05:43:13+00:00\",\"breadcrumb\":{\"@id\":\"http:\/\/13.127.36.189\/portuguese\/cropcare-retail\/#breadcrumb\"},\"inLanguage\":\"en-US\",\"potentialAction\":[{\"@type\":\"ReadAction\",\"target\":[\"http:\/\/13.127.36.189\/portuguese\/cropcare-retail\/\"]}]},{\"@type\":\"ImageObject\",\"inLanguage\":\"en-US\",\"@id\":\"http:\/\/13.127.36.189\/portuguese\/cropcare-retail\/#primaryimage\",\"url\":\"https:\/\/www.atul.co.in\/portuguese\/wp-content\/uploads\/cp-brand-banner1-1.jpg\",\"contentUrl\":\"https:\/\/www.atul.co.in\/portuguese\/wp-content\/uploads\/cp-brand-banner1-1.jpg\"},{\"@type\":\"BreadcrumbList\",\"@id\":\"http:\/\/13.127.36.189\/portuguese\/cropcare-retail\/#breadcrumb\",\"itemListElement\":[{\"@type\":\"ListItem\",\"position\":1,\"name\":\"Home\",\"item\":\"https:\/\/www.atul.co.in\/portuguese\/\"},{\"@type\":\"ListItem\",\"position\":2,\"name\":\"Crop Protection Brands\",\"item\":\"\/\"},{\"@type\":\"ListItem\",\"position\":3,\"name\":\"About\"}]},{\"@type\":\"WebSite\",\"@id\":\"http:\/\/13.127.36.189\/portuguese\/#website\",\"url\":\"http:\/\/13.127.36.189\/portuguese\/\",\"name\":\"Atul Ltd\",\"description\":\"\",\"potentialAction\":[{\"@type\":\"SearchAction\",\"target\":{\"@type\":\"EntryPoint\",\"urlTemplate\":\"http:\/\/13.127.36.189\/portuguese\/?s={search_term_string}\"},\"query-input\":{\"@type\":\"PropertyValueSpecification\",\"valueRequired\":true,\"valueName\":\"search_term_string\"}}],\"inLanguage\":\"en-US\"}]}<\/script>\n<!-- \/ Yoast SEO plugin. -->","yoast_head_json":{"title":"Prote\u00e7\u00e3o de culturas com venda a granel | Atul","robots":{"index":"index","follow":"follow","max-snippet":"max-snippet:-1","max-image-preview":"max-image-preview:large","max-video-preview":"max-video-preview:-1"},"canonical":"http:\/\/13.127.36.189\/portuguese\/cropcare-retail\/","og_locale":"en_US","og_type":"article","og_title":"Prote\u00e7\u00e3o de culturas com venda a granel | Atul","og_description":"Fabricante ind\u00edgena de importantes produtos qu\u00edmicos para prote\u00e7\u00e3o de culturas, como o 2,4-D, a Sulfonilureia, o Clodinafop propargyl e o Indoxacarb Esfor\u00e7os pioneiros Servindo uma rede de 2 milh\u00f5es de agricultores na \u00cdndia atrav\u00e9s de mais de 2 500 distribuidores&hellip;Read more &#8250;","og_url":"http:\/\/13.127.36.189\/portuguese\/cropcare-retail\/","og_site_name":"Atul Ltd","article_modified_time":"2020-04-02T05:43:13+00:00","og_image":[{"url":"https:\/\/www.atul.co.in\/portuguese\/wp-content\/uploads\/cp-brand-banner1-1.jpg","type":"","width":"","height":""}],"twitter_card":"summary_large_image","twitter_misc":{"Est. reading time":"1 minute"},"schema":{"@context":"https:\/\/schema.org","@graph":[{"@type":"WebPage","@id":"http:\/\/13.127.36.189\/portuguese\/cropcare-retail\/","url":"http:\/\/13.127.36.189\/portuguese\/cropcare-retail\/","name":"Prote\u00e7\u00e3o de culturas com venda a granel | Atul","isPartOf":{"@id":"http:\/\/13.127.36.189\/portuguese\/#website"},"primaryImageOfPage":{"@id":"http:\/\/13.127.36.189\/portuguese\/cropcare-retail\/#primaryimage"},"image":{"@id":"http:\/\/13.127.36.189\/portuguese\/cropcare-retail\/#primaryimage"},"thumbnailUrl":"https:\/\/www.atul.co.in\/portuguese\/wp-content\/uploads\/cp-brand-banner1-1.jpg","datePublished":"2017-02-02T03:58:41+00:00","dateModified":"2020-04-02T05:43:13+00:00","breadcrumb":{"@id":"http:\/\/13.127.36.189\/portuguese\/cropcare-retail\/#breadcrumb"},"inLanguage":"en-US","potentialAction":[{"@type":"ReadAction","target":["http:\/\/13.127.36.189\/portuguese\/cropcare-retail\/"]}]},{"@type":"ImageObject","inLanguage":"en-US","@id":"http:\/\/13.127.36.189\/portuguese\/cropcare-retail\/#primaryimage","url":"https:\/\/www.atul.co.in\/portuguese\/wp-content\/uploads\/cp-brand-banner1-1.jpg","contentUrl":"https:\/\/www.atul.co.in\/portuguese\/wp-content\/uploads\/cp-brand-banner1-1.jpg"},{"@type":"BreadcrumbList","@id":"http:\/\/13.127.36.189\/portuguese\/cropcare-retail\/#breadcrumb","itemListElement":[{"@type":"ListItem","position":1,"name":"Home","item":"https:\/\/www.atul.co.in\/portuguese\/"},{"@type":"ListItem","position":2,"name":"Crop Protection Brands","item":"\/"},{"@type":"ListItem","position":3,"name":"About"}]},{"@type":"WebSite","@id":"http:\/\/13.127.36.189\/portuguese\/#website","url":"http:\/\/13.127.36.189\/portuguese\/","name":"Atul Ltd","description":"","potentialAction":[{"@type":"SearchAction","target":{"@type":"EntryPoint","urlTemplate":"http:\/\/13.127.36.189\/portuguese\/?s={search_term_string}"},"query-input":{"@type":"PropertyValueSpecification","valueRequired":true,"valueName":"search_term_string"}}],"inLanguage":"en-US"}]}},"_links":{"self":[{"href":"https:\/\/www.atul.co.in\/portuguese\/wp-json\/wp\/v2\/pages\/873","targetHints":{"allow":["GET"]}}],"collection":[{"href":"https:\/\/www.atul.co.in\/portuguese\/wp-json\/wp\/v2\/pages"}],"about":[{"href":"https:\/\/www.atul.co.in\/portuguese\/wp-json\/wp\/v2\/types\/page"}],"author":[{"embeddable":true,"href":"https:\/\/www.atul.co.in\/portuguese\/wp-json\/wp\/v2\/users\/1"}],"replies":[{"embeddable":true,"href":"https:\/\/www.atul.co.in\/portuguese\/wp-json\/wp\/v2\/comments?post=873"}],"version-history":[{"count":0,"href":"https:\/\/www.atul.co.in\/portuguese\/wp-json\/wp\/v2\/pages\/873\/revisions"}],"up":[{"embeddable":true,"href":"https:\/\/www.atul.co.in\/portuguese\/wp-json\/wp\/v2\/pages\/872"}],"wp:attachment":[{"href":"https:\/\/www.atul.co.in\/portuguese\/wp-json\/wp\/v2\/media?parent=873"}],"curies":[{"name":"wp","href":"https:\/\/api.w.org\/{rel}","templated":true}]}}