{"id":879,"date":"2017-02-02T04:05:24","date_gmt":"2017-02-02T04:05:24","guid":{"rendered":"http:\/\/43.242.212.212\/~atulco\/?page_id=879"},"modified":"2020-03-27T15:26:59","modified_gmt":"2020-03-27T09:56:59","slug":"businessesfloras","status":"publish","type":"page","link":"https:\/\/www.atul.co.in\/portuguese\/floras","title":{"rendered":"About"},"content":{"rendered":"<div class=\"container\">\n<div class=\"text1\">\n<h4>O maior produtor indiano de tamareiras para a ind\u00fastria t\u00eaxtil com uma presen\u00e7a ao n\u00edvel global<\/h4>\n<\/div>\n<\/div>\n<div class=\"space20\"><\/div>\n<div class=\"landingimage\"><img decoding=\"async\" class=\"aligncenter size-full wp-image-846\" src=\"https:\/\/www.atul.co.in\/portuguese\/wp-content\/uploads\/floras.jpg\" alt=\"\" \/><\/div>\n<div class=\"floras-highlights\">\n<div class=\"container\">\n<div class=\"title\">Esfor\u00e7os pioneiros<\/div>\n<div class=\"text\">Maior produtor mundial de tamareiras para a ind\u00fastria t\u00eaxtil, a par das suas subsidi\u00e1rias na \u00cdndia e no Reino Unido<\/p>\n<p>Produtor de bananeiras aut\u00eanticas para a ind\u00fastria t\u00eaxtil<\/p>\n<p>Produtor de \u00f3leos essenciais para a ind\u00fastria de aromas e fragr\u00e2ncias<\/p>\n<p>Atul Rajasthan Date Palms Ltd \u00e9 o primeiro e \u00fanico produtor ind\u00edgena de palmeiras para a ind\u00fastria t\u00eaxtil que usa tecnologia estrangeira na \u00cdndia<\/p>\n<p>Primeiro produtor exclusivo de toda uma gama de t\u00e2maras frescas e nutritivas e produtos processados a partir da t\u00e2mara na \u00cdndia &#8211; a &#8216;Date Delights&#8217;<\/p><\/div>\n<div class=\"clear\"><\/div>\n<\/div>\n<\/div>\n<div class=\"floras-industry\">\n<div class=\"container\">\n<div class=\"title\">Ind\u00fastrias abrangidas<\/div>\n<div class=\"text\">Pioneira na ind\u00fastria agro-biotecnol\u00f3gica para a produ\u00e7\u00e3o de tamareiras destinadas \u00e0 ind\u00fastria t\u00eaxtil<\/div>\n<div class=\"link\"><a href=\"https:\/\/www.atul.co.in\/portuguese\/floras\/industries\/\">EXPLORAR<\/a><\/div>\n<div class=\"clear\"><\/div>\n<\/div>\n<\/div>\n<div class=\"floras-products\">\n<div class=\"container\">\n<div class=\"title\">Produtos<\/div>\n<div class=\"text\">Criamos solu\u00e7\u00f5es para a cadeia de oferta produtos \u00e0 base da t\u00e2mara, da quinta para a mesa<\/div>\n<div class=\"link\"><a href=\"https:\/\/www.atul.co.in\/portuguese\/floras\/products\/\">EXPLORAR<\/a><\/div>\n<div class=\"clear\"><\/div>\n<\/div>\n<\/div>\n<p><!--\n\n\n<div class=\"updates\">\n\n\n<div class=\"container\">\n\n\n<div class=\"title\"><a href=\"https:\/\/www.atul.co.in\/portuguese\/w4pl\/floras-updates-list\/\">Updates<\/a><\/div>\n\n\n[postlist id=4392]\n\n<\/div>\n\n\n<\/div>\n\n --><br \/>\n<!--eof updates--><\/p>\n","protected":false},"excerpt":{"rendered":"<p>O maior produtor indiano de tamareiras para a ind\u00fastria t\u00eaxtil com uma presen\u00e7a ao n\u00edvel global Esfor\u00e7os pioneiros Maior produtor mundial de tamareiras para a ind\u00fastria t\u00eaxtil, a par das suas subsidi\u00e1rias na \u00cdndia e no Reino Unido Produtor de<span class=\"ellipsis\">&hellip;<\/span><\/p>\n<div class=\"read-more\"><a href=\"https:\/\/www.atul.co.in\/portuguese\/floras\">Read more &#8250;<\/a><\/div>\n<p><!-- end of .read-more --><\/p>\n","protected":false},"author":1,"featured_media":0,"parent":878,"menu_order":0,"comment_status":"closed","ping_status":"closed","template":"floras-microsite-pages.php","meta":{"_acf_changed":false,"footnotes":"","_links_to":"","_links_to_target":""},"class_list":["post-879","page","type-page","status-publish","hentry"],"acf":[],"yoast_head":"<!-- This site is optimized with the Yoast SEO plugin v26.8 - https:\/\/yoast.com\/product\/yoast-seo-wordpress\/ -->\n<title>Floras | Atul<\/title>\n<meta name=\"robots\" content=\"index, follow, max-snippet:-1, max-image-preview:large, max-video-preview:-1\" \/>\n<link rel=\"canonical\" href=\"http:\/\/13.127.36.189\/portuguese\/floras\/\" \/>\n<meta property=\"og:locale\" content=\"en_US\" \/>\n<meta property=\"og:type\" content=\"article\" \/>\n<meta property=\"og:title\" content=\"Floras | Atul\" \/>\n<meta property=\"og:description\" content=\"O maior produtor indiano de tamareiras para a ind\u00fastria t\u00eaxtil com uma presen\u00e7a ao n\u00edvel global Esfor\u00e7os pioneiros Maior produtor mundial de tamareiras para a ind\u00fastria t\u00eaxtil, a par das suas subsidi\u00e1rias na \u00cdndia e no Reino Unido Produtor de&hellip;Read more &#8250;\" \/>\n<meta property=\"og:url\" content=\"http:\/\/13.127.36.189\/portuguese\/floras\/\" \/>\n<meta property=\"og:site_name\" content=\"Atul Ltd\" \/>\n<meta property=\"article:modified_time\" content=\"2020-03-27T09:56:59+00:00\" \/>\n<meta property=\"og:image\" content=\"https:\/\/www.atul.co.in\/portuguese\/wp-content\/uploads\/floras.jpg\" \/>\n<meta name=\"twitter:card\" content=\"summary_large_image\" \/>\n<meta name=\"twitter:label1\" content=\"Est. reading time\" \/>\n\t<meta name=\"twitter:data1\" content=\"1 minute\" \/>\n<script type=\"application\/ld+json\" class=\"yoast-schema-graph\">{\"@context\":\"https:\/\/schema.org\",\"@graph\":[{\"@type\":\"WebPage\",\"@id\":\"http:\/\/13.127.36.189\/portuguese\/floras\/\",\"url\":\"http:\/\/13.127.36.189\/portuguese\/floras\/\",\"name\":\"Floras | Atul\",\"isPartOf\":{\"@id\":\"http:\/\/13.127.36.189\/portuguese\/#website\"},\"primaryImageOfPage\":{\"@id\":\"http:\/\/13.127.36.189\/portuguese\/floras\/#primaryimage\"},\"image\":{\"@id\":\"http:\/\/13.127.36.189\/portuguese\/floras\/#primaryimage\"},\"thumbnailUrl\":\"https:\/\/www.atul.co.in\/portuguese\/wp-content\/uploads\/floras.jpg\",\"datePublished\":\"2017-02-02T04:05:24+00:00\",\"dateModified\":\"2020-03-27T09:56:59+00:00\",\"breadcrumb\":{\"@id\":\"http:\/\/13.127.36.189\/portuguese\/floras\/#breadcrumb\"},\"inLanguage\":\"en-US\",\"potentialAction\":[{\"@type\":\"ReadAction\",\"target\":[\"http:\/\/13.127.36.189\/portuguese\/floras\/\"]}]},{\"@type\":\"ImageObject\",\"inLanguage\":\"en-US\",\"@id\":\"http:\/\/13.127.36.189\/portuguese\/floras\/#primaryimage\",\"url\":\"https:\/\/www.atul.co.in\/portuguese\/wp-content\/uploads\/floras.jpg\",\"contentUrl\":\"https:\/\/www.atul.co.in\/portuguese\/wp-content\/uploads\/floras.jpg\"},{\"@type\":\"BreadcrumbList\",\"@id\":\"http:\/\/13.127.36.189\/portuguese\/floras\/#breadcrumb\",\"itemListElement\":[{\"@type\":\"ListItem\",\"position\":1,\"name\":\"Home\",\"item\":\"https:\/\/www.atul.co.in\/portuguese\/\"},{\"@type\":\"ListItem\",\"position\":2,\"name\":\"Floras\",\"item\":\"\/\"},{\"@type\":\"ListItem\",\"position\":3,\"name\":\"About\"}]},{\"@type\":\"WebSite\",\"@id\":\"http:\/\/13.127.36.189\/portuguese\/#website\",\"url\":\"http:\/\/13.127.36.189\/portuguese\/\",\"name\":\"Atul Ltd\",\"description\":\"\",\"potentialAction\":[{\"@type\":\"SearchAction\",\"target\":{\"@type\":\"EntryPoint\",\"urlTemplate\":\"http:\/\/13.127.36.189\/portuguese\/?s={search_term_string}\"},\"query-input\":{\"@type\":\"PropertyValueSpecification\",\"valueRequired\":true,\"valueName\":\"search_term_string\"}}],\"inLanguage\":\"en-US\"}]}<\/script>\n<!-- \/ Yoast SEO plugin. -->","yoast_head_json":{"title":"Floras | Atul","robots":{"index":"index","follow":"follow","max-snippet":"max-snippet:-1","max-image-preview":"max-image-preview:large","max-video-preview":"max-video-preview:-1"},"canonical":"http:\/\/13.127.36.189\/portuguese\/floras\/","og_locale":"en_US","og_type":"article","og_title":"Floras | Atul","og_description":"O maior produtor indiano de tamareiras para a ind\u00fastria t\u00eaxtil com uma presen\u00e7a ao n\u00edvel global Esfor\u00e7os pioneiros Maior produtor mundial de tamareiras para a ind\u00fastria t\u00eaxtil, a par das suas subsidi\u00e1rias na \u00cdndia e no Reino Unido Produtor de&hellip;Read more &#8250;","og_url":"http:\/\/13.127.36.189\/portuguese\/floras\/","og_site_name":"Atul Ltd","article_modified_time":"2020-03-27T09:56:59+00:00","og_image":[{"url":"https:\/\/www.atul.co.in\/portuguese\/wp-content\/uploads\/floras.jpg","type":"","width":"","height":""}],"twitter_card":"summary_large_image","twitter_misc":{"Est. reading time":"1 minute"},"schema":{"@context":"https:\/\/schema.org","@graph":[{"@type":"WebPage","@id":"http:\/\/13.127.36.189\/portuguese\/floras\/","url":"http:\/\/13.127.36.189\/portuguese\/floras\/","name":"Floras | Atul","isPartOf":{"@id":"http:\/\/13.127.36.189\/portuguese\/#website"},"primaryImageOfPage":{"@id":"http:\/\/13.127.36.189\/portuguese\/floras\/#primaryimage"},"image":{"@id":"http:\/\/13.127.36.189\/portuguese\/floras\/#primaryimage"},"thumbnailUrl":"https:\/\/www.atul.co.in\/portuguese\/wp-content\/uploads\/floras.jpg","datePublished":"2017-02-02T04:05:24+00:00","dateModified":"2020-03-27T09:56:59+00:00","breadcrumb":{"@id":"http:\/\/13.127.36.189\/portuguese\/floras\/#breadcrumb"},"inLanguage":"en-US","potentialAction":[{"@type":"ReadAction","target":["http:\/\/13.127.36.189\/portuguese\/floras\/"]}]},{"@type":"ImageObject","inLanguage":"en-US","@id":"http:\/\/13.127.36.189\/portuguese\/floras\/#primaryimage","url":"https:\/\/www.atul.co.in\/portuguese\/wp-content\/uploads\/floras.jpg","contentUrl":"https:\/\/www.atul.co.in\/portuguese\/wp-content\/uploads\/floras.jpg"},{"@type":"BreadcrumbList","@id":"http:\/\/13.127.36.189\/portuguese\/floras\/#breadcrumb","itemListElement":[{"@type":"ListItem","position":1,"name":"Home","item":"https:\/\/www.atul.co.in\/portuguese\/"},{"@type":"ListItem","position":2,"name":"Floras","item":"\/"},{"@type":"ListItem","position":3,"name":"About"}]},{"@type":"WebSite","@id":"http:\/\/13.127.36.189\/portuguese\/#website","url":"http:\/\/13.127.36.189\/portuguese\/","name":"Atul Ltd","description":"","potentialAction":[{"@type":"SearchAction","target":{"@type":"EntryPoint","urlTemplate":"http:\/\/13.127.36.189\/portuguese\/?s={search_term_string}"},"query-input":{"@type":"PropertyValueSpecification","valueRequired":true,"valueName":"search_term_string"}}],"inLanguage":"en-US"}]}},"_links":{"self":[{"href":"https:\/\/www.atul.co.in\/portuguese\/wp-json\/wp\/v2\/pages\/879","targetHints":{"allow":["GET"]}}],"collection":[{"href":"https:\/\/www.atul.co.in\/portuguese\/wp-json\/wp\/v2\/pages"}],"about":[{"href":"https:\/\/www.atul.co.in\/portuguese\/wp-json\/wp\/v2\/types\/page"}],"author":[{"embeddable":true,"href":"https:\/\/www.atul.co.in\/portuguese\/wp-json\/wp\/v2\/users\/1"}],"replies":[{"embeddable":true,"href":"https:\/\/www.atul.co.in\/portuguese\/wp-json\/wp\/v2\/comments?post=879"}],"version-history":[{"count":0,"href":"https:\/\/www.atul.co.in\/portuguese\/wp-json\/wp\/v2\/pages\/879\/revisions"}],"up":[{"embeddable":true,"href":"https:\/\/www.atul.co.in\/portuguese\/wp-json\/wp\/v2\/pages\/878"}],"wp:attachment":[{"href":"https:\/\/www.atul.co.in\/portuguese\/wp-json\/wp\/v2\/media?parent=879"}],"curies":[{"name":"wp","href":"https:\/\/api.w.org\/{rel}","templated":true}]}}