{"id":880,"date":"2017-02-02T04:07:18","date_gmt":"2017-02-02T04:07:18","guid":{"rendered":"http:\/\/43.242.212.212\/~atulco\/?page_id=880"},"modified":"2020-04-02T15:36:17","modified_gmt":"2020-04-02T10:06:17","slug":"florasindustries","status":"publish","type":"page","link":"https:\/\/www.atul.co.in\/portuguese\/floras\/industries\/","title":{"rendered":"Industry"},"content":{"rendered":"<div class=\"container\">\n<div class=\"text2\">Proporcionando solu\u00e7\u00f5es especializadas no cultivo de tamareiras micro-propagadas em regi\u00f5es \u00e1ridas e semi-\u00e1ridas do mundo<\/div>\n<div class=\"desktop\"><\/div>\n<p><center><\/p>\n<ul class=\"gridlayout2 floras\">\n<li><a href=\"https:\/\/www.atul.co.in\/portuguese\/businesses\/floras\/product-search\/?_sfm_floras_industry=Agriculture\"><img loading=\"lazy\" decoding=\"async\" src=\"https:\/\/www.atul.co.in\/portuguese\/wp-content\/uploads\/2017\/08\/agriculture-1.jpg\" alt=\"\" width=\"412\" height=\"354\" class=\"aligncenter size-full wp-image-847\" \/>\n<div>\n<h3>Agricultura<\/h3>\n<\/div>\n<p><\/a><\/li>\n<li><a href=\"https:\/\/www.atul.co.in\/portuguese\/businesses\/floras\/product-search\/?_sfm_floras_industry=Food\"><img loading=\"lazy\" decoding=\"async\" src=\"https:\/\/www.atul.co.in\/portuguese\/wp-content\/uploads\/2017\/08\/food-nutrition.jpg\" alt=\"\" width=\"412\" height=\"354\" class=\"aligncenter size-full wp-image-847\" \/>\n<div>\n<h3>Alimentos<\/h3>\n<\/div>\n<p><\/a><\/li>\n<\/ul>\n<p><\/center><\/p>\n<div class=\"space5\"><\/div>\n<div class=\"clear\"><\/div>\n<\/div>\n<\/div>\n","protected":false},"excerpt":{"rendered":"<p>Proporcionando solu\u00e7\u00f5es especializadas no cultivo de tamareiras micro-propagadas em regi\u00f5es \u00e1ridas e semi-\u00e1ridas do mundo Agricultura Alimentos<\/p>\n","protected":false},"author":1,"featured_media":0,"parent":878,"menu_order":0,"comment_status":"closed","ping_status":"closed","template":"floras-microsite-pages.php","meta":{"_acf_changed":false,"footnotes":"","_links_to":"","_links_to_target":""},"class_list":["post-880","page","type-page","status-publish","hentry"],"acf":[],"yoast_head":"<!-- This site is optimized with the Yoast SEO plugin v26.8 - https:\/\/yoast.com\/product\/yoast-seo-wordpress\/ -->\n<title>Ind\u00fastrias abrangidas | Floras | Atul<\/title>\n<meta name=\"robots\" content=\"index, follow, max-snippet:-1, max-image-preview:large, max-video-preview:-1\" \/>\n<link rel=\"canonical\" href=\"https:\/\/www.atul.co.in\/portuguese\/floras\/industries\/\" \/>\n<meta property=\"og:locale\" content=\"en_US\" \/>\n<meta property=\"og:type\" content=\"article\" \/>\n<meta property=\"og:title\" content=\"Ind\u00fastrias abrangidas | Floras | Atul\" \/>\n<meta property=\"og:description\" content=\"Proporcionando solu\u00e7\u00f5es especializadas no cultivo de tamareiras micro-propagadas em regi\u00f5es \u00e1ridas e semi-\u00e1ridas do mundo Agricultura Alimentos\" \/>\n<meta property=\"og:url\" content=\"https:\/\/www.atul.co.in\/portuguese\/floras\/industries\/\" \/>\n<meta property=\"og:site_name\" content=\"Atul Ltd\" \/>\n<meta property=\"article:modified_time\" content=\"2020-04-02T10:06:17+00:00\" \/>\n<meta property=\"og:image\" content=\"https:\/\/www.atul.co.in\/portuguese\/wp-content\/uploads\/2017\/08\/agriculture-1.jpg\" \/>\n<meta name=\"twitter:card\" content=\"summary_large_image\" \/>\n<script type=\"application\/ld+json\" class=\"yoast-schema-graph\">{\"@context\":\"https:\/\/schema.org\",\"@graph\":[{\"@type\":\"WebPage\",\"@id\":\"https:\/\/www.atul.co.in\/portuguese\/floras\/industries\/\",\"url\":\"https:\/\/www.atul.co.in\/portuguese\/floras\/industries\/\",\"name\":\"Ind\u00fastrias abrangidas | Floras | Atul\",\"isPartOf\":{\"@id\":\"http:\/\/13.127.36.189\/portuguese\/#website\"},\"primaryImageOfPage\":{\"@id\":\"https:\/\/www.atul.co.in\/portuguese\/floras\/industries\/#primaryimage\"},\"image\":{\"@id\":\"https:\/\/www.atul.co.in\/portuguese\/floras\/industries\/#primaryimage\"},\"thumbnailUrl\":\"https:\/\/www.atul.co.in\/portuguese\/wp-content\/uploads\/2017\/08\/agriculture-1.jpg\",\"datePublished\":\"2017-02-02T04:07:18+00:00\",\"dateModified\":\"2020-04-02T10:06:17+00:00\",\"breadcrumb\":{\"@id\":\"https:\/\/www.atul.co.in\/portuguese\/floras\/industries\/#breadcrumb\"},\"inLanguage\":\"en-US\",\"potentialAction\":[{\"@type\":\"ReadAction\",\"target\":[\"https:\/\/www.atul.co.in\/portuguese\/floras\/industries\/\"]}]},{\"@type\":\"ImageObject\",\"inLanguage\":\"en-US\",\"@id\":\"https:\/\/www.atul.co.in\/portuguese\/floras\/industries\/#primaryimage\",\"url\":\"https:\/\/www.atul.co.in\/portuguese\/wp-content\/uploads\/2017\/08\/agriculture-1.jpg\",\"contentUrl\":\"https:\/\/www.atul.co.in\/portuguese\/wp-content\/uploads\/2017\/08\/agriculture-1.jpg\"},{\"@type\":\"BreadcrumbList\",\"@id\":\"https:\/\/www.atul.co.in\/portuguese\/floras\/industries\/#breadcrumb\",\"itemListElement\":[{\"@type\":\"ListItem\",\"position\":1,\"name\":\"Home\",\"item\":\"https:\/\/www.atul.co.in\/portuguese\/\"},{\"@type\":\"ListItem\",\"position\":2,\"name\":\"Floras\",\"item\":\"\/\"},{\"@type\":\"ListItem\",\"position\":3,\"name\":\"Industry\"}]},{\"@type\":\"WebSite\",\"@id\":\"http:\/\/13.127.36.189\/portuguese\/#website\",\"url\":\"http:\/\/13.127.36.189\/portuguese\/\",\"name\":\"Atul Ltd\",\"description\":\"\",\"potentialAction\":[{\"@type\":\"SearchAction\",\"target\":{\"@type\":\"EntryPoint\",\"urlTemplate\":\"http:\/\/13.127.36.189\/portuguese\/?s={search_term_string}\"},\"query-input\":{\"@type\":\"PropertyValueSpecification\",\"valueRequired\":true,\"valueName\":\"search_term_string\"}}],\"inLanguage\":\"en-US\"}]}<\/script>\n<!-- \/ Yoast SEO plugin. -->","yoast_head_json":{"title":"Ind\u00fastrias abrangidas | Floras | Atul","robots":{"index":"index","follow":"follow","max-snippet":"max-snippet:-1","max-image-preview":"max-image-preview:large","max-video-preview":"max-video-preview:-1"},"canonical":"https:\/\/www.atul.co.in\/portuguese\/floras\/industries\/","og_locale":"en_US","og_type":"article","og_title":"Ind\u00fastrias abrangidas | Floras | Atul","og_description":"Proporcionando solu\u00e7\u00f5es especializadas no cultivo de tamareiras micro-propagadas em regi\u00f5es \u00e1ridas e semi-\u00e1ridas do mundo Agricultura Alimentos","og_url":"https:\/\/www.atul.co.in\/portuguese\/floras\/industries\/","og_site_name":"Atul Ltd","article_modified_time":"2020-04-02T10:06:17+00:00","og_image":[{"url":"https:\/\/www.atul.co.in\/portuguese\/wp-content\/uploads\/2017\/08\/agriculture-1.jpg","type":"","width":"","height":""}],"twitter_card":"summary_large_image","schema":{"@context":"https:\/\/schema.org","@graph":[{"@type":"WebPage","@id":"https:\/\/www.atul.co.in\/portuguese\/floras\/industries\/","url":"https:\/\/www.atul.co.in\/portuguese\/floras\/industries\/","name":"Ind\u00fastrias abrangidas | Floras | Atul","isPartOf":{"@id":"http:\/\/13.127.36.189\/portuguese\/#website"},"primaryImageOfPage":{"@id":"https:\/\/www.atul.co.in\/portuguese\/floras\/industries\/#primaryimage"},"image":{"@id":"https:\/\/www.atul.co.in\/portuguese\/floras\/industries\/#primaryimage"},"thumbnailUrl":"https:\/\/www.atul.co.in\/portuguese\/wp-content\/uploads\/2017\/08\/agriculture-1.jpg","datePublished":"2017-02-02T04:07:18+00:00","dateModified":"2020-04-02T10:06:17+00:00","breadcrumb":{"@id":"https:\/\/www.atul.co.in\/portuguese\/floras\/industries\/#breadcrumb"},"inLanguage":"en-US","potentialAction":[{"@type":"ReadAction","target":["https:\/\/www.atul.co.in\/portuguese\/floras\/industries\/"]}]},{"@type":"ImageObject","inLanguage":"en-US","@id":"https:\/\/www.atul.co.in\/portuguese\/floras\/industries\/#primaryimage","url":"https:\/\/www.atul.co.in\/portuguese\/wp-content\/uploads\/2017\/08\/agriculture-1.jpg","contentUrl":"https:\/\/www.atul.co.in\/portuguese\/wp-content\/uploads\/2017\/08\/agriculture-1.jpg"},{"@type":"BreadcrumbList","@id":"https:\/\/www.atul.co.in\/portuguese\/floras\/industries\/#breadcrumb","itemListElement":[{"@type":"ListItem","position":1,"name":"Home","item":"https:\/\/www.atul.co.in\/portuguese\/"},{"@type":"ListItem","position":2,"name":"Floras","item":"\/"},{"@type":"ListItem","position":3,"name":"Industry"}]},{"@type":"WebSite","@id":"http:\/\/13.127.36.189\/portuguese\/#website","url":"http:\/\/13.127.36.189\/portuguese\/","name":"Atul Ltd","description":"","potentialAction":[{"@type":"SearchAction","target":{"@type":"EntryPoint","urlTemplate":"http:\/\/13.127.36.189\/portuguese\/?s={search_term_string}"},"query-input":{"@type":"PropertyValueSpecification","valueRequired":true,"valueName":"search_term_string"}}],"inLanguage":"en-US"}]}},"_links":{"self":[{"href":"https:\/\/www.atul.co.in\/portuguese\/wp-json\/wp\/v2\/pages\/880","targetHints":{"allow":["GET"]}}],"collection":[{"href":"https:\/\/www.atul.co.in\/portuguese\/wp-json\/wp\/v2\/pages"}],"about":[{"href":"https:\/\/www.atul.co.in\/portuguese\/wp-json\/wp\/v2\/types\/page"}],"author":[{"embeddable":true,"href":"https:\/\/www.atul.co.in\/portuguese\/wp-json\/wp\/v2\/users\/1"}],"replies":[{"embeddable":true,"href":"https:\/\/www.atul.co.in\/portuguese\/wp-json\/wp\/v2\/comments?post=880"}],"version-history":[{"count":0,"href":"https:\/\/www.atul.co.in\/portuguese\/wp-json\/wp\/v2\/pages\/880\/revisions"}],"up":[{"embeddable":true,"href":"https:\/\/www.atul.co.in\/portuguese\/wp-json\/wp\/v2\/pages\/878"}],"wp:attachment":[{"href":"https:\/\/www.atul.co.in\/portuguese\/wp-json\/wp\/v2\/media?parent=880"}],"curies":[{"name":"wp","href":"https:\/\/api.w.org\/{rel}","templated":true}]}}