{"id":891,"date":"2017-02-02T04:19:02","date_gmt":"2017-02-02T04:19:02","guid":{"rendered":"http:\/\/43.242.212.212\/~atulco\/?page_id=891"},"modified":"2020-05-22T11:33:32","modified_gmt":"2020-05-22T06:03:32","slug":"polymers","status":"publish","type":"page","link":"https:\/\/www.atul.co.in\/portuguese\/polymers","title":{"rendered":"About"},"content":{"rendered":"<div class=\"container\">\n<div class=\"text1\"><center>Maior fabricante mundial de 3,3\u2019-diaminodifenilsulfona e 4,4\u2019-diaminodifenilsulfona<\/center><\/div>\n<\/div>\n<div class=\"space20\"><\/div>\n<div class=\"landingimage\"><img loading=\"lazy\" decoding=\"async\" src=\"https:\/\/www.atul.co.in\/portuguese\/wp-content\/uploads\/po-pm-main-1.jpg\" alt=\"\" width=\"1497\" height=\"254\" class=\"aligncenter size-full wp-image-3588\" srcset=\"https:\/\/www.atul.co.in\/portuguese\/wp-content\/uploads\/po-pm-main-1.jpg 1497w, https:\/\/www.atul.co.in\/portuguese\/wp-content\/uploads\/po-pm-main-1-768x130.jpg 768w, https:\/\/www.atul.co.in\/portuguese\/wp-content\/uploads\/po-pm-main-1-60x10.jpg 60w\" sizes=\"auto, (max-width: 1497px) 100vw, 1497px\" \/><\/div>\n<div class=\"polymers-performance-materials-highlights\">\n<div class=\"container\">\n<div class=\"space10\"><\/div>\n<div class=\"title\">Esfor\u00e7os pioneiros<\/div>\n<div class=\"text\">\nGlobalmente, o maior fabricante de 3,3-DDS e 4,4-DDS<\/p>\n<p>O sistema ep\u00f3xi \u00e9 fabricado e vendido sob a marca LAPOX<\/p>\n<p>Um dos maiores fabricantes de resinas ep\u00f3xi, diluentes e agentes de cura da \u00cdndia<\/p>\n<p>Maior produtor de resina ep\u00f3xi n\u00e3o bis A e agentes de cura de aminas arom\u00e1ticas da \u00cdndia<\/p>\n<p>Resinas multifuncionais de aplica\u00e7\u00e3o avan\u00e7ada de comp\u00f3sitos no setor aeroespacial e de defesa<\/p>\n<p>Certifica\u00e7\u00e3o GL dos sistemas ep\u00f3xi para a fabrica\u00e7\u00e3o de p\u00e1s e\u00f3licas<\/p>\n<p>Laborat\u00f3rio credenciado pela NABL para testes e an\u00e1lises de ep\u00f3xi (em andamento)\n<\/p><\/div>\n<div class=\"clear\"><\/div>\n<\/div>\n<\/div>\n<div class=\"polymers-performance-materials-industry\">\n<div class=\"container\">\n<div class=\"title\">Ind\u00fastrias abrangidas<\/div>\n<div class=\"text\">Oferecer sistemas ep\u00f3xi de alto desempenho para diversas ind\u00fastrias, como adesivos, revestimentos, comp\u00f3sitos, constru\u00e7\u00e3o, el\u00e9trica e eletr\u00f4nica<\/div>\n<div class=\"link\"><a href=\"https:\/\/www.atul.co.in\/portuguese\/polymers\/industries\">EXPLORAR<\/a><\/div>\n<div class=\"clear\"><\/div>\n<\/div>\n<\/div>\n<div class=\"polymers-performance-materials-products\">\n<div class=\"container\">\n<div class=\"title\">Produtos<\/div>\n<div class=\"text\">Oferecer uma variedade de resinas ep\u00f3xi, agentes de cura e diluentes reativos para atender a v\u00e1rias aplica\u00e7\u00f5es da ind\u00fastria<\/div>\n<div class=\"link\"><a href=\"https:\/\/www.atul.co.in\/portuguese\/polymers\/products\">EXPLORAR<\/a><\/div>\n<div class=\"clear\"><\/div>\n<\/div>\n<\/div>\n<div class=\"polymers-performance-materials-library\">\n<div class=\"container\">\n<div class=\"title\">Biblioteca<\/div>\n<div class=\"text\">Visualize nossos cat\u00e1logos de produtos para saber mais sobre o que oferecemos<\/div>\n<div class=\"link\"><a href=\"https:\/\/www.atul.co.in\/portuguese\/polymers\/library\">EXPLORAR<\/a><\/div>\n<div class=\"clear\">&nbsp;<\/div>\n<\/div>\n<\/div>\n<p><!--\n\n\n<div class=\"updates\">\n\n\n<div class=\"container\">\n\n\n<div class=\"title\"><a href=\"https:\/\/www.atul.co.in\/portuguese\/w4pl\/popm-updates-list\/\">Updates<\/a><\/div>\n\n\n[postlist id=4394]\n\n<\/div>\n\n\n<\/div>\n\n --><br \/>\n<!--eof updates--><\/p>\n","protected":false},"excerpt":{"rendered":"<p>Maior fabricante mundial de 3,3\u2019-diaminodifenilsulfona e 4,4\u2019-diaminodifenilsulfona Esfor\u00e7os pioneiros Globalmente, o maior fabricante de 3,3-DDS e 4,4-DDS O sistema ep\u00f3xi \u00e9 fabricado e vendido sob a marca LAPOX Um dos maiores fabricantes de resinas ep\u00f3xi, diluentes e agentes de cura<span class=\"ellipsis\">&hellip;<\/span><\/p>\n<div class=\"read-more\"><a href=\"https:\/\/www.atul.co.in\/portuguese\/polymers\">Read more &#8250;<\/a><\/div>\n<p><!-- end of .read-more --><\/p>\n","protected":false},"author":1,"featured_media":0,"parent":890,"menu_order":0,"comment_status":"closed","ping_status":"closed","template":"polymers-performance-materials-microsite-pages.php","meta":{"_acf_changed":false,"footnotes":"","_links_to":"","_links_to_target":""},"class_list":["post-891","page","type-page","status-publish","hentry"],"acf":[],"yoast_head":"<!-- This site is optimized with the Yoast SEO plugin v26.8 - https:\/\/yoast.com\/product\/yoast-seo-wordpress\/ -->\n<title>Pol\u00edmeros de alto rendimento | Atul<\/title>\n<meta name=\"robots\" content=\"index, follow, max-snippet:-1, max-image-preview:large, max-video-preview:-1\" \/>\n<link rel=\"canonical\" href=\"http:\/\/13.127.36.189\/portuguese\/polymers\/\" \/>\n<meta property=\"og:locale\" content=\"en_US\" \/>\n<meta property=\"og:type\" content=\"article\" \/>\n<meta property=\"og:title\" content=\"Pol\u00edmeros de alto rendimento | Atul\" \/>\n<meta property=\"og:description\" content=\"Maior fabricante mundial de 3,3\u2019-diaminodifenilsulfona e 4,4\u2019-diaminodifenilsulfona Esfor\u00e7os pioneiros Globalmente, o maior fabricante de 3,3-DDS e 4,4-DDS O sistema ep\u00f3xi \u00e9 fabricado e vendido sob a marca LAPOX Um dos maiores fabricantes de resinas ep\u00f3xi, diluentes e agentes de cura&hellip;Read more &#8250;\" \/>\n<meta property=\"og:url\" content=\"http:\/\/13.127.36.189\/portuguese\/polymers\/\" \/>\n<meta property=\"og:site_name\" content=\"Atul Ltd\" \/>\n<meta property=\"article:modified_time\" content=\"2020-05-22T06:03:32+00:00\" \/>\n<meta property=\"og:image\" content=\"https:\/\/www.atul.co.in\/portuguese\/wp-content\/uploads\/po-pm-main-1.jpg\" \/>\n<meta name=\"twitter:card\" content=\"summary_large_image\" \/>\n<meta name=\"twitter:label1\" content=\"Est. reading time\" \/>\n\t<meta name=\"twitter:data1\" content=\"1 minute\" \/>\n<script type=\"application\/ld+json\" class=\"yoast-schema-graph\">{\"@context\":\"https:\/\/schema.org\",\"@graph\":[{\"@type\":\"WebPage\",\"@id\":\"http:\/\/13.127.36.189\/portuguese\/polymers\/\",\"url\":\"http:\/\/13.127.36.189\/portuguese\/polymers\/\",\"name\":\"Pol\u00edmeros de alto rendimento | Atul\",\"isPartOf\":{\"@id\":\"http:\/\/13.127.36.189\/portuguese\/#website\"},\"primaryImageOfPage\":{\"@id\":\"http:\/\/13.127.36.189\/portuguese\/polymers\/#primaryimage\"},\"image\":{\"@id\":\"http:\/\/13.127.36.189\/portuguese\/polymers\/#primaryimage\"},\"thumbnailUrl\":\"https:\/\/www.atul.co.in\/portuguese\/wp-content\/uploads\/po-pm-main-1.jpg\",\"datePublished\":\"2017-02-02T04:19:02+00:00\",\"dateModified\":\"2020-05-22T06:03:32+00:00\",\"breadcrumb\":{\"@id\":\"http:\/\/13.127.36.189\/portuguese\/polymers\/#breadcrumb\"},\"inLanguage\":\"en-US\",\"potentialAction\":[{\"@type\":\"ReadAction\",\"target\":[\"http:\/\/13.127.36.189\/portuguese\/polymers\/\"]}]},{\"@type\":\"ImageObject\",\"inLanguage\":\"en-US\",\"@id\":\"http:\/\/13.127.36.189\/portuguese\/polymers\/#primaryimage\",\"url\":\"https:\/\/www.atul.co.in\/portuguese\/wp-content\/uploads\/po-pm-main-1.jpg\",\"contentUrl\":\"https:\/\/www.atul.co.in\/portuguese\/wp-content\/uploads\/po-pm-main-1.jpg\"},{\"@type\":\"BreadcrumbList\",\"@id\":\"http:\/\/13.127.36.189\/portuguese\/polymers\/#breadcrumb\",\"itemListElement\":[{\"@type\":\"ListItem\",\"position\":1,\"name\":\"Home\",\"item\":\"https:\/\/www.atul.co.in\/portuguese\/\"},{\"@type\":\"ListItem\",\"position\":2,\"name\":\"Polymers Performance Materials\",\"item\":\"\/\"},{\"@type\":\"ListItem\",\"position\":3,\"name\":\"About\"}]},{\"@type\":\"WebSite\",\"@id\":\"http:\/\/13.127.36.189\/portuguese\/#website\",\"url\":\"http:\/\/13.127.36.189\/portuguese\/\",\"name\":\"Atul Ltd\",\"description\":\"\",\"potentialAction\":[{\"@type\":\"SearchAction\",\"target\":{\"@type\":\"EntryPoint\",\"urlTemplate\":\"http:\/\/13.127.36.189\/portuguese\/?s={search_term_string}\"},\"query-input\":{\"@type\":\"PropertyValueSpecification\",\"valueRequired\":true,\"valueName\":\"search_term_string\"}}],\"inLanguage\":\"en-US\"}]}<\/script>\n<!-- \/ Yoast SEO plugin. -->","yoast_head_json":{"title":"Pol\u00edmeros de alto rendimento | Atul","robots":{"index":"index","follow":"follow","max-snippet":"max-snippet:-1","max-image-preview":"max-image-preview:large","max-video-preview":"max-video-preview:-1"},"canonical":"http:\/\/13.127.36.189\/portuguese\/polymers\/","og_locale":"en_US","og_type":"article","og_title":"Pol\u00edmeros de alto rendimento | Atul","og_description":"Maior fabricante mundial de 3,3\u2019-diaminodifenilsulfona e 4,4\u2019-diaminodifenilsulfona Esfor\u00e7os pioneiros Globalmente, o maior fabricante de 3,3-DDS e 4,4-DDS O sistema ep\u00f3xi \u00e9 fabricado e vendido sob a marca LAPOX Um dos maiores fabricantes de resinas ep\u00f3xi, diluentes e agentes de cura&hellip;Read more &#8250;","og_url":"http:\/\/13.127.36.189\/portuguese\/polymers\/","og_site_name":"Atul Ltd","article_modified_time":"2020-05-22T06:03:32+00:00","og_image":[{"url":"https:\/\/www.atul.co.in\/portuguese\/wp-content\/uploads\/po-pm-main-1.jpg","type":"","width":"","height":""}],"twitter_card":"summary_large_image","twitter_misc":{"Est. reading time":"1 minute"},"schema":{"@context":"https:\/\/schema.org","@graph":[{"@type":"WebPage","@id":"http:\/\/13.127.36.189\/portuguese\/polymers\/","url":"http:\/\/13.127.36.189\/portuguese\/polymers\/","name":"Pol\u00edmeros de alto rendimento | Atul","isPartOf":{"@id":"http:\/\/13.127.36.189\/portuguese\/#website"},"primaryImageOfPage":{"@id":"http:\/\/13.127.36.189\/portuguese\/polymers\/#primaryimage"},"image":{"@id":"http:\/\/13.127.36.189\/portuguese\/polymers\/#primaryimage"},"thumbnailUrl":"https:\/\/www.atul.co.in\/portuguese\/wp-content\/uploads\/po-pm-main-1.jpg","datePublished":"2017-02-02T04:19:02+00:00","dateModified":"2020-05-22T06:03:32+00:00","breadcrumb":{"@id":"http:\/\/13.127.36.189\/portuguese\/polymers\/#breadcrumb"},"inLanguage":"en-US","potentialAction":[{"@type":"ReadAction","target":["http:\/\/13.127.36.189\/portuguese\/polymers\/"]}]},{"@type":"ImageObject","inLanguage":"en-US","@id":"http:\/\/13.127.36.189\/portuguese\/polymers\/#primaryimage","url":"https:\/\/www.atul.co.in\/portuguese\/wp-content\/uploads\/po-pm-main-1.jpg","contentUrl":"https:\/\/www.atul.co.in\/portuguese\/wp-content\/uploads\/po-pm-main-1.jpg"},{"@type":"BreadcrumbList","@id":"http:\/\/13.127.36.189\/portuguese\/polymers\/#breadcrumb","itemListElement":[{"@type":"ListItem","position":1,"name":"Home","item":"https:\/\/www.atul.co.in\/portuguese\/"},{"@type":"ListItem","position":2,"name":"Polymers Performance Materials","item":"\/"},{"@type":"ListItem","position":3,"name":"About"}]},{"@type":"WebSite","@id":"http:\/\/13.127.36.189\/portuguese\/#website","url":"http:\/\/13.127.36.189\/portuguese\/","name":"Atul Ltd","description":"","potentialAction":[{"@type":"SearchAction","target":{"@type":"EntryPoint","urlTemplate":"http:\/\/13.127.36.189\/portuguese\/?s={search_term_string}"},"query-input":{"@type":"PropertyValueSpecification","valueRequired":true,"valueName":"search_term_string"}}],"inLanguage":"en-US"}]}},"_links":{"self":[{"href":"https:\/\/www.atul.co.in\/portuguese\/wp-json\/wp\/v2\/pages\/891","targetHints":{"allow":["GET"]}}],"collection":[{"href":"https:\/\/www.atul.co.in\/portuguese\/wp-json\/wp\/v2\/pages"}],"about":[{"href":"https:\/\/www.atul.co.in\/portuguese\/wp-json\/wp\/v2\/types\/page"}],"author":[{"embeddable":true,"href":"https:\/\/www.atul.co.in\/portuguese\/wp-json\/wp\/v2\/users\/1"}],"replies":[{"embeddable":true,"href":"https:\/\/www.atul.co.in\/portuguese\/wp-json\/wp\/v2\/comments?post=891"}],"version-history":[{"count":0,"href":"https:\/\/www.atul.co.in\/portuguese\/wp-json\/wp\/v2\/pages\/891\/revisions"}],"up":[{"embeddable":true,"href":"https:\/\/www.atul.co.in\/portuguese\/wp-json\/wp\/v2\/pages\/890"}],"wp:attachment":[{"href":"https:\/\/www.atul.co.in\/portuguese\/wp-json\/wp\/v2\/media?parent=891"}],"curies":[{"name":"wp","href":"https:\/\/api.w.org\/{rel}","templated":true}]}}