{"id":897,"date":"2017-02-02T04:24:52","date_gmt":"2017-02-02T04:24:52","guid":{"rendered":"http:\/\/43.242.212.212\/~atulco\/?page_id=897"},"modified":"2020-04-20T14:59:05","modified_gmt":"2020-04-20T09:29:05","slug":"polymers-retail","status":"publish","type":"page","link":"https:\/\/www.atul.co.in\/portuguese\/polymers-retail","title":{"rendered":"About"},"content":{"rendered":"<div class=\"container\">\n<div class=\"text1\"><center>Est\u00e1 entre os maiores fabricantes de resinas ep\u00f3xi e endurecedores da \u00cdndia <\/center><\/div>\n<\/div>\n<div class=\"space20\"><\/div>\n<div class=\"landingimage\"><img loading=\"lazy\" decoding=\"async\" src=\"https:\/\/www.atul.co.in\/portuguese\/wp-content\/uploads\/2017\/02\/polymer-retail-lp-banner-img-1.jpg\" alt=\"\" width=\"1400\" height=\"531\" class=\"aligncenter size-full wp-image-5340\" srcset=\"https:\/\/www.atul.co.in\/portuguese\/wp-content\/uploads\/2017\/02\/polymer-retail-lp-banner-img-1.jpg 1400w, https:\/\/www.atul.co.in\/portuguese\/wp-content\/uploads\/2017\/02\/polymer-retail-lp-banner-img-1-768x291.jpg 768w, https:\/\/www.atul.co.in\/portuguese\/wp-content\/uploads\/2017\/02\/polymer-retail-lp-banner-img-1-60x23.jpg 60w\" sizes=\"auto, (max-width: 1400px) 100vw, 1400px\" \/><!--img src=\"https:\/\/www.atul.co.in\/portuguese\/wp-content\/uploads\/2017\/02\/polymer-retail-lp-banner-img.jpg\" alt=\"\" width=\"1400\" height=\"531\" class=\"aligncenter size-full wp-image-5073\" \/--><\/div>\n<div class=\"polymers-retail-highlights\">\n<div class=\"container\">\n<div class=\"space25\"><\/div>\n<div class=\"title\">Esfor\u00e7os pioneiros<\/div>\n<div class=\"text\">\nPioneira na fabrica\u00e7\u00e3o de ep\u00f3xi na \u00cdndia<\/p>\n<p>Entre os maiores fabricantes de resinas ep\u00f3xi e endurecedores na \u00cdndia<\/p>\n<p>Oferece mais de 450 produtos de classe mundial sob a marca Lapox\u00ae com aplica\u00e7\u00e3o em pulseiras,<br \/> produtos qu\u00edmicos para constru\u00e7\u00e3o, artesanato, processamento de pedras e muito mais<\/p>\n<p>A Lapox\u00ae tem uma presen\u00e7a pan-indiana e est\u00e1 prontamente dispon\u00edvel nos pontos de venda relevantes<\/p>\n<p>A equipe Lapox\u00ae capacita os usu\u00e1rios para que criem conjuntos de habilidades necess\u00e1rias para lidarem com sistemas ep\u00f3xi especializados<\/p>\n<p>A Polygrip\u00ae, adquirida pela Atul em 2010, est\u00e1 entre as marcas de adesivos \u00e0 base de borracha sint\u00e9tica e poliuretano mais vendidas na \u00cdndia<\/p>\n<p>A Atul lan\u00e7ou recentemente o Lacare\u00ae &#8211; uma variedade de produtos de manuten\u00e7\u00e3o fabricados de forma indigenista\n<\/p><\/div>\n<div class=\"clear\"><\/div>\n<\/div>\n<\/div>\n<div class=\"polymers-retail-industry\">\n<div class=\"container\">\n<div class=\"title\">Ind\u00fastrias abrangidas<\/div>\n<div class=\"text\">Os produtos Lapox<sup>&reg;<\/sup> , Polygrip<sup>&reg;<\/sup> and Lacare<sup>&reg;<\/sup>  atendem a diversos setores, como processamento de pedras, constru\u00e7\u00e3o, cal\u00e7ados e estofados<\/div>\n<div class=\"link\"><a href=\"https:\/\/www.atul.co.in\/portuguese\/polymers-retail\/industries\">EXPLORAR<\/a><\/div>\n<div class=\"clear\"><\/div>\n<\/div>\n<\/div>\n<div class=\"polymers-retail-products\">\n<div class=\"container\">\n<div class=\"title\">Marcas<\/div>\n<div class=\"text\">Mais de 65 anos de experi\u00eancia no campo da fabrica\u00e7\u00e3o de ep\u00f3xis<\/div>\n<div class=\"link\"><a href=\"https:\/\/www.atul.co.in\/portuguese\/polymers-retail\/products\/\">EXPLORAR<\/a><\/div>\n<div class=\"clear\"><\/div>\n<\/div>\n<\/div>\n<p><!--div class=\"updates\">\n\n\n<div class=\"container\">\n\n\n<div class=\"title\"><a href=\"https:\/\/www.atul.co.in\/portuguese\/w4pl\/po-retail-updates\/\">Atualiza\u00e7\u00f5es<\/a><\/div>\n\n\n[postlist id=4395]\n\n<\/div>\n\n\n<\/div-->\n<!--eof updates--><\/p>\n","protected":false},"excerpt":{"rendered":"<p>Est\u00e1 entre os maiores fabricantes de resinas ep\u00f3xi e endurecedores da \u00cdndia Esfor\u00e7os pioneiros Pioneira na fabrica\u00e7\u00e3o de ep\u00f3xi na \u00cdndia Entre os maiores fabricantes de resinas ep\u00f3xi e endurecedores na \u00cdndia Oferece mais de 450 produtos de classe mundial<span class=\"ellipsis\">&hellip;<\/span><\/p>\n<div class=\"read-more\"><a href=\"https:\/\/www.atul.co.in\/portuguese\/polymers-retail\">Read more &#8250;<\/a><\/div>\n<p><!-- end of .read-more --><\/p>\n","protected":false},"author":1,"featured_media":0,"parent":896,"menu_order":0,"comment_status":"closed","ping_status":"closed","template":"polymers-retail-microsite-pages.php","meta":{"_acf_changed":false,"footnotes":"","_links_to":"","_links_to_target":""},"class_list":["post-897","page","type-page","status-publish","hentry"],"acf":[],"yoast_head":"<!-- This site is optimized with the Yoast SEO plugin v26.8 - https:\/\/yoast.com\/product\/yoast-seo-wordpress\/ -->\n<title>Varejo de pol\u00edmeros | Atul<\/title>\n<meta name=\"robots\" content=\"index, follow, max-snippet:-1, max-image-preview:large, max-video-preview:-1\" \/>\n<link rel=\"canonical\" href=\"http:\/\/13.127.36.189\/portuguese\/polymers-retail\/\" \/>\n<meta property=\"og:locale\" content=\"en_US\" \/>\n<meta property=\"og:type\" content=\"article\" \/>\n<meta property=\"og:title\" content=\"Varejo de pol\u00edmeros | Atul\" \/>\n<meta property=\"og:description\" content=\"Est\u00e1 entre os maiores fabricantes de resinas ep\u00f3xi e endurecedores da \u00cdndia Esfor\u00e7os pioneiros Pioneira na fabrica\u00e7\u00e3o de ep\u00f3xi na \u00cdndia Entre os maiores fabricantes de resinas ep\u00f3xi e endurecedores na \u00cdndia Oferece mais de 450 produtos de classe mundial&hellip;Read more &#8250;\" \/>\n<meta property=\"og:url\" content=\"http:\/\/13.127.36.189\/portuguese\/polymers-retail\/\" \/>\n<meta property=\"og:site_name\" content=\"Atul Ltd\" \/>\n<meta property=\"article:modified_time\" content=\"2020-04-20T09:29:05+00:00\" \/>\n<meta property=\"og:image\" content=\"https:\/\/www.atul.co.in\/portuguese\/wp-content\/uploads\/2017\/02\/polymer-retail-lp-banner-img-1.jpg\" \/>\n<meta name=\"twitter:card\" content=\"summary_large_image\" \/>\n<meta name=\"twitter:label1\" content=\"Est. reading time\" \/>\n\t<meta name=\"twitter:data1\" content=\"1 minute\" \/>\n<script type=\"application\/ld+json\" class=\"yoast-schema-graph\">{\"@context\":\"https:\/\/schema.org\",\"@graph\":[{\"@type\":\"WebPage\",\"@id\":\"http:\/\/13.127.36.189\/portuguese\/polymers-retail\/\",\"url\":\"http:\/\/13.127.36.189\/portuguese\/polymers-retail\/\",\"name\":\"Varejo de pol\u00edmeros | Atul\",\"isPartOf\":{\"@id\":\"http:\/\/13.127.36.189\/portuguese\/#website\"},\"primaryImageOfPage\":{\"@id\":\"http:\/\/13.127.36.189\/portuguese\/polymers-retail\/#primaryimage\"},\"image\":{\"@id\":\"http:\/\/13.127.36.189\/portuguese\/polymers-retail\/#primaryimage\"},\"thumbnailUrl\":\"https:\/\/www.atul.co.in\/portuguese\/wp-content\/uploads\/2017\/02\/polymer-retail-lp-banner-img-1.jpg\",\"datePublished\":\"2017-02-02T04:24:52+00:00\",\"dateModified\":\"2020-04-20T09:29:05+00:00\",\"breadcrumb\":{\"@id\":\"http:\/\/13.127.36.189\/portuguese\/polymers-retail\/#breadcrumb\"},\"inLanguage\":\"en-US\",\"potentialAction\":[{\"@type\":\"ReadAction\",\"target\":[\"http:\/\/13.127.36.189\/portuguese\/polymers-retail\/\"]}]},{\"@type\":\"ImageObject\",\"inLanguage\":\"en-US\",\"@id\":\"http:\/\/13.127.36.189\/portuguese\/polymers-retail\/#primaryimage\",\"url\":\"https:\/\/www.atul.co.in\/portuguese\/wp-content\/uploads\/2017\/02\/polymer-retail-lp-banner-img-1.jpg\",\"contentUrl\":\"https:\/\/www.atul.co.in\/portuguese\/wp-content\/uploads\/2017\/02\/polymer-retail-lp-banner-img-1.jpg\"},{\"@type\":\"BreadcrumbList\",\"@id\":\"http:\/\/13.127.36.189\/portuguese\/polymers-retail\/#breadcrumb\",\"itemListElement\":[{\"@type\":\"ListItem\",\"position\":1,\"name\":\"Home\",\"item\":\"https:\/\/www.atul.co.in\/portuguese\/\"},{\"@type\":\"ListItem\",\"position\":2,\"name\":\"Polymers Retail\",\"item\":\"\/\"},{\"@type\":\"ListItem\",\"position\":3,\"name\":\"About\"}]},{\"@type\":\"WebSite\",\"@id\":\"http:\/\/13.127.36.189\/portuguese\/#website\",\"url\":\"http:\/\/13.127.36.189\/portuguese\/\",\"name\":\"Atul Ltd\",\"description\":\"\",\"potentialAction\":[{\"@type\":\"SearchAction\",\"target\":{\"@type\":\"EntryPoint\",\"urlTemplate\":\"http:\/\/13.127.36.189\/portuguese\/?s={search_term_string}\"},\"query-input\":{\"@type\":\"PropertyValueSpecification\",\"valueRequired\":true,\"valueName\":\"search_term_string\"}}],\"inLanguage\":\"en-US\"}]}<\/script>\n<!-- \/ Yoast SEO plugin. -->","yoast_head_json":{"title":"Varejo de pol\u00edmeros | Atul","robots":{"index":"index","follow":"follow","max-snippet":"max-snippet:-1","max-image-preview":"max-image-preview:large","max-video-preview":"max-video-preview:-1"},"canonical":"http:\/\/13.127.36.189\/portuguese\/polymers-retail\/","og_locale":"en_US","og_type":"article","og_title":"Varejo de pol\u00edmeros | Atul","og_description":"Est\u00e1 entre os maiores fabricantes de resinas ep\u00f3xi e endurecedores da \u00cdndia Esfor\u00e7os pioneiros Pioneira na fabrica\u00e7\u00e3o de ep\u00f3xi na \u00cdndia Entre os maiores fabricantes de resinas ep\u00f3xi e endurecedores na \u00cdndia Oferece mais de 450 produtos de classe mundial&hellip;Read more &#8250;","og_url":"http:\/\/13.127.36.189\/portuguese\/polymers-retail\/","og_site_name":"Atul Ltd","article_modified_time":"2020-04-20T09:29:05+00:00","og_image":[{"url":"https:\/\/www.atul.co.in\/portuguese\/wp-content\/uploads\/2017\/02\/polymer-retail-lp-banner-img-1.jpg","type":"","width":"","height":""}],"twitter_card":"summary_large_image","twitter_misc":{"Est. reading time":"1 minute"},"schema":{"@context":"https:\/\/schema.org","@graph":[{"@type":"WebPage","@id":"http:\/\/13.127.36.189\/portuguese\/polymers-retail\/","url":"http:\/\/13.127.36.189\/portuguese\/polymers-retail\/","name":"Varejo de pol\u00edmeros | Atul","isPartOf":{"@id":"http:\/\/13.127.36.189\/portuguese\/#website"},"primaryImageOfPage":{"@id":"http:\/\/13.127.36.189\/portuguese\/polymers-retail\/#primaryimage"},"image":{"@id":"http:\/\/13.127.36.189\/portuguese\/polymers-retail\/#primaryimage"},"thumbnailUrl":"https:\/\/www.atul.co.in\/portuguese\/wp-content\/uploads\/2017\/02\/polymer-retail-lp-banner-img-1.jpg","datePublished":"2017-02-02T04:24:52+00:00","dateModified":"2020-04-20T09:29:05+00:00","breadcrumb":{"@id":"http:\/\/13.127.36.189\/portuguese\/polymers-retail\/#breadcrumb"},"inLanguage":"en-US","potentialAction":[{"@type":"ReadAction","target":["http:\/\/13.127.36.189\/portuguese\/polymers-retail\/"]}]},{"@type":"ImageObject","inLanguage":"en-US","@id":"http:\/\/13.127.36.189\/portuguese\/polymers-retail\/#primaryimage","url":"https:\/\/www.atul.co.in\/portuguese\/wp-content\/uploads\/2017\/02\/polymer-retail-lp-banner-img-1.jpg","contentUrl":"https:\/\/www.atul.co.in\/portuguese\/wp-content\/uploads\/2017\/02\/polymer-retail-lp-banner-img-1.jpg"},{"@type":"BreadcrumbList","@id":"http:\/\/13.127.36.189\/portuguese\/polymers-retail\/#breadcrumb","itemListElement":[{"@type":"ListItem","position":1,"name":"Home","item":"https:\/\/www.atul.co.in\/portuguese\/"},{"@type":"ListItem","position":2,"name":"Polymers Retail","item":"\/"},{"@type":"ListItem","position":3,"name":"About"}]},{"@type":"WebSite","@id":"http:\/\/13.127.36.189\/portuguese\/#website","url":"http:\/\/13.127.36.189\/portuguese\/","name":"Atul Ltd","description":"","potentialAction":[{"@type":"SearchAction","target":{"@type":"EntryPoint","urlTemplate":"http:\/\/13.127.36.189\/portuguese\/?s={search_term_string}"},"query-input":{"@type":"PropertyValueSpecification","valueRequired":true,"valueName":"search_term_string"}}],"inLanguage":"en-US"}]}},"_links":{"self":[{"href":"https:\/\/www.atul.co.in\/portuguese\/wp-json\/wp\/v2\/pages\/897","targetHints":{"allow":["GET"]}}],"collection":[{"href":"https:\/\/www.atul.co.in\/portuguese\/wp-json\/wp\/v2\/pages"}],"about":[{"href":"https:\/\/www.atul.co.in\/portuguese\/wp-json\/wp\/v2\/types\/page"}],"author":[{"embeddable":true,"href":"https:\/\/www.atul.co.in\/portuguese\/wp-json\/wp\/v2\/users\/1"}],"replies":[{"embeddable":true,"href":"https:\/\/www.atul.co.in\/portuguese\/wp-json\/wp\/v2\/comments?post=897"}],"version-history":[{"count":0,"href":"https:\/\/www.atul.co.in\/portuguese\/wp-json\/wp\/v2\/pages\/897\/revisions"}],"up":[{"embeddable":true,"href":"https:\/\/www.atul.co.in\/portuguese\/wp-json\/wp\/v2\/pages\/896"}],"wp:attachment":[{"href":"https:\/\/www.atul.co.in\/portuguese\/wp-json\/wp\/v2\/media?parent=897"}],"curies":[{"name":"wp","href":"https:\/\/api.w.org\/{rel}","templated":true}]}}