{"id":985,"date":"2017-02-08T07:45:08","date_gmt":"2017-02-08T07:45:08","guid":{"rendered":"http:\/\/43.242.212.212\/~atulco\/?page_id=985"},"modified":"2020-03-19T13:52:35","modified_gmt":"2020-03-19T08:22:35","slug":"lifewithatulatul","status":"publish","type":"page","link":"https:\/\/www.atul.co.in\/portuguese\/lifewithatul\/atul","title":{"rendered":"Atul"},"content":{"rendered":"<div class=\"about-text\">\n<p align=\"justify\">Fundada em 1947, o primeiro local da Atul se espalha por 1.250 acres e est\u00e1 entre os complexos qu\u00edmicos mais verdes do g\u00eanero no mundo. Uma grande variedade de processos e opera\u00e7\u00f5es qu\u00edmicos s\u00e3o manipulados para fabricar uma ampla quantidade de produtos qu\u00edmicos a granel, corantes e pigmentos, produtos qu\u00edmicos para prote\u00e7\u00e3o de culturas, resinas ep\u00f3xi, agentes de cura, intermedi\u00e1rios farmac\u00eauticos e produtos relacionados. O local est\u00e1 equipado com usinas de energia dedicadas, instala\u00e7\u00f5es de armazenamento de \u00e1gua e esta\u00e7\u00f5es de tratamento de efluentes de classe mundial. <\/p>\n<p align=\"justify\">Cerca de 2.200 pessoas trabalham nesse local.<\/p>\n<p align=\"justify\" class=\"highlight\"><span class=\"teal\">O local \u00e9 \u00fanico no sentido de que \u00e9 um munic\u00edpio em si e oferece uma variedade de comodidades aos moradores para promover a vida e o bem-estar hol\u00edsticos.<\/span><\/p>\n<p><img loading=\"lazy\" decoding=\"async\" src=\"https:\/\/www.atul.co.in\/portuguese\/wp-content\/uploads\/2017\/02\/life-with-atul-atul.jpg\" alt=\"\" width=\"1666\" height=\"373\" class=\"aligncenter size-full wp-image-5191\" srcset=\"https:\/\/www.atul.co.in\/portuguese\/wp-content\/uploads\/2017\/02\/life-with-atul-atul.jpg 1666w, https:\/\/www.atul.co.in\/portuguese\/wp-content\/uploads\/2017\/02\/life-with-atul-atul-768x172.jpg 768w, https:\/\/www.atul.co.in\/portuguese\/wp-content\/uploads\/2017\/02\/life-with-atul-atul-60x13.jpg 60w\" sizes=\"auto, (max-width: 1666px) 100vw, 1666px\" \/><\/p>\n<p align=\"justify\"><span class=\"teal\">Urmi, Utkarsh e Ulhas s\u00e3o organiza\u00e7\u00f5es estabelecidas que se concentram na constru\u00e7\u00e3o da comunidade em Atul. Urmi (&#8220;alegria interior&#8221;) trabalha com o objetivo de empoderar as mulheres, produz especiarias indianas frescas e puras em um esfor\u00e7o para oferecer emprego \u00e0s mulheres das \u00e1reas vizinhas. Utkarsh (desejo de excelente realiza\u00e7\u00e3o) organiza programas culturais, festivais gastron\u00f4micos e uma feira de divers\u00f5es anual para todos os que moram nas proximidades. Ulhas (&#8220;alegria e entusiasmo&#8221;) incentiva a popula\u00e7\u00e3o local a se envolver em atividades esportivas como cr\u00edquete, v\u00f4lei e maratonas. Duas escolas (Atul Vidyalaya com o ingl\u00eas como modo de ensino e Kalyani Shala com o guzarate como modo de ensino) garantem que os alunos tenham acesso a uma educa\u00e7\u00e3o de qualidade. O Atul Club oferece v\u00e1rias instala\u00e7\u00f5es esportivas, como badminton, bilhar, nata\u00e7\u00e3o, t\u00eanis de mesa e tamb\u00e9m possui um gin\u00e1sio aos entusiastas de fitness. A pousada possui quartos bem equipados e confort\u00e1veis e instala\u00e7\u00f5es para refei\u00e7\u00f5es para a visita de funcion\u00e1rios e convidados. O teatro ao ar livre, com capacidade para cerca de 3.000 pessoas, \u00e9 um importante centro de eventos anuais, exibi\u00e7\u00e3o de filmes e programas culturais. Bancos, caixas eletr\u00f4nicos e uma delegacia de pol\u00edcia est\u00e3o localizados dentro do campus e s\u00e3o facilmente acess\u00edveis.<\/p>\n<p align=\"justify\" class=\"highlight\"><span class=\"teal\">Com boa liga\u00e7\u00e3o com as cidades vizinhas de Valsad e Vapi, Atul fica a cerca de 200 km de Mumbai (Maharashtra) e a 350 km de Ahmedabad (Gujarat).<\/span><\/p>\n","protected":false},"excerpt":{"rendered":"<p>Fundada em 1947, o primeiro local da Atul se espalha por 1.250 acres e est\u00e1 entre os complexos qu\u00edmicos mais verdes do g\u00eanero no mundo. Uma grande variedade de processos e opera\u00e7\u00f5es qu\u00edmicos s\u00e3o manipulados para fabricar uma ampla quantidade<span class=\"ellipsis\">&hellip;<\/span><\/p>\n<div class=\"read-more\"><a href=\"https:\/\/www.atul.co.in\/portuguese\/lifewithatul\/atul\">Read more &#8250;<\/a><\/div>\n<p><!-- end of .read-more --><\/p>\n","protected":false},"author":1,"featured_media":5595,"parent":830,"menu_order":0,"comment_status":"closed","ping_status":"closed","template":"","meta":{"_acf_changed":false,"footnotes":"","_links_to":"","_links_to_target":""},"class_list":["post-985","page","type-page","status-publish","has-post-thumbnail","hentry"],"acf":[],"yoast_head":"<!-- This site is optimized with the Yoast SEO plugin v26.8 - https:\/\/yoast.com\/product\/yoast-seo-wordpress\/ -->\n<title>A vida na Atul<\/title>\n<meta name=\"robots\" content=\"index, follow, max-snippet:-1, max-image-preview:large, max-video-preview:-1\" \/>\n<link rel=\"canonical\" href=\"https:\/\/www.atul.co.in\/portuguese\/lifewithatul\/atul\/\" \/>\n<meta property=\"og:locale\" content=\"en_US\" \/>\n<meta property=\"og:type\" content=\"article\" \/>\n<meta property=\"og:title\" content=\"A vida na Atul\" \/>\n<meta property=\"og:description\" content=\"Fundada em 1947, o primeiro local da Atul se espalha por 1.250 acres e est\u00e1 entre os complexos qu\u00edmicos mais verdes do g\u00eanero no mundo. Uma grande variedade de processos e opera\u00e7\u00f5es qu\u00edmicos s\u00e3o manipulados para fabricar uma ampla quantidade&hellip;Read more &#8250;\" \/>\n<meta property=\"og:url\" content=\"https:\/\/www.atul.co.in\/portuguese\/lifewithatul\/atul\/\" \/>\n<meta property=\"og:site_name\" content=\"Atul Ltd\" \/>\n<meta property=\"article:modified_time\" content=\"2020-03-19T08:22:35+00:00\" \/>\n<meta property=\"og:image\" content=\"https:\/\/www.atul.co.in\/portuguese\/wp-content\/uploads\/2017\/02\/life-with-atul-atul-4.jpg\" \/>\n\t<meta property=\"og:image:width\" content=\"1250\" \/>\n\t<meta property=\"og:image:height\" content=\"335\" \/>\n\t<meta property=\"og:image:type\" content=\"image\/jpeg\" \/>\n<meta name=\"twitter:card\" content=\"summary_large_image\" \/>\n<meta name=\"twitter:label1\" content=\"Est. reading time\" \/>\n\t<meta name=\"twitter:data1\" content=\"2 minutes\" \/>\n<script type=\"application\/ld+json\" class=\"yoast-schema-graph\">{\"@context\":\"https:\/\/schema.org\",\"@graph\":[{\"@type\":\"WebPage\",\"@id\":\"https:\/\/www.atul.co.in\/portuguese\/lifewithatul\/atul\/\",\"url\":\"https:\/\/www.atul.co.in\/portuguese\/lifewithatul\/atul\/\",\"name\":\"A vida na Atul\",\"isPartOf\":{\"@id\":\"http:\/\/13.127.36.189\/portuguese\/#website\"},\"primaryImageOfPage\":{\"@id\":\"https:\/\/www.atul.co.in\/portuguese\/lifewithatul\/atul\/#primaryimage\"},\"image\":{\"@id\":\"https:\/\/www.atul.co.in\/portuguese\/lifewithatul\/atul\/#primaryimage\"},\"thumbnailUrl\":\"https:\/\/www.atul.co.in\/portuguese\/wp-content\/uploads\/2017\/02\/life-with-atul-atul-4.jpg\",\"datePublished\":\"2017-02-08T07:45:08+00:00\",\"dateModified\":\"2020-03-19T08:22:35+00:00\",\"breadcrumb\":{\"@id\":\"https:\/\/www.atul.co.in\/portuguese\/lifewithatul\/atul\/#breadcrumb\"},\"inLanguage\":\"en-US\",\"potentialAction\":[{\"@type\":\"ReadAction\",\"target\":[\"https:\/\/www.atul.co.in\/portuguese\/lifewithatul\/atul\/\"]}]},{\"@type\":\"ImageObject\",\"inLanguage\":\"en-US\",\"@id\":\"https:\/\/www.atul.co.in\/portuguese\/lifewithatul\/atul\/#primaryimage\",\"url\":\"https:\/\/www.atul.co.in\/portuguese\/wp-content\/uploads\/2017\/02\/life-with-atul-atul-4.jpg\",\"contentUrl\":\"https:\/\/www.atul.co.in\/portuguese\/wp-content\/uploads\/2017\/02\/life-with-atul-atul-4.jpg\",\"width\":1250,\"height\":335},{\"@type\":\"BreadcrumbList\",\"@id\":\"https:\/\/www.atul.co.in\/portuguese\/lifewithatul\/atul\/#breadcrumb\",\"itemListElement\":[{\"@type\":\"ListItem\",\"position\":1,\"name\":\"Home\",\"item\":\"https:\/\/www.atul.co.in\/portuguese\/\"},{\"@type\":\"ListItem\",\"position\":2,\"name\":\"A vida na Atul\",\"item\":\"https:\/\/www.atul.co.in\/portuguese\/lifewithatul\/\"},{\"@type\":\"ListItem\",\"position\":3,\"name\":\"Atul\"}]},{\"@type\":\"WebSite\",\"@id\":\"http:\/\/13.127.36.189\/portuguese\/#website\",\"url\":\"http:\/\/13.127.36.189\/portuguese\/\",\"name\":\"Atul Ltd\",\"description\":\"\",\"potentialAction\":[{\"@type\":\"SearchAction\",\"target\":{\"@type\":\"EntryPoint\",\"urlTemplate\":\"http:\/\/13.127.36.189\/portuguese\/?s={search_term_string}\"},\"query-input\":{\"@type\":\"PropertyValueSpecification\",\"valueRequired\":true,\"valueName\":\"search_term_string\"}}],\"inLanguage\":\"en-US\"}]}<\/script>\n<!-- \/ Yoast SEO plugin. -->","yoast_head_json":{"title":"A vida na Atul","robots":{"index":"index","follow":"follow","max-snippet":"max-snippet:-1","max-image-preview":"max-image-preview:large","max-video-preview":"max-video-preview:-1"},"canonical":"https:\/\/www.atul.co.in\/portuguese\/lifewithatul\/atul\/","og_locale":"en_US","og_type":"article","og_title":"A vida na Atul","og_description":"Fundada em 1947, o primeiro local da Atul se espalha por 1.250 acres e est\u00e1 entre os complexos qu\u00edmicos mais verdes do g\u00eanero no mundo. Uma grande variedade de processos e opera\u00e7\u00f5es qu\u00edmicos s\u00e3o manipulados para fabricar uma ampla quantidade&hellip;Read more &#8250;","og_url":"https:\/\/www.atul.co.in\/portuguese\/lifewithatul\/atul\/","og_site_name":"Atul Ltd","article_modified_time":"2020-03-19T08:22:35+00:00","og_image":[{"width":1250,"height":335,"url":"https:\/\/www.atul.co.in\/portuguese\/wp-content\/uploads\/2017\/02\/life-with-atul-atul-4.jpg","type":"image\/jpeg"}],"twitter_card":"summary_large_image","twitter_misc":{"Est. reading time":"2 minutes"},"schema":{"@context":"https:\/\/schema.org","@graph":[{"@type":"WebPage","@id":"https:\/\/www.atul.co.in\/portuguese\/lifewithatul\/atul\/","url":"https:\/\/www.atul.co.in\/portuguese\/lifewithatul\/atul\/","name":"A vida na Atul","isPartOf":{"@id":"http:\/\/13.127.36.189\/portuguese\/#website"},"primaryImageOfPage":{"@id":"https:\/\/www.atul.co.in\/portuguese\/lifewithatul\/atul\/#primaryimage"},"image":{"@id":"https:\/\/www.atul.co.in\/portuguese\/lifewithatul\/atul\/#primaryimage"},"thumbnailUrl":"https:\/\/www.atul.co.in\/portuguese\/wp-content\/uploads\/2017\/02\/life-with-atul-atul-4.jpg","datePublished":"2017-02-08T07:45:08+00:00","dateModified":"2020-03-19T08:22:35+00:00","breadcrumb":{"@id":"https:\/\/www.atul.co.in\/portuguese\/lifewithatul\/atul\/#breadcrumb"},"inLanguage":"en-US","potentialAction":[{"@type":"ReadAction","target":["https:\/\/www.atul.co.in\/portuguese\/lifewithatul\/atul\/"]}]},{"@type":"ImageObject","inLanguage":"en-US","@id":"https:\/\/www.atul.co.in\/portuguese\/lifewithatul\/atul\/#primaryimage","url":"https:\/\/www.atul.co.in\/portuguese\/wp-content\/uploads\/2017\/02\/life-with-atul-atul-4.jpg","contentUrl":"https:\/\/www.atul.co.in\/portuguese\/wp-content\/uploads\/2017\/02\/life-with-atul-atul-4.jpg","width":1250,"height":335},{"@type":"BreadcrumbList","@id":"https:\/\/www.atul.co.in\/portuguese\/lifewithatul\/atul\/#breadcrumb","itemListElement":[{"@type":"ListItem","position":1,"name":"Home","item":"https:\/\/www.atul.co.in\/portuguese\/"},{"@type":"ListItem","position":2,"name":"A vida na Atul","item":"https:\/\/www.atul.co.in\/portuguese\/lifewithatul\/"},{"@type":"ListItem","position":3,"name":"Atul"}]},{"@type":"WebSite","@id":"http:\/\/13.127.36.189\/portuguese\/#website","url":"http:\/\/13.127.36.189\/portuguese\/","name":"Atul Ltd","description":"","potentialAction":[{"@type":"SearchAction","target":{"@type":"EntryPoint","urlTemplate":"http:\/\/13.127.36.189\/portuguese\/?s={search_term_string}"},"query-input":{"@type":"PropertyValueSpecification","valueRequired":true,"valueName":"search_term_string"}}],"inLanguage":"en-US"}]}},"_links":{"self":[{"href":"https:\/\/www.atul.co.in\/portuguese\/wp-json\/wp\/v2\/pages\/985","targetHints":{"allow":["GET"]}}],"collection":[{"href":"https:\/\/www.atul.co.in\/portuguese\/wp-json\/wp\/v2\/pages"}],"about":[{"href":"https:\/\/www.atul.co.in\/portuguese\/wp-json\/wp\/v2\/types\/page"}],"author":[{"embeddable":true,"href":"https:\/\/www.atul.co.in\/portuguese\/wp-json\/wp\/v2\/users\/1"}],"replies":[{"embeddable":true,"href":"https:\/\/www.atul.co.in\/portuguese\/wp-json\/wp\/v2\/comments?post=985"}],"version-history":[{"count":0,"href":"https:\/\/www.atul.co.in\/portuguese\/wp-json\/wp\/v2\/pages\/985\/revisions"}],"up":[{"embeddable":true,"href":"https:\/\/www.atul.co.in\/portuguese\/wp-json\/wp\/v2\/pages\/830"}],"wp:featuredmedia":[{"embeddable":true,"href":"https:\/\/www.atul.co.in\/portuguese\/wp-json\/wp\/v2\/media\/5595"}],"wp:attachment":[{"href":"https:\/\/www.atul.co.in\/portuguese\/wp-json\/wp\/v2\/media?parent=985"}],"curies":[{"name":"wp","href":"https:\/\/api.w.org\/{rel}","templated":true}]}}