{"id":995,"date":"2017-02-08T08:03:39","date_gmt":"2017-02-08T08:03:39","guid":{"rendered":"http:\/\/43.242.212.212\/~atulco\/?page_id=995"},"modified":"2020-05-19T21:55:58","modified_gmt":"2020-05-19T16:25:58","slug":"mediapress","status":"publish","type":"page","link":"https:\/\/www.atul.co.in\/portuguese\/media\/press","title":{"rendered":"Imprensa"},"content":{"rendered":"<div class=\"breadcrumb\"><a href=\"?page_id=843\">M\u00eddia<\/a> <span>&rsaquo;<\/span> Imprensa<\/div>\n<ul class=\"arrow-list\">\n<li><a href=\"https:\/\/www.atul.co.in\/portuguese\/pdf\/media\/press\/CFO_Award_Announcement.pdf\" target=\"_blank\" rel=\"noopener noreferrer\">A Atul reconheceu o Sr. Gopi Kannan Thirukonda, Presidente de Finan\u00e7as, como o &#8220;Melhor CFO&#8221; de 2015-16 (categoria saud\u00e1vel do Balan\u00e7o Patrimonial das empresas de m\u00e9dio porte)<\/a><\/li>\n<li><a href=\"https:\/\/www.atul.co.in\/portuguese\/pdf\/media\/press\/USFDA_Approval.pdf\" target=\"_blank\" rel=\"noopener noreferrer\">A Atul recebeu a aprova\u00e7\u00e3o do USFDA para a sua f\u00e1brica de APIs<\/a><\/li>\n<li><a href=\"https:\/\/www.atul.co.in\/portuguese\/pdf\/media\/press\/CHRO_Award.pdf\" target=\"_blank\" rel=\"noopener noreferrer\">A Atul agraciou o Sr. Sharat Tripathi, Presidente de Recursos Humanos, com o Pr\u00eamio dos 100 L\u00edderes Globais de RH Mais Talentosos<\/a><\/li>\n<li><a href=\"https:\/\/www.atul.co.in\/portuguese\/pdf\/media\/press\/Clean_Gujarat_Award.pdf\" target=\"_blank\" rel=\"noopener noreferrer\">A Atul recebeu o Pr\u00eamio Gujarat de Produ\u00e7\u00e3o Mais Limpa<\/a><\/li>\n<\/ul>\n<p><\/p>\n","protected":false},"excerpt":{"rendered":"<p>M\u00eddia &rsaquo; Imprensa A Atul reconheceu o Sr. Gopi Kannan Thirukonda, Presidente de Finan\u00e7as, como o &#8220;Melhor CFO&#8221; de 2015-16 (categoria saud\u00e1vel do Balan\u00e7o Patrimonial das empresas de m\u00e9dio porte) A Atul recebeu a aprova\u00e7\u00e3o do USFDA para a sua<span class=\"ellipsis\">&hellip;<\/span><\/p>\n<div class=\"read-more\"><a href=\"https:\/\/www.atul.co.in\/portuguese\/media\/press\">Read more &#8250;<\/a><\/div>\n<p><!-- end of .read-more --><\/p>\n","protected":false},"author":1,"featured_media":5608,"parent":843,"menu_order":0,"comment_status":"closed","ping_status":"closed","template":"page-withoutfilter.php","meta":{"_acf_changed":false,"footnotes":"","_links_to":"","_links_to_target":""},"class_list":["post-995","page","type-page","status-publish","has-post-thumbnail","hentry"],"acf":[],"yoast_head":"<!-- This site is optimized with the Yoast SEO plugin v26.8 - https:\/\/yoast.com\/product\/yoast-seo-wordpress\/ -->\n<title>M\u00eddia | Imprensa | Atul Ltd<\/title>\n<meta name=\"robots\" content=\"index, follow, max-snippet:-1, max-image-preview:large, max-video-preview:-1\" \/>\n<link rel=\"canonical\" href=\"https:\/\/www.atul.co.in\/portuguese\/media\/press\/\" \/>\n<meta property=\"og:locale\" content=\"en_US\" \/>\n<meta property=\"og:type\" content=\"article\" \/>\n<meta property=\"og:title\" content=\"M\u00eddia | Imprensa | Atul Ltd\" \/>\n<meta property=\"og:description\" content=\"M\u00eddia &rsaquo; Imprensa A Atul reconheceu o Sr. Gopi Kannan Thirukonda, Presidente de Finan\u00e7as, como o &#8220;Melhor CFO&#8221; de 2015-16 (categoria saud\u00e1vel do Balan\u00e7o Patrimonial das empresas de m\u00e9dio porte) A Atul recebeu a aprova\u00e7\u00e3o do USFDA para a sua&hellip;Read more &#8250;\" \/>\n<meta property=\"og:url\" content=\"https:\/\/www.atul.co.in\/portuguese\/media\/press\/\" \/>\n<meta property=\"og:site_name\" content=\"Atul Ltd\" \/>\n<meta property=\"article:modified_time\" content=\"2020-05-19T16:25:58+00:00\" \/>\n<meta property=\"og:image\" content=\"https:\/\/www.atul.co.in\/portuguese\/wp-content\/uploads\/2017\/02\/press-banner-1.jpg\" \/>\n\t<meta property=\"og:image:width\" content=\"1250\" \/>\n\t<meta property=\"og:image:height\" content=\"335\" \/>\n\t<meta property=\"og:image:type\" content=\"image\/jpeg\" \/>\n<meta name=\"twitter:card\" content=\"summary_large_image\" \/>\n<script type=\"application\/ld+json\" class=\"yoast-schema-graph\">{\"@context\":\"https:\/\/schema.org\",\"@graph\":[{\"@type\":\"WebPage\",\"@id\":\"https:\/\/www.atul.co.in\/portuguese\/media\/press\/\",\"url\":\"https:\/\/www.atul.co.in\/portuguese\/media\/press\/\",\"name\":\"M\u00eddia | Imprensa | Atul Ltd\",\"isPartOf\":{\"@id\":\"http:\/\/13.127.36.189\/portuguese\/#website\"},\"primaryImageOfPage\":{\"@id\":\"https:\/\/www.atul.co.in\/portuguese\/media\/press\/#primaryimage\"},\"image\":{\"@id\":\"https:\/\/www.atul.co.in\/portuguese\/media\/press\/#primaryimage\"},\"thumbnailUrl\":\"https:\/\/www.atul.co.in\/portuguese\/wp-content\/uploads\/2017\/02\/press-banner-1.jpg\",\"datePublished\":\"2017-02-08T08:03:39+00:00\",\"dateModified\":\"2020-05-19T16:25:58+00:00\",\"breadcrumb\":{\"@id\":\"https:\/\/www.atul.co.in\/portuguese\/media\/press\/#breadcrumb\"},\"inLanguage\":\"en-US\",\"potentialAction\":[{\"@type\":\"ReadAction\",\"target\":[\"https:\/\/www.atul.co.in\/portuguese\/media\/press\/\"]}]},{\"@type\":\"ImageObject\",\"inLanguage\":\"en-US\",\"@id\":\"https:\/\/www.atul.co.in\/portuguese\/media\/press\/#primaryimage\",\"url\":\"https:\/\/www.atul.co.in\/portuguese\/wp-content\/uploads\/2017\/02\/press-banner-1.jpg\",\"contentUrl\":\"https:\/\/www.atul.co.in\/portuguese\/wp-content\/uploads\/2017\/02\/press-banner-1.jpg\",\"width\":1250,\"height\":335},{\"@type\":\"BreadcrumbList\",\"@id\":\"https:\/\/www.atul.co.in\/portuguese\/media\/press\/#breadcrumb\",\"itemListElement\":[{\"@type\":\"ListItem\",\"position\":1,\"name\":\"Home\",\"item\":\"https:\/\/www.atul.co.in\/portuguese\/\"},{\"@type\":\"ListItem\",\"position\":2,\"name\":\"M\u00eddia\",\"item\":\"https:\/\/www.atul.co.in\/portuguese\/media\/\"},{\"@type\":\"ListItem\",\"position\":3,\"name\":\"Imprensa\"}]},{\"@type\":\"WebSite\",\"@id\":\"http:\/\/13.127.36.189\/portuguese\/#website\",\"url\":\"http:\/\/13.127.36.189\/portuguese\/\",\"name\":\"Atul Ltd\",\"description\":\"\",\"potentialAction\":[{\"@type\":\"SearchAction\",\"target\":{\"@type\":\"EntryPoint\",\"urlTemplate\":\"http:\/\/13.127.36.189\/portuguese\/?s={search_term_string}\"},\"query-input\":{\"@type\":\"PropertyValueSpecification\",\"valueRequired\":true,\"valueName\":\"search_term_string\"}}],\"inLanguage\":\"en-US\"}]}<\/script>\n<!-- \/ Yoast SEO plugin. -->","yoast_head_json":{"title":"M\u00eddia | Imprensa | Atul Ltd","robots":{"index":"index","follow":"follow","max-snippet":"max-snippet:-1","max-image-preview":"max-image-preview:large","max-video-preview":"max-video-preview:-1"},"canonical":"https:\/\/www.atul.co.in\/portuguese\/media\/press\/","og_locale":"en_US","og_type":"article","og_title":"M\u00eddia | Imprensa | Atul Ltd","og_description":"M\u00eddia &rsaquo; Imprensa A Atul reconheceu o Sr. Gopi Kannan Thirukonda, Presidente de Finan\u00e7as, como o &#8220;Melhor CFO&#8221; de 2015-16 (categoria saud\u00e1vel do Balan\u00e7o Patrimonial das empresas de m\u00e9dio porte) A Atul recebeu a aprova\u00e7\u00e3o do USFDA para a sua&hellip;Read more &#8250;","og_url":"https:\/\/www.atul.co.in\/portuguese\/media\/press\/","og_site_name":"Atul Ltd","article_modified_time":"2020-05-19T16:25:58+00:00","og_image":[{"width":1250,"height":335,"url":"https:\/\/www.atul.co.in\/portuguese\/wp-content\/uploads\/2017\/02\/press-banner-1.jpg","type":"image\/jpeg"}],"twitter_card":"summary_large_image","schema":{"@context":"https:\/\/schema.org","@graph":[{"@type":"WebPage","@id":"https:\/\/www.atul.co.in\/portuguese\/media\/press\/","url":"https:\/\/www.atul.co.in\/portuguese\/media\/press\/","name":"M\u00eddia | Imprensa | Atul Ltd","isPartOf":{"@id":"http:\/\/13.127.36.189\/portuguese\/#website"},"primaryImageOfPage":{"@id":"https:\/\/www.atul.co.in\/portuguese\/media\/press\/#primaryimage"},"image":{"@id":"https:\/\/www.atul.co.in\/portuguese\/media\/press\/#primaryimage"},"thumbnailUrl":"https:\/\/www.atul.co.in\/portuguese\/wp-content\/uploads\/2017\/02\/press-banner-1.jpg","datePublished":"2017-02-08T08:03:39+00:00","dateModified":"2020-05-19T16:25:58+00:00","breadcrumb":{"@id":"https:\/\/www.atul.co.in\/portuguese\/media\/press\/#breadcrumb"},"inLanguage":"en-US","potentialAction":[{"@type":"ReadAction","target":["https:\/\/www.atul.co.in\/portuguese\/media\/press\/"]}]},{"@type":"ImageObject","inLanguage":"en-US","@id":"https:\/\/www.atul.co.in\/portuguese\/media\/press\/#primaryimage","url":"https:\/\/www.atul.co.in\/portuguese\/wp-content\/uploads\/2017\/02\/press-banner-1.jpg","contentUrl":"https:\/\/www.atul.co.in\/portuguese\/wp-content\/uploads\/2017\/02\/press-banner-1.jpg","width":1250,"height":335},{"@type":"BreadcrumbList","@id":"https:\/\/www.atul.co.in\/portuguese\/media\/press\/#breadcrumb","itemListElement":[{"@type":"ListItem","position":1,"name":"Home","item":"https:\/\/www.atul.co.in\/portuguese\/"},{"@type":"ListItem","position":2,"name":"M\u00eddia","item":"https:\/\/www.atul.co.in\/portuguese\/media\/"},{"@type":"ListItem","position":3,"name":"Imprensa"}]},{"@type":"WebSite","@id":"http:\/\/13.127.36.189\/portuguese\/#website","url":"http:\/\/13.127.36.189\/portuguese\/","name":"Atul Ltd","description":"","potentialAction":[{"@type":"SearchAction","target":{"@type":"EntryPoint","urlTemplate":"http:\/\/13.127.36.189\/portuguese\/?s={search_term_string}"},"query-input":{"@type":"PropertyValueSpecification","valueRequired":true,"valueName":"search_term_string"}}],"inLanguage":"en-US"}]}},"_links":{"self":[{"href":"https:\/\/www.atul.co.in\/portuguese\/wp-json\/wp\/v2\/pages\/995","targetHints":{"allow":["GET"]}}],"collection":[{"href":"https:\/\/www.atul.co.in\/portuguese\/wp-json\/wp\/v2\/pages"}],"about":[{"href":"https:\/\/www.atul.co.in\/portuguese\/wp-json\/wp\/v2\/types\/page"}],"author":[{"embeddable":true,"href":"https:\/\/www.atul.co.in\/portuguese\/wp-json\/wp\/v2\/users\/1"}],"replies":[{"embeddable":true,"href":"https:\/\/www.atul.co.in\/portuguese\/wp-json\/wp\/v2\/comments?post=995"}],"version-history":[{"count":0,"href":"https:\/\/www.atul.co.in\/portuguese\/wp-json\/wp\/v2\/pages\/995\/revisions"}],"up":[{"embeddable":true,"href":"https:\/\/www.atul.co.in\/portuguese\/wp-json\/wp\/v2\/pages\/843"}],"wp:featuredmedia":[{"embeddable":true,"href":"https:\/\/www.atul.co.in\/portuguese\/wp-json\/wp\/v2\/media\/5608"}],"wp:attachment":[{"href":"https:\/\/www.atul.co.in\/portuguese\/wp-json\/wp\/v2\/media?parent=995"}],"curies":[{"name":"wp","href":"https:\/\/api.w.org\/{rel}","templated":true}]}}