{"id":1003,"date":"2017-02-14T07:01:53","date_gmt":"2017-02-14T07:01:53","guid":{"rendered":"http:\/\/43.242.212.212\/~atulco\/?page_id=1003"},"modified":"2020-04-27T16:57:04","modified_gmt":"2020-04-27T11:27:04","slug":"legal","status":"publish","type":"page","link":"https:\/\/www.atul.co.in\/spanish\/legal\/","title":{"rendered":"Legal"},"content":{"rendered":"<p><b>El Sitio Web www.atul.co.in es propiedad de Atul Ltd: <\/b><\/p>\n<div style=\"line-height:20px;\">Atul Ltd<br \/>\nAtul 396 020, Gujarat<br \/>\nIndia<\/p>\n<div class=\"phone\" align=\"left\"><img decoding=\"async\" src=\"https:\/\/www.atul.co.in\/spanish\/wp-content\/uploads\/2017\/08\/call-answer.svg\" alt=\"\" class=\"alignnone size-full wp-image-4974\" width=\"14\"\/>(+91 2632) 230000 | 3261 <\/div>\n<div class=\"email\" align=\"left\"><img decoding=\"async\" src=\"https:\/\/www.atul.co.in\/spanish\/wp-content\/uploads\/2017\/08\/e-mail-envelope-1.svg\" alt=\"\" class=\"alignnone size-full wp-image-4975\" width=\"17\"\/><a href=\"mailto:contact@atul.co.in\">contact@atul.co.in<\/a><\/div>\n<\/div>\n<p><\/p>\n<p><b><\/p>\n<div align=\"justify\" style=\"line-height:20px;\">Si tiene preguntas o comentarios acerca de este Sitio Web, por favor comun\u00edquese con nosotros utilizando la direcci\u00f3n abajo indicada: <\/div>\n<p>  <\/b><\/p>\n<div style=\"line-height:20px;\">Oficial de reclamaciones<br \/>\nPrajakta Pereira<br \/>\nCommunications<br \/>\nAtul Ltd<br \/>\nAtul House<br \/>\n310 B, Veer Savarkar Marg, Dadar (West)<br \/>\nMumbai 400 028, Maharashtra<br \/>\nIndia<\/div>\n<div class=\"email\" align=\"left\"><img decoding=\"async\" src=\"https:\/\/www.atul.co.in\/spanish\/wp-content\/uploads\/2017\/08\/e-mail-envelope-1.svg\" alt=\"\" class=\"alignnone size-full wp-image-4975\" width=\"17\"\/><a href=\"mailto:contact@atul.co.in\">prajakta_pereira@atul.co.in<\/a><\/div>\n<p><b><\/p>\n<div align=\"justify\" style=\"line-height:20px;\">El Sitio Web se encuentra operado por Atul Ltd (en adelante denominado Atul), todos los derechos del mismo son de su propiedad y est\u00e1n reservados por Atul.<\/div>\n<p>  <\/b><\/p>\n<p><b>Se proh\u00edbe todo uso no autorizado del contenido.<\/b><\/p>\n<div align=\"justify\" style=\"line-height:20px;\"> Como condici\u00f3n de uso de este sitio web, el mismo no ser\u00e1 utilizado para ning\u00fan prop\u00f3sito ilegal o prohibido. No se usar\u00e1 este Sitio Web para da\u00f1ar, inutilizar, sobrecargar o perjudicar a los servidores de Atul, o de la red conectada a los servidores de Atul, o interferir con el uso o disfrute de otras partes de cualquiera de los servicios asociados con este Sitio Web. No se intentar\u00e1 obtener acceso no autorizado a secciones del Sitio Web, otras cuentas, sistemas inform\u00e1ticos o redes conectadas a los servidores de Atul o a cualquiera de los servicios asociados con el Sitio Web, a trav\u00e9s de la pirater\u00eda, la extracci\u00f3n de contrase\u00f1as o de cualquier otra forma. No se obtendr\u00e1 ni se intentar\u00e1 obtener Material o informaci\u00f3n a traves de medios que no hayan sido puestos a disposici\u00f3n a trav\u00e9s del Sitio Web.<\/div>\n<p><\/p>\n<p><b class=\"teal\" style=\"font-size:15px; letter-spacing:1.6px;\">AVISO LEGAL<\/b><\/p>\n<div align=\"justify\" style=\"line-height:20px;\">El contenido que se muestra en este Sitio Web tiene como \u00fanico prop\u00f3sito brindar informaci\u00f3n y no est\u00e1 destinado a su distribuci\u00f3n o uso por parte de personas o entidades que sean ciudadanos, residentes o se encuentren en una jurisdicci\u00f3n donde dicha distribuci\u00f3n, publicaci\u00f3n, disponibilidad o uso fuesen contrarios a las leyes o reglamentos, o que obliguen a Atul o a sus afiliados al cumplimiento de requisitos de registro o permisos dentro de dicha jurisdicci\u00f3n. No se usar\u00e1 este Sitio Web ni se exportar\u00e1n Materiales de manera que se violen las leyes de exportaci\u00f3n vigentes. En caso de acceder a este Sitio Web desde un lugar fuera de la India, el usuario ser\u00e1 responsable del cumplimiento de toda legislaci\u00f3n local.<\/p>\n<p>Aunque se hayan tomado recaudos en la presentaci\u00f3n del contenido, se aconseja a los usuarios cotejar dichos contenidos con datos | informaci\u00f3n f\u00edsica. Atul no no se compromete ni garantiza la veracidad e integridad del contenido y no se aceptar\u00e1n reclamos ni responsabilidad en lo que a ellos se refiere. El Sitio Web puede contener inexactitudes y errores tipogr\u00e1ficos y materiales. Atul renuncia expresamente a cualquier obligaci\u00f3n de actualizar este Sitio Web o cualesquiera de los materiales en dicho Sitio Web. Atul no garantiza la exactitud o integridad de los materiales o la fiabilidad de cualquier consejo, opini\u00f3n, declaraci\u00f3n u otra informaci\u00f3n que se muestre o se distribuya en el Sitio Web. El usuario admite que la dependencia de cualquier opini\u00f3n, consejo, declaraci\u00f3n, memor\u00e1ndum o informaci\u00f3n ser\u00e1 bajo su propia responsabilidad. Atul se reserva el derecho, bajo su propia discreci\u00f3n, de corregir cualquier error u omisi\u00f3n en cualquier parte del Sitio Web. Atul podr\u00e1 realizar cambios en el Sitio Web, los materiales y productos, programas, servicios o precios (si los hubiese) descritos en el Sitio Web, en cualquier momento sin previo aviso. Este Sitio Web es solo para fines informativos y no deber\u00e1 ser interpretado como asesoramiento t\u00e9cnico bajo ninguna forma.<\/p>\n<p>Por favor, proceda solamente si acepta todas las condiciones aqu\u00ed expuestas, bajo su propia voluntad y consentimiento.<\/p>\n<p><b class=\"teal\" style=\"font-size:15px; letter-spacing:1.6px;\"><a href=\"https:\/\/www.atul.co.in\/spanish\/privacy-policy\/\"><b>Pol\u00edtica de Privacidad<\/b><\/a><\/b>\n<\/div>\n","protected":false},"excerpt":{"rendered":"<p>El Sitio Web www.atul.co.in es propiedad de Atul Ltd: Atul Ltd Atul 396 020, Gujarat India (+91 2632) 230000 | 3261 contact@atul.co.in Si tiene preguntas o comentarios acerca de este Sitio Web, por favor comun\u00edquese con nosotros utilizando la direcci\u00f3n<span class=\"ellipsis\">&hellip;<\/span><\/p>\n<div class=\"read-more\"><a href=\"https:\/\/www.atul.co.in\/spanish\/legal\/\">Read more &#8250;<\/a><\/div>\n<p><!-- end of .read-more --><\/p>\n","protected":false},"author":1,"featured_media":5718,"parent":0,"menu_order":0,"comment_status":"closed","ping_status":"closed","template":"","meta":{"_acf_changed":false,"footnotes":"","_links_to":"","_links_to_target":""},"class_list":["post-1003","page","type-page","status-publish","has-post-thumbnail","hentry"],"acf":[],"yoast_head":"<!-- This site is optimized with the Yoast SEO plugin v26.8 - https:\/\/yoast.com\/product\/yoast-seo-wordpress\/ -->\n<title>Legal | Atul<\/title>\n<meta name=\"robots\" content=\"index, follow, max-snippet:-1, max-image-preview:large, max-video-preview:-1\" \/>\n<link rel=\"canonical\" href=\"https:\/\/www.atul.co.in\/spanish\/legal\/\" \/>\n<meta property=\"og:locale\" content=\"en_US\" \/>\n<meta property=\"og:type\" content=\"article\" \/>\n<meta property=\"og:title\" content=\"Legal | Atul\" \/>\n<meta property=\"og:description\" content=\"El Sitio Web www.atul.co.in es propiedad de Atul Ltd: Atul Ltd Atul 396 020, Gujarat India (+91 2632) 230000 | 3261 contact@atul.co.in Si tiene preguntas o comentarios acerca de este Sitio Web, por favor comun\u00edquese con nosotros utilizando la direcci\u00f3n&hellip;Read more &#8250;\" \/>\n<meta property=\"og:url\" content=\"https:\/\/www.atul.co.in\/spanish\/legal\/\" \/>\n<meta property=\"og:site_name\" content=\"Atul Ltd\" \/>\n<meta property=\"article:modified_time\" content=\"2020-04-27T11:27:04+00:00\" \/>\n<meta property=\"og:image\" content=\"https:\/\/www.atul.co.in\/spanish\/wp-content\/uploads\/2017\/02\/legal.jpg\" \/>\n\t<meta property=\"og:image:width\" content=\"1250\" \/>\n\t<meta property=\"og:image:height\" content=\"335\" \/>\n\t<meta property=\"og:image:type\" content=\"image\/jpeg\" \/>\n<meta name=\"twitter:card\" content=\"summary_large_image\" \/>\n<meta name=\"twitter:label1\" content=\"Est. reading time\" \/>\n\t<meta name=\"twitter:data1\" content=\"3 minutes\" \/>\n<script type=\"application\/ld+json\" class=\"yoast-schema-graph\">{\"@context\":\"https:\/\/schema.org\",\"@graph\":[{\"@type\":\"WebPage\",\"@id\":\"https:\/\/www.atul.co.in\/spanish\/legal\/\",\"url\":\"https:\/\/www.atul.co.in\/spanish\/legal\/\",\"name\":\"Legal | Atul\",\"isPartOf\":{\"@id\":\"http:\/\/13.127.36.189\/spanish\/#website\"},\"primaryImageOfPage\":{\"@id\":\"https:\/\/www.atul.co.in\/spanish\/legal\/#primaryimage\"},\"image\":{\"@id\":\"https:\/\/www.atul.co.in\/spanish\/legal\/#primaryimage\"},\"thumbnailUrl\":\"https:\/\/www.atul.co.in\/spanish\/wp-content\/uploads\/2017\/02\/legal.jpg\",\"datePublished\":\"2017-02-14T07:01:53+00:00\",\"dateModified\":\"2020-04-27T11:27:04+00:00\",\"breadcrumb\":{\"@id\":\"https:\/\/www.atul.co.in\/spanish\/legal\/#breadcrumb\"},\"inLanguage\":\"en-US\",\"potentialAction\":[{\"@type\":\"ReadAction\",\"target\":[\"https:\/\/www.atul.co.in\/spanish\/legal\/\"]}]},{\"@type\":\"ImageObject\",\"inLanguage\":\"en-US\",\"@id\":\"https:\/\/www.atul.co.in\/spanish\/legal\/#primaryimage\",\"url\":\"https:\/\/www.atul.co.in\/spanish\/wp-content\/uploads\/2017\/02\/legal.jpg\",\"contentUrl\":\"https:\/\/www.atul.co.in\/spanish\/wp-content\/uploads\/2017\/02\/legal.jpg\",\"width\":1250,\"height\":335},{\"@type\":\"BreadcrumbList\",\"@id\":\"https:\/\/www.atul.co.in\/spanish\/legal\/#breadcrumb\",\"itemListElement\":[{\"@type\":\"ListItem\",\"position\":1,\"name\":\"Home\",\"item\":\"https:\/\/www.atul.co.in\/spanish\/\"},{\"@type\":\"ListItem\",\"position\":2,\"name\":\"Legal\"}]},{\"@type\":\"WebSite\",\"@id\":\"http:\/\/13.127.36.189\/spanish\/#website\",\"url\":\"http:\/\/13.127.36.189\/spanish\/\",\"name\":\"Atul Ltd\",\"description\":\"\",\"potentialAction\":[{\"@type\":\"SearchAction\",\"target\":{\"@type\":\"EntryPoint\",\"urlTemplate\":\"http:\/\/13.127.36.189\/spanish\/?s={search_term_string}\"},\"query-input\":{\"@type\":\"PropertyValueSpecification\",\"valueRequired\":true,\"valueName\":\"search_term_string\"}}],\"inLanguage\":\"en-US\"}]}<\/script>\n<!-- \/ Yoast SEO plugin. -->","yoast_head_json":{"title":"Legal | Atul","robots":{"index":"index","follow":"follow","max-snippet":"max-snippet:-1","max-image-preview":"max-image-preview:large","max-video-preview":"max-video-preview:-1"},"canonical":"https:\/\/www.atul.co.in\/spanish\/legal\/","og_locale":"en_US","og_type":"article","og_title":"Legal | Atul","og_description":"El Sitio Web www.atul.co.in es propiedad de Atul Ltd: Atul Ltd Atul 396 020, Gujarat India (+91 2632) 230000 | 3261 contact@atul.co.in Si tiene preguntas o comentarios acerca de este Sitio Web, por favor comun\u00edquese con nosotros utilizando la direcci\u00f3n&hellip;Read more &#8250;","og_url":"https:\/\/www.atul.co.in\/spanish\/legal\/","og_site_name":"Atul Ltd","article_modified_time":"2020-04-27T11:27:04+00:00","og_image":[{"width":1250,"height":335,"url":"https:\/\/www.atul.co.in\/spanish\/wp-content\/uploads\/2017\/02\/legal.jpg","type":"image\/jpeg"}],"twitter_card":"summary_large_image","twitter_misc":{"Est. reading time":"3 minutes"},"schema":{"@context":"https:\/\/schema.org","@graph":[{"@type":"WebPage","@id":"https:\/\/www.atul.co.in\/spanish\/legal\/","url":"https:\/\/www.atul.co.in\/spanish\/legal\/","name":"Legal | Atul","isPartOf":{"@id":"http:\/\/13.127.36.189\/spanish\/#website"},"primaryImageOfPage":{"@id":"https:\/\/www.atul.co.in\/spanish\/legal\/#primaryimage"},"image":{"@id":"https:\/\/www.atul.co.in\/spanish\/legal\/#primaryimage"},"thumbnailUrl":"https:\/\/www.atul.co.in\/spanish\/wp-content\/uploads\/2017\/02\/legal.jpg","datePublished":"2017-02-14T07:01:53+00:00","dateModified":"2020-04-27T11:27:04+00:00","breadcrumb":{"@id":"https:\/\/www.atul.co.in\/spanish\/legal\/#breadcrumb"},"inLanguage":"en-US","potentialAction":[{"@type":"ReadAction","target":["https:\/\/www.atul.co.in\/spanish\/legal\/"]}]},{"@type":"ImageObject","inLanguage":"en-US","@id":"https:\/\/www.atul.co.in\/spanish\/legal\/#primaryimage","url":"https:\/\/www.atul.co.in\/spanish\/wp-content\/uploads\/2017\/02\/legal.jpg","contentUrl":"https:\/\/www.atul.co.in\/spanish\/wp-content\/uploads\/2017\/02\/legal.jpg","width":1250,"height":335},{"@type":"BreadcrumbList","@id":"https:\/\/www.atul.co.in\/spanish\/legal\/#breadcrumb","itemListElement":[{"@type":"ListItem","position":1,"name":"Home","item":"https:\/\/www.atul.co.in\/spanish\/"},{"@type":"ListItem","position":2,"name":"Legal"}]},{"@type":"WebSite","@id":"http:\/\/13.127.36.189\/spanish\/#website","url":"http:\/\/13.127.36.189\/spanish\/","name":"Atul Ltd","description":"","potentialAction":[{"@type":"SearchAction","target":{"@type":"EntryPoint","urlTemplate":"http:\/\/13.127.36.189\/spanish\/?s={search_term_string}"},"query-input":{"@type":"PropertyValueSpecification","valueRequired":true,"valueName":"search_term_string"}}],"inLanguage":"en-US"}]}},"_links":{"self":[{"href":"https:\/\/www.atul.co.in\/spanish\/wp-json\/wp\/v2\/pages\/1003","targetHints":{"allow":["GET"]}}],"collection":[{"href":"https:\/\/www.atul.co.in\/spanish\/wp-json\/wp\/v2\/pages"}],"about":[{"href":"https:\/\/www.atul.co.in\/spanish\/wp-json\/wp\/v2\/types\/page"}],"author":[{"embeddable":true,"href":"https:\/\/www.atul.co.in\/spanish\/wp-json\/wp\/v2\/users\/1"}],"replies":[{"embeddable":true,"href":"https:\/\/www.atul.co.in\/spanish\/wp-json\/wp\/v2\/comments?post=1003"}],"version-history":[{"count":0,"href":"https:\/\/www.atul.co.in\/spanish\/wp-json\/wp\/v2\/pages\/1003\/revisions"}],"wp:featuredmedia":[{"embeddable":true,"href":"https:\/\/www.atul.co.in\/spanish\/wp-json\/wp\/v2\/media\/5718"}],"wp:attachment":[{"href":"https:\/\/www.atul.co.in\/spanish\/wp-json\/wp\/v2\/media?parent=1003"}],"curies":[{"name":"wp","href":"https:\/\/api.w.org\/{rel}","templated":true}]}}