{"id":1049,"date":"2017-02-20T09:21:25","date_gmt":"2017-02-20T09:21:25","guid":{"rendered":"http:\/\/43.242.212.212\/~atulco\/?page_id=1049"},"modified":"2020-06-15T09:31:29","modified_gmt":"2020-06-15T04:01:29","slug":"corporate-governance","status":"publish","type":"page","link":"https:\/\/www.atul.co.in\/spanish\/corporate-governance","title":{"rendered":"Gesti\u00f3n Empresarial"},"content":{"rendered":"<div class=\"breadcrumb\"><a href=\"?page_id=845\">Inversores<\/a> <span>&rsaquo;<\/span> <a href=\"?page_id=1000\">Informaci\u00f3n para las Partes Interesadas<\/a> <span>&rsaquo;<\/span>Gesti\u00f3n Empresarial<\/div>\n<ul class=\"arrow-list\">\n<li><a href=\"https:\/\/www.atul.co.in\/spanish\/wp-content\/uploads\/2020\/01\/Regulation-272a-\u2013-December-31-2019.pdf\" target=\"_blank\">Art\u00edculo 27(2)(a) \u2013 31 de diciembre de 2019<\/a><\/li>\n<li><a href=\"https:\/\/www.atul.co.in\/spanish\/wp-content\/uploads\/2019\/10\/Regulation-272a-\u2013-September-30-2019.pdf\" target=\"_blank\">Art\u00edculo 27(2)(a) \u2013 30 de septiembre de 2019<\/a><\/li>\n<li><a href=\"https:\/\/www.atul.co.in\/spanish\/pdf\/investors\/information-for-stakeholders\/corporate-governance\/Regulation 27(2)(a) \u2013 June 30, 2019.pdf\" target=\"_blank\">Art\u00edculo 27(2)(a) \u2013 30 de junio de 2019<\/a><\/li>\n<li><a href=\"https:\/\/www.atul.co.in\/spanish\/pdf\/investors\/information-for-stakeholders\/corporate-governance\/Regulation 27(2)(a) \u2013 March 31, 2019.pdf\" target=\"_blank\">Art\u00edculo 27(2)(a) \u2013 31 de marzo de 2019<\/a><\/li>\n<li><a href=\"https:\/\/www.atul.co.in\/spanish\/pdf\/investors\/information-for-stakeholders\/corporate-governance\/Regulation 27(2)(a) \u2013 December 31, 2018.pdf\" target=\"_blank\">Art\u00edculo 27(2)(a) \u2013 31 de diciembre de 2018<br \/>\n<\/a><\/li>\n<li><a href=\"https:\/\/www.atul.co.in\/spanish\/pdf\/investors\/information-for-stakeholders\/corporate-governance\/Regulation 27(2)(a) \u2013 September 30, 2018 - Copy.pdf\" target=\"_blank\">Art\u00edculo 27(2)(a) \u2013 30 de junio de 2018<br \/>\n<\/a><\/li>\n<li><a href=\"https:\/\/www.atul.co.in\/spanish\/pdf\/investors\/information-for-stakeholders\/corporate-governance\/Regulation 27(2)(a) \u2013 June 30, 2018.pdf\" target=\"_blank\">Art\u00edculo 27(2)(a) \u2013 31 de marzo de 2018<br \/>\n<\/a><\/li>\n<li><a href=\"https:\/\/www.atul.co.in\/spanish\/pdf\/investors\/information-for-stakeholders\/corporate-governance\/Regulation 27(2)(a) \u2013 March 31, 2018.pdf\" target=\"_blank\">Art\u00edculo 27(2)(a) \u2013 31 de marzo de 2018<\/a><\/li>\n<li><a href=\"https:\/\/www.atul.co.in\/spanish\/pdf\/investors\/information-for-stakeholders\/corporate-governance\/Regulation 27(2)(a) \u2013 December 31, 2017.pdf\" target=\"_blank\">Art\u00edculo 27(2)(a) \u2013 31 de diciembre de 2017<\/a><\/li>\n<li><a href=\"https:\/\/www.atul.co.in\/spanish\/pdf\/investors\/information-for-stakeholders\/corporate-governance\/Regulation 27(2)(a) - September 30-2017.pdf\" target=\"_blank\">Art\u00edculo 27(2)(a) \u2013 30 de septiembre de 2017<\/a><\/li>\n<li><a href=\"https:\/\/www.atul.co.in\/spanish\/pdf\/investors\/information-for-stakeholders\/corporate-governance\/CGRJune2017.pdf\" target=\"_blank\">Art\u00edculo 27(2)(a) \u2013 30 de junio de 2017<\/a><\/li>\n<li><a href=\"https:\/\/www.atul.co.in\/spanish\/pdf\/investors\/information-for-stakeholders\/corporate-governance\/CGRMar2017.pdf\" target=\"_blank\">Art\u00edculo 27(2)(a) \u2013 31 de marzo de 2017<\/a><\/li>\n<li><a href=\"https:\/\/www.atul.co.in\/spanish\/pdf\/investors\/information-for-stakeholders\/corporate-governance\/CorporateGovernanceReportQ3201617.pdf\" target=\"_blank\">Art\u00edculo 27(2)(a) \u2013 31 de diciembre de 2016<\/a><\/li>\n<li><a href=\"https:\/\/www.atul.co.in\/spanish\/pdf\/investors\/information-for-stakeholders\/corporate-governance\/CorporateGovernanceReportQ2201617.pdf\" target=\"_blank\">Art\u00edculo 27(2)(a) \u2013 30 de septiembre de 2016<\/a><\/li>\n<li><a href=\"https:\/\/www.atul.co.in\/spanish\/pdf\/investors\/information-for-stakeholders\/corporate-governance\/CGRJune302016.pdf\" target=\"_blank\">Art\u00edculo 27(2) (a) \u2013 30 de junio de 2016<\/a><\/li>\n<li><a href=\"https:\/\/www.atul.co.in\/spanish\/pdf\/investors\/information-for-stakeholders\/corporate-governance\/CGRMarch312016.pdf\" target=\"_blank\">Art\u00edculo 27(2) (a) \u2013 31 de marzo de 2016<\/a><\/li>\n<li><a href=\"https:\/\/www.atul.co.in\/spanish\/pdf\/investors\/information-for-stakeholders\/corporate-governance\/CGRDec15.pdf\" target=\"_blank\">Art\u00edculo 27(2)(a) \u2013 31 de diciembre de 2015<\/a><\/li>\n<li><a href=\"https:\/\/www.atul.co.in\/spanish\/pdf\/investors\/information-for-stakeholders\/corporate-governance\/CGRSep15.pdf\" target=\"_blank\">Cl\u00e1usula 49 30 de septiembre de 2015<\/a><\/li>\n<li><a href=\"https:\/\/www.atul.co.in\/spanish\/pdf\/investors\/information-for-stakeholders\/corporate-governance\/CGRJun3015.pdf\" target=\"_blank\">Cl\u00e1usula 49 30 de junio de 2015<\/a><\/li>\n<li><a href=\"https:\/\/www.atul.co.in\/spanish\/pdf\/investors\/information-for-stakeholders\/corporate-governance\/ClauseMarch312015.pdf\" target=\"_blank\">Cl\u00e1usula 49 31 de marzo de 2015<\/a><\/li>\n<li><a href=\"https:\/\/www.atul.co.in\/spanish\/pdf\/investors\/information-for-stakeholders\/corporate-governance\/CGRDec14.pdf\" target=\"_blank\">Cl\u00e1usula 49 31 de diciembre de 2014<\/a><\/li>\n<li><a href=\"https:\/\/www.atul.co.in\/spanish\/pdf\/investors\/information-for-stakeholders\/corporate-governance\/CGRSep14.pdf\" target=\"_blank\">Cl\u00e1usula 49 30 de septiembre de 2014<\/a><\/li>\n<li><a href=\"https:\/\/www.atul.co.in\/spanish\/pdf\/investors\/information-for-stakeholders\/corporate-governance\/CGRJun14.pdf\" target=\"_blank\">Cl\u00e1usula 49 30 de junio de 2014<\/a><\/li>\n<li><a href=\"https:\/\/www.atul.co.in\/spanish\/pdf\/investors\/information-for-stakeholders\/corporate-governance\/CGRMarch14.pdf\" target=\"_blank\">Cl\u00e1usula 49 31 de marzo de 2014<\/a><\/li>\n<li><a href=\"https:\/\/www.atul.co.in\/spanish\/pdf\/investors\/information-for-stakeholders\/corporate-governance\/CGRDec13.pdf\" target=\"_blank\">Cl\u00e1usula 49 31 de diciembre de 2013<\/a><\/li>\n<\/ul>\n<p><\/p>\n","protected":false},"excerpt":{"rendered":"<p>Inversores &rsaquo; Informaci\u00f3n para las Partes Interesadas &rsaquo;Gesti\u00f3n Empresarial Art\u00edculo 27(2)(a) \u2013 31 de diciembre de 2019 Art\u00edculo 27(2)(a) \u2013 30 de septiembre de 2019 Art\u00edculo 27(2)(a) \u2013 30 de junio de 2019 Art\u00edculo 27(2)(a) \u2013 31 de marzo de<span class=\"ellipsis\">&hellip;<\/span><\/p>\n<div class=\"read-more\"><a href=\"https:\/\/www.atul.co.in\/spanish\/corporate-governance\">Read more &#8250;<\/a><\/div>\n<p><!-- end of .read-more --><\/p>\n","protected":false},"author":1,"featured_media":5748,"parent":845,"menu_order":0,"comment_status":"closed","ping_status":"closed","template":"page-withoutfilter.php","meta":{"_acf_changed":false,"footnotes":"","_links_to":"","_links_to_target":""},"class_list":["post-1049","page","type-page","status-publish","has-post-thumbnail","hentry"],"acf":[],"yoast_head":"<!-- This site is optimized with the Yoast SEO plugin v26.8 - https:\/\/yoast.com\/product\/yoast-seo-wordpress\/ -->\n<title>Gesti\u00f3n Empresarial | Atul<\/title>\n<meta name=\"robots\" content=\"index, follow, max-snippet:-1, max-image-preview:large, max-video-preview:-1\" \/>\n<link rel=\"canonical\" href=\"https:\/\/www.atul.co.in\/spanish\/corporate-governance\/\" \/>\n<meta property=\"og:locale\" content=\"en_US\" \/>\n<meta property=\"og:type\" content=\"article\" \/>\n<meta property=\"og:title\" content=\"Gesti\u00f3n Empresarial | Atul\" \/>\n<meta property=\"og:description\" content=\"Inversores &rsaquo; Informaci\u00f3n para las Partes Interesadas &rsaquo;Gesti\u00f3n Empresarial Art\u00edculo 27(2)(a) \u2013 31 de diciembre de 2019 Art\u00edculo 27(2)(a) \u2013 30 de septiembre de 2019 Art\u00edculo 27(2)(a) \u2013 30 de junio de 2019 Art\u00edculo 27(2)(a) \u2013 31 de marzo de&hellip;Read more &#8250;\" \/>\n<meta property=\"og:url\" content=\"https:\/\/www.atul.co.in\/spanish\/corporate-governance\/\" \/>\n<meta property=\"og:site_name\" content=\"Atul Ltd\" \/>\n<meta property=\"article:modified_time\" content=\"2020-06-15T04:01:29+00:00\" \/>\n<meta property=\"og:image\" content=\"https:\/\/www.atul.co.in\/spanish\/wp-content\/uploads\/2017\/02\/aromatics-banner.jpg\" \/>\n\t<meta property=\"og:image:width\" content=\"1250\" \/>\n\t<meta property=\"og:image:height\" content=\"335\" \/>\n\t<meta property=\"og:image:type\" content=\"image\/jpeg\" \/>\n<meta name=\"twitter:card\" content=\"summary_large_image\" \/>\n<meta name=\"twitter:label1\" content=\"Est. reading time\" \/>\n\t<meta name=\"twitter:data1\" content=\"1 minute\" \/>\n<script type=\"application\/ld+json\" class=\"yoast-schema-graph\">{\"@context\":\"https:\/\/schema.org\",\"@graph\":[{\"@type\":\"WebPage\",\"@id\":\"https:\/\/www.atul.co.in\/spanish\/corporate-governance\/\",\"url\":\"https:\/\/www.atul.co.in\/spanish\/corporate-governance\/\",\"name\":\"Gesti\u00f3n Empresarial | Atul\",\"isPartOf\":{\"@id\":\"http:\/\/13.127.36.189\/spanish\/#website\"},\"primaryImageOfPage\":{\"@id\":\"https:\/\/www.atul.co.in\/spanish\/corporate-governance\/#primaryimage\"},\"image\":{\"@id\":\"https:\/\/www.atul.co.in\/spanish\/corporate-governance\/#primaryimage\"},\"thumbnailUrl\":\"https:\/\/www.atul.co.in\/spanish\/wp-content\/uploads\/2017\/02\/aromatics-banner.jpg\",\"datePublished\":\"2017-02-20T09:21:25+00:00\",\"dateModified\":\"2020-06-15T04:01:29+00:00\",\"breadcrumb\":{\"@id\":\"https:\/\/www.atul.co.in\/spanish\/corporate-governance\/#breadcrumb\"},\"inLanguage\":\"en-US\",\"potentialAction\":[{\"@type\":\"ReadAction\",\"target\":[\"https:\/\/www.atul.co.in\/spanish\/corporate-governance\/\"]}]},{\"@type\":\"ImageObject\",\"inLanguage\":\"en-US\",\"@id\":\"https:\/\/www.atul.co.in\/spanish\/corporate-governance\/#primaryimage\",\"url\":\"https:\/\/www.atul.co.in\/spanish\/wp-content\/uploads\/2017\/02\/aromatics-banner.jpg\",\"contentUrl\":\"https:\/\/www.atul.co.in\/spanish\/wp-content\/uploads\/2017\/02\/aromatics-banner.jpg\",\"width\":1250,\"height\":335},{\"@type\":\"BreadcrumbList\",\"@id\":\"https:\/\/www.atul.co.in\/spanish\/corporate-governance\/#breadcrumb\",\"itemListElement\":[{\"@type\":\"ListItem\",\"position\":1,\"name\":\"Home\",\"item\":\"https:\/\/www.atul.co.in\/spanish\/\"},{\"@type\":\"ListItem\",\"position\":2,\"name\":\"Inversores\",\"item\":\"http:\/\/13.127.36.189\/spanish\/investors\/\"},{\"@type\":\"ListItem\",\"position\":3,\"name\":\"Gesti\u00f3n Empresarial\"}]},{\"@type\":\"WebSite\",\"@id\":\"http:\/\/13.127.36.189\/spanish\/#website\",\"url\":\"http:\/\/13.127.36.189\/spanish\/\",\"name\":\"Atul Ltd\",\"description\":\"\",\"potentialAction\":[{\"@type\":\"SearchAction\",\"target\":{\"@type\":\"EntryPoint\",\"urlTemplate\":\"http:\/\/13.127.36.189\/spanish\/?s={search_term_string}\"},\"query-input\":{\"@type\":\"PropertyValueSpecification\",\"valueRequired\":true,\"valueName\":\"search_term_string\"}}],\"inLanguage\":\"en-US\"}]}<\/script>\n<!-- \/ Yoast SEO plugin. -->","yoast_head_json":{"title":"Gesti\u00f3n Empresarial | Atul","robots":{"index":"index","follow":"follow","max-snippet":"max-snippet:-1","max-image-preview":"max-image-preview:large","max-video-preview":"max-video-preview:-1"},"canonical":"https:\/\/www.atul.co.in\/spanish\/corporate-governance\/","og_locale":"en_US","og_type":"article","og_title":"Gesti\u00f3n Empresarial | Atul","og_description":"Inversores &rsaquo; Informaci\u00f3n para las Partes Interesadas &rsaquo;Gesti\u00f3n Empresarial Art\u00edculo 27(2)(a) \u2013 31 de diciembre de 2019 Art\u00edculo 27(2)(a) \u2013 30 de septiembre de 2019 Art\u00edculo 27(2)(a) \u2013 30 de junio de 2019 Art\u00edculo 27(2)(a) \u2013 31 de marzo de&hellip;Read more &#8250;","og_url":"https:\/\/www.atul.co.in\/spanish\/corporate-governance\/","og_site_name":"Atul Ltd","article_modified_time":"2020-06-15T04:01:29+00:00","og_image":[{"width":1250,"height":335,"url":"https:\/\/www.atul.co.in\/spanish\/wp-content\/uploads\/2017\/02\/aromatics-banner.jpg","type":"image\/jpeg"}],"twitter_card":"summary_large_image","twitter_misc":{"Est. reading time":"1 minute"},"schema":{"@context":"https:\/\/schema.org","@graph":[{"@type":"WebPage","@id":"https:\/\/www.atul.co.in\/spanish\/corporate-governance\/","url":"https:\/\/www.atul.co.in\/spanish\/corporate-governance\/","name":"Gesti\u00f3n Empresarial | Atul","isPartOf":{"@id":"http:\/\/13.127.36.189\/spanish\/#website"},"primaryImageOfPage":{"@id":"https:\/\/www.atul.co.in\/spanish\/corporate-governance\/#primaryimage"},"image":{"@id":"https:\/\/www.atul.co.in\/spanish\/corporate-governance\/#primaryimage"},"thumbnailUrl":"https:\/\/www.atul.co.in\/spanish\/wp-content\/uploads\/2017\/02\/aromatics-banner.jpg","datePublished":"2017-02-20T09:21:25+00:00","dateModified":"2020-06-15T04:01:29+00:00","breadcrumb":{"@id":"https:\/\/www.atul.co.in\/spanish\/corporate-governance\/#breadcrumb"},"inLanguage":"en-US","potentialAction":[{"@type":"ReadAction","target":["https:\/\/www.atul.co.in\/spanish\/corporate-governance\/"]}]},{"@type":"ImageObject","inLanguage":"en-US","@id":"https:\/\/www.atul.co.in\/spanish\/corporate-governance\/#primaryimage","url":"https:\/\/www.atul.co.in\/spanish\/wp-content\/uploads\/2017\/02\/aromatics-banner.jpg","contentUrl":"https:\/\/www.atul.co.in\/spanish\/wp-content\/uploads\/2017\/02\/aromatics-banner.jpg","width":1250,"height":335},{"@type":"BreadcrumbList","@id":"https:\/\/www.atul.co.in\/spanish\/corporate-governance\/#breadcrumb","itemListElement":[{"@type":"ListItem","position":1,"name":"Home","item":"https:\/\/www.atul.co.in\/spanish\/"},{"@type":"ListItem","position":2,"name":"Inversores","item":"http:\/\/13.127.36.189\/spanish\/investors\/"},{"@type":"ListItem","position":3,"name":"Gesti\u00f3n Empresarial"}]},{"@type":"WebSite","@id":"http:\/\/13.127.36.189\/spanish\/#website","url":"http:\/\/13.127.36.189\/spanish\/","name":"Atul Ltd","description":"","potentialAction":[{"@type":"SearchAction","target":{"@type":"EntryPoint","urlTemplate":"http:\/\/13.127.36.189\/spanish\/?s={search_term_string}"},"query-input":{"@type":"PropertyValueSpecification","valueRequired":true,"valueName":"search_term_string"}}],"inLanguage":"en-US"}]}},"_links":{"self":[{"href":"https:\/\/www.atul.co.in\/spanish\/wp-json\/wp\/v2\/pages\/1049","targetHints":{"allow":["GET"]}}],"collection":[{"href":"https:\/\/www.atul.co.in\/spanish\/wp-json\/wp\/v2\/pages"}],"about":[{"href":"https:\/\/www.atul.co.in\/spanish\/wp-json\/wp\/v2\/types\/page"}],"author":[{"embeddable":true,"href":"https:\/\/www.atul.co.in\/spanish\/wp-json\/wp\/v2\/users\/1"}],"replies":[{"embeddable":true,"href":"https:\/\/www.atul.co.in\/spanish\/wp-json\/wp\/v2\/comments?post=1049"}],"version-history":[{"count":0,"href":"https:\/\/www.atul.co.in\/spanish\/wp-json\/wp\/v2\/pages\/1049\/revisions"}],"up":[{"embeddable":true,"href":"https:\/\/www.atul.co.in\/spanish\/wp-json\/wp\/v2\/pages\/845"}],"wp:featuredmedia":[{"embeddable":true,"href":"https:\/\/www.atul.co.in\/spanish\/wp-json\/wp\/v2\/media\/5748"}],"wp:attachment":[{"href":"https:\/\/www.atul.co.in\/spanish\/wp-json\/wp\/v2\/media?parent=1049"}],"curies":[{"name":"wp","href":"https:\/\/api.w.org\/{rel}","templated":true}]}}