{"id":115,"date":"2017-01-20T01:35:36","date_gmt":"2017-01-20T01:35:36","guid":{"rendered":"http:\/\/43.242.212.212\/~atulco\/?page_id=115"},"modified":"2020-05-13T11:03:50","modified_gmt":"2020-05-13T05:33:50","slug":"aboutrecognition","status":"publish","type":"page","link":"https:\/\/www.atul.co.in\/spanish\/about\/recognition\/","title":{"rendered":"Reconocimiento"},"content":{"rendered":"<div class=\"recognition\">\n<div class=\"text1\">El \u00e9nfasis constante en Atul en calidad, seguridad, m\u00e1s all\u00e1 de las iniciativas comerciales<br \/>\n<br \/> y el crecimiento inclusivo ha sido reconocido con un gran n\u00famero de premios.<\/div>\n<div class=\"sep\"><\/div>\n<div class=\"recognitionbox\">\n<div class=\"recognitionbox1\"><center><img loading=\"lazy\" decoding=\"async\" src=\"https:\/\/www.atul.co.in\/spanish\/wp-content\/uploads\/2019\/08\/r2.png\" alt=\"\" width=\"352\" height=\"245\" class=\"alignleft size-full wp-image-119\" \/> <\/p>\n<div class=\"twoline\">Premio IDC Insights 2018<\/div>\n<p><\/center>\n<\/div>\n<div class=\"recognitionbox2\"><center><img loading=\"lazy\" decoding=\"async\" src=\"https:\/\/www.atul.co.in\/spanish\/wp-content\/uploads\/2019\/08\/r4.png\" alt=\"\" width=\"354\" height=\"247\" class=\"alignleft size-full wp-image-123\" \/><\/p>\n<div class=\"twoline\">Premio Rashtra Vibhushanashtra 2018<\/div>\n<p><\/center>\n<\/div>\n<div class=\"recognitionbox3\"><center><img loading=\"lazy\" decoding=\"async\" src=\"https:\/\/www.atul.co.in\/spanish\/wp-content\/uploads\/2019\/08\/r1.png\" alt=\"\" width=\"352\" height=\"245\" class=\"alignleft size-full wp-image-124\" \/> <\/p>\n<div class=\"twoline\">Premio a la Excelencia en Gesti\u00f3n de Costes 2018<\/div>\n<p><\/center>\n<\/div>\n<div class=\"clear\"><\/div>\n<div class=\"recognitionbox1\"><center><img loading=\"lazy\" decoding=\"async\" src=\"https:\/\/www.atul.co.in\/spanish\/wp-content\/uploads\/2019\/08\/r3new.png\" alt=\"\" width=\"352\" height=\"245\" class=\"alignleft size-full wp-image-119\" \/> <\/p>\n<div class=\"twoline\">La Compa\u00f1\u00eda recibi\u00f3 el &#8220;Premio Verde Gujarat 2019&#8221; por su sede en Ankeshwar<\/div>\n<p><\/center>\n<\/div>\n<\/div>\n<div class=\"clear\"><\/div>\n<ul class=\"arrow-list\">\n<li><a href=\"https:\/\/www.atul.co.in\/spanish\/about\/recognition_archive\/\">Archivo<\/a><\/li>\n<\/ul>\n<\/div>\n<\/div>\n<div style=\"display:none\">\n<div id=\"recognition1\">\n<div class=\"popupcontent\">\n<div class=\"recognitionimg\"><img loading=\"lazy\" decoding=\"async\" src=\"https:\/\/www.atul.co.in\/spanish\/wp-content\/uploads\/recg1.jpg\" alt=\"\" width=\"352\" height=\"245\" text-align=\"justify\" class=\"alignleft size-full wp-image-117\" \/><\/div>\n<div class=\"recognitiontext\">\n<h2>Shram Ratna Award for controlling heavy leakage of molten DNCB.<\/h2>\n<p>An institution builder par excellence, Kasturbhai Lalbhai made seminal contributions particularly in the fields of industry, education, culture and religion. His pioneering efforts helped in the process of transformation of a colonised and impoverished India to a land of emerging hopes and opportunities. He led a purposeful life imbibed with integrity, discipline, excellence, perseverance and simplicity. <\/p>\n<p>On March 17, 2012, Atul Ltd converted its first office into anInspiring Centerto depict the life and times of its Founder, Kasturbhai Lalbhai. The Center was inaugurated by Shrenik Kasturbhai, the younger son of Kasturbhai.<\/p><\/div>\n<div class=\"clear\"><\/div>\n<\/div>\n<\/div>\n<\/div>\n","protected":false},"excerpt":{"rendered":"<p>El \u00e9nfasis constante en Atul en calidad, seguridad, m\u00e1s all\u00e1 de las iniciativas comerciales y el crecimiento inclusivo ha sido reconocido con un gran n\u00famero de premios. Premio IDC Insights 2018 Premio Rashtra Vibhushanashtra 2018 Premio a la Excelencia en<span class=\"ellipsis\">&hellip;<\/span><\/p>\n<div class=\"read-more\"><a href=\"https:\/\/www.atul.co.in\/spanish\/about\/recognition\/\">Read more &#8250;<\/a><\/div>\n<p><!-- end of .read-more --><\/p>\n","protected":false},"author":1,"featured_media":5747,"parent":47,"menu_order":0,"comment_status":"closed","ping_status":"closed","template":"","meta":{"_acf_changed":false,"footnotes":"","_links_to":"","_links_to_target":""},"class_list":["post-115","page","type-page","status-publish","has-post-thumbnail","hentry"],"acf":[],"yoast_head":"<!-- This site is optimized with the Yoast SEO plugin v26.8 - https:\/\/yoast.com\/product\/yoast-seo-wordpress\/ -->\n<title>Reconocimiento | Atul<\/title>\n<meta name=\"robots\" content=\"index, follow, max-snippet:-1, max-image-preview:large, max-video-preview:-1\" \/>\n<link rel=\"canonical\" href=\"http:\/\/13.127.36.189\/spanish\/about\/recognition\/\" \/>\n<meta property=\"og:locale\" content=\"en_US\" \/>\n<meta property=\"og:type\" content=\"article\" \/>\n<meta property=\"og:title\" content=\"Reconocimiento | Atul\" \/>\n<meta property=\"og:description\" content=\"El \u00e9nfasis constante en Atul en calidad, seguridad, m\u00e1s all\u00e1 de las iniciativas comerciales y el crecimiento inclusivo ha sido reconocido con un gran n\u00famero de premios. Premio IDC Insights 2018 Premio Rashtra Vibhushanashtra 2018 Premio a la Excelencia en&hellip;Read more &#8250;\" \/>\n<meta property=\"og:url\" content=\"http:\/\/13.127.36.189\/spanish\/about\/recognition\/\" \/>\n<meta property=\"og:site_name\" content=\"Atul Ltd\" \/>\n<meta property=\"article:modified_time\" content=\"2020-05-13T05:33:50+00:00\" \/>\n<meta property=\"og:image\" content=\"http:\/\/13.127.36.189\/spanish\/wp-content\/uploads\/2017\/01\/recognition-banner-2.jpg\" \/>\n\t<meta property=\"og:image:width\" content=\"1250\" \/>\n\t<meta property=\"og:image:height\" content=\"335\" \/>\n\t<meta property=\"og:image:type\" content=\"image\/jpeg\" \/>\n<meta name=\"twitter:card\" content=\"summary_large_image\" \/>\n<meta name=\"twitter:label1\" content=\"Est. reading time\" \/>\n\t<meta name=\"twitter:data1\" content=\"1 minute\" \/>\n<script type=\"application\/ld+json\" class=\"yoast-schema-graph\">{\"@context\":\"https:\/\/schema.org\",\"@graph\":[{\"@type\":\"WebPage\",\"@id\":\"http:\/\/13.127.36.189\/spanish\/about\/recognition\/\",\"url\":\"http:\/\/13.127.36.189\/spanish\/about\/recognition\/\",\"name\":\"Reconocimiento | Atul\",\"isPartOf\":{\"@id\":\"http:\/\/13.127.36.189\/spanish\/#website\"},\"primaryImageOfPage\":{\"@id\":\"http:\/\/13.127.36.189\/spanish\/about\/recognition\/#primaryimage\"},\"image\":{\"@id\":\"http:\/\/13.127.36.189\/spanish\/about\/recognition\/#primaryimage\"},\"thumbnailUrl\":\"https:\/\/www.atul.co.in\/spanish\/wp-content\/uploads\/2017\/01\/recognition-banner-2.jpg\",\"datePublished\":\"2017-01-20T01:35:36+00:00\",\"dateModified\":\"2020-05-13T05:33:50+00:00\",\"breadcrumb\":{\"@id\":\"http:\/\/13.127.36.189\/spanish\/about\/recognition\/#breadcrumb\"},\"inLanguage\":\"en-US\",\"potentialAction\":[{\"@type\":\"ReadAction\",\"target\":[\"http:\/\/13.127.36.189\/spanish\/about\/recognition\/\"]}]},{\"@type\":\"ImageObject\",\"inLanguage\":\"en-US\",\"@id\":\"http:\/\/13.127.36.189\/spanish\/about\/recognition\/#primaryimage\",\"url\":\"https:\/\/www.atul.co.in\/spanish\/wp-content\/uploads\/2017\/01\/recognition-banner-2.jpg\",\"contentUrl\":\"https:\/\/www.atul.co.in\/spanish\/wp-content\/uploads\/2017\/01\/recognition-banner-2.jpg\",\"width\":1250,\"height\":335},{\"@type\":\"BreadcrumbList\",\"@id\":\"http:\/\/13.127.36.189\/spanish\/about\/recognition\/#breadcrumb\",\"itemListElement\":[{\"@type\":\"ListItem\",\"position\":1,\"name\":\"Home\",\"item\":\"https:\/\/www.atul.co.in\/spanish\/\"},{\"@type\":\"ListItem\",\"position\":2,\"name\":\"Acerca de\",\"item\":\"http:\/\/13.127.36.189\/spanish\/about\/\"},{\"@type\":\"ListItem\",\"position\":3,\"name\":\"Reconocimiento\"}]},{\"@type\":\"WebSite\",\"@id\":\"http:\/\/13.127.36.189\/spanish\/#website\",\"url\":\"http:\/\/13.127.36.189\/spanish\/\",\"name\":\"Atul Ltd\",\"description\":\"\",\"potentialAction\":[{\"@type\":\"SearchAction\",\"target\":{\"@type\":\"EntryPoint\",\"urlTemplate\":\"http:\/\/13.127.36.189\/spanish\/?s={search_term_string}\"},\"query-input\":{\"@type\":\"PropertyValueSpecification\",\"valueRequired\":true,\"valueName\":\"search_term_string\"}}],\"inLanguage\":\"en-US\"}]}<\/script>\n<!-- \/ Yoast SEO plugin. -->","yoast_head_json":{"title":"Reconocimiento | Atul","robots":{"index":"index","follow":"follow","max-snippet":"max-snippet:-1","max-image-preview":"max-image-preview:large","max-video-preview":"max-video-preview:-1"},"canonical":"http:\/\/13.127.36.189\/spanish\/about\/recognition\/","og_locale":"en_US","og_type":"article","og_title":"Reconocimiento | Atul","og_description":"El \u00e9nfasis constante en Atul en calidad, seguridad, m\u00e1s all\u00e1 de las iniciativas comerciales y el crecimiento inclusivo ha sido reconocido con un gran n\u00famero de premios. Premio IDC Insights 2018 Premio Rashtra Vibhushanashtra 2018 Premio a la Excelencia en&hellip;Read more &#8250;","og_url":"http:\/\/13.127.36.189\/spanish\/about\/recognition\/","og_site_name":"Atul Ltd","article_modified_time":"2020-05-13T05:33:50+00:00","og_image":[{"width":1250,"height":335,"url":"http:\/\/13.127.36.189\/spanish\/wp-content\/uploads\/2017\/01\/recognition-banner-2.jpg","type":"image\/jpeg"}],"twitter_card":"summary_large_image","twitter_misc":{"Est. reading time":"1 minute"},"schema":{"@context":"https:\/\/schema.org","@graph":[{"@type":"WebPage","@id":"http:\/\/13.127.36.189\/spanish\/about\/recognition\/","url":"http:\/\/13.127.36.189\/spanish\/about\/recognition\/","name":"Reconocimiento | Atul","isPartOf":{"@id":"http:\/\/13.127.36.189\/spanish\/#website"},"primaryImageOfPage":{"@id":"http:\/\/13.127.36.189\/spanish\/about\/recognition\/#primaryimage"},"image":{"@id":"http:\/\/13.127.36.189\/spanish\/about\/recognition\/#primaryimage"},"thumbnailUrl":"https:\/\/www.atul.co.in\/spanish\/wp-content\/uploads\/2017\/01\/recognition-banner-2.jpg","datePublished":"2017-01-20T01:35:36+00:00","dateModified":"2020-05-13T05:33:50+00:00","breadcrumb":{"@id":"http:\/\/13.127.36.189\/spanish\/about\/recognition\/#breadcrumb"},"inLanguage":"en-US","potentialAction":[{"@type":"ReadAction","target":["http:\/\/13.127.36.189\/spanish\/about\/recognition\/"]}]},{"@type":"ImageObject","inLanguage":"en-US","@id":"http:\/\/13.127.36.189\/spanish\/about\/recognition\/#primaryimage","url":"https:\/\/www.atul.co.in\/spanish\/wp-content\/uploads\/2017\/01\/recognition-banner-2.jpg","contentUrl":"https:\/\/www.atul.co.in\/spanish\/wp-content\/uploads\/2017\/01\/recognition-banner-2.jpg","width":1250,"height":335},{"@type":"BreadcrumbList","@id":"http:\/\/13.127.36.189\/spanish\/about\/recognition\/#breadcrumb","itemListElement":[{"@type":"ListItem","position":1,"name":"Home","item":"https:\/\/www.atul.co.in\/spanish\/"},{"@type":"ListItem","position":2,"name":"Acerca de","item":"http:\/\/13.127.36.189\/spanish\/about\/"},{"@type":"ListItem","position":3,"name":"Reconocimiento"}]},{"@type":"WebSite","@id":"http:\/\/13.127.36.189\/spanish\/#website","url":"http:\/\/13.127.36.189\/spanish\/","name":"Atul Ltd","description":"","potentialAction":[{"@type":"SearchAction","target":{"@type":"EntryPoint","urlTemplate":"http:\/\/13.127.36.189\/spanish\/?s={search_term_string}"},"query-input":{"@type":"PropertyValueSpecification","valueRequired":true,"valueName":"search_term_string"}}],"inLanguage":"en-US"}]}},"_links":{"self":[{"href":"https:\/\/www.atul.co.in\/spanish\/wp-json\/wp\/v2\/pages\/115","targetHints":{"allow":["GET"]}}],"collection":[{"href":"https:\/\/www.atul.co.in\/spanish\/wp-json\/wp\/v2\/pages"}],"about":[{"href":"https:\/\/www.atul.co.in\/spanish\/wp-json\/wp\/v2\/types\/page"}],"author":[{"embeddable":true,"href":"https:\/\/www.atul.co.in\/spanish\/wp-json\/wp\/v2\/users\/1"}],"replies":[{"embeddable":true,"href":"https:\/\/www.atul.co.in\/spanish\/wp-json\/wp\/v2\/comments?post=115"}],"version-history":[{"count":0,"href":"https:\/\/www.atul.co.in\/spanish\/wp-json\/wp\/v2\/pages\/115\/revisions"}],"up":[{"embeddable":true,"href":"https:\/\/www.atul.co.in\/spanish\/wp-json\/wp\/v2\/pages\/47"}],"wp:featuredmedia":[{"embeddable":true,"href":"https:\/\/www.atul.co.in\/spanish\/wp-json\/wp\/v2\/media\/5747"}],"wp:attachment":[{"href":"https:\/\/www.atul.co.in\/spanish\/wp-json\/wp\/v2\/media?parent=115"}],"curies":[{"name":"wp","href":"https:\/\/api.w.org\/{rel}","templated":true}]}}