{"id":1471,"date":"2017-04-15T08:52:16","date_gmt":"2017-04-15T08:52:16","guid":{"rendered":"http:\/\/43.242.212.212\/~atulco\/?page_id=1471"},"modified":"2020-04-27T15:42:00","modified_gmt":"2020-04-27T10:12:00","slug":"careersrecognition","status":"publish","type":"page","link":"https:\/\/www.atul.co.in\/spanish\/careers\/recognition","title":{"rendered":"Recompensa y Reconocimiento"},"content":{"rendered":"<div class=\"container\">\n<div class=\"breadcrumb\"><a href=\"?page_id=1546\">Carreras<\/a> <span>&rsaquo;<\/span> Recompensa y Reconocimiento<\/div>\n<p align=\"justify\">\n<center><\/p>\n<p class=\"highlight\">No te preocupes cuando no seas reconocido, sino esfu\u00e9rzate por ser digno de reconocimiento.\n<\/p>\n<blockquote>\n<p class=\"author\">Abraham Lincoln<\/p>\n<\/blockquote>\n<div class=\"sepblockquote\">&nbsp;<\/div>\n<p><\/center><\/p>\n<div class=\"space15\"><\/div>\n<div class=\"about-text\">Reconocer y recompensar los logros de nuestro equipo es una forma de vida en Atul.<\/p>\n<p>Los programas de reconocimiento juegan un papel importante en la satisfacci\u00f3n, el compromiso y la retenci\u00f3n de los empleados. Creemos que los esfuerzos y logros de los miembros de nuestro equipo, sin importar cu\u00e1n grandes o peque\u00f1os sean, deben ser adecuadamente apreciados y recompensados. Con peque\u00f1os gestos de refuerzo positivo, continuamos construyendo un gran lugar para trabajar y nos esforzamos por mejorar el cociente de felicidad de nuestro equipo. Creemos que una cultura de apreciaci\u00f3n y reconocimiento crea un sentido de pertenencia, aumenta la motivaci\u00f3n y desarrolla la propiedad hacia la organizaci\u00f3n. Recompensar las ideas innovadoras, el trabajo duro y el esfuerzo de equipo es, por lo tanto, un elemento integral de nuestra filosof\u00eda.\n<\/p>\n<\/div>\n<\/div>\n","protected":false},"excerpt":{"rendered":"<p>Carreras &rsaquo; Recompensa y Reconocimiento No te preocupes cuando no seas reconocido, sino esfu\u00e9rzate por ser digno de reconocimiento. Abraham Lincoln &nbsp; Reconocer y recompensar los logros de nuestro equipo es una forma de vida en Atul. Los programas de<span class=\"ellipsis\">&hellip;<\/span><\/p>\n<div class=\"read-more\"><a href=\"https:\/\/www.atul.co.in\/spanish\/careers\/recognition\">Read more &#8250;<\/a><\/div>\n<p><!-- end of .read-more --><\/p>\n","protected":false},"author":1,"featured_media":5583,"parent":0,"menu_order":0,"comment_status":"closed","ping_status":"closed","template":"careers-landing-page.php","meta":{"_acf_changed":false,"footnotes":"","_links_to":"","_links_to_target":""},"class_list":["post-1471","page","type-page","status-publish","has-post-thumbnail","hentry"],"acf":[],"yoast_head":"<!-- This site is optimized with the Yoast SEO plugin v26.8 - https:\/\/yoast.com\/product\/yoast-seo-wordpress\/ -->\n<title>Carrera profesional en Atul | Recompensa y Reconocimiento<\/title>\n<meta name=\"robots\" content=\"index, follow, max-snippet:-1, max-image-preview:large, max-video-preview:-1\" \/>\n<link rel=\"canonical\" href=\"https:\/\/www.atul.co.in\/spanish\/careers\/recognition\/\" \/>\n<meta property=\"og:locale\" content=\"en_US\" \/>\n<meta property=\"og:type\" content=\"article\" \/>\n<meta property=\"og:title\" content=\"Carrera profesional en Atul | Recompensa y Reconocimiento\" \/>\n<meta property=\"og:description\" content=\"Carreras &rsaquo; Recompensa y Reconocimiento No te preocupes cuando no seas reconocido, sino esfu\u00e9rzate por ser digno de reconocimiento. Abraham Lincoln &nbsp; Reconocer y recompensar los logros de nuestro equipo es una forma de vida en Atul. Los programas de&hellip;Read more &#8250;\" \/>\n<meta property=\"og:url\" content=\"https:\/\/www.atul.co.in\/spanish\/careers\/recognition\/\" \/>\n<meta property=\"og:site_name\" content=\"Atul Ltd\" \/>\n<meta property=\"article:modified_time\" content=\"2020-04-27T10:12:00+00:00\" \/>\n<meta property=\"og:image\" content=\"https:\/\/www.atul.co.in\/spanish\/wp-content\/uploads\/2017\/04\/careers-banner-2.jpg\" \/>\n\t<meta property=\"og:image:width\" content=\"1250\" \/>\n\t<meta property=\"og:image:height\" content=\"335\" \/>\n\t<meta property=\"og:image:type\" content=\"image\/jpeg\" \/>\n<meta name=\"twitter:card\" content=\"summary_large_image\" \/>\n<meta name=\"twitter:label1\" content=\"Est. reading time\" \/>\n\t<meta name=\"twitter:data1\" content=\"1 minute\" \/>\n<script type=\"application\/ld+json\" class=\"yoast-schema-graph\">{\"@context\":\"https:\/\/schema.org\",\"@graph\":[{\"@type\":\"WebPage\",\"@id\":\"https:\/\/www.atul.co.in\/spanish\/careers\/recognition\/\",\"url\":\"https:\/\/www.atul.co.in\/spanish\/careers\/recognition\/\",\"name\":\"Carrera profesional en Atul | Recompensa y Reconocimiento\",\"isPartOf\":{\"@id\":\"http:\/\/13.127.36.189\/spanish\/#website\"},\"primaryImageOfPage\":{\"@id\":\"https:\/\/www.atul.co.in\/spanish\/careers\/recognition\/#primaryimage\"},\"image\":{\"@id\":\"https:\/\/www.atul.co.in\/spanish\/careers\/recognition\/#primaryimage\"},\"thumbnailUrl\":\"https:\/\/www.atul.co.in\/spanish\/wp-content\/uploads\/2017\/04\/careers-banner-2.jpg\",\"datePublished\":\"2017-04-15T08:52:16+00:00\",\"dateModified\":\"2020-04-27T10:12:00+00:00\",\"breadcrumb\":{\"@id\":\"https:\/\/www.atul.co.in\/spanish\/careers\/recognition\/#breadcrumb\"},\"inLanguage\":\"en-US\",\"potentialAction\":[{\"@type\":\"ReadAction\",\"target\":[\"https:\/\/www.atul.co.in\/spanish\/careers\/recognition\/\"]}]},{\"@type\":\"ImageObject\",\"inLanguage\":\"en-US\",\"@id\":\"https:\/\/www.atul.co.in\/spanish\/careers\/recognition\/#primaryimage\",\"url\":\"https:\/\/www.atul.co.in\/spanish\/wp-content\/uploads\/2017\/04\/careers-banner-2.jpg\",\"contentUrl\":\"https:\/\/www.atul.co.in\/spanish\/wp-content\/uploads\/2017\/04\/careers-banner-2.jpg\",\"width\":1250,\"height\":335},{\"@type\":\"BreadcrumbList\",\"@id\":\"https:\/\/www.atul.co.in\/spanish\/careers\/recognition\/#breadcrumb\",\"itemListElement\":[{\"@type\":\"ListItem\",\"position\":1,\"name\":\"Home\",\"item\":\"https:\/\/www.atul.co.in\/spanish\/\"},{\"@type\":\"ListItem\",\"position\":2,\"name\":\"Recompensa y Reconocimiento\"}]},{\"@type\":\"WebSite\",\"@id\":\"http:\/\/13.127.36.189\/spanish\/#website\",\"url\":\"http:\/\/13.127.36.189\/spanish\/\",\"name\":\"Atul Ltd\",\"description\":\"\",\"potentialAction\":[{\"@type\":\"SearchAction\",\"target\":{\"@type\":\"EntryPoint\",\"urlTemplate\":\"http:\/\/13.127.36.189\/spanish\/?s={search_term_string}\"},\"query-input\":{\"@type\":\"PropertyValueSpecification\",\"valueRequired\":true,\"valueName\":\"search_term_string\"}}],\"inLanguage\":\"en-US\"}]}<\/script>\n<!-- \/ Yoast SEO plugin. -->","yoast_head_json":{"title":"Carrera profesional en Atul | Recompensa y Reconocimiento","robots":{"index":"index","follow":"follow","max-snippet":"max-snippet:-1","max-image-preview":"max-image-preview:large","max-video-preview":"max-video-preview:-1"},"canonical":"https:\/\/www.atul.co.in\/spanish\/careers\/recognition\/","og_locale":"en_US","og_type":"article","og_title":"Carrera profesional en Atul | Recompensa y Reconocimiento","og_description":"Carreras &rsaquo; Recompensa y Reconocimiento No te preocupes cuando no seas reconocido, sino esfu\u00e9rzate por ser digno de reconocimiento. Abraham Lincoln &nbsp; Reconocer y recompensar los logros de nuestro equipo es una forma de vida en Atul. Los programas de&hellip;Read more &#8250;","og_url":"https:\/\/www.atul.co.in\/spanish\/careers\/recognition\/","og_site_name":"Atul Ltd","article_modified_time":"2020-04-27T10:12:00+00:00","og_image":[{"width":1250,"height":335,"url":"https:\/\/www.atul.co.in\/spanish\/wp-content\/uploads\/2017\/04\/careers-banner-2.jpg","type":"image\/jpeg"}],"twitter_card":"summary_large_image","twitter_misc":{"Est. reading time":"1 minute"},"schema":{"@context":"https:\/\/schema.org","@graph":[{"@type":"WebPage","@id":"https:\/\/www.atul.co.in\/spanish\/careers\/recognition\/","url":"https:\/\/www.atul.co.in\/spanish\/careers\/recognition\/","name":"Carrera profesional en Atul | Recompensa y Reconocimiento","isPartOf":{"@id":"http:\/\/13.127.36.189\/spanish\/#website"},"primaryImageOfPage":{"@id":"https:\/\/www.atul.co.in\/spanish\/careers\/recognition\/#primaryimage"},"image":{"@id":"https:\/\/www.atul.co.in\/spanish\/careers\/recognition\/#primaryimage"},"thumbnailUrl":"https:\/\/www.atul.co.in\/spanish\/wp-content\/uploads\/2017\/04\/careers-banner-2.jpg","datePublished":"2017-04-15T08:52:16+00:00","dateModified":"2020-04-27T10:12:00+00:00","breadcrumb":{"@id":"https:\/\/www.atul.co.in\/spanish\/careers\/recognition\/#breadcrumb"},"inLanguage":"en-US","potentialAction":[{"@type":"ReadAction","target":["https:\/\/www.atul.co.in\/spanish\/careers\/recognition\/"]}]},{"@type":"ImageObject","inLanguage":"en-US","@id":"https:\/\/www.atul.co.in\/spanish\/careers\/recognition\/#primaryimage","url":"https:\/\/www.atul.co.in\/spanish\/wp-content\/uploads\/2017\/04\/careers-banner-2.jpg","contentUrl":"https:\/\/www.atul.co.in\/spanish\/wp-content\/uploads\/2017\/04\/careers-banner-2.jpg","width":1250,"height":335},{"@type":"BreadcrumbList","@id":"https:\/\/www.atul.co.in\/spanish\/careers\/recognition\/#breadcrumb","itemListElement":[{"@type":"ListItem","position":1,"name":"Home","item":"https:\/\/www.atul.co.in\/spanish\/"},{"@type":"ListItem","position":2,"name":"Recompensa y Reconocimiento"}]},{"@type":"WebSite","@id":"http:\/\/13.127.36.189\/spanish\/#website","url":"http:\/\/13.127.36.189\/spanish\/","name":"Atul Ltd","description":"","potentialAction":[{"@type":"SearchAction","target":{"@type":"EntryPoint","urlTemplate":"http:\/\/13.127.36.189\/spanish\/?s={search_term_string}"},"query-input":{"@type":"PropertyValueSpecification","valueRequired":true,"valueName":"search_term_string"}}],"inLanguage":"en-US"}]}},"_links":{"self":[{"href":"https:\/\/www.atul.co.in\/spanish\/wp-json\/wp\/v2\/pages\/1471","targetHints":{"allow":["GET"]}}],"collection":[{"href":"https:\/\/www.atul.co.in\/spanish\/wp-json\/wp\/v2\/pages"}],"about":[{"href":"https:\/\/www.atul.co.in\/spanish\/wp-json\/wp\/v2\/types\/page"}],"author":[{"embeddable":true,"href":"https:\/\/www.atul.co.in\/spanish\/wp-json\/wp\/v2\/users\/1"}],"replies":[{"embeddable":true,"href":"https:\/\/www.atul.co.in\/spanish\/wp-json\/wp\/v2\/comments?post=1471"}],"version-history":[{"count":0,"href":"https:\/\/www.atul.co.in\/spanish\/wp-json\/wp\/v2\/pages\/1471\/revisions"}],"wp:featuredmedia":[{"embeddable":true,"href":"https:\/\/www.atul.co.in\/spanish\/wp-json\/wp\/v2\/media\/5583"}],"wp:attachment":[{"href":"https:\/\/www.atul.co.in\/spanish\/wp-json\/wp\/v2\/media?parent=1471"}],"curies":[{"name":"wp","href":"https:\/\/api.w.org\/{rel}","templated":true}]}}