{"id":1473,"date":"2017-04-15T09:19:53","date_gmt":"2017-04-15T09:19:53","guid":{"rendered":"http:\/\/43.242.212.212\/~atulco\/?page_id=1473"},"modified":"2020-06-02T16:30:48","modified_gmt":"2020-06-02T11:00:48","slug":"careersfaq","status":"publish","type":"page","link":"https:\/\/www.atul.co.in\/spanish\/careers\/faq\/","title":{"rendered":"Preguntas Frecuentes"},"content":{"rendered":"<div class=\"container\">\n<div class=\"breadcrumb\"><a href=\"?page_id=1546\">Carreras<\/a> <span>&rsaquo;<\/span> PFF<\/div>\n<p><center><\/p>\n<div class=\"text2\">\n<blockquote><p><em>Te guiamos a trav\u00e9s de los pasos m\u00e1s importantes antes de que solicites un empleo en Atul.<\/em><\/p><\/blockquote>\n<\/h4>\n<div class=\"space10\"><\/div>\n<div class=\"sepblockquote\">&nbsp;<\/div>\n<p><\/center><\/div>\n<p><\/b><\/b><\/p>\n<div class=\"container\">\n<b style=\"color:#8da79d;\">\u00bfC\u00f3mo puedo saber sobre las vacantes en Atul?<\/b><br \/>\nLas vacantes actuales est\u00e1n publicadas en nuestro sitio web. Para saber m\u00e1s sobre estas oportunidades, por favor escr\u00edbanos a <a href=\"mailto:careers@atul.co.in\">careers@atul.co.in<\/a><\/p>\n<div class=\"space15\"><\/div>\n<p><b style=\"color:#8da79d;\">\u00bfC\u00f3mo puedo solicitar un puesto en Atul?<\/b><br \/>\nPor favor env\u00ede su curr\u00edculum a<a href=\"mailto:careers@atul.co.in\">careers@atul.co.in<\/a><\/p>\n<div class=\"space15\"><\/div>\n<p><b style=\"color:#8da79d;\">\u00bfY si no encuentro la oportunidad adecuada inmediatamente?<\/b><br \/>\nEn este caso, mantendremos su curr\u00edculum en nuestra base de datos; podr\u00edamos considerarlo para futuras aperturas si su perfil coincide con nuestros requisitos.<\/p>\n<div class=\"space15\"><\/div>\n<p><b style=\"color:#8da79d;\">\u00bfC\u00f3mo sabr\u00e9 si he sido seleccionado para una entrevista?<\/b><br \/>\nSi sus calificaciones y experiencia coinciden con los requisitos del puesto, su solicitud ser\u00e1 revisada y considerada. Si es seleccionado, nuestro equipo de reclutamiento se pondr\u00e1 en contacto con usted.<\/p>\n<div class=\"space15\"><\/div>\n<p><b style=\"color:#8da79d;\">\u00bfY si estoy interesado en m\u00faltiples posiciones? \u00bfPuedo solicitar m\u00e1s de un puesto?<\/b><br \/>\nSe le permite solicitar varios puestos. Su solicitud ser\u00e1 considerada en relaci\u00f3n con cada puesto para el que se presente en funci\u00f3n de su experiencia y cualificaci\u00f3n.<\/p>\n<div class=\"space15\"><\/div>\n<p><b style=\"color:#8da79d;\">\u00bfC\u00f3mo se eval\u00faa mi candidatura?<\/b><br \/>\nEvaluamos su candidatura en base a credenciales acad\u00e9micas, experiencia laboral relevante, actitud, aptitud y habilidades de comunicaci\u00f3n.<\/p>\n<div class=\"space15\"><\/div>\n<p><b style=\"color:#8da79d;\">\u00bfCu\u00e1ndo puedo esperar saber de Atul?<\/b><br \/>\nSi es preseleccionado, tendr\u00e1 noticias nuestras en los 15 d\u00edas siguientes al env\u00edo de su solicitud. Ciertas posiciones pueden tomar m\u00e1s tiempo. Por favor, tenga en cuenta que recibimos un gran n\u00famero de solicitudes y por lo tanto no es posible que le respondamos individualmente.<\/p>\n<div class=\"space15\"><\/div>\n<p><b style=\"color:#8da79d;\">\u00bfCu\u00e1nto tiempo toma el proceso de reclutamiento?<\/b><br \/>\nEl proceso de reclutamiento suele durar de 4 a 6 semanas.<\/p>\n<div class=\"space15\"><\/div>\n<p><b style=\"color:#8da79d;\">\u00bfCu\u00e1l es el proceso de reclutamiento en Atul?<\/b><br \/>\n&#8220;El proceso de reclutamiento en Atul para los candidatos con experiencia es el siguiente:<br \/>\n1. Entrevista preliminar con Recursos Humanos<br \/>\n2. Prueba Psicom\u00e9trica | Aptitud<br \/>\n3. Entrevista con la respectiva funci\u00f3n de Negocios<br \/>\n4. Entrevista final con Recursos Humanos&#8221;<\/p>\n<div class=\"space15\"><\/div>\n<p><b style=\"color:#8da79d;\">\u00bfC\u00f3mo s\u00e9 si mi solicitud ha sido recibida?<\/b><br \/>\nSe enviar\u00e1 un acuse de recibo generado por el sistema a la direcci\u00f3n de correo electr\u00f3nico proporcionada por usted. Esto le llegar\u00e1 en unos minutos despu\u00e9s de la presentaci\u00f3n de su solicitud.<\/p>\n<div class=\"space15\"><\/div>\n<p><b style=\"color:#8da79d;\">Al adjuntar documentos a mi solicitud, \u00bfde qu\u00e9 tama\u00f1o y formato deben ser?<\/b><br \/>\nEl tama\u00f1o m\u00e1ximo de cada documento es de 2 MB y preferiblemente en formato Word o PDF. Por favor, aseg\u00farese de no subir archivos PDF protegidos por contrase\u00f1a.<\/p>\n<div class=\"space15\"><\/div>\n<p><b style=\"color:#8da79d;\">\u00bfReembolsar\u00e1 la Compa\u00f1\u00eda los gastos de viaje en los que incurra mientras viajo a Atul?<\/b><br \/>\nSus gastos de viaje ser\u00e1n reembolsados seg\u00fan nuestra pol\u00edtica de reembolso de viajes para los candidatos. Los detalles se le comunicar\u00e1n en la carta de llamada a la entrevista.<\/p>\n<div class=\"space15\"><\/div>\n<p><b style=\"color:#8da79d;\">\u00bfC\u00f3mo obtengo el reembolso de mis gastos de viaje?\u00a0<\/b><br \/>\nEl importe total de sus gastos de viaje se acreditar\u00e1 en su cuenta bancaria. Por favor, rellene el formulario de reembolso de gastos de viaje (que se adjunta en el correo electr\u00f3nico con la carta de llamada a la entrevista), presente sus billetes de viaje y una copia de un cheque anulado.<\/p>\n<div class=\"space15\"><\/div>\n","protected":false},"excerpt":{"rendered":"<p>Carreras &rsaquo; PFF Te guiamos a trav\u00e9s de los pasos m\u00e1s importantes antes de que solicites un empleo en Atul. &nbsp; \u00bfC\u00f3mo puedo saber sobre las vacantes en Atul? Las vacantes actuales est\u00e1n publicadas en nuestro sitio web. Para saber<span class=\"ellipsis\">&hellip;<\/span><\/p>\n<div class=\"read-more\"><a href=\"https:\/\/www.atul.co.in\/spanish\/careers\/faq\/\">Read more &#8250;<\/a><\/div>\n<p><!-- end of .read-more --><\/p>\n","protected":false},"author":1,"featured_media":5601,"parent":0,"menu_order":0,"comment_status":"closed","ping_status":"closed","template":"careers-landing-page.php","meta":{"_acf_changed":false,"footnotes":"","_links_to":"","_links_to_target":""},"class_list":["post-1473","page","type-page","status-publish","has-post-thumbnail","hentry"],"acf":[],"yoast_head":"<!-- This site is optimized with the Yoast SEO plugin v26.8 - https:\/\/yoast.com\/product\/yoast-seo-wordpress\/ -->\n<title>Preguntas frecuentes | Atul<\/title>\n<meta name=\"robots\" content=\"index, follow, max-snippet:-1, max-image-preview:large, max-video-preview:-1\" \/>\n<link rel=\"canonical\" href=\"https:\/\/www.atul.co.in\/spanish\/careers\/faq\/\" \/>\n<meta property=\"og:locale\" content=\"en_US\" \/>\n<meta property=\"og:type\" content=\"article\" \/>\n<meta property=\"og:title\" content=\"Preguntas frecuentes | Atul\" \/>\n<meta property=\"og:description\" content=\"Carreras &rsaquo; PFF Te guiamos a trav\u00e9s de los pasos m\u00e1s importantes antes de que solicites un empleo en Atul. &nbsp; \u00bfC\u00f3mo puedo saber sobre las vacantes en Atul? Las vacantes actuales est\u00e1n publicadas en nuestro sitio web. Para saber&hellip;Read more &#8250;\" \/>\n<meta property=\"og:url\" content=\"https:\/\/www.atul.co.in\/spanish\/careers\/faq\/\" \/>\n<meta property=\"og:site_name\" content=\"Atul Ltd\" \/>\n<meta property=\"article:modified_time\" content=\"2020-06-02T11:00:48+00:00\" \/>\n<meta property=\"og:image\" content=\"https:\/\/www.atul.co.in\/spanish\/wp-content\/uploads\/2017\/04\/faq-banner.jpg\" \/>\n\t<meta property=\"og:image:width\" content=\"1250\" \/>\n\t<meta property=\"og:image:height\" content=\"335\" \/>\n\t<meta property=\"og:image:type\" content=\"image\/jpeg\" \/>\n<meta name=\"twitter:card\" content=\"summary_large_image\" \/>\n<meta name=\"twitter:label1\" content=\"Est. reading time\" \/>\n\t<meta name=\"twitter:data1\" content=\"3 minutes\" \/>\n<script type=\"application\/ld+json\" class=\"yoast-schema-graph\">{\"@context\":\"https:\/\/schema.org\",\"@graph\":[{\"@type\":\"WebPage\",\"@id\":\"https:\/\/www.atul.co.in\/spanish\/careers\/faq\/\",\"url\":\"https:\/\/www.atul.co.in\/spanish\/careers\/faq\/\",\"name\":\"Preguntas frecuentes | Atul\",\"isPartOf\":{\"@id\":\"http:\/\/13.127.36.189\/spanish\/#website\"},\"primaryImageOfPage\":{\"@id\":\"https:\/\/www.atul.co.in\/spanish\/careers\/faq\/#primaryimage\"},\"image\":{\"@id\":\"https:\/\/www.atul.co.in\/spanish\/careers\/faq\/#primaryimage\"},\"thumbnailUrl\":\"https:\/\/www.atul.co.in\/spanish\/wp-content\/uploads\/2017\/04\/faq-banner.jpg\",\"datePublished\":\"2017-04-15T09:19:53+00:00\",\"dateModified\":\"2020-06-02T11:00:48+00:00\",\"breadcrumb\":{\"@id\":\"https:\/\/www.atul.co.in\/spanish\/careers\/faq\/#breadcrumb\"},\"inLanguage\":\"en-US\",\"potentialAction\":[{\"@type\":\"ReadAction\",\"target\":[\"https:\/\/www.atul.co.in\/spanish\/careers\/faq\/\"]}]},{\"@type\":\"ImageObject\",\"inLanguage\":\"en-US\",\"@id\":\"https:\/\/www.atul.co.in\/spanish\/careers\/faq\/#primaryimage\",\"url\":\"https:\/\/www.atul.co.in\/spanish\/wp-content\/uploads\/2017\/04\/faq-banner.jpg\",\"contentUrl\":\"https:\/\/www.atul.co.in\/spanish\/wp-content\/uploads\/2017\/04\/faq-banner.jpg\",\"width\":1250,\"height\":335},{\"@type\":\"BreadcrumbList\",\"@id\":\"https:\/\/www.atul.co.in\/spanish\/careers\/faq\/#breadcrumb\",\"itemListElement\":[{\"@type\":\"ListItem\",\"position\":1,\"name\":\"Home\",\"item\":\"https:\/\/www.atul.co.in\/spanish\/\"},{\"@type\":\"ListItem\",\"position\":2,\"name\":\"Preguntas Frecuentes\"}]},{\"@type\":\"WebSite\",\"@id\":\"http:\/\/13.127.36.189\/spanish\/#website\",\"url\":\"http:\/\/13.127.36.189\/spanish\/\",\"name\":\"Atul Ltd\",\"description\":\"\",\"potentialAction\":[{\"@type\":\"SearchAction\",\"target\":{\"@type\":\"EntryPoint\",\"urlTemplate\":\"http:\/\/13.127.36.189\/spanish\/?s={search_term_string}\"},\"query-input\":{\"@type\":\"PropertyValueSpecification\",\"valueRequired\":true,\"valueName\":\"search_term_string\"}}],\"inLanguage\":\"en-US\"}]}<\/script>\n<!-- \/ Yoast SEO plugin. -->","yoast_head_json":{"title":"Preguntas frecuentes | Atul","robots":{"index":"index","follow":"follow","max-snippet":"max-snippet:-1","max-image-preview":"max-image-preview:large","max-video-preview":"max-video-preview:-1"},"canonical":"https:\/\/www.atul.co.in\/spanish\/careers\/faq\/","og_locale":"en_US","og_type":"article","og_title":"Preguntas frecuentes | Atul","og_description":"Carreras &rsaquo; PFF Te guiamos a trav\u00e9s de los pasos m\u00e1s importantes antes de que solicites un empleo en Atul. &nbsp; \u00bfC\u00f3mo puedo saber sobre las vacantes en Atul? Las vacantes actuales est\u00e1n publicadas en nuestro sitio web. Para saber&hellip;Read more &#8250;","og_url":"https:\/\/www.atul.co.in\/spanish\/careers\/faq\/","og_site_name":"Atul Ltd","article_modified_time":"2020-06-02T11:00:48+00:00","og_image":[{"width":1250,"height":335,"url":"https:\/\/www.atul.co.in\/spanish\/wp-content\/uploads\/2017\/04\/faq-banner.jpg","type":"image\/jpeg"}],"twitter_card":"summary_large_image","twitter_misc":{"Est. reading time":"3 minutes"},"schema":{"@context":"https:\/\/schema.org","@graph":[{"@type":"WebPage","@id":"https:\/\/www.atul.co.in\/spanish\/careers\/faq\/","url":"https:\/\/www.atul.co.in\/spanish\/careers\/faq\/","name":"Preguntas frecuentes | Atul","isPartOf":{"@id":"http:\/\/13.127.36.189\/spanish\/#website"},"primaryImageOfPage":{"@id":"https:\/\/www.atul.co.in\/spanish\/careers\/faq\/#primaryimage"},"image":{"@id":"https:\/\/www.atul.co.in\/spanish\/careers\/faq\/#primaryimage"},"thumbnailUrl":"https:\/\/www.atul.co.in\/spanish\/wp-content\/uploads\/2017\/04\/faq-banner.jpg","datePublished":"2017-04-15T09:19:53+00:00","dateModified":"2020-06-02T11:00:48+00:00","breadcrumb":{"@id":"https:\/\/www.atul.co.in\/spanish\/careers\/faq\/#breadcrumb"},"inLanguage":"en-US","potentialAction":[{"@type":"ReadAction","target":["https:\/\/www.atul.co.in\/spanish\/careers\/faq\/"]}]},{"@type":"ImageObject","inLanguage":"en-US","@id":"https:\/\/www.atul.co.in\/spanish\/careers\/faq\/#primaryimage","url":"https:\/\/www.atul.co.in\/spanish\/wp-content\/uploads\/2017\/04\/faq-banner.jpg","contentUrl":"https:\/\/www.atul.co.in\/spanish\/wp-content\/uploads\/2017\/04\/faq-banner.jpg","width":1250,"height":335},{"@type":"BreadcrumbList","@id":"https:\/\/www.atul.co.in\/spanish\/careers\/faq\/#breadcrumb","itemListElement":[{"@type":"ListItem","position":1,"name":"Home","item":"https:\/\/www.atul.co.in\/spanish\/"},{"@type":"ListItem","position":2,"name":"Preguntas Frecuentes"}]},{"@type":"WebSite","@id":"http:\/\/13.127.36.189\/spanish\/#website","url":"http:\/\/13.127.36.189\/spanish\/","name":"Atul Ltd","description":"","potentialAction":[{"@type":"SearchAction","target":{"@type":"EntryPoint","urlTemplate":"http:\/\/13.127.36.189\/spanish\/?s={search_term_string}"},"query-input":{"@type":"PropertyValueSpecification","valueRequired":true,"valueName":"search_term_string"}}],"inLanguage":"en-US"}]}},"_links":{"self":[{"href":"https:\/\/www.atul.co.in\/spanish\/wp-json\/wp\/v2\/pages\/1473","targetHints":{"allow":["GET"]}}],"collection":[{"href":"https:\/\/www.atul.co.in\/spanish\/wp-json\/wp\/v2\/pages"}],"about":[{"href":"https:\/\/www.atul.co.in\/spanish\/wp-json\/wp\/v2\/types\/page"}],"author":[{"embeddable":true,"href":"https:\/\/www.atul.co.in\/spanish\/wp-json\/wp\/v2\/users\/1"}],"replies":[{"embeddable":true,"href":"https:\/\/www.atul.co.in\/spanish\/wp-json\/wp\/v2\/comments?post=1473"}],"version-history":[{"count":0,"href":"https:\/\/www.atul.co.in\/spanish\/wp-json\/wp\/v2\/pages\/1473\/revisions"}],"wp:featuredmedia":[{"embeddable":true,"href":"https:\/\/www.atul.co.in\/spanish\/wp-json\/wp\/v2\/media\/5601"}],"wp:attachment":[{"href":"https:\/\/www.atul.co.in\/spanish\/wp-json\/wp\/v2\/media?parent=1473"}],"curies":[{"name":"wp","href":"https:\/\/api.w.org\/{rel}","templated":true}]}}