{"id":1474,"date":"2017-04-15T09:25:53","date_gmt":"2017-04-15T09:25:53","guid":{"rendered":"http:\/\/43.242.212.212\/~atulco\/?page_id=1474"},"modified":"2020-06-02T16:29:03","modified_gmt":"2020-06-02T10:59:03","slug":"careersphilosophy","status":"publish","type":"page","link":"https:\/\/www.atul.co.in\/spanish\/careers\/philosophy","title":{"rendered":"Filosof\u00eda"},"content":{"rendered":"<div class=\"container\">\n<div class=\"breadcrumb\"><a href=\"?page_id=1546\">Carreras<\/a> <span>&rsaquo;<\/span> Filosof\u00eda\n<\/div>\n<p><center><\/p>\n<p class=\"highlight\">La gesti\u00f3n es, sobre todo, una pr\u00e1ctica donde confluyen el arte, la ciencia y la destreza.<\/p>\n<p><\/center><center><\/p>\n<blockquote>\n<p class=\"author\">Henry Mintzberg<\/p>\n<\/blockquote>\n<div class=\"sepblockquote\">&nbsp;<\/div>\n<p><\/center><\/p>\n<div class=\"about-text\">Nos esforzamos para que la trayectoria de Atul sea enriquecedora y tenga un prop\u00f3sito. Esforz\u00e1ndonos por ser un empleador preferido, esperamos crear un ambiente de trabajo desafiante y satisfactorio donde cada miembro sea fiel al prop\u00f3sito de la Compa\u00f1\u00eda e incondicional a sus valores. Creemos en invertir en las personas y en tener una cultura transparente en la que el progreso de cada miembro sea parte integral del crecimiento general de la organizaci\u00f3n. Animamos a nuestro equipo a dar lo mejor de s\u00ed mismo en las tareas, mientras hacemos hincapi\u00e9 en un elemento intr\u00ednseco del equilibrio entre la vida laboral y la privada que, a su vez, fomenta una mayor eficiencia en el trabajo.<\/p>\n<p>Reclutamos gente con gran pensamiento y esfuerzo para crear una cultura que adopte la diversidad, el crecimiento inclusivo y la excelencia. Vemos a cada miembro del equipo como un activo y nos centramos en la identificaci\u00f3n y el desarrollo de su talento a trav\u00e9s de una serie de iniciativas de aprendizaje y desarrollo. Mientras buscamos de forma consistente mejorar nuestro lugar de trabajo, damos igual importancia a la vida m\u00e1s all\u00e1 del trabajo. Desde iniciativas de salud y bienestar hasta ferias de diversi\u00f3n, espect\u00e1culos de talentos, veladas culturales, celebraciones de festivales y m\u00e1s, nos esforzamos por construir una familia dentro de la organizaci\u00f3n.<\/p>\n","protected":false},"excerpt":{"rendered":"<p>Carreras &rsaquo; Filosof\u00eda La gesti\u00f3n es, sobre todo, una pr\u00e1ctica donde confluyen el arte, la ciencia y la destreza. Henry Mintzberg &nbsp; Nos esforzamos para que la trayectoria de Atul sea enriquecedora y tenga un prop\u00f3sito. Esforz\u00e1ndonos por ser un<span class=\"ellipsis\">&hellip;<\/span><\/p>\n<div class=\"read-more\"><a href=\"https:\/\/www.atul.co.in\/spanish\/careers\/philosophy\">Read more &#8250;<\/a><\/div>\n<p><!-- end of .read-more --><\/p>\n","protected":false},"author":1,"featured_media":5600,"parent":0,"menu_order":0,"comment_status":"closed","ping_status":"closed","template":"careers-landing-page.php","meta":{"_acf_changed":false,"footnotes":"","_links_to":"","_links_to_target":""},"class_list":["post-1474","page","type-page","status-publish","has-post-thumbnail","hentry"],"acf":[],"yoast_head":"<!-- This site is optimized with the Yoast SEO plugin v26.8 - https:\/\/yoast.com\/product\/yoast-seo-wordpress\/ -->\n<title>Filosof\u00eda | Atul<\/title>\n<meta name=\"robots\" content=\"index, follow, max-snippet:-1, max-image-preview:large, max-video-preview:-1\" \/>\n<link rel=\"canonical\" href=\"http:\/\/13.127.36.189\/spanish\/careers\/philosophy\/\" \/>\n<meta property=\"og:locale\" content=\"en_US\" \/>\n<meta property=\"og:type\" content=\"article\" \/>\n<meta property=\"og:title\" content=\"Filosof\u00eda | Atul\" \/>\n<meta property=\"og:description\" content=\"Carreras &rsaquo; Filosof\u00eda La gesti\u00f3n es, sobre todo, una pr\u00e1ctica donde confluyen el arte, la ciencia y la destreza. Henry Mintzberg &nbsp; Nos esforzamos para que la trayectoria de Atul sea enriquecedora y tenga un prop\u00f3sito. Esforz\u00e1ndonos por ser un&hellip;Read more &#8250;\" \/>\n<meta property=\"og:url\" content=\"http:\/\/13.127.36.189\/spanish\/careers\/philosophy\/\" \/>\n<meta property=\"og:site_name\" content=\"Atul Ltd\" \/>\n<meta property=\"article:modified_time\" content=\"2020-06-02T10:59:03+00:00\" \/>\n<meta property=\"og:image\" content=\"http:\/\/13.127.36.189\/spanish\/wp-content\/uploads\/2017\/04\/philosophy-banner-1.jpg\" \/>\n\t<meta property=\"og:image:width\" content=\"1250\" \/>\n\t<meta property=\"og:image:height\" content=\"335\" \/>\n\t<meta property=\"og:image:type\" content=\"image\/jpeg\" \/>\n<meta name=\"twitter:card\" content=\"summary_large_image\" \/>\n<meta name=\"twitter:label1\" content=\"Est. reading time\" \/>\n\t<meta name=\"twitter:data1\" content=\"1 minute\" \/>\n<script type=\"application\/ld+json\" class=\"yoast-schema-graph\">{\"@context\":\"https:\/\/schema.org\",\"@graph\":[{\"@type\":\"WebPage\",\"@id\":\"http:\/\/13.127.36.189\/spanish\/careers\/philosophy\/\",\"url\":\"http:\/\/13.127.36.189\/spanish\/careers\/philosophy\/\",\"name\":\"Filosof\u00eda | Atul\",\"isPartOf\":{\"@id\":\"http:\/\/13.127.36.189\/spanish\/#website\"},\"primaryImageOfPage\":{\"@id\":\"http:\/\/13.127.36.189\/spanish\/careers\/philosophy\/#primaryimage\"},\"image\":{\"@id\":\"http:\/\/13.127.36.189\/spanish\/careers\/philosophy\/#primaryimage\"},\"thumbnailUrl\":\"https:\/\/www.atul.co.in\/spanish\/wp-content\/uploads\/2017\/04\/philosophy-banner-1.jpg\",\"datePublished\":\"2017-04-15T09:25:53+00:00\",\"dateModified\":\"2020-06-02T10:59:03+00:00\",\"breadcrumb\":{\"@id\":\"http:\/\/13.127.36.189\/spanish\/careers\/philosophy\/#breadcrumb\"},\"inLanguage\":\"en-US\",\"potentialAction\":[{\"@type\":\"ReadAction\",\"target\":[\"http:\/\/13.127.36.189\/spanish\/careers\/philosophy\/\"]}]},{\"@type\":\"ImageObject\",\"inLanguage\":\"en-US\",\"@id\":\"http:\/\/13.127.36.189\/spanish\/careers\/philosophy\/#primaryimage\",\"url\":\"https:\/\/www.atul.co.in\/spanish\/wp-content\/uploads\/2017\/04\/philosophy-banner-1.jpg\",\"contentUrl\":\"https:\/\/www.atul.co.in\/spanish\/wp-content\/uploads\/2017\/04\/philosophy-banner-1.jpg\",\"width\":1250,\"height\":335},{\"@type\":\"BreadcrumbList\",\"@id\":\"http:\/\/13.127.36.189\/spanish\/careers\/philosophy\/#breadcrumb\",\"itemListElement\":[{\"@type\":\"ListItem\",\"position\":1,\"name\":\"Home\",\"item\":\"https:\/\/www.atul.co.in\/spanish\/\"},{\"@type\":\"ListItem\",\"position\":2,\"name\":\"Filosof\u00eda\"}]},{\"@type\":\"WebSite\",\"@id\":\"http:\/\/13.127.36.189\/spanish\/#website\",\"url\":\"http:\/\/13.127.36.189\/spanish\/\",\"name\":\"Atul Ltd\",\"description\":\"\",\"potentialAction\":[{\"@type\":\"SearchAction\",\"target\":{\"@type\":\"EntryPoint\",\"urlTemplate\":\"http:\/\/13.127.36.189\/spanish\/?s={search_term_string}\"},\"query-input\":{\"@type\":\"PropertyValueSpecification\",\"valueRequired\":true,\"valueName\":\"search_term_string\"}}],\"inLanguage\":\"en-US\"}]}<\/script>\n<!-- \/ Yoast SEO plugin. -->","yoast_head_json":{"title":"Filosof\u00eda | Atul","robots":{"index":"index","follow":"follow","max-snippet":"max-snippet:-1","max-image-preview":"max-image-preview:large","max-video-preview":"max-video-preview:-1"},"canonical":"http:\/\/13.127.36.189\/spanish\/careers\/philosophy\/","og_locale":"en_US","og_type":"article","og_title":"Filosof\u00eda | Atul","og_description":"Carreras &rsaquo; Filosof\u00eda La gesti\u00f3n es, sobre todo, una pr\u00e1ctica donde confluyen el arte, la ciencia y la destreza. Henry Mintzberg &nbsp; Nos esforzamos para que la trayectoria de Atul sea enriquecedora y tenga un prop\u00f3sito. Esforz\u00e1ndonos por ser un&hellip;Read more &#8250;","og_url":"http:\/\/13.127.36.189\/spanish\/careers\/philosophy\/","og_site_name":"Atul Ltd","article_modified_time":"2020-06-02T10:59:03+00:00","og_image":[{"width":1250,"height":335,"url":"http:\/\/13.127.36.189\/spanish\/wp-content\/uploads\/2017\/04\/philosophy-banner-1.jpg","type":"image\/jpeg"}],"twitter_card":"summary_large_image","twitter_misc":{"Est. reading time":"1 minute"},"schema":{"@context":"https:\/\/schema.org","@graph":[{"@type":"WebPage","@id":"http:\/\/13.127.36.189\/spanish\/careers\/philosophy\/","url":"http:\/\/13.127.36.189\/spanish\/careers\/philosophy\/","name":"Filosof\u00eda | Atul","isPartOf":{"@id":"http:\/\/13.127.36.189\/spanish\/#website"},"primaryImageOfPage":{"@id":"http:\/\/13.127.36.189\/spanish\/careers\/philosophy\/#primaryimage"},"image":{"@id":"http:\/\/13.127.36.189\/spanish\/careers\/philosophy\/#primaryimage"},"thumbnailUrl":"https:\/\/www.atul.co.in\/spanish\/wp-content\/uploads\/2017\/04\/philosophy-banner-1.jpg","datePublished":"2017-04-15T09:25:53+00:00","dateModified":"2020-06-02T10:59:03+00:00","breadcrumb":{"@id":"http:\/\/13.127.36.189\/spanish\/careers\/philosophy\/#breadcrumb"},"inLanguage":"en-US","potentialAction":[{"@type":"ReadAction","target":["http:\/\/13.127.36.189\/spanish\/careers\/philosophy\/"]}]},{"@type":"ImageObject","inLanguage":"en-US","@id":"http:\/\/13.127.36.189\/spanish\/careers\/philosophy\/#primaryimage","url":"https:\/\/www.atul.co.in\/spanish\/wp-content\/uploads\/2017\/04\/philosophy-banner-1.jpg","contentUrl":"https:\/\/www.atul.co.in\/spanish\/wp-content\/uploads\/2017\/04\/philosophy-banner-1.jpg","width":1250,"height":335},{"@type":"BreadcrumbList","@id":"http:\/\/13.127.36.189\/spanish\/careers\/philosophy\/#breadcrumb","itemListElement":[{"@type":"ListItem","position":1,"name":"Home","item":"https:\/\/www.atul.co.in\/spanish\/"},{"@type":"ListItem","position":2,"name":"Filosof\u00eda"}]},{"@type":"WebSite","@id":"http:\/\/13.127.36.189\/spanish\/#website","url":"http:\/\/13.127.36.189\/spanish\/","name":"Atul Ltd","description":"","potentialAction":[{"@type":"SearchAction","target":{"@type":"EntryPoint","urlTemplate":"http:\/\/13.127.36.189\/spanish\/?s={search_term_string}"},"query-input":{"@type":"PropertyValueSpecification","valueRequired":true,"valueName":"search_term_string"}}],"inLanguage":"en-US"}]}},"_links":{"self":[{"href":"https:\/\/www.atul.co.in\/spanish\/wp-json\/wp\/v2\/pages\/1474","targetHints":{"allow":["GET"]}}],"collection":[{"href":"https:\/\/www.atul.co.in\/spanish\/wp-json\/wp\/v2\/pages"}],"about":[{"href":"https:\/\/www.atul.co.in\/spanish\/wp-json\/wp\/v2\/types\/page"}],"author":[{"embeddable":true,"href":"https:\/\/www.atul.co.in\/spanish\/wp-json\/wp\/v2\/users\/1"}],"replies":[{"embeddable":true,"href":"https:\/\/www.atul.co.in\/spanish\/wp-json\/wp\/v2\/comments?post=1474"}],"version-history":[{"count":0,"href":"https:\/\/www.atul.co.in\/spanish\/wp-json\/wp\/v2\/pages\/1474\/revisions"}],"wp:featuredmedia":[{"embeddable":true,"href":"https:\/\/www.atul.co.in\/spanish\/wp-json\/wp\/v2\/media\/5600"}],"wp:attachment":[{"href":"https:\/\/www.atul.co.in\/spanish\/wp-json\/wp\/v2\/media?parent=1474"}],"curies":[{"name":"wp","href":"https:\/\/api.w.org\/{rel}","templated":true}]}}