{"id":1546,"date":"2017-04-26T08:04:54","date_gmt":"2017-04-26T08:04:54","guid":{"rendered":"http:\/\/43.242.212.212\/~atulco\/?page_id=1546"},"modified":"2020-05-06T15:52:06","modified_gmt":"2020-05-06T10:22:06","slug":"careers","status":"publish","type":"page","link":"https:\/\/www.atul.co.in\/spanish\/careers","title":{"rendered":"Carreras"},"content":{"rendered":"<div class=\"container\">\n<blockquote><p>Todos nuestros sue\u00f1os pueden hacerse realidad si tenemos el coraje de seguirlos.<\/p>\n<p><span class=\"author\">Walt Disney<\/span><\/p><\/blockquote>\n<div class=\"sepblockquote\">&nbsp;<\/div>\n<\/div>\n<p><!--div class=\"we-are-hiring\">\n\n\n<div class=\"container\">\n\n\n<div class=\"title\">Walk-in interviews<\/div>\n\n\n\n\n<div class=\"link\"><a href=\"https:\/\/www.atul.co.in\/spanish\/walk-in-interviews\/\">Explore<\/a><\/div>\n\n\n\n\n<div class=\"clear\">&nbsp;<\/div>\n\n\n<\/div>\n\n\n<\/div-->\n<div class=\"philisophy\">\n<div class=\"container\">\n<div class=\"title\">Filosof\u00eda<\/div>\n<div class=\"text\">Ubicamos a la gente antes que los beneficios y los valores antes que los n\u00fameros<\/div>\n<div class=\"link\"><a href=\"https:\/\/www.atul.co.in\/spanish\/careers\/philosophy\">Explorar<\/a><\/div>\n<div class=\"clear\">&nbsp;<\/div>\n<\/div>\n<\/div>\n<div class=\"opportunities\">\n<div class=\"container\">\n<div class=\"title\">Oportunidades<\/div>\n<div class=\"text\">Explora las oportunidades con nosotros y \u00fanete a nuestro equipo<\/div>\n<div class=\"link\"><a href=\"https:\/\/career.atul.co.in\/psc\/career\/EMPLOYEE\/HRMS\/c\/HRS_HRAM_FL.HRS_CG_SEARCH_FL.GBL?FOCUS=Applicant&#038;FOCUS=Applicant\" target=\"_blank\">Explorar<\/a><\/div>\n<p><!--div class=\"link\"><a href=\"https:\/\/www.atul.co.in\/spanish\/opportunities\/\">Explore<\/a><\/div-->\n<div class=\"clear\">&nbsp;<\/div>\n<\/div>\n<\/div>\n<div class=\"life-with-atul-careers\">\n<div class=\"container\">\n<div class=\"title\">La vida con Atul<\/div>\n<div class=\"text\">Creamos un lugar de trabajo positivo y productivo para nuestro equipo que ofrece varias oportunidades para sobresalir<\/div>\n<div class=\"link\"><a href=\"https:\/\/www.atul.co.in\/spanish\/lifewithatul\">Explorar<\/a><\/div>\n<div class=\"clear\">&nbsp;<\/div>\n<\/div>\n<\/div>\n<p><!--div class=\"emp-testimonials\">\n\n\n<div class=\"container\">\n\n\n<div class=\"title\">Testimonials<\/div>\n\n\n\n\n<div class=\"text\">We nurture our team to grow while being firmly rooted in our core values<\/div>\n\n\n\n\n<div class=\"link\"><a href=\"?page_id=993\">Explore<\/a><\/div>\n\n\n\n\n<div class=\"clear\">&nbsp;<\/div>\n\n\n<\/div>\n\n\n<\/div-->\n<div class=\"faqs\">\n<div class=\"container\">\n<div class=\"title\">Preguntas Frecuentes<\/div>\n<div class=\"text\">Lea detenidamente las respuestas a las preguntas m\u00e1s frecuentes<\/div>\n<div class=\"link\"><a href=\"https:\/\/www.atul.co.in\/spanish\/careers\/faq\/\">Explorar<\/a><\/div>\n<div class=\"clear\">&nbsp;<\/div>\n<\/div>\n<\/div>\n<div class=\"careerslinks\">\n<div class=\"container\">\n<div class=\"space25\"><\/div>\n<div class='content-column one_third'><a href=\"?page_id=1472\"> <img loading=\"lazy\" decoding=\"async\" src=\"https:\/\/www.atul.co.in\/spanish\/wp-content\/uploads\/2020\/05\/employee-care-2-new.png\" onmouseover=\"this.src='https:\/\/www.atul.co.in\/spanish\/wp-content\/uploads\/2020\/05\/employee-care-2-new-hover.png'\" onmouseout=\"this.src='https:\/\/www.atul.co.in\/spanish\/wp-content\/uploads\/2020\/05\/employee-care-2-new.png'\"  width=\"200\" height=\"104\" class=\"aligncenter size-full wp-image-4602\"\/><\/a><br \/><\/div><div class='content-column one_third'><a href=\"?page_id=1469\"> <img loading=\"lazy\" decoding=\"async\" src=\"https:\/\/www.atul.co.in\/spanish\/wp-content\/uploads\/2020\/05\/thinking-1.png\" onmouseover=\"this.src='https:\/\/www.atul.co.in\/spanish\/wp-content\/uploads\/2020\/05\/thinking-hover.png'\" onmouseout=\"this.src='https:\/\/www.atul.co.in\/spanish\/wp-content\/uploads\/2020\/05\/thinking-1.png'\"  width=\"150\" height=\"104\" class=\"aligncenter size-full wp-image-4602\"\/><\/a><br \/><\/div><div class='content-column one_third last_column'><a href=\"?page_id=1471\"> <img loading=\"lazy\" decoding=\"async\" src=\"https:\/\/www.atul.co.in\/spanish\/wp-content\/uploads\/2020\/05\/recognition-2-new-1.png\" onmouseover=\"this.src='https:\/\/www.atul.co.in\/spanish\/wp-content\/uploads\/2020\/05\/recognition-2-new-hover-1.png'\" onmouseout=\"this.src='https:\/\/www.atul.co.in\/spanish\/wp-content\/uploads\/2020\/05\/recognition-2-new-1.png'\"  width=\"150\" height=\"104\" class=\"aligncenter size-full wp-image-4602\"\/><\/a><br \/><\/div><div class='clear_column'><\/div>\n<\/div>\n<\/div>\n","protected":false},"excerpt":{"rendered":"<p>Todos nuestros sue\u00f1os pueden hacerse realidad si tenemos el coraje de seguirlos. Walt Disney &nbsp; Filosof\u00eda Ubicamos a la gente antes que los beneficios y los valores antes que los n\u00fameros Explorar &nbsp; Oportunidades Explora las oportunidades con nosotros y<span class=\"ellipsis\">&hellip;<\/span><\/p>\n<div class=\"read-more\"><a href=\"https:\/\/www.atul.co.in\/spanish\/careers\">Read more &#8250;<\/a><\/div>\n<p><!-- end of .read-more --><\/p>\n","protected":false},"author":1,"featured_media":6326,"parent":0,"menu_order":0,"comment_status":"closed","ping_status":"closed","template":"careers-landing-page.php","meta":{"_acf_changed":false,"footnotes":"","_links_to":"","_links_to_target":""},"class_list":["post-1546","page","type-page","status-publish","has-post-thumbnail","hentry"],"acf":[],"yoast_head":"<!-- This site is optimized with the Yoast SEO plugin v26.8 - https:\/\/yoast.com\/product\/yoast-seo-wordpress\/ -->\n<title>Carreras | Atul<\/title>\n<meta name=\"robots\" content=\"index, follow, max-snippet:-1, max-image-preview:large, max-video-preview:-1\" \/>\n<link rel=\"canonical\" href=\"http:\/\/13.127.36.189\/spanish\/careers\/\" \/>\n<meta property=\"og:locale\" content=\"en_US\" \/>\n<meta property=\"og:type\" content=\"article\" \/>\n<meta property=\"og:title\" content=\"Carreras | Atul\" \/>\n<meta property=\"og:description\" content=\"Todos nuestros sue\u00f1os pueden hacerse realidad si tenemos el coraje de seguirlos. Walt Disney &nbsp; Filosof\u00eda Ubicamos a la gente antes que los beneficios y los valores antes que los n\u00fameros Explorar &nbsp; Oportunidades Explora las oportunidades con nosotros y&hellip;Read more &#8250;\" \/>\n<meta property=\"og:url\" content=\"http:\/\/13.127.36.189\/spanish\/careers\/\" \/>\n<meta property=\"og:site_name\" content=\"Atul Ltd\" \/>\n<meta property=\"article:modified_time\" content=\"2020-05-06T10:22:06+00:00\" \/>\n<meta property=\"og:image\" content=\"http:\/\/13.127.36.189\/spanish\/wp-content\/uploads\/2019\/02\/career_banner.png\" \/>\n\t<meta property=\"og:image:width\" content=\"1349\" \/>\n\t<meta property=\"og:image:height\" content=\"362\" \/>\n\t<meta property=\"og:image:type\" content=\"image\/png\" \/>\n<meta name=\"twitter:card\" content=\"summary_large_image\" \/>\n<meta name=\"twitter:label1\" content=\"Est. reading time\" \/>\n\t<meta name=\"twitter:data1\" content=\"1 minute\" \/>\n<script type=\"application\/ld+json\" class=\"yoast-schema-graph\">{\"@context\":\"https:\/\/schema.org\",\"@graph\":[{\"@type\":\"WebPage\",\"@id\":\"http:\/\/13.127.36.189\/spanish\/careers\/\",\"url\":\"http:\/\/13.127.36.189\/spanish\/careers\/\",\"name\":\"Carreras | Atul\",\"isPartOf\":{\"@id\":\"http:\/\/13.127.36.189\/spanish\/#website\"},\"primaryImageOfPage\":{\"@id\":\"http:\/\/13.127.36.189\/spanish\/careers\/#primaryimage\"},\"image\":{\"@id\":\"http:\/\/13.127.36.189\/spanish\/careers\/#primaryimage\"},\"thumbnailUrl\":\"https:\/\/www.atul.co.in\/spanish\/wp-content\/uploads\/2019\/02\/career_banner.png\",\"datePublished\":\"2017-04-26T08:04:54+00:00\",\"dateModified\":\"2020-05-06T10:22:06+00:00\",\"breadcrumb\":{\"@id\":\"http:\/\/13.127.36.189\/spanish\/careers\/#breadcrumb\"},\"inLanguage\":\"en-US\",\"potentialAction\":[{\"@type\":\"ReadAction\",\"target\":[\"http:\/\/13.127.36.189\/spanish\/careers\/\"]}]},{\"@type\":\"ImageObject\",\"inLanguage\":\"en-US\",\"@id\":\"http:\/\/13.127.36.189\/spanish\/careers\/#primaryimage\",\"url\":\"https:\/\/www.atul.co.in\/spanish\/wp-content\/uploads\/2019\/02\/career_banner.png\",\"contentUrl\":\"https:\/\/www.atul.co.in\/spanish\/wp-content\/uploads\/2019\/02\/career_banner.png\",\"width\":1349,\"height\":362},{\"@type\":\"BreadcrumbList\",\"@id\":\"http:\/\/13.127.36.189\/spanish\/careers\/#breadcrumb\",\"itemListElement\":[{\"@type\":\"ListItem\",\"position\":1,\"name\":\"Home\",\"item\":\"https:\/\/www.atul.co.in\/spanish\/\"},{\"@type\":\"ListItem\",\"position\":2,\"name\":\"Carreras\"}]},{\"@type\":\"WebSite\",\"@id\":\"http:\/\/13.127.36.189\/spanish\/#website\",\"url\":\"http:\/\/13.127.36.189\/spanish\/\",\"name\":\"Atul Ltd\",\"description\":\"\",\"potentialAction\":[{\"@type\":\"SearchAction\",\"target\":{\"@type\":\"EntryPoint\",\"urlTemplate\":\"http:\/\/13.127.36.189\/spanish\/?s={search_term_string}\"},\"query-input\":{\"@type\":\"PropertyValueSpecification\",\"valueRequired\":true,\"valueName\":\"search_term_string\"}}],\"inLanguage\":\"en-US\"}]}<\/script>\n<!-- \/ Yoast SEO plugin. -->","yoast_head_json":{"title":"Carreras | Atul","robots":{"index":"index","follow":"follow","max-snippet":"max-snippet:-1","max-image-preview":"max-image-preview:large","max-video-preview":"max-video-preview:-1"},"canonical":"http:\/\/13.127.36.189\/spanish\/careers\/","og_locale":"en_US","og_type":"article","og_title":"Carreras | Atul","og_description":"Todos nuestros sue\u00f1os pueden hacerse realidad si tenemos el coraje de seguirlos. Walt Disney &nbsp; Filosof\u00eda Ubicamos a la gente antes que los beneficios y los valores antes que los n\u00fameros Explorar &nbsp; Oportunidades Explora las oportunidades con nosotros y&hellip;Read more &#8250;","og_url":"http:\/\/13.127.36.189\/spanish\/careers\/","og_site_name":"Atul Ltd","article_modified_time":"2020-05-06T10:22:06+00:00","og_image":[{"width":1349,"height":362,"url":"http:\/\/13.127.36.189\/spanish\/wp-content\/uploads\/2019\/02\/career_banner.png","type":"image\/png"}],"twitter_card":"summary_large_image","twitter_misc":{"Est. reading time":"1 minute"},"schema":{"@context":"https:\/\/schema.org","@graph":[{"@type":"WebPage","@id":"http:\/\/13.127.36.189\/spanish\/careers\/","url":"http:\/\/13.127.36.189\/spanish\/careers\/","name":"Carreras | Atul","isPartOf":{"@id":"http:\/\/13.127.36.189\/spanish\/#website"},"primaryImageOfPage":{"@id":"http:\/\/13.127.36.189\/spanish\/careers\/#primaryimage"},"image":{"@id":"http:\/\/13.127.36.189\/spanish\/careers\/#primaryimage"},"thumbnailUrl":"https:\/\/www.atul.co.in\/spanish\/wp-content\/uploads\/2019\/02\/career_banner.png","datePublished":"2017-04-26T08:04:54+00:00","dateModified":"2020-05-06T10:22:06+00:00","breadcrumb":{"@id":"http:\/\/13.127.36.189\/spanish\/careers\/#breadcrumb"},"inLanguage":"en-US","potentialAction":[{"@type":"ReadAction","target":["http:\/\/13.127.36.189\/spanish\/careers\/"]}]},{"@type":"ImageObject","inLanguage":"en-US","@id":"http:\/\/13.127.36.189\/spanish\/careers\/#primaryimage","url":"https:\/\/www.atul.co.in\/spanish\/wp-content\/uploads\/2019\/02\/career_banner.png","contentUrl":"https:\/\/www.atul.co.in\/spanish\/wp-content\/uploads\/2019\/02\/career_banner.png","width":1349,"height":362},{"@type":"BreadcrumbList","@id":"http:\/\/13.127.36.189\/spanish\/careers\/#breadcrumb","itemListElement":[{"@type":"ListItem","position":1,"name":"Home","item":"https:\/\/www.atul.co.in\/spanish\/"},{"@type":"ListItem","position":2,"name":"Carreras"}]},{"@type":"WebSite","@id":"http:\/\/13.127.36.189\/spanish\/#website","url":"http:\/\/13.127.36.189\/spanish\/","name":"Atul Ltd","description":"","potentialAction":[{"@type":"SearchAction","target":{"@type":"EntryPoint","urlTemplate":"http:\/\/13.127.36.189\/spanish\/?s={search_term_string}"},"query-input":{"@type":"PropertyValueSpecification","valueRequired":true,"valueName":"search_term_string"}}],"inLanguage":"en-US"}]}},"_links":{"self":[{"href":"https:\/\/www.atul.co.in\/spanish\/wp-json\/wp\/v2\/pages\/1546","targetHints":{"allow":["GET"]}}],"collection":[{"href":"https:\/\/www.atul.co.in\/spanish\/wp-json\/wp\/v2\/pages"}],"about":[{"href":"https:\/\/www.atul.co.in\/spanish\/wp-json\/wp\/v2\/types\/page"}],"author":[{"embeddable":true,"href":"https:\/\/www.atul.co.in\/spanish\/wp-json\/wp\/v2\/users\/1"}],"replies":[{"embeddable":true,"href":"https:\/\/www.atul.co.in\/spanish\/wp-json\/wp\/v2\/comments?post=1546"}],"version-history":[{"count":0,"href":"https:\/\/www.atul.co.in\/spanish\/wp-json\/wp\/v2\/pages\/1546\/revisions"}],"wp:featuredmedia":[{"embeddable":true,"href":"https:\/\/www.atul.co.in\/spanish\/wp-json\/wp\/v2\/media\/6326"}],"wp:attachment":[{"href":"https:\/\/www.atul.co.in\/spanish\/wp-json\/wp\/v2\/media?parent=1546"}],"curies":[{"name":"wp","href":"https:\/\/api.w.org\/{rel}","templated":true}]}}