{"id":1570,"date":"2017-05-04T11:48:59","date_gmt":"2017-05-04T11:48:59","guid":{"rendered":"http:\/\/43.242.212.212\/~atulco\/?page_id=1570"},"modified":"2020-06-11T11:38:17","modified_gmt":"2020-06-11T06:08:17","slug":"cropcareabout","status":"publish","type":"page","link":"https:\/\/www.atul.co.in\/spanish\/cropcare\/about","title":{"rendered":"Protecci\u00f3n de Cultivos y Productos Qu\u00edmicos A Granel"},"content":{"rendered":"<div class=\"container\">\n<p  align=\"justify\">\n<div class=\"about-text\">\n<p  align=\"justify\">La Empresa de Protecci\u00f3n de Cultivos se estableci\u00f3 en 1967 para cumplir con los requisitos de la Industria Agr\u00edcola de la India. La Empresa cuenta con una diversa gama de productos que incluye herbicidas Fenoxi, herbicidas de Urea, herbicidas de Sulfonilureas, herbicidas FOP y Neonicotinoides.<\/p>\n<p  align=\"justify\">Las instalaciones de fabricaci\u00f3n e investigaci\u00f3n se encuentran en Atul, Gujarat. La Empresa ofrece instalaciones para la fabricaci\u00f3n por contrato de varios productos intermedios y finales.<\/p>\n<p  align=\"justify\">Con una amplia gama de 45 productos que abarcan las principales categor\u00edas de herbicidas, insecticidas y fungicidas, la Protecci\u00f3n de Cultivos y Productos Qu\u00edmicos A Granel atiende a 210 clientes en 62 paises. La Empresa cuenta con conocimientos t\u00e9cnicos para cumplir con los requisitos reglamentarios espec\u00edficos de cada pa\u00eds.<\/p>\n<p  align=\"justify\">La Empresa est\u00e1 certificada por la ISO 9001 e ISO 14001.<\/p>\n<p  align=\"justify\">El equipo est\u00e1 formado por unos 270 miembros.<\/p>\n<\/div>\n<\/div>\n","protected":false},"excerpt":{"rendered":"<p>La Empresa de Protecci\u00f3n de Cultivos se estableci\u00f3 en 1967 para cumplir con los requisitos de la Industria Agr\u00edcola de la India. La Empresa cuenta con una diversa gama de productos que incluye herbicidas Fenoxi, herbicidas de Urea, herbicidas de<span class=\"ellipsis\">&hellip;<\/span><\/p>\n<div class=\"read-more\"><a href=\"https:\/\/www.atul.co.in\/spanish\/cropcare\/about\">Read more &#8250;<\/a><\/div>\n<p><!-- end of .read-more --><\/p>\n","protected":false},"author":1,"featured_media":959,"parent":866,"menu_order":0,"comment_status":"closed","ping_status":"closed","template":"crop-protection-bulk-actives-microsite-pages.php","meta":{"_acf_changed":false,"footnotes":"","_links_to":"","_links_to_target":""},"class_list":["post-1570","page","type-page","status-publish","has-post-thumbnail","hentry"],"acf":[],"yoast_head":"<!-- This site is optimized with the Yoast SEO plugin v26.8 - https:\/\/yoast.com\/product\/yoast-seo-wordpress\/ -->\n<title>Acerca de Protecci\u00f3n de Cultivos y Productos Qu\u00edmicos A Granel | Atul<\/title>\n<meta name=\"robots\" content=\"index, follow, max-snippet:-1, max-image-preview:large, max-video-preview:-1\" \/>\n<link rel=\"canonical\" href=\"http:\/\/13.127.36.189\/spanish\/cropcare\/about\/\" \/>\n<meta property=\"og:locale\" content=\"en_US\" \/>\n<meta property=\"og:type\" content=\"article\" \/>\n<meta property=\"og:title\" content=\"Acerca de Protecci\u00f3n de Cultivos y Productos Qu\u00edmicos A Granel | Atul\" \/>\n<meta property=\"og:description\" content=\"La Empresa de Protecci\u00f3n de Cultivos se estableci\u00f3 en 1967 para cumplir con los requisitos de la Industria Agr\u00edcola de la India. La Empresa cuenta con una diversa gama de productos que incluye herbicidas Fenoxi, herbicidas de Urea, herbicidas de&hellip;Read more &#8250;\" \/>\n<meta property=\"og:url\" content=\"http:\/\/13.127.36.189\/spanish\/cropcare\/about\/\" \/>\n<meta property=\"og:site_name\" content=\"Atul Ltd\" \/>\n<meta property=\"article:modified_time\" content=\"2020-06-11T06:08:17+00:00\" \/>\n<meta property=\"og:image\" content=\"http:\/\/13.127.36.189\/spanish\/wp-content\/uploads\/crop-protection-bulk-actives-banner.png\" \/>\n\t<meta property=\"og:image:width\" content=\"1246\" \/>\n\t<meta property=\"og:image:height\" content=\"400\" \/>\n\t<meta property=\"og:image:type\" content=\"image\/png\" \/>\n<meta name=\"twitter:card\" content=\"summary_large_image\" \/>\n<meta name=\"twitter:label1\" content=\"Est. reading time\" \/>\n\t<meta name=\"twitter:data1\" content=\"1 minute\" \/>\n<script type=\"application\/ld+json\" class=\"yoast-schema-graph\">{\"@context\":\"https:\/\/schema.org\",\"@graph\":[{\"@type\":\"WebPage\",\"@id\":\"http:\/\/13.127.36.189\/spanish\/cropcare\/about\/\",\"url\":\"http:\/\/13.127.36.189\/spanish\/cropcare\/about\/\",\"name\":\"Acerca de Protecci\u00f3n de Cultivos y Productos Qu\u00edmicos A Granel | Atul\",\"isPartOf\":{\"@id\":\"http:\/\/13.127.36.189\/spanish\/#website\"},\"primaryImageOfPage\":{\"@id\":\"http:\/\/13.127.36.189\/spanish\/cropcare\/about\/#primaryimage\"},\"image\":{\"@id\":\"http:\/\/13.127.36.189\/spanish\/cropcare\/about\/#primaryimage\"},\"thumbnailUrl\":\"https:\/\/www.atul.co.in\/spanish\/wp-content\/uploads\/crop-protection-bulk-actives-banner.png\",\"datePublished\":\"2017-05-04T11:48:59+00:00\",\"dateModified\":\"2020-06-11T06:08:17+00:00\",\"breadcrumb\":{\"@id\":\"http:\/\/13.127.36.189\/spanish\/cropcare\/about\/#breadcrumb\"},\"inLanguage\":\"en-US\",\"potentialAction\":[{\"@type\":\"ReadAction\",\"target\":[\"http:\/\/13.127.36.189\/spanish\/cropcare\/about\/\"]}]},{\"@type\":\"ImageObject\",\"inLanguage\":\"en-US\",\"@id\":\"http:\/\/13.127.36.189\/spanish\/cropcare\/about\/#primaryimage\",\"url\":\"https:\/\/www.atul.co.in\/spanish\/wp-content\/uploads\/crop-protection-bulk-actives-banner.png\",\"contentUrl\":\"https:\/\/www.atul.co.in\/spanish\/wp-content\/uploads\/crop-protection-bulk-actives-banner.png\",\"width\":1246,\"height\":400},{\"@type\":\"BreadcrumbList\",\"@id\":\"http:\/\/13.127.36.189\/spanish\/cropcare\/about\/#breadcrumb\",\"itemListElement\":[{\"@type\":\"ListItem\",\"position\":1,\"name\":\"Home\",\"item\":\"https:\/\/www.atul.co.in\/spanish\/\"},{\"@type\":\"ListItem\",\"position\":2,\"name\":\"Crop Protection Bulk Actives\",\"item\":\"\/\"},{\"@type\":\"ListItem\",\"position\":3,\"name\":\"Protecci\u00f3n de Cultivos y Productos Qu\u00edmicos A Granel\"}]},{\"@type\":\"WebSite\",\"@id\":\"http:\/\/13.127.36.189\/spanish\/#website\",\"url\":\"http:\/\/13.127.36.189\/spanish\/\",\"name\":\"Atul Ltd\",\"description\":\"\",\"potentialAction\":[{\"@type\":\"SearchAction\",\"target\":{\"@type\":\"EntryPoint\",\"urlTemplate\":\"http:\/\/13.127.36.189\/spanish\/?s={search_term_string}\"},\"query-input\":{\"@type\":\"PropertyValueSpecification\",\"valueRequired\":true,\"valueName\":\"search_term_string\"}}],\"inLanguage\":\"en-US\"}]}<\/script>\n<!-- \/ Yoast SEO plugin. -->","yoast_head_json":{"title":"Acerca de Protecci\u00f3n de Cultivos y Productos Qu\u00edmicos A Granel | Atul","robots":{"index":"index","follow":"follow","max-snippet":"max-snippet:-1","max-image-preview":"max-image-preview:large","max-video-preview":"max-video-preview:-1"},"canonical":"http:\/\/13.127.36.189\/spanish\/cropcare\/about\/","og_locale":"en_US","og_type":"article","og_title":"Acerca de Protecci\u00f3n de Cultivos y Productos Qu\u00edmicos A Granel | Atul","og_description":"La Empresa de Protecci\u00f3n de Cultivos se estableci\u00f3 en 1967 para cumplir con los requisitos de la Industria Agr\u00edcola de la India. La Empresa cuenta con una diversa gama de productos que incluye herbicidas Fenoxi, herbicidas de Urea, herbicidas de&hellip;Read more &#8250;","og_url":"http:\/\/13.127.36.189\/spanish\/cropcare\/about\/","og_site_name":"Atul Ltd","article_modified_time":"2020-06-11T06:08:17+00:00","og_image":[{"width":1246,"height":400,"url":"http:\/\/13.127.36.189\/spanish\/wp-content\/uploads\/crop-protection-bulk-actives-banner.png","type":"image\/png"}],"twitter_card":"summary_large_image","twitter_misc":{"Est. reading time":"1 minute"},"schema":{"@context":"https:\/\/schema.org","@graph":[{"@type":"WebPage","@id":"http:\/\/13.127.36.189\/spanish\/cropcare\/about\/","url":"http:\/\/13.127.36.189\/spanish\/cropcare\/about\/","name":"Acerca de Protecci\u00f3n de Cultivos y Productos Qu\u00edmicos A Granel | Atul","isPartOf":{"@id":"http:\/\/13.127.36.189\/spanish\/#website"},"primaryImageOfPage":{"@id":"http:\/\/13.127.36.189\/spanish\/cropcare\/about\/#primaryimage"},"image":{"@id":"http:\/\/13.127.36.189\/spanish\/cropcare\/about\/#primaryimage"},"thumbnailUrl":"https:\/\/www.atul.co.in\/spanish\/wp-content\/uploads\/crop-protection-bulk-actives-banner.png","datePublished":"2017-05-04T11:48:59+00:00","dateModified":"2020-06-11T06:08:17+00:00","breadcrumb":{"@id":"http:\/\/13.127.36.189\/spanish\/cropcare\/about\/#breadcrumb"},"inLanguage":"en-US","potentialAction":[{"@type":"ReadAction","target":["http:\/\/13.127.36.189\/spanish\/cropcare\/about\/"]}]},{"@type":"ImageObject","inLanguage":"en-US","@id":"http:\/\/13.127.36.189\/spanish\/cropcare\/about\/#primaryimage","url":"https:\/\/www.atul.co.in\/spanish\/wp-content\/uploads\/crop-protection-bulk-actives-banner.png","contentUrl":"https:\/\/www.atul.co.in\/spanish\/wp-content\/uploads\/crop-protection-bulk-actives-banner.png","width":1246,"height":400},{"@type":"BreadcrumbList","@id":"http:\/\/13.127.36.189\/spanish\/cropcare\/about\/#breadcrumb","itemListElement":[{"@type":"ListItem","position":1,"name":"Home","item":"https:\/\/www.atul.co.in\/spanish\/"},{"@type":"ListItem","position":2,"name":"Crop Protection Bulk Actives","item":"\/"},{"@type":"ListItem","position":3,"name":"Protecci\u00f3n de Cultivos y Productos Qu\u00edmicos A Granel"}]},{"@type":"WebSite","@id":"http:\/\/13.127.36.189\/spanish\/#website","url":"http:\/\/13.127.36.189\/spanish\/","name":"Atul Ltd","description":"","potentialAction":[{"@type":"SearchAction","target":{"@type":"EntryPoint","urlTemplate":"http:\/\/13.127.36.189\/spanish\/?s={search_term_string}"},"query-input":{"@type":"PropertyValueSpecification","valueRequired":true,"valueName":"search_term_string"}}],"inLanguage":"en-US"}]}},"_links":{"self":[{"href":"https:\/\/www.atul.co.in\/spanish\/wp-json\/wp\/v2\/pages\/1570","targetHints":{"allow":["GET"]}}],"collection":[{"href":"https:\/\/www.atul.co.in\/spanish\/wp-json\/wp\/v2\/pages"}],"about":[{"href":"https:\/\/www.atul.co.in\/spanish\/wp-json\/wp\/v2\/types\/page"}],"author":[{"embeddable":true,"href":"https:\/\/www.atul.co.in\/spanish\/wp-json\/wp\/v2\/users\/1"}],"replies":[{"embeddable":true,"href":"https:\/\/www.atul.co.in\/spanish\/wp-json\/wp\/v2\/comments?post=1570"}],"version-history":[{"count":0,"href":"https:\/\/www.atul.co.in\/spanish\/wp-json\/wp\/v2\/pages\/1570\/revisions"}],"up":[{"embeddable":true,"href":"https:\/\/www.atul.co.in\/spanish\/wp-json\/wp\/v2\/pages\/866"}],"wp:featuredmedia":[{"embeddable":true,"href":"https:\/\/www.atul.co.in\/spanish\/wp-json\/wp\/v2\/media\/959"}],"wp:attachment":[{"href":"https:\/\/www.atul.co.in\/spanish\/wp-json\/wp\/v2\/media?parent=1570"}],"curies":[{"name":"wp","href":"https:\/\/api.w.org\/{rel}","templated":true}]}}